{"id":879,"date":"2023-01-24T16:16:01","date_gmt":"2023-01-24T15:16:01","guid":{"rendered":"http:\/\/www.sanctachristiana.at\/volksschule-wiener-neustadt\/?page_id=879"},"modified":"2023-09-22T11:20:09","modified_gmt":"2023-09-22T09:20:09","slug":"zusatzangebote","status":"publish","type":"page","link":"https:\/\/www.stachristiana.at\/volksschule-wiener-neustadt\/was-wir-bieten\/zusatzangebote\/","title":{"rendered":"Zusatzangebote"},"content":{"rendered":"\n<figure class=\"wp-block-image size-medium\"><img loading=\"lazy\" decoding=\"async\" width=\"300\" height=\"400\" src=\"https:\/\/www.stachristiana.at\/app\/uploads\/sites\/10\/2023\/01\/uue-englisch-300x400.jpg\" alt=\"\" class=\"wp-image-1316\" srcset=\"https:\/\/www.stachristiana.at\/app\/uploads\/sites\/10\/2023\/01\/uue-englisch-300x400.jpg 300w, https:\/\/www.stachristiana.at\/app\/uploads\/sites\/10\/2023\/01\/uue-englisch-345x460.jpg 345w, https:\/\/www.stachristiana.at\/app\/uploads\/sites\/10\/2023\/01\/uue-englisch-56x75.jpg 56w, https:\/\/www.stachristiana.at\/app\/uploads\/sites\/10\/2023\/01\/uue-englisch.jpg 675w\" sizes=\"auto, (max-width: 300px) 100vw, 300px\" \/><\/figure>\n\n\n\n<p><strong>Englisch<\/strong>: Sprachtalente k\u00f6nnen sich hier noch in die englische Sprache vertiefen.<\/p>\n\n\n\n<p><strong>Fit 4 life:<\/strong> Manchmal gibt es soziale Einheiten, es wird bei der Gartenarbeit mitgeholfen, es wird gekocht und gebacken, Stressb\u00e4lle werden gebastelt,&#8230;es gibt immer etwas, was dich f\u00fcrs Leben fit macht.<\/p>\n\n\n\n<figure class=\"wp-block-image size-full is-resized\"><img loading=\"lazy\" decoding=\"async\" src=\"https:\/\/www.stachristiana.at\/app\/uploads\/sites\/10\/2023\/01\/Froeblturm.jpg\" alt=\"\" class=\"wp-image-1352\" style=\"width:419px;height:314px\" width=\"419\" height=\"314\" srcset=\"https:\/\/www.stachristiana.at\/app\/uploads\/sites\/10\/2023\/01\/Froeblturm.jpg 900w, https:\/\/www.stachristiana.at\/app\/uploads\/sites\/10\/2023\/01\/Froeblturm-400x300.jpg 400w, https:\/\/www.stachristiana.at\/app\/uploads\/sites\/10\/2023\/01\/Froeblturm-768x576.jpg 768w, https:\/\/www.stachristiana.at\/app\/uploads\/sites\/10\/2023\/01\/Froeblturm-613x460.jpg 613w, https:\/\/www.stachristiana.at\/app\/uploads\/sites\/10\/2023\/01\/Froeblturm-100x75.jpg 100w\" sizes=\"auto, (max-width: 419px) 100vw, 419px\" \/><\/figure>\n\n\n\n<p><strong>Digitale Grundbildung<\/strong>: Den Horizont am PC erweitern, macht den Kindern gro\u00dfen Spa\u00df.<\/p>\n\n\n\n<figure class=\"wp-block-image size-full is-resized\"><img loading=\"lazy\" decoding=\"async\" src=\"https:\/\/www.stachristiana.at\/app\/uploads\/sites\/10\/2023\/01\/4b_23_PC02.jpg\" alt=\"\" class=\"wp-image-1433\" style=\"width:420px;height:315px\" width=\"420\" height=\"315\" srcset=\"https:\/\/www.stachristiana.at\/app\/uploads\/sites\/10\/2023\/01\/4b_23_PC02.jpg 900w, https:\/\/www.stachristiana.at\/app\/uploads\/sites\/10\/2023\/01\/4b_23_PC02-400x300.jpg 400w, https:\/\/www.stachristiana.at\/app\/uploads\/sites\/10\/2023\/01\/4b_23_PC02-768x576.jpg 768w, https:\/\/www.stachristiana.at\/app\/uploads\/sites\/10\/2023\/01\/4b_23_PC02-613x460.jpg 613w, https:\/\/www.stachristiana.at\/app\/uploads\/sites\/10\/2023\/01\/4b_23_PC02-100x75.jpg 100w\" sizes=\"auto, (max-width: 420px) 100vw, 420px\" \/><\/figure>\n\n\n\n<p><strong>Bewegung und Sport<\/strong>: Neben \u00dcbungen an den Ger\u00e4ten, Leichtathletik, Koordinationstraining, Spielen, gehen die Kinder auch zus\u00e4tzlich im Winter auf den Eislaufplatz<\/p>\n\n\n\n<figure class=\"wp-block-image size-full is-resized\"><img loading=\"lazy\" decoding=\"async\" src=\"https:\/\/www.stachristiana.at\/app\/uploads\/sites\/10\/2023\/01\/2a_23_BUS-Stationen01.jpg\" alt=\"\" class=\"wp-image-1374\" style=\"width:424px;height:318px\" width=\"424\" height=\"318\" srcset=\"https:\/\/www.stachristiana.at\/app\/uploads\/sites\/10\/2023\/01\/2a_23_BUS-Stationen01.jpg 900w, https:\/\/www.stachristiana.at\/app\/uploads\/sites\/10\/2023\/01\/2a_23_BUS-Stationen01-400x300.jpg 400w, https:\/\/www.stachristiana.at\/app\/uploads\/sites\/10\/2023\/01\/2a_23_BUS-Stationen01-768x576.jpg 768w, https:\/\/www.stachristiana.at\/app\/uploads\/sites\/10\/2023\/01\/2a_23_BUS-Stationen01-613x460.jpg 613w, https:\/\/www.stachristiana.at\/app\/uploads\/sites\/10\/2023\/01\/2a_23_BUS-Stationen01-100x75.jpg 100w\" sizes=\"auto, (max-width: 424px) 100vw, 424px\" \/><\/figure>\n","protected":false},"excerpt":{"rendered":"<p>Englisch: Sprachtalente k\u00f6nnen sich hier noch in die englische Sprache vertiefen. Fit 4 life: Manchmal gibt es soziale Einheiten, es wird bei der Gartenarbeit mitgeholfen, es wird gekocht und gebacken, Stressb\u00e4lle werden gebastelt,&#8230;es gibt immer etwas, was dich f\u00fcrs Leben fit macht. Digitale Grundbildung: Den Horizont am PC erweitern, macht den Kindern gro\u00dfen Spa\u00df. Bewegung [&hellip;]<\/p>\n","protected":false},"author":5,"featured_media":0,"parent":144,"menu_order":4,"comment_status":"closed","ping_status":"closed","template":"","meta":{"footnotes":""},"class_list":["post-879","page","type-page","status-publish","hentry"],"acf":[],"yoast_head":"<!-- This site is optimized with the Yoast SEO plugin v26.8 - https:\/\/yoast.com\/product\/yoast-seo-wordpress\/ -->\n<title>Zusatzangebote - Volksschule Wr. Neustadt<\/title>\n<meta name=\"robots\" content=\"index, follow, max-snippet:-1, max-image-preview:large, max-video-preview:-1\" \/>\n<link rel=\"canonical\" href=\"https:\/\/www.stachristiana.at\/volksschule-wiener-neustadt\/was-wir-bieten\/zusatzangebote\/\" \/>\n<meta property=\"og:locale\" content=\"de_DE\" \/>\n<meta property=\"og:type\" content=\"article\" \/>\n<meta property=\"og:title\" content=\"Zusatzangebote - Volksschule Wr. Neustadt\" \/>\n<meta property=\"og:description\" content=\"Englisch: Sprachtalente k\u00f6nnen sich hier noch in die englische Sprache vertiefen. Fit 4 life: Manchmal gibt es soziale Einheiten, es wird bei der Gartenarbeit mitgeholfen, es wird gekocht und gebacken, Stressb\u00e4lle werden gebastelt,&#8230;es gibt immer etwas, was dich f\u00fcrs Leben fit macht. Digitale Grundbildung: Den Horizont am PC erweitern, macht den Kindern gro\u00dfen Spa\u00df. Bewegung [&hellip;]\" \/>\n<meta property=\"og:url\" content=\"https:\/\/www.stachristiana.at\/volksschule-wiener-neustadt\/was-wir-bieten\/zusatzangebote\/\" \/>\n<meta property=\"og:site_name\" content=\"Volksschule Wr. Neustadt\" \/>\n<meta property=\"article:modified_time\" content=\"2023-09-22T09:20:09+00:00\" \/>\n<meta property=\"og:image\" content=\"https:\/\/www.stachristiana.at\/app\/uploads\/sites\/10\/2023\/01\/uue-englisch-300x400.jpg\" \/>\n<meta name=\"twitter:card\" content=\"summary_large_image\" \/>\n<meta name=\"twitter:label1\" content=\"Gesch\u00e4tzte Lesezeit\" \/>\n\t<meta name=\"twitter:data1\" content=\"2\u00a0Minuten\" \/>\n<script type=\"application\/ld+json\" class=\"yoast-schema-graph\">{\"@context\":\"https:\/\/schema.org\",\"@graph\":[{\"@type\":\"WebPage\",\"@id\":\"https:\/\/www.stachristiana.at\/volksschule-wiener-neustadt\/was-wir-bieten\/zusatzangebote\/\",\"url\":\"https:\/\/www.stachristiana.at\/volksschule-wiener-neustadt\/was-wir-bieten\/zusatzangebote\/\",\"name\":\"Zusatzangebote - Volksschule Wr. Neustadt\",\"isPartOf\":{\"@id\":\"https:\/\/www.stachristiana.at\/volksschule-wiener-neustadt\/#website\"},\"primaryImageOfPage\":{\"@id\":\"https:\/\/www.stachristiana.at\/volksschule-wiener-neustadt\/was-wir-bieten\/zusatzangebote\/#primaryimage\"},\"image\":{\"@id\":\"https:\/\/www.stachristiana.at\/volksschule-wiener-neustadt\/was-wir-bieten\/zusatzangebote\/#primaryimage\"},\"thumbnailUrl\":\"https:\/\/www.stachristiana.at\/app\/uploads\/sites\/10\/2023\/01\/uue-englisch-300x400.jpg\",\"datePublished\":\"2023-01-24T15:16:01+00:00\",\"dateModified\":\"2023-09-22T09:20:09+00:00\",\"breadcrumb\":{\"@id\":\"https:\/\/www.stachristiana.at\/volksschule-wiener-neustadt\/was-wir-bieten\/zusatzangebote\/#breadcrumb\"},\"inLanguage\":\"de\",\"potentialAction\":[{\"@type\":\"ReadAction\",\"target\":[\"https:\/\/www.stachristiana.at\/volksschule-wiener-neustadt\/was-wir-bieten\/zusatzangebote\/\"]}]},{\"@type\":\"ImageObject\",\"inLanguage\":\"de\",\"@id\":\"https:\/\/www.stachristiana.at\/volksschule-wiener-neustadt\/was-wir-bieten\/zusatzangebote\/#primaryimage\",\"url\":\"https:\/\/www.stachristiana.at\/app\/uploads\/sites\/10\/2023\/01\/uue-englisch-300x400.jpg\",\"contentUrl\":\"https:\/\/www.stachristiana.at\/app\/uploads\/sites\/10\/2023\/01\/uue-englisch-300x400.jpg\"},{\"@type\":\"BreadcrumbList\",\"@id\":\"https:\/\/www.stachristiana.at\/volksschule-wiener-neustadt\/was-wir-bieten\/zusatzangebote\/#breadcrumb\",\"itemListElement\":[{\"@type\":\"ListItem\",\"position\":1,\"name\":\"Start\",\"item\":\"https:\/\/www.stachristiana.at\/\"},{\"@type\":\"ListItem\",\"position\":2,\"name\":\"Was wir bieten\",\"item\":\"https:\/\/www.stachristiana.at\/volksschule-wiener-neustadt\/was-wir-bieten\/\"},{\"@type\":\"ListItem\",\"position\":3,\"name\":\"Zusatzangebote\"}]},{\"@type\":\"WebSite\",\"@id\":\"https:\/\/www.stachristiana.at\/volksschule-wiener-neustadt\/#website\",\"url\":\"https:\/\/www.stachristiana.at\/volksschule-wiener-neustadt\/\",\"name\":\"Sta. Christiana - Private Volksschule Wr. Neustadt\",\"description\":\"Sta. Christiana - Schulen zum Leben\",\"publisher\":{\"@id\":\"https:\/\/www.stachristiana.at\/volksschule-wiener-neustadt\/#organization\"},\"alternateName\":\"Private Volksschule Wr. Neustadt\",\"potentialAction\":[{\"@type\":\"SearchAction\",\"target\":{\"@type\":\"EntryPoint\",\"urlTemplate\":\"https:\/\/www.stachristiana.at\/volksschule-wiener-neustadt\/?s={search_term_string}\"},\"query-input\":{\"@type\":\"PropertyValueSpecification\",\"valueRequired\":true,\"valueName\":\"search_term_string\"}}],\"inLanguage\":\"de\"},{\"@type\":\"Organization\",\"@id\":\"https:\/\/www.stachristiana.at\/volksschule-wiener-neustadt\/#organization\",\"name\":\"Sta. Christiana - Private Volksschule Wr. Neustadt\",\"alternateName\":\"Private Volksschule Wr. Neustadt\",\"url\":\"https:\/\/www.stachristiana.at\/volksschule-wiener-neustadt\/\",\"logo\":{\"@type\":\"ImageObject\",\"inLanguage\":\"de\",\"@id\":\"https:\/\/www.stachristiana.at\/volksschule-wiener-neustadt\/#\/schema\/logo\/image\/\",\"url\":\"https:\/\/www.stachristiana.at\/app\/uploads\/sites\/10\/2022\/05\/logo-sta-christiana.png\",\"contentUrl\":\"https:\/\/www.stachristiana.at\/app\/uploads\/sites\/10\/2022\/05\/logo-sta-christiana.png\",\"width\":1200,\"height\":491,\"caption\":\"Sta. Christiana - Private Volksschule Wr. Neustadt\"},\"image\":{\"@id\":\"https:\/\/www.stachristiana.at\/volksschule-wiener-neustadt\/#\/schema\/logo\/image\/\"}}]}<\/script>\n<!-- \/ Yoast SEO plugin. -->","yoast_head_json":{"title":"Zusatzangebote - Volksschule Wr. Neustadt","robots":{"index":"index","follow":"follow","max-snippet":"max-snippet:-1","max-image-preview":"max-image-preview:large","max-video-preview":"max-video-preview:-1"},"canonical":"https:\/\/www.stachristiana.at\/volksschule-wiener-neustadt\/was-wir-bieten\/zusatzangebote\/","og_locale":"de_DE","og_type":"article","og_title":"Zusatzangebote - Volksschule Wr. Neustadt","og_description":"Englisch: Sprachtalente k\u00f6nnen sich hier noch in die englische Sprache vertiefen. Fit 4 life: Manchmal gibt es soziale Einheiten, es wird bei der Gartenarbeit mitgeholfen, es wird gekocht und gebacken, Stressb\u00e4lle werden gebastelt,&#8230;es gibt immer etwas, was dich f\u00fcrs Leben fit macht. Digitale Grundbildung: Den Horizont am PC erweitern, macht den Kindern gro\u00dfen Spa\u00df. Bewegung [&hellip;]","og_url":"https:\/\/www.stachristiana.at\/volksschule-wiener-neustadt\/was-wir-bieten\/zusatzangebote\/","og_site_name":"Volksschule Wr. Neustadt","article_modified_time":"2023-09-22T09:20:09+00:00","og_image":[{"url":"https:\/\/www.stachristiana.at\/app\/uploads\/sites\/10\/2023\/01\/uue-englisch-300x400.jpg","type":"","width":"","height":""}],"twitter_card":"summary_large_image","twitter_misc":{"Gesch\u00e4tzte Lesezeit":"2\u00a0Minuten"},"schema":{"@context":"https:\/\/schema.org","@graph":[{"@type":"WebPage","@id":"https:\/\/www.stachristiana.at\/volksschule-wiener-neustadt\/was-wir-bieten\/zusatzangebote\/","url":"https:\/\/www.stachristiana.at\/volksschule-wiener-neustadt\/was-wir-bieten\/zusatzangebote\/","name":"Zusatzangebote - Volksschule Wr. Neustadt","isPartOf":{"@id":"https:\/\/www.stachristiana.at\/volksschule-wiener-neustadt\/#website"},"primaryImageOfPage":{"@id":"https:\/\/www.stachristiana.at\/volksschule-wiener-neustadt\/was-wir-bieten\/zusatzangebote\/#primaryimage"},"image":{"@id":"https:\/\/www.stachristiana.at\/volksschule-wiener-neustadt\/was-wir-bieten\/zusatzangebote\/#primaryimage"},"thumbnailUrl":"https:\/\/www.stachristiana.at\/app\/uploads\/sites\/10\/2023\/01\/uue-englisch-300x400.jpg","datePublished":"2023-01-24T15:16:01+00:00","dateModified":"2023-09-22T09:20:09+00:00","breadcrumb":{"@id":"https:\/\/www.stachristiana.at\/volksschule-wiener-neustadt\/was-wir-bieten\/zusatzangebote\/#breadcrumb"},"inLanguage":"de","potentialAction":[{"@type":"ReadAction","target":["https:\/\/www.stachristiana.at\/volksschule-wiener-neustadt\/was-wir-bieten\/zusatzangebote\/"]}]},{"@type":"ImageObject","inLanguage":"de","@id":"https:\/\/www.stachristiana.at\/volksschule-wiener-neustadt\/was-wir-bieten\/zusatzangebote\/#primaryimage","url":"https:\/\/www.stachristiana.at\/app\/uploads\/sites\/10\/2023\/01\/uue-englisch-300x400.jpg","contentUrl":"https:\/\/www.stachristiana.at\/app\/uploads\/sites\/10\/2023\/01\/uue-englisch-300x400.jpg"},{"@type":"BreadcrumbList","@id":"https:\/\/www.stachristiana.at\/volksschule-wiener-neustadt\/was-wir-bieten\/zusatzangebote\/#breadcrumb","itemListElement":[{"@type":"ListItem","position":1,"name":"Start","item":"https:\/\/www.stachristiana.at\/"},{"@type":"ListItem","position":2,"name":"Was wir bieten","item":"https:\/\/www.stachristiana.at\/volksschule-wiener-neustadt\/was-wir-bieten\/"},{"@type":"ListItem","position":3,"name":"Zusatzangebote"}]},{"@type":"WebSite","@id":"https:\/\/www.stachristiana.at\/volksschule-wiener-neustadt\/#website","url":"https:\/\/www.stachristiana.at\/volksschule-wiener-neustadt\/","name":"Sta. Christiana - Private Volksschule Wr. Neustadt","description":"Sta. Christiana - Schulen zum Leben","publisher":{"@id":"https:\/\/www.stachristiana.at\/volksschule-wiener-neustadt\/#organization"},"alternateName":"Private Volksschule Wr. Neustadt","potentialAction":[{"@type":"SearchAction","target":{"@type":"EntryPoint","urlTemplate":"https:\/\/www.stachristiana.at\/volksschule-wiener-neustadt\/?s={search_term_string}"},"query-input":{"@type":"PropertyValueSpecification","valueRequired":true,"valueName":"search_term_string"}}],"inLanguage":"de"},{"@type":"Organization","@id":"https:\/\/www.stachristiana.at\/volksschule-wiener-neustadt\/#organization","name":"Sta. Christiana - Private Volksschule Wr. Neustadt","alternateName":"Private Volksschule Wr. Neustadt","url":"https:\/\/www.stachristiana.at\/volksschule-wiener-neustadt\/","logo":{"@type":"ImageObject","inLanguage":"de","@id":"https:\/\/www.stachristiana.at\/volksschule-wiener-neustadt\/#\/schema\/logo\/image\/","url":"https:\/\/www.stachristiana.at\/app\/uploads\/sites\/10\/2022\/05\/logo-sta-christiana.png","contentUrl":"https:\/\/www.stachristiana.at\/app\/uploads\/sites\/10\/2022\/05\/logo-sta-christiana.png","width":1200,"height":491,"caption":"Sta. Christiana - Private Volksschule Wr. Neustadt"},"image":{"@id":"https:\/\/www.stachristiana.at\/volksschule-wiener-neustadt\/#\/schema\/logo\/image\/"}}]}},"_links":{"self":[{"href":"https:\/\/www.stachristiana.at\/volksschule-wiener-neustadt\/wp-json\/wp\/v2\/pages\/879","targetHints":{"allow":["GET"]}}],"collection":[{"href":"https:\/\/www.stachristiana.at\/volksschule-wiener-neustadt\/wp-json\/wp\/v2\/pages"}],"about":[{"href":"https:\/\/www.stachristiana.at\/volksschule-wiener-neustadt\/wp-json\/wp\/v2\/types\/page"}],"author":[{"embeddable":true,"href":"https:\/\/www.stachristiana.at\/volksschule-wiener-neustadt\/wp-json\/wp\/v2\/users\/5"}],"replies":[{"embeddable":true,"href":"https:\/\/www.stachristiana.at\/volksschule-wiener-neustadt\/wp-json\/wp\/v2\/comments?post=879"}],"version-history":[{"count":6,"href":"https:\/\/www.stachristiana.at\/volksschule-wiener-neustadt\/wp-json\/wp\/v2\/pages\/879\/revisions"}],"predecessor-version":[{"id":3607,"href":"https:\/\/www.stachristiana.at\/volksschule-wiener-neustadt\/wp-json\/wp\/v2\/pages\/879\/revisions\/3607"}],"up":[{"embeddable":true,"href":"https:\/\/www.stachristiana.at\/volksschule-wiener-neustadt\/wp-json\/wp\/v2\/pages\/144"}],"wp:attachment":[{"href":"https:\/\/www.stachristiana.at\/volksschule-wiener-neustadt\/wp-json\/wp\/v2\/media?parent=879"}],"curies":[{"name":"wp","href":"https:\/\/api.w.org\/{rel}","templated":true}]}}