{"id":877,"date":"2023-01-24T16:14:34","date_gmt":"2023-01-24T15:14:34","guid":{"rendered":"http:\/\/www.sanctachristiana.at\/volksschule-wiener-neustadt\/?page_id=877"},"modified":"2025-03-24T08:59:46","modified_gmt":"2025-03-24T07:59:46","slug":"elternverein","status":"publish","type":"page","link":"https:\/\/www.stachristiana.at\/volksschule-wiener-neustadt\/wer-wir-sind\/elternverein\/","title":{"rendered":"Elternverein"},"content":{"rendered":"\n<p><strong>Aufgaben des Elternvereins<\/strong><\/p>\n\n\n\n<ul class=\"wp-block-list\">\n<li>Bindeglied zwischen Kindern, Eltern und Direktion\/P\u00e4dagogInnen<\/li>\n\n\n\n<li>Finanzielle Unterst\u00fctzung der Schule bei der Ausstattung mit Lehr- und Lernbehelfen<\/li>\n\n\n\n<li>F\u00f6rderung der Kommunikation, Abhaltung von Sitzungen sowie Versammlungen und Pr\u00e4senz auf diversen Veranstaltungen<\/li>\n\n\n\n<li>Organisatorische Unterst\u00fctzung bei der Gestaltung von Elternsprechtagen, Tag der offenen T\u00fcr, Weihnachtsfeiern, Schulfesten, Buchausstellungen und sonstigen Schulevents<\/li>\n\n\n\n<li>Unterst\u00fctzung bei der Suche nach Sponsoren<\/li>\n<\/ul>\n\n\n\n<p><strong>Der Vorstand des Elternvereins an der Volksschule Sta. Christiana setzt sich nach der Wahl bei der Generalversammlung im Oktober 2024 wie folgt zusammen:<\/strong><\/p>\n\n\n\n<div class=\"wp-block-columns is-layout-flex wp-container-core-columns-is-layout-28f84493 wp-block-columns-is-layout-flex\">\n<div class=\"wp-block-column is-layout-flow wp-block-column-is-layout-flow\">\n<figure class=\"wp-block-image aligncenter size-large is-resized\"><img loading=\"lazy\" decoding=\"async\" width=\"768\" height=\"1024\" src=\"https:\/\/www.stachristiana.at\/app\/uploads\/sites\/10\/2023\/01\/Rund-um_Elternverein4-2-2-768x1024.jpg\" alt=\"\" class=\"wp-image-1236\" style=\"width:227px;height:303px\" srcset=\"https:\/\/www.stachristiana.at\/app\/uploads\/sites\/10\/2023\/01\/Rund-um_Elternverein4-2-2-768x1024.jpg 768w, https:\/\/www.stachristiana.at\/app\/uploads\/sites\/10\/2023\/01\/Rund-um_Elternverein4-2-2-300x400.jpg 300w, https:\/\/www.stachristiana.at\/app\/uploads\/sites\/10\/2023\/01\/Rund-um_Elternverein4-2-2-345x460.jpg 345w, https:\/\/www.stachristiana.at\/app\/uploads\/sites\/10\/2023\/01\/Rund-um_Elternverein4-2-2-56x75.jpg 56w, https:\/\/www.stachristiana.at\/app\/uploads\/sites\/10\/2023\/01\/Rund-um_Elternverein4-2-2.jpg 900w\" sizes=\"auto, (max-width: 768px) 100vw, 768px\" \/><\/figure>\n<\/div>\n\n\n\n<div class=\"wp-block-column is-layout-flow wp-block-column-is-layout-flow\">\n<p><\/p>\n\n\n\n<p>Obfrau: Nicole Warren<br><a href=\"mailto:nicole.warren@outlook.com,\">nicole.warren@outlook.com,<\/a> 0660\/3470495<br><br>Obfrau Stv.: Daniela W\u00f6ckel<br>Kassierin: <br>Kassierin Stv.: <br>Schriftf\u00fchrer: <br>Schriftf\u00fchrer Stv.: Bernhard Platzer<br>Schriftf\u00fchrer Stv.: Harald G\u00f6lles<br>1. Rechnungspr\u00fcfer: Stefan Bauer<br>2.Rechnungspr\u00fcfer: Antonia Kern<\/p>\n<\/div>\n<\/div>\n","protected":false},"excerpt":{"rendered":"<p>Aufgaben des Elternvereins Der Vorstand des Elternvereins an der Volksschule Sta. Christiana setzt sich nach der Wahl bei der Generalversammlung im Oktober 2024 wie folgt zusammen: Obfrau: Nicole Warrennicole.warren@outlook.com, 0660\/3470495 Obfrau Stv.: Daniela W\u00f6ckelKassierin: Kassierin Stv.: Schriftf\u00fchrer: Schriftf\u00fchrer Stv.: Bernhard PlatzerSchriftf\u00fchrer Stv.: Harald G\u00f6lles1. Rechnungspr\u00fcfer: Stefan Bauer2.Rechnungspr\u00fcfer: Antonia Kern<\/p>\n","protected":false},"author":5,"featured_media":0,"parent":73,"menu_order":5,"comment_status":"closed","ping_status":"closed","template":"","meta":{"footnotes":""},"class_list":["post-877","page","type-page","status-publish","hentry"],"acf":[],"yoast_head":"<!-- This site is optimized with the Yoast SEO plugin v26.8 - https:\/\/yoast.com\/product\/yoast-seo-wordpress\/ -->\n<title>Elternverein - Volksschule Wr. Neustadt<\/title>\n<meta name=\"robots\" content=\"index, follow, max-snippet:-1, max-image-preview:large, max-video-preview:-1\" \/>\n<link rel=\"canonical\" href=\"https:\/\/www.stachristiana.at\/volksschule-wiener-neustadt\/wer-wir-sind\/elternverein\/\" \/>\n<meta property=\"og:locale\" content=\"de_DE\" \/>\n<meta property=\"og:type\" content=\"article\" \/>\n<meta property=\"og:title\" content=\"Elternverein - Volksschule Wr. Neustadt\" \/>\n<meta property=\"og:description\" content=\"Aufgaben des Elternvereins Der Vorstand des Elternvereins an der Volksschule Sta. Christiana setzt sich nach der Wahl bei der Generalversammlung im Oktober 2024 wie folgt zusammen: Obfrau: Nicole Warrennicole.warren@outlook.com, 0660\/3470495 Obfrau Stv.: Daniela W\u00f6ckelKassierin: Kassierin Stv.: Schriftf\u00fchrer: Schriftf\u00fchrer Stv.: Bernhard PlatzerSchriftf\u00fchrer Stv.: Harald G\u00f6lles1. Rechnungspr\u00fcfer: Stefan Bauer2.Rechnungspr\u00fcfer: Antonia Kern\" \/>\n<meta property=\"og:url\" content=\"https:\/\/www.stachristiana.at\/volksschule-wiener-neustadt\/wer-wir-sind\/elternverein\/\" \/>\n<meta property=\"og:site_name\" content=\"Volksschule Wr. Neustadt\" \/>\n<meta property=\"article:modified_time\" content=\"2025-03-24T07:59:46+00:00\" \/>\n<meta property=\"og:image\" content=\"https:\/\/www.stachristiana.at\/app\/uploads\/sites\/10\/2023\/01\/Rund-um_Elternverein4-2-2.jpg\" \/>\n\t<meta property=\"og:image:width\" content=\"900\" \/>\n\t<meta property=\"og:image:height\" content=\"1200\" \/>\n\t<meta property=\"og:image:type\" content=\"image\/jpeg\" \/>\n<meta name=\"twitter:card\" content=\"summary_large_image\" \/>\n<meta name=\"twitter:label1\" content=\"Gesch\u00e4tzte Lesezeit\" \/>\n\t<meta name=\"twitter:data1\" content=\"1\u00a0Minute\" \/>\n<script type=\"application\/ld+json\" class=\"yoast-schema-graph\">{\"@context\":\"https:\/\/schema.org\",\"@graph\":[{\"@type\":\"WebPage\",\"@id\":\"https:\/\/www.stachristiana.at\/volksschule-wiener-neustadt\/wer-wir-sind\/elternverein\/\",\"url\":\"https:\/\/www.stachristiana.at\/volksschule-wiener-neustadt\/wer-wir-sind\/elternverein\/\",\"name\":\"Elternverein - Volksschule Wr. Neustadt\",\"isPartOf\":{\"@id\":\"https:\/\/www.stachristiana.at\/volksschule-wiener-neustadt\/#website\"},\"primaryImageOfPage\":{\"@id\":\"https:\/\/www.stachristiana.at\/volksschule-wiener-neustadt\/wer-wir-sind\/elternverein\/#primaryimage\"},\"image\":{\"@id\":\"https:\/\/www.stachristiana.at\/volksschule-wiener-neustadt\/wer-wir-sind\/elternverein\/#primaryimage\"},\"thumbnailUrl\":\"https:\/\/www.stachristiana.at\/app\/uploads\/sites\/10\/2023\/01\/Rund-um_Elternverein4-2-2-768x1024.jpg\",\"datePublished\":\"2023-01-24T15:14:34+00:00\",\"dateModified\":\"2025-03-24T07:59:46+00:00\",\"breadcrumb\":{\"@id\":\"https:\/\/www.stachristiana.at\/volksschule-wiener-neustadt\/wer-wir-sind\/elternverein\/#breadcrumb\"},\"inLanguage\":\"de\",\"potentialAction\":[{\"@type\":\"ReadAction\",\"target\":[\"https:\/\/www.stachristiana.at\/volksschule-wiener-neustadt\/wer-wir-sind\/elternverein\/\"]}]},{\"@type\":\"ImageObject\",\"inLanguage\":\"de\",\"@id\":\"https:\/\/www.stachristiana.at\/volksschule-wiener-neustadt\/wer-wir-sind\/elternverein\/#primaryimage\",\"url\":\"https:\/\/www.stachristiana.at\/app\/uploads\/sites\/10\/2023\/01\/Rund-um_Elternverein4-2-2-768x1024.jpg\",\"contentUrl\":\"https:\/\/www.stachristiana.at\/app\/uploads\/sites\/10\/2023\/01\/Rund-um_Elternverein4-2-2-768x1024.jpg\"},{\"@type\":\"BreadcrumbList\",\"@id\":\"https:\/\/www.stachristiana.at\/volksschule-wiener-neustadt\/wer-wir-sind\/elternverein\/#breadcrumb\",\"itemListElement\":[{\"@type\":\"ListItem\",\"position\":1,\"name\":\"Start\",\"item\":\"https:\/\/www.stachristiana.at\/\"},{\"@type\":\"ListItem\",\"position\":2,\"name\":\"Wer wir sind\",\"item\":\"https:\/\/www.stachristiana.at\/volksschule-wiener-neustadt\/wer-wir-sind\/\"},{\"@type\":\"ListItem\",\"position\":3,\"name\":\"Elternverein\"}]},{\"@type\":\"WebSite\",\"@id\":\"https:\/\/www.stachristiana.at\/volksschule-wiener-neustadt\/#website\",\"url\":\"https:\/\/www.stachristiana.at\/volksschule-wiener-neustadt\/\",\"name\":\"Sta. Christiana - Private Volksschule Wr. Neustadt\",\"description\":\"Sta. Christiana - Schulen zum Leben\",\"publisher\":{\"@id\":\"https:\/\/www.stachristiana.at\/volksschule-wiener-neustadt\/#organization\"},\"alternateName\":\"Private Volksschule Wr. Neustadt\",\"potentialAction\":[{\"@type\":\"SearchAction\",\"target\":{\"@type\":\"EntryPoint\",\"urlTemplate\":\"https:\/\/www.stachristiana.at\/volksschule-wiener-neustadt\/?s={search_term_string}\"},\"query-input\":{\"@type\":\"PropertyValueSpecification\",\"valueRequired\":true,\"valueName\":\"search_term_string\"}}],\"inLanguage\":\"de\"},{\"@type\":\"Organization\",\"@id\":\"https:\/\/www.stachristiana.at\/volksschule-wiener-neustadt\/#organization\",\"name\":\"Sta. Christiana - Private Volksschule Wr. Neustadt\",\"alternateName\":\"Private Volksschule Wr. Neustadt\",\"url\":\"https:\/\/www.stachristiana.at\/volksschule-wiener-neustadt\/\",\"logo\":{\"@type\":\"ImageObject\",\"inLanguage\":\"de\",\"@id\":\"https:\/\/www.stachristiana.at\/volksschule-wiener-neustadt\/#\/schema\/logo\/image\/\",\"url\":\"https:\/\/www.stachristiana.at\/app\/uploads\/sites\/10\/2022\/05\/logo-sta-christiana.png\",\"contentUrl\":\"https:\/\/www.stachristiana.at\/app\/uploads\/sites\/10\/2022\/05\/logo-sta-christiana.png\",\"width\":1200,\"height\":491,\"caption\":\"Sta. Christiana - Private Volksschule Wr. Neustadt\"},\"image\":{\"@id\":\"https:\/\/www.stachristiana.at\/volksschule-wiener-neustadt\/#\/schema\/logo\/image\/\"}}]}<\/script>\n<!-- \/ Yoast SEO plugin. -->","yoast_head_json":{"title":"Elternverein - Volksschule Wr. Neustadt","robots":{"index":"index","follow":"follow","max-snippet":"max-snippet:-1","max-image-preview":"max-image-preview:large","max-video-preview":"max-video-preview:-1"},"canonical":"https:\/\/www.stachristiana.at\/volksschule-wiener-neustadt\/wer-wir-sind\/elternverein\/","og_locale":"de_DE","og_type":"article","og_title":"Elternverein - Volksschule Wr. Neustadt","og_description":"Aufgaben des Elternvereins Der Vorstand des Elternvereins an der Volksschule Sta. Christiana setzt sich nach der Wahl bei der Generalversammlung im Oktober 2024 wie folgt zusammen: Obfrau: Nicole Warrennicole.warren@outlook.com, 0660\/3470495 Obfrau Stv.: Daniela W\u00f6ckelKassierin: Kassierin Stv.: Schriftf\u00fchrer: Schriftf\u00fchrer Stv.: Bernhard PlatzerSchriftf\u00fchrer Stv.: Harald G\u00f6lles1. Rechnungspr\u00fcfer: Stefan Bauer2.Rechnungspr\u00fcfer: Antonia Kern","og_url":"https:\/\/www.stachristiana.at\/volksschule-wiener-neustadt\/wer-wir-sind\/elternverein\/","og_site_name":"Volksschule Wr. Neustadt","article_modified_time":"2025-03-24T07:59:46+00:00","og_image":[{"width":900,"height":1200,"url":"https:\/\/www.stachristiana.at\/app\/uploads\/sites\/10\/2023\/01\/Rund-um_Elternverein4-2-2.jpg","type":"image\/jpeg"}],"twitter_card":"summary_large_image","twitter_misc":{"Gesch\u00e4tzte Lesezeit":"1\u00a0Minute"},"schema":{"@context":"https:\/\/schema.org","@graph":[{"@type":"WebPage","@id":"https:\/\/www.stachristiana.at\/volksschule-wiener-neustadt\/wer-wir-sind\/elternverein\/","url":"https:\/\/www.stachristiana.at\/volksschule-wiener-neustadt\/wer-wir-sind\/elternverein\/","name":"Elternverein - Volksschule Wr. Neustadt","isPartOf":{"@id":"https:\/\/www.stachristiana.at\/volksschule-wiener-neustadt\/#website"},"primaryImageOfPage":{"@id":"https:\/\/www.stachristiana.at\/volksschule-wiener-neustadt\/wer-wir-sind\/elternverein\/#primaryimage"},"image":{"@id":"https:\/\/www.stachristiana.at\/volksschule-wiener-neustadt\/wer-wir-sind\/elternverein\/#primaryimage"},"thumbnailUrl":"https:\/\/www.stachristiana.at\/app\/uploads\/sites\/10\/2023\/01\/Rund-um_Elternverein4-2-2-768x1024.jpg","datePublished":"2023-01-24T15:14:34+00:00","dateModified":"2025-03-24T07:59:46+00:00","breadcrumb":{"@id":"https:\/\/www.stachristiana.at\/volksschule-wiener-neustadt\/wer-wir-sind\/elternverein\/#breadcrumb"},"inLanguage":"de","potentialAction":[{"@type":"ReadAction","target":["https:\/\/www.stachristiana.at\/volksschule-wiener-neustadt\/wer-wir-sind\/elternverein\/"]}]},{"@type":"ImageObject","inLanguage":"de","@id":"https:\/\/www.stachristiana.at\/volksschule-wiener-neustadt\/wer-wir-sind\/elternverein\/#primaryimage","url":"https:\/\/www.stachristiana.at\/app\/uploads\/sites\/10\/2023\/01\/Rund-um_Elternverein4-2-2-768x1024.jpg","contentUrl":"https:\/\/www.stachristiana.at\/app\/uploads\/sites\/10\/2023\/01\/Rund-um_Elternverein4-2-2-768x1024.jpg"},{"@type":"BreadcrumbList","@id":"https:\/\/www.stachristiana.at\/volksschule-wiener-neustadt\/wer-wir-sind\/elternverein\/#breadcrumb","itemListElement":[{"@type":"ListItem","position":1,"name":"Start","item":"https:\/\/www.stachristiana.at\/"},{"@type":"ListItem","position":2,"name":"Wer wir sind","item":"https:\/\/www.stachristiana.at\/volksschule-wiener-neustadt\/wer-wir-sind\/"},{"@type":"ListItem","position":3,"name":"Elternverein"}]},{"@type":"WebSite","@id":"https:\/\/www.stachristiana.at\/volksschule-wiener-neustadt\/#website","url":"https:\/\/www.stachristiana.at\/volksschule-wiener-neustadt\/","name":"Sta. Christiana - Private Volksschule Wr. Neustadt","description":"Sta. Christiana - Schulen zum Leben","publisher":{"@id":"https:\/\/www.stachristiana.at\/volksschule-wiener-neustadt\/#organization"},"alternateName":"Private Volksschule Wr. Neustadt","potentialAction":[{"@type":"SearchAction","target":{"@type":"EntryPoint","urlTemplate":"https:\/\/www.stachristiana.at\/volksschule-wiener-neustadt\/?s={search_term_string}"},"query-input":{"@type":"PropertyValueSpecification","valueRequired":true,"valueName":"search_term_string"}}],"inLanguage":"de"},{"@type":"Organization","@id":"https:\/\/www.stachristiana.at\/volksschule-wiener-neustadt\/#organization","name":"Sta. Christiana - Private Volksschule Wr. Neustadt","alternateName":"Private Volksschule Wr. Neustadt","url":"https:\/\/www.stachristiana.at\/volksschule-wiener-neustadt\/","logo":{"@type":"ImageObject","inLanguage":"de","@id":"https:\/\/www.stachristiana.at\/volksschule-wiener-neustadt\/#\/schema\/logo\/image\/","url":"https:\/\/www.stachristiana.at\/app\/uploads\/sites\/10\/2022\/05\/logo-sta-christiana.png","contentUrl":"https:\/\/www.stachristiana.at\/app\/uploads\/sites\/10\/2022\/05\/logo-sta-christiana.png","width":1200,"height":491,"caption":"Sta. Christiana - Private Volksschule Wr. Neustadt"},"image":{"@id":"https:\/\/www.stachristiana.at\/volksschule-wiener-neustadt\/#\/schema\/logo\/image\/"}}]}},"_links":{"self":[{"href":"https:\/\/www.stachristiana.at\/volksschule-wiener-neustadt\/wp-json\/wp\/v2\/pages\/877","targetHints":{"allow":["GET"]}}],"collection":[{"href":"https:\/\/www.stachristiana.at\/volksschule-wiener-neustadt\/wp-json\/wp\/v2\/pages"}],"about":[{"href":"https:\/\/www.stachristiana.at\/volksschule-wiener-neustadt\/wp-json\/wp\/v2\/types\/page"}],"author":[{"embeddable":true,"href":"https:\/\/www.stachristiana.at\/volksschule-wiener-neustadt\/wp-json\/wp\/v2\/users\/5"}],"replies":[{"embeddable":true,"href":"https:\/\/www.stachristiana.at\/volksschule-wiener-neustadt\/wp-json\/wp\/v2\/comments?post=877"}],"version-history":[{"count":8,"href":"https:\/\/www.stachristiana.at\/volksschule-wiener-neustadt\/wp-json\/wp\/v2\/pages\/877\/revisions"}],"predecessor-version":[{"id":7420,"href":"https:\/\/www.stachristiana.at\/volksschule-wiener-neustadt\/wp-json\/wp\/v2\/pages\/877\/revisions\/7420"}],"up":[{"embeddable":true,"href":"https:\/\/www.stachristiana.at\/volksschule-wiener-neustadt\/wp-json\/wp\/v2\/pages\/73"}],"wp:attachment":[{"href":"https:\/\/www.stachristiana.at\/volksschule-wiener-neustadt\/wp-json\/wp\/v2\/media?parent=877"}],"curies":[{"name":"wp","href":"https:\/\/api.w.org\/{rel}","templated":true}]}}