{"id":685,"date":"2023-01-19T19:51:08","date_gmt":"2023-01-19T18:51:08","guid":{"rendered":"http:\/\/www.sanctachristiana.at\/volksschule-wiener-neustadt\/?page_id=685"},"modified":"2024-01-17T11:14:32","modified_gmt":"2024-01-17T10:14:32","slug":"hausordnung","status":"publish","type":"page","link":"https:\/\/www.stachristiana.at\/volksschule-wiener-neustadt\/was-wir-bieten\/hausordnung\/","title":{"rendered":"Hausordnung"},"content":{"rendered":"\n<p><strong>(aufgebaut auf den gesetzlichen Grundlagen der Schulordnung)<\/strong><\/p>\n\n\n\n<p>Die \u00f6sterreichische Schulordnung regelt den ganzen Schulbetrieb. Sie ist die Grundlage einer zus\u00e4tzlich im Schulforum beschlossenen Hausordnung. <\/p>\n\n\n\n<p>Die Schulordnung wird durch den Gesetzgeber geregelt. Die Schulordnung ist in den Paragraphen \u00a743 bis \u00a750 im Schulunterrichtsgesetz (SCHUG) geregelt. <a href=\"https:\/\/www.ris.bka.gv.at\/GeltendeFassung.wxe?Abfrage=Bundesnormen&amp;Gesetzesnummer=10009600\">https:\/\/www.ris.bka.gv.at\/GeltendeFassung.wxe?Abfrage=Bundesnormen&amp;Gesetzesnummer=10009600<\/a><\/p>\n\n\n\n<p>Damit unsere Kinder bestm\u00f6glich lernen, Lehrer sach- und fachgerecht unterrichten und auch die Eltern aktiv an der Schule mitgestalten k\u00f6nnen, sind Regeln notwendig.<br><br>Jede Schule hat entsprechend ihrer Bed\u00fcrfnisse eine eigene Hausordnung, welche einige Bestimmungen der Schulordnung n\u00e4her erl\u00e4utert.<\/p>\n\n\n\n<p><strong>Umgangsformen:<\/strong><\/p>\n\n\n\n<ul class=\"wp-block-list\">\n<li>Wir legen auf eine Atmosph\u00e4re gegenseitiger Wertsch\u00e4tzung und auf einen respektvollen Umgang Wert.<\/li>\n\n\n\n<li>Wir gr\u00fc\u00dfen alle Menschen, die uns im Haus begegnen, h\u00f6flichst.<\/li>\n\n\n\n<li>Konflikte werden gewaltfrei gel\u00f6st. Das Gespr\u00e4ch ist der erste Weg der Konfliktl\u00f6sung.<\/li>\n\n\n\n<li>Wir bewegen uns vern\u00fcnftig und in Ruhe durch das Schulhaus.<\/li>\n<\/ul>\n\n\n\n<p><strong>P\u00fcnktlichkeit\/ Unterrichtszeiten:<\/strong><\/p>\n\n\n\n<ul class=\"wp-block-list\">\n<li>Alle sind um P\u00fcnktlichkeit bem\u00fcht, um die Unterrichtszeit optimal auszunutzen.<\/li>\n\n\n\n<li>Die Klassensprecher geben Bescheid, wenn beim L\u00e4uten noch kein Lehrer in der Klasse ist.<\/li>\n\n\n\n<li>Die Schule ist ab 6.30 Uhr ge\u00f6ffnet. Drei Erzieher \u00fcbernehmen die Fr\u00fchaufsicht. Ab 7.45 Uhr \u00fcbernimmt der Klassenlehrer die Aufsicht.<\/li>\n<\/ul>\n\n\n\n<p><strong>Abwesenheit vom Unterricht:<\/strong><\/p>\n\n\n\n<ul class=\"wp-block-list\">\n<li>Der stundenplanm\u00e4\u00dfige Unterricht darf vorzeitig, nur in begr\u00fcndeten F\u00e4llen, und auf schriftliches Ansuchen der Eltern nach Zustimmung des Klassenlehrers verlassen werden.<\/li>\n\n\n\n<li>Bei Krankheit ist die Schule am selben Tag telefonisch (DW 10) oder via schoolfox zu verst\u00e4ndigen.<\/li>\n\n\n\n<li>Kinder mit Krankheitssymptomen d\u00fcrfen nicht in die Schule geschickt werden.<\/li>\n\n\n\n<li>Erlaubnis zum Fernbleiben vom Unterricht kann die Klassenlehrerin f\u00fcr einen Tag, die Direktorin f\u00fcr eine Woche (nicht f\u00fcr Urlaube) und die Schulbeh\u00f6rde f\u00fcr mehr als eine Woche erteilen. Ein schriftliches Ansuchen ist notwendig.<\/li>\n<\/ul>\n\n\n\n<p><strong>Befahren des Schulhofes:<\/strong><\/p>\n\n\n\n<ul class=\"wp-block-list\">\n<li>Das Befahren des Schulgel\u00e4ndes ist verboten, ausgenommen sind Mitarbeiter der Schule und Lieferanten.<\/li>\n\n\n\n<li>F\u00fcr abgestellte Fahrr\u00e4der, Scooter, \u2026 im Schulareal wird nicht gehaftet!<\/li>\n<\/ul>\n\n\n\n<p><strong>Umgang mit Sachwerten und Geld:<\/strong><\/p>\n\n\n\n<ul class=\"wp-block-list\">\n<li>Fahrl\u00e4ssige bzw. mutwillige Besch\u00e4digungen gehen zu Lasten der Sch\u00fcler und deren Erziehungsberechtigten.<\/li>\n\n\n\n<li>Gegenst\u00e4nde, welche den Schulbetrieb st\u00f6ren, oder die Sicherheit gef\u00e4hrden, d\u00fcrfen nicht mitgebracht werden. Sie d\u00fcrfen daher vom Klassenlehrer abgenommen werden.<\/li>\n\n\n\n<li>Handys und Smart- bzw. Applewatches m\u00fcssen in der Schule ausgeschalten in der Schultasche sein.<\/li>\n\n\n\n<li>In unsere Fundecke (hinter der Pforte) werden alle gefundenen Gegenst\u00e4nde und Kleidungsst\u00fccke gesammelt.<\/li>\n\n\n\n<li>Kauf- und Tauschgesch\u00e4fte sind in der Schule verboten!<\/li>\n\n\n\n<li>F\u00fcr Geld und Wertgegenst\u00e4nde wird nicht gehaftet!<\/li>\n<\/ul>\n\n\n\n<p><strong>Bekleidung\/Gesundheit:<\/strong><\/p>\n\n\n\n<ul class=\"wp-block-list\">\n<li>Um verschiedenste Ansteckungen zu vermeiden, werden alle angehalten sich regelm\u00e4\u00dfig die H\u00e4nde zu waschen bzw. auch bei Bedarf zu desinfizieren.<\/li>\n\n\n\n<li>Im gesamten Schulbereich tragen die Kinder Hausschuhe, die beim Verlassen der Schule in einem Sackerl aufzubewahren sind.<\/li>\n\n\n\n<li>Im Unterricht haben wir keine Kappen auf.<\/li>\n\n\n\n<li>Im Turnunterricht tragen alle das gemeinsame Turngewand.<\/li>\n\n\n\n<li>Schmuckgegenst\u00e4nde sind am Tag des Turnunterrichtes zu Hause abzulegen bzw. zuhause abzukleben.<\/li>\n\n\n\n<li>Piercings sind aus Sicherheitsgr\u00fcnden in unserer Schule verboten.<\/li>\n\n\n\n<li>Die Bekleidung soll dem Ort, dem Alter und dem Wetter angepasst sein. Der Aufenthalt im Freien muss ber\u00fccksichtigt werden.<\/li>\n\n\n\n<li>Im gesamten Schulareal besteht Rauchverbot!<\/li>\n\n\n\n<li>Eine gesunde Jause unterst\u00fctzt uns beim Lernen.<\/li>\n\n\n\n<li>Wir trinken alle ausschlie\u00dflich Wasser \u2013 Wasserschule!<\/li>\n<\/ul>\n\n\n\n<p><strong>Ordnung\/Umwelt:<\/strong><\/p>\n\n\n\n<ul class=\"wp-block-list\">\n<li>In Klassenr\u00e4umen, Funktionsr\u00e4umen und Garderoben ist auf Ordnung zu achten.<\/li>\n\n\n\n<li>Bank- und Garderobenf\u00e4cher sind regelm\u00e4\u00dfig auszumisten.<\/li>\n\n\n\n<li>Nach der gro\u00dfen Pause ist der Schulhof wieder sauber zu hinterlassen.<\/li>\n\n\n\n<li>Der M\u00fcll muss ordentlich getrennt werden.<\/li>\n<\/ul>\n\n\n\n<p><strong>Aufenthalt in der Schule\/Schulareal:<\/strong><\/p>\n\n\n\n<ul class=\"wp-block-list\">\n<li>Die Kinder betreten ab dem Windfang selbstst\u00e4ndig und ohne Beisein der Eltern die Schule. Die Eltern bitten wir nur bei vereinbarten Gespr\u00e4chsterminen die Schule zu betreten.<\/li>\n\n\n\n<li>Elterngespr\u00e4che finden nach telefonischer Terminvereinbarung statt.<\/li>\n\n\n\n<li>Der Windfang ist zur Sicherheit unserer Kinder am Vormittag von au\u00dfen gesperrt.<\/li>\n\n\n\n<li>Das Betreten von Klassen- und Funktionsr\u00e4umen ist nur im Beisein einer Lehrperson erlaubt.<\/li>\n\n\n\n<li>Die Fenster d\u00fcrfen nicht von den Kindern ge\u00f6ffnet werden.<\/li>\n\n\n\n<li>In der gro\u00dfen Pause sind alle Klassen im Schulhof. Nur bei Schlechtwetter bleiben die Lehrer mit den Kindern in der Klasse.<\/li>\n\n\n\n<li>Die Spielger\u00e4te d\u00fcrfen in der gro\u00dfen Pause nicht benutzt werden.<\/li>\n\n\n\n<li>Kinder, die nicht zum Mittagsessen oder f\u00fcr den Nachmittag angemeldet sind, m\u00fcssen nach Unterrichtsschluss unverz\u00fcglich abgeholt werden. Der unbeaufsichtigte Aufenthalt im Schulareal ist nicht erlaubt.<\/li>\n\n\n\n<li>Hunde d\u00fcrfen nicht in die Schule. Die Hundebesitzer m\u00fcssen die Tiere von den Kindern fernhalten. Ausnahme: Mit Genehmigung der Direktion am Welttierschutztag mit Bei\u00dfkorb.<\/li>\n<\/ul>\n\n\n\n<p><strong>Bei wiederholten disziplin\u00e4ren Vorf\u00e4llen, Nichteinhaltung der Haus- bzw. Schulordnung und drei schriftlichen Verwarnungen durch die Direktion, kann ein Kind zur\u00fcck an die Stammschule verwiesen werden.<br>Im Sinne der Schulpartnerschaft verpflichten wir uns, die Konsequenzen bei einem Versto\u00df gegen die Schulgesetze und bei Nichteinhaltung der Hausordnung bzw. der Verhaltensvereinbarungen zu akzeptieren.<\/strong><\/p>\n\n\n\n<p>Juni 2022 Direktion<\/p>\n\n\n\n<p>Aus Gr\u00fcnden der besseren Lesbarkeit, wird auf die gleichzeitige Verwendung m\u00e4nnlicher und weiblicher Sprachformen verzichtet. S\u00e4mtliche Personenbezeichnungen gelten gleichwohl f\u00fcr beiderlei Geschlecht.<\/p>\n","protected":false},"excerpt":{"rendered":"<p>(aufgebaut auf den gesetzlichen Grundlagen der Schulordnung) Die \u00f6sterreichische Schulordnung regelt den ganzen Schulbetrieb. Sie ist die Grundlage einer zus\u00e4tzlich im Schulforum beschlossenen Hausordnung. Die Schulordnung wird durch den Gesetzgeber geregelt. Die Schulordnung ist in den Paragraphen \u00a743 bis \u00a750 im Schulunterrichtsgesetz (SCHUG) geregelt. https:\/\/www.ris.bka.gv.at\/GeltendeFassung.wxe?Abfrage=Bundesnormen&amp;Gesetzesnummer=10009600 Damit unsere Kinder bestm\u00f6glich lernen, Lehrer sach- und fachgerecht unterrichten [&hellip;]<\/p>\n","protected":false},"author":5,"featured_media":0,"parent":144,"menu_order":2,"comment_status":"closed","ping_status":"closed","template":"","meta":{"footnotes":""},"class_list":["post-685","page","type-page","status-publish","hentry"],"acf":[],"yoast_head":"<!-- This site is optimized with the Yoast SEO plugin v26.8 - https:\/\/yoast.com\/product\/yoast-seo-wordpress\/ -->\n<title>Hausordnung - Volksschule Wr. Neustadt<\/title>\n<meta name=\"robots\" content=\"index, follow, max-snippet:-1, max-image-preview:large, max-video-preview:-1\" \/>\n<link rel=\"canonical\" href=\"https:\/\/www.stachristiana.at\/volksschule-wiener-neustadt\/was-wir-bieten\/hausordnung\/\" \/>\n<meta property=\"og:locale\" content=\"de_DE\" \/>\n<meta property=\"og:type\" content=\"article\" \/>\n<meta property=\"og:title\" content=\"Hausordnung - Volksschule Wr. Neustadt\" \/>\n<meta property=\"og:description\" content=\"(aufgebaut auf den gesetzlichen Grundlagen der Schulordnung) Die \u00f6sterreichische Schulordnung regelt den ganzen Schulbetrieb. Sie ist die Grundlage einer zus\u00e4tzlich im Schulforum beschlossenen Hausordnung. Die Schulordnung wird durch den Gesetzgeber geregelt. Die Schulordnung ist in den Paragraphen \u00a743 bis \u00a750 im Schulunterrichtsgesetz (SCHUG) geregelt. https:\/\/www.ris.bka.gv.at\/GeltendeFassung.wxe?Abfrage=Bundesnormen&amp;Gesetzesnummer=10009600 Damit unsere Kinder bestm\u00f6glich lernen, Lehrer sach- und fachgerecht unterrichten [&hellip;]\" \/>\n<meta property=\"og:url\" content=\"https:\/\/www.stachristiana.at\/volksschule-wiener-neustadt\/was-wir-bieten\/hausordnung\/\" \/>\n<meta property=\"og:site_name\" content=\"Volksschule Wr. Neustadt\" \/>\n<meta property=\"article:modified_time\" content=\"2024-01-17T10:14:32+00:00\" \/>\n<meta property=\"og:image\" content=\"https:\/\/www.stachristiana.at\/app\/uploads\/sites\/10\/2022\/05\/logo-sta-christiana.png\" \/>\n\t<meta property=\"og:image:width\" content=\"1200\" \/>\n\t<meta property=\"og:image:height\" content=\"491\" \/>\n\t<meta property=\"og:image:type\" content=\"image\/png\" \/>\n<meta name=\"twitter:card\" content=\"summary_large_image\" \/>\n<meta name=\"twitter:label1\" content=\"Gesch\u00e4tzte Lesezeit\" \/>\n\t<meta name=\"twitter:data1\" content=\"5\u00a0Minuten\" \/>\n<script type=\"application\/ld+json\" class=\"yoast-schema-graph\">{\"@context\":\"https:\/\/schema.org\",\"@graph\":[{\"@type\":\"WebPage\",\"@id\":\"https:\/\/www.stachristiana.at\/volksschule-wiener-neustadt\/was-wir-bieten\/hausordnung\/\",\"url\":\"https:\/\/www.stachristiana.at\/volksschule-wiener-neustadt\/was-wir-bieten\/hausordnung\/\",\"name\":\"Hausordnung - Volksschule Wr. Neustadt\",\"isPartOf\":{\"@id\":\"https:\/\/www.stachristiana.at\/volksschule-wiener-neustadt\/#website\"},\"datePublished\":\"2023-01-19T18:51:08+00:00\",\"dateModified\":\"2024-01-17T10:14:32+00:00\",\"breadcrumb\":{\"@id\":\"https:\/\/www.stachristiana.at\/volksschule-wiener-neustadt\/was-wir-bieten\/hausordnung\/#breadcrumb\"},\"inLanguage\":\"de\",\"potentialAction\":[{\"@type\":\"ReadAction\",\"target\":[\"https:\/\/www.stachristiana.at\/volksschule-wiener-neustadt\/was-wir-bieten\/hausordnung\/\"]}]},{\"@type\":\"BreadcrumbList\",\"@id\":\"https:\/\/www.stachristiana.at\/volksschule-wiener-neustadt\/was-wir-bieten\/hausordnung\/#breadcrumb\",\"itemListElement\":[{\"@type\":\"ListItem\",\"position\":1,\"name\":\"Start\",\"item\":\"https:\/\/www.stachristiana.at\/\"},{\"@type\":\"ListItem\",\"position\":2,\"name\":\"Was wir bieten\",\"item\":\"https:\/\/www.stachristiana.at\/volksschule-wiener-neustadt\/was-wir-bieten\/\"},{\"@type\":\"ListItem\",\"position\":3,\"name\":\"Hausordnung\"}]},{\"@type\":\"WebSite\",\"@id\":\"https:\/\/www.stachristiana.at\/volksschule-wiener-neustadt\/#website\",\"url\":\"https:\/\/www.stachristiana.at\/volksschule-wiener-neustadt\/\",\"name\":\"Sta. Christiana - Private Volksschule Wr. Neustadt\",\"description\":\"Sta. Christiana - Schulen zum Leben\",\"publisher\":{\"@id\":\"https:\/\/www.stachristiana.at\/volksschule-wiener-neustadt\/#organization\"},\"alternateName\":\"Private Volksschule Wr. Neustadt\",\"potentialAction\":[{\"@type\":\"SearchAction\",\"target\":{\"@type\":\"EntryPoint\",\"urlTemplate\":\"https:\/\/www.stachristiana.at\/volksschule-wiener-neustadt\/?s={search_term_string}\"},\"query-input\":{\"@type\":\"PropertyValueSpecification\",\"valueRequired\":true,\"valueName\":\"search_term_string\"}}],\"inLanguage\":\"de\"},{\"@type\":\"Organization\",\"@id\":\"https:\/\/www.stachristiana.at\/volksschule-wiener-neustadt\/#organization\",\"name\":\"Sta. Christiana - Private Volksschule Wr. Neustadt\",\"alternateName\":\"Private Volksschule Wr. Neustadt\",\"url\":\"https:\/\/www.stachristiana.at\/volksschule-wiener-neustadt\/\",\"logo\":{\"@type\":\"ImageObject\",\"inLanguage\":\"de\",\"@id\":\"https:\/\/www.stachristiana.at\/volksschule-wiener-neustadt\/#\/schema\/logo\/image\/\",\"url\":\"https:\/\/www.stachristiana.at\/app\/uploads\/sites\/10\/2022\/05\/logo-sta-christiana.png\",\"contentUrl\":\"https:\/\/www.stachristiana.at\/app\/uploads\/sites\/10\/2022\/05\/logo-sta-christiana.png\",\"width\":1200,\"height\":491,\"caption\":\"Sta. Christiana - Private Volksschule Wr. Neustadt\"},\"image\":{\"@id\":\"https:\/\/www.stachristiana.at\/volksschule-wiener-neustadt\/#\/schema\/logo\/image\/\"}}]}<\/script>\n<!-- \/ Yoast SEO plugin. -->","yoast_head_json":{"title":"Hausordnung - Volksschule Wr. Neustadt","robots":{"index":"index","follow":"follow","max-snippet":"max-snippet:-1","max-image-preview":"max-image-preview:large","max-video-preview":"max-video-preview:-1"},"canonical":"https:\/\/www.stachristiana.at\/volksschule-wiener-neustadt\/was-wir-bieten\/hausordnung\/","og_locale":"de_DE","og_type":"article","og_title":"Hausordnung - Volksschule Wr. Neustadt","og_description":"(aufgebaut auf den gesetzlichen Grundlagen der Schulordnung) Die \u00f6sterreichische Schulordnung regelt den ganzen Schulbetrieb. Sie ist die Grundlage einer zus\u00e4tzlich im Schulforum beschlossenen Hausordnung. Die Schulordnung wird durch den Gesetzgeber geregelt. Die Schulordnung ist in den Paragraphen \u00a743 bis \u00a750 im Schulunterrichtsgesetz (SCHUG) geregelt. https:\/\/www.ris.bka.gv.at\/GeltendeFassung.wxe?Abfrage=Bundesnormen&amp;Gesetzesnummer=10009600 Damit unsere Kinder bestm\u00f6glich lernen, Lehrer sach- und fachgerecht unterrichten [&hellip;]","og_url":"https:\/\/www.stachristiana.at\/volksschule-wiener-neustadt\/was-wir-bieten\/hausordnung\/","og_site_name":"Volksschule Wr. Neustadt","article_modified_time":"2024-01-17T10:14:32+00:00","og_image":[{"width":1200,"height":491,"url":"https:\/\/www.stachristiana.at\/app\/uploads\/sites\/10\/2022\/05\/logo-sta-christiana.png","type":"image\/png"}],"twitter_card":"summary_large_image","twitter_misc":{"Gesch\u00e4tzte Lesezeit":"5\u00a0Minuten"},"schema":{"@context":"https:\/\/schema.org","@graph":[{"@type":"WebPage","@id":"https:\/\/www.stachristiana.at\/volksschule-wiener-neustadt\/was-wir-bieten\/hausordnung\/","url":"https:\/\/www.stachristiana.at\/volksschule-wiener-neustadt\/was-wir-bieten\/hausordnung\/","name":"Hausordnung - Volksschule Wr. Neustadt","isPartOf":{"@id":"https:\/\/www.stachristiana.at\/volksschule-wiener-neustadt\/#website"},"datePublished":"2023-01-19T18:51:08+00:00","dateModified":"2024-01-17T10:14:32+00:00","breadcrumb":{"@id":"https:\/\/www.stachristiana.at\/volksschule-wiener-neustadt\/was-wir-bieten\/hausordnung\/#breadcrumb"},"inLanguage":"de","potentialAction":[{"@type":"ReadAction","target":["https:\/\/www.stachristiana.at\/volksschule-wiener-neustadt\/was-wir-bieten\/hausordnung\/"]}]},{"@type":"BreadcrumbList","@id":"https:\/\/www.stachristiana.at\/volksschule-wiener-neustadt\/was-wir-bieten\/hausordnung\/#breadcrumb","itemListElement":[{"@type":"ListItem","position":1,"name":"Start","item":"https:\/\/www.stachristiana.at\/"},{"@type":"ListItem","position":2,"name":"Was wir bieten","item":"https:\/\/www.stachristiana.at\/volksschule-wiener-neustadt\/was-wir-bieten\/"},{"@type":"ListItem","position":3,"name":"Hausordnung"}]},{"@type":"WebSite","@id":"https:\/\/www.stachristiana.at\/volksschule-wiener-neustadt\/#website","url":"https:\/\/www.stachristiana.at\/volksschule-wiener-neustadt\/","name":"Sta. Christiana - Private Volksschule Wr. Neustadt","description":"Sta. Christiana - Schulen zum Leben","publisher":{"@id":"https:\/\/www.stachristiana.at\/volksschule-wiener-neustadt\/#organization"},"alternateName":"Private Volksschule Wr. Neustadt","potentialAction":[{"@type":"SearchAction","target":{"@type":"EntryPoint","urlTemplate":"https:\/\/www.stachristiana.at\/volksschule-wiener-neustadt\/?s={search_term_string}"},"query-input":{"@type":"PropertyValueSpecification","valueRequired":true,"valueName":"search_term_string"}}],"inLanguage":"de"},{"@type":"Organization","@id":"https:\/\/www.stachristiana.at\/volksschule-wiener-neustadt\/#organization","name":"Sta. Christiana - Private Volksschule Wr. Neustadt","alternateName":"Private Volksschule Wr. Neustadt","url":"https:\/\/www.stachristiana.at\/volksschule-wiener-neustadt\/","logo":{"@type":"ImageObject","inLanguage":"de","@id":"https:\/\/www.stachristiana.at\/volksschule-wiener-neustadt\/#\/schema\/logo\/image\/","url":"https:\/\/www.stachristiana.at\/app\/uploads\/sites\/10\/2022\/05\/logo-sta-christiana.png","contentUrl":"https:\/\/www.stachristiana.at\/app\/uploads\/sites\/10\/2022\/05\/logo-sta-christiana.png","width":1200,"height":491,"caption":"Sta. Christiana - Private Volksschule Wr. Neustadt"},"image":{"@id":"https:\/\/www.stachristiana.at\/volksschule-wiener-neustadt\/#\/schema\/logo\/image\/"}}]}},"_links":{"self":[{"href":"https:\/\/www.stachristiana.at\/volksschule-wiener-neustadt\/wp-json\/wp\/v2\/pages\/685","targetHints":{"allow":["GET"]}}],"collection":[{"href":"https:\/\/www.stachristiana.at\/volksschule-wiener-neustadt\/wp-json\/wp\/v2\/pages"}],"about":[{"href":"https:\/\/www.stachristiana.at\/volksschule-wiener-neustadt\/wp-json\/wp\/v2\/types\/page"}],"author":[{"embeddable":true,"href":"https:\/\/www.stachristiana.at\/volksschule-wiener-neustadt\/wp-json\/wp\/v2\/users\/5"}],"replies":[{"embeddable":true,"href":"https:\/\/www.stachristiana.at\/volksschule-wiener-neustadt\/wp-json\/wp\/v2\/comments?post=685"}],"version-history":[{"count":3,"href":"https:\/\/www.stachristiana.at\/volksschule-wiener-neustadt\/wp-json\/wp\/v2\/pages\/685\/revisions"}],"predecessor-version":[{"id":4568,"href":"https:\/\/www.stachristiana.at\/volksschule-wiener-neustadt\/wp-json\/wp\/v2\/pages\/685\/revisions\/4568"}],"up":[{"embeddable":true,"href":"https:\/\/www.stachristiana.at\/volksschule-wiener-neustadt\/wp-json\/wp\/v2\/pages\/144"}],"wp:attachment":[{"href":"https:\/\/www.stachristiana.at\/volksschule-wiener-neustadt\/wp-json\/wp\/v2\/media?parent=685"}],"curies":[{"name":"wp","href":"https:\/\/api.w.org\/{rel}","templated":true}]}}