{"id":681,"date":"2023-01-19T19:44:43","date_gmt":"2023-01-19T18:44:43","guid":{"rendered":"http:\/\/www.sanctachristiana.at\/volksschule-wiener-neustadt\/?page_id=681"},"modified":"2026-04-30T13:42:26","modified_gmt":"2026-04-30T11:42:26","slug":"foerderkonzept","status":"publish","type":"page","link":"https:\/\/www.stachristiana.at\/volksschule-wiener-neustadt\/was-wir-bieten\/foerderkonzept\/","title":{"rendered":"F\u00f6rderkonzept"},"content":{"rendered":"\n<p>Alle Kinder sind verschieden und besitzen unterschiedliche F\u00e4higkeiten und Kenntnisse. Um jedem Kind gerecht zu werden, setzen wir an unserer Schule folgende Schwerpunkte:<\/p>\n\n\n\n<p><strong>F\u00f6rderung des ganzen Menschen &#8211; Herzensbildung:<\/strong><\/p>\n\n\n\n<ul class=\"wp-block-list\">\n<li>Lebendiges und vielseitiges Lernen voneinander und miteinander durch Aktivit\u00e4ten mit Partnerklassen<\/li>\n\n\n\n<li>Erwerb von Schl\u00fcsselkompetenzen, wie: Selbstst\u00e4ndigkeit, Eigeninitiative Verantwortungsgef\u00fchl, Einf\u00fchlungsverm\u00f6gen, Kritikf\u00e4higkeit, Kommunikationsbereitschaft, Hilfsbereitschaft und Toleranz in den Lern- und Forscherwerkst\u00e4tten (siehe Schulprofil und neues Schulkonzept)<\/li>\n\n\n\n<li>Religi\u00f6se Erziehung: Feste im kirchlichen Jahreskreis, w\u00f6chentliche Fr\u00fchmessen, religi\u00f6se Projekte<br><\/li>\n<\/ul>\n\n\n\n<p><strong>F\u00f6rderung der Sozialkompetenzen:<\/strong><\/p>\n\n\n\n<ul class=\"wp-block-list\">\n<li>Schullandwochen<\/li>\n\n\n\n<li>Partnerklassenaktivit\u00e4ten<\/li>\n\n\n\n<li>Gewaltpr\u00e4ventionsworkshops<\/li>\n\n\n\n<li>Klassenrat, Schulversammlungen<\/li>\n\n\n\n<li>Caritative Projekte (Weihnachtsp\u00e4ckchenaktion, Weihnachtssingen im Krankenhaus, Rote Nasen Karten,\u2026)<br><\/li>\n<\/ul>\n\n\n\n<p><strong>Spezielle Lesef\u00f6rderungsangebote:<\/strong><\/p>\n\n\n\n<ul class=\"wp-block-list\">\n<li>Schulbibliothek<\/li>\n\n\n\n<li>Computerunterst\u00fctzte Lesef\u00f6rderung z.B. Celeco, Lesikus, Lesefit, Antolin, \u2026<\/li>\n\n\n\n<li>Klassenlesestoffangebote<\/li>\n\n\n\n<li>W\u00f6chentliche Unterst\u00fctzung durch Lesepat*innen<\/li>\n\n\n\n<li>Autorenlesungen<\/li>\n\n\n\n<li>Buchklubschule<br><\/li>\n<\/ul>\n\n\n\n<p><strong>F\u00f6rderung von Bewegung, Sport und Gesundheit:<\/strong><\/p>\n\n\n\n<ul class=\"wp-block-list\">\n<li>Eislaufen, Schwimmen, Sporttage, Wandertage, Teilnahme an diversen sportlichen Projekten und Bewerben: z.B. Laufolympiade, Orientierungslauf, Fitnesstag, \u2026<\/li>\n\n\n\n<li>Bewegte Pause im Schulgarten (20 Minuten)<\/li>\n\n\n\n<li>Kurzturnen im Unterricht <\/li>\n\n\n\n<li>Schul\u00e4rztliche Untersuchung<\/li>\n\n\n\n<li>Zahngesundheitserziehungsprojekt<\/li>\n\n\n\n<li>Kooperation mit Sportvereinen<br><\/li>\n<\/ul>\n\n\n\n<p><strong>Kulturelle F\u00f6rderung:<\/strong><\/p>\n\n\n\n<ul class=\"wp-block-list\">\n<li>Konzertbesuche<\/li>\n\n\n\n<li>Kindertheatervorstellungen<\/li>\n\n\n\n<li>Theater der Jugend \u2013 Fahrten nach Wien<\/li>\n\n\n\n<li>Museumsbesuche, Exkursionen<br><\/li>\n<\/ul>\n\n\n\n<p><strong>Begabungs- und Begabtenf\u00f6rderung: Das umfangreiche Angebot im Unterricht unterst\u00fctzt die Kinder dabei, ihre St\u00e4rken und Interessen zu entwickeln. Ansprechpartner: Stefanie Herzog, Katharina Gr\u00fcneis<\/strong><\/p>\n\n\n\n<ul class=\"wp-block-list\">\n<li>Referate, Pr\u00e4sentationen, Projekte<\/li>\n\n\n\n<li>Lern- und Kreativwerkst\u00e4tten (2&#215;2 Stunden pro Woche)Forscherwerkst\u00e4tten (4 x pro Jahr)<\/li>\n\n\n\n<li>Einsatz digitaler Medien<\/li>\n\n\n\n<li>Pr\u00e4sentation von Talenten bei Schulversammlungen<\/li>\n\n\n\n<li>M\u00f6glichkeit in einzelnen Gegenst\u00e4nden in eine h\u00f6here Schulstufe zu wechseln<\/li>\n\n\n\n<li>fr\u00fchzeitiges Einschulen, wenn die Schulreife vorhanden ist<\/li>\n\n\n\n<li>\u00dcberspringen von Schulstufen<br><\/li>\n<\/ul>\n\n\n\n<p><strong>Fremdsprachenf\u00f6rderung:<\/strong><\/p>\n\n\n\n<ul class=\"wp-block-list\">\n<li>Englisch ab der 1. Klasse<\/li>\n\n\n\n<li>Einsatz eines native speakers<\/li>\n\n\n\n<li>Unverbindliche \u00dcbung Englisch f\u00fcr alle Schulstufen<br><\/li>\n<\/ul>\n\n\n\n<p><strong>F\u00f6rderung von Kindern mit nichtdeutscher Muttersprache:<\/strong><\/p>\n\n\n\n<ul class=\"wp-block-list\">\n<li>F\u00f6rderstunde f\u00fcr Kinder mit nicht deutscher Muttersprache<\/li>\n\n\n\n<li>Sprachf\u00f6rderung f\u00fcr Kinder mit au\u00dferordentlichem Status<br><\/li>\n<\/ul>\n\n\n\n<p><strong>F\u00f6rderung lernschwacher Kinder:<\/strong><\/p>\n\n\n\n<ul class=\"wp-block-list\">\n<li>F\u00f6rderstunde f\u00fcr Kinder mit Lese- und Rechtschreibschw\u00e4che<\/li>\n\n\n\n<li>Sprachheilunterricht<\/li>\n\n\n\n<li>F\u00f6rderstunden in Deutsch und Mathematik<br><\/li>\n<\/ul>\n\n\n\n<p><strong>F\u00f6rderung im Unterricht durch Methodenvielfalt:<\/strong><\/p>\n\n\n\n<ul class=\"wp-block-list\">\n<li>Partner- und Gruppenarbeit<\/li>\n\n\n\n<li>Lernen vor Ort: Lehrausg\u00e4nge<\/li>\n\n\n\n<li>Computerunterst\u00fctzter Unterricht<\/li>\n\n\n\n<li>Einsatz von Active &#8211; Boards in allen Klassen<\/li>\n\n\n\n<li>Projektunterricht<\/li>\n\n\n\n<li>Offene Unterrichtsmethoden (Lernwerkst\u00e4tten)<\/li>\n\n\n\n<li>Dialogisches Lernen (Reisetagebuch)<\/li>\n\n\n\n<li>Kompetenzf\u00f6rderung im Sinne der Bildungsstandards<\/li>\n\n\n\n<li>Einsatz von Tablets<br><\/li>\n<\/ul>\n\n\n\n<p><strong>Unterst\u00fctzung bei Verhaltensauff\u00e4lligkeiten und bei Lernschw\u00e4chen:<\/strong><\/p>\n\n\n\n<ul class=\"wp-block-list\">\n<li>M\u00f6glichkeit zur Anforderung einer Beratungslehrerin<\/li>\n\n\n\n<li>Schulpsychologische \u00dcberpr\u00fcfung<br><\/li>\n<\/ul>\n\n\n\n<p><strong>\u2026und wenn die Seele \u201cschmerzt\u201d<\/strong><\/p>\n\n\n\n<ul class=\"wp-block-list\">\n<li>M\u00f6glichkeit zum Gespr\u00e4ch mit einem Priester<\/li>\n\n\n\n<li>Sprechstunde f\u00fcr die \u201cSeele\u201d<\/li>\n<\/ul>\n","protected":false},"excerpt":{"rendered":"<p>Alle Kinder sind verschieden und besitzen unterschiedliche F\u00e4higkeiten und Kenntnisse. Um jedem Kind gerecht zu werden, setzen wir an unserer Schule folgende Schwerpunkte: F\u00f6rderung des ganzen Menschen &#8211; Herzensbildung: F\u00f6rderung der Sozialkompetenzen: Spezielle Lesef\u00f6rderungsangebote: F\u00f6rderung von Bewegung, Sport und Gesundheit: Kulturelle F\u00f6rderung: Begabungs- und Begabtenf\u00f6rderung: Das umfangreiche Angebot im Unterricht unterst\u00fctzt die Kinder dabei, ihre [&hellip;]<\/p>\n","protected":false},"author":5,"featured_media":0,"parent":144,"menu_order":0,"comment_status":"closed","ping_status":"closed","template":"","meta":{"footnotes":""},"class_list":["post-681","page","type-page","status-publish","hentry"],"acf":[],"yoast_head":"<!-- This site is optimized with the Yoast SEO plugin v26.8 - https:\/\/yoast.com\/product\/yoast-seo-wordpress\/ -->\n<title>F\u00f6rderkonzept - Volksschule Wr. Neustadt<\/title>\n<meta name=\"robots\" content=\"index, follow, max-snippet:-1, max-image-preview:large, max-video-preview:-1\" \/>\n<link rel=\"canonical\" href=\"https:\/\/www.stachristiana.at\/volksschule-wiener-neustadt\/was-wir-bieten\/foerderkonzept\/\" \/>\n<meta property=\"og:locale\" content=\"de_DE\" \/>\n<meta property=\"og:type\" content=\"article\" \/>\n<meta property=\"og:title\" content=\"F\u00f6rderkonzept - Volksschule Wr. Neustadt\" \/>\n<meta property=\"og:description\" content=\"Alle Kinder sind verschieden und besitzen unterschiedliche F\u00e4higkeiten und Kenntnisse. Um jedem Kind gerecht zu werden, setzen wir an unserer Schule folgende Schwerpunkte: F\u00f6rderung des ganzen Menschen &#8211; Herzensbildung: F\u00f6rderung der Sozialkompetenzen: Spezielle Lesef\u00f6rderungsangebote: F\u00f6rderung von Bewegung, Sport und Gesundheit: Kulturelle F\u00f6rderung: Begabungs- und Begabtenf\u00f6rderung: Das umfangreiche Angebot im Unterricht unterst\u00fctzt die Kinder dabei, ihre [&hellip;]\" \/>\n<meta property=\"og:url\" content=\"https:\/\/www.stachristiana.at\/volksschule-wiener-neustadt\/was-wir-bieten\/foerderkonzept\/\" \/>\n<meta property=\"og:site_name\" content=\"Volksschule Wr. Neustadt\" \/>\n<meta property=\"article:modified_time\" content=\"2026-04-30T11:42:26+00:00\" \/>\n<meta property=\"og:image\" content=\"https:\/\/www.stachristiana.at\/app\/uploads\/sites\/10\/2022\/05\/logo-sta-christiana.png\" \/>\n\t<meta property=\"og:image:width\" content=\"1200\" \/>\n\t<meta property=\"og:image:height\" content=\"491\" \/>\n\t<meta property=\"og:image:type\" content=\"image\/png\" \/>\n<meta name=\"twitter:card\" content=\"summary_large_image\" \/>\n<meta name=\"twitter:label1\" content=\"Gesch\u00e4tzte Lesezeit\" \/>\n\t<meta name=\"twitter:data1\" content=\"2\u00a0Minuten\" \/>\n<script type=\"application\/ld+json\" class=\"yoast-schema-graph\">{\"@context\":\"https:\/\/schema.org\",\"@graph\":[{\"@type\":\"WebPage\",\"@id\":\"https:\/\/www.stachristiana.at\/volksschule-wiener-neustadt\/was-wir-bieten\/foerderkonzept\/\",\"url\":\"https:\/\/www.stachristiana.at\/volksschule-wiener-neustadt\/was-wir-bieten\/foerderkonzept\/\",\"name\":\"F\u00f6rderkonzept - Volksschule Wr. Neustadt\",\"isPartOf\":{\"@id\":\"https:\/\/www.stachristiana.at\/volksschule-wiener-neustadt\/#website\"},\"datePublished\":\"2023-01-19T18:44:43+00:00\",\"dateModified\":\"2026-04-30T11:42:26+00:00\",\"breadcrumb\":{\"@id\":\"https:\/\/www.stachristiana.at\/volksschule-wiener-neustadt\/was-wir-bieten\/foerderkonzept\/#breadcrumb\"},\"inLanguage\":\"de\",\"potentialAction\":[{\"@type\":\"ReadAction\",\"target\":[\"https:\/\/www.stachristiana.at\/volksschule-wiener-neustadt\/was-wir-bieten\/foerderkonzept\/\"]}]},{\"@type\":\"BreadcrumbList\",\"@id\":\"https:\/\/www.stachristiana.at\/volksschule-wiener-neustadt\/was-wir-bieten\/foerderkonzept\/#breadcrumb\",\"itemListElement\":[{\"@type\":\"ListItem\",\"position\":1,\"name\":\"Start\",\"item\":\"https:\/\/www.stachristiana.at\/\"},{\"@type\":\"ListItem\",\"position\":2,\"name\":\"Was wir bieten\",\"item\":\"https:\/\/www.stachristiana.at\/volksschule-wiener-neustadt\/was-wir-bieten\/\"},{\"@type\":\"ListItem\",\"position\":3,\"name\":\"F\u00f6rderkonzept\"}]},{\"@type\":\"WebSite\",\"@id\":\"https:\/\/www.stachristiana.at\/volksschule-wiener-neustadt\/#website\",\"url\":\"https:\/\/www.stachristiana.at\/volksschule-wiener-neustadt\/\",\"name\":\"Sta. Christiana - Private Volksschule Wr. Neustadt\",\"description\":\"Sta. Christiana - Schulen zum Leben\",\"publisher\":{\"@id\":\"https:\/\/www.stachristiana.at\/volksschule-wiener-neustadt\/#organization\"},\"alternateName\":\"Private Volksschule Wr. Neustadt\",\"potentialAction\":[{\"@type\":\"SearchAction\",\"target\":{\"@type\":\"EntryPoint\",\"urlTemplate\":\"https:\/\/www.stachristiana.at\/volksschule-wiener-neustadt\/?s={search_term_string}\"},\"query-input\":{\"@type\":\"PropertyValueSpecification\",\"valueRequired\":true,\"valueName\":\"search_term_string\"}}],\"inLanguage\":\"de\"},{\"@type\":\"Organization\",\"@id\":\"https:\/\/www.stachristiana.at\/volksschule-wiener-neustadt\/#organization\",\"name\":\"Sta. Christiana - Private Volksschule Wr. Neustadt\",\"alternateName\":\"Private Volksschule Wr. Neustadt\",\"url\":\"https:\/\/www.stachristiana.at\/volksschule-wiener-neustadt\/\",\"logo\":{\"@type\":\"ImageObject\",\"inLanguage\":\"de\",\"@id\":\"https:\/\/www.stachristiana.at\/volksschule-wiener-neustadt\/#\/schema\/logo\/image\/\",\"url\":\"https:\/\/www.stachristiana.at\/app\/uploads\/sites\/10\/2022\/05\/logo-sta-christiana.png\",\"contentUrl\":\"https:\/\/www.stachristiana.at\/app\/uploads\/sites\/10\/2022\/05\/logo-sta-christiana.png\",\"width\":1200,\"height\":491,\"caption\":\"Sta. Christiana - Private Volksschule Wr. Neustadt\"},\"image\":{\"@id\":\"https:\/\/www.stachristiana.at\/volksschule-wiener-neustadt\/#\/schema\/logo\/image\/\"}}]}<\/script>\n<!-- \/ Yoast SEO plugin. -->","yoast_head_json":{"title":"F\u00f6rderkonzept - Volksschule Wr. Neustadt","robots":{"index":"index","follow":"follow","max-snippet":"max-snippet:-1","max-image-preview":"max-image-preview:large","max-video-preview":"max-video-preview:-1"},"canonical":"https:\/\/www.stachristiana.at\/volksschule-wiener-neustadt\/was-wir-bieten\/foerderkonzept\/","og_locale":"de_DE","og_type":"article","og_title":"F\u00f6rderkonzept - Volksschule Wr. Neustadt","og_description":"Alle Kinder sind verschieden und besitzen unterschiedliche F\u00e4higkeiten und Kenntnisse. Um jedem Kind gerecht zu werden, setzen wir an unserer Schule folgende Schwerpunkte: F\u00f6rderung des ganzen Menschen &#8211; Herzensbildung: F\u00f6rderung der Sozialkompetenzen: Spezielle Lesef\u00f6rderungsangebote: F\u00f6rderung von Bewegung, Sport und Gesundheit: Kulturelle F\u00f6rderung: Begabungs- und Begabtenf\u00f6rderung: Das umfangreiche Angebot im Unterricht unterst\u00fctzt die Kinder dabei, ihre [&hellip;]","og_url":"https:\/\/www.stachristiana.at\/volksschule-wiener-neustadt\/was-wir-bieten\/foerderkonzept\/","og_site_name":"Volksschule Wr. Neustadt","article_modified_time":"2026-04-30T11:42:26+00:00","og_image":[{"width":1200,"height":491,"url":"https:\/\/www.stachristiana.at\/app\/uploads\/sites\/10\/2022\/05\/logo-sta-christiana.png","type":"image\/png"}],"twitter_card":"summary_large_image","twitter_misc":{"Gesch\u00e4tzte Lesezeit":"2\u00a0Minuten"},"schema":{"@context":"https:\/\/schema.org","@graph":[{"@type":"WebPage","@id":"https:\/\/www.stachristiana.at\/volksschule-wiener-neustadt\/was-wir-bieten\/foerderkonzept\/","url":"https:\/\/www.stachristiana.at\/volksschule-wiener-neustadt\/was-wir-bieten\/foerderkonzept\/","name":"F\u00f6rderkonzept - Volksschule Wr. Neustadt","isPartOf":{"@id":"https:\/\/www.stachristiana.at\/volksschule-wiener-neustadt\/#website"},"datePublished":"2023-01-19T18:44:43+00:00","dateModified":"2026-04-30T11:42:26+00:00","breadcrumb":{"@id":"https:\/\/www.stachristiana.at\/volksschule-wiener-neustadt\/was-wir-bieten\/foerderkonzept\/#breadcrumb"},"inLanguage":"de","potentialAction":[{"@type":"ReadAction","target":["https:\/\/www.stachristiana.at\/volksschule-wiener-neustadt\/was-wir-bieten\/foerderkonzept\/"]}]},{"@type":"BreadcrumbList","@id":"https:\/\/www.stachristiana.at\/volksschule-wiener-neustadt\/was-wir-bieten\/foerderkonzept\/#breadcrumb","itemListElement":[{"@type":"ListItem","position":1,"name":"Start","item":"https:\/\/www.stachristiana.at\/"},{"@type":"ListItem","position":2,"name":"Was wir bieten","item":"https:\/\/www.stachristiana.at\/volksschule-wiener-neustadt\/was-wir-bieten\/"},{"@type":"ListItem","position":3,"name":"F\u00f6rderkonzept"}]},{"@type":"WebSite","@id":"https:\/\/www.stachristiana.at\/volksschule-wiener-neustadt\/#website","url":"https:\/\/www.stachristiana.at\/volksschule-wiener-neustadt\/","name":"Sta. Christiana - Private Volksschule Wr. Neustadt","description":"Sta. Christiana - Schulen zum Leben","publisher":{"@id":"https:\/\/www.stachristiana.at\/volksschule-wiener-neustadt\/#organization"},"alternateName":"Private Volksschule Wr. Neustadt","potentialAction":[{"@type":"SearchAction","target":{"@type":"EntryPoint","urlTemplate":"https:\/\/www.stachristiana.at\/volksschule-wiener-neustadt\/?s={search_term_string}"},"query-input":{"@type":"PropertyValueSpecification","valueRequired":true,"valueName":"search_term_string"}}],"inLanguage":"de"},{"@type":"Organization","@id":"https:\/\/www.stachristiana.at\/volksschule-wiener-neustadt\/#organization","name":"Sta. Christiana - Private Volksschule Wr. Neustadt","alternateName":"Private Volksschule Wr. Neustadt","url":"https:\/\/www.stachristiana.at\/volksschule-wiener-neustadt\/","logo":{"@type":"ImageObject","inLanguage":"de","@id":"https:\/\/www.stachristiana.at\/volksschule-wiener-neustadt\/#\/schema\/logo\/image\/","url":"https:\/\/www.stachristiana.at\/app\/uploads\/sites\/10\/2022\/05\/logo-sta-christiana.png","contentUrl":"https:\/\/www.stachristiana.at\/app\/uploads\/sites\/10\/2022\/05\/logo-sta-christiana.png","width":1200,"height":491,"caption":"Sta. Christiana - Private Volksschule Wr. Neustadt"},"image":{"@id":"https:\/\/www.stachristiana.at\/volksschule-wiener-neustadt\/#\/schema\/logo\/image\/"}}]}},"_links":{"self":[{"href":"https:\/\/www.stachristiana.at\/volksschule-wiener-neustadt\/wp-json\/wp\/v2\/pages\/681","targetHints":{"allow":["GET"]}}],"collection":[{"href":"https:\/\/www.stachristiana.at\/volksschule-wiener-neustadt\/wp-json\/wp\/v2\/pages"}],"about":[{"href":"https:\/\/www.stachristiana.at\/volksschule-wiener-neustadt\/wp-json\/wp\/v2\/types\/page"}],"author":[{"embeddable":true,"href":"https:\/\/www.stachristiana.at\/volksschule-wiener-neustadt\/wp-json\/wp\/v2\/users\/5"}],"replies":[{"embeddable":true,"href":"https:\/\/www.stachristiana.at\/volksschule-wiener-neustadt\/wp-json\/wp\/v2\/comments?post=681"}],"version-history":[{"count":6,"href":"https:\/\/www.stachristiana.at\/volksschule-wiener-neustadt\/wp-json\/wp\/v2\/pages\/681\/revisions"}],"predecessor-version":[{"id":9759,"href":"https:\/\/www.stachristiana.at\/volksschule-wiener-neustadt\/wp-json\/wp\/v2\/pages\/681\/revisions\/9759"}],"up":[{"embeddable":true,"href":"https:\/\/www.stachristiana.at\/volksschule-wiener-neustadt\/wp-json\/wp\/v2\/pages\/144"}],"wp:attachment":[{"href":"https:\/\/www.stachristiana.at\/volksschule-wiener-neustadt\/wp-json\/wp\/v2\/media?parent=681"}],"curies":[{"name":"wp","href":"https:\/\/api.w.org\/{rel}","templated":true}]}}