{"id":4584,"date":"2024-01-25T13:53:53","date_gmt":"2024-01-25T12:53:53","guid":{"rendered":"https:\/\/www.stachristiana.at\/volksschule-wiener-neustadt\/?page_id=4584"},"modified":"2024-02-06T12:08:14","modified_gmt":"2024-02-06T11:08:14","slug":"virtueller-rundgang","status":"publish","type":"page","link":"https:\/\/www.stachristiana.at\/volksschule-wiener-neustadt\/virtueller-rundgang\/","title":{"rendered":"Virtueller Rundgang"},"content":{"rendered":"\n<p>Machen Sie einen Spaziergang durch unser Schulgeb\u00e4ude. Schauen Sie in die Klassenzimmer, den Speisesaal oder an andere Pl\u00e4tze! Viel Spa\u00df!<\/p>\n\n\n<div id='ggpkg_container_0_4584' style='width:100%; height:600px; position: relative;'>\nLoading&#8230;\n<\/div>\n<script type='text\/javascript' src='https:\/\/www.stachristiana.at\/app\/uploads\/sites\/10\/2024\/02\/vr_stachr_wn_VS_V2\/pano2vr_player.js'><\/script>\n<script type='text\/javascript' src='https:\/\/www.stachristiana.at\/app\/uploads\/sites\/10\/2024\/02\/vr_stachr_wn_VS_V2\/skin.js'><\/script>\n<script type='text\/javascript'>\nwindow.addEventListener('load',function() {\nif  (typeof vr_stachr_wn_VS_V2_pano2vrPlayer != 'undefined') {\n\tpano_0_4584=new vr_stachr_wn_VS_V2_pano2vrPlayer('ggpkg_container_0_4584');\n} else {\n\tpano_0_4584=new pano2vrPlayer('ggpkg_container_0_4584');\n}\nif  (typeof vr_stachr_wn_VS_V2_pano2vrSkin != 'undefined') {\n\tskin_0_4584=new vr_stachr_wn_VS_V2_pano2vrSkin(pano_0_4584, 'https:\/\/www.stachristiana.at\/app\/uploads\/sites\/10\/2024\/02\/vr_stachr_wn_VS_V2\/');\n} else {\n\tskin_0_4584=new pano2vrSkin(pano_0_4584, 'https:\/\/www.stachristiana.at\/app\/uploads\/sites\/10\/2024\/02\/vr_stachr_wn_VS_V2\/');\n}\npano_0_4584.readConfigUrlAsync('https:\/\/www.stachristiana.at\/app\/uploads\/sites\/10\/2024\/02\/vr_stachr_wn_VS_V2\/pano.xml');\nvar contentOverflow = document.getElementById('content') ? document.getElementById('content').style.overflow : '';\npano_0_4584.addListener('fullscreenenter', function() {\n\tif (document.getElementById('content')) {\n\t\tdocument.getElementById('content').style.overflow = 'visible';\n\t}\n});\npano_0_4584.addListener('fullscreenexit', function() {\n\tif (document.getElementById('content')) {\n\t\tdocument.getElementById('content').style.overflow = contentOverflow;\n\t}\n});\n\n});\n<\/script>\n\n\n\n<p class=\"has-small-font-size\"><strong>Anmerkungen:<\/strong><br>Der Physiksaal (Vorschaubild) wird Aug. 2024 fertiggestellt.<br>Die Kirche St. Leopold steht der Schule f\u00fcr die Gottesdienste zur Verf\u00fcgung.<\/p>\n","protected":false},"excerpt":{"rendered":"<p>Machen Sie einen Spaziergang durch unser Schulgeb\u00e4ude. Schauen Sie in die Klassenzimmer, den Speisesaal oder an andere Pl\u00e4tze! Viel Spa\u00df! Anmerkungen:Der Physiksaal (Vorschaubild) wird Aug. 2024 fertiggestellt.Die Kirche St. Leopold steht der Schule f\u00fcr die Gottesdienste zur Verf\u00fcgung.<\/p>\n","protected":false},"author":5,"featured_media":0,"parent":0,"menu_order":0,"comment_status":"closed","ping_status":"closed","template":"","meta":{"footnotes":""},"class_list":["post-4584","page","type-page","status-publish","hentry"],"acf":[],"yoast_head":"<!-- This site is optimized with the Yoast SEO plugin v26.8 - https:\/\/yoast.com\/product\/yoast-seo-wordpress\/ -->\n<title>Virtueller Rundgang - Volksschule Wr. Neustadt<\/title>\n<meta name=\"robots\" content=\"index, follow, max-snippet:-1, max-image-preview:large, max-video-preview:-1\" \/>\n<link rel=\"canonical\" href=\"https:\/\/www.stachristiana.at\/volksschule-wiener-neustadt\/virtueller-rundgang\/\" \/>\n<meta property=\"og:locale\" content=\"de_DE\" \/>\n<meta property=\"og:type\" content=\"article\" \/>\n<meta property=\"og:title\" content=\"Virtueller Rundgang - Volksschule Wr. Neustadt\" \/>\n<meta property=\"og:description\" content=\"Machen Sie einen Spaziergang durch unser Schulgeb\u00e4ude. Schauen Sie in die Klassenzimmer, den Speisesaal oder an andere Pl\u00e4tze! Viel Spa\u00df! Anmerkungen:Der Physiksaal (Vorschaubild) wird Aug. 2024 fertiggestellt.Die Kirche St. Leopold steht der Schule f\u00fcr die Gottesdienste zur Verf\u00fcgung.\" \/>\n<meta property=\"og:url\" content=\"https:\/\/www.stachristiana.at\/volksschule-wiener-neustadt\/virtueller-rundgang\/\" \/>\n<meta property=\"og:site_name\" content=\"Volksschule Wr. Neustadt\" \/>\n<meta property=\"article:modified_time\" content=\"2024-02-06T11:08:14+00:00\" \/>\n<meta property=\"og:image\" content=\"https:\/\/www.stachristiana.at\/app\/uploads\/sites\/10\/2022\/05\/logo-sta-christiana.png\" \/>\n\t<meta property=\"og:image:width\" content=\"1200\" \/>\n\t<meta property=\"og:image:height\" content=\"491\" \/>\n\t<meta property=\"og:image:type\" content=\"image\/png\" \/>\n<meta name=\"twitter:card\" content=\"summary_large_image\" \/>\n<meta name=\"twitter:label1\" content=\"Gesch\u00e4tzte Lesezeit\" \/>\n\t<meta name=\"twitter:data1\" content=\"1\u00a0Minute\" \/>\n<script type=\"application\/ld+json\" class=\"yoast-schema-graph\">{\"@context\":\"https:\/\/schema.org\",\"@graph\":[{\"@type\":\"WebPage\",\"@id\":\"https:\/\/www.stachristiana.at\/volksschule-wiener-neustadt\/virtueller-rundgang\/\",\"url\":\"https:\/\/www.stachristiana.at\/volksschule-wiener-neustadt\/virtueller-rundgang\/\",\"name\":\"Virtueller Rundgang - Volksschule Wr. Neustadt\",\"isPartOf\":{\"@id\":\"https:\/\/www.stachristiana.at\/volksschule-wiener-neustadt\/#website\"},\"datePublished\":\"2024-01-25T12:53:53+00:00\",\"dateModified\":\"2024-02-06T11:08:14+00:00\",\"breadcrumb\":{\"@id\":\"https:\/\/www.stachristiana.at\/volksschule-wiener-neustadt\/virtueller-rundgang\/#breadcrumb\"},\"inLanguage\":\"de\",\"potentialAction\":[{\"@type\":\"ReadAction\",\"target\":[\"https:\/\/www.stachristiana.at\/volksschule-wiener-neustadt\/virtueller-rundgang\/\"]}]},{\"@type\":\"BreadcrumbList\",\"@id\":\"https:\/\/www.stachristiana.at\/volksschule-wiener-neustadt\/virtueller-rundgang\/#breadcrumb\",\"itemListElement\":[{\"@type\":\"ListItem\",\"position\":1,\"name\":\"Start\",\"item\":\"https:\/\/www.stachristiana.at\/\"},{\"@type\":\"ListItem\",\"position\":2,\"name\":\"Virtueller Rundgang\"}]},{\"@type\":\"WebSite\",\"@id\":\"https:\/\/www.stachristiana.at\/volksschule-wiener-neustadt\/#website\",\"url\":\"https:\/\/www.stachristiana.at\/volksschule-wiener-neustadt\/\",\"name\":\"Sta. Christiana - Private Volksschule Wr. Neustadt\",\"description\":\"Sta. Christiana - Schulen zum Leben\",\"publisher\":{\"@id\":\"https:\/\/www.stachristiana.at\/volksschule-wiener-neustadt\/#organization\"},\"alternateName\":\"Private Volksschule Wr. Neustadt\",\"potentialAction\":[{\"@type\":\"SearchAction\",\"target\":{\"@type\":\"EntryPoint\",\"urlTemplate\":\"https:\/\/www.stachristiana.at\/volksschule-wiener-neustadt\/?s={search_term_string}\"},\"query-input\":{\"@type\":\"PropertyValueSpecification\",\"valueRequired\":true,\"valueName\":\"search_term_string\"}}],\"inLanguage\":\"de\"},{\"@type\":\"Organization\",\"@id\":\"https:\/\/www.stachristiana.at\/volksschule-wiener-neustadt\/#organization\",\"name\":\"Sta. Christiana - Private Volksschule Wr. Neustadt\",\"alternateName\":\"Private Volksschule Wr. Neustadt\",\"url\":\"https:\/\/www.stachristiana.at\/volksschule-wiener-neustadt\/\",\"logo\":{\"@type\":\"ImageObject\",\"inLanguage\":\"de\",\"@id\":\"https:\/\/www.stachristiana.at\/volksschule-wiener-neustadt\/#\/schema\/logo\/image\/\",\"url\":\"https:\/\/www.stachristiana.at\/app\/uploads\/sites\/10\/2022\/05\/logo-sta-christiana.png\",\"contentUrl\":\"https:\/\/www.stachristiana.at\/app\/uploads\/sites\/10\/2022\/05\/logo-sta-christiana.png\",\"width\":1200,\"height\":491,\"caption\":\"Sta. Christiana - Private Volksschule Wr. Neustadt\"},\"image\":{\"@id\":\"https:\/\/www.stachristiana.at\/volksschule-wiener-neustadt\/#\/schema\/logo\/image\/\"}}]}<\/script>\n<!-- \/ Yoast SEO plugin. -->","yoast_head_json":{"title":"Virtueller Rundgang - Volksschule Wr. Neustadt","robots":{"index":"index","follow":"follow","max-snippet":"max-snippet:-1","max-image-preview":"max-image-preview:large","max-video-preview":"max-video-preview:-1"},"canonical":"https:\/\/www.stachristiana.at\/volksschule-wiener-neustadt\/virtueller-rundgang\/","og_locale":"de_DE","og_type":"article","og_title":"Virtueller Rundgang - Volksschule Wr. Neustadt","og_description":"Machen Sie einen Spaziergang durch unser Schulgeb\u00e4ude. Schauen Sie in die Klassenzimmer, den Speisesaal oder an andere Pl\u00e4tze! Viel Spa\u00df! Anmerkungen:Der Physiksaal (Vorschaubild) wird Aug. 2024 fertiggestellt.Die Kirche St. Leopold steht der Schule f\u00fcr die Gottesdienste zur Verf\u00fcgung.","og_url":"https:\/\/www.stachristiana.at\/volksschule-wiener-neustadt\/virtueller-rundgang\/","og_site_name":"Volksschule Wr. Neustadt","article_modified_time":"2024-02-06T11:08:14+00:00","og_image":[{"width":1200,"height":491,"url":"https:\/\/www.stachristiana.at\/app\/uploads\/sites\/10\/2022\/05\/logo-sta-christiana.png","type":"image\/png"}],"twitter_card":"summary_large_image","twitter_misc":{"Gesch\u00e4tzte Lesezeit":"1\u00a0Minute"},"schema":{"@context":"https:\/\/schema.org","@graph":[{"@type":"WebPage","@id":"https:\/\/www.stachristiana.at\/volksschule-wiener-neustadt\/virtueller-rundgang\/","url":"https:\/\/www.stachristiana.at\/volksschule-wiener-neustadt\/virtueller-rundgang\/","name":"Virtueller Rundgang - Volksschule Wr. Neustadt","isPartOf":{"@id":"https:\/\/www.stachristiana.at\/volksschule-wiener-neustadt\/#website"},"datePublished":"2024-01-25T12:53:53+00:00","dateModified":"2024-02-06T11:08:14+00:00","breadcrumb":{"@id":"https:\/\/www.stachristiana.at\/volksschule-wiener-neustadt\/virtueller-rundgang\/#breadcrumb"},"inLanguage":"de","potentialAction":[{"@type":"ReadAction","target":["https:\/\/www.stachristiana.at\/volksschule-wiener-neustadt\/virtueller-rundgang\/"]}]},{"@type":"BreadcrumbList","@id":"https:\/\/www.stachristiana.at\/volksschule-wiener-neustadt\/virtueller-rundgang\/#breadcrumb","itemListElement":[{"@type":"ListItem","position":1,"name":"Start","item":"https:\/\/www.stachristiana.at\/"},{"@type":"ListItem","position":2,"name":"Virtueller Rundgang"}]},{"@type":"WebSite","@id":"https:\/\/www.stachristiana.at\/volksschule-wiener-neustadt\/#website","url":"https:\/\/www.stachristiana.at\/volksschule-wiener-neustadt\/","name":"Sta. Christiana - Private Volksschule Wr. Neustadt","description":"Sta. Christiana - Schulen zum Leben","publisher":{"@id":"https:\/\/www.stachristiana.at\/volksschule-wiener-neustadt\/#organization"},"alternateName":"Private Volksschule Wr. Neustadt","potentialAction":[{"@type":"SearchAction","target":{"@type":"EntryPoint","urlTemplate":"https:\/\/www.stachristiana.at\/volksschule-wiener-neustadt\/?s={search_term_string}"},"query-input":{"@type":"PropertyValueSpecification","valueRequired":true,"valueName":"search_term_string"}}],"inLanguage":"de"},{"@type":"Organization","@id":"https:\/\/www.stachristiana.at\/volksschule-wiener-neustadt\/#organization","name":"Sta. Christiana - Private Volksschule Wr. Neustadt","alternateName":"Private Volksschule Wr. Neustadt","url":"https:\/\/www.stachristiana.at\/volksschule-wiener-neustadt\/","logo":{"@type":"ImageObject","inLanguage":"de","@id":"https:\/\/www.stachristiana.at\/volksschule-wiener-neustadt\/#\/schema\/logo\/image\/","url":"https:\/\/www.stachristiana.at\/app\/uploads\/sites\/10\/2022\/05\/logo-sta-christiana.png","contentUrl":"https:\/\/www.stachristiana.at\/app\/uploads\/sites\/10\/2022\/05\/logo-sta-christiana.png","width":1200,"height":491,"caption":"Sta. Christiana - Private Volksschule Wr. Neustadt"},"image":{"@id":"https:\/\/www.stachristiana.at\/volksschule-wiener-neustadt\/#\/schema\/logo\/image\/"}}]}},"_links":{"self":[{"href":"https:\/\/www.stachristiana.at\/volksschule-wiener-neustadt\/wp-json\/wp\/v2\/pages\/4584","targetHints":{"allow":["GET"]}}],"collection":[{"href":"https:\/\/www.stachristiana.at\/volksschule-wiener-neustadt\/wp-json\/wp\/v2\/pages"}],"about":[{"href":"https:\/\/www.stachristiana.at\/volksschule-wiener-neustadt\/wp-json\/wp\/v2\/types\/page"}],"author":[{"embeddable":true,"href":"https:\/\/www.stachristiana.at\/volksschule-wiener-neustadt\/wp-json\/wp\/v2\/users\/5"}],"replies":[{"embeddable":true,"href":"https:\/\/www.stachristiana.at\/volksschule-wiener-neustadt\/wp-json\/wp\/v2\/comments?post=4584"}],"version-history":[{"count":3,"href":"https:\/\/www.stachristiana.at\/volksschule-wiener-neustadt\/wp-json\/wp\/v2\/pages\/4584\/revisions"}],"predecessor-version":[{"id":4686,"href":"https:\/\/www.stachristiana.at\/volksschule-wiener-neustadt\/wp-json\/wp\/v2\/pages\/4584\/revisions\/4686"}],"wp:attachment":[{"href":"https:\/\/www.stachristiana.at\/volksschule-wiener-neustadt\/wp-json\/wp\/v2\/media?parent=4584"}],"curies":[{"name":"wp","href":"https:\/\/api.w.org\/{rel}","templated":true}]}}