{"id":180,"date":"2022-05-11T20:20:48","date_gmt":"2022-05-11T18:20:48","guid":{"rendered":"https:\/\/devmultisite.superfesch.at\/hlw-rodaun\/?page_id=180"},"modified":"2025-12-16T19:15:19","modified_gmt":"2025-12-16T18:15:19","slug":"leitung","status":"publish","type":"page","link":"https:\/\/www.stachristiana.at\/volksschule-wiener-neustadt\/wer-wir-sind\/leitung\/","title":{"rendered":"Schulleitung"},"content":{"rendered":"\n<blockquote class=\"wp-block-quote is-layout-flow wp-block-quote-is-layout-flow\">\n<p>\u201eGib jedem Tag die Chance, der sch\u00f6nste deines Lebens zu werden.\u201c<\/p>\n\n\n\n<p><\/p>\n<\/blockquote>\n\n\n\n<div id=\"persons-block_641898525fb2396883da5717f71e96a9\" class=\"persons-list\">\n\t\t\t\t<div class=\"persons-list-item person-management\">\n\t\t\t<figure class=\"person-photo\"><img loading=\"lazy\" decoding=\"async\" width=\"1535\" height=\"2126\" src=\"https:\/\/www.stachristiana.at\/app\/uploads\/sites\/10\/2025\/08\/DSC_5360kor.jpg\" class=\"attachment-full size-full wp-post-image\" alt=\"\" srcset=\"https:\/\/www.stachristiana.at\/app\/uploads\/sites\/10\/2025\/08\/DSC_5360kor.jpg 1535w, https:\/\/www.stachristiana.at\/app\/uploads\/sites\/10\/2025\/08\/DSC_5360kor-289x400.jpg 289w, https:\/\/www.stachristiana.at\/app\/uploads\/sites\/10\/2025\/08\/DSC_5360kor-739x1024.jpg 739w, https:\/\/www.stachristiana.at\/app\/uploads\/sites\/10\/2025\/08\/DSC_5360kor-768x1064.jpg 768w, https:\/\/www.stachristiana.at\/app\/uploads\/sites\/10\/2025\/08\/DSC_5360kor-1109x1536.jpg 1109w, https:\/\/www.stachristiana.at\/app\/uploads\/sites\/10\/2025\/08\/DSC_5360kor-1479x2048.jpg 1479w, https:\/\/www.stachristiana.at\/app\/uploads\/sites\/10\/2025\/08\/DSC_5360kor-332x460.jpg 332w, https:\/\/www.stachristiana.at\/app\/uploads\/sites\/10\/2025\/08\/DSC_5360kor-54x75.jpg 54w\" sizes=\"auto, (max-width: 1535px) 100vw, 1535px\" \/><\/figure>\n\t\t\t<div class=\"person-data\">\n\t\t\t\t<p class=\"person-position\">Direktorin<\/p>\n\t\t\t\t<h2 class=\"person-name\">OSR Dipl.-P\u00e4d. VOL Martina Leipelt<\/h2>\n\t\t\t\t\t\t\t\t<a href=\"mailto:vs.wrneustadt@stachristiana.at\" class=\"person-email\" title=\"Email an vs.wrneustadt@stachristiana.at\">\n\t\t\t\t\t<i class=\"fa fa-envelope\" aria-hidden=\"true\"><\/i>\n\t\t\t\t\t<span class=\"link-text\">vs.wrneustadt@stachristiana.at<\/span>\n\t\t\t\t<\/a>\n\t\t\t\t\t\t\t\t\n\t\t\t\t<a href=\"tel:+4326222238716\" class=\"person-phone\">\n\t\t\t\t\t<i class=\"fa fa-phone-square\" aria-hidden=\"true\"><\/i>\n\t\t\t\t\t<span class=\"link-text\">02622  \/  22387 &#8211; 16<\/span>\n\t\t\t\t<\/a>\n\t\t\t<\/div>\n\t\t<\/div>\n\n\t\t\t<div class=\"persons-list-item person-management\">\n\t\t\t<figure class=\"person-photo\"><img loading=\"lazy\" decoding=\"async\" width=\"1535\" height=\"2126\" src=\"https:\/\/www.stachristiana.at\/app\/uploads\/sites\/10\/2025\/08\/DSC_5363kor.jpg\" class=\"attachment-full size-full wp-post-image\" alt=\"\" srcset=\"https:\/\/www.stachristiana.at\/app\/uploads\/sites\/10\/2025\/08\/DSC_5363kor.jpg 1535w, https:\/\/www.stachristiana.at\/app\/uploads\/sites\/10\/2025\/08\/DSC_5363kor-289x400.jpg 289w, https:\/\/www.stachristiana.at\/app\/uploads\/sites\/10\/2025\/08\/DSC_5363kor-739x1024.jpg 739w, https:\/\/www.stachristiana.at\/app\/uploads\/sites\/10\/2025\/08\/DSC_5363kor-768x1064.jpg 768w, https:\/\/www.stachristiana.at\/app\/uploads\/sites\/10\/2025\/08\/DSC_5363kor-1109x1536.jpg 1109w, https:\/\/www.stachristiana.at\/app\/uploads\/sites\/10\/2025\/08\/DSC_5363kor-1479x2048.jpg 1479w, https:\/\/www.stachristiana.at\/app\/uploads\/sites\/10\/2025\/08\/DSC_5363kor-332x460.jpg 332w, https:\/\/www.stachristiana.at\/app\/uploads\/sites\/10\/2025\/08\/DSC_5363kor-54x75.jpg 54w\" sizes=\"auto, (max-width: 1535px) 100vw, 1535px\" \/><\/figure>\n\t\t\t<div class=\"person-data\">\n\t\t\t\t<p class=\"person-position\">Leiterstellvertreterin<\/p>\n\t\t\t\t<h2 class=\"person-name\">SR Dipl.-P\u00e4d. VOL Katja Zierhofer<\/h2>\n\t\t\t\t\t\t\t\t<a href=\"mailto:katja.zierhofer@stachristiana.at\" class=\"person-email\" title=\"Email an katja.zierhofer@stachristiana.at\">\n\t\t\t\t\t<i class=\"fa fa-envelope\" aria-hidden=\"true\"><\/i>\n\t\t\t\t\t<span class=\"link-text\">katja.zierhofer@stachristiana.at<\/span>\n\t\t\t\t<\/a>\n\t\t\t\t\t\t\t\t\n\t\t\t\t<a href=\"tel:+4326222238716\" class=\"person-phone\">\n\t\t\t\t\t<i class=\"fa fa-phone-square\" aria-hidden=\"true\"><\/i>\n\t\t\t\t\t<span class=\"link-text\">02622 \/ 22387-16<\/span>\n\t\t\t\t<\/a>\n\t\t\t<\/div>\n\t\t<\/div>\n\n<\/div>\n\n\n\n<p><strong>FAX: 02622\/22387 &#8211; 18<\/strong><\/p>\n\n\n\n<p><strong>Voranmeldungen<\/strong> sind w\u00e4hrend des ganzen Jahres bei mir m\u00f6glich.<\/p>\n\n\n\n<p>Das<strong> Erhebungsblatt<\/strong> dazu, finden Sie unter Anmeldung. F\u00fcr eine Vormerkung \u00fcbermitteln Sie dieses bitte in die Schule und nehmen mit mir Kontakt auf.<br>bei meiner Abwesenheit vertritt mich meine Stellvertretung <strong>Katja Zierhofer.<\/strong><\/p>\n\n\n\n<figure class=\"wp-block-image aligncenter size-large is-resized\"><img loading=\"lazy\" decoding=\"async\" width=\"739\" height=\"1024\" src=\"https:\/\/www.stachristiana.at\/app\/uploads\/sites\/10\/2025\/08\/DSC_5377kor-739x1024.jpg\" alt=\"\" class=\"wp-image-8898\" style=\"width:218px;height:auto\" srcset=\"https:\/\/www.stachristiana.at\/app\/uploads\/sites\/10\/2025\/08\/DSC_5377kor-739x1024.jpg 739w, https:\/\/www.stachristiana.at\/app\/uploads\/sites\/10\/2025\/08\/DSC_5377kor-289x400.jpg 289w, https:\/\/www.stachristiana.at\/app\/uploads\/sites\/10\/2025\/08\/DSC_5377kor-768x1064.jpg 768w, https:\/\/www.stachristiana.at\/app\/uploads\/sites\/10\/2025\/08\/DSC_5377kor-1109x1536.jpg 1109w, https:\/\/www.stachristiana.at\/app\/uploads\/sites\/10\/2025\/08\/DSC_5377kor-1479x2048.jpg 1479w, https:\/\/www.stachristiana.at\/app\/uploads\/sites\/10\/2025\/08\/DSC_5377kor-332x460.jpg 332w, https:\/\/www.stachristiana.at\/app\/uploads\/sites\/10\/2025\/08\/DSC_5377kor-54x75.jpg 54w, https:\/\/www.stachristiana.at\/app\/uploads\/sites\/10\/2025\/08\/DSC_5377kor.jpg 1535w\" sizes=\"auto, (max-width: 739px) 100vw, 739px\" \/><\/figure>\n\n\n\n<p><br>Au\u00dferdem erfahren Sie auf unserer Willkommensseite, wann die n\u00e4chste <strong>Schulf\u00fchrung&nbsp;<\/strong>mit mir stattfindet. Dazu sind Sie herzlich eingeladen. Ich bitte um <a href=\"mailto:vs.wrneustadt@stachristiana.at\">Voranmeldung per E-Mail<\/a>.<\/p>\n\n\n\n<div id=\"gallery-block_7d1fa6ae95c500f09decb4733fe43872\" class=\"gallery\">\n\t\t\n\t\t<a href=\"https:\/\/www.stachristiana.at\/app\/uploads\/sites\/10\/2025\/05\/l7.jpg\" class=\"gallery-item\" data-caption=\"&lt;strong&gt;l7&lt;\/strong&gt;\" data-fancybox=\"gallery-block_7d1fa6ae95c500f09decb4733fe43872\" data-width=\"640\" data-height=\"481\"><img loading=\"lazy\" decoding=\"async\" width=\"400\" height=\"301\" src=\"https:\/\/www.stachristiana.at\/app\/uploads\/sites\/10\/2025\/05\/l7-400x301.jpg\" class=\"attachment-medium size-medium\" alt=\"\" srcset=\"https:\/\/www.stachristiana.at\/app\/uploads\/sites\/10\/2025\/05\/l7-400x301.jpg 400w, https:\/\/www.stachristiana.at\/app\/uploads\/sites\/10\/2025\/05\/l7-612x460.jpg 612w, https:\/\/www.stachristiana.at\/app\/uploads\/sites\/10\/2025\/05\/l7-100x75.jpg 100w, https:\/\/www.stachristiana.at\/app\/uploads\/sites\/10\/2025\/05\/l7.jpg 640w\" sizes=\"auto, (max-width: 400px) 100vw, 400px\" \/><\/a>\n\n\t\t\n\t\t<a href=\"https:\/\/www.stachristiana.at\/app\/uploads\/sites\/10\/2023\/01\/Leitungs-Bild-Kinder.jpg\" class=\"gallery-item\" data-caption=\"&lt;strong&gt;Leitungs-Bild-Kinder&lt;\/strong&gt;\" data-fancybox=\"gallery-block_7d1fa6ae95c500f09decb4733fe43872\" data-width=\"2016\" data-height=\"1134\"><img loading=\"lazy\" decoding=\"async\" width=\"400\" height=\"225\" src=\"https:\/\/www.stachristiana.at\/app\/uploads\/sites\/10\/2023\/01\/Leitungs-Bild-Kinder-400x225.jpg\" class=\"attachment-medium size-medium\" alt=\"\" srcset=\"https:\/\/www.stachristiana.at\/app\/uploads\/sites\/10\/2023\/01\/Leitungs-Bild-Kinder-400x225.jpg 400w, https:\/\/www.stachristiana.at\/app\/uploads\/sites\/10\/2023\/01\/Leitungs-Bild-Kinder-1024x576.jpg 1024w, https:\/\/www.stachristiana.at\/app\/uploads\/sites\/10\/2023\/01\/Leitungs-Bild-Kinder-768x432.jpg 768w, https:\/\/www.stachristiana.at\/app\/uploads\/sites\/10\/2023\/01\/Leitungs-Bild-Kinder-1536x864.jpg 1536w, https:\/\/www.stachristiana.at\/app\/uploads\/sites\/10\/2023\/01\/Leitungs-Bild-Kinder-818x460.jpg 818w, https:\/\/www.stachristiana.at\/app\/uploads\/sites\/10\/2023\/01\/Leitungs-Bild-Kinder-133x75.jpg 133w, https:\/\/www.stachristiana.at\/app\/uploads\/sites\/10\/2023\/01\/Leitungs-Bild-Kinder.jpg 2016w\" sizes=\"auto, (max-width: 400px) 100vw, 400px\" \/><\/a>\n\n\t<\/div>\n\n\n\n\n<p><strong>Datenschutz:<\/strong><\/p>\n\n\n\n<figure class=\"wp-block-embed\"><div class=\"wp-block-embed__wrapper\">\nhttps:\/\/bildung.bmbwf.gv.at\/schulen\/datenschutz\/index.html\n<\/div><\/figure>\n\n\n\n<p>DSGVO: Erkl\u00e4rung zur Informationspflicht:<\/p>\n\n\n\n<p>Der Schutz Ihrer pers\u00f6nlichen Daten ist uns ein gro\u00dfes Anliegen. Die Verarbeitung personenbezogener Daten erfolgt ausschlie\u00dflich auf der Grundlage der gesetzlichen Bestimmungen (TKG, DSGVO).<\/p>\n\n\n\n<p>&nbsp;Wenn Sie mit uns Kontakt aufnehmen, verwenden wir Ihre angegebenen Daten ausschlie\u00dflich zur Bearbeitung Ihrer Anliegen und geben diese auch nicht ohne Ihre ausdr\u00fcckliche Einwilligung weiter.<\/p>\n","protected":false},"excerpt":{"rendered":"<p>\u201eGib jedem Tag die Chance, der sch\u00f6nste deines Lebens zu werden.\u201c FAX: 02622\/22387 &#8211; 18 Voranmeldungen sind w\u00e4hrend des ganzen Jahres bei mir m\u00f6glich. Das Erhebungsblatt dazu, finden Sie unter Anmeldung. F\u00fcr eine Vormerkung \u00fcbermitteln Sie dieses bitte in die Schule und nehmen mit mir Kontakt auf.bei meiner Abwesenheit vertritt mich meine Stellvertretung Katja Zierhofer. [&hellip;]<\/p>\n","protected":false},"author":1,"featured_media":0,"parent":73,"menu_order":0,"comment_status":"closed","ping_status":"closed","template":"","meta":{"footnotes":""},"class_list":["post-180","page","type-page","status-publish","hentry"],"acf":[],"yoast_head":"<!-- This site is optimized with the Yoast SEO plugin v26.8 - https:\/\/yoast.com\/product\/yoast-seo-wordpress\/ -->\n<title>Schulleitung - Volksschule Wr. Neustadt<\/title>\n<meta name=\"robots\" content=\"index, follow, max-snippet:-1, max-image-preview:large, max-video-preview:-1\" \/>\n<link rel=\"canonical\" href=\"https:\/\/www.stachristiana.at\/volksschule-wiener-neustadt\/wer-wir-sind\/leitung\/\" \/>\n<meta property=\"og:locale\" content=\"de_DE\" \/>\n<meta property=\"og:type\" content=\"article\" \/>\n<meta property=\"og:title\" content=\"Schulleitung - Volksschule Wr. Neustadt\" \/>\n<meta property=\"og:description\" content=\"\u201eGib jedem Tag die Chance, der sch\u00f6nste deines Lebens zu werden.\u201c FAX: 02622\/22387 &#8211; 18 Voranmeldungen sind w\u00e4hrend des ganzen Jahres bei mir m\u00f6glich. Das Erhebungsblatt dazu, finden Sie unter Anmeldung. F\u00fcr eine Vormerkung \u00fcbermitteln Sie dieses bitte in die Schule und nehmen mit mir Kontakt auf.bei meiner Abwesenheit vertritt mich meine Stellvertretung Katja Zierhofer. [&hellip;]\" \/>\n<meta property=\"og:url\" content=\"https:\/\/www.stachristiana.at\/volksschule-wiener-neustadt\/wer-wir-sind\/leitung\/\" \/>\n<meta property=\"og:site_name\" content=\"Volksschule Wr. Neustadt\" \/>\n<meta property=\"article:modified_time\" content=\"2025-12-16T18:15:19+00:00\" \/>\n<meta property=\"og:image\" content=\"https:\/\/www.stachristiana.at\/app\/uploads\/sites\/10\/2025\/08\/DSC_5377kor-739x1024.jpg\" \/>\n<meta name=\"twitter:card\" content=\"summary_large_image\" \/>\n<script type=\"application\/ld+json\" class=\"yoast-schema-graph\">{\"@context\":\"https:\/\/schema.org\",\"@graph\":[{\"@type\":\"WebPage\",\"@id\":\"https:\/\/www.stachristiana.at\/volksschule-wiener-neustadt\/wer-wir-sind\/leitung\/\",\"url\":\"https:\/\/www.stachristiana.at\/volksschule-wiener-neustadt\/wer-wir-sind\/leitung\/\",\"name\":\"Schulleitung - Volksschule Wr. Neustadt\",\"isPartOf\":{\"@id\":\"https:\/\/www.stachristiana.at\/volksschule-wiener-neustadt\/#website\"},\"primaryImageOfPage\":{\"@id\":\"https:\/\/www.stachristiana.at\/volksschule-wiener-neustadt\/wer-wir-sind\/leitung\/#primaryimage\"},\"image\":{\"@id\":\"https:\/\/www.stachristiana.at\/volksschule-wiener-neustadt\/wer-wir-sind\/leitung\/#primaryimage\"},\"thumbnailUrl\":\"https:\/\/www.stachristiana.at\/app\/uploads\/sites\/10\/2025\/08\/DSC_5377kor-739x1024.jpg\",\"datePublished\":\"2022-05-11T18:20:48+00:00\",\"dateModified\":\"2025-12-16T18:15:19+00:00\",\"breadcrumb\":{\"@id\":\"https:\/\/www.stachristiana.at\/volksschule-wiener-neustadt\/wer-wir-sind\/leitung\/#breadcrumb\"},\"inLanguage\":\"de\",\"potentialAction\":[{\"@type\":\"ReadAction\",\"target\":[\"https:\/\/www.stachristiana.at\/volksschule-wiener-neustadt\/wer-wir-sind\/leitung\/\"]}]},{\"@type\":\"ImageObject\",\"inLanguage\":\"de\",\"@id\":\"https:\/\/www.stachristiana.at\/volksschule-wiener-neustadt\/wer-wir-sind\/leitung\/#primaryimage\",\"url\":\"https:\/\/www.stachristiana.at\/app\/uploads\/sites\/10\/2025\/08\/DSC_5377kor-739x1024.jpg\",\"contentUrl\":\"https:\/\/www.stachristiana.at\/app\/uploads\/sites\/10\/2025\/08\/DSC_5377kor-739x1024.jpg\"},{\"@type\":\"BreadcrumbList\",\"@id\":\"https:\/\/www.stachristiana.at\/volksschule-wiener-neustadt\/wer-wir-sind\/leitung\/#breadcrumb\",\"itemListElement\":[{\"@type\":\"ListItem\",\"position\":1,\"name\":\"Start\",\"item\":\"https:\/\/www.stachristiana.at\/\"},{\"@type\":\"ListItem\",\"position\":2,\"name\":\"Wer wir sind\",\"item\":\"https:\/\/www.stachristiana.at\/volksschule-wiener-neustadt\/wer-wir-sind\/\"},{\"@type\":\"ListItem\",\"position\":3,\"name\":\"Schulleitung\"}]},{\"@type\":\"WebSite\",\"@id\":\"https:\/\/www.stachristiana.at\/volksschule-wiener-neustadt\/#website\",\"url\":\"https:\/\/www.stachristiana.at\/volksschule-wiener-neustadt\/\",\"name\":\"Sta. Christiana - Private Volksschule Wr. Neustadt\",\"description\":\"Sta. Christiana - Schulen zum Leben\",\"publisher\":{\"@id\":\"https:\/\/www.stachristiana.at\/volksschule-wiener-neustadt\/#organization\"},\"alternateName\":\"Private Volksschule Wr. Neustadt\",\"potentialAction\":[{\"@type\":\"SearchAction\",\"target\":{\"@type\":\"EntryPoint\",\"urlTemplate\":\"https:\/\/www.stachristiana.at\/volksschule-wiener-neustadt\/?s={search_term_string}\"},\"query-input\":{\"@type\":\"PropertyValueSpecification\",\"valueRequired\":true,\"valueName\":\"search_term_string\"}}],\"inLanguage\":\"de\"},{\"@type\":\"Organization\",\"@id\":\"https:\/\/www.stachristiana.at\/volksschule-wiener-neustadt\/#organization\",\"name\":\"Sta. Christiana - Private Volksschule Wr. Neustadt\",\"alternateName\":\"Private Volksschule Wr. Neustadt\",\"url\":\"https:\/\/www.stachristiana.at\/volksschule-wiener-neustadt\/\",\"logo\":{\"@type\":\"ImageObject\",\"inLanguage\":\"de\",\"@id\":\"https:\/\/www.stachristiana.at\/volksschule-wiener-neustadt\/#\/schema\/logo\/image\/\",\"url\":\"https:\/\/www.stachristiana.at\/app\/uploads\/sites\/10\/2022\/05\/logo-sta-christiana.png\",\"contentUrl\":\"https:\/\/www.stachristiana.at\/app\/uploads\/sites\/10\/2022\/05\/logo-sta-christiana.png\",\"width\":1200,\"height\":491,\"caption\":\"Sta. Christiana - Private Volksschule Wr. Neustadt\"},\"image\":{\"@id\":\"https:\/\/www.stachristiana.at\/volksschule-wiener-neustadt\/#\/schema\/logo\/image\/\"}}]}<\/script>\n<!-- \/ Yoast SEO plugin. -->","yoast_head_json":{"title":"Schulleitung - Volksschule Wr. Neustadt","robots":{"index":"index","follow":"follow","max-snippet":"max-snippet:-1","max-image-preview":"max-image-preview:large","max-video-preview":"max-video-preview:-1"},"canonical":"https:\/\/www.stachristiana.at\/volksschule-wiener-neustadt\/wer-wir-sind\/leitung\/","og_locale":"de_DE","og_type":"article","og_title":"Schulleitung - Volksschule Wr. Neustadt","og_description":"\u201eGib jedem Tag die Chance, der sch\u00f6nste deines Lebens zu werden.\u201c FAX: 02622\/22387 &#8211; 18 Voranmeldungen sind w\u00e4hrend des ganzen Jahres bei mir m\u00f6glich. Das Erhebungsblatt dazu, finden Sie unter Anmeldung. F\u00fcr eine Vormerkung \u00fcbermitteln Sie dieses bitte in die Schule und nehmen mit mir Kontakt auf.bei meiner Abwesenheit vertritt mich meine Stellvertretung Katja Zierhofer. [&hellip;]","og_url":"https:\/\/www.stachristiana.at\/volksschule-wiener-neustadt\/wer-wir-sind\/leitung\/","og_site_name":"Volksschule Wr. Neustadt","article_modified_time":"2025-12-16T18:15:19+00:00","og_image":[{"url":"https:\/\/www.stachristiana.at\/app\/uploads\/sites\/10\/2025\/08\/DSC_5377kor-739x1024.jpg","type":"","width":"","height":""}],"twitter_card":"summary_large_image","schema":{"@context":"https:\/\/schema.org","@graph":[{"@type":"WebPage","@id":"https:\/\/www.stachristiana.at\/volksschule-wiener-neustadt\/wer-wir-sind\/leitung\/","url":"https:\/\/www.stachristiana.at\/volksschule-wiener-neustadt\/wer-wir-sind\/leitung\/","name":"Schulleitung - Volksschule Wr. Neustadt","isPartOf":{"@id":"https:\/\/www.stachristiana.at\/volksschule-wiener-neustadt\/#website"},"primaryImageOfPage":{"@id":"https:\/\/www.stachristiana.at\/volksschule-wiener-neustadt\/wer-wir-sind\/leitung\/#primaryimage"},"image":{"@id":"https:\/\/www.stachristiana.at\/volksschule-wiener-neustadt\/wer-wir-sind\/leitung\/#primaryimage"},"thumbnailUrl":"https:\/\/www.stachristiana.at\/app\/uploads\/sites\/10\/2025\/08\/DSC_5377kor-739x1024.jpg","datePublished":"2022-05-11T18:20:48+00:00","dateModified":"2025-12-16T18:15:19+00:00","breadcrumb":{"@id":"https:\/\/www.stachristiana.at\/volksschule-wiener-neustadt\/wer-wir-sind\/leitung\/#breadcrumb"},"inLanguage":"de","potentialAction":[{"@type":"ReadAction","target":["https:\/\/www.stachristiana.at\/volksschule-wiener-neustadt\/wer-wir-sind\/leitung\/"]}]},{"@type":"ImageObject","inLanguage":"de","@id":"https:\/\/www.stachristiana.at\/volksschule-wiener-neustadt\/wer-wir-sind\/leitung\/#primaryimage","url":"https:\/\/www.stachristiana.at\/app\/uploads\/sites\/10\/2025\/08\/DSC_5377kor-739x1024.jpg","contentUrl":"https:\/\/www.stachristiana.at\/app\/uploads\/sites\/10\/2025\/08\/DSC_5377kor-739x1024.jpg"},{"@type":"BreadcrumbList","@id":"https:\/\/www.stachristiana.at\/volksschule-wiener-neustadt\/wer-wir-sind\/leitung\/#breadcrumb","itemListElement":[{"@type":"ListItem","position":1,"name":"Start","item":"https:\/\/www.stachristiana.at\/"},{"@type":"ListItem","position":2,"name":"Wer wir sind","item":"https:\/\/www.stachristiana.at\/volksschule-wiener-neustadt\/wer-wir-sind\/"},{"@type":"ListItem","position":3,"name":"Schulleitung"}]},{"@type":"WebSite","@id":"https:\/\/www.stachristiana.at\/volksschule-wiener-neustadt\/#website","url":"https:\/\/www.stachristiana.at\/volksschule-wiener-neustadt\/","name":"Sta. Christiana - Private Volksschule Wr. Neustadt","description":"Sta. Christiana - Schulen zum Leben","publisher":{"@id":"https:\/\/www.stachristiana.at\/volksschule-wiener-neustadt\/#organization"},"alternateName":"Private Volksschule Wr. Neustadt","potentialAction":[{"@type":"SearchAction","target":{"@type":"EntryPoint","urlTemplate":"https:\/\/www.stachristiana.at\/volksschule-wiener-neustadt\/?s={search_term_string}"},"query-input":{"@type":"PropertyValueSpecification","valueRequired":true,"valueName":"search_term_string"}}],"inLanguage":"de"},{"@type":"Organization","@id":"https:\/\/www.stachristiana.at\/volksschule-wiener-neustadt\/#organization","name":"Sta. Christiana - Private Volksschule Wr. Neustadt","alternateName":"Private Volksschule Wr. Neustadt","url":"https:\/\/www.stachristiana.at\/volksschule-wiener-neustadt\/","logo":{"@type":"ImageObject","inLanguage":"de","@id":"https:\/\/www.stachristiana.at\/volksschule-wiener-neustadt\/#\/schema\/logo\/image\/","url":"https:\/\/www.stachristiana.at\/app\/uploads\/sites\/10\/2022\/05\/logo-sta-christiana.png","contentUrl":"https:\/\/www.stachristiana.at\/app\/uploads\/sites\/10\/2022\/05\/logo-sta-christiana.png","width":1200,"height":491,"caption":"Sta. Christiana - Private Volksschule Wr. Neustadt"},"image":{"@id":"https:\/\/www.stachristiana.at\/volksschule-wiener-neustadt\/#\/schema\/logo\/image\/"}}]}},"_links":{"self":[{"href":"https:\/\/www.stachristiana.at\/volksschule-wiener-neustadt\/wp-json\/wp\/v2\/pages\/180","targetHints":{"allow":["GET"]}}],"collection":[{"href":"https:\/\/www.stachristiana.at\/volksschule-wiener-neustadt\/wp-json\/wp\/v2\/pages"}],"about":[{"href":"https:\/\/www.stachristiana.at\/volksschule-wiener-neustadt\/wp-json\/wp\/v2\/types\/page"}],"author":[{"embeddable":true,"href":"https:\/\/www.stachristiana.at\/volksschule-wiener-neustadt\/wp-json\/wp\/v2\/users\/1"}],"replies":[{"embeddable":true,"href":"https:\/\/www.stachristiana.at\/volksschule-wiener-neustadt\/wp-json\/wp\/v2\/comments?post=180"}],"version-history":[{"count":21,"href":"https:\/\/www.stachristiana.at\/volksschule-wiener-neustadt\/wp-json\/wp\/v2\/pages\/180\/revisions"}],"predecessor-version":[{"id":8929,"href":"https:\/\/www.stachristiana.at\/volksschule-wiener-neustadt\/wp-json\/wp\/v2\/pages\/180\/revisions\/8929"}],"up":[{"embeddable":true,"href":"https:\/\/www.stachristiana.at\/volksschule-wiener-neustadt\/wp-json\/wp\/v2\/pages\/73"}],"wp:attachment":[{"href":"https:\/\/www.stachristiana.at\/volksschule-wiener-neustadt\/wp-json\/wp\/v2\/media?parent=180"}],"curies":[{"name":"wp","href":"https:\/\/api.w.org\/{rel}","templated":true}]}}