{"id":17,"date":"2022-05-01T11:48:18","date_gmt":"2022-05-01T09:48:18","guid":{"rendered":"https:\/\/devmultisite.superfesch.at\/dummy\/?page_id=17"},"modified":"2026-04-17T06:45:50","modified_gmt":"2026-04-17T04:45:50","slug":"willkommen","status":"publish","type":"page","link":"https:\/\/www.stachristiana.at\/volksschule-wiener-neustadt\/","title":{"rendered":"Herzlich willkommen"},"content":{"rendered":"\n<div class=\"wp-block-columns is-layout-flex wp-container-core-columns-is-layout-28f84493 wp-block-columns-is-layout-flex\">\n<div class=\"wp-block-column is-layout-flow wp-block-column-is-layout-flow\">\n<p><strong>&#8230; in der PVS Sta. Christiana Wiener Neustadt,<br>der katholischen Privatschule mit \u00d6ffentlichkeitsrecht<\/strong><\/p>\n\n\n\n<figure class=\"wp-block-image size-large is-resized\"><img loading=\"lazy\" decoding=\"async\" width=\"1024\" height=\"1024\" src=\"https:\/\/www.stachristiana.at\/app\/uploads\/sites\/10\/2026\/03\/CollageMaker_202631782831828-1024x1024.jpg\" alt=\"\" class=\"wp-image-9481\" style=\"width:348px;height:auto\" srcset=\"https:\/\/www.stachristiana.at\/app\/uploads\/sites\/10\/2026\/03\/CollageMaker_202631782831828-1024x1024.jpg 1024w, https:\/\/www.stachristiana.at\/app\/uploads\/sites\/10\/2026\/03\/CollageMaker_202631782831828-400x400.jpg 400w, https:\/\/www.stachristiana.at\/app\/uploads\/sites\/10\/2026\/03\/CollageMaker_202631782831828-150x150.jpg 150w, https:\/\/www.stachristiana.at\/app\/uploads\/sites\/10\/2026\/03\/CollageMaker_202631782831828-768x768.jpg 768w, https:\/\/www.stachristiana.at\/app\/uploads\/sites\/10\/2026\/03\/CollageMaker_202631782831828-1536x1536.jpg 1536w, https:\/\/www.stachristiana.at\/app\/uploads\/sites\/10\/2026\/03\/CollageMaker_202631782831828-2048x2048.jpg 2048w, https:\/\/www.stachristiana.at\/app\/uploads\/sites\/10\/2026\/03\/CollageMaker_202631782831828-250x250.jpg 250w, https:\/\/www.stachristiana.at\/app\/uploads\/sites\/10\/2026\/03\/CollageMaker_202631782831828-460x460.jpg 460w, https:\/\/www.stachristiana.at\/app\/uploads\/sites\/10\/2026\/03\/CollageMaker_202631782831828-75x75.jpg 75w\" sizes=\"auto, (max-width: 1024px) 100vw, 1024px\" \/><\/figure>\n\n\n\n<p>Qualit\u00e4t mit Tradition seit 1904!<br><br>&#8222;Die Liebe sei die erste Regel des Hauses.&#8220; <br><em>Madame de Mejanes<\/em><\/p>\n\n\n\n<p><\/p>\n\n\n\n<p><strong>N\u00e4chste Schulf\u00fchrung mit der Direktorin &#8211; Anmeldung unter<\/strong><br>vs.wrneustadt@stachristiana.at <strong>erbeten: <\/strong><br><strong>12.5.2026, 9.00 Uhr<\/strong><\/p>\n\n\n\n<p><strong>Anmeldungen sind w\u00e4hrend des ganzen Schuljahres m\u00f6glich. 02622\/22387-16<\/strong><\/p>\n\n\n\n<p><br><\/p>\n\n\n\n<div id=\"linklist-block_aff9b47c5fbb2a83841caebee76d9aa6\" class=\"linklist\">\n\t\t\n\t\t<a href=\"https:\/\/www.stachristiana.at\/app\/uploads\/sites\/10\/2024\/12\/Erhebungsblatt24.pdf\" target=\"_blank\" class=\"linklist-item linklist-item-hellblau\">\n\t\t\tErhebungsblatt NEU\t\t<\/a>\n\n\t<\/div>\n\n\n\n<p><br>Unsere gemeinsame Kommunikationsplattform:<br><a href=\"https:\/\/foxeducation.com\/schoolfox\/\" target=\"_blank\" rel=\"noreferrer noopener\">foxeducation.com\/schoolfox\/<\/a><\/p>\n\n\n\n<div id=\"gallery-block_f528c2fb8cb49d3cb1530332f8a325a4\" class=\"gallery\">\n\t\t\n\t\t<a href=\"https:\/\/www.stachristiana.at\/app\/uploads\/sites\/10\/2023\/05\/image.png\" class=\"gallery-item\" data-caption=\"&lt;strong&gt;image&lt;\/strong&gt;\" data-fancybox=\"gallery-block_f528c2fb8cb49d3cb1530332f8a325a4\" data-width=\"283\" data-height=\"283\"><img loading=\"lazy\" decoding=\"async\" width=\"283\" height=\"283\" src=\"https:\/\/www.stachristiana.at\/app\/uploads\/sites\/10\/2023\/05\/image.png\" class=\"attachment-medium size-medium\" alt=\"\" srcset=\"https:\/\/www.stachristiana.at\/app\/uploads\/sites\/10\/2023\/05\/image.png 283w, https:\/\/www.stachristiana.at\/app\/uploads\/sites\/10\/2023\/05\/image-150x150.png 150w, https:\/\/www.stachristiana.at\/app\/uploads\/sites\/10\/2023\/05\/image-250x250.png 250w, https:\/\/www.stachristiana.at\/app\/uploads\/sites\/10\/2023\/05\/image-75x75.png 75w\" sizes=\"auto, (max-width: 283px) 100vw, 283px\" \/><\/a>\n\n\t\t\n\t\t<a href=\"https:\/\/www.stachristiana.at\/app\/uploads\/sites\/10\/2023\/05\/Buchklub.jpg\" class=\"gallery-item\" data-caption=\"&lt;strong&gt;Buchklub&lt;\/strong&gt;\" data-fancybox=\"gallery-block_f528c2fb8cb49d3cb1530332f8a325a4\" data-width=\"130\" data-height=\"130\"><img loading=\"lazy\" decoding=\"async\" width=\"130\" height=\"130\" src=\"https:\/\/www.stachristiana.at\/app\/uploads\/sites\/10\/2023\/05\/Buchklub.jpg\" class=\"attachment-medium size-medium\" alt=\"\" srcset=\"https:\/\/www.stachristiana.at\/app\/uploads\/sites\/10\/2023\/05\/Buchklub.jpg 130w, https:\/\/www.stachristiana.at\/app\/uploads\/sites\/10\/2023\/05\/Buchklub-75x75.jpg 75w\" sizes=\"auto, (max-width: 130px) 100vw, 130px\" \/><\/a>\n\n\t\t\n\t\t<a href=\"https:\/\/www.stachristiana.at\/app\/uploads\/sites\/10\/2023\/05\/Wasserschule.jpg\" class=\"gallery-item\" data-caption=\"&lt;strong&gt;Wasserschule&lt;\/strong&gt;\" data-fancybox=\"gallery-block_f528c2fb8cb49d3cb1530332f8a325a4\" data-width=\"225\" data-height=\"225\"><img loading=\"lazy\" decoding=\"async\" width=\"225\" height=\"225\" src=\"https:\/\/www.stachristiana.at\/app\/uploads\/sites\/10\/2023\/05\/Wasserschule.jpg\" class=\"attachment-medium size-medium\" alt=\"\" srcset=\"https:\/\/www.stachristiana.at\/app\/uploads\/sites\/10\/2023\/05\/Wasserschule.jpg 225w, https:\/\/www.stachristiana.at\/app\/uploads\/sites\/10\/2023\/05\/Wasserschule-150x150.jpg 150w, https:\/\/www.stachristiana.at\/app\/uploads\/sites\/10\/2023\/05\/Wasserschule-75x75.jpg 75w\" sizes=\"auto, (max-width: 225px) 100vw, 225px\" \/><\/a>\n\n\t\t\n\t\t<a href=\"https:\/\/www.stachristiana.at\/app\/uploads\/sites\/10\/2023\/05\/CCLA.jpg\" class=\"gallery-item\" data-caption=\"&lt;strong&gt;CCLA&lt;\/strong&gt;\" data-fancybox=\"gallery-block_f528c2fb8cb49d3cb1530332f8a325a4\" data-width=\"968\" data-height=\"1334\"><img loading=\"lazy\" decoding=\"async\" width=\"290\" height=\"400\" src=\"https:\/\/www.stachristiana.at\/app\/uploads\/sites\/10\/2023\/05\/CCLA-290x400.jpg\" class=\"attachment-medium size-medium\" alt=\"\" srcset=\"https:\/\/www.stachristiana.at\/app\/uploads\/sites\/10\/2023\/05\/CCLA-290x400.jpg 290w, https:\/\/www.stachristiana.at\/app\/uploads\/sites\/10\/2023\/05\/CCLA-743x1024.jpg 743w, https:\/\/www.stachristiana.at\/app\/uploads\/sites\/10\/2023\/05\/CCLA-768x1058.jpg 768w, https:\/\/www.stachristiana.at\/app\/uploads\/sites\/10\/2023\/05\/CCLA-334x460.jpg 334w, https:\/\/www.stachristiana.at\/app\/uploads\/sites\/10\/2023\/05\/CCLA-54x75.jpg 54w, https:\/\/www.stachristiana.at\/app\/uploads\/sites\/10\/2023\/05\/CCLA.jpg 968w\" sizes=\"auto, (max-width: 290px) 100vw, 290px\" \/><\/a>\n\n\t\t\n\t\t<a href=\"https:\/\/www.stachristiana.at\/app\/uploads\/sites\/10\/2024\/11\/siegel-g-2023.png\" class=\"gallery-item\" data-caption=\"&lt;strong&gt;siegel-g-2023&lt;\/strong&gt;\" data-fancybox=\"gallery-block_f528c2fb8cb49d3cb1530332f8a325a4\" data-width=\"1200\" data-height=\"1200\"><img loading=\"lazy\" decoding=\"async\" width=\"400\" height=\"400\" src=\"https:\/\/www.stachristiana.at\/app\/uploads\/sites\/10\/2024\/11\/siegel-g-2023-400x400.png\" class=\"attachment-medium size-medium\" alt=\"\" srcset=\"https:\/\/www.stachristiana.at\/app\/uploads\/sites\/10\/2024\/11\/siegel-g-2023-400x400.png 400w, https:\/\/www.stachristiana.at\/app\/uploads\/sites\/10\/2024\/11\/siegel-g-2023-1024x1024.png 1024w, https:\/\/www.stachristiana.at\/app\/uploads\/sites\/10\/2024\/11\/siegel-g-2023-150x150.png 150w, https:\/\/www.stachristiana.at\/app\/uploads\/sites\/10\/2024\/11\/siegel-g-2023-768x768.png 768w, https:\/\/www.stachristiana.at\/app\/uploads\/sites\/10\/2024\/11\/siegel-g-2023-250x250.png 250w, https:\/\/www.stachristiana.at\/app\/uploads\/sites\/10\/2024\/11\/siegel-g-2023-460x460.png 460w, https:\/\/www.stachristiana.at\/app\/uploads\/sites\/10\/2024\/11\/siegel-g-2023-75x75.png 75w, https:\/\/www.stachristiana.at\/app\/uploads\/sites\/10\/2024\/11\/siegel-g-2023.png 1200w\" sizes=\"auto, (max-width: 400px) 100vw, 400px\" \/><\/a>\n\n\t\t\n\t\t<a href=\"https:\/\/www.stachristiana.at\/app\/uploads\/sites\/10\/2024\/11\/u-558b1cf060.pdf\" class=\"gallery-item\" data-caption=\"&lt;strong&gt;Schulsportg\u00fctesiegel&lt;\/strong&gt;\" data-fancybox=\"gallery-block_f528c2fb8cb49d3cb1530332f8a325a4\" data-width=\"\nWarning: Undefined array key \"width\" in \/home\/.sites\/865\/site7672037\/web\/app\/themes\/stchristiana\/blocks\/gallery.php on line 41\n\" data-height=\"\nWarning: Undefined array key \"height\" in \/home\/.sites\/865\/site7672037\/web\/app\/themes\/stchristiana\/blocks\/gallery.php on line 41\n\"><img loading=\"lazy\" decoding=\"async\" width=\"283\" height=\"400\" src=\"https:\/\/www.stachristiana.at\/app\/uploads\/sites\/10\/2024\/11\/u-558b1cf060-pdf-283x400.jpg\" class=\"attachment-medium size-medium\" alt=\"\" \/><\/a>\n\n\t<\/div>\n\n\n\n\n<p>&nbsp;&nbsp;<\/p>\n<\/div>\n<\/div>\n\n\n\n<h2 class=\"wp-block-heading\">Aktuelles<\/h2>\n\n\n\n<div id=\"list-block_2aefed1db147a21af949771fbc987a89\" class=\"article-list\">\n\t\t\n\t\t<a href=\"https:\/\/www.stachristiana.at\/volksschule-wiener-neustadt\/news\/so-macht-lernen-spass\/\" class=\"article-list-item focus-light\">\n\t\t\t<h3 class=\"list-item-title\">So macht Lernen Spa\u00df!<\/h3>\n\t\t\t<figure class=\"list-item-thumb\"><img loading=\"lazy\" decoding=\"async\" width=\"250\" height=\"250\" src=\"https:\/\/www.stachristiana.at\/app\/uploads\/sites\/10\/2026\/04\/MA2-250x250.jpeg\" class=\"attachment-article-thumb size-article-thumb wp-post-image\" alt=\"\" srcset=\"https:\/\/www.stachristiana.at\/app\/uploads\/sites\/10\/2026\/04\/MA2-250x250.jpeg 250w, https:\/\/www.stachristiana.at\/app\/uploads\/sites\/10\/2026\/04\/MA2-150x150.jpeg 150w\" sizes=\"auto, (max-width: 250px) 100vw, 250px\" \/><\/figure>\t\t\t<div class=\"list-item-text\">\n\t\t\t\t<p>Die Kinder der 3b l\u00f6sen h\u00e4ufig schwierige Rechenaufgaben in Gruppenarbeit bei ihren Tischen, auf den &#8222;Lerntischchen&#8220; auf dem Leseteppich in der Klasse und auf Teppichen am Gang. Sie besprechen gemeinsam<span class=\"light\"> &#8230;<\/span> <\/p>\n\t\t\t\t<span class=\"btn-read-more\" aria-hidden=\"true\"><i class=\"fa fa-chevron-right\" aria-hidden=\"true\"><\/i> mehr lesen&#8230;<\/span>\n\t\t\t<\/div>\n\t\t<\/a>\n\n\t\t\n\t\t<a href=\"https:\/\/www.stachristiana.at\/volksschule-wiener-neustadt\/news-3b-25-26\/osternesterl\/\" class=\"article-list-item focus-light\">\n\t\t\t<h3 class=\"list-item-title\">Osternesterl<\/h3>\n\t\t\t<figure class=\"list-item-thumb\"><img loading=\"lazy\" decoding=\"async\" width=\"250\" height=\"250\" src=\"https:\/\/www.stachristiana.at\/app\/uploads\/sites\/10\/2026\/04\/Ostern5-250x250.jpeg\" class=\"attachment-article-thumb size-article-thumb wp-post-image\" alt=\"\" srcset=\"https:\/\/www.stachristiana.at\/app\/uploads\/sites\/10\/2026\/04\/Ostern5-250x250.jpeg 250w, https:\/\/www.stachristiana.at\/app\/uploads\/sites\/10\/2026\/04\/Ostern5-150x150.jpeg 150w\" sizes=\"auto, (max-width: 250px) 100vw, 250px\" \/><\/figure>\t\t\t<div class=\"list-item-text\">\n\t\t\t\t<p>Die Werklehrerinnen Fr. Helperstorfer und Fr. Marady haben mit uns wundersch\u00f6ne Osternesterl gebastelt. Am Freitag vor den Ferien hat sogar der Osterhase vorbeigeschaut und diese bef\u00fcllt. Die Freude war gro\u00df!<\/p>\n\t\t\t\t<span class=\"btn-read-more\" aria-hidden=\"true\"><i class=\"fa fa-chevron-right\" aria-hidden=\"true\"><\/i> mehr lesen&#8230;<\/span>\n\t\t\t<\/div>\n\t\t<\/a>\n\n\t\t\n\t\t<a href=\"https:\/\/www.stachristiana.at\/volksschule-wiener-neustadt\/news\/eine-stadt-entsteht\/\" class=\"article-list-item focus-light\">\n\t\t\t<h3 class=\"list-item-title\">&#8222;Eine Stadt entsteht&#8220;<\/h3>\n\t\t\t<figure class=\"list-item-thumb\"><img loading=\"lazy\" decoding=\"async\" width=\"250\" height=\"250\" src=\"https:\/\/www.stachristiana.at\/app\/uploads\/sites\/10\/2026\/04\/Museum4-1-250x250.jpeg\" class=\"attachment-article-thumb size-article-thumb wp-post-image\" alt=\"\" srcset=\"https:\/\/www.stachristiana.at\/app\/uploads\/sites\/10\/2026\/04\/Museum4-1-250x250.jpeg 250w, https:\/\/www.stachristiana.at\/app\/uploads\/sites\/10\/2026\/04\/Museum4-1-150x150.jpeg 150w\" sizes=\"auto, (max-width: 250px) 100vw, 250px\" \/><\/figure>\t\t\t<div class=\"list-item-text\">\n\t\t\t\t<p>So hie\u00df der spannende Titel des Workshops im Museum Sankt Peter an der Sperr. Rosa Klenner erkl\u00e4rte sehr spannend und anschaulich, wie die alte Stadt entstanden ist. Die Kinder h\u00f6rten<span class=\"light\"> &#8230;<\/span> <\/p>\n\t\t\t\t<span class=\"btn-read-more\" aria-hidden=\"true\"><i class=\"fa fa-chevron-right\" aria-hidden=\"true\"><\/i> mehr lesen&#8230;<\/span>\n\t\t\t<\/div>\n\t\t<\/a>\n\n\t<\/div>\n\n\n\n<div style=\"height:70px\" aria-hidden=\"true\" class=\"wp-block-spacer\"><\/div>\n\n\n\n<div id=\"partners-block_b1a1875f875c1ab5acd33f272f466295\" class=\"partners\">\n\t<img loading=\"lazy\" decoding=\"async\" width=\"75\" height=\"75\" src=\"https:\/\/www.stachristiana.at\/app\/uploads\/sites\/10\/2022\/10\/N-tut-gut-75x75.jpg\" class=\"attachment-partner-logo size-partner-logo\" alt=\"\" srcset=\"https:\/\/www.stachristiana.at\/app\/uploads\/sites\/10\/2022\/10\/N-tut-gut-75x75.jpg 75w, https:\/\/www.stachristiana.at\/app\/uploads\/sites\/10\/2022\/10\/N-tut-gut-150x150.jpg 150w, https:\/\/www.stachristiana.at\/app\/uploads\/sites\/10\/2022\/10\/N-tut-gut.jpg 200w\" sizes=\"auto, (max-width: 75px) 100vw, 75px\" \/><\/div>\n","protected":false},"excerpt":{"rendered":"<p>&#8230; in der PVS Sta. Christiana Wiener Neustadt,der katholischen Privatschule mit \u00d6ffentlichkeitsrecht Qualit\u00e4t mit Tradition seit 1904! &#8222;Die Liebe sei die erste Regel des Hauses.&#8220; Madame de Mejanes N\u00e4chste Schulf\u00fchrung mit der Direktorin &#8211; Anmeldung untervs.wrneustadt@stachristiana.at erbeten: 12.5.2026, 9.00 Uhr Anmeldungen sind w\u00e4hrend des ganzen Schuljahres m\u00f6glich. 02622\/22387-16 Unsere gemeinsame Kommunikationsplattform:foxeducation.com\/schoolfox\/ &nbsp;&nbsp; Aktuelles<\/p>\n","protected":false},"author":1,"featured_media":0,"parent":0,"menu_order":0,"comment_status":"closed","ping_status":"closed","template":"","meta":{"footnotes":""},"class_list":["post-17","page","type-page","status-publish","hentry"],"acf":[],"yoast_head":"<!-- This site is optimized with the Yoast SEO plugin v26.8 - https:\/\/yoast.com\/product\/yoast-seo-wordpress\/ -->\n<title>Herzlich willkommen - Volksschule Wr. Neustadt<\/title>\n<meta name=\"robots\" content=\"index, follow, max-snippet:-1, max-image-preview:large, max-video-preview:-1\" \/>\n<link rel=\"canonical\" href=\"https:\/\/www.stachristiana.at\/volksschule-wiener-neustadt\/\" \/>\n<meta property=\"og:locale\" content=\"de_DE\" \/>\n<meta property=\"og:type\" content=\"article\" \/>\n<meta property=\"og:title\" content=\"Herzlich willkommen - Volksschule Wr. Neustadt\" \/>\n<meta property=\"og:description\" content=\"&#8230; in der PVS Sta. Christiana Wiener Neustadt,der katholischen Privatschule mit \u00d6ffentlichkeitsrecht Qualit\u00e4t mit Tradition seit 1904! &#8222;Die Liebe sei die erste Regel des Hauses.&#8220; Madame de Mejanes N\u00e4chste Schulf\u00fchrung mit der Direktorin &#8211; Anmeldung untervs.wrneustadt@stachristiana.at erbeten: 12.5.2026, 9.00 Uhr Anmeldungen sind w\u00e4hrend des ganzen Schuljahres m\u00f6glich. 02622\/22387-16 Unsere gemeinsame Kommunikationsplattform:foxeducation.com\/schoolfox\/ &nbsp;&nbsp; Aktuelles\" \/>\n<meta property=\"og:url\" content=\"https:\/\/www.stachristiana.at\/volksschule-wiener-neustadt\/\" \/>\n<meta property=\"og:site_name\" content=\"Volksschule Wr. Neustadt\" \/>\n<meta property=\"article:modified_time\" content=\"2026-04-17T04:45:50+00:00\" \/>\n<meta property=\"og:image\" content=\"https:\/\/www.stachristiana.at\/app\/uploads\/sites\/10\/2026\/03\/CollageMaker_202631782831828-1024x1024.jpg\" \/>\n\t<meta property=\"og:image:width\" content=\"1024\" \/>\n\t<meta property=\"og:image:height\" content=\"1024\" \/>\n\t<meta property=\"og:image:type\" content=\"image\/jpeg\" \/>\n<meta name=\"twitter:card\" content=\"summary_large_image\" \/>\n<meta name=\"twitter:label1\" content=\"Gesch\u00e4tzte Lesezeit\" \/>\n\t<meta name=\"twitter:data1\" content=\"1\u00a0Minute\" \/>\n<script type=\"application\/ld+json\" class=\"yoast-schema-graph\">{\"@context\":\"https:\/\/schema.org\",\"@graph\":[{\"@type\":\"WebPage\",\"@id\":\"https:\/\/www.stachristiana.at\/volksschule-wiener-neustadt\/\",\"url\":\"https:\/\/www.stachristiana.at\/volksschule-wiener-neustadt\/\",\"name\":\"Herzlich willkommen - Volksschule Wr. Neustadt\",\"isPartOf\":{\"@id\":\"https:\/\/www.stachristiana.at\/volksschule-wiener-neustadt\/#website\"},\"primaryImageOfPage\":{\"@id\":\"https:\/\/www.stachristiana.at\/volksschule-wiener-neustadt\/#primaryimage\"},\"image\":{\"@id\":\"https:\/\/www.stachristiana.at\/volksschule-wiener-neustadt\/#primaryimage\"},\"thumbnailUrl\":\"https:\/\/www.stachristiana.at\/app\/uploads\/sites\/10\/2026\/03\/CollageMaker_202631782831828-1024x1024.jpg\",\"datePublished\":\"2022-05-01T09:48:18+00:00\",\"dateModified\":\"2026-04-17T04:45:50+00:00\",\"breadcrumb\":{\"@id\":\"https:\/\/www.stachristiana.at\/volksschule-wiener-neustadt\/#breadcrumb\"},\"inLanguage\":\"de\",\"potentialAction\":[{\"@type\":\"ReadAction\",\"target\":[\"https:\/\/www.stachristiana.at\/volksschule-wiener-neustadt\/\"]}]},{\"@type\":\"ImageObject\",\"inLanguage\":\"de\",\"@id\":\"https:\/\/www.stachristiana.at\/volksschule-wiener-neustadt\/#primaryimage\",\"url\":\"https:\/\/www.stachristiana.at\/app\/uploads\/sites\/10\/2026\/03\/CollageMaker_202631782831828-1024x1024.jpg\",\"contentUrl\":\"https:\/\/www.stachristiana.at\/app\/uploads\/sites\/10\/2026\/03\/CollageMaker_202631782831828-1024x1024.jpg\"},{\"@type\":\"BreadcrumbList\",\"@id\":\"https:\/\/www.stachristiana.at\/volksschule-wiener-neustadt\/#breadcrumb\",\"itemListElement\":[{\"@type\":\"ListItem\",\"position\":1,\"name\":\"Start\",\"item\":\"https:\/\/www.stachristiana.at\/\"},{\"@type\":\"ListItem\",\"position\":2,\"name\":\"Herzlich willkommen\"}]},{\"@type\":\"WebSite\",\"@id\":\"https:\/\/www.stachristiana.at\/volksschule-wiener-neustadt\/#website\",\"url\":\"https:\/\/www.stachristiana.at\/volksschule-wiener-neustadt\/\",\"name\":\"Sta. Christiana - Private Volksschule Wr. Neustadt\",\"description\":\"Sta. Christiana - Schulen zum Leben\",\"publisher\":{\"@id\":\"https:\/\/www.stachristiana.at\/volksschule-wiener-neustadt\/#organization\"},\"alternateName\":\"Private Volksschule Wr. Neustadt\",\"potentialAction\":[{\"@type\":\"SearchAction\",\"target\":{\"@type\":\"EntryPoint\",\"urlTemplate\":\"https:\/\/www.stachristiana.at\/volksschule-wiener-neustadt\/?s={search_term_string}\"},\"query-input\":{\"@type\":\"PropertyValueSpecification\",\"valueRequired\":true,\"valueName\":\"search_term_string\"}}],\"inLanguage\":\"de\"},{\"@type\":\"Organization\",\"@id\":\"https:\/\/www.stachristiana.at\/volksschule-wiener-neustadt\/#organization\",\"name\":\"Sta. Christiana - Private Volksschule Wr. Neustadt\",\"alternateName\":\"Private Volksschule Wr. Neustadt\",\"url\":\"https:\/\/www.stachristiana.at\/volksschule-wiener-neustadt\/\",\"logo\":{\"@type\":\"ImageObject\",\"inLanguage\":\"de\",\"@id\":\"https:\/\/www.stachristiana.at\/volksschule-wiener-neustadt\/#\/schema\/logo\/image\/\",\"url\":\"https:\/\/www.stachristiana.at\/app\/uploads\/sites\/10\/2022\/05\/logo-sta-christiana.png\",\"contentUrl\":\"https:\/\/www.stachristiana.at\/app\/uploads\/sites\/10\/2022\/05\/logo-sta-christiana.png\",\"width\":1200,\"height\":491,\"caption\":\"Sta. Christiana - Private Volksschule Wr. Neustadt\"},\"image\":{\"@id\":\"https:\/\/www.stachristiana.at\/volksschule-wiener-neustadt\/#\/schema\/logo\/image\/\"}}]}<\/script>\n<!-- \/ Yoast SEO plugin. -->","yoast_head_json":{"title":"Herzlich willkommen - Volksschule Wr. Neustadt","robots":{"index":"index","follow":"follow","max-snippet":"max-snippet:-1","max-image-preview":"max-image-preview:large","max-video-preview":"max-video-preview:-1"},"canonical":"https:\/\/www.stachristiana.at\/volksschule-wiener-neustadt\/","og_locale":"de_DE","og_type":"article","og_title":"Herzlich willkommen - Volksschule Wr. Neustadt","og_description":"&#8230; in der PVS Sta. Christiana Wiener Neustadt,der katholischen Privatschule mit \u00d6ffentlichkeitsrecht Qualit\u00e4t mit Tradition seit 1904! &#8222;Die Liebe sei die erste Regel des Hauses.&#8220; Madame de Mejanes N\u00e4chste Schulf\u00fchrung mit der Direktorin &#8211; Anmeldung untervs.wrneustadt@stachristiana.at erbeten: 12.5.2026, 9.00 Uhr Anmeldungen sind w\u00e4hrend des ganzen Schuljahres m\u00f6glich. 02622\/22387-16 Unsere gemeinsame Kommunikationsplattform:foxeducation.com\/schoolfox\/ &nbsp;&nbsp; Aktuelles","og_url":"https:\/\/www.stachristiana.at\/volksschule-wiener-neustadt\/","og_site_name":"Volksschule Wr. Neustadt","article_modified_time":"2026-04-17T04:45:50+00:00","og_image":[{"width":1024,"height":1024,"url":"https:\/\/www.stachristiana.at\/app\/uploads\/sites\/10\/2026\/03\/CollageMaker_202631782831828-1024x1024.jpg","type":"image\/jpeg"}],"twitter_card":"summary_large_image","twitter_misc":{"Gesch\u00e4tzte Lesezeit":"1\u00a0Minute"},"schema":{"@context":"https:\/\/schema.org","@graph":[{"@type":"WebPage","@id":"https:\/\/www.stachristiana.at\/volksschule-wiener-neustadt\/","url":"https:\/\/www.stachristiana.at\/volksschule-wiener-neustadt\/","name":"Herzlich willkommen - Volksschule Wr. Neustadt","isPartOf":{"@id":"https:\/\/www.stachristiana.at\/volksschule-wiener-neustadt\/#website"},"primaryImageOfPage":{"@id":"https:\/\/www.stachristiana.at\/volksschule-wiener-neustadt\/#primaryimage"},"image":{"@id":"https:\/\/www.stachristiana.at\/volksschule-wiener-neustadt\/#primaryimage"},"thumbnailUrl":"https:\/\/www.stachristiana.at\/app\/uploads\/sites\/10\/2026\/03\/CollageMaker_202631782831828-1024x1024.jpg","datePublished":"2022-05-01T09:48:18+00:00","dateModified":"2026-04-17T04:45:50+00:00","breadcrumb":{"@id":"https:\/\/www.stachristiana.at\/volksschule-wiener-neustadt\/#breadcrumb"},"inLanguage":"de","potentialAction":[{"@type":"ReadAction","target":["https:\/\/www.stachristiana.at\/volksschule-wiener-neustadt\/"]}]},{"@type":"ImageObject","inLanguage":"de","@id":"https:\/\/www.stachristiana.at\/volksschule-wiener-neustadt\/#primaryimage","url":"https:\/\/www.stachristiana.at\/app\/uploads\/sites\/10\/2026\/03\/CollageMaker_202631782831828-1024x1024.jpg","contentUrl":"https:\/\/www.stachristiana.at\/app\/uploads\/sites\/10\/2026\/03\/CollageMaker_202631782831828-1024x1024.jpg"},{"@type":"BreadcrumbList","@id":"https:\/\/www.stachristiana.at\/volksschule-wiener-neustadt\/#breadcrumb","itemListElement":[{"@type":"ListItem","position":1,"name":"Start","item":"https:\/\/www.stachristiana.at\/"},{"@type":"ListItem","position":2,"name":"Herzlich willkommen"}]},{"@type":"WebSite","@id":"https:\/\/www.stachristiana.at\/volksschule-wiener-neustadt\/#website","url":"https:\/\/www.stachristiana.at\/volksschule-wiener-neustadt\/","name":"Sta. Christiana - Private Volksschule Wr. Neustadt","description":"Sta. Christiana - Schulen zum Leben","publisher":{"@id":"https:\/\/www.stachristiana.at\/volksschule-wiener-neustadt\/#organization"},"alternateName":"Private Volksschule Wr. Neustadt","potentialAction":[{"@type":"SearchAction","target":{"@type":"EntryPoint","urlTemplate":"https:\/\/www.stachristiana.at\/volksschule-wiener-neustadt\/?s={search_term_string}"},"query-input":{"@type":"PropertyValueSpecification","valueRequired":true,"valueName":"search_term_string"}}],"inLanguage":"de"},{"@type":"Organization","@id":"https:\/\/www.stachristiana.at\/volksschule-wiener-neustadt\/#organization","name":"Sta. Christiana - Private Volksschule Wr. Neustadt","alternateName":"Private Volksschule Wr. Neustadt","url":"https:\/\/www.stachristiana.at\/volksschule-wiener-neustadt\/","logo":{"@type":"ImageObject","inLanguage":"de","@id":"https:\/\/www.stachristiana.at\/volksschule-wiener-neustadt\/#\/schema\/logo\/image\/","url":"https:\/\/www.stachristiana.at\/app\/uploads\/sites\/10\/2022\/05\/logo-sta-christiana.png","contentUrl":"https:\/\/www.stachristiana.at\/app\/uploads\/sites\/10\/2022\/05\/logo-sta-christiana.png","width":1200,"height":491,"caption":"Sta. Christiana - Private Volksschule Wr. Neustadt"},"image":{"@id":"https:\/\/www.stachristiana.at\/volksschule-wiener-neustadt\/#\/schema\/logo\/image\/"}}]}},"_links":{"self":[{"href":"https:\/\/www.stachristiana.at\/volksschule-wiener-neustadt\/wp-json\/wp\/v2\/pages\/17","targetHints":{"allow":["GET"]}}],"collection":[{"href":"https:\/\/www.stachristiana.at\/volksschule-wiener-neustadt\/wp-json\/wp\/v2\/pages"}],"about":[{"href":"https:\/\/www.stachristiana.at\/volksschule-wiener-neustadt\/wp-json\/wp\/v2\/types\/page"}],"author":[{"embeddable":true,"href":"https:\/\/www.stachristiana.at\/volksschule-wiener-neustadt\/wp-json\/wp\/v2\/users\/1"}],"replies":[{"embeddable":true,"href":"https:\/\/www.stachristiana.at\/volksschule-wiener-neustadt\/wp-json\/wp\/v2\/comments?post=17"}],"version-history":[{"count":216,"href":"https:\/\/www.stachristiana.at\/volksschule-wiener-neustadt\/wp-json\/wp\/v2\/pages\/17\/revisions"}],"predecessor-version":[{"id":9745,"href":"https:\/\/www.stachristiana.at\/volksschule-wiener-neustadt\/wp-json\/wp\/v2\/pages\/17\/revisions\/9745"}],"wp:attachment":[{"href":"https:\/\/www.stachristiana.at\/volksschule-wiener-neustadt\/wp-json\/wp\/v2\/media?parent=17"}],"curies":[{"name":"wp","href":"https:\/\/api.w.org\/{rel}","templated":true}]}}