{"id":142,"date":"2022-05-10T16:01:12","date_gmt":"2022-05-10T14:01:12","guid":{"rendered":"https:\/\/devmultisite.superfesch.at\/hlw-rodaun\/?page_id=142"},"modified":"2025-08-31T17:56:18","modified_gmt":"2025-08-31T15:56:18","slug":"was-wir-tun","status":"publish","type":"page","link":"https:\/\/www.stachristiana.at\/volksschule-wiener-neustadt\/was-wir-tun\/","title":{"rendered":"Was wir tun"},"content":{"rendered":"\n<p>Auf den folgenden Seiten finden Sie Aktivit\u00e4ten unserer Klassen und aus einzelnen <br>Gegenst\u00e4nden. Wir alle sind bem\u00fcht, den Kindern Abwechslung zu bieten und ihnen <br>die M\u00f6glichkeit zum lebenspraktischen Lernen (Lehrausg\u00e4nge, Exkursionen, <br>Schullandwochen, Lesen\u00e4chte,&#8230;) zu bieten.<br>Es wird jedoch auch darauf geachtet, dass es nicht zu viel wird und gen\u00fcgend <br>Zeit zur Erarbeitung und Vertiefung des Unterrichtsstoffes <br>(Mathematik, Deutsch, Englisch,&#8230;) bleibt.<\/p>\n\n\n\n<figure class=\"wp-block-image size-full\"><img loading=\"lazy\" decoding=\"async\" width=\"600\" height=\"450\" src=\"https:\/\/www.stachristiana.at\/app\/uploads\/sites\/10\/2025\/06\/IMG_5461.jpg\" alt=\"\" class=\"wp-image-7916\" srcset=\"https:\/\/www.stachristiana.at\/app\/uploads\/sites\/10\/2025\/06\/IMG_5461.jpg 600w, https:\/\/www.stachristiana.at\/app\/uploads\/sites\/10\/2025\/06\/IMG_5461-400x300.jpg 400w, https:\/\/www.stachristiana.at\/app\/uploads\/sites\/10\/2025\/06\/IMG_5461-100x75.jpg 100w\" sizes=\"auto, (max-width: 600px) 100vw, 600px\" \/><\/figure>\n","protected":false},"excerpt":{"rendered":"<p>Auf den folgenden Seiten finden Sie Aktivit\u00e4ten unserer Klassen und aus einzelnen Gegenst\u00e4nden. Wir alle sind bem\u00fcht, den Kindern Abwechslung zu bieten und ihnen die M\u00f6glichkeit zum lebenspraktischen Lernen (Lehrausg\u00e4nge, Exkursionen, Schullandwochen, Lesen\u00e4chte,&#8230;) zu bieten.Es wird jedoch auch darauf geachtet, dass es nicht zu viel wird und gen\u00fcgend Zeit zur Erarbeitung und Vertiefung des Unterrichtsstoffes [&hellip;]<\/p>\n","protected":false},"author":1,"featured_media":0,"parent":0,"menu_order":400,"comment_status":"closed","ping_status":"closed","template":"","meta":{"footnotes":""},"class_list":["post-142","page","type-page","status-publish","hentry"],"acf":[],"yoast_head":"<!-- This site is optimized with the Yoast SEO plugin v26.8 - https:\/\/yoast.com\/product\/yoast-seo-wordpress\/ -->\n<title>Was wir tun - Volksschule Wr. Neustadt<\/title>\n<meta name=\"robots\" content=\"index, follow, max-snippet:-1, max-image-preview:large, max-video-preview:-1\" \/>\n<link rel=\"canonical\" href=\"https:\/\/www.stachristiana.at\/volksschule-wiener-neustadt\/was-wir-tun\/\" \/>\n<meta property=\"og:locale\" content=\"de_DE\" \/>\n<meta property=\"og:type\" content=\"article\" \/>\n<meta property=\"og:title\" content=\"Was wir tun - Volksschule Wr. Neustadt\" \/>\n<meta property=\"og:description\" content=\"Auf den folgenden Seiten finden Sie Aktivit\u00e4ten unserer Klassen und aus einzelnen Gegenst\u00e4nden. Wir alle sind bem\u00fcht, den Kindern Abwechslung zu bieten und ihnen die M\u00f6glichkeit zum lebenspraktischen Lernen (Lehrausg\u00e4nge, Exkursionen, Schullandwochen, Lesen\u00e4chte,&#8230;) zu bieten.Es wird jedoch auch darauf geachtet, dass es nicht zu viel wird und gen\u00fcgend Zeit zur Erarbeitung und Vertiefung des Unterrichtsstoffes [&hellip;]\" \/>\n<meta property=\"og:url\" content=\"https:\/\/www.stachristiana.at\/volksschule-wiener-neustadt\/was-wir-tun\/\" \/>\n<meta property=\"og:site_name\" content=\"Volksschule Wr. Neustadt\" \/>\n<meta property=\"article:modified_time\" content=\"2025-08-31T15:56:18+00:00\" \/>\n<meta property=\"og:image\" content=\"https:\/\/www.stachristiana.at\/app\/uploads\/sites\/10\/2025\/06\/IMG_5461.jpg\" \/>\n\t<meta property=\"og:image:width\" content=\"600\" \/>\n\t<meta property=\"og:image:height\" content=\"450\" \/>\n\t<meta property=\"og:image:type\" content=\"image\/jpeg\" \/>\n<meta name=\"twitter:card\" content=\"summary_large_image\" \/>\n<meta name=\"twitter:label1\" content=\"Gesch\u00e4tzte Lesezeit\" \/>\n\t<meta name=\"twitter:data1\" content=\"1\u00a0Minute\" \/>\n<script type=\"application\/ld+json\" class=\"yoast-schema-graph\">{\"@context\":\"https:\/\/schema.org\",\"@graph\":[{\"@type\":\"WebPage\",\"@id\":\"https:\/\/www.stachristiana.at\/volksschule-wiener-neustadt\/was-wir-tun\/\",\"url\":\"https:\/\/www.stachristiana.at\/volksschule-wiener-neustadt\/was-wir-tun\/\",\"name\":\"Was wir tun - Volksschule Wr. Neustadt\",\"isPartOf\":{\"@id\":\"https:\/\/www.stachristiana.at\/volksschule-wiener-neustadt\/#website\"},\"primaryImageOfPage\":{\"@id\":\"https:\/\/www.stachristiana.at\/volksschule-wiener-neustadt\/was-wir-tun\/#primaryimage\"},\"image\":{\"@id\":\"https:\/\/www.stachristiana.at\/volksschule-wiener-neustadt\/was-wir-tun\/#primaryimage\"},\"thumbnailUrl\":\"https:\/\/www.stachristiana.at\/app\/uploads\/sites\/10\/2025\/06\/IMG_5461.jpg\",\"datePublished\":\"2022-05-10T14:01:12+00:00\",\"dateModified\":\"2025-08-31T15:56:18+00:00\",\"breadcrumb\":{\"@id\":\"https:\/\/www.stachristiana.at\/volksschule-wiener-neustadt\/was-wir-tun\/#breadcrumb\"},\"inLanguage\":\"de\",\"potentialAction\":[{\"@type\":\"ReadAction\",\"target\":[\"https:\/\/www.stachristiana.at\/volksschule-wiener-neustadt\/was-wir-tun\/\"]}]},{\"@type\":\"ImageObject\",\"inLanguage\":\"de\",\"@id\":\"https:\/\/www.stachristiana.at\/volksschule-wiener-neustadt\/was-wir-tun\/#primaryimage\",\"url\":\"https:\/\/www.stachristiana.at\/app\/uploads\/sites\/10\/2025\/06\/IMG_5461.jpg\",\"contentUrl\":\"https:\/\/www.stachristiana.at\/app\/uploads\/sites\/10\/2025\/06\/IMG_5461.jpg\"},{\"@type\":\"BreadcrumbList\",\"@id\":\"https:\/\/www.stachristiana.at\/volksschule-wiener-neustadt\/was-wir-tun\/#breadcrumb\",\"itemListElement\":[{\"@type\":\"ListItem\",\"position\":1,\"name\":\"Start\",\"item\":\"https:\/\/www.stachristiana.at\/\"},{\"@type\":\"ListItem\",\"position\":2,\"name\":\"Was wir tun\"}]},{\"@type\":\"WebSite\",\"@id\":\"https:\/\/www.stachristiana.at\/volksschule-wiener-neustadt\/#website\",\"url\":\"https:\/\/www.stachristiana.at\/volksschule-wiener-neustadt\/\",\"name\":\"Sta. Christiana - Private Volksschule Wr. Neustadt\",\"description\":\"Sta. Christiana - Schulen zum Leben\",\"publisher\":{\"@id\":\"https:\/\/www.stachristiana.at\/volksschule-wiener-neustadt\/#organization\"},\"alternateName\":\"Private Volksschule Wr. Neustadt\",\"potentialAction\":[{\"@type\":\"SearchAction\",\"target\":{\"@type\":\"EntryPoint\",\"urlTemplate\":\"https:\/\/www.stachristiana.at\/volksschule-wiener-neustadt\/?s={search_term_string}\"},\"query-input\":{\"@type\":\"PropertyValueSpecification\",\"valueRequired\":true,\"valueName\":\"search_term_string\"}}],\"inLanguage\":\"de\"},{\"@type\":\"Organization\",\"@id\":\"https:\/\/www.stachristiana.at\/volksschule-wiener-neustadt\/#organization\",\"name\":\"Sta. Christiana - Private Volksschule Wr. Neustadt\",\"alternateName\":\"Private Volksschule Wr. Neustadt\",\"url\":\"https:\/\/www.stachristiana.at\/volksschule-wiener-neustadt\/\",\"logo\":{\"@type\":\"ImageObject\",\"inLanguage\":\"de\",\"@id\":\"https:\/\/www.stachristiana.at\/volksschule-wiener-neustadt\/#\/schema\/logo\/image\/\",\"url\":\"https:\/\/www.stachristiana.at\/app\/uploads\/sites\/10\/2022\/05\/logo-sta-christiana.png\",\"contentUrl\":\"https:\/\/www.stachristiana.at\/app\/uploads\/sites\/10\/2022\/05\/logo-sta-christiana.png\",\"width\":1200,\"height\":491,\"caption\":\"Sta. Christiana - Private Volksschule Wr. Neustadt\"},\"image\":{\"@id\":\"https:\/\/www.stachristiana.at\/volksschule-wiener-neustadt\/#\/schema\/logo\/image\/\"}}]}<\/script>\n<!-- \/ Yoast SEO plugin. -->","yoast_head_json":{"title":"Was wir tun - Volksschule Wr. Neustadt","robots":{"index":"index","follow":"follow","max-snippet":"max-snippet:-1","max-image-preview":"max-image-preview:large","max-video-preview":"max-video-preview:-1"},"canonical":"https:\/\/www.stachristiana.at\/volksschule-wiener-neustadt\/was-wir-tun\/","og_locale":"de_DE","og_type":"article","og_title":"Was wir tun - Volksschule Wr. Neustadt","og_description":"Auf den folgenden Seiten finden Sie Aktivit\u00e4ten unserer Klassen und aus einzelnen Gegenst\u00e4nden. Wir alle sind bem\u00fcht, den Kindern Abwechslung zu bieten und ihnen die M\u00f6glichkeit zum lebenspraktischen Lernen (Lehrausg\u00e4nge, Exkursionen, Schullandwochen, Lesen\u00e4chte,&#8230;) zu bieten.Es wird jedoch auch darauf geachtet, dass es nicht zu viel wird und gen\u00fcgend Zeit zur Erarbeitung und Vertiefung des Unterrichtsstoffes [&hellip;]","og_url":"https:\/\/www.stachristiana.at\/volksschule-wiener-neustadt\/was-wir-tun\/","og_site_name":"Volksschule Wr. Neustadt","article_modified_time":"2025-08-31T15:56:18+00:00","og_image":[{"width":600,"height":450,"url":"https:\/\/www.stachristiana.at\/app\/uploads\/sites\/10\/2025\/06\/IMG_5461.jpg","type":"image\/jpeg"}],"twitter_card":"summary_large_image","twitter_misc":{"Gesch\u00e4tzte Lesezeit":"1\u00a0Minute"},"schema":{"@context":"https:\/\/schema.org","@graph":[{"@type":"WebPage","@id":"https:\/\/www.stachristiana.at\/volksschule-wiener-neustadt\/was-wir-tun\/","url":"https:\/\/www.stachristiana.at\/volksschule-wiener-neustadt\/was-wir-tun\/","name":"Was wir tun - Volksschule Wr. Neustadt","isPartOf":{"@id":"https:\/\/www.stachristiana.at\/volksschule-wiener-neustadt\/#website"},"primaryImageOfPage":{"@id":"https:\/\/www.stachristiana.at\/volksschule-wiener-neustadt\/was-wir-tun\/#primaryimage"},"image":{"@id":"https:\/\/www.stachristiana.at\/volksschule-wiener-neustadt\/was-wir-tun\/#primaryimage"},"thumbnailUrl":"https:\/\/www.stachristiana.at\/app\/uploads\/sites\/10\/2025\/06\/IMG_5461.jpg","datePublished":"2022-05-10T14:01:12+00:00","dateModified":"2025-08-31T15:56:18+00:00","breadcrumb":{"@id":"https:\/\/www.stachristiana.at\/volksschule-wiener-neustadt\/was-wir-tun\/#breadcrumb"},"inLanguage":"de","potentialAction":[{"@type":"ReadAction","target":["https:\/\/www.stachristiana.at\/volksschule-wiener-neustadt\/was-wir-tun\/"]}]},{"@type":"ImageObject","inLanguage":"de","@id":"https:\/\/www.stachristiana.at\/volksschule-wiener-neustadt\/was-wir-tun\/#primaryimage","url":"https:\/\/www.stachristiana.at\/app\/uploads\/sites\/10\/2025\/06\/IMG_5461.jpg","contentUrl":"https:\/\/www.stachristiana.at\/app\/uploads\/sites\/10\/2025\/06\/IMG_5461.jpg"},{"@type":"BreadcrumbList","@id":"https:\/\/www.stachristiana.at\/volksschule-wiener-neustadt\/was-wir-tun\/#breadcrumb","itemListElement":[{"@type":"ListItem","position":1,"name":"Start","item":"https:\/\/www.stachristiana.at\/"},{"@type":"ListItem","position":2,"name":"Was wir tun"}]},{"@type":"WebSite","@id":"https:\/\/www.stachristiana.at\/volksschule-wiener-neustadt\/#website","url":"https:\/\/www.stachristiana.at\/volksschule-wiener-neustadt\/","name":"Sta. Christiana - Private Volksschule Wr. Neustadt","description":"Sta. Christiana - Schulen zum Leben","publisher":{"@id":"https:\/\/www.stachristiana.at\/volksschule-wiener-neustadt\/#organization"},"alternateName":"Private Volksschule Wr. Neustadt","potentialAction":[{"@type":"SearchAction","target":{"@type":"EntryPoint","urlTemplate":"https:\/\/www.stachristiana.at\/volksschule-wiener-neustadt\/?s={search_term_string}"},"query-input":{"@type":"PropertyValueSpecification","valueRequired":true,"valueName":"search_term_string"}}],"inLanguage":"de"},{"@type":"Organization","@id":"https:\/\/www.stachristiana.at\/volksschule-wiener-neustadt\/#organization","name":"Sta. Christiana - Private Volksschule Wr. Neustadt","alternateName":"Private Volksschule Wr. Neustadt","url":"https:\/\/www.stachristiana.at\/volksschule-wiener-neustadt\/","logo":{"@type":"ImageObject","inLanguage":"de","@id":"https:\/\/www.stachristiana.at\/volksschule-wiener-neustadt\/#\/schema\/logo\/image\/","url":"https:\/\/www.stachristiana.at\/app\/uploads\/sites\/10\/2022\/05\/logo-sta-christiana.png","contentUrl":"https:\/\/www.stachristiana.at\/app\/uploads\/sites\/10\/2022\/05\/logo-sta-christiana.png","width":1200,"height":491,"caption":"Sta. Christiana - Private Volksschule Wr. Neustadt"},"image":{"@id":"https:\/\/www.stachristiana.at\/volksschule-wiener-neustadt\/#\/schema\/logo\/image\/"}}]}},"_links":{"self":[{"href":"https:\/\/www.stachristiana.at\/volksschule-wiener-neustadt\/wp-json\/wp\/v2\/pages\/142","targetHints":{"allow":["GET"]}}],"collection":[{"href":"https:\/\/www.stachristiana.at\/volksschule-wiener-neustadt\/wp-json\/wp\/v2\/pages"}],"about":[{"href":"https:\/\/www.stachristiana.at\/volksschule-wiener-neustadt\/wp-json\/wp\/v2\/types\/page"}],"author":[{"embeddable":true,"href":"https:\/\/www.stachristiana.at\/volksschule-wiener-neustadt\/wp-json\/wp\/v2\/users\/1"}],"replies":[{"embeddable":true,"href":"https:\/\/www.stachristiana.at\/volksschule-wiener-neustadt\/wp-json\/wp\/v2\/comments?post=142"}],"version-history":[{"count":16,"href":"https:\/\/www.stachristiana.at\/volksschule-wiener-neustadt\/wp-json\/wp\/v2\/pages\/142\/revisions"}],"predecessor-version":[{"id":8020,"href":"https:\/\/www.stachristiana.at\/volksschule-wiener-neustadt\/wp-json\/wp\/v2\/pages\/142\/revisions\/8020"}],"wp:attachment":[{"href":"https:\/\/www.stachristiana.at\/volksschule-wiener-neustadt\/wp-json\/wp\/v2\/media?parent=142"}],"curies":[{"name":"wp","href":"https:\/\/api.w.org\/{rel}","templated":true}]}}