{"id":804,"date":"2023-05-14T10:40:45","date_gmt":"2023-05-14T08:40:45","guid":{"rendered":"https:\/\/www.stachristiana.at\/volksschule-rodaun\/?page_id=804"},"modified":"2023-05-15T00:05:18","modified_gmt":"2023-05-14T22:05:18","slug":"sta-christiana-leitlinien-zum-leben-miteinander","status":"publish","type":"page","link":"https:\/\/www.stachristiana.at\/volksschule-rodaun\/sta-christiana-leitlinien-zum-leben-miteinander","title":{"rendered":"Sta. Christiana Leitlinien zum Leben miteinander"},"content":{"rendered":"\n<div class=\"wp-block-columns is-layout-flex wp-container-core-columns-is-layout-28f84493 wp-block-columns-is-layout-flex\">\n<div class=\"wp-block-column is-layout-flow wp-block-column-is-layout-flow\" style=\"flex-basis:33.33%\">\n<figure class=\"wp-block-image size-full\"><img loading=\"lazy\" decoding=\"async\" width=\"900\" height=\"859\" src=\"https:\/\/www.stachristiana.at\/app\/uploads\/sites\/7\/2023\/05\/In-Beziehung-sein.jpg\" alt=\"\" class=\"wp-image-809\" srcset=\"https:\/\/www.stachristiana.at\/app\/uploads\/sites\/7\/2023\/05\/In-Beziehung-sein.jpg 900w, https:\/\/www.stachristiana.at\/app\/uploads\/sites\/7\/2023\/05\/In-Beziehung-sein-400x382.jpg 400w, https:\/\/www.stachristiana.at\/app\/uploads\/sites\/7\/2023\/05\/In-Beziehung-sein-768x733.jpg 768w, https:\/\/www.stachristiana.at\/app\/uploads\/sites\/7\/2023\/05\/In-Beziehung-sein-482x460.jpg 482w, https:\/\/www.stachristiana.at\/app\/uploads\/sites\/7\/2023\/05\/In-Beziehung-sein-79x75.jpg 79w\" sizes=\"auto, (max-width: 900px) 100vw, 900px\" \/><\/figure>\n<\/div>\n\n\n\n<div class=\"wp-block-column is-layout-flow wp-block-column-is-layout-flow\" style=\"flex-basis:66.66%\">\n<p><strong>In Gemeinschaft leben<\/strong><\/p>\n\n\n\n<p>Als Gemeinschaft geben wir einander Anteil an unserem Leben. Wir teilen miteinander unsere Arbeit, die Verantwortung f\u00fcr die Gemeinschaft, unsere St\u00e4rken und Schw\u00e4chen.<br>&nbsp;<\/p>\n\n\n\n<p><strong>In Beziehung sein<\/strong><\/p>\n\n\n\n<p>Aus Annehmen und Weitergeben entstehen lebensvolle Beziehungen, die verwandeln. Diese sind Basis und Kraftquelle fruchtbarer Arbeit.<\/p>\n<\/div>\n<\/div>\n\n\n\n<p><strong>Auf Bed\u00fcrfnisse schauen<\/strong><\/p>\n\n\n\n<p>Wir ber\u00fccksichtigen die Bed\u00fcrfnisse der Einzelnen und der Gemeinschaft und sind gleichzeitig offen f\u00fcr Neue\/s, entsprechend unseren M\u00f6glichkeiten.<\/p>\n\n\n\n<p><strong>Selbstreflexion und Austausch pflegen<\/strong><\/p>\n\n\n\n<p>Wir schaffen R\u00e4ume und Zeiten der Stille und der Selbsterfahrung, die uns dabei helfen, die vielen Anforderungen des Alltags gut zu bew\u00e4ltigen.<\/p>\n\n\n\n<div class=\"wp-block-columns is-layout-flex wp-container-core-columns-is-layout-28f84493 wp-block-columns-is-layout-flex\">\n<div class=\"wp-block-column is-layout-flow wp-block-column-is-layout-flow\" style=\"flex-basis:66.66%\">\n<p><strong>Aufmerksam begleiten<\/strong><\/p>\n\n\n\n<p>Wir nehmen mit Interesse an den Freuden, Hoffnungen und Sorgen der Menschen Anteil. Wir h\u00f6ren zu und achten aufmerksam darauf, was uns der\/die Andere mitteilen will &#8211; auch \u00fcber das gesprochene Wort hinaus. Wir handeln und lindern Leid, soweit es uns m\u00f6glich ist.<\/p>\n<\/div>\n\n\n\n<div class=\"wp-block-column is-layout-flow wp-block-column-is-layout-flow\" style=\"flex-basis:33.33%\">\n<figure class=\"wp-block-image alignright size-full is-resized\"><img loading=\"lazy\" decoding=\"async\" src=\"https:\/\/www.stachristiana.at\/app\/uploads\/sites\/7\/2023\/05\/Aufmerksam-begleiten.jpg\" alt=\"\" class=\"wp-image-807\" width=\"286\" height=\"212\" srcset=\"https:\/\/www.stachristiana.at\/app\/uploads\/sites\/7\/2023\/05\/Aufmerksam-begleiten.jpg 900w, https:\/\/www.stachristiana.at\/app\/uploads\/sites\/7\/2023\/05\/Aufmerksam-begleiten-400x297.jpg 400w, https:\/\/www.stachristiana.at\/app\/uploads\/sites\/7\/2023\/05\/Aufmerksam-begleiten-768x570.jpg 768w, https:\/\/www.stachristiana.at\/app\/uploads\/sites\/7\/2023\/05\/Aufmerksam-begleiten-620x460.jpg 620w, https:\/\/www.stachristiana.at\/app\/uploads\/sites\/7\/2023\/05\/Aufmerksam-begleiten-101x75.jpg 101w\" sizes=\"auto, (max-width: 286px) 100vw, 286px\" \/><\/figure>\n<\/div>\n<\/div>\n\n\n\n<p><strong>Individualit\u00e4t respektieren<\/strong><\/p>\n\n\n\n<p>Achtsamkeit und gegenseitige Wertsch\u00e4tzung der Individualit\u00e4t jedes\/r Einzelnen erm\u00f6glichen Authentizit\u00e4t und sind die Voraussetzung f\u00fcr Verbundenheit und Einheit innerhalb der Gemeinschaft.<\/p>\n\n\n\n<p><strong>Sta. Christiana-Gemeinschaft sein<\/strong><\/p>\n\n\n\n<p>Unsere Leitlinien verbinden uns untereinander und dr\u00fccken unsere Zugeh\u00f6rigkeit zur Sta. Christiana-Gemeinschaft als Gemeinschaft ZUM LEBEN aus. Der verbindende christliche Geist gestaltet und ver\u00e4ndert unsere Beziehung und so auch die R\u00e4ume und Zeiten der Begegnung, die wir einander bereiten.<\/p>\n\n\n\n<p><strong>Liebevolle Atmosph\u00e4re schaffen<\/strong><\/p>\n\n\n\n<p>Dem Wunsch der Gr\u00fcnderin Madame de M\u00e9jan\u00e8s entsprechend, streben wir danach, dass <strong>&#8222;die Liebe die erste Regel des Hauses&#8220; <\/strong>sei: die Liebe, eine unermessliche Kraft, die Verbundenheit schafft und Leben flie\u00dfen l\u00e4sst und lebendige Gemeinschaft wirkt. <\/p>\n\n\n\n<p>Wir st\u00fctzen, ertragen und verstehen einander und tragen Sorge f\u00fcr die St\u00e4rkeren und Schw\u00e4cheren, die \u00c4lteren und J\u00fcngeren, die Fr\u00f6hlichen und die Traurigen.<\/p>\n\n\n\n<div class=\"wp-block-columns is-layout-flex wp-container-core-columns-is-layout-28f84493 wp-block-columns-is-layout-flex\">\n<div class=\"wp-block-column is-layout-flow wp-block-column-is-layout-flow\">\n<figure class=\"wp-block-image size-full\"><img loading=\"lazy\" decoding=\"async\" width=\"900\" height=\"898\" src=\"https:\/\/www.stachristiana.at\/app\/uploads\/sites\/7\/2023\/05\/Haende.jpg\" alt=\"\" class=\"wp-image-931\" srcset=\"https:\/\/www.stachristiana.at\/app\/uploads\/sites\/7\/2023\/05\/Haende.jpg 900w, https:\/\/www.stachristiana.at\/app\/uploads\/sites\/7\/2023\/05\/Haende-400x400.jpg 400w, https:\/\/www.stachristiana.at\/app\/uploads\/sites\/7\/2023\/05\/Haende-150x150.jpg 150w, https:\/\/www.stachristiana.at\/app\/uploads\/sites\/7\/2023\/05\/Haende-768x766.jpg 768w, https:\/\/www.stachristiana.at\/app\/uploads\/sites\/7\/2023\/05\/Haende-250x250.jpg 250w, https:\/\/www.stachristiana.at\/app\/uploads\/sites\/7\/2023\/05\/Haende-461x460.jpg 461w, https:\/\/www.stachristiana.at\/app\/uploads\/sites\/7\/2023\/05\/Haende-75x75.jpg 75w\" sizes=\"auto, (max-width: 900px) 100vw, 900px\" \/><\/figure>\n<\/div>\n\n\n\n<div class=\"wp-block-column is-layout-flow wp-block-column-is-layout-flow\">\n<figure class=\"wp-block-image size-full\"><img loading=\"lazy\" decoding=\"async\" width=\"900\" height=\"896\" src=\"https:\/\/www.stachristiana.at\/app\/uploads\/sites\/7\/2023\/05\/Segen-Lisi.jpg\" alt=\"\" class=\"wp-image-932\" srcset=\"https:\/\/www.stachristiana.at\/app\/uploads\/sites\/7\/2023\/05\/Segen-Lisi.jpg 900w, https:\/\/www.stachristiana.at\/app\/uploads\/sites\/7\/2023\/05\/Segen-Lisi-400x398.jpg 400w, https:\/\/www.stachristiana.at\/app\/uploads\/sites\/7\/2023\/05\/Segen-Lisi-150x150.jpg 150w, https:\/\/www.stachristiana.at\/app\/uploads\/sites\/7\/2023\/05\/Segen-Lisi-768x765.jpg 768w, https:\/\/www.stachristiana.at\/app\/uploads\/sites\/7\/2023\/05\/Segen-Lisi-250x250.jpg 250w, https:\/\/www.stachristiana.at\/app\/uploads\/sites\/7\/2023\/05\/Segen-Lisi-462x460.jpg 462w, https:\/\/www.stachristiana.at\/app\/uploads\/sites\/7\/2023\/05\/Segen-Lisi-75x75.jpg 75w\" sizes=\"auto, (max-width: 900px) 100vw, 900px\" \/><\/figure>\n<\/div>\n\n\n\n<div class=\"wp-block-column is-layout-flow wp-block-column-is-layout-flow\">\n<figure class=\"wp-block-image size-full\"><img loading=\"lazy\" decoding=\"async\" width=\"900\" height=\"905\" src=\"https:\/\/www.stachristiana.at\/app\/uploads\/sites\/7\/2023\/05\/Fuesse-1.jpg\" alt=\"\" class=\"wp-image-933\" srcset=\"https:\/\/www.stachristiana.at\/app\/uploads\/sites\/7\/2023\/05\/Fuesse-1.jpg 900w, https:\/\/www.stachristiana.at\/app\/uploads\/sites\/7\/2023\/05\/Fuesse-1-398x400.jpg 398w, https:\/\/www.stachristiana.at\/app\/uploads\/sites\/7\/2023\/05\/Fuesse-1-150x150.jpg 150w, https:\/\/www.stachristiana.at\/app\/uploads\/sites\/7\/2023\/05\/Fuesse-1-768x772.jpg 768w, https:\/\/www.stachristiana.at\/app\/uploads\/sites\/7\/2023\/05\/Fuesse-1-250x250.jpg 250w, https:\/\/www.stachristiana.at\/app\/uploads\/sites\/7\/2023\/05\/Fuesse-1-457x460.jpg 457w, https:\/\/www.stachristiana.at\/app\/uploads\/sites\/7\/2023\/05\/Fuesse-1-75x75.jpg 75w\" sizes=\"auto, (max-width: 900px) 100vw, 900px\" \/><\/figure>\n<\/div>\n<\/div>\n","protected":false},"excerpt":{"rendered":"<p>In Gemeinschaft leben Als Gemeinschaft geben wir einander Anteil an unserem Leben. Wir teilen miteinander unsere Arbeit, die Verantwortung f\u00fcr die Gemeinschaft, unsere St\u00e4rken und Schw\u00e4chen.&nbsp; In Beziehung sein Aus Annehmen und Weitergeben entstehen lebensvolle Beziehungen, die verwandeln. Diese sind Basis und Kraftquelle fruchtbarer Arbeit. Auf Bed\u00fcrfnisse schauen Wir ber\u00fccksichtigen die Bed\u00fcrfnisse der Einzelnen und [&hellip;]<\/p>\n","protected":false},"author":69,"featured_media":0,"parent":0,"menu_order":0,"comment_status":"closed","ping_status":"closed","template":"","meta":{"footnotes":""},"class_list":["post-804","page","type-page","status-publish","hentry"],"acf":[],"yoast_head":"<!-- This site is optimized with the Yoast SEO plugin v26.8 - https:\/\/yoast.com\/product\/yoast-seo-wordpress\/ -->\n<title>Sta. Christiana Leitlinien zum Leben miteinander - Volksschule Rodaun<\/title>\n<meta name=\"robots\" content=\"index, follow, max-snippet:-1, max-image-preview:large, max-video-preview:-1\" \/>\n<link rel=\"canonical\" href=\"https:\/\/www.stachristiana.at\/volksschule-rodaun\/sta-christiana-leitlinien-zum-leben-miteinander\" \/>\n<meta property=\"og:locale\" content=\"de_DE\" \/>\n<meta property=\"og:type\" content=\"article\" \/>\n<meta property=\"og:title\" content=\"Sta. Christiana Leitlinien zum Leben miteinander - Volksschule Rodaun\" \/>\n<meta property=\"og:description\" content=\"In Gemeinschaft leben Als Gemeinschaft geben wir einander Anteil an unserem Leben. Wir teilen miteinander unsere Arbeit, die Verantwortung f\u00fcr die Gemeinschaft, unsere St\u00e4rken und Schw\u00e4chen.&nbsp; In Beziehung sein Aus Annehmen und Weitergeben entstehen lebensvolle Beziehungen, die verwandeln. Diese sind Basis und Kraftquelle fruchtbarer Arbeit. Auf Bed\u00fcrfnisse schauen Wir ber\u00fccksichtigen die Bed\u00fcrfnisse der Einzelnen und [&hellip;]\" \/>\n<meta property=\"og:url\" content=\"https:\/\/www.stachristiana.at\/volksschule-rodaun\/sta-christiana-leitlinien-zum-leben-miteinander\" \/>\n<meta property=\"og:site_name\" content=\"Volksschule Rodaun\" \/>\n<meta property=\"article:modified_time\" content=\"2023-05-14T22:05:18+00:00\" \/>\n<meta property=\"og:image\" content=\"https:\/\/www.stachristiana.at\/app\/uploads\/sites\/7\/2023\/05\/In-Beziehung-sein.jpg\" \/>\n<meta name=\"twitter:card\" content=\"summary_large_image\" \/>\n<meta name=\"twitter:label1\" content=\"Gesch\u00e4tzte Lesezeit\" \/>\n\t<meta name=\"twitter:data1\" content=\"3\u00a0Minuten\" \/>\n<script type=\"application\/ld+json\" class=\"yoast-schema-graph\">{\"@context\":\"https:\/\/schema.org\",\"@graph\":[{\"@type\":\"WebPage\",\"@id\":\"https:\/\/www.stachristiana.at\/volksschule-rodaun\/sta-christiana-leitlinien-zum-leben-miteinander\",\"url\":\"https:\/\/www.stachristiana.at\/volksschule-rodaun\/sta-christiana-leitlinien-zum-leben-miteinander\",\"name\":\"Sta. Christiana Leitlinien zum Leben miteinander - Volksschule Rodaun\",\"isPartOf\":{\"@id\":\"https:\/\/www.stachristiana.at\/volksschule-rodaun\/#website\"},\"primaryImageOfPage\":{\"@id\":\"https:\/\/www.stachristiana.at\/volksschule-rodaun\/sta-christiana-leitlinien-zum-leben-miteinander#primaryimage\"},\"image\":{\"@id\":\"https:\/\/www.stachristiana.at\/volksschule-rodaun\/sta-christiana-leitlinien-zum-leben-miteinander#primaryimage\"},\"thumbnailUrl\":\"https:\/\/www.stachristiana.at\/app\/uploads\/sites\/7\/2023\/05\/In-Beziehung-sein.jpg\",\"datePublished\":\"2023-05-14T08:40:45+00:00\",\"dateModified\":\"2023-05-14T22:05:18+00:00\",\"breadcrumb\":{\"@id\":\"https:\/\/www.stachristiana.at\/volksschule-rodaun\/sta-christiana-leitlinien-zum-leben-miteinander#breadcrumb\"},\"inLanguage\":\"de\",\"potentialAction\":[{\"@type\":\"ReadAction\",\"target\":[\"https:\/\/www.stachristiana.at\/volksschule-rodaun\/sta-christiana-leitlinien-zum-leben-miteinander\"]}]},{\"@type\":\"ImageObject\",\"inLanguage\":\"de\",\"@id\":\"https:\/\/www.stachristiana.at\/volksschule-rodaun\/sta-christiana-leitlinien-zum-leben-miteinander#primaryimage\",\"url\":\"https:\/\/www.stachristiana.at\/app\/uploads\/sites\/7\/2023\/05\/In-Beziehung-sein.jpg\",\"contentUrl\":\"https:\/\/www.stachristiana.at\/app\/uploads\/sites\/7\/2023\/05\/In-Beziehung-sein.jpg\"},{\"@type\":\"BreadcrumbList\",\"@id\":\"https:\/\/www.stachristiana.at\/volksschule-rodaun\/sta-christiana-leitlinien-zum-leben-miteinander#breadcrumb\",\"itemListElement\":[{\"@type\":\"ListItem\",\"position\":1,\"name\":\"Start\",\"item\":\"https:\/\/www.stachristiana.at\/\"},{\"@type\":\"ListItem\",\"position\":2,\"name\":\"Sta. Christiana Leitlinien zum Leben miteinander\"}]},{\"@type\":\"WebSite\",\"@id\":\"https:\/\/www.stachristiana.at\/volksschule-rodaun\/#website\",\"url\":\"https:\/\/www.stachristiana.at\/volksschule-rodaun\/\",\"name\":\"Sta. Christiana - Private Volksschule Rodaun\",\"description\":\"Schulen zum Leben\",\"publisher\":{\"@id\":\"https:\/\/www.stachristiana.at\/volksschule-rodaun\/#organization\"},\"alternateName\":\"Sta. Christiana\",\"potentialAction\":[{\"@type\":\"SearchAction\",\"target\":{\"@type\":\"EntryPoint\",\"urlTemplate\":\"https:\/\/www.stachristiana.at\/volksschule-rodaun\/?s={search_term_string}\"},\"query-input\":{\"@type\":\"PropertyValueSpecification\",\"valueRequired\":true,\"valueName\":\"search_term_string\"}}],\"inLanguage\":\"de\"},{\"@type\":\"Organization\",\"@id\":\"https:\/\/www.stachristiana.at\/volksschule-rodaun\/#organization\",\"name\":\"Sta. Christiana - Private Volksschule Rodaun\",\"alternateName\":\"Sta. Christiana\",\"url\":\"https:\/\/www.stachristiana.at\/volksschule-rodaun\/\",\"logo\":{\"@type\":\"ImageObject\",\"inLanguage\":\"de\",\"@id\":\"https:\/\/www.stachristiana.at\/volksschule-rodaun\/#\/schema\/logo\/image\/\",\"url\":\"https:\/\/www.stachristiana.at\/app\/uploads\/sites\/7\/2022\/05\/logo-sta-christiana.png\",\"contentUrl\":\"https:\/\/www.stachristiana.at\/app\/uploads\/sites\/7\/2022\/05\/logo-sta-christiana.png\",\"width\":1200,\"height\":491,\"caption\":\"Sta. Christiana - Private Volksschule Rodaun\"},\"image\":{\"@id\":\"https:\/\/www.stachristiana.at\/volksschule-rodaun\/#\/schema\/logo\/image\/\"}}]}<\/script>\n<!-- \/ Yoast SEO plugin. -->","yoast_head_json":{"title":"Sta. Christiana Leitlinien zum Leben miteinander - Volksschule Rodaun","robots":{"index":"index","follow":"follow","max-snippet":"max-snippet:-1","max-image-preview":"max-image-preview:large","max-video-preview":"max-video-preview:-1"},"canonical":"https:\/\/www.stachristiana.at\/volksschule-rodaun\/sta-christiana-leitlinien-zum-leben-miteinander","og_locale":"de_DE","og_type":"article","og_title":"Sta. Christiana Leitlinien zum Leben miteinander - Volksschule Rodaun","og_description":"In Gemeinschaft leben Als Gemeinschaft geben wir einander Anteil an unserem Leben. Wir teilen miteinander unsere Arbeit, die Verantwortung f\u00fcr die Gemeinschaft, unsere St\u00e4rken und Schw\u00e4chen.&nbsp; In Beziehung sein Aus Annehmen und Weitergeben entstehen lebensvolle Beziehungen, die verwandeln. Diese sind Basis und Kraftquelle fruchtbarer Arbeit. Auf Bed\u00fcrfnisse schauen Wir ber\u00fccksichtigen die Bed\u00fcrfnisse der Einzelnen und [&hellip;]","og_url":"https:\/\/www.stachristiana.at\/volksschule-rodaun\/sta-christiana-leitlinien-zum-leben-miteinander","og_site_name":"Volksschule Rodaun","article_modified_time":"2023-05-14T22:05:18+00:00","og_image":[{"url":"https:\/\/www.stachristiana.at\/app\/uploads\/sites\/7\/2023\/05\/In-Beziehung-sein.jpg","type":"","width":"","height":""}],"twitter_card":"summary_large_image","twitter_misc":{"Gesch\u00e4tzte Lesezeit":"3\u00a0Minuten"},"schema":{"@context":"https:\/\/schema.org","@graph":[{"@type":"WebPage","@id":"https:\/\/www.stachristiana.at\/volksschule-rodaun\/sta-christiana-leitlinien-zum-leben-miteinander","url":"https:\/\/www.stachristiana.at\/volksschule-rodaun\/sta-christiana-leitlinien-zum-leben-miteinander","name":"Sta. Christiana Leitlinien zum Leben miteinander - Volksschule Rodaun","isPartOf":{"@id":"https:\/\/www.stachristiana.at\/volksschule-rodaun\/#website"},"primaryImageOfPage":{"@id":"https:\/\/www.stachristiana.at\/volksschule-rodaun\/sta-christiana-leitlinien-zum-leben-miteinander#primaryimage"},"image":{"@id":"https:\/\/www.stachristiana.at\/volksschule-rodaun\/sta-christiana-leitlinien-zum-leben-miteinander#primaryimage"},"thumbnailUrl":"https:\/\/www.stachristiana.at\/app\/uploads\/sites\/7\/2023\/05\/In-Beziehung-sein.jpg","datePublished":"2023-05-14T08:40:45+00:00","dateModified":"2023-05-14T22:05:18+00:00","breadcrumb":{"@id":"https:\/\/www.stachristiana.at\/volksschule-rodaun\/sta-christiana-leitlinien-zum-leben-miteinander#breadcrumb"},"inLanguage":"de","potentialAction":[{"@type":"ReadAction","target":["https:\/\/www.stachristiana.at\/volksschule-rodaun\/sta-christiana-leitlinien-zum-leben-miteinander"]}]},{"@type":"ImageObject","inLanguage":"de","@id":"https:\/\/www.stachristiana.at\/volksschule-rodaun\/sta-christiana-leitlinien-zum-leben-miteinander#primaryimage","url":"https:\/\/www.stachristiana.at\/app\/uploads\/sites\/7\/2023\/05\/In-Beziehung-sein.jpg","contentUrl":"https:\/\/www.stachristiana.at\/app\/uploads\/sites\/7\/2023\/05\/In-Beziehung-sein.jpg"},{"@type":"BreadcrumbList","@id":"https:\/\/www.stachristiana.at\/volksschule-rodaun\/sta-christiana-leitlinien-zum-leben-miteinander#breadcrumb","itemListElement":[{"@type":"ListItem","position":1,"name":"Start","item":"https:\/\/www.stachristiana.at\/"},{"@type":"ListItem","position":2,"name":"Sta. Christiana Leitlinien zum Leben miteinander"}]},{"@type":"WebSite","@id":"https:\/\/www.stachristiana.at\/volksschule-rodaun\/#website","url":"https:\/\/www.stachristiana.at\/volksschule-rodaun\/","name":"Sta. Christiana - Private Volksschule Rodaun","description":"Schulen zum Leben","publisher":{"@id":"https:\/\/www.stachristiana.at\/volksschule-rodaun\/#organization"},"alternateName":"Sta. Christiana","potentialAction":[{"@type":"SearchAction","target":{"@type":"EntryPoint","urlTemplate":"https:\/\/www.stachristiana.at\/volksschule-rodaun\/?s={search_term_string}"},"query-input":{"@type":"PropertyValueSpecification","valueRequired":true,"valueName":"search_term_string"}}],"inLanguage":"de"},{"@type":"Organization","@id":"https:\/\/www.stachristiana.at\/volksschule-rodaun\/#organization","name":"Sta. Christiana - Private Volksschule Rodaun","alternateName":"Sta. Christiana","url":"https:\/\/www.stachristiana.at\/volksschule-rodaun\/","logo":{"@type":"ImageObject","inLanguage":"de","@id":"https:\/\/www.stachristiana.at\/volksschule-rodaun\/#\/schema\/logo\/image\/","url":"https:\/\/www.stachristiana.at\/app\/uploads\/sites\/7\/2022\/05\/logo-sta-christiana.png","contentUrl":"https:\/\/www.stachristiana.at\/app\/uploads\/sites\/7\/2022\/05\/logo-sta-christiana.png","width":1200,"height":491,"caption":"Sta. Christiana - Private Volksschule Rodaun"},"image":{"@id":"https:\/\/www.stachristiana.at\/volksschule-rodaun\/#\/schema\/logo\/image\/"}}]}},"_links":{"self":[{"href":"https:\/\/www.stachristiana.at\/volksschule-rodaun\/wp-json\/wp\/v2\/pages\/804","targetHints":{"allow":["GET"]}}],"collection":[{"href":"https:\/\/www.stachristiana.at\/volksschule-rodaun\/wp-json\/wp\/v2\/pages"}],"about":[{"href":"https:\/\/www.stachristiana.at\/volksschule-rodaun\/wp-json\/wp\/v2\/types\/page"}],"author":[{"embeddable":true,"href":"https:\/\/www.stachristiana.at\/volksschule-rodaun\/wp-json\/wp\/v2\/users\/69"}],"replies":[{"embeddable":true,"href":"https:\/\/www.stachristiana.at\/volksschule-rodaun\/wp-json\/wp\/v2\/comments?post=804"}],"version-history":[{"count":28,"href":"https:\/\/www.stachristiana.at\/volksschule-rodaun\/wp-json\/wp\/v2\/pages\/804\/revisions"}],"predecessor-version":[{"id":999,"href":"https:\/\/www.stachristiana.at\/volksschule-rodaun\/wp-json\/wp\/v2\/pages\/804\/revisions\/999"}],"wp:attachment":[{"href":"https:\/\/www.stachristiana.at\/volksschule-rodaun\/wp-json\/wp\/v2\/media?parent=804"}],"curies":[{"name":"wp","href":"https:\/\/api.w.org\/{rel}","templated":true}]}}