{"id":73,"date":"2022-05-02T16:26:34","date_gmt":"2022-05-02T14:26:34","guid":{"rendered":"https:\/\/devmultisite.superfesch.at\/hlw-rodaun\/?page_id=73"},"modified":"2023-05-14T23:29:29","modified_gmt":"2023-05-14T21:29:29","slug":"wer-wir-sind","status":"publish","type":"page","link":"https:\/\/www.stachristiana.at\/volksschule-rodaun\/wer-wir-sind","title":{"rendered":"Wer wir sind"},"content":{"rendered":"\n<p>Wir stehen als christliche Schule daf\u00fcr ein, unsere Sch\u00fclerinnen und Sch\u00fcler gut und wertebasiert auf das Leben vorzubereiten.<\/p>\n\n\n\n<p>Es ist uns als Volksschule Sta. Christiana ein gro\u00dfes Anliegen, Ihr Kind dabei zu begleiten, seine St\u00e4rken zu entwickeln und sich gut auf das Leben als Erwachsener vorzubereiten.<\/p>\n\n\n\n<p>Wir wollen einander auf Augenh\u00f6he und im Bewusstsein der Gleichw\u00fcrdigkeit und Gleichwertigkeit aller Menschen begegnen.<\/p>\n\n\n\n<p>Miteinander lernen und arbeiten, feiern und das Leben gestalten \u2013 das ist Sta. Christiana f\u00fcr uns!<\/p>\n\n\n\n<div class=\"wp-block-columns is-layout-flex wp-container-core-columns-is-layout-28f84493 wp-block-columns-is-layout-flex\">\n<div class=\"wp-block-column is-layout-flow wp-block-column-is-layout-flow\">\n<figure class=\"wp-block-image size-full\"><img loading=\"lazy\" decoding=\"async\" width=\"933\" height=\"700\" src=\"https:\/\/www.stachristiana.at\/app\/uploads\/sites\/7\/2023\/05\/Gemeinschaft-1.jpg\" alt=\"\" class=\"wp-image-909\" srcset=\"https:\/\/www.stachristiana.at\/app\/uploads\/sites\/7\/2023\/05\/Gemeinschaft-1.jpg 933w, https:\/\/www.stachristiana.at\/app\/uploads\/sites\/7\/2023\/05\/Gemeinschaft-1-400x300.jpg 400w, https:\/\/www.stachristiana.at\/app\/uploads\/sites\/7\/2023\/05\/Gemeinschaft-1-768x576.jpg 768w, https:\/\/www.stachristiana.at\/app\/uploads\/sites\/7\/2023\/05\/Gemeinschaft-1-613x460.jpg 613w, https:\/\/www.stachristiana.at\/app\/uploads\/sites\/7\/2023\/05\/Gemeinschaft-1-100x75.jpg 100w\" sizes=\"auto, (max-width: 933px) 100vw, 933px\" \/><\/figure>\n<\/div>\n\n\n\n<div class=\"wp-block-column is-layout-flow wp-block-column-is-layout-flow\">\n<figure class=\"wp-block-image size-full\"><img loading=\"lazy\" decoding=\"async\" width=\"900\" height=\"675\" src=\"https:\/\/www.stachristiana.at\/app\/uploads\/sites\/7\/2023\/05\/Vally-Theresa-Sophie.jpg\" alt=\"\" class=\"wp-image-914\" srcset=\"https:\/\/www.stachristiana.at\/app\/uploads\/sites\/7\/2023\/05\/Vally-Theresa-Sophie.jpg 900w, https:\/\/www.stachristiana.at\/app\/uploads\/sites\/7\/2023\/05\/Vally-Theresa-Sophie-400x300.jpg 400w, https:\/\/www.stachristiana.at\/app\/uploads\/sites\/7\/2023\/05\/Vally-Theresa-Sophie-768x576.jpg 768w, https:\/\/www.stachristiana.at\/app\/uploads\/sites\/7\/2023\/05\/Vally-Theresa-Sophie-613x460.jpg 613w, https:\/\/www.stachristiana.at\/app\/uploads\/sites\/7\/2023\/05\/Vally-Theresa-Sophie-100x75.jpg 100w\" sizes=\"auto, (max-width: 900px) 100vw, 900px\" \/><\/figure>\n<\/div>\n\n\n\n<div class=\"wp-block-column is-layout-flow wp-block-column-is-layout-flow\">\n<figure class=\"wp-block-image size-full\"><img loading=\"lazy\" decoding=\"async\" width=\"900\" height=\"675\" src=\"https:\/\/www.stachristiana.at\/app\/uploads\/sites\/7\/2023\/05\/hl-3-koenige.jpg\" alt=\"\" class=\"wp-image-913\" srcset=\"https:\/\/www.stachristiana.at\/app\/uploads\/sites\/7\/2023\/05\/hl-3-koenige.jpg 900w, https:\/\/www.stachristiana.at\/app\/uploads\/sites\/7\/2023\/05\/hl-3-koenige-400x300.jpg 400w, https:\/\/www.stachristiana.at\/app\/uploads\/sites\/7\/2023\/05\/hl-3-koenige-768x576.jpg 768w, https:\/\/www.stachristiana.at\/app\/uploads\/sites\/7\/2023\/05\/hl-3-koenige-613x460.jpg 613w, https:\/\/www.stachristiana.at\/app\/uploads\/sites\/7\/2023\/05\/hl-3-koenige-100x75.jpg 100w\" sizes=\"auto, (max-width: 900px) 100vw, 900px\" \/><\/figure>\n<\/div>\n<\/div>\n","protected":false},"excerpt":{"rendered":"<p>Wir stehen als christliche Schule daf\u00fcr ein, unsere Sch\u00fclerinnen und Sch\u00fcler gut und wertebasiert auf das Leben vorzubereiten. Es ist uns als Volksschule Sta. Christiana ein gro\u00dfes Anliegen, Ihr Kind dabei zu begleiten, seine St\u00e4rken zu entwickeln und sich gut auf das Leben als Erwachsener vorzubereiten. Wir wollen einander auf Augenh\u00f6he und im Bewusstsein der [&hellip;]<\/p>\n","protected":false},"author":1,"featured_media":0,"parent":0,"menu_order":200,"comment_status":"closed","ping_status":"closed","template":"","meta":{"footnotes":""},"class_list":["post-73","page","type-page","status-publish","hentry"],"acf":[],"yoast_head":"<!-- This site is optimized with the Yoast SEO plugin v26.8 - https:\/\/yoast.com\/product\/yoast-seo-wordpress\/ -->\n<title>Wer wir sind - Volksschule Rodaun<\/title>\n<meta name=\"robots\" content=\"index, follow, max-snippet:-1, max-image-preview:large, max-video-preview:-1\" \/>\n<link rel=\"canonical\" href=\"https:\/\/www.stachristiana.at\/volksschule-rodaun\/wer-wir-sind\" \/>\n<meta property=\"og:locale\" content=\"de_DE\" \/>\n<meta property=\"og:type\" content=\"article\" \/>\n<meta property=\"og:title\" content=\"Wer wir sind - Volksschule Rodaun\" \/>\n<meta property=\"og:description\" content=\"Wir stehen als christliche Schule daf\u00fcr ein, unsere Sch\u00fclerinnen und Sch\u00fcler gut und wertebasiert auf das Leben vorzubereiten. Es ist uns als Volksschule Sta. Christiana ein gro\u00dfes Anliegen, Ihr Kind dabei zu begleiten, seine St\u00e4rken zu entwickeln und sich gut auf das Leben als Erwachsener vorzubereiten. Wir wollen einander auf Augenh\u00f6he und im Bewusstsein der [&hellip;]\" \/>\n<meta property=\"og:url\" content=\"https:\/\/www.stachristiana.at\/volksschule-rodaun\/wer-wir-sind\" \/>\n<meta property=\"og:site_name\" content=\"Volksschule Rodaun\" \/>\n<meta property=\"article:modified_time\" content=\"2023-05-14T21:29:29+00:00\" \/>\n<meta property=\"og:image\" content=\"https:\/\/www.stachristiana.at\/app\/uploads\/sites\/7\/2023\/05\/Gemeinschaft-1.jpg\" \/>\n<meta name=\"twitter:card\" content=\"summary_large_image\" \/>\n<meta name=\"twitter:label1\" content=\"Gesch\u00e4tzte Lesezeit\" \/>\n\t<meta name=\"twitter:data1\" content=\"2\u00a0Minuten\" \/>\n<script type=\"application\/ld+json\" class=\"yoast-schema-graph\">{\"@context\":\"https:\/\/schema.org\",\"@graph\":[{\"@type\":\"WebPage\",\"@id\":\"https:\/\/www.stachristiana.at\/volksschule-rodaun\/wer-wir-sind\",\"url\":\"https:\/\/www.stachristiana.at\/volksschule-rodaun\/wer-wir-sind\",\"name\":\"Wer wir sind - Volksschule Rodaun\",\"isPartOf\":{\"@id\":\"https:\/\/www.stachristiana.at\/volksschule-rodaun\/#website\"},\"primaryImageOfPage\":{\"@id\":\"https:\/\/www.stachristiana.at\/volksschule-rodaun\/wer-wir-sind#primaryimage\"},\"image\":{\"@id\":\"https:\/\/www.stachristiana.at\/volksschule-rodaun\/wer-wir-sind#primaryimage\"},\"thumbnailUrl\":\"https:\/\/www.stachristiana.at\/app\/uploads\/sites\/7\/2023\/05\/Gemeinschaft-1.jpg\",\"datePublished\":\"2022-05-02T14:26:34+00:00\",\"dateModified\":\"2023-05-14T21:29:29+00:00\",\"breadcrumb\":{\"@id\":\"https:\/\/www.stachristiana.at\/volksschule-rodaun\/wer-wir-sind#breadcrumb\"},\"inLanguage\":\"de\",\"potentialAction\":[{\"@type\":\"ReadAction\",\"target\":[\"https:\/\/www.stachristiana.at\/volksschule-rodaun\/wer-wir-sind\"]}]},{\"@type\":\"ImageObject\",\"inLanguage\":\"de\",\"@id\":\"https:\/\/www.stachristiana.at\/volksschule-rodaun\/wer-wir-sind#primaryimage\",\"url\":\"https:\/\/www.stachristiana.at\/app\/uploads\/sites\/7\/2023\/05\/Gemeinschaft-1.jpg\",\"contentUrl\":\"https:\/\/www.stachristiana.at\/app\/uploads\/sites\/7\/2023\/05\/Gemeinschaft-1.jpg\"},{\"@type\":\"BreadcrumbList\",\"@id\":\"https:\/\/www.stachristiana.at\/volksschule-rodaun\/wer-wir-sind#breadcrumb\",\"itemListElement\":[{\"@type\":\"ListItem\",\"position\":1,\"name\":\"Start\",\"item\":\"https:\/\/www.stachristiana.at\/\"},{\"@type\":\"ListItem\",\"position\":2,\"name\":\"Wer wir sind\"}]},{\"@type\":\"WebSite\",\"@id\":\"https:\/\/www.stachristiana.at\/volksschule-rodaun\/#website\",\"url\":\"https:\/\/www.stachristiana.at\/volksschule-rodaun\/\",\"name\":\"Sta. Christiana - Private Volksschule Rodaun\",\"description\":\"Schulen zum Leben\",\"publisher\":{\"@id\":\"https:\/\/www.stachristiana.at\/volksschule-rodaun\/#organization\"},\"alternateName\":\"Sta. Christiana\",\"potentialAction\":[{\"@type\":\"SearchAction\",\"target\":{\"@type\":\"EntryPoint\",\"urlTemplate\":\"https:\/\/www.stachristiana.at\/volksschule-rodaun\/?s={search_term_string}\"},\"query-input\":{\"@type\":\"PropertyValueSpecification\",\"valueRequired\":true,\"valueName\":\"search_term_string\"}}],\"inLanguage\":\"de\"},{\"@type\":\"Organization\",\"@id\":\"https:\/\/www.stachristiana.at\/volksschule-rodaun\/#organization\",\"name\":\"Sta. Christiana - Private Volksschule Rodaun\",\"alternateName\":\"Sta. Christiana\",\"url\":\"https:\/\/www.stachristiana.at\/volksschule-rodaun\/\",\"logo\":{\"@type\":\"ImageObject\",\"inLanguage\":\"de\",\"@id\":\"https:\/\/www.stachristiana.at\/volksschule-rodaun\/#\/schema\/logo\/image\/\",\"url\":\"https:\/\/www.stachristiana.at\/app\/uploads\/sites\/7\/2022\/05\/logo-sta-christiana.png\",\"contentUrl\":\"https:\/\/www.stachristiana.at\/app\/uploads\/sites\/7\/2022\/05\/logo-sta-christiana.png\",\"width\":1200,\"height\":491,\"caption\":\"Sta. Christiana - Private Volksschule Rodaun\"},\"image\":{\"@id\":\"https:\/\/www.stachristiana.at\/volksschule-rodaun\/#\/schema\/logo\/image\/\"}}]}<\/script>\n<!-- \/ Yoast SEO plugin. -->","yoast_head_json":{"title":"Wer wir sind - Volksschule Rodaun","robots":{"index":"index","follow":"follow","max-snippet":"max-snippet:-1","max-image-preview":"max-image-preview:large","max-video-preview":"max-video-preview:-1"},"canonical":"https:\/\/www.stachristiana.at\/volksschule-rodaun\/wer-wir-sind","og_locale":"de_DE","og_type":"article","og_title":"Wer wir sind - Volksschule Rodaun","og_description":"Wir stehen als christliche Schule daf\u00fcr ein, unsere Sch\u00fclerinnen und Sch\u00fcler gut und wertebasiert auf das Leben vorzubereiten. Es ist uns als Volksschule Sta. Christiana ein gro\u00dfes Anliegen, Ihr Kind dabei zu begleiten, seine St\u00e4rken zu entwickeln und sich gut auf das Leben als Erwachsener vorzubereiten. Wir wollen einander auf Augenh\u00f6he und im Bewusstsein der [&hellip;]","og_url":"https:\/\/www.stachristiana.at\/volksschule-rodaun\/wer-wir-sind","og_site_name":"Volksschule Rodaun","article_modified_time":"2023-05-14T21:29:29+00:00","og_image":[{"url":"https:\/\/www.stachristiana.at\/app\/uploads\/sites\/7\/2023\/05\/Gemeinschaft-1.jpg","type":"","width":"","height":""}],"twitter_card":"summary_large_image","twitter_misc":{"Gesch\u00e4tzte Lesezeit":"2\u00a0Minuten"},"schema":{"@context":"https:\/\/schema.org","@graph":[{"@type":"WebPage","@id":"https:\/\/www.stachristiana.at\/volksschule-rodaun\/wer-wir-sind","url":"https:\/\/www.stachristiana.at\/volksschule-rodaun\/wer-wir-sind","name":"Wer wir sind - Volksschule Rodaun","isPartOf":{"@id":"https:\/\/www.stachristiana.at\/volksschule-rodaun\/#website"},"primaryImageOfPage":{"@id":"https:\/\/www.stachristiana.at\/volksschule-rodaun\/wer-wir-sind#primaryimage"},"image":{"@id":"https:\/\/www.stachristiana.at\/volksschule-rodaun\/wer-wir-sind#primaryimage"},"thumbnailUrl":"https:\/\/www.stachristiana.at\/app\/uploads\/sites\/7\/2023\/05\/Gemeinschaft-1.jpg","datePublished":"2022-05-02T14:26:34+00:00","dateModified":"2023-05-14T21:29:29+00:00","breadcrumb":{"@id":"https:\/\/www.stachristiana.at\/volksschule-rodaun\/wer-wir-sind#breadcrumb"},"inLanguage":"de","potentialAction":[{"@type":"ReadAction","target":["https:\/\/www.stachristiana.at\/volksschule-rodaun\/wer-wir-sind"]}]},{"@type":"ImageObject","inLanguage":"de","@id":"https:\/\/www.stachristiana.at\/volksschule-rodaun\/wer-wir-sind#primaryimage","url":"https:\/\/www.stachristiana.at\/app\/uploads\/sites\/7\/2023\/05\/Gemeinschaft-1.jpg","contentUrl":"https:\/\/www.stachristiana.at\/app\/uploads\/sites\/7\/2023\/05\/Gemeinschaft-1.jpg"},{"@type":"BreadcrumbList","@id":"https:\/\/www.stachristiana.at\/volksschule-rodaun\/wer-wir-sind#breadcrumb","itemListElement":[{"@type":"ListItem","position":1,"name":"Start","item":"https:\/\/www.stachristiana.at\/"},{"@type":"ListItem","position":2,"name":"Wer wir sind"}]},{"@type":"WebSite","@id":"https:\/\/www.stachristiana.at\/volksschule-rodaun\/#website","url":"https:\/\/www.stachristiana.at\/volksschule-rodaun\/","name":"Sta. Christiana - Private Volksschule Rodaun","description":"Schulen zum Leben","publisher":{"@id":"https:\/\/www.stachristiana.at\/volksschule-rodaun\/#organization"},"alternateName":"Sta. Christiana","potentialAction":[{"@type":"SearchAction","target":{"@type":"EntryPoint","urlTemplate":"https:\/\/www.stachristiana.at\/volksschule-rodaun\/?s={search_term_string}"},"query-input":{"@type":"PropertyValueSpecification","valueRequired":true,"valueName":"search_term_string"}}],"inLanguage":"de"},{"@type":"Organization","@id":"https:\/\/www.stachristiana.at\/volksschule-rodaun\/#organization","name":"Sta. Christiana - Private Volksschule Rodaun","alternateName":"Sta. Christiana","url":"https:\/\/www.stachristiana.at\/volksschule-rodaun\/","logo":{"@type":"ImageObject","inLanguage":"de","@id":"https:\/\/www.stachristiana.at\/volksschule-rodaun\/#\/schema\/logo\/image\/","url":"https:\/\/www.stachristiana.at\/app\/uploads\/sites\/7\/2022\/05\/logo-sta-christiana.png","contentUrl":"https:\/\/www.stachristiana.at\/app\/uploads\/sites\/7\/2022\/05\/logo-sta-christiana.png","width":1200,"height":491,"caption":"Sta. Christiana - Private Volksschule Rodaun"},"image":{"@id":"https:\/\/www.stachristiana.at\/volksschule-rodaun\/#\/schema\/logo\/image\/"}}]}},"_links":{"self":[{"href":"https:\/\/www.stachristiana.at\/volksschule-rodaun\/wp-json\/wp\/v2\/pages\/73","targetHints":{"allow":["GET"]}}],"collection":[{"href":"https:\/\/www.stachristiana.at\/volksschule-rodaun\/wp-json\/wp\/v2\/pages"}],"about":[{"href":"https:\/\/www.stachristiana.at\/volksschule-rodaun\/wp-json\/wp\/v2\/types\/page"}],"author":[{"embeddable":true,"href":"https:\/\/www.stachristiana.at\/volksschule-rodaun\/wp-json\/wp\/v2\/users\/1"}],"replies":[{"embeddable":true,"href":"https:\/\/www.stachristiana.at\/volksschule-rodaun\/wp-json\/wp\/v2\/comments?post=73"}],"version-history":[{"count":6,"href":"https:\/\/www.stachristiana.at\/volksschule-rodaun\/wp-json\/wp\/v2\/pages\/73\/revisions"}],"predecessor-version":[{"id":916,"href":"https:\/\/www.stachristiana.at\/volksschule-rodaun\/wp-json\/wp\/v2\/pages\/73\/revisions\/916"}],"wp:attachment":[{"href":"https:\/\/www.stachristiana.at\/volksschule-rodaun\/wp-json\/wp\/v2\/media?parent=73"}],"curies":[{"name":"wp","href":"https:\/\/api.w.org\/{rel}","templated":true}]}}