{"id":70,"date":"2022-05-02T16:21:26","date_gmt":"2022-05-02T14:21:26","guid":{"rendered":"https:\/\/devmultisite.superfesch.at\/hlw-rodaun\/?page_id=70"},"modified":"2023-01-20T17:29:15","modified_gmt":"2023-01-20T16:29:15","slug":"wofuer-wir-stehen","status":"publish","type":"page","link":"https:\/\/www.stachristiana.at\/volksschule-frohsdorf\/wofuer-wir-stehen","title":{"rendered":"Wof\u00fcr wir stehen"},"content":{"rendered":"\n<blockquote class=\"wp-block-quote is-layout-flow wp-block-quote-is-layout-flow\">\n<p><em>\u201eWir wissen, was richtig ist, wenn wir mit dem Herzen denken. Es ist Zeit zu handeln, wenn wir kritisch und m\u00fcndig auf unsere Welt schauen. Potenzialentfaltung ist ein Grundrecht, dem wir Geltung verschaffen.&#8220;<\/em><br>Margret Rasfeld, Schulen im Aufbruch<\/p>\n<\/blockquote>\n\n\n\n<p>Das Team der Volksschule Sta. Christiana Frohsdorf hat sich auf einen ganz besonderen Weg gemacht. Wir wollen unsere Sch\u00fclerinnen und Sch\u00fcler dazu inspirieren, mutig und selbstsicher Verantwortung f\u00fcr ihre Lebensgestaltung zu \u00fcbernehmen. Um Zukunft wirksam mitzugestalten, bedarf es neben dem Erwerb f\u00fcr das Allgemeinwissen notwendiger F\u00e4higkeiten und Fertigkeiten auch der Entwicklung von Metakompetenzen wie Selbstorganisation, Folgenabsch\u00e4tzung, Einsatzbereitschaft, Initiative oder Perspektivenwechsel. Um sich dieser Herausforderung Schritt f\u00fcr Schritt stellen zu k\u00f6nnen, werden Lernsituationen der Autonomie, der Anerkennung und der Zugeh\u00f6rigkeit geschaffen.<\/p>\n\n\n\n<figure class=\"wp-block-image aligncenter size-full is-resized\"><img loading=\"lazy\" decoding=\"async\" src=\"https:\/\/www.stachristiana.at\/app\/uploads\/sites\/14\/2022\/11\/Schirme.jpg\" alt=\"\" class=\"wp-image-598\" width=\"656\" height=\"450\" srcset=\"https:\/\/www.stachristiana.at\/app\/uploads\/sites\/14\/2022\/11\/Schirme.jpg 875w, https:\/\/www.stachristiana.at\/app\/uploads\/sites\/14\/2022\/11\/Schirme-400x274.jpg 400w, https:\/\/www.stachristiana.at\/app\/uploads\/sites\/14\/2022\/11\/Schirme-768x527.jpg 768w, https:\/\/www.stachristiana.at\/app\/uploads\/sites\/14\/2022\/11\/Schirme-671x460.jpg 671w, https:\/\/www.stachristiana.at\/app\/uploads\/sites\/14\/2022\/11\/Schirme-109x75.jpg 109w\" sizes=\"auto, (max-width: 656px) 100vw, 656px\" \/><\/figure>\n\n\n\n<p>Im <strong>Partnerlesen<\/strong> und in der <strong>Offenen Lernwerkstatt<\/strong> mischen sich die Volksschul-Jahrg\u00e4nge. Die Kinder w\u00e4hlen ihre Lernpartner, ihre Lernorte, ihre Lerntempi und ihre Lernaufgaben aus dem von den Lehrerinnen zur Verf\u00fcgung gestellten breiten Aufgaben-Angebot.<\/p>\n\n\n\n<p>Die P\u00e4dagogik des <strong>Dialogischen Lernens<\/strong> r\u00fcckt das Kind und sein Vorwissen ins Zentrum. Davon ausgehende Impulse regen dazu an Ideen weiter zu entwickeln, Entdeckungen zu machen, voneinander zu lernen und pers\u00f6nliche Spuren zu legen.<\/p>\n\n\n\n<p>Wir ermutigen unsere Sch\u00fclerinnen und Sch\u00fcler, sich in Fragen ihres Schulalltags aktiv, kritisch und vision\u00e4r einzumischen. Das geschieht in <strong>Klassenkonferenzen,<\/strong> durch den <strong>Ideenbriefkasten<\/strong> und durch regelm\u00e4\u00dfiges <strong>Feedback<\/strong> an die P\u00e4dagoginnen um den Unterricht zu evaluieren. Dabei erwerben die Kinder Demokratieverst\u00e4ndnis, erleben sich selbst als ernst genommene Mitglieder einer Gemeinschaft und erfahren, dass ihre Meinung relevant ist und Ver\u00e4nderung bewirkt.<\/p>\n\n\n\n<p>Einmal im Monat kommen wir alle zusammen, um besondere Wertsch\u00e4tzung zu erfahren. Nach dem gemeinsamen Gebet sagen wir einander, was gut gelungen ist, wof\u00fcr wir jemandem danken oder wem wir vertrauen. <strong>\u00d6ffentliches Lob<\/strong> ist ansteckend, macht stolz und schafft Beziehung.<\/p>\n\n\n\n<p>Spiritualit\u00e4t im Alltag zu leben bedeutet f\u00fcr uns, sich selbst und den anderen in seiner Vielfalt und Besonderheit wahrzunehmen, zu respektieren und voneinander zu lernen. <strong>Verantwortung<\/strong> zu \u00fcber-und auf einander R\u00fccksicht zu nehmen, k\u00f6nnen unsere Kinder ganz besonders durch die enge Kooperation mit dem Kindergarten, der NMS und den H\u00f6heren Schulen am Campus Sta. Christiana Frohsdorf durch verschiedene Projekte unmittelbar erfahren und trainieren.<\/p>\n\n\n\n<p>Das Angebot einer Vielzahl abwechslungsreicher Kurse und Unverbindlicher \u00dcbungen zum Unterricht und am Nachmittag (Freude mit Neuen Medien, Spiel und Spa\u00df mit Musik,  Fit 4 English, Bewegung und Sport) erm\u00f6glicht es unseren Sch\u00fclerinnen und Sch\u00fclern ihre Freizeitaktivit\u00e4ten innerhalb vertrauter Menschen und Umgebung zu absolvieren. Die t\u00e4gliche <strong>Bewegung<\/strong> an der frischen Luft, die in der Schule angebotene gesunde Jause sowie das immer frisch gekochte Mittagessen sorgen f\u00fcr seelisches und k\u00f6rperliches Wohlbefinden und Gleichgewicht.<\/p>\n\n\n\n<p>Leistung erbringen und auch Fehler machen zu d\u00fcrfen sind wesentliche Bestandteile pers\u00f6nlichkeitsentwickelnder Lernkultur, die wir pflegen. Um langfristige Entwicklungs- und Lernziele, die unsere Sch\u00fclerinnen und Sch\u00fcler im Laufe ihrer Volksschulzeit erreichen sollen, f\u00fcr Eltern und Kinder transparent zu machen, bedarf es einer differenzierten Leistungsr\u00fcckmeldung.<\/p>\n\n\n\n<p>Die vielen R\u00fcckmeldungen unserer Kinder und ihrer Eltern zeigen uns, dass unsere Schule ein Ort ist, an dem man jeden Tag staunen, lernen, lachen, spielen, gute Geschichten h\u00f6ren und erz\u00e4hlen, sich selbst und seine St\u00e4rken weiter entwickeln kann. Vielen Dank!<\/p>\n\n\n\n<p><\/p>\n","protected":false},"excerpt":{"rendered":"<p>\u201eWir wissen, was richtig ist, wenn wir mit dem Herzen denken. Es ist Zeit zu handeln, wenn wir kritisch und m\u00fcndig auf unsere Welt schauen. Potenzialentfaltung ist ein Grundrecht, dem wir Geltung verschaffen.&#8220;Margret Rasfeld, Schulen im Aufbruch Das Team der Volksschule Sta. Christiana Frohsdorf hat sich auf einen ganz besonderen Weg gemacht. Wir wollen unsere [&hellip;]<\/p>\n","protected":false},"author":1,"featured_media":0,"parent":0,"menu_order":100,"comment_status":"closed","ping_status":"closed","template":"","meta":{"footnotes":""},"class_list":["post-70","page","type-page","status-publish","hentry"],"acf":[],"yoast_head":"<!-- This site is optimized with the Yoast SEO plugin v26.8 - https:\/\/yoast.com\/product\/yoast-seo-wordpress\/ -->\n<title>Wof\u00fcr wir stehen - Volksschule Frohsdorf<\/title>\n<meta name=\"robots\" content=\"index, follow, max-snippet:-1, max-image-preview:large, max-video-preview:-1\" \/>\n<link rel=\"canonical\" href=\"http:\/\/www.sanctachristiana.at\/volksschule-frohsdorf\/wofuer-wir-stehen\" \/>\n<meta property=\"og:locale\" content=\"de_DE\" \/>\n<meta property=\"og:type\" content=\"article\" \/>\n<meta property=\"og:title\" content=\"Wof\u00fcr wir stehen - Volksschule Frohsdorf\" \/>\n<meta property=\"og:description\" content=\"\u201eWir wissen, was richtig ist, wenn wir mit dem Herzen denken. Es ist Zeit zu handeln, wenn wir kritisch und m\u00fcndig auf unsere Welt schauen. Potenzialentfaltung ist ein Grundrecht, dem wir Geltung verschaffen.&#8220;Margret Rasfeld, Schulen im Aufbruch Das Team der Volksschule Sta. Christiana Frohsdorf hat sich auf einen ganz besonderen Weg gemacht. Wir wollen unsere [&hellip;]\" \/>\n<meta property=\"og:url\" content=\"http:\/\/www.sanctachristiana.at\/volksschule-frohsdorf\/wofuer-wir-stehen\" \/>\n<meta property=\"og:site_name\" content=\"Volksschule Frohsdorf\" \/>\n<meta property=\"article:modified_time\" content=\"2023-01-20T16:29:15+00:00\" \/>\n<meta property=\"og:image\" content=\"http:\/\/www.sanctachristiana.at\/app\/uploads\/sites\/14\/2022\/11\/Schirme.jpg\" \/>\n<meta name=\"twitter:card\" content=\"summary_large_image\" \/>\n<meta name=\"twitter:label1\" content=\"Gesch\u00e4tzte Lesezeit\" \/>\n\t<meta name=\"twitter:data1\" content=\"4\u00a0Minuten\" \/>\n<script type=\"application\/ld+json\" class=\"yoast-schema-graph\">{\"@context\":\"https:\/\/schema.org\",\"@graph\":[{\"@type\":\"WebPage\",\"@id\":\"http:\/\/www.sanctachristiana.at\/volksschule-frohsdorf\/wofuer-wir-stehen\",\"url\":\"http:\/\/www.sanctachristiana.at\/volksschule-frohsdorf\/wofuer-wir-stehen\",\"name\":\"Wof\u00fcr wir stehen - Volksschule Frohsdorf\",\"isPartOf\":{\"@id\":\"https:\/\/www.stachristiana.at\/volksschule-frohsdorf\/#website\"},\"primaryImageOfPage\":{\"@id\":\"http:\/\/www.sanctachristiana.at\/volksschule-frohsdorf\/wofuer-wir-stehen#primaryimage\"},\"image\":{\"@id\":\"http:\/\/www.sanctachristiana.at\/volksschule-frohsdorf\/wofuer-wir-stehen#primaryimage\"},\"thumbnailUrl\":\"https:\/\/www.stachristiana.at\/app\/uploads\/sites\/14\/2022\/11\/Schirme.jpg\",\"datePublished\":\"2022-05-02T14:21:26+00:00\",\"dateModified\":\"2023-01-20T16:29:15+00:00\",\"breadcrumb\":{\"@id\":\"http:\/\/www.sanctachristiana.at\/volksschule-frohsdorf\/wofuer-wir-stehen#breadcrumb\"},\"inLanguage\":\"de\",\"potentialAction\":[{\"@type\":\"ReadAction\",\"target\":[\"http:\/\/www.sanctachristiana.at\/volksschule-frohsdorf\/wofuer-wir-stehen\"]}]},{\"@type\":\"ImageObject\",\"inLanguage\":\"de\",\"@id\":\"http:\/\/www.sanctachristiana.at\/volksschule-frohsdorf\/wofuer-wir-stehen#primaryimage\",\"url\":\"https:\/\/www.stachristiana.at\/app\/uploads\/sites\/14\/2022\/11\/Schirme.jpg\",\"contentUrl\":\"https:\/\/www.stachristiana.at\/app\/uploads\/sites\/14\/2022\/11\/Schirme.jpg\"},{\"@type\":\"BreadcrumbList\",\"@id\":\"http:\/\/www.sanctachristiana.at\/volksschule-frohsdorf\/wofuer-wir-stehen#breadcrumb\",\"itemListElement\":[{\"@type\":\"ListItem\",\"position\":1,\"name\":\"Start\",\"item\":\"https:\/\/www.stachristiana.at\/\"},{\"@type\":\"ListItem\",\"position\":2,\"name\":\"Wof\u00fcr wir stehen\"}]},{\"@type\":\"WebSite\",\"@id\":\"https:\/\/www.stachristiana.at\/volksschule-frohsdorf\/#website\",\"url\":\"https:\/\/www.stachristiana.at\/volksschule-frohsdorf\/\",\"name\":\"Sta. Christiana - Private Volksschule Frohsdorf\",\"description\":\"Sta. Christiana - Schulen zum Leben\",\"publisher\":{\"@id\":\"https:\/\/www.stachristiana.at\/volksschule-frohsdorf\/#organization\"},\"alternateName\":\"Private Volksschule Frohsdorf\",\"potentialAction\":[{\"@type\":\"SearchAction\",\"target\":{\"@type\":\"EntryPoint\",\"urlTemplate\":\"https:\/\/www.stachristiana.at\/volksschule-frohsdorf\/?s={search_term_string}\"},\"query-input\":{\"@type\":\"PropertyValueSpecification\",\"valueRequired\":true,\"valueName\":\"search_term_string\"}}],\"inLanguage\":\"de\"},{\"@type\":\"Organization\",\"@id\":\"https:\/\/www.stachristiana.at\/volksschule-frohsdorf\/#organization\",\"name\":\"Sta. Christiana - Private Volksschule Frohsdorf\",\"alternateName\":\"Private Volksschule Frohsdorf\",\"url\":\"https:\/\/www.stachristiana.at\/volksschule-frohsdorf\/\",\"logo\":{\"@type\":\"ImageObject\",\"inLanguage\":\"de\",\"@id\":\"https:\/\/www.stachristiana.at\/volksschule-frohsdorf\/#\/schema\/logo\/image\/\",\"url\":\"https:\/\/www.stachristiana.at\/app\/uploads\/sites\/14\/2022\/05\/logo-sta-christiana.png\",\"contentUrl\":\"https:\/\/www.stachristiana.at\/app\/uploads\/sites\/14\/2022\/05\/logo-sta-christiana.png\",\"width\":1200,\"height\":491,\"caption\":\"Sta. Christiana - Private Volksschule Frohsdorf\"},\"image\":{\"@id\":\"https:\/\/www.stachristiana.at\/volksschule-frohsdorf\/#\/schema\/logo\/image\/\"}}]}<\/script>\n<!-- \/ Yoast SEO plugin. -->","yoast_head_json":{"title":"Wof\u00fcr wir stehen - Volksschule Frohsdorf","robots":{"index":"index","follow":"follow","max-snippet":"max-snippet:-1","max-image-preview":"max-image-preview:large","max-video-preview":"max-video-preview:-1"},"canonical":"http:\/\/www.sanctachristiana.at\/volksschule-frohsdorf\/wofuer-wir-stehen","og_locale":"de_DE","og_type":"article","og_title":"Wof\u00fcr wir stehen - Volksschule Frohsdorf","og_description":"\u201eWir wissen, was richtig ist, wenn wir mit dem Herzen denken. Es ist Zeit zu handeln, wenn wir kritisch und m\u00fcndig auf unsere Welt schauen. Potenzialentfaltung ist ein Grundrecht, dem wir Geltung verschaffen.&#8220;Margret Rasfeld, Schulen im Aufbruch Das Team der Volksschule Sta. Christiana Frohsdorf hat sich auf einen ganz besonderen Weg gemacht. Wir wollen unsere [&hellip;]","og_url":"http:\/\/www.sanctachristiana.at\/volksschule-frohsdorf\/wofuer-wir-stehen","og_site_name":"Volksschule Frohsdorf","article_modified_time":"2023-01-20T16:29:15+00:00","og_image":[{"url":"http:\/\/www.sanctachristiana.at\/app\/uploads\/sites\/14\/2022\/11\/Schirme.jpg","type":"","width":"","height":""}],"twitter_card":"summary_large_image","twitter_misc":{"Gesch\u00e4tzte Lesezeit":"4\u00a0Minuten"},"schema":{"@context":"https:\/\/schema.org","@graph":[{"@type":"WebPage","@id":"http:\/\/www.sanctachristiana.at\/volksschule-frohsdorf\/wofuer-wir-stehen","url":"http:\/\/www.sanctachristiana.at\/volksschule-frohsdorf\/wofuer-wir-stehen","name":"Wof\u00fcr wir stehen - Volksschule Frohsdorf","isPartOf":{"@id":"https:\/\/www.stachristiana.at\/volksschule-frohsdorf\/#website"},"primaryImageOfPage":{"@id":"http:\/\/www.sanctachristiana.at\/volksschule-frohsdorf\/wofuer-wir-stehen#primaryimage"},"image":{"@id":"http:\/\/www.sanctachristiana.at\/volksschule-frohsdorf\/wofuer-wir-stehen#primaryimage"},"thumbnailUrl":"https:\/\/www.stachristiana.at\/app\/uploads\/sites\/14\/2022\/11\/Schirme.jpg","datePublished":"2022-05-02T14:21:26+00:00","dateModified":"2023-01-20T16:29:15+00:00","breadcrumb":{"@id":"http:\/\/www.sanctachristiana.at\/volksschule-frohsdorf\/wofuer-wir-stehen#breadcrumb"},"inLanguage":"de","potentialAction":[{"@type":"ReadAction","target":["http:\/\/www.sanctachristiana.at\/volksschule-frohsdorf\/wofuer-wir-stehen"]}]},{"@type":"ImageObject","inLanguage":"de","@id":"http:\/\/www.sanctachristiana.at\/volksschule-frohsdorf\/wofuer-wir-stehen#primaryimage","url":"https:\/\/www.stachristiana.at\/app\/uploads\/sites\/14\/2022\/11\/Schirme.jpg","contentUrl":"https:\/\/www.stachristiana.at\/app\/uploads\/sites\/14\/2022\/11\/Schirme.jpg"},{"@type":"BreadcrumbList","@id":"http:\/\/www.sanctachristiana.at\/volksschule-frohsdorf\/wofuer-wir-stehen#breadcrumb","itemListElement":[{"@type":"ListItem","position":1,"name":"Start","item":"https:\/\/www.stachristiana.at\/"},{"@type":"ListItem","position":2,"name":"Wof\u00fcr wir stehen"}]},{"@type":"WebSite","@id":"https:\/\/www.stachristiana.at\/volksschule-frohsdorf\/#website","url":"https:\/\/www.stachristiana.at\/volksschule-frohsdorf\/","name":"Sta. Christiana - Private Volksschule Frohsdorf","description":"Sta. Christiana - Schulen zum Leben","publisher":{"@id":"https:\/\/www.stachristiana.at\/volksschule-frohsdorf\/#organization"},"alternateName":"Private Volksschule Frohsdorf","potentialAction":[{"@type":"SearchAction","target":{"@type":"EntryPoint","urlTemplate":"https:\/\/www.stachristiana.at\/volksschule-frohsdorf\/?s={search_term_string}"},"query-input":{"@type":"PropertyValueSpecification","valueRequired":true,"valueName":"search_term_string"}}],"inLanguage":"de"},{"@type":"Organization","@id":"https:\/\/www.stachristiana.at\/volksschule-frohsdorf\/#organization","name":"Sta. Christiana - Private Volksschule Frohsdorf","alternateName":"Private Volksschule Frohsdorf","url":"https:\/\/www.stachristiana.at\/volksschule-frohsdorf\/","logo":{"@type":"ImageObject","inLanguage":"de","@id":"https:\/\/www.stachristiana.at\/volksschule-frohsdorf\/#\/schema\/logo\/image\/","url":"https:\/\/www.stachristiana.at\/app\/uploads\/sites\/14\/2022\/05\/logo-sta-christiana.png","contentUrl":"https:\/\/www.stachristiana.at\/app\/uploads\/sites\/14\/2022\/05\/logo-sta-christiana.png","width":1200,"height":491,"caption":"Sta. Christiana - Private Volksschule Frohsdorf"},"image":{"@id":"https:\/\/www.stachristiana.at\/volksschule-frohsdorf\/#\/schema\/logo\/image\/"}}]}},"_links":{"self":[{"href":"https:\/\/www.stachristiana.at\/volksschule-frohsdorf\/wp-json\/wp\/v2\/pages\/70","targetHints":{"allow":["GET"]}}],"collection":[{"href":"https:\/\/www.stachristiana.at\/volksschule-frohsdorf\/wp-json\/wp\/v2\/pages"}],"about":[{"href":"https:\/\/www.stachristiana.at\/volksschule-frohsdorf\/wp-json\/wp\/v2\/types\/page"}],"author":[{"embeddable":true,"href":"https:\/\/www.stachristiana.at\/volksschule-frohsdorf\/wp-json\/wp\/v2\/users\/1"}],"replies":[{"embeddable":true,"href":"https:\/\/www.stachristiana.at\/volksschule-frohsdorf\/wp-json\/wp\/v2\/comments?post=70"}],"version-history":[{"count":8,"href":"https:\/\/www.stachristiana.at\/volksschule-frohsdorf\/wp-json\/wp\/v2\/pages\/70\/revisions"}],"predecessor-version":[{"id":1061,"href":"https:\/\/www.stachristiana.at\/volksschule-frohsdorf\/wp-json\/wp\/v2\/pages\/70\/revisions\/1061"}],"wp:attachment":[{"href":"https:\/\/www.stachristiana.at\/volksschule-frohsdorf\/wp-json\/wp\/v2\/media?parent=70"}],"curies":[{"name":"wp","href":"https:\/\/api.w.org\/{rel}","templated":true}]}}