{"id":665,"date":"2022-11-03T17:45:33","date_gmt":"2022-11-03T16:45:33","guid":{"rendered":"http:\/\/www.sanctachristiana.at\/volksschule-frohsdorf\/?page_id=665"},"modified":"2025-10-14T17:09:09","modified_gmt":"2025-10-14T15:09:09","slug":"hausordnung","status":"publish","type":"page","link":"https:\/\/www.stachristiana.at\/volksschule-frohsdorf\/was-wir-bieten\/hausordnung","title":{"rendered":"Hausordnung"},"content":{"rendered":"\n<p><strong>Vereinbarungen f\u00fcr ein gutes Miteinander<\/strong><\/p>\n\n\n\n<ul class=\"wp-block-list\">\n<li>Wir gehen wertsch\u00e4tzend und respektvoll miteinander um.<\/li>\n\n\n\n<li>Ich w\u00e4hle meine Lautst\u00e4rke so, dass sie f\u00fcr andere angenehm ist.<\/li>\n\n\n\n<li>Ich befolge die Anweisungen der Lehrpersonen.<\/li>\n\n\n\n<li>F\u00fcr wertvolle Gegenst\u00e4nde bin ich selbst verantwortlich.<\/li>\n\n\n\n<li>Ich respektiere das Eigentum anderer.<\/li>\n\n\n\n<li>Ich halte mich an Vereinbarungen, die in der Klasse getroffen werden.<\/li>\n\n\n\n<li>Informationen an meine Eltern\/meine Erziehungsberechtigten werden nachweislich sofort \u00fcbermittelt.<\/li>\n\n\n\n<li>Das Hantieren mit gef\u00e4hrlichen Gegenst\u00e4nden (z.B. Messer, Feuerzeug, \u2026) ist f\u00fcr Sch\u00fclerInnen verboten.<\/li>\n\n\n\n<li>Bevor ich die Schule verlasse, r\u00e4ume ich alle Dinge an ihren vorgesehenen Platz.<\/li>\n\n\n\n<li>Ich achte auf meine Schulsachen und halte Ordnung.<\/li>\n\n\n\n<li>W\u00e4hrend ich in der Schule bin, kaue ich keinen Kaugummi!<\/li>\n\n\n\n<li>Im Turnsaal und im Garten laufe ich \u2013 im Schulhaus gehe ich.<\/li>\n\n\n\n<li>Fenster und Jalousien werden nur von Lehrerinnen ge\u00f6ffnet und geschlossen.<\/li>\n\n\n\n<li>Ich hinterlasse das WC sauber.<\/li>\n\n\n\n<li>Das Benutzen elektronischer Ger\u00e4te (z.B. Smartphone, Smartwatch, \u2026) ist nur nach Aufforderung einer Lehrperson erlaubt. W\u00e4hrend des Schulbetriebes m\u00fcssen diese ausgeschaltet sein und eigenverantwortlich sicher (z. B. in der Schultasche) verwahrt werden.<\/li>\n\n\n\n<li>Wenn ich das Schulhaus vor 7 Uhr 40 betrete, halte ich mich ausschlie\u00dflich in der Warteklasse auf.<\/li>\n\n\n\n<li>Ich erscheine p\u00fcnktlich zum Unterricht.<\/li>\n\n\n\n<li>Meine Eltern\/meine Erziehungsberechtigten begleiten mich nur bis zu den gekennzeichneten T\u00fcren.<\/li>\n\n\n\n<li>In der Schule trage ich angemessene und altersentsprechende Kleidung (z.B. keine Aufdrucke, die Gewaltbotschaften transportieren).<\/li>\n\n\n\n<li>Bei der Garderobe werde ich von meiner Lehrperson nach Unterrichtsschluss entlassen und begebe mich unverz\u00fcglich zum vereinbarten Treffpunkt. Ich kehre sofort zu einer Lehrperson zur\u00fcck, falls ich nicht abgeholt werde oder am vereinbarten Treffpunkt niemanden vorfinde.<\/li>\n<\/ul>\n","protected":false},"excerpt":{"rendered":"<p>Vereinbarungen f\u00fcr ein gutes Miteinander<\/p>\n","protected":false},"author":5,"featured_media":0,"parent":144,"menu_order":0,"comment_status":"closed","ping_status":"closed","template":"","meta":{"footnotes":""},"class_list":["post-665","page","type-page","status-publish","hentry"],"acf":[],"yoast_head":"<!-- This site is optimized with the Yoast SEO plugin v26.8 - https:\/\/yoast.com\/product\/yoast-seo-wordpress\/ -->\n<title>Hausordnung - Volksschule Frohsdorf<\/title>\n<meta name=\"robots\" content=\"index, follow, max-snippet:-1, max-image-preview:large, max-video-preview:-1\" \/>\n<link rel=\"canonical\" href=\"https:\/\/www.stachristiana.at\/volksschule-frohsdorf\/was-wir-bieten\/hausordnung\" \/>\n<meta property=\"og:locale\" content=\"de_DE\" \/>\n<meta property=\"og:type\" content=\"article\" \/>\n<meta property=\"og:title\" content=\"Hausordnung - Volksschule Frohsdorf\" \/>\n<meta property=\"og:description\" content=\"Vereinbarungen f\u00fcr ein gutes Miteinander\" \/>\n<meta property=\"og:url\" content=\"https:\/\/www.stachristiana.at\/volksschule-frohsdorf\/was-wir-bieten\/hausordnung\" \/>\n<meta property=\"og:site_name\" content=\"Volksschule Frohsdorf\" \/>\n<meta property=\"article:modified_time\" content=\"2025-10-14T15:09:09+00:00\" \/>\n<meta property=\"og:image\" content=\"https:\/\/www.stachristiana.at\/app\/uploads\/sites\/14\/2022\/05\/logo-sta-christiana.png\" \/>\n\t<meta property=\"og:image:width\" content=\"1200\" \/>\n\t<meta property=\"og:image:height\" content=\"491\" \/>\n\t<meta property=\"og:image:type\" content=\"image\/png\" \/>\n<meta name=\"twitter:card\" content=\"summary_large_image\" \/>\n<meta name=\"twitter:label1\" content=\"Gesch\u00e4tzte Lesezeit\" \/>\n\t<meta name=\"twitter:data1\" content=\"2\u00a0Minuten\" \/>\n<script type=\"application\/ld+json\" class=\"yoast-schema-graph\">{\"@context\":\"https:\/\/schema.org\",\"@graph\":[{\"@type\":\"WebPage\",\"@id\":\"https:\/\/www.stachristiana.at\/volksschule-frohsdorf\/was-wir-bieten\/hausordnung\",\"url\":\"https:\/\/www.stachristiana.at\/volksschule-frohsdorf\/was-wir-bieten\/hausordnung\",\"name\":\"Hausordnung - Volksschule Frohsdorf\",\"isPartOf\":{\"@id\":\"https:\/\/www.stachristiana.at\/volksschule-frohsdorf\/#website\"},\"datePublished\":\"2022-11-03T16:45:33+00:00\",\"dateModified\":\"2025-10-14T15:09:09+00:00\",\"breadcrumb\":{\"@id\":\"https:\/\/www.stachristiana.at\/volksschule-frohsdorf\/was-wir-bieten\/hausordnung#breadcrumb\"},\"inLanguage\":\"de\",\"potentialAction\":[{\"@type\":\"ReadAction\",\"target\":[\"https:\/\/www.stachristiana.at\/volksschule-frohsdorf\/was-wir-bieten\/hausordnung\"]}]},{\"@type\":\"BreadcrumbList\",\"@id\":\"https:\/\/www.stachristiana.at\/volksschule-frohsdorf\/was-wir-bieten\/hausordnung#breadcrumb\",\"itemListElement\":[{\"@type\":\"ListItem\",\"position\":1,\"name\":\"Start\",\"item\":\"https:\/\/www.stachristiana.at\/\"},{\"@type\":\"ListItem\",\"position\":2,\"name\":\"Was wir bieten\",\"item\":\"https:\/\/www.stachristiana.at\/volksschule-frohsdorf\/was-wir-bieten\"},{\"@type\":\"ListItem\",\"position\":3,\"name\":\"Hausordnung\"}]},{\"@type\":\"WebSite\",\"@id\":\"https:\/\/www.stachristiana.at\/volksschule-frohsdorf\/#website\",\"url\":\"https:\/\/www.stachristiana.at\/volksschule-frohsdorf\/\",\"name\":\"Sta. Christiana - Private Volksschule Frohsdorf\",\"description\":\"Sta. Christiana - Schulen zum Leben\",\"publisher\":{\"@id\":\"https:\/\/www.stachristiana.at\/volksschule-frohsdorf\/#organization\"},\"alternateName\":\"Private Volksschule Frohsdorf\",\"potentialAction\":[{\"@type\":\"SearchAction\",\"target\":{\"@type\":\"EntryPoint\",\"urlTemplate\":\"https:\/\/www.stachristiana.at\/volksschule-frohsdorf\/?s={search_term_string}\"},\"query-input\":{\"@type\":\"PropertyValueSpecification\",\"valueRequired\":true,\"valueName\":\"search_term_string\"}}],\"inLanguage\":\"de\"},{\"@type\":\"Organization\",\"@id\":\"https:\/\/www.stachristiana.at\/volksschule-frohsdorf\/#organization\",\"name\":\"Sta. Christiana - Private Volksschule Frohsdorf\",\"alternateName\":\"Private Volksschule Frohsdorf\",\"url\":\"https:\/\/www.stachristiana.at\/volksschule-frohsdorf\/\",\"logo\":{\"@type\":\"ImageObject\",\"inLanguage\":\"de\",\"@id\":\"https:\/\/www.stachristiana.at\/volksschule-frohsdorf\/#\/schema\/logo\/image\/\",\"url\":\"https:\/\/www.stachristiana.at\/app\/uploads\/sites\/14\/2022\/05\/logo-sta-christiana.png\",\"contentUrl\":\"https:\/\/www.stachristiana.at\/app\/uploads\/sites\/14\/2022\/05\/logo-sta-christiana.png\",\"width\":1200,\"height\":491,\"caption\":\"Sta. Christiana - Private Volksschule Frohsdorf\"},\"image\":{\"@id\":\"https:\/\/www.stachristiana.at\/volksschule-frohsdorf\/#\/schema\/logo\/image\/\"}}]}<\/script>\n<!-- \/ Yoast SEO plugin. -->","yoast_head_json":{"title":"Hausordnung - Volksschule Frohsdorf","robots":{"index":"index","follow":"follow","max-snippet":"max-snippet:-1","max-image-preview":"max-image-preview:large","max-video-preview":"max-video-preview:-1"},"canonical":"https:\/\/www.stachristiana.at\/volksschule-frohsdorf\/was-wir-bieten\/hausordnung","og_locale":"de_DE","og_type":"article","og_title":"Hausordnung - Volksschule Frohsdorf","og_description":"Vereinbarungen f\u00fcr ein gutes Miteinander","og_url":"https:\/\/www.stachristiana.at\/volksschule-frohsdorf\/was-wir-bieten\/hausordnung","og_site_name":"Volksschule Frohsdorf","article_modified_time":"2025-10-14T15:09:09+00:00","og_image":[{"width":1200,"height":491,"url":"https:\/\/www.stachristiana.at\/app\/uploads\/sites\/14\/2022\/05\/logo-sta-christiana.png","type":"image\/png"}],"twitter_card":"summary_large_image","twitter_misc":{"Gesch\u00e4tzte Lesezeit":"2\u00a0Minuten"},"schema":{"@context":"https:\/\/schema.org","@graph":[{"@type":"WebPage","@id":"https:\/\/www.stachristiana.at\/volksschule-frohsdorf\/was-wir-bieten\/hausordnung","url":"https:\/\/www.stachristiana.at\/volksschule-frohsdorf\/was-wir-bieten\/hausordnung","name":"Hausordnung - Volksschule Frohsdorf","isPartOf":{"@id":"https:\/\/www.stachristiana.at\/volksschule-frohsdorf\/#website"},"datePublished":"2022-11-03T16:45:33+00:00","dateModified":"2025-10-14T15:09:09+00:00","breadcrumb":{"@id":"https:\/\/www.stachristiana.at\/volksschule-frohsdorf\/was-wir-bieten\/hausordnung#breadcrumb"},"inLanguage":"de","potentialAction":[{"@type":"ReadAction","target":["https:\/\/www.stachristiana.at\/volksschule-frohsdorf\/was-wir-bieten\/hausordnung"]}]},{"@type":"BreadcrumbList","@id":"https:\/\/www.stachristiana.at\/volksschule-frohsdorf\/was-wir-bieten\/hausordnung#breadcrumb","itemListElement":[{"@type":"ListItem","position":1,"name":"Start","item":"https:\/\/www.stachristiana.at\/"},{"@type":"ListItem","position":2,"name":"Was wir bieten","item":"https:\/\/www.stachristiana.at\/volksschule-frohsdorf\/was-wir-bieten"},{"@type":"ListItem","position":3,"name":"Hausordnung"}]},{"@type":"WebSite","@id":"https:\/\/www.stachristiana.at\/volksschule-frohsdorf\/#website","url":"https:\/\/www.stachristiana.at\/volksschule-frohsdorf\/","name":"Sta. Christiana - Private Volksschule Frohsdorf","description":"Sta. Christiana - Schulen zum Leben","publisher":{"@id":"https:\/\/www.stachristiana.at\/volksschule-frohsdorf\/#organization"},"alternateName":"Private Volksschule Frohsdorf","potentialAction":[{"@type":"SearchAction","target":{"@type":"EntryPoint","urlTemplate":"https:\/\/www.stachristiana.at\/volksschule-frohsdorf\/?s={search_term_string}"},"query-input":{"@type":"PropertyValueSpecification","valueRequired":true,"valueName":"search_term_string"}}],"inLanguage":"de"},{"@type":"Organization","@id":"https:\/\/www.stachristiana.at\/volksschule-frohsdorf\/#organization","name":"Sta. Christiana - Private Volksschule Frohsdorf","alternateName":"Private Volksschule Frohsdorf","url":"https:\/\/www.stachristiana.at\/volksschule-frohsdorf\/","logo":{"@type":"ImageObject","inLanguage":"de","@id":"https:\/\/www.stachristiana.at\/volksschule-frohsdorf\/#\/schema\/logo\/image\/","url":"https:\/\/www.stachristiana.at\/app\/uploads\/sites\/14\/2022\/05\/logo-sta-christiana.png","contentUrl":"https:\/\/www.stachristiana.at\/app\/uploads\/sites\/14\/2022\/05\/logo-sta-christiana.png","width":1200,"height":491,"caption":"Sta. Christiana - Private Volksschule Frohsdorf"},"image":{"@id":"https:\/\/www.stachristiana.at\/volksschule-frohsdorf\/#\/schema\/logo\/image\/"}}]}},"_links":{"self":[{"href":"https:\/\/www.stachristiana.at\/volksschule-frohsdorf\/wp-json\/wp\/v2\/pages\/665","targetHints":{"allow":["GET"]}}],"collection":[{"href":"https:\/\/www.stachristiana.at\/volksschule-frohsdorf\/wp-json\/wp\/v2\/pages"}],"about":[{"href":"https:\/\/www.stachristiana.at\/volksschule-frohsdorf\/wp-json\/wp\/v2\/types\/page"}],"author":[{"embeddable":true,"href":"https:\/\/www.stachristiana.at\/volksschule-frohsdorf\/wp-json\/wp\/v2\/users\/5"}],"replies":[{"embeddable":true,"href":"https:\/\/www.stachristiana.at\/volksschule-frohsdorf\/wp-json\/wp\/v2\/comments?post=665"}],"version-history":[{"count":5,"href":"https:\/\/www.stachristiana.at\/volksschule-frohsdorf\/wp-json\/wp\/v2\/pages\/665\/revisions"}],"predecessor-version":[{"id":3368,"href":"https:\/\/www.stachristiana.at\/volksschule-frohsdorf\/wp-json\/wp\/v2\/pages\/665\/revisions\/3368"}],"up":[{"embeddable":true,"href":"https:\/\/www.stachristiana.at\/volksschule-frohsdorf\/wp-json\/wp\/v2\/pages\/144"}],"wp:attachment":[{"href":"https:\/\/www.stachristiana.at\/volksschule-frohsdorf\/wp-json\/wp\/v2\/media?parent=665"}],"curies":[{"name":"wp","href":"https:\/\/api.w.org\/{rel}","templated":true}]}}