{"id":638,"date":"2022-11-03T16:01:20","date_gmt":"2022-11-03T15:01:20","guid":{"rendered":"http:\/\/www.sanctachristiana.at\/volksschule-frohsdorf\/?page_id=638"},"modified":"2025-09-12T14:50:14","modified_gmt":"2025-09-12T12:50:14","slug":"unterstuetzungsteam","status":"publish","type":"page","link":"https:\/\/www.stachristiana.at\/volksschule-frohsdorf\/wer-wir-sind\/unterstuetzungsteam","title":{"rendered":"Unterst\u00fctzungsteam"},"content":{"rendered":"\n<p><strong>Beratungslehrerin<\/strong><\/p>\n\n\n\n<div class=\"wp-block-media-text alignwide is-stacked-on-mobile\" style=\"grid-template-columns:15% auto\"><figure class=\"wp-block-media-text__media\"><img loading=\"lazy\" decoding=\"async\" width=\"698\" height=\"1022\" src=\"https:\/\/www.stachristiana.at\/app\/uploads\/sites\/14\/2025\/09\/passfoto.jpg\" alt=\"\" class=\"wp-image-3287 size-full\" srcset=\"https:\/\/www.stachristiana.at\/app\/uploads\/sites\/14\/2025\/09\/passfoto.jpg 698w, https:\/\/www.stachristiana.at\/app\/uploads\/sites\/14\/2025\/09\/passfoto-273x400.jpg 273w, https:\/\/www.stachristiana.at\/app\/uploads\/sites\/14\/2025\/09\/passfoto-314x460.jpg 314w, https:\/\/www.stachristiana.at\/app\/uploads\/sites\/14\/2025\/09\/passfoto-51x75.jpg 51w\" sizes=\"auto, (max-width: 698px) 100vw, 698px\" \/><\/figure><div class=\"wp-block-media-text__content\">\n<p><strong>Patricia Vrabetz<\/strong><\/p>\n\n\n\n<p>Elterngespr\u00e4che nach Vereinbarung<br><\/p>\n\n\n\n<p>Den Kontakt stellt die Schulleitung her!<br><\/p>\n<\/div><\/div>\n\n\n\n<div style=\"height:40px\" aria-hidden=\"true\" class=\"wp-block-spacer\"><\/div>\n\n\n\n<p><strong>Schul\u00e4rztin<\/strong><\/p>\n\n\n\n<div class=\"wp-block-media-text alignwide is-stacked-on-mobile\" style=\"grid-template-columns:15% auto\"><figure class=\"wp-block-media-text__media\"><img loading=\"lazy\" decoding=\"async\" width=\"340\" height=\"440\" src=\"https:\/\/www.stachristiana.at\/app\/uploads\/sites\/14\/2025\/09\/Wagner.jpg\" alt=\"\" class=\"wp-image-3270 size-full\" srcset=\"https:\/\/www.stachristiana.at\/app\/uploads\/sites\/14\/2025\/09\/Wagner.jpg 340w, https:\/\/www.stachristiana.at\/app\/uploads\/sites\/14\/2025\/09\/Wagner-309x400.jpg 309w, https:\/\/www.stachristiana.at\/app\/uploads\/sites\/14\/2025\/09\/Wagner-58x75.jpg 58w\" sizes=\"auto, (max-width: 340px) 100vw, 340px\" \/><\/figure><div class=\"wp-block-media-text__content\">\n<p><strong>Dr. Elena Wagner<\/strong><\/p>\n\n\n\n<p>Ordinationszeiten:<br>Dienstag 7:45 &#8211; 10:30<br>Donnerstag 10:00 &#8211; 12:30<br><\/p>\n\n\n\n<p>02627 \/ 45 235-27<br><a href=\"mailto:schularzt@hlw-bafep-basop-frohsdorf.ac.at\" rel=\"nofollow\">schularzt@hlw-bafep-basop-frohsdorf.ac.at<\/a><\/p>\n<\/div><\/div>\n\n\n\n<div style=\"height:20px\" aria-hidden=\"true\" class=\"wp-block-spacer\"><\/div>\n\n\n\n<p><strong>Verwaltung<\/strong><\/p>\n\n\n\n<div class=\"wp-block-media-text alignwide is-stacked-on-mobile\" style=\"grid-template-columns:15% auto\"><figure class=\"wp-block-media-text__media\"><img loading=\"lazy\" decoding=\"async\" width=\"100\" height=\"132\" src=\"https:\/\/www.stachristiana.at\/app\/uploads\/sites\/14\/2023\/01\/Hans-Juergen-Fuerster.jpg\" alt=\"\" class=\"wp-image-1209 size-full\" srcset=\"https:\/\/www.stachristiana.at\/app\/uploads\/sites\/14\/2023\/01\/Hans-Juergen-Fuerster.jpg 100w, https:\/\/www.stachristiana.at\/app\/uploads\/sites\/14\/2023\/01\/Hans-Juergen-Fuerster-57x75.jpg 57w\" sizes=\"auto, (max-width: 100px) 100vw, 100px\" \/><\/figure><div class=\"wp-block-media-text__content\">\n<p><strong>Ing. Hans-J\u00fcrgen F\u00fcrster<\/strong><\/p>\n\n\n\n<p>f\u00fcr die Verwaltung der Schulen<\/p>\n\n\n\n<p>erreichbar unter:<br>Tel: 02627-45235-19<br><a href=\"mailto:hans.fuerster@stachristiana.at\" target=\"_blank\" rel=\"noreferrer noopener\">hans.fuerster@stachristiana.at<\/a><\/p>\n<\/div><\/div>\n\n\n\n<div style=\"height:20px\" aria-hidden=\"true\" class=\"wp-block-spacer\"><\/div>\n\n\n\n<div class=\"wp-block-media-text alignwide is-stacked-on-mobile\" style=\"grid-template-columns:15% auto\"><figure class=\"wp-block-media-text__media\"><img loading=\"lazy\" decoding=\"async\" width=\"200\" height=\"300\" src=\"https:\/\/www.stachristiana.at\/app\/uploads\/sites\/14\/2023\/01\/Cornelia-Puchegger.jpg\" alt=\"\" class=\"wp-image-1208 size-full\" srcset=\"https:\/\/www.stachristiana.at\/app\/uploads\/sites\/14\/2023\/01\/Cornelia-Puchegger.jpg 200w, https:\/\/www.stachristiana.at\/app\/uploads\/sites\/14\/2023\/01\/Cornelia-Puchegger-50x75.jpg 50w\" sizes=\"auto, (max-width: 200px) 100vw, 200px\" \/><\/figure><div class=\"wp-block-media-text__content\">\n<p><strong>Cornelia Puchegger<\/strong><\/p>\n\n\n\n<p>Buchhaltung und Sekretariat<br>Schulgeldverrechnung<\/p>\n\n\n\n<p>erreichbar unter:<br>Tel: 02627\/45235-17<br><a href=\"mailto:schulgeld.frohsdorf@stachristiana.at\" target=\"_blank\" rel=\"noreferrer noopener\">schulgeld.frohsdorf@stachristiana.at<\/a><\/p>\n\n\n\n<p>Sprechstunden:<br>MO 7:30 &#8211; 15:00<br>DI &#8211; FR 7:30 &#8211; 12:30<\/p>\n<\/div><\/div>\n","protected":false},"excerpt":{"rendered":"<p>Beratungslehrerin Patricia Vrabetz Elterngespr\u00e4che nach Vereinbarung Den Kontakt stellt die Schulleitung her! Schul\u00e4rztin Dr. Elena Wagner Ordinationszeiten:Dienstag 7:45 &#8211; 10:30Donnerstag 10:00 &#8211; 12:30 02627 \/ 45 235-27schularzt@hlw-bafep-basop-frohsdorf.ac.at Verwaltung Ing. Hans-J\u00fcrgen F\u00fcrster f\u00fcr die Verwaltung der Schulen erreichbar unter:Tel: 02627-45235-19hans.fuerster@stachristiana.at Cornelia Puchegger Buchhaltung und SekretariatSchulgeldverrechnung erreichbar unter:Tel: 02627\/45235-17schulgeld.frohsdorf@stachristiana.at Sprechstunden:MO 7:30 &#8211; 15:00DI &#8211; FR 7:30 &#8211; [&hellip;]<\/p>\n","protected":false},"author":5,"featured_media":0,"parent":73,"menu_order":0,"comment_status":"closed","ping_status":"closed","template":"","meta":{"footnotes":""},"class_list":["post-638","page","type-page","status-publish","hentry"],"acf":[],"yoast_head":"<!-- This site is optimized with the Yoast SEO plugin v26.8 - https:\/\/yoast.com\/product\/yoast-seo-wordpress\/ -->\n<title>Unterst\u00fctzungsteam - Volksschule Frohsdorf<\/title>\n<meta name=\"robots\" content=\"index, follow, max-snippet:-1, max-image-preview:large, max-video-preview:-1\" \/>\n<link rel=\"canonical\" href=\"https:\/\/www.stachristiana.at\/volksschule-frohsdorf\/wer-wir-sind\/unterstuetzungsteam\" \/>\n<meta property=\"og:locale\" content=\"de_DE\" \/>\n<meta property=\"og:type\" content=\"article\" \/>\n<meta property=\"og:title\" content=\"Unterst\u00fctzungsteam - Volksschule Frohsdorf\" \/>\n<meta property=\"og:description\" content=\"Beratungslehrerin Patricia Vrabetz Elterngespr\u00e4che nach Vereinbarung Den Kontakt stellt die Schulleitung her! Schul\u00e4rztin Dr. Elena Wagner Ordinationszeiten:Dienstag 7:45 &#8211; 10:30Donnerstag 10:00 &#8211; 12:30 02627 \/ 45 235-27schularzt@hlw-bafep-basop-frohsdorf.ac.at Verwaltung Ing. Hans-J\u00fcrgen F\u00fcrster f\u00fcr die Verwaltung der Schulen erreichbar unter:Tel: 02627-45235-19hans.fuerster@stachristiana.at Cornelia Puchegger Buchhaltung und SekretariatSchulgeldverrechnung erreichbar unter:Tel: 02627\/45235-17schulgeld.frohsdorf@stachristiana.at Sprechstunden:MO 7:30 &#8211; 15:00DI &#8211; FR 7:30 &#8211; [&hellip;]\" \/>\n<meta property=\"og:url\" content=\"https:\/\/www.stachristiana.at\/volksschule-frohsdorf\/wer-wir-sind\/unterstuetzungsteam\" \/>\n<meta property=\"og:site_name\" content=\"Volksschule Frohsdorf\" \/>\n<meta property=\"article:modified_time\" content=\"2025-09-12T12:50:14+00:00\" \/>\n<meta property=\"og:image\" content=\"https:\/\/www.stachristiana.at\/app\/uploads\/sites\/14\/2025\/09\/passfoto.jpg\" \/>\n\t<meta property=\"og:image:width\" content=\"698\" \/>\n\t<meta property=\"og:image:height\" content=\"1022\" \/>\n\t<meta property=\"og:image:type\" content=\"image\/jpeg\" \/>\n<meta name=\"twitter:card\" content=\"summary_large_image\" \/>\n<meta name=\"twitter:label1\" content=\"Gesch\u00e4tzte Lesezeit\" \/>\n\t<meta name=\"twitter:data1\" content=\"2\u00a0Minuten\" \/>\n<script type=\"application\/ld+json\" class=\"yoast-schema-graph\">{\"@context\":\"https:\/\/schema.org\",\"@graph\":[{\"@type\":\"WebPage\",\"@id\":\"https:\/\/www.stachristiana.at\/volksschule-frohsdorf\/wer-wir-sind\/unterstuetzungsteam\",\"url\":\"https:\/\/www.stachristiana.at\/volksschule-frohsdorf\/wer-wir-sind\/unterstuetzungsteam\",\"name\":\"Unterst\u00fctzungsteam - Volksschule Frohsdorf\",\"isPartOf\":{\"@id\":\"https:\/\/www.stachristiana.at\/volksschule-frohsdorf\/#website\"},\"primaryImageOfPage\":{\"@id\":\"https:\/\/www.stachristiana.at\/volksschule-frohsdorf\/wer-wir-sind\/unterstuetzungsteam#primaryimage\"},\"image\":{\"@id\":\"https:\/\/www.stachristiana.at\/volksschule-frohsdorf\/wer-wir-sind\/unterstuetzungsteam#primaryimage\"},\"thumbnailUrl\":\"https:\/\/www.stachristiana.at\/app\/uploads\/sites\/14\/2025\/09\/passfoto.jpg\",\"datePublished\":\"2022-11-03T15:01:20+00:00\",\"dateModified\":\"2025-09-12T12:50:14+00:00\",\"breadcrumb\":{\"@id\":\"https:\/\/www.stachristiana.at\/volksschule-frohsdorf\/wer-wir-sind\/unterstuetzungsteam#breadcrumb\"},\"inLanguage\":\"de\",\"potentialAction\":[{\"@type\":\"ReadAction\",\"target\":[\"https:\/\/www.stachristiana.at\/volksschule-frohsdorf\/wer-wir-sind\/unterstuetzungsteam\"]}]},{\"@type\":\"ImageObject\",\"inLanguage\":\"de\",\"@id\":\"https:\/\/www.stachristiana.at\/volksschule-frohsdorf\/wer-wir-sind\/unterstuetzungsteam#primaryimage\",\"url\":\"https:\/\/www.stachristiana.at\/app\/uploads\/sites\/14\/2025\/09\/passfoto.jpg\",\"contentUrl\":\"https:\/\/www.stachristiana.at\/app\/uploads\/sites\/14\/2025\/09\/passfoto.jpg\"},{\"@type\":\"BreadcrumbList\",\"@id\":\"https:\/\/www.stachristiana.at\/volksschule-frohsdorf\/wer-wir-sind\/unterstuetzungsteam#breadcrumb\",\"itemListElement\":[{\"@type\":\"ListItem\",\"position\":1,\"name\":\"Start\",\"item\":\"https:\/\/www.stachristiana.at\/\"},{\"@type\":\"ListItem\",\"position\":2,\"name\":\"Wer wir sind\",\"item\":\"https:\/\/www.stachristiana.at\/volksschule-frohsdorf\/wer-wir-sind\"},{\"@type\":\"ListItem\",\"position\":3,\"name\":\"Unterst\u00fctzungsteam\"}]},{\"@type\":\"WebSite\",\"@id\":\"https:\/\/www.stachristiana.at\/volksschule-frohsdorf\/#website\",\"url\":\"https:\/\/www.stachristiana.at\/volksschule-frohsdorf\/\",\"name\":\"Sta. Christiana - Private Volksschule Frohsdorf\",\"description\":\"Sta. Christiana - Schulen zum Leben\",\"publisher\":{\"@id\":\"https:\/\/www.stachristiana.at\/volksschule-frohsdorf\/#organization\"},\"alternateName\":\"Private Volksschule Frohsdorf\",\"potentialAction\":[{\"@type\":\"SearchAction\",\"target\":{\"@type\":\"EntryPoint\",\"urlTemplate\":\"https:\/\/www.stachristiana.at\/volksschule-frohsdorf\/?s={search_term_string}\"},\"query-input\":{\"@type\":\"PropertyValueSpecification\",\"valueRequired\":true,\"valueName\":\"search_term_string\"}}],\"inLanguage\":\"de\"},{\"@type\":\"Organization\",\"@id\":\"https:\/\/www.stachristiana.at\/volksschule-frohsdorf\/#organization\",\"name\":\"Sta. Christiana - Private Volksschule Frohsdorf\",\"alternateName\":\"Private Volksschule Frohsdorf\",\"url\":\"https:\/\/www.stachristiana.at\/volksschule-frohsdorf\/\",\"logo\":{\"@type\":\"ImageObject\",\"inLanguage\":\"de\",\"@id\":\"https:\/\/www.stachristiana.at\/volksschule-frohsdorf\/#\/schema\/logo\/image\/\",\"url\":\"https:\/\/www.stachristiana.at\/app\/uploads\/sites\/14\/2022\/05\/logo-sta-christiana.png\",\"contentUrl\":\"https:\/\/www.stachristiana.at\/app\/uploads\/sites\/14\/2022\/05\/logo-sta-christiana.png\",\"width\":1200,\"height\":491,\"caption\":\"Sta. Christiana - Private Volksschule Frohsdorf\"},\"image\":{\"@id\":\"https:\/\/www.stachristiana.at\/volksschule-frohsdorf\/#\/schema\/logo\/image\/\"}}]}<\/script>\n<!-- \/ Yoast SEO plugin. -->","yoast_head_json":{"title":"Unterst\u00fctzungsteam - Volksschule Frohsdorf","robots":{"index":"index","follow":"follow","max-snippet":"max-snippet:-1","max-image-preview":"max-image-preview:large","max-video-preview":"max-video-preview:-1"},"canonical":"https:\/\/www.stachristiana.at\/volksschule-frohsdorf\/wer-wir-sind\/unterstuetzungsteam","og_locale":"de_DE","og_type":"article","og_title":"Unterst\u00fctzungsteam - Volksschule Frohsdorf","og_description":"Beratungslehrerin Patricia Vrabetz Elterngespr\u00e4che nach Vereinbarung Den Kontakt stellt die Schulleitung her! Schul\u00e4rztin Dr. Elena Wagner Ordinationszeiten:Dienstag 7:45 &#8211; 10:30Donnerstag 10:00 &#8211; 12:30 02627 \/ 45 235-27schularzt@hlw-bafep-basop-frohsdorf.ac.at Verwaltung Ing. Hans-J\u00fcrgen F\u00fcrster f\u00fcr die Verwaltung der Schulen erreichbar unter:Tel: 02627-45235-19hans.fuerster@stachristiana.at Cornelia Puchegger Buchhaltung und SekretariatSchulgeldverrechnung erreichbar unter:Tel: 02627\/45235-17schulgeld.frohsdorf@stachristiana.at Sprechstunden:MO 7:30 &#8211; 15:00DI &#8211; FR 7:30 &#8211; [&hellip;]","og_url":"https:\/\/www.stachristiana.at\/volksschule-frohsdorf\/wer-wir-sind\/unterstuetzungsteam","og_site_name":"Volksschule Frohsdorf","article_modified_time":"2025-09-12T12:50:14+00:00","og_image":[{"width":698,"height":1022,"url":"https:\/\/www.stachristiana.at\/app\/uploads\/sites\/14\/2025\/09\/passfoto.jpg","type":"image\/jpeg"}],"twitter_card":"summary_large_image","twitter_misc":{"Gesch\u00e4tzte Lesezeit":"2\u00a0Minuten"},"schema":{"@context":"https:\/\/schema.org","@graph":[{"@type":"WebPage","@id":"https:\/\/www.stachristiana.at\/volksschule-frohsdorf\/wer-wir-sind\/unterstuetzungsteam","url":"https:\/\/www.stachristiana.at\/volksschule-frohsdorf\/wer-wir-sind\/unterstuetzungsteam","name":"Unterst\u00fctzungsteam - Volksschule Frohsdorf","isPartOf":{"@id":"https:\/\/www.stachristiana.at\/volksschule-frohsdorf\/#website"},"primaryImageOfPage":{"@id":"https:\/\/www.stachristiana.at\/volksschule-frohsdorf\/wer-wir-sind\/unterstuetzungsteam#primaryimage"},"image":{"@id":"https:\/\/www.stachristiana.at\/volksschule-frohsdorf\/wer-wir-sind\/unterstuetzungsteam#primaryimage"},"thumbnailUrl":"https:\/\/www.stachristiana.at\/app\/uploads\/sites\/14\/2025\/09\/passfoto.jpg","datePublished":"2022-11-03T15:01:20+00:00","dateModified":"2025-09-12T12:50:14+00:00","breadcrumb":{"@id":"https:\/\/www.stachristiana.at\/volksschule-frohsdorf\/wer-wir-sind\/unterstuetzungsteam#breadcrumb"},"inLanguage":"de","potentialAction":[{"@type":"ReadAction","target":["https:\/\/www.stachristiana.at\/volksschule-frohsdorf\/wer-wir-sind\/unterstuetzungsteam"]}]},{"@type":"ImageObject","inLanguage":"de","@id":"https:\/\/www.stachristiana.at\/volksschule-frohsdorf\/wer-wir-sind\/unterstuetzungsteam#primaryimage","url":"https:\/\/www.stachristiana.at\/app\/uploads\/sites\/14\/2025\/09\/passfoto.jpg","contentUrl":"https:\/\/www.stachristiana.at\/app\/uploads\/sites\/14\/2025\/09\/passfoto.jpg"},{"@type":"BreadcrumbList","@id":"https:\/\/www.stachristiana.at\/volksschule-frohsdorf\/wer-wir-sind\/unterstuetzungsteam#breadcrumb","itemListElement":[{"@type":"ListItem","position":1,"name":"Start","item":"https:\/\/www.stachristiana.at\/"},{"@type":"ListItem","position":2,"name":"Wer wir sind","item":"https:\/\/www.stachristiana.at\/volksschule-frohsdorf\/wer-wir-sind"},{"@type":"ListItem","position":3,"name":"Unterst\u00fctzungsteam"}]},{"@type":"WebSite","@id":"https:\/\/www.stachristiana.at\/volksschule-frohsdorf\/#website","url":"https:\/\/www.stachristiana.at\/volksschule-frohsdorf\/","name":"Sta. Christiana - Private Volksschule Frohsdorf","description":"Sta. Christiana - Schulen zum Leben","publisher":{"@id":"https:\/\/www.stachristiana.at\/volksschule-frohsdorf\/#organization"},"alternateName":"Private Volksschule Frohsdorf","potentialAction":[{"@type":"SearchAction","target":{"@type":"EntryPoint","urlTemplate":"https:\/\/www.stachristiana.at\/volksschule-frohsdorf\/?s={search_term_string}"},"query-input":{"@type":"PropertyValueSpecification","valueRequired":true,"valueName":"search_term_string"}}],"inLanguage":"de"},{"@type":"Organization","@id":"https:\/\/www.stachristiana.at\/volksschule-frohsdorf\/#organization","name":"Sta. Christiana - Private Volksschule Frohsdorf","alternateName":"Private Volksschule Frohsdorf","url":"https:\/\/www.stachristiana.at\/volksschule-frohsdorf\/","logo":{"@type":"ImageObject","inLanguage":"de","@id":"https:\/\/www.stachristiana.at\/volksschule-frohsdorf\/#\/schema\/logo\/image\/","url":"https:\/\/www.stachristiana.at\/app\/uploads\/sites\/14\/2022\/05\/logo-sta-christiana.png","contentUrl":"https:\/\/www.stachristiana.at\/app\/uploads\/sites\/14\/2022\/05\/logo-sta-christiana.png","width":1200,"height":491,"caption":"Sta. Christiana - Private Volksschule Frohsdorf"},"image":{"@id":"https:\/\/www.stachristiana.at\/volksschule-frohsdorf\/#\/schema\/logo\/image\/"}}]}},"_links":{"self":[{"href":"https:\/\/www.stachristiana.at\/volksschule-frohsdorf\/wp-json\/wp\/v2\/pages\/638","targetHints":{"allow":["GET"]}}],"collection":[{"href":"https:\/\/www.stachristiana.at\/volksschule-frohsdorf\/wp-json\/wp\/v2\/pages"}],"about":[{"href":"https:\/\/www.stachristiana.at\/volksschule-frohsdorf\/wp-json\/wp\/v2\/types\/page"}],"author":[{"embeddable":true,"href":"https:\/\/www.stachristiana.at\/volksschule-frohsdorf\/wp-json\/wp\/v2\/users\/5"}],"replies":[{"embeddable":true,"href":"https:\/\/www.stachristiana.at\/volksschule-frohsdorf\/wp-json\/wp\/v2\/comments?post=638"}],"version-history":[{"count":18,"href":"https:\/\/www.stachristiana.at\/volksschule-frohsdorf\/wp-json\/wp\/v2\/pages\/638\/revisions"}],"predecessor-version":[{"id":3291,"href":"https:\/\/www.stachristiana.at\/volksschule-frohsdorf\/wp-json\/wp\/v2\/pages\/638\/revisions\/3291"}],"up":[{"embeddable":true,"href":"https:\/\/www.stachristiana.at\/volksschule-frohsdorf\/wp-json\/wp\/v2\/pages\/73"}],"wp:attachment":[{"href":"https:\/\/www.stachristiana.at\/volksschule-frohsdorf\/wp-json\/wp\/v2\/media?parent=638"}],"curies":[{"name":"wp","href":"https:\/\/api.w.org\/{rel}","templated":true}]}}