{"id":590,"date":"2022-11-03T13:38:40","date_gmt":"2022-11-03T12:38:40","guid":{"rendered":"http:\/\/www.sanctachristiana.at\/volksschule-frohsdorf\/?page_id=590"},"modified":"2026-02-11T14:50:29","modified_gmt":"2026-02-11T13:50:29","slug":"sprechzeiten","status":"publish","type":"page","link":"https:\/\/www.stachristiana.at\/volksschule-frohsdorf\/sprechzeiten","title":{"rendered":"Sprechzeiten"},"content":{"rendered":"\n<p>Liebe Eltern, w\u00e4hrend des Unterrichts und der Aufsichten brauchen uns Ihre Kinder, daher bitten wir um Verst\u00e4ndnis, dass zu diesen Zeiten keine Gespr\u00e4che stattfinden k\u00f6nnen.<\/p>\n\n\n\n<p>Bitte um vorherige Terminvereinbarung!<\/p>\n\n\n\n<p><strong>Unsere Sprechzeiten sind:<\/strong><\/p>\n\n\n\n<div class=\"wp-block-columns is-layout-flex wp-container-core-columns-is-layout-28f84493 wp-block-columns-is-layout-flex\">\n<div class=\"wp-block-column is-layout-flow wp-block-column-is-layout-flow\" style=\"flex-basis:66.66%\">\n<figure class=\"wp-block-table is-style-stripes\"><table><tbody><tr><td>Tamara Pratter<\/td><td><\/td><td>Dienstag, 11:45 bis 12:35 Uhr<\/td><td><\/td><\/tr><tr><td>Silvia Schroll<\/td><td><\/td><td>Dienstag, 8:50 bis 9:40 Uhr<\/td><td><\/td><\/tr><tr><td>Sabine Strobl<\/td><td><\/td><td>Mittwoch &amp; Donnerstag 7:00 bis 7:30 Uhr<\/td><td><\/td><\/tr><tr><td>Julia Freiberger<\/td><td><\/td><td>Mittwoch, 11:45 bis 12:35 Uhr<br>Donnerstag, 10:00 bis 10:45 Uhr<\/td><td><br><\/td><\/tr><tr><td>Elisabeth Kager<\/td><td><\/td><td>Donnerstag, 7:00 bis 7:30 Uhr<br>Mittwoch, 12:00 bis 13:00 Uhr<\/td><td><\/td><\/tr><tr><td>Anna Binder<\/td><td><\/td><td>Donnerstag, 10:50 bis 11:40 Uhr<\/td><td><\/td><\/tr><tr><td>Julia Migsich<\/td><td><\/td><td>Mittwoch, 13:00 bis 14:00<\/td><td><\/td><\/tr><tr><td>Bianca B\u00f6hm<\/td><td><\/td><td>Donnerstag, 10:50 bis 11:40<\/td><td><\/td><\/tr><\/tbody><\/table><\/figure>\n<\/div>\n\n\n\n<div class=\"wp-block-column is-layout-flow wp-block-column-is-layout-flow\" style=\"flex-basis:33.33%\"><\/div>\n<\/div>\n\n\n\n<p>&nbsp;<\/p>\n\n\n\n<p><strong>Unsere Unterrichtszeiten:<\/strong><\/p>\n\n\n\n<div class=\"wp-block-columns is-layout-flex wp-container-core-columns-is-layout-28f84493 wp-block-columns-is-layout-flex\">\n<div class=\"wp-block-column is-layout-flow wp-block-column-is-layout-flow\" style=\"flex-basis:66.66%\">\n<figure class=\"wp-block-table is-style-stripes\"><table><tbody><tr><td>Fr\u00fchbetreuung<\/td><td>ab 6:45<\/td><td><\/td><td><\/td><\/tr><tr><td>1. Stunde<\/td><td>7:55 &#8211; 8:45<\/td><td><\/td><td><\/td><\/tr><tr><td>2. Stunde<\/td><td>8:45 &#8211; 9:35<\/td><td><\/td><td><\/td><\/tr><tr><td>3. Stunde<\/td><td>9:55 &#8211; 10:45<\/td><td><\/td><td><\/td><\/tr><tr><td>4. Stunde<\/td><td>10:50 &#8211; 11:40<\/td><td><\/td><td><\/td><\/tr><tr><td>5. Stunde<\/td><td>11:45 &#8211; 12:35<\/td><td><\/td><td><\/td><\/tr><tr><td>6. Stunde<\/td><td>12:40 &#8211; 13:30<\/td><td><\/td><td><\/td><\/tr><\/tbody><\/table><\/figure>\n<\/div>\n\n\n\n<div class=\"wp-block-column is-layout-flow wp-block-column-is-layout-flow\" style=\"flex-basis:33.33%\"><\/div>\n<\/div>\n\n\n\n<p>&nbsp;<\/p>\n","protected":false},"excerpt":{"rendered":"<p>Liebe Eltern, w\u00e4hrend des Unterrichts und der Aufsichten brauchen uns Ihre Kinder, daher bitten wir um Verst\u00e4ndnis, dass zu diesen Zeiten keine Gespr\u00e4che stattfinden k\u00f6nnen. Bitte um vorherige Terminvereinbarung! Unsere Sprechzeiten sind: Tamara Pratter Dienstag, 11:45 bis 12:35 Uhr Silvia Schroll Dienstag, 8:50 bis 9:40 Uhr Sabine Strobl Mittwoch &amp; Donnerstag 7:00 bis 7:30 Uhr [&hellip;]<\/p>\n","protected":false},"author":5,"featured_media":0,"parent":0,"menu_order":0,"comment_status":"closed","ping_status":"closed","template":"","meta":{"footnotes":""},"class_list":["post-590","page","type-page","status-publish","hentry"],"acf":[],"yoast_head":"<!-- This site is optimized with the Yoast SEO plugin v26.8 - https:\/\/yoast.com\/product\/yoast-seo-wordpress\/ -->\n<title>Sprechzeiten - Volksschule Frohsdorf<\/title>\n<meta name=\"robots\" content=\"index, follow, max-snippet:-1, max-image-preview:large, max-video-preview:-1\" \/>\n<link rel=\"canonical\" href=\"https:\/\/www.stachristiana.at\/volksschule-frohsdorf\/sprechzeiten\" \/>\n<meta property=\"og:locale\" content=\"de_DE\" \/>\n<meta property=\"og:type\" content=\"article\" \/>\n<meta property=\"og:title\" content=\"Sprechzeiten - Volksschule Frohsdorf\" \/>\n<meta property=\"og:description\" content=\"Liebe Eltern, w\u00e4hrend des Unterrichts und der Aufsichten brauchen uns Ihre Kinder, daher bitten wir um Verst\u00e4ndnis, dass zu diesen Zeiten keine Gespr\u00e4che stattfinden k\u00f6nnen. Bitte um vorherige Terminvereinbarung! Unsere Sprechzeiten sind: Tamara Pratter Dienstag, 11:45 bis 12:35 Uhr Silvia Schroll Dienstag, 8:50 bis 9:40 Uhr Sabine Strobl Mittwoch &amp; Donnerstag 7:00 bis 7:30 Uhr [&hellip;]\" \/>\n<meta property=\"og:url\" content=\"https:\/\/www.stachristiana.at\/volksschule-frohsdorf\/sprechzeiten\" \/>\n<meta property=\"og:site_name\" content=\"Volksschule Frohsdorf\" \/>\n<meta property=\"article:modified_time\" content=\"2026-02-11T13:50:29+00:00\" \/>\n<meta property=\"og:image\" content=\"https:\/\/www.stachristiana.at\/app\/uploads\/sites\/14\/2022\/05\/logo-sta-christiana.png\" \/>\n\t<meta property=\"og:image:width\" content=\"1200\" \/>\n\t<meta property=\"og:image:height\" content=\"491\" \/>\n\t<meta property=\"og:image:type\" content=\"image\/png\" \/>\n<meta name=\"twitter:card\" content=\"summary_large_image\" \/>\n<meta name=\"twitter:label1\" content=\"Gesch\u00e4tzte Lesezeit\" \/>\n\t<meta name=\"twitter:data1\" content=\"1\u00a0Minute\" \/>\n<script type=\"application\/ld+json\" class=\"yoast-schema-graph\">{\"@context\":\"https:\/\/schema.org\",\"@graph\":[{\"@type\":\"WebPage\",\"@id\":\"https:\/\/www.stachristiana.at\/volksschule-frohsdorf\/sprechzeiten\",\"url\":\"https:\/\/www.stachristiana.at\/volksschule-frohsdorf\/sprechzeiten\",\"name\":\"Sprechzeiten - Volksschule Frohsdorf\",\"isPartOf\":{\"@id\":\"https:\/\/www.stachristiana.at\/volksschule-frohsdorf\/#website\"},\"datePublished\":\"2022-11-03T12:38:40+00:00\",\"dateModified\":\"2026-02-11T13:50:29+00:00\",\"breadcrumb\":{\"@id\":\"https:\/\/www.stachristiana.at\/volksschule-frohsdorf\/sprechzeiten#breadcrumb\"},\"inLanguage\":\"de\",\"potentialAction\":[{\"@type\":\"ReadAction\",\"target\":[\"https:\/\/www.stachristiana.at\/volksschule-frohsdorf\/sprechzeiten\"]}]},{\"@type\":\"BreadcrumbList\",\"@id\":\"https:\/\/www.stachristiana.at\/volksschule-frohsdorf\/sprechzeiten#breadcrumb\",\"itemListElement\":[{\"@type\":\"ListItem\",\"position\":1,\"name\":\"Start\",\"item\":\"https:\/\/www.stachristiana.at\/\"},{\"@type\":\"ListItem\",\"position\":2,\"name\":\"Sprechzeiten\"}]},{\"@type\":\"WebSite\",\"@id\":\"https:\/\/www.stachristiana.at\/volksschule-frohsdorf\/#website\",\"url\":\"https:\/\/www.stachristiana.at\/volksschule-frohsdorf\/\",\"name\":\"Sta. Christiana - Private Volksschule Frohsdorf\",\"description\":\"Sta. Christiana - Schulen zum Leben\",\"publisher\":{\"@id\":\"https:\/\/www.stachristiana.at\/volksschule-frohsdorf\/#organization\"},\"alternateName\":\"Private Volksschule Frohsdorf\",\"potentialAction\":[{\"@type\":\"SearchAction\",\"target\":{\"@type\":\"EntryPoint\",\"urlTemplate\":\"https:\/\/www.stachristiana.at\/volksschule-frohsdorf\/?s={search_term_string}\"},\"query-input\":{\"@type\":\"PropertyValueSpecification\",\"valueRequired\":true,\"valueName\":\"search_term_string\"}}],\"inLanguage\":\"de\"},{\"@type\":\"Organization\",\"@id\":\"https:\/\/www.stachristiana.at\/volksschule-frohsdorf\/#organization\",\"name\":\"Sta. Christiana - Private Volksschule Frohsdorf\",\"alternateName\":\"Private Volksschule Frohsdorf\",\"url\":\"https:\/\/www.stachristiana.at\/volksschule-frohsdorf\/\",\"logo\":{\"@type\":\"ImageObject\",\"inLanguage\":\"de\",\"@id\":\"https:\/\/www.stachristiana.at\/volksschule-frohsdorf\/#\/schema\/logo\/image\/\",\"url\":\"https:\/\/www.stachristiana.at\/app\/uploads\/sites\/14\/2022\/05\/logo-sta-christiana.png\",\"contentUrl\":\"https:\/\/www.stachristiana.at\/app\/uploads\/sites\/14\/2022\/05\/logo-sta-christiana.png\",\"width\":1200,\"height\":491,\"caption\":\"Sta. Christiana - Private Volksschule Frohsdorf\"},\"image\":{\"@id\":\"https:\/\/www.stachristiana.at\/volksschule-frohsdorf\/#\/schema\/logo\/image\/\"}}]}<\/script>\n<!-- \/ Yoast SEO plugin. -->","yoast_head_json":{"title":"Sprechzeiten - Volksschule Frohsdorf","robots":{"index":"index","follow":"follow","max-snippet":"max-snippet:-1","max-image-preview":"max-image-preview:large","max-video-preview":"max-video-preview:-1"},"canonical":"https:\/\/www.stachristiana.at\/volksschule-frohsdorf\/sprechzeiten","og_locale":"de_DE","og_type":"article","og_title":"Sprechzeiten - Volksschule Frohsdorf","og_description":"Liebe Eltern, w\u00e4hrend des Unterrichts und der Aufsichten brauchen uns Ihre Kinder, daher bitten wir um Verst\u00e4ndnis, dass zu diesen Zeiten keine Gespr\u00e4che stattfinden k\u00f6nnen. Bitte um vorherige Terminvereinbarung! Unsere Sprechzeiten sind: Tamara Pratter Dienstag, 11:45 bis 12:35 Uhr Silvia Schroll Dienstag, 8:50 bis 9:40 Uhr Sabine Strobl Mittwoch &amp; Donnerstag 7:00 bis 7:30 Uhr [&hellip;]","og_url":"https:\/\/www.stachristiana.at\/volksschule-frohsdorf\/sprechzeiten","og_site_name":"Volksschule Frohsdorf","article_modified_time":"2026-02-11T13:50:29+00:00","og_image":[{"width":1200,"height":491,"url":"https:\/\/www.stachristiana.at\/app\/uploads\/sites\/14\/2022\/05\/logo-sta-christiana.png","type":"image\/png"}],"twitter_card":"summary_large_image","twitter_misc":{"Gesch\u00e4tzte Lesezeit":"1\u00a0Minute"},"schema":{"@context":"https:\/\/schema.org","@graph":[{"@type":"WebPage","@id":"https:\/\/www.stachristiana.at\/volksschule-frohsdorf\/sprechzeiten","url":"https:\/\/www.stachristiana.at\/volksschule-frohsdorf\/sprechzeiten","name":"Sprechzeiten - Volksschule Frohsdorf","isPartOf":{"@id":"https:\/\/www.stachristiana.at\/volksschule-frohsdorf\/#website"},"datePublished":"2022-11-03T12:38:40+00:00","dateModified":"2026-02-11T13:50:29+00:00","breadcrumb":{"@id":"https:\/\/www.stachristiana.at\/volksschule-frohsdorf\/sprechzeiten#breadcrumb"},"inLanguage":"de","potentialAction":[{"@type":"ReadAction","target":["https:\/\/www.stachristiana.at\/volksschule-frohsdorf\/sprechzeiten"]}]},{"@type":"BreadcrumbList","@id":"https:\/\/www.stachristiana.at\/volksschule-frohsdorf\/sprechzeiten#breadcrumb","itemListElement":[{"@type":"ListItem","position":1,"name":"Start","item":"https:\/\/www.stachristiana.at\/"},{"@type":"ListItem","position":2,"name":"Sprechzeiten"}]},{"@type":"WebSite","@id":"https:\/\/www.stachristiana.at\/volksschule-frohsdorf\/#website","url":"https:\/\/www.stachristiana.at\/volksschule-frohsdorf\/","name":"Sta. Christiana - Private Volksschule Frohsdorf","description":"Sta. Christiana - Schulen zum Leben","publisher":{"@id":"https:\/\/www.stachristiana.at\/volksschule-frohsdorf\/#organization"},"alternateName":"Private Volksschule Frohsdorf","potentialAction":[{"@type":"SearchAction","target":{"@type":"EntryPoint","urlTemplate":"https:\/\/www.stachristiana.at\/volksschule-frohsdorf\/?s={search_term_string}"},"query-input":{"@type":"PropertyValueSpecification","valueRequired":true,"valueName":"search_term_string"}}],"inLanguage":"de"},{"@type":"Organization","@id":"https:\/\/www.stachristiana.at\/volksschule-frohsdorf\/#organization","name":"Sta. Christiana - Private Volksschule Frohsdorf","alternateName":"Private Volksschule Frohsdorf","url":"https:\/\/www.stachristiana.at\/volksschule-frohsdorf\/","logo":{"@type":"ImageObject","inLanguage":"de","@id":"https:\/\/www.stachristiana.at\/volksschule-frohsdorf\/#\/schema\/logo\/image\/","url":"https:\/\/www.stachristiana.at\/app\/uploads\/sites\/14\/2022\/05\/logo-sta-christiana.png","contentUrl":"https:\/\/www.stachristiana.at\/app\/uploads\/sites\/14\/2022\/05\/logo-sta-christiana.png","width":1200,"height":491,"caption":"Sta. Christiana - Private Volksschule Frohsdorf"},"image":{"@id":"https:\/\/www.stachristiana.at\/volksschule-frohsdorf\/#\/schema\/logo\/image\/"}}]}},"_links":{"self":[{"href":"https:\/\/www.stachristiana.at\/volksschule-frohsdorf\/wp-json\/wp\/v2\/pages\/590","targetHints":{"allow":["GET"]}}],"collection":[{"href":"https:\/\/www.stachristiana.at\/volksschule-frohsdorf\/wp-json\/wp\/v2\/pages"}],"about":[{"href":"https:\/\/www.stachristiana.at\/volksschule-frohsdorf\/wp-json\/wp\/v2\/types\/page"}],"author":[{"embeddable":true,"href":"https:\/\/www.stachristiana.at\/volksschule-frohsdorf\/wp-json\/wp\/v2\/users\/5"}],"replies":[{"embeddable":true,"href":"https:\/\/www.stachristiana.at\/volksschule-frohsdorf\/wp-json\/wp\/v2\/comments?post=590"}],"version-history":[{"count":12,"href":"https:\/\/www.stachristiana.at\/volksschule-frohsdorf\/wp-json\/wp\/v2\/pages\/590\/revisions"}],"predecessor-version":[{"id":3575,"href":"https:\/\/www.stachristiana.at\/volksschule-frohsdorf\/wp-json\/wp\/v2\/pages\/590\/revisions\/3575"}],"wp:attachment":[{"href":"https:\/\/www.stachristiana.at\/volksschule-frohsdorf\/wp-json\/wp\/v2\/media?parent=590"}],"curies":[{"name":"wp","href":"https:\/\/api.w.org\/{rel}","templated":true}]}}