{"id":467,"date":"2022-06-23T20:19:16","date_gmt":"2022-06-23T18:19:16","guid":{"rendered":"http:\/\/www.sanctachristiana.at\/volksschule-frohsdorf\/?page_id=467"},"modified":"2023-01-22T08:46:45","modified_gmt":"2023-01-22T07:46:45","slug":"ho%cc%88here-lehranstalt-fu%cc%88r-wirtschaftliche-berufe","status":"publish","type":"page","link":"https:\/\/www.stachristiana.at\/volksschule-frohsdorf\/was-wir-bieten\/ho%cc%88here-lehranstalt-fu%cc%88r-wirtschaftliche-berufe","title":{"rendered":"Schulprofil"},"content":{"rendered":"\n<p><strong>Schulklima:<\/strong><br>Unser Schulhaus besteht seit 1845. Hier ist die Wiegest\u00e4tte aller Privatschulen Sta. Christianas.<br>Die famili\u00e4re Schule ist freundlich und farbenfroh. Auf den Pinnw\u00e4nden in den Klassen und am Gang werden die Arbeiten der Kinder ausgestellt und stolz pr\u00e4sentiert.<br>Ein wertsch\u00e4tzender, freundlicher und wohlwollender Umgangston ist uns sehr wichtig. Eine gute Kommunikation und Zusammenarbeit mit den Eltern und Kindern ist die Grundlage f\u00fcr das Gelingen unserer Arbeit.<\/p>\n\n\n\n<p><strong>Religion:<\/strong><br>Spiritualit\u00e4t hat bei uns einen besonderen Stellenwert. Wir verstehen darunter das, was uns in der Tiefe unserer Seele ber\u00fchrt und unserem Leben Weite gibt. \u00dcber viele Jahre hinweg haben wir die Erfahrung gemacht, dass Glaube und Spiritualit\u00e4t den Menschen und vor allem Kindern in schwierigen Situationen Halt gibt. Der kontinuierliche Zugang zur Spiritualit\u00e4t im Alltag und das kindgem\u00e4\u00dfe Hineinwachsen in religi\u00f6se Themen und Braucht\u00fcmer ist uns ein Anliegen und nicht auf den Religionsunterricht beschr\u00e4nkt. Das Fest der Heiligen Kommunion wird als besonderes Ereignis der 2. Klassen im Rahmen der Schulgemeinschaft im Neukloster in Wr. Neustadt gefeiert. In der hauseigenen Kapelle finden au\u00dferdem unsere Schulmessen und viele andere Aktivit\u00e4ten im kirchlichen Jahreskreis statt. Bei uns sind Kinder jeder konfessionellen Zugeh\u00f6rigkeit willkommen.<\/p>\n\n\n\n<p><strong>Wissensvermittlung:<\/strong><br>Alle Lehrerinnen und Lehrer unserer Schule sind fachlich qualifiziert und besuchen regelm\u00e4\u00dfig Fort- und Weiterbildungen. Sie planen sehr abwechslungsreich und genau f\u00fcr die ihnen anvertrauten Kinder.<br>Zahlreiche interessante Aktivit\u00e4ten erg\u00e4nzen den Unterricht.<br>Offenes Arbeiten mit Wochen- oder Tagespl\u00e4nen bietet den Sch\u00fclerinnen und Sch\u00fclern die M\u00f6glichkeit zum selbstst\u00e4ndigen Lernen. Kooperative Lernformen sorgen f\u00fcr eine optimale Erg\u00e4nzung. Hier lernen die Kinder durch das Wechseln der Lerngruppen individuell f\u00fcr ihr eigenes Lernergebnis verantwortlich zu sein.<br>Projektarbeiten, gemeinsame Aktionen und Ausstellungen werden den Eltern und der \u00d6ffentlichkeit pr\u00e4sentiert.<br>Klassen\u00fcbergreifendes Arbeiten f\u00f6rdert das soziale Miteinander und gibt uns die M\u00f6glichkeit den Kindern Schwerpunkte anzubieten. &#8222;Gro\u00df mit Klein&#8220; wird hier gef\u00f6rdert.<\/p>\n\n\n\n<p><strong>Bewegung und Sport:<\/strong><br>Wir verbringen jede gro\u00dfe Pause 25 Minuten in unserem Schulhof. Bewegung und frische Luft sind uns sehr wichtig.<br>In der 3. und 4. Klasse haben wir Schwimmunterricht. Alle Klassen gehen Eislaufen.<br>Die Teilnahme an verschiedenen Bewegungs- und Gesundheitsprojekten (Apollonia-Zahngesundheitsprojekt, Gesunde Jause, Ugotchi,\u2026) bereichert unseren Sportunterricht.<\/p>\n\n\n\n<p><strong>Computer:<\/strong><br>Alle Klassen sind mit mindestens einem Computer ausgestattet und haben Internetzugang.<br>Wir verwenden Tablets im Unterricht.<\/p>\n\n\n\n<p><strong>F\u00f6rderunterricht:<\/strong><br>Wir bieten derzeit explizite und integrative F\u00f6rderstunden an. Hier werden Kinder mit Lernschw\u00e4chen zus\u00e4tzlich gef\u00f6rdert und unterst\u00fctzt. N\u00e4here Informationen siehe F\u00f6rderkonzept!<\/p>\n\n\n\n<p><strong>Leseerziehung:<\/strong><br>Die Kinder der 1. und 2. Klasse arbeiten mit der Silbenmethode.<br>In der schuleigenen Bibliothek werden regelm\u00e4\u00dfig B\u00fccher entlehnt.<br>Lesestunden in der Bibliothek, Autorenlesungen, Referate und klassen\u00fcbergreifende Leseprojekte regen zus\u00e4tzlich das Leseinteresse der Kinder an.<\/p>\n\n\n\n<p><strong>Vorschulklasse:<\/strong><br>Kinder mit Entwicklungsverz\u00f6gerungen bzw. mit Defiziten haben an unserer Schule im Rahmen der Schuleingangsphase die M\u00f6glichkeit, Vieles aufzuholen.<br>Es wird die soziale, k\u00f6rperliche und intellektuelle Reife gef\u00f6rdert.<br>Die Vorschulklasse d\u00fcrfen alle Kinder besuchen, die das 6. Lebensjahr bereits erreicht haben, aber noch nicht schulreif sind bzw. alle Kinder, die aus den ersten Klassen im Laufe eines Schuljahres zur\u00fcckgestellt werden m\u00fcssen.<\/p>\n\n\n\n<p><strong>Kunst und Kultur:<\/strong><br>Wir nehmen an Malwettbewerben teil und besuchen regionale Theatervorstellungen.<\/p>\n\n\n\n<p><strong>Fremdsprachen:<\/strong><br>Englisch integrativ ab der 1. Klasse<br>Native Speaker in allen Klassen<\/p>\n\n\n\n<p><strong>Aktivit\u00e4ten:<\/strong><br>Wandertage, Exkursionen, Eislaufen (alle Schulstufen), Wintersporttage, Schwimmen (3., 4. Schulstufe), Elternabende, Projekte, Lehrausg\u00e4nge, Teilnahme an Zeichenwettbewerben und sportlichen Wettk\u00e4mpfen, Projektwochen, Tag der offenen T\u00fcr, Schulfeste, Adventveranstaltungen, schulstandort\u00fcbergreifende Wallfahrt<\/p>\n\n\n\n<p><strong>Schulpartnerschaft:<\/strong><br>Eine gute Zusammenarbeit mit den Eltern ist uns besonders wichtig. Nur so kann unsere Arbeit gelingen. Die Eltern sind in der Schulpartnerschaft im Klassenforum und Schulforum vertreten.<br>Gemeinsam organisierte Feste beleben unseren Schulalltag, bei denen wir immer viele Eltern begr\u00fc\u00dfen d\u00fcrfen.<br>F\u00fcr ein Eltern-Lehrergespr\u00e4ch stehen Ihnen die individuellen Sprechstunden, 2 Elternsprechtage und Elternabende zur Verf\u00fcgung.<br>Jeder Klassenlehrer f\u00fchrt zweimal j\u00e4hrlich Kinder-Eltern-Lehrende-Gespr\u00e4che durch, die der gemeinsamen Reflexion und weiteren Zielvereinbarungen dienen. Diese Besprechungen f\u00f6rdern die realistische Selbsteinsch\u00e4tzung und machen den jeweils aktuellen Lernfortschritt f\u00fcr alle Beteiligten transparent. Unsere Kinder sind jederzeit willkommen ihre W\u00fcnsche und Anliegen zu \u00e4u\u00dfern. Dies geschieht in Klassenkonferenzen, durch den Ideenbriefkasten und beim monatlichen Morgenlob. Dadurch erfahren unsere Sch\u00fclerinnen und Sch\u00fcler, was Demokratie bedeutet und dass uns ihre Meinung wichtig ist.<\/p>\n\n\n\n<p><strong>Perspektiven:<\/strong><br>\u2022 Zufriedene Kinder, Eltern und Lehrerinnen<br>\u2022 Gute Rahmenbedingungen f\u00fcr die Arbeit mit den Kindern beibehalten und ausbauen<br>\u2022 Erhaltung und Verst\u00e4rkung der guten Schulpartnerschaft<br>\u2022 Erweiterung und Verst\u00e4rkung moderner Unterrichtsmethoden<br>\u2022 Bewahrung unserer Leitgedanken<\/p>\n","protected":false},"excerpt":{"rendered":"<p>Schulklima:Unser Schulhaus besteht seit 1845. Hier ist die Wiegest\u00e4tte aller Privatschulen Sta. Christianas.Die famili\u00e4re Schule ist freundlich und farbenfroh. Auf den Pinnw\u00e4nden in den Klassen und am Gang werden die Arbeiten der Kinder ausgestellt und stolz pr\u00e4sentiert.Ein wertsch\u00e4tzender, freundlicher und wohlwollender Umgangston ist uns sehr wichtig. Eine gute Kommunikation und Zusammenarbeit mit den Eltern und [&hellip;]<\/p>\n","protected":false},"author":5,"featured_media":0,"parent":144,"menu_order":1,"comment_status":"closed","ping_status":"closed","template":"","meta":{"footnotes":""},"class_list":["post-467","page","type-page","status-publish","hentry"],"acf":[],"yoast_head":"<!-- This site is optimized with the Yoast SEO plugin v26.8 - https:\/\/yoast.com\/product\/yoast-seo-wordpress\/ -->\n<title>Schulprofil - Volksschule Frohsdorf<\/title>\n<meta name=\"robots\" content=\"index, follow, max-snippet:-1, max-image-preview:large, max-video-preview:-1\" \/>\n<link rel=\"canonical\" href=\"https:\/\/www.stachristiana.at\/volksschule-frohsdorf\/was-wir-bieten\/ho\u0308here-lehranstalt-fu\u0308r-wirtschaftliche-berufe\" \/>\n<meta property=\"og:locale\" content=\"de_DE\" \/>\n<meta property=\"og:type\" content=\"article\" \/>\n<meta property=\"og:title\" content=\"Schulprofil - Volksschule Frohsdorf\" \/>\n<meta property=\"og:description\" content=\"Schulklima:Unser Schulhaus besteht seit 1845. Hier ist die Wiegest\u00e4tte aller Privatschulen Sta. Christianas.Die famili\u00e4re Schule ist freundlich und farbenfroh. Auf den Pinnw\u00e4nden in den Klassen und am Gang werden die Arbeiten der Kinder ausgestellt und stolz pr\u00e4sentiert.Ein wertsch\u00e4tzender, freundlicher und wohlwollender Umgangston ist uns sehr wichtig. Eine gute Kommunikation und Zusammenarbeit mit den Eltern und [&hellip;]\" \/>\n<meta property=\"og:url\" content=\"https:\/\/www.stachristiana.at\/volksschule-frohsdorf\/was-wir-bieten\/ho\u0308here-lehranstalt-fu\u0308r-wirtschaftliche-berufe\" \/>\n<meta property=\"og:site_name\" content=\"Volksschule Frohsdorf\" \/>\n<meta property=\"article:modified_time\" content=\"2023-01-22T07:46:45+00:00\" \/>\n<meta property=\"og:image\" content=\"https:\/\/www.stachristiana.at\/app\/uploads\/sites\/14\/2022\/05\/logo-sta-christiana.png\" \/>\n\t<meta property=\"og:image:width\" content=\"1200\" \/>\n\t<meta property=\"og:image:height\" content=\"491\" \/>\n\t<meta property=\"og:image:type\" content=\"image\/png\" \/>\n<meta name=\"twitter:card\" content=\"summary_large_image\" \/>\n<meta name=\"twitter:label1\" content=\"Gesch\u00e4tzte Lesezeit\" \/>\n\t<meta name=\"twitter:data1\" content=\"4\u00a0Minuten\" \/>\n<script type=\"application\/ld+json\" class=\"yoast-schema-graph\">{\"@context\":\"https:\/\/schema.org\",\"@graph\":[{\"@type\":\"WebPage\",\"@id\":\"https:\/\/www.stachristiana.at\/volksschule-frohsdorf\/was-wir-bieten\/ho%cc%88here-lehranstalt-fu%cc%88r-wirtschaftliche-berufe\",\"url\":\"https:\/\/www.stachristiana.at\/volksschule-frohsdorf\/was-wir-bieten\/ho%cc%88here-lehranstalt-fu%cc%88r-wirtschaftliche-berufe\",\"name\":\"Schulprofil - Volksschule Frohsdorf\",\"isPartOf\":{\"@id\":\"https:\/\/www.stachristiana.at\/volksschule-frohsdorf\/#website\"},\"datePublished\":\"2022-06-23T18:19:16+00:00\",\"dateModified\":\"2023-01-22T07:46:45+00:00\",\"breadcrumb\":{\"@id\":\"https:\/\/www.stachristiana.at\/volksschule-frohsdorf\/was-wir-bieten\/ho%cc%88here-lehranstalt-fu%cc%88r-wirtschaftliche-berufe#breadcrumb\"},\"inLanguage\":\"de\",\"potentialAction\":[{\"@type\":\"ReadAction\",\"target\":[\"https:\/\/www.stachristiana.at\/volksschule-frohsdorf\/was-wir-bieten\/ho%cc%88here-lehranstalt-fu%cc%88r-wirtschaftliche-berufe\"]}]},{\"@type\":\"BreadcrumbList\",\"@id\":\"https:\/\/www.stachristiana.at\/volksschule-frohsdorf\/was-wir-bieten\/ho%cc%88here-lehranstalt-fu%cc%88r-wirtschaftliche-berufe#breadcrumb\",\"itemListElement\":[{\"@type\":\"ListItem\",\"position\":1,\"name\":\"Start\",\"item\":\"https:\/\/www.stachristiana.at\/\"},{\"@type\":\"ListItem\",\"position\":2,\"name\":\"Was wir bieten\",\"item\":\"https:\/\/www.stachristiana.at\/volksschule-frohsdorf\/was-wir-bieten\"},{\"@type\":\"ListItem\",\"position\":3,\"name\":\"Schulprofil\"}]},{\"@type\":\"WebSite\",\"@id\":\"https:\/\/www.stachristiana.at\/volksschule-frohsdorf\/#website\",\"url\":\"https:\/\/www.stachristiana.at\/volksschule-frohsdorf\/\",\"name\":\"Sta. Christiana - Private Volksschule Frohsdorf\",\"description\":\"Sta. Christiana - Schulen zum Leben\",\"publisher\":{\"@id\":\"https:\/\/www.stachristiana.at\/volksschule-frohsdorf\/#organization\"},\"alternateName\":\"Private Volksschule Frohsdorf\",\"potentialAction\":[{\"@type\":\"SearchAction\",\"target\":{\"@type\":\"EntryPoint\",\"urlTemplate\":\"https:\/\/www.stachristiana.at\/volksschule-frohsdorf\/?s={search_term_string}\"},\"query-input\":{\"@type\":\"PropertyValueSpecification\",\"valueRequired\":true,\"valueName\":\"search_term_string\"}}],\"inLanguage\":\"de\"},{\"@type\":\"Organization\",\"@id\":\"https:\/\/www.stachristiana.at\/volksschule-frohsdorf\/#organization\",\"name\":\"Sta. Christiana - Private Volksschule Frohsdorf\",\"alternateName\":\"Private Volksschule Frohsdorf\",\"url\":\"https:\/\/www.stachristiana.at\/volksschule-frohsdorf\/\",\"logo\":{\"@type\":\"ImageObject\",\"inLanguage\":\"de\",\"@id\":\"https:\/\/www.stachristiana.at\/volksschule-frohsdorf\/#\/schema\/logo\/image\/\",\"url\":\"https:\/\/www.stachristiana.at\/app\/uploads\/sites\/14\/2022\/05\/logo-sta-christiana.png\",\"contentUrl\":\"https:\/\/www.stachristiana.at\/app\/uploads\/sites\/14\/2022\/05\/logo-sta-christiana.png\",\"width\":1200,\"height\":491,\"caption\":\"Sta. Christiana - Private Volksschule Frohsdorf\"},\"image\":{\"@id\":\"https:\/\/www.stachristiana.at\/volksschule-frohsdorf\/#\/schema\/logo\/image\/\"}}]}<\/script>\n<!-- \/ Yoast SEO plugin. -->","yoast_head_json":{"title":"Schulprofil - Volksschule Frohsdorf","robots":{"index":"index","follow":"follow","max-snippet":"max-snippet:-1","max-image-preview":"max-image-preview:large","max-video-preview":"max-video-preview:-1"},"canonical":"https:\/\/www.stachristiana.at\/volksschule-frohsdorf\/was-wir-bieten\/ho\u0308here-lehranstalt-fu\u0308r-wirtschaftliche-berufe","og_locale":"de_DE","og_type":"article","og_title":"Schulprofil - Volksschule Frohsdorf","og_description":"Schulklima:Unser Schulhaus besteht seit 1845. Hier ist die Wiegest\u00e4tte aller Privatschulen Sta. Christianas.Die famili\u00e4re Schule ist freundlich und farbenfroh. Auf den Pinnw\u00e4nden in den Klassen und am Gang werden die Arbeiten der Kinder ausgestellt und stolz pr\u00e4sentiert.Ein wertsch\u00e4tzender, freundlicher und wohlwollender Umgangston ist uns sehr wichtig. Eine gute Kommunikation und Zusammenarbeit mit den Eltern und [&hellip;]","og_url":"https:\/\/www.stachristiana.at\/volksschule-frohsdorf\/was-wir-bieten\/ho\u0308here-lehranstalt-fu\u0308r-wirtschaftliche-berufe","og_site_name":"Volksschule Frohsdorf","article_modified_time":"2023-01-22T07:46:45+00:00","og_image":[{"width":1200,"height":491,"url":"https:\/\/www.stachristiana.at\/app\/uploads\/sites\/14\/2022\/05\/logo-sta-christiana.png","type":"image\/png"}],"twitter_card":"summary_large_image","twitter_misc":{"Gesch\u00e4tzte Lesezeit":"4\u00a0Minuten"},"schema":{"@context":"https:\/\/schema.org","@graph":[{"@type":"WebPage","@id":"https:\/\/www.stachristiana.at\/volksschule-frohsdorf\/was-wir-bieten\/ho%cc%88here-lehranstalt-fu%cc%88r-wirtschaftliche-berufe","url":"https:\/\/www.stachristiana.at\/volksschule-frohsdorf\/was-wir-bieten\/ho%cc%88here-lehranstalt-fu%cc%88r-wirtschaftliche-berufe","name":"Schulprofil - Volksschule Frohsdorf","isPartOf":{"@id":"https:\/\/www.stachristiana.at\/volksschule-frohsdorf\/#website"},"datePublished":"2022-06-23T18:19:16+00:00","dateModified":"2023-01-22T07:46:45+00:00","breadcrumb":{"@id":"https:\/\/www.stachristiana.at\/volksschule-frohsdorf\/was-wir-bieten\/ho%cc%88here-lehranstalt-fu%cc%88r-wirtschaftliche-berufe#breadcrumb"},"inLanguage":"de","potentialAction":[{"@type":"ReadAction","target":["https:\/\/www.stachristiana.at\/volksschule-frohsdorf\/was-wir-bieten\/ho%cc%88here-lehranstalt-fu%cc%88r-wirtschaftliche-berufe"]}]},{"@type":"BreadcrumbList","@id":"https:\/\/www.stachristiana.at\/volksschule-frohsdorf\/was-wir-bieten\/ho%cc%88here-lehranstalt-fu%cc%88r-wirtschaftliche-berufe#breadcrumb","itemListElement":[{"@type":"ListItem","position":1,"name":"Start","item":"https:\/\/www.stachristiana.at\/"},{"@type":"ListItem","position":2,"name":"Was wir bieten","item":"https:\/\/www.stachristiana.at\/volksschule-frohsdorf\/was-wir-bieten"},{"@type":"ListItem","position":3,"name":"Schulprofil"}]},{"@type":"WebSite","@id":"https:\/\/www.stachristiana.at\/volksschule-frohsdorf\/#website","url":"https:\/\/www.stachristiana.at\/volksschule-frohsdorf\/","name":"Sta. Christiana - Private Volksschule Frohsdorf","description":"Sta. Christiana - Schulen zum Leben","publisher":{"@id":"https:\/\/www.stachristiana.at\/volksschule-frohsdorf\/#organization"},"alternateName":"Private Volksschule Frohsdorf","potentialAction":[{"@type":"SearchAction","target":{"@type":"EntryPoint","urlTemplate":"https:\/\/www.stachristiana.at\/volksschule-frohsdorf\/?s={search_term_string}"},"query-input":{"@type":"PropertyValueSpecification","valueRequired":true,"valueName":"search_term_string"}}],"inLanguage":"de"},{"@type":"Organization","@id":"https:\/\/www.stachristiana.at\/volksschule-frohsdorf\/#organization","name":"Sta. Christiana - Private Volksschule Frohsdorf","alternateName":"Private Volksschule Frohsdorf","url":"https:\/\/www.stachristiana.at\/volksschule-frohsdorf\/","logo":{"@type":"ImageObject","inLanguage":"de","@id":"https:\/\/www.stachristiana.at\/volksschule-frohsdorf\/#\/schema\/logo\/image\/","url":"https:\/\/www.stachristiana.at\/app\/uploads\/sites\/14\/2022\/05\/logo-sta-christiana.png","contentUrl":"https:\/\/www.stachristiana.at\/app\/uploads\/sites\/14\/2022\/05\/logo-sta-christiana.png","width":1200,"height":491,"caption":"Sta. Christiana - Private Volksschule Frohsdorf"},"image":{"@id":"https:\/\/www.stachristiana.at\/volksschule-frohsdorf\/#\/schema\/logo\/image\/"}}]}},"_links":{"self":[{"href":"https:\/\/www.stachristiana.at\/volksschule-frohsdorf\/wp-json\/wp\/v2\/pages\/467","targetHints":{"allow":["GET"]}}],"collection":[{"href":"https:\/\/www.stachristiana.at\/volksschule-frohsdorf\/wp-json\/wp\/v2\/pages"}],"about":[{"href":"https:\/\/www.stachristiana.at\/volksschule-frohsdorf\/wp-json\/wp\/v2\/types\/page"}],"author":[{"embeddable":true,"href":"https:\/\/www.stachristiana.at\/volksschule-frohsdorf\/wp-json\/wp\/v2\/users\/5"}],"replies":[{"embeddable":true,"href":"https:\/\/www.stachristiana.at\/volksschule-frohsdorf\/wp-json\/wp\/v2\/comments?post=467"}],"version-history":[{"count":8,"href":"https:\/\/www.stachristiana.at\/volksschule-frohsdorf\/wp-json\/wp\/v2\/pages\/467\/revisions"}],"predecessor-version":[{"id":1127,"href":"https:\/\/www.stachristiana.at\/volksschule-frohsdorf\/wp-json\/wp\/v2\/pages\/467\/revisions\/1127"}],"up":[{"embeddable":true,"href":"https:\/\/www.stachristiana.at\/volksschule-frohsdorf\/wp-json\/wp\/v2\/pages\/144"}],"wp:attachment":[{"href":"https:\/\/www.stachristiana.at\/volksschule-frohsdorf\/wp-json\/wp\/v2\/media?parent=467"}],"curies":[{"name":"wp","href":"https:\/\/api.w.org\/{rel}","templated":true}]}}