{"id":325,"date":"2022-06-08T16:50:21","date_gmt":"2022-06-08T14:50:21","guid":{"rendered":"http:\/\/www.sanctachristiana.at\/volksschule-frohsdorf\/?page_id=325"},"modified":"2026-02-12T18:02:56","modified_gmt":"2026-02-12T17:02:56","slug":"anmeldung","status":"publish","type":"page","link":"https:\/\/www.stachristiana.at\/volksschule-frohsdorf\/willkommen\/anmeldung","title":{"rendered":"Anmeldung"},"content":{"rendered":"\n<p><strong>Anmeldungen f\u00fcr das laufende Schuljahr<\/strong> <strong>2025\/26 sind m\u00f6glich.<\/strong><\/p>\n\n\n\n<p>Die Anmeldung f\u00fcr das kommende Schuljahr ist jederzeit m\u00f6glich.<br>Bitte rufen Sie uns an &#8211; 02627 \/ 45 2 35-12 &#8211; und vereinbaren Sie einen Termin f\u00fcr ein pers\u00f6nliches Gespr\u00e4ch.<\/p>\n\n\n\n<p>F\u00fcr eine unverbindliche Platzreservierung bitte ich Sie, den <a href=\"https:\/\/www.stachristiana.at\/app\/uploads\/sites\/14\/2026\/02\/Anmeldung-Vormerkung-PVS.docx\" type=\"attachment\" id=\"3593\">VORMERKBOGEN<\/a> auszuf\u00fcllen und an die Schule zu mailen: <a href=\"mailto:vs.frohsdorf@stachristiana.at\" target=\"_blank\" rel=\"noreferrer noopener\">vs.frohsdorf@stachristiana.at<\/a>.<\/p>\n\n\n\n<p>Im Zuge des ersten pers\u00f6nlichen Kennenlernens erhalten Sie alle wichtigen Informationen, Anmeldeformalit\u00e4ten und eine F\u00fchrung durch unser Schulhaus.<br>Bei einer Fixanmeldung sind \u20ac 85,&#8211; zu bezahlen und folgende Dokumente mitzubringen:<\/p>\n\n\n\n<ul class=\"wp-block-list\">\n<li>Geburtsurkunde<\/li>\n\n\n\n<li>Taufschein<\/li>\n\n\n\n<li>Staatsb\u00fcrgerschaftsnachweis<\/li>\n\n\n\n<li>Meldezettel.<\/li>\n<\/ul>\n\n\n\n<p>Ich freue mich darauf, Sie und Ihr Kind pers\u00f6nlich kennen lernen zu d\u00fcrfen!<br>ROL Dipl.-P\u00e4d. Tamara Pratter, BEd<\/p>\n\n\n\n<div style=\"height:20px\" aria-hidden=\"true\" class=\"wp-block-spacer\"><\/div>\n\n\n\n<p>Hier finden Sie das <a href=\"https:\/\/www.stachristiana.at\/app\/uploads\/sites\/14\/2026\/02\/Datenblatt-Anmeldung-VS.docx\" type=\"attachment\" id=\"3589\">DATENBLATT<\/a> f\u00fcr die Anmeldung.<\/p>\n\n\n\n<p>Hier finden Sie unseren <a href=\"https:\/\/www.stachristiana.at\/app\/uploads\/sites\/14\/2023\/01\/Aufnahmevertrag_VS-MS_Sta.-Christiana_12-2022.pdf\" target=\"_blank\" rel=\"noreferrer noopener\">AUFNAHMEVERTRAG<\/a>.<\/p>\n\n\n\n<p>Hier finden Sie die<a href=\"https:\/\/www.stachristiana.at\/app\/uploads\/sites\/14\/2025\/01\/Zusatzerklaerung_social_media_aufnahmevertrag_schueler_unter_14_Jaenner-2024-5.pdf\"> ZUSATZERKL\u00c4RUNG Social Media<\/a>.<\/p>\n\n\n\n<p><\/p>\n\n\n\n<p><\/p>\n","protected":false},"excerpt":{"rendered":"<p>Anmeldungen f\u00fcr das laufende Schuljahr 2025\/26 sind m\u00f6glich. Die Anmeldung f\u00fcr das kommende Schuljahr ist jederzeit m\u00f6glich.Bitte rufen Sie uns an &#8211; 02627 \/ 45 2 35-12 &#8211; und vereinbaren Sie einen Termin f\u00fcr ein pers\u00f6nliches Gespr\u00e4ch. F\u00fcr eine unverbindliche Platzreservierung bitte ich Sie, den VORMERKBOGEN auszuf\u00fcllen und an die Schule zu mailen: vs.frohsdorf@stachristiana.at. Im [&hellip;]<\/p>\n","protected":false},"author":1,"featured_media":0,"parent":17,"menu_order":998,"comment_status":"closed","ping_status":"closed","template":"","meta":{"footnotes":""},"class_list":["post-325","page","type-page","status-publish","hentry"],"acf":[],"yoast_head":"<!-- This site is optimized with the Yoast SEO plugin v26.8 - https:\/\/yoast.com\/product\/yoast-seo-wordpress\/ -->\n<title>Anmeldung - Volksschule Frohsdorf<\/title>\n<meta name=\"robots\" content=\"index, follow, max-snippet:-1, max-image-preview:large, max-video-preview:-1\" \/>\n<link rel=\"canonical\" href=\"https:\/\/www.stachristiana.at\/volksschule-frohsdorf\/willkommen\/anmeldung\" \/>\n<meta property=\"og:locale\" content=\"de_DE\" \/>\n<meta property=\"og:type\" content=\"article\" \/>\n<meta property=\"og:title\" content=\"Anmeldung - Volksschule Frohsdorf\" \/>\n<meta property=\"og:description\" content=\"Anmeldungen f\u00fcr das laufende Schuljahr 2025\/26 sind m\u00f6glich. Die Anmeldung f\u00fcr das kommende Schuljahr ist jederzeit m\u00f6glich.Bitte rufen Sie uns an &#8211; 02627 \/ 45 2 35-12 &#8211; und vereinbaren Sie einen Termin f\u00fcr ein pers\u00f6nliches Gespr\u00e4ch. F\u00fcr eine unverbindliche Platzreservierung bitte ich Sie, den VORMERKBOGEN auszuf\u00fcllen und an die Schule zu mailen: vs.frohsdorf@stachristiana.at. Im [&hellip;]\" \/>\n<meta property=\"og:url\" content=\"https:\/\/www.stachristiana.at\/volksschule-frohsdorf\/willkommen\/anmeldung\" \/>\n<meta property=\"og:site_name\" content=\"Volksschule Frohsdorf\" \/>\n<meta property=\"article:modified_time\" content=\"2026-02-12T17:02:56+00:00\" \/>\n<meta property=\"og:image\" content=\"https:\/\/www.stachristiana.at\/app\/uploads\/sites\/14\/2022\/05\/logo-sta-christiana.png\" \/>\n\t<meta property=\"og:image:width\" content=\"1200\" \/>\n\t<meta property=\"og:image:height\" content=\"491\" \/>\n\t<meta property=\"og:image:type\" content=\"image\/png\" \/>\n<meta name=\"twitter:card\" content=\"summary_large_image\" \/>\n<meta name=\"twitter:label1\" content=\"Gesch\u00e4tzte Lesezeit\" \/>\n\t<meta name=\"twitter:data1\" content=\"1\u00a0Minute\" \/>\n<script type=\"application\/ld+json\" class=\"yoast-schema-graph\">{\"@context\":\"https:\/\/schema.org\",\"@graph\":[{\"@type\":\"WebPage\",\"@id\":\"https:\/\/www.stachristiana.at\/volksschule-frohsdorf\/willkommen\/anmeldung\",\"url\":\"https:\/\/www.stachristiana.at\/volksschule-frohsdorf\/willkommen\/anmeldung\",\"name\":\"Anmeldung - Volksschule Frohsdorf\",\"isPartOf\":{\"@id\":\"https:\/\/www.stachristiana.at\/volksschule-frohsdorf\/#website\"},\"datePublished\":\"2022-06-08T14:50:21+00:00\",\"dateModified\":\"2026-02-12T17:02:56+00:00\",\"breadcrumb\":{\"@id\":\"https:\/\/www.stachristiana.at\/volksschule-frohsdorf\/willkommen\/anmeldung#breadcrumb\"},\"inLanguage\":\"de\",\"potentialAction\":[{\"@type\":\"ReadAction\",\"target\":[\"https:\/\/www.stachristiana.at\/volksschule-frohsdorf\/willkommen\/anmeldung\"]}]},{\"@type\":\"BreadcrumbList\",\"@id\":\"https:\/\/www.stachristiana.at\/volksschule-frohsdorf\/willkommen\/anmeldung#breadcrumb\",\"itemListElement\":[{\"@type\":\"ListItem\",\"position\":1,\"name\":\"Start\",\"item\":\"https:\/\/www.stachristiana.at\/\"},{\"@type\":\"ListItem\",\"position\":2,\"name\":\"Willkommen\",\"item\":\"https:\/\/www.stachristiana.at\/volksschule-frohsdorf\/\"},{\"@type\":\"ListItem\",\"position\":3,\"name\":\"Anmeldung\"}]},{\"@type\":\"WebSite\",\"@id\":\"https:\/\/www.stachristiana.at\/volksschule-frohsdorf\/#website\",\"url\":\"https:\/\/www.stachristiana.at\/volksschule-frohsdorf\/\",\"name\":\"Sta. Christiana - Private Volksschule Frohsdorf\",\"description\":\"Sta. Christiana - Schulen zum Leben\",\"publisher\":{\"@id\":\"https:\/\/www.stachristiana.at\/volksschule-frohsdorf\/#organization\"},\"alternateName\":\"Private Volksschule Frohsdorf\",\"potentialAction\":[{\"@type\":\"SearchAction\",\"target\":{\"@type\":\"EntryPoint\",\"urlTemplate\":\"https:\/\/www.stachristiana.at\/volksschule-frohsdorf\/?s={search_term_string}\"},\"query-input\":{\"@type\":\"PropertyValueSpecification\",\"valueRequired\":true,\"valueName\":\"search_term_string\"}}],\"inLanguage\":\"de\"},{\"@type\":\"Organization\",\"@id\":\"https:\/\/www.stachristiana.at\/volksschule-frohsdorf\/#organization\",\"name\":\"Sta. Christiana - Private Volksschule Frohsdorf\",\"alternateName\":\"Private Volksschule Frohsdorf\",\"url\":\"https:\/\/www.stachristiana.at\/volksschule-frohsdorf\/\",\"logo\":{\"@type\":\"ImageObject\",\"inLanguage\":\"de\",\"@id\":\"https:\/\/www.stachristiana.at\/volksschule-frohsdorf\/#\/schema\/logo\/image\/\",\"url\":\"https:\/\/www.stachristiana.at\/app\/uploads\/sites\/14\/2022\/05\/logo-sta-christiana.png\",\"contentUrl\":\"https:\/\/www.stachristiana.at\/app\/uploads\/sites\/14\/2022\/05\/logo-sta-christiana.png\",\"width\":1200,\"height\":491,\"caption\":\"Sta. Christiana - Private Volksschule Frohsdorf\"},\"image\":{\"@id\":\"https:\/\/www.stachristiana.at\/volksschule-frohsdorf\/#\/schema\/logo\/image\/\"}}]}<\/script>\n<!-- \/ Yoast SEO plugin. -->","yoast_head_json":{"title":"Anmeldung - Volksschule Frohsdorf","robots":{"index":"index","follow":"follow","max-snippet":"max-snippet:-1","max-image-preview":"max-image-preview:large","max-video-preview":"max-video-preview:-1"},"canonical":"https:\/\/www.stachristiana.at\/volksschule-frohsdorf\/willkommen\/anmeldung","og_locale":"de_DE","og_type":"article","og_title":"Anmeldung - Volksschule Frohsdorf","og_description":"Anmeldungen f\u00fcr das laufende Schuljahr 2025\/26 sind m\u00f6glich. Die Anmeldung f\u00fcr das kommende Schuljahr ist jederzeit m\u00f6glich.Bitte rufen Sie uns an &#8211; 02627 \/ 45 2 35-12 &#8211; und vereinbaren Sie einen Termin f\u00fcr ein pers\u00f6nliches Gespr\u00e4ch. F\u00fcr eine unverbindliche Platzreservierung bitte ich Sie, den VORMERKBOGEN auszuf\u00fcllen und an die Schule zu mailen: vs.frohsdorf@stachristiana.at. Im [&hellip;]","og_url":"https:\/\/www.stachristiana.at\/volksschule-frohsdorf\/willkommen\/anmeldung","og_site_name":"Volksschule Frohsdorf","article_modified_time":"2026-02-12T17:02:56+00:00","og_image":[{"width":1200,"height":491,"url":"https:\/\/www.stachristiana.at\/app\/uploads\/sites\/14\/2022\/05\/logo-sta-christiana.png","type":"image\/png"}],"twitter_card":"summary_large_image","twitter_misc":{"Gesch\u00e4tzte Lesezeit":"1\u00a0Minute"},"schema":{"@context":"https:\/\/schema.org","@graph":[{"@type":"WebPage","@id":"https:\/\/www.stachristiana.at\/volksschule-frohsdorf\/willkommen\/anmeldung","url":"https:\/\/www.stachristiana.at\/volksschule-frohsdorf\/willkommen\/anmeldung","name":"Anmeldung - Volksschule Frohsdorf","isPartOf":{"@id":"https:\/\/www.stachristiana.at\/volksschule-frohsdorf\/#website"},"datePublished":"2022-06-08T14:50:21+00:00","dateModified":"2026-02-12T17:02:56+00:00","breadcrumb":{"@id":"https:\/\/www.stachristiana.at\/volksschule-frohsdorf\/willkommen\/anmeldung#breadcrumb"},"inLanguage":"de","potentialAction":[{"@type":"ReadAction","target":["https:\/\/www.stachristiana.at\/volksschule-frohsdorf\/willkommen\/anmeldung"]}]},{"@type":"BreadcrumbList","@id":"https:\/\/www.stachristiana.at\/volksschule-frohsdorf\/willkommen\/anmeldung#breadcrumb","itemListElement":[{"@type":"ListItem","position":1,"name":"Start","item":"https:\/\/www.stachristiana.at\/"},{"@type":"ListItem","position":2,"name":"Willkommen","item":"https:\/\/www.stachristiana.at\/volksschule-frohsdorf\/"},{"@type":"ListItem","position":3,"name":"Anmeldung"}]},{"@type":"WebSite","@id":"https:\/\/www.stachristiana.at\/volksschule-frohsdorf\/#website","url":"https:\/\/www.stachristiana.at\/volksschule-frohsdorf\/","name":"Sta. Christiana - Private Volksschule Frohsdorf","description":"Sta. Christiana - Schulen zum Leben","publisher":{"@id":"https:\/\/www.stachristiana.at\/volksschule-frohsdorf\/#organization"},"alternateName":"Private Volksschule Frohsdorf","potentialAction":[{"@type":"SearchAction","target":{"@type":"EntryPoint","urlTemplate":"https:\/\/www.stachristiana.at\/volksschule-frohsdorf\/?s={search_term_string}"},"query-input":{"@type":"PropertyValueSpecification","valueRequired":true,"valueName":"search_term_string"}}],"inLanguage":"de"},{"@type":"Organization","@id":"https:\/\/www.stachristiana.at\/volksschule-frohsdorf\/#organization","name":"Sta. Christiana - Private Volksschule Frohsdorf","alternateName":"Private Volksschule Frohsdorf","url":"https:\/\/www.stachristiana.at\/volksschule-frohsdorf\/","logo":{"@type":"ImageObject","inLanguage":"de","@id":"https:\/\/www.stachristiana.at\/volksschule-frohsdorf\/#\/schema\/logo\/image\/","url":"https:\/\/www.stachristiana.at\/app\/uploads\/sites\/14\/2022\/05\/logo-sta-christiana.png","contentUrl":"https:\/\/www.stachristiana.at\/app\/uploads\/sites\/14\/2022\/05\/logo-sta-christiana.png","width":1200,"height":491,"caption":"Sta. Christiana - Private Volksschule Frohsdorf"},"image":{"@id":"https:\/\/www.stachristiana.at\/volksschule-frohsdorf\/#\/schema\/logo\/image\/"}}]}},"_links":{"self":[{"href":"https:\/\/www.stachristiana.at\/volksschule-frohsdorf\/wp-json\/wp\/v2\/pages\/325","targetHints":{"allow":["GET"]}}],"collection":[{"href":"https:\/\/www.stachristiana.at\/volksschule-frohsdorf\/wp-json\/wp\/v2\/pages"}],"about":[{"href":"https:\/\/www.stachristiana.at\/volksschule-frohsdorf\/wp-json\/wp\/v2\/types\/page"}],"author":[{"embeddable":true,"href":"https:\/\/www.stachristiana.at\/volksschule-frohsdorf\/wp-json\/wp\/v2\/users\/1"}],"replies":[{"embeddable":true,"href":"https:\/\/www.stachristiana.at\/volksschule-frohsdorf\/wp-json\/wp\/v2\/comments?post=325"}],"version-history":[{"count":18,"href":"https:\/\/www.stachristiana.at\/volksschule-frohsdorf\/wp-json\/wp\/v2\/pages\/325\/revisions"}],"predecessor-version":[{"id":3595,"href":"https:\/\/www.stachristiana.at\/volksschule-frohsdorf\/wp-json\/wp\/v2\/pages\/325\/revisions\/3595"}],"up":[{"embeddable":true,"href":"https:\/\/www.stachristiana.at\/volksschule-frohsdorf\/wp-json\/wp\/v2\/pages\/17"}],"wp:attachment":[{"href":"https:\/\/www.stachristiana.at\/volksschule-frohsdorf\/wp-json\/wp\/v2\/media?parent=325"}],"curies":[{"name":"wp","href":"https:\/\/api.w.org\/{rel}","templated":true}]}}