{"id":2543,"date":"2024-09-24T20:10:26","date_gmt":"2024-09-24T18:10:26","guid":{"rendered":"https:\/\/www.stachristiana.at\/volksschule-frohsdorf\/?page_id=2543"},"modified":"2024-10-15T18:43:59","modified_gmt":"2024-10-15T16:43:59","slug":"native-speaker","status":"publish","type":"page","link":"https:\/\/www.stachristiana.at\/volksschule-frohsdorf\/was-wir-bieten\/native-speaker","title":{"rendered":"Native Speaker"},"content":{"rendered":"\n<p>&#8222;If you talk to a man in a language he understands, that goes to his head. If you talk to him in his own language, that goes to his heart.&#8220; <em> &#8211; Nelson Mandela<\/em><\/p>\n\n\n\n<p>Hallo, ich bin Paulette Donian, Native Speaker aus S\u00fcdafrika.<br>Ich habe drei Kinder und zwei Enkelkinder, einen wunderbaren Ehemann und zwei kleine Hunde.<br>Wir leben im Burgenland.<\/p>\n\n\n\n<p>Ich liebe es, zu unterrichten, denn es gibt mir die M\u00f6glichkeit, Sch\u00fclerInnen zu motivieren und zu inspirieren.<\/p>\n\n\n\n<p>Die Welt ist gro\u00df, vor allem, wenn man jung ist.<br>Wenn man Sch\u00fclerInnen die M\u00f6glichkeit gibt, ihre St\u00e4rken beim Erlernen und Verstehen einer zweiten Sprache zu entdecken, st\u00e4rkt man ihr Selbstvertrauen und gibt ihnen die Chance, sich in jeder Situation behaupten zu k\u00f6nnen.<\/p>\n\n\n\n<p>Ich habe die Erfahrung gemacht, dass es am besten ist, freundlich, f\u00fcrsorglich, einf\u00fchlsam und leidenschaftlich zu sein und viel Energie mit einer Prise Enthusiasmus in den Unterricht einzubringen, um einen positiven Einfluss auf die Sch\u00fclerInnen zu haben.<br>Es gibt keine falschen Antworten, sondern nur korrigierende Meilensteine, die den Sch\u00fclern helfen k\u00f6nnen, etwas zu erreichen.<\/p>\n\n\n\n<p>Die englische Sprache ist in vier Bereiche unterteilt: Grammatik, Wortschatz, Sprechen und Schreiben. Zuh\u00f6ren und Wiederholen sind Schl\u00fcssel zur Kommunikation (Sprechen). Wie wir denken, so sprechen wir, und so schreiben wir.<\/p>\n\n\n\n<p>Ein altes chinesisches Sprichwort besagt, dass Lernen ein Schatz ist, der seinem Besitzer \u00fcberallhin folgt!<br><\/p>\n\n\n\n<figure class=\"wp-block-image size-large\"><img loading=\"lazy\" decoding=\"async\" width=\"1024\" height=\"683\" src=\"https:\/\/www.stachristiana.at\/app\/uploads\/sites\/14\/2024\/10\/24-10-Paulette-01-1024x683.jpg\" alt=\"\" class=\"wp-image-2604\" srcset=\"https:\/\/www.stachristiana.at\/app\/uploads\/sites\/14\/2024\/10\/24-10-Paulette-01-1024x683.jpg 1024w, https:\/\/www.stachristiana.at\/app\/uploads\/sites\/14\/2024\/10\/24-10-Paulette-01-400x267.jpg 400w, https:\/\/www.stachristiana.at\/app\/uploads\/sites\/14\/2024\/10\/24-10-Paulette-01-768x512.jpg 768w, https:\/\/www.stachristiana.at\/app\/uploads\/sites\/14\/2024\/10\/24-10-Paulette-01-690x460.jpg 690w, https:\/\/www.stachristiana.at\/app\/uploads\/sites\/14\/2024\/10\/24-10-Paulette-01-113x75.jpg 113w, https:\/\/www.stachristiana.at\/app\/uploads\/sites\/14\/2024\/10\/24-10-Paulette-01.jpg 1200w\" sizes=\"auto, (max-width: 1024px) 100vw, 1024px\" \/><\/figure>\n\n\n\n<figure class=\"wp-block-image size-large\"><img loading=\"lazy\" decoding=\"async\" width=\"1024\" height=\"683\" src=\"https:\/\/www.stachristiana.at\/app\/uploads\/sites\/14\/2024\/10\/24-10-Paulette-02-1024x683.jpg\" alt=\"\" class=\"wp-image-2605\" srcset=\"https:\/\/www.stachristiana.at\/app\/uploads\/sites\/14\/2024\/10\/24-10-Paulette-02-1024x683.jpg 1024w, https:\/\/www.stachristiana.at\/app\/uploads\/sites\/14\/2024\/10\/24-10-Paulette-02-400x267.jpg 400w, https:\/\/www.stachristiana.at\/app\/uploads\/sites\/14\/2024\/10\/24-10-Paulette-02-768x512.jpg 768w, https:\/\/www.stachristiana.at\/app\/uploads\/sites\/14\/2024\/10\/24-10-Paulette-02-690x460.jpg 690w, https:\/\/www.stachristiana.at\/app\/uploads\/sites\/14\/2024\/10\/24-10-Paulette-02-113x75.jpg 113w, https:\/\/www.stachristiana.at\/app\/uploads\/sites\/14\/2024\/10\/24-10-Paulette-02.jpg 1200w\" sizes=\"auto, (max-width: 1024px) 100vw, 1024px\" \/><\/figure>\n","protected":false},"excerpt":{"rendered":"<p>&#8222;If you talk to a man in a language he understands, that goes to his head. If you talk to him in his own language, that goes to his heart.&#8220; &#8211; Nelson Mandela Hallo, ich bin Paulette Donian, Native Speaker aus S\u00fcdafrika.Ich habe drei Kinder und zwei Enkelkinder, einen wunderbaren Ehemann und zwei kleine Hunde.Wir [&hellip;]<\/p>\n","protected":false},"author":5,"featured_media":0,"parent":144,"menu_order":1,"comment_status":"closed","ping_status":"closed","template":"","meta":{"footnotes":""},"class_list":["post-2543","page","type-page","status-publish","hentry"],"acf":[],"yoast_head":"<!-- This site is optimized with the Yoast SEO plugin v26.8 - https:\/\/yoast.com\/product\/yoast-seo-wordpress\/ -->\n<title>Native Speaker - Volksschule Frohsdorf<\/title>\n<meta name=\"robots\" content=\"index, follow, max-snippet:-1, max-image-preview:large, max-video-preview:-1\" \/>\n<link rel=\"canonical\" href=\"https:\/\/www.stachristiana.at\/volksschule-frohsdorf\/was-wir-bieten\/native-speaker\" \/>\n<meta property=\"og:locale\" content=\"de_DE\" \/>\n<meta property=\"og:type\" content=\"article\" \/>\n<meta property=\"og:title\" content=\"Native Speaker - Volksschule Frohsdorf\" \/>\n<meta property=\"og:description\" content=\"&#8222;If you talk to a man in a language he understands, that goes to his head. If you talk to him in his own language, that goes to his heart.&#8220; &#8211; Nelson Mandela Hallo, ich bin Paulette Donian, Native Speaker aus S\u00fcdafrika.Ich habe drei Kinder und zwei Enkelkinder, einen wunderbaren Ehemann und zwei kleine Hunde.Wir [&hellip;]\" \/>\n<meta property=\"og:url\" content=\"https:\/\/www.stachristiana.at\/volksschule-frohsdorf\/was-wir-bieten\/native-speaker\" \/>\n<meta property=\"og:site_name\" content=\"Volksschule Frohsdorf\" \/>\n<meta property=\"article:modified_time\" content=\"2024-10-15T16:43:59+00:00\" \/>\n<meta property=\"og:image\" content=\"https:\/\/www.stachristiana.at\/app\/uploads\/sites\/14\/2024\/10\/24-10-Paulette-01-1024x683.jpg\" \/>\n<meta name=\"twitter:card\" content=\"summary_large_image\" \/>\n<meta name=\"twitter:label1\" content=\"Gesch\u00e4tzte Lesezeit\" \/>\n\t<meta name=\"twitter:data1\" content=\"2\u00a0Minuten\" \/>\n<script type=\"application\/ld+json\" class=\"yoast-schema-graph\">{\"@context\":\"https:\/\/schema.org\",\"@graph\":[{\"@type\":\"WebPage\",\"@id\":\"https:\/\/www.stachristiana.at\/volksschule-frohsdorf\/was-wir-bieten\/native-speaker\",\"url\":\"https:\/\/www.stachristiana.at\/volksschule-frohsdorf\/was-wir-bieten\/native-speaker\",\"name\":\"Native Speaker - Volksschule Frohsdorf\",\"isPartOf\":{\"@id\":\"https:\/\/www.stachristiana.at\/volksschule-frohsdorf\/#website\"},\"primaryImageOfPage\":{\"@id\":\"https:\/\/www.stachristiana.at\/volksschule-frohsdorf\/was-wir-bieten\/native-speaker#primaryimage\"},\"image\":{\"@id\":\"https:\/\/www.stachristiana.at\/volksschule-frohsdorf\/was-wir-bieten\/native-speaker#primaryimage\"},\"thumbnailUrl\":\"https:\/\/www.stachristiana.at\/app\/uploads\/sites\/14\/2024\/10\/24-10-Paulette-01-1024x683.jpg\",\"datePublished\":\"2024-09-24T18:10:26+00:00\",\"dateModified\":\"2024-10-15T16:43:59+00:00\",\"breadcrumb\":{\"@id\":\"https:\/\/www.stachristiana.at\/volksschule-frohsdorf\/was-wir-bieten\/native-speaker#breadcrumb\"},\"inLanguage\":\"de\",\"potentialAction\":[{\"@type\":\"ReadAction\",\"target\":[\"https:\/\/www.stachristiana.at\/volksschule-frohsdorf\/was-wir-bieten\/native-speaker\"]}]},{\"@type\":\"ImageObject\",\"inLanguage\":\"de\",\"@id\":\"https:\/\/www.stachristiana.at\/volksschule-frohsdorf\/was-wir-bieten\/native-speaker#primaryimage\",\"url\":\"https:\/\/www.stachristiana.at\/app\/uploads\/sites\/14\/2024\/10\/24-10-Paulette-01-1024x683.jpg\",\"contentUrl\":\"https:\/\/www.stachristiana.at\/app\/uploads\/sites\/14\/2024\/10\/24-10-Paulette-01-1024x683.jpg\"},{\"@type\":\"BreadcrumbList\",\"@id\":\"https:\/\/www.stachristiana.at\/volksschule-frohsdorf\/was-wir-bieten\/native-speaker#breadcrumb\",\"itemListElement\":[{\"@type\":\"ListItem\",\"position\":1,\"name\":\"Start\",\"item\":\"https:\/\/www.stachristiana.at\/\"},{\"@type\":\"ListItem\",\"position\":2,\"name\":\"Was wir bieten\",\"item\":\"https:\/\/www.stachristiana.at\/volksschule-frohsdorf\/was-wir-bieten\"},{\"@type\":\"ListItem\",\"position\":3,\"name\":\"Native Speaker\"}]},{\"@type\":\"WebSite\",\"@id\":\"https:\/\/www.stachristiana.at\/volksschule-frohsdorf\/#website\",\"url\":\"https:\/\/www.stachristiana.at\/volksschule-frohsdorf\/\",\"name\":\"Sta. Christiana - Private Volksschule Frohsdorf\",\"description\":\"Sta. Christiana - Schulen zum Leben\",\"publisher\":{\"@id\":\"https:\/\/www.stachristiana.at\/volksschule-frohsdorf\/#organization\"},\"alternateName\":\"Private Volksschule Frohsdorf\",\"potentialAction\":[{\"@type\":\"SearchAction\",\"target\":{\"@type\":\"EntryPoint\",\"urlTemplate\":\"https:\/\/www.stachristiana.at\/volksschule-frohsdorf\/?s={search_term_string}\"},\"query-input\":{\"@type\":\"PropertyValueSpecification\",\"valueRequired\":true,\"valueName\":\"search_term_string\"}}],\"inLanguage\":\"de\"},{\"@type\":\"Organization\",\"@id\":\"https:\/\/www.stachristiana.at\/volksschule-frohsdorf\/#organization\",\"name\":\"Sta. Christiana - Private Volksschule Frohsdorf\",\"alternateName\":\"Private Volksschule Frohsdorf\",\"url\":\"https:\/\/www.stachristiana.at\/volksschule-frohsdorf\/\",\"logo\":{\"@type\":\"ImageObject\",\"inLanguage\":\"de\",\"@id\":\"https:\/\/www.stachristiana.at\/volksschule-frohsdorf\/#\/schema\/logo\/image\/\",\"url\":\"https:\/\/www.stachristiana.at\/app\/uploads\/sites\/14\/2022\/05\/logo-sta-christiana.png\",\"contentUrl\":\"https:\/\/www.stachristiana.at\/app\/uploads\/sites\/14\/2022\/05\/logo-sta-christiana.png\",\"width\":1200,\"height\":491,\"caption\":\"Sta. Christiana - Private Volksschule Frohsdorf\"},\"image\":{\"@id\":\"https:\/\/www.stachristiana.at\/volksschule-frohsdorf\/#\/schema\/logo\/image\/\"}}]}<\/script>\n<!-- \/ Yoast SEO plugin. -->","yoast_head_json":{"title":"Native Speaker - Volksschule Frohsdorf","robots":{"index":"index","follow":"follow","max-snippet":"max-snippet:-1","max-image-preview":"max-image-preview:large","max-video-preview":"max-video-preview:-1"},"canonical":"https:\/\/www.stachristiana.at\/volksschule-frohsdorf\/was-wir-bieten\/native-speaker","og_locale":"de_DE","og_type":"article","og_title":"Native Speaker - Volksschule Frohsdorf","og_description":"&#8222;If you talk to a man in a language he understands, that goes to his head. If you talk to him in his own language, that goes to his heart.&#8220; &#8211; Nelson Mandela Hallo, ich bin Paulette Donian, Native Speaker aus S\u00fcdafrika.Ich habe drei Kinder und zwei Enkelkinder, einen wunderbaren Ehemann und zwei kleine Hunde.Wir [&hellip;]","og_url":"https:\/\/www.stachristiana.at\/volksschule-frohsdorf\/was-wir-bieten\/native-speaker","og_site_name":"Volksschule Frohsdorf","article_modified_time":"2024-10-15T16:43:59+00:00","og_image":[{"url":"https:\/\/www.stachristiana.at\/app\/uploads\/sites\/14\/2024\/10\/24-10-Paulette-01-1024x683.jpg","type":"","width":"","height":""}],"twitter_card":"summary_large_image","twitter_misc":{"Gesch\u00e4tzte Lesezeit":"2\u00a0Minuten"},"schema":{"@context":"https:\/\/schema.org","@graph":[{"@type":"WebPage","@id":"https:\/\/www.stachristiana.at\/volksschule-frohsdorf\/was-wir-bieten\/native-speaker","url":"https:\/\/www.stachristiana.at\/volksschule-frohsdorf\/was-wir-bieten\/native-speaker","name":"Native Speaker - Volksschule Frohsdorf","isPartOf":{"@id":"https:\/\/www.stachristiana.at\/volksschule-frohsdorf\/#website"},"primaryImageOfPage":{"@id":"https:\/\/www.stachristiana.at\/volksschule-frohsdorf\/was-wir-bieten\/native-speaker#primaryimage"},"image":{"@id":"https:\/\/www.stachristiana.at\/volksschule-frohsdorf\/was-wir-bieten\/native-speaker#primaryimage"},"thumbnailUrl":"https:\/\/www.stachristiana.at\/app\/uploads\/sites\/14\/2024\/10\/24-10-Paulette-01-1024x683.jpg","datePublished":"2024-09-24T18:10:26+00:00","dateModified":"2024-10-15T16:43:59+00:00","breadcrumb":{"@id":"https:\/\/www.stachristiana.at\/volksschule-frohsdorf\/was-wir-bieten\/native-speaker#breadcrumb"},"inLanguage":"de","potentialAction":[{"@type":"ReadAction","target":["https:\/\/www.stachristiana.at\/volksschule-frohsdorf\/was-wir-bieten\/native-speaker"]}]},{"@type":"ImageObject","inLanguage":"de","@id":"https:\/\/www.stachristiana.at\/volksschule-frohsdorf\/was-wir-bieten\/native-speaker#primaryimage","url":"https:\/\/www.stachristiana.at\/app\/uploads\/sites\/14\/2024\/10\/24-10-Paulette-01-1024x683.jpg","contentUrl":"https:\/\/www.stachristiana.at\/app\/uploads\/sites\/14\/2024\/10\/24-10-Paulette-01-1024x683.jpg"},{"@type":"BreadcrumbList","@id":"https:\/\/www.stachristiana.at\/volksschule-frohsdorf\/was-wir-bieten\/native-speaker#breadcrumb","itemListElement":[{"@type":"ListItem","position":1,"name":"Start","item":"https:\/\/www.stachristiana.at\/"},{"@type":"ListItem","position":2,"name":"Was wir bieten","item":"https:\/\/www.stachristiana.at\/volksschule-frohsdorf\/was-wir-bieten"},{"@type":"ListItem","position":3,"name":"Native Speaker"}]},{"@type":"WebSite","@id":"https:\/\/www.stachristiana.at\/volksschule-frohsdorf\/#website","url":"https:\/\/www.stachristiana.at\/volksschule-frohsdorf\/","name":"Sta. Christiana - Private Volksschule Frohsdorf","description":"Sta. Christiana - Schulen zum Leben","publisher":{"@id":"https:\/\/www.stachristiana.at\/volksschule-frohsdorf\/#organization"},"alternateName":"Private Volksschule Frohsdorf","potentialAction":[{"@type":"SearchAction","target":{"@type":"EntryPoint","urlTemplate":"https:\/\/www.stachristiana.at\/volksschule-frohsdorf\/?s={search_term_string}"},"query-input":{"@type":"PropertyValueSpecification","valueRequired":true,"valueName":"search_term_string"}}],"inLanguage":"de"},{"@type":"Organization","@id":"https:\/\/www.stachristiana.at\/volksschule-frohsdorf\/#organization","name":"Sta. Christiana - Private Volksschule Frohsdorf","alternateName":"Private Volksschule Frohsdorf","url":"https:\/\/www.stachristiana.at\/volksschule-frohsdorf\/","logo":{"@type":"ImageObject","inLanguage":"de","@id":"https:\/\/www.stachristiana.at\/volksschule-frohsdorf\/#\/schema\/logo\/image\/","url":"https:\/\/www.stachristiana.at\/app\/uploads\/sites\/14\/2022\/05\/logo-sta-christiana.png","contentUrl":"https:\/\/www.stachristiana.at\/app\/uploads\/sites\/14\/2022\/05\/logo-sta-christiana.png","width":1200,"height":491,"caption":"Sta. Christiana - Private Volksschule Frohsdorf"},"image":{"@id":"https:\/\/www.stachristiana.at\/volksschule-frohsdorf\/#\/schema\/logo\/image\/"}}]}},"_links":{"self":[{"href":"https:\/\/www.stachristiana.at\/volksschule-frohsdorf\/wp-json\/wp\/v2\/pages\/2543","targetHints":{"allow":["GET"]}}],"collection":[{"href":"https:\/\/www.stachristiana.at\/volksschule-frohsdorf\/wp-json\/wp\/v2\/pages"}],"about":[{"href":"https:\/\/www.stachristiana.at\/volksschule-frohsdorf\/wp-json\/wp\/v2\/types\/page"}],"author":[{"embeddable":true,"href":"https:\/\/www.stachristiana.at\/volksschule-frohsdorf\/wp-json\/wp\/v2\/users\/5"}],"replies":[{"embeddable":true,"href":"https:\/\/www.stachristiana.at\/volksschule-frohsdorf\/wp-json\/wp\/v2\/comments?post=2543"}],"version-history":[{"count":7,"href":"https:\/\/www.stachristiana.at\/volksschule-frohsdorf\/wp-json\/wp\/v2\/pages\/2543\/revisions"}],"predecessor-version":[{"id":2621,"href":"https:\/\/www.stachristiana.at\/volksschule-frohsdorf\/wp-json\/wp\/v2\/pages\/2543\/revisions\/2621"}],"up":[{"embeddable":true,"href":"https:\/\/www.stachristiana.at\/volksschule-frohsdorf\/wp-json\/wp\/v2\/pages\/144"}],"wp:attachment":[{"href":"https:\/\/www.stachristiana.at\/volksschule-frohsdorf\/wp-json\/wp\/v2\/media?parent=2543"}],"curies":[{"name":"wp","href":"https:\/\/api.w.org\/{rel}","templated":true}]}}