{"id":142,"date":"2022-05-10T16:01:12","date_gmt":"2022-05-10T14:01:12","guid":{"rendered":"https:\/\/devmultisite.superfesch.at\/hlw-rodaun\/?page_id=142"},"modified":"2023-11-24T18:10:45","modified_gmt":"2023-11-24T17:10:45","slug":"was-wir-tun","status":"publish","type":"page","link":"https:\/\/www.stachristiana.at\/volksschule-frohsdorf\/was-wir-tun","title":{"rendered":"Was wir tun"},"content":{"rendered":"\n<p><\/p>\n\n\n\n<h2 class=\"wp-block-heading\"><a href=\"https:\/\/www.stachristiana.at\/volksschule-frohsdorf\/news\">News<\/a><\/h2>\n\n\n\n<div id=\"list-block_da89fa01b74c20870b8b72fb0fc65f50\" class=\"article-list\">\n\t\t\n\t\t<a href=\"https:\/\/www.stachristiana.at\/volksschule-frohsdorf\/news\/international-pet-day.html\" class=\"article-list-item focus-light\">\n\t\t\t<h3 class=\"list-item-title\">International Pet Day<\/h3>\n\t\t\t<figure class=\"list-item-thumb\"><img loading=\"lazy\" decoding=\"async\" width=\"250\" height=\"250\" src=\"https:\/\/www.stachristiana.at\/app\/uploads\/sites\/14\/2026\/04\/26-04-Pet-Day-03-250x250.jpg\" class=\"attachment-article-thumb size-article-thumb wp-post-image\" alt=\"\" srcset=\"https:\/\/www.stachristiana.at\/app\/uploads\/sites\/14\/2026\/04\/26-04-Pet-Day-03-250x250.jpg 250w, https:\/\/www.stachristiana.at\/app\/uploads\/sites\/14\/2026\/04\/26-04-Pet-Day-03-150x150.jpg 150w\" sizes=\"auto, (max-width: 250px) 100vw, 250px\" \/><\/figure>\t\t\t<div class=\"list-item-text\">\n\t\t\t\t<p>Im Mittelpunkt standen dabei die Klassentiere der 3a, drei Farbm\u00e4use, die uns nun schon seit einem halben Jahr im Schulalltag begleiten. Unsere Sch\u00fclerinnen und Sch\u00fcler haben in dieser Zeit viel<span class=\"light\"> &#8230;<\/span> <\/p>\n\t\t\t\t<span class=\"btn-read-more\" aria-hidden=\"true\"><i class=\"fa fa-chevron-right\" aria-hidden=\"true\"><\/i> mehr lesen&#8230;<\/span>\n\t\t\t<\/div>\n\t\t<\/a>\n\n\t\t\n\t\t<a href=\"https:\/\/www.stachristiana.at\/volksschule-frohsdorf\/news\/alles-rund-ums-ei.html\" class=\"article-list-item focus-light\">\n\t\t\t<h3 class=\"list-item-title\">Alles rund ums Ei<\/h3>\n\t\t\t<figure class=\"list-item-thumb\"><img loading=\"lazy\" decoding=\"async\" width=\"250\" height=\"250\" src=\"https:\/\/www.stachristiana.at\/app\/uploads\/sites\/14\/2026\/04\/26-03-Ei-04-250x250.jpg\" class=\"attachment-article-thumb size-article-thumb wp-post-image\" alt=\"\" srcset=\"https:\/\/www.stachristiana.at\/app\/uploads\/sites\/14\/2026\/04\/26-03-Ei-04-250x250.jpg 250w, https:\/\/www.stachristiana.at\/app\/uploads\/sites\/14\/2026\/04\/26-03-Ei-04-150x150.jpg 150w\" sizes=\"auto, (max-width: 250px) 100vw, 250px\" \/><\/figure>\t\t\t<div class=\"list-item-text\">\n\t\t\t\t<p>Vor kurzem durfte die 1. Klasse einen ganz besonderen Gast begr\u00fc\u00dfen: die Seminarb\u00e4uerin Sonja Neubauer kam wieder zu Besuch und brachte den Kindern das Thema \u201eDas Ei\u201c auf anschauliche und<span class=\"light\"> &#8230;<\/span> <\/p>\n\t\t\t\t<span class=\"btn-read-more\" aria-hidden=\"true\"><i class=\"fa fa-chevron-right\" aria-hidden=\"true\"><\/i> mehr lesen&#8230;<\/span>\n\t\t\t<\/div>\n\t\t<\/a>\n\n\t\t\n\t\t<a href=\"https:\/\/www.stachristiana.at\/volksschule-frohsdorf\/news\/oesterreichischer-vorlesetag-2.html\" class=\"article-list-item focus-light\">\n\t\t\t<h3 class=\"list-item-title\">\u00d6sterreichischer Vorlesetag<\/h3>\n\t\t\t<figure class=\"list-item-thumb\"><img loading=\"lazy\" decoding=\"async\" width=\"250\" height=\"250\" src=\"https:\/\/www.stachristiana.at\/app\/uploads\/sites\/14\/2026\/03\/26-03-Vorlesetag-07-250x250.jpg\" class=\"attachment-article-thumb size-article-thumb wp-post-image\" alt=\"\" srcset=\"https:\/\/www.stachristiana.at\/app\/uploads\/sites\/14\/2026\/03\/26-03-Vorlesetag-07-250x250.jpg 250w, https:\/\/www.stachristiana.at\/app\/uploads\/sites\/14\/2026\/03\/26-03-Vorlesetag-07-150x150.jpg 150w\" sizes=\"auto, (max-width: 250px) 100vw, 250px\" \/><\/figure>\t\t\t<div class=\"list-item-text\">\n\t\t\t\t<p>Am diesj\u00e4hrigen Vorlesetag durfte unsere Volksschule einen besonderen Gast begr\u00fc\u00dfen: den Autor Jonathan Mittermair, der den Kindern aus seinem spannenden Kinderbuch \u201eCarla Cacao\u201c vorlas. Mit viel Begeisterung nahm der Autor<span class=\"light\"> &#8230;<\/span> <\/p>\n\t\t\t\t<span class=\"btn-read-more\" aria-hidden=\"true\"><i class=\"fa fa-chevron-right\" aria-hidden=\"true\"><\/i> mehr lesen&#8230;<\/span>\n\t\t\t<\/div>\n\t\t<\/a>\n\n\t\t\n\t\t<a href=\"https:\/\/www.stachristiana.at\/volksschule-frohsdorf\/news\/spannende-versuche.html\" class=\"article-list-item focus-light\">\n\t\t\t<h3 class=\"list-item-title\">Spannende Versuche<\/h3>\n\t\t\t<figure class=\"list-item-thumb\"><img loading=\"lazy\" decoding=\"async\" width=\"250\" height=\"250\" src=\"https:\/\/www.stachristiana.at\/app\/uploads\/sites\/14\/2026\/03\/26-03-Nahtstelle-MS-05-250x250.jpg\" class=\"attachment-article-thumb size-article-thumb wp-post-image\" alt=\"\" srcset=\"https:\/\/www.stachristiana.at\/app\/uploads\/sites\/14\/2026\/03\/26-03-Nahtstelle-MS-05-250x250.jpg 250w, https:\/\/www.stachristiana.at\/app\/uploads\/sites\/14\/2026\/03\/26-03-Nahtstelle-MS-05-150x150.jpg 150w\" sizes=\"auto, (max-width: 250px) 100vw, 250px\" \/><\/figure>\t\t\t<div class=\"list-item-text\">\n\t\t\t\t<p>Im Rahmen der Stunde &#8222;Nahtstelle Mittelschule&#8220; besuchte Barbara Sch\u00f6berl die Kinder der 4a in Sachunterricht und machte mit uns spannende physikalische Versuche. Vielen Dank f\u00fcr die lehrreiche Stunde!<\/p>\n\t\t\t\t<span class=\"btn-read-more\" aria-hidden=\"true\"><i class=\"fa fa-chevron-right\" aria-hidden=\"true\"><\/i> mehr lesen&#8230;<\/span>\n\t\t\t<\/div>\n\t\t<\/a>\n\n\t\t\n\t\t<a href=\"https:\/\/www.stachristiana.at\/volksschule-frohsdorf\/news\/der-weg-des-stroms.html\" class=\"article-list-item focus-light\">\n\t\t\t<h3 class=\"list-item-title\">Der Weg des Stroms<\/h3>\n\t\t\t<figure class=\"list-item-thumb\"><img loading=\"lazy\" decoding=\"async\" width=\"250\" height=\"250\" src=\"https:\/\/www.stachristiana.at\/app\/uploads\/sites\/14\/2026\/03\/26-03-Strom-03-250x250.jpg\" class=\"attachment-article-thumb size-article-thumb wp-post-image\" alt=\"\" srcset=\"https:\/\/www.stachristiana.at\/app\/uploads\/sites\/14\/2026\/03\/26-03-Strom-03-250x250.jpg 250w, https:\/\/www.stachristiana.at\/app\/uploads\/sites\/14\/2026\/03\/26-03-Strom-03-150x150.jpg 150w\" sizes=\"auto, (max-width: 250px) 100vw, 250px\" \/><\/figure>\t\t\t<div class=\"list-item-text\">\n\t\t\t\t<p>Beim Workshop der EVN erlebten die Kinder der 3a einen spannenden und lehrreichen Vormittag. Bei verschiedenen \u00dcbungen tauchten die Kinder spielerisch in die Welt der Energie ein und konnten hautnah<span class=\"light\"> &#8230;<\/span> <\/p>\n\t\t\t\t<span class=\"btn-read-more\" aria-hidden=\"true\"><i class=\"fa fa-chevron-right\" aria-hidden=\"true\"><\/i> mehr lesen&#8230;<\/span>\n\t\t\t<\/div>\n\t\t<\/a>\n\n\t\t\n\t\t<a href=\"https:\/\/www.stachristiana.at\/volksschule-frohsdorf\/news\/vorbereitungen.html\" class=\"article-list-item focus-light\">\n\t\t\t<h3 class=\"list-item-title\">Vorbereitungen<\/h3>\n\t\t\t<figure class=\"list-item-thumb\"><img loading=\"lazy\" decoding=\"async\" width=\"250\" height=\"250\" src=\"https:\/\/www.stachristiana.at\/app\/uploads\/sites\/14\/2026\/03\/26-03-Erstkommunion-01-1-250x250.jpg\" class=\"attachment-article-thumb size-article-thumb wp-post-image\" alt=\"\" srcset=\"https:\/\/www.stachristiana.at\/app\/uploads\/sites\/14\/2026\/03\/26-03-Erstkommunion-01-1-250x250.jpg 250w, https:\/\/www.stachristiana.at\/app\/uploads\/sites\/14\/2026\/03\/26-03-Erstkommunion-01-1-150x150.jpg 150w\" sizes=\"auto, (max-width: 250px) 100vw, 250px\" \/><\/figure>\t\t\t<div class=\"list-item-text\">\n\t\t\t\t<p>Gewissenhaft bereiten sich die Kinder der 2a derzeit auf ihre Erstkommunion vor. F\u00fcr die Dekoration rund um den Altar haben wir immerbl\u00fchende Blumen gebastelt: Bl\u00fcten und Bl\u00e4tter wurden ausgeschnitten, mit<span class=\"light\"> &#8230;<\/span> <\/p>\n\t\t\t\t<span class=\"btn-read-more\" aria-hidden=\"true\"><i class=\"fa fa-chevron-right\" aria-hidden=\"true\"><\/i> mehr lesen&#8230;<\/span>\n\t\t\t<\/div>\n\t\t<\/a>\n\n\t<\/div>\n\n\n\n<hr class=\"wp-block-separator has-css-opacity is-style-wide\"\/>\n\n\n\n<div class=\"wp-block-columns is-layout-flex wp-container-core-columns-is-layout-28f84493 wp-block-columns-is-layout-flex\">\n<div class=\"wp-block-column is-layout-flow wp-block-column-is-layout-flow\">\n<h2 class=\"wp-block-heading\"><a href=\"https:\/\/www.stachristiana.at\/volksschule-frohsdorf\/was-wir-tun\/termine\">Termine<\/a><\/h2>\n\n\n\n<p>Alle Termine auf einen Blick&#8230;<\/p>\n\n\n\n<p><a href=\"https:\/\/www.stachristiana.at\/volksschule-frohsdorf\/was-wir-tun\/termine\">weiter<\/a><\/p>\n<\/div>\n\n\n\n<div class=\"wp-block-column is-layout-flow wp-block-column-is-layout-flow\"><\/div>\n<\/div>\n","protected":false},"excerpt":{"rendered":"<p>News Termine Alle Termine auf einen Blick&#8230; weiter<\/p>\n","protected":false},"author":1,"featured_media":0,"parent":0,"menu_order":400,"comment_status":"closed","ping_status":"closed","template":"","meta":{"footnotes":""},"class_list":["post-142","page","type-page","status-publish","hentry"],"acf":[],"yoast_head":"<!-- This site is optimized with the Yoast SEO plugin v26.8 - https:\/\/yoast.com\/product\/yoast-seo-wordpress\/ -->\n<title>Was wir tun - Volksschule Frohsdorf<\/title>\n<meta name=\"robots\" content=\"index, follow, max-snippet:-1, max-image-preview:large, max-video-preview:-1\" \/>\n<link rel=\"canonical\" href=\"https:\/\/www.stachristiana.at\/volksschule-frohsdorf\/was-wir-tun\" \/>\n<meta property=\"og:locale\" content=\"de_DE\" \/>\n<meta property=\"og:type\" content=\"article\" \/>\n<meta property=\"og:title\" content=\"Was wir tun - Volksschule Frohsdorf\" \/>\n<meta property=\"og:description\" content=\"News Termine Alle Termine auf einen Blick&#8230; weiter\" \/>\n<meta property=\"og:url\" content=\"https:\/\/www.stachristiana.at\/volksschule-frohsdorf\/was-wir-tun\" \/>\n<meta property=\"og:site_name\" content=\"Volksschule Frohsdorf\" \/>\n<meta property=\"article:modified_time\" content=\"2023-11-24T17:10:45+00:00\" \/>\n<meta property=\"og:image\" content=\"https:\/\/www.stachristiana.at\/app\/uploads\/sites\/14\/2022\/05\/logo-sta-christiana.png\" \/>\n\t<meta property=\"og:image:width\" content=\"1200\" \/>\n\t<meta property=\"og:image:height\" content=\"491\" \/>\n\t<meta property=\"og:image:type\" content=\"image\/png\" \/>\n<meta name=\"twitter:card\" content=\"summary_large_image\" \/>\n<meta name=\"twitter:label1\" content=\"Gesch\u00e4tzte Lesezeit\" \/>\n\t<meta name=\"twitter:data1\" content=\"1\u00a0Minute\" \/>\n<script type=\"application\/ld+json\" class=\"yoast-schema-graph\">{\"@context\":\"https:\/\/schema.org\",\"@graph\":[{\"@type\":\"WebPage\",\"@id\":\"https:\/\/www.stachristiana.at\/volksschule-frohsdorf\/was-wir-tun\",\"url\":\"https:\/\/www.stachristiana.at\/volksschule-frohsdorf\/was-wir-tun\",\"name\":\"Was wir tun - Volksschule Frohsdorf\",\"isPartOf\":{\"@id\":\"https:\/\/www.stachristiana.at\/volksschule-frohsdorf\/#website\"},\"datePublished\":\"2022-05-10T14:01:12+00:00\",\"dateModified\":\"2023-11-24T17:10:45+00:00\",\"breadcrumb\":{\"@id\":\"https:\/\/www.stachristiana.at\/volksschule-frohsdorf\/was-wir-tun#breadcrumb\"},\"inLanguage\":\"de\",\"potentialAction\":[{\"@type\":\"ReadAction\",\"target\":[\"https:\/\/www.stachristiana.at\/volksschule-frohsdorf\/was-wir-tun\"]}]},{\"@type\":\"BreadcrumbList\",\"@id\":\"https:\/\/www.stachristiana.at\/volksschule-frohsdorf\/was-wir-tun#breadcrumb\",\"itemListElement\":[{\"@type\":\"ListItem\",\"position\":1,\"name\":\"Start\",\"item\":\"https:\/\/www.stachristiana.at\/\"},{\"@type\":\"ListItem\",\"position\":2,\"name\":\"Was wir tun\"}]},{\"@type\":\"WebSite\",\"@id\":\"https:\/\/www.stachristiana.at\/volksschule-frohsdorf\/#website\",\"url\":\"https:\/\/www.stachristiana.at\/volksschule-frohsdorf\/\",\"name\":\"Sta. Christiana - Private Volksschule Frohsdorf\",\"description\":\"Sta. Christiana - Schulen zum Leben\",\"publisher\":{\"@id\":\"https:\/\/www.stachristiana.at\/volksschule-frohsdorf\/#organization\"},\"alternateName\":\"Private Volksschule Frohsdorf\",\"potentialAction\":[{\"@type\":\"SearchAction\",\"target\":{\"@type\":\"EntryPoint\",\"urlTemplate\":\"https:\/\/www.stachristiana.at\/volksschule-frohsdorf\/?s={search_term_string}\"},\"query-input\":{\"@type\":\"PropertyValueSpecification\",\"valueRequired\":true,\"valueName\":\"search_term_string\"}}],\"inLanguage\":\"de\"},{\"@type\":\"Organization\",\"@id\":\"https:\/\/www.stachristiana.at\/volksschule-frohsdorf\/#organization\",\"name\":\"Sta. Christiana - Private Volksschule Frohsdorf\",\"alternateName\":\"Private Volksschule Frohsdorf\",\"url\":\"https:\/\/www.stachristiana.at\/volksschule-frohsdorf\/\",\"logo\":{\"@type\":\"ImageObject\",\"inLanguage\":\"de\",\"@id\":\"https:\/\/www.stachristiana.at\/volksschule-frohsdorf\/#\/schema\/logo\/image\/\",\"url\":\"https:\/\/www.stachristiana.at\/app\/uploads\/sites\/14\/2022\/05\/logo-sta-christiana.png\",\"contentUrl\":\"https:\/\/www.stachristiana.at\/app\/uploads\/sites\/14\/2022\/05\/logo-sta-christiana.png\",\"width\":1200,\"height\":491,\"caption\":\"Sta. Christiana - Private Volksschule Frohsdorf\"},\"image\":{\"@id\":\"https:\/\/www.stachristiana.at\/volksschule-frohsdorf\/#\/schema\/logo\/image\/\"}}]}<\/script>\n<!-- \/ Yoast SEO plugin. -->","yoast_head_json":{"title":"Was wir tun - Volksschule Frohsdorf","robots":{"index":"index","follow":"follow","max-snippet":"max-snippet:-1","max-image-preview":"max-image-preview:large","max-video-preview":"max-video-preview:-1"},"canonical":"https:\/\/www.stachristiana.at\/volksschule-frohsdorf\/was-wir-tun","og_locale":"de_DE","og_type":"article","og_title":"Was wir tun - Volksschule Frohsdorf","og_description":"News Termine Alle Termine auf einen Blick&#8230; weiter","og_url":"https:\/\/www.stachristiana.at\/volksschule-frohsdorf\/was-wir-tun","og_site_name":"Volksschule Frohsdorf","article_modified_time":"2023-11-24T17:10:45+00:00","og_image":[{"width":1200,"height":491,"url":"https:\/\/www.stachristiana.at\/app\/uploads\/sites\/14\/2022\/05\/logo-sta-christiana.png","type":"image\/png"}],"twitter_card":"summary_large_image","twitter_misc":{"Gesch\u00e4tzte Lesezeit":"1\u00a0Minute"},"schema":{"@context":"https:\/\/schema.org","@graph":[{"@type":"WebPage","@id":"https:\/\/www.stachristiana.at\/volksschule-frohsdorf\/was-wir-tun","url":"https:\/\/www.stachristiana.at\/volksschule-frohsdorf\/was-wir-tun","name":"Was wir tun - Volksschule Frohsdorf","isPartOf":{"@id":"https:\/\/www.stachristiana.at\/volksschule-frohsdorf\/#website"},"datePublished":"2022-05-10T14:01:12+00:00","dateModified":"2023-11-24T17:10:45+00:00","breadcrumb":{"@id":"https:\/\/www.stachristiana.at\/volksschule-frohsdorf\/was-wir-tun#breadcrumb"},"inLanguage":"de","potentialAction":[{"@type":"ReadAction","target":["https:\/\/www.stachristiana.at\/volksschule-frohsdorf\/was-wir-tun"]}]},{"@type":"BreadcrumbList","@id":"https:\/\/www.stachristiana.at\/volksschule-frohsdorf\/was-wir-tun#breadcrumb","itemListElement":[{"@type":"ListItem","position":1,"name":"Start","item":"https:\/\/www.stachristiana.at\/"},{"@type":"ListItem","position":2,"name":"Was wir tun"}]},{"@type":"WebSite","@id":"https:\/\/www.stachristiana.at\/volksschule-frohsdorf\/#website","url":"https:\/\/www.stachristiana.at\/volksschule-frohsdorf\/","name":"Sta. Christiana - Private Volksschule Frohsdorf","description":"Sta. Christiana - Schulen zum Leben","publisher":{"@id":"https:\/\/www.stachristiana.at\/volksschule-frohsdorf\/#organization"},"alternateName":"Private Volksschule Frohsdorf","potentialAction":[{"@type":"SearchAction","target":{"@type":"EntryPoint","urlTemplate":"https:\/\/www.stachristiana.at\/volksschule-frohsdorf\/?s={search_term_string}"},"query-input":{"@type":"PropertyValueSpecification","valueRequired":true,"valueName":"search_term_string"}}],"inLanguage":"de"},{"@type":"Organization","@id":"https:\/\/www.stachristiana.at\/volksschule-frohsdorf\/#organization","name":"Sta. Christiana - Private Volksschule Frohsdorf","alternateName":"Private Volksschule Frohsdorf","url":"https:\/\/www.stachristiana.at\/volksschule-frohsdorf\/","logo":{"@type":"ImageObject","inLanguage":"de","@id":"https:\/\/www.stachristiana.at\/volksschule-frohsdorf\/#\/schema\/logo\/image\/","url":"https:\/\/www.stachristiana.at\/app\/uploads\/sites\/14\/2022\/05\/logo-sta-christiana.png","contentUrl":"https:\/\/www.stachristiana.at\/app\/uploads\/sites\/14\/2022\/05\/logo-sta-christiana.png","width":1200,"height":491,"caption":"Sta. Christiana - Private Volksschule Frohsdorf"},"image":{"@id":"https:\/\/www.stachristiana.at\/volksschule-frohsdorf\/#\/schema\/logo\/image\/"}}]}},"_links":{"self":[{"href":"https:\/\/www.stachristiana.at\/volksschule-frohsdorf\/wp-json\/wp\/v2\/pages\/142","targetHints":{"allow":["GET"]}}],"collection":[{"href":"https:\/\/www.stachristiana.at\/volksschule-frohsdorf\/wp-json\/wp\/v2\/pages"}],"about":[{"href":"https:\/\/www.stachristiana.at\/volksschule-frohsdorf\/wp-json\/wp\/v2\/types\/page"}],"author":[{"embeddable":true,"href":"https:\/\/www.stachristiana.at\/volksschule-frohsdorf\/wp-json\/wp\/v2\/users\/1"}],"replies":[{"embeddable":true,"href":"https:\/\/www.stachristiana.at\/volksschule-frohsdorf\/wp-json\/wp\/v2\/comments?post=142"}],"version-history":[{"count":19,"href":"https:\/\/www.stachristiana.at\/volksschule-frohsdorf\/wp-json\/wp\/v2\/pages\/142\/revisions"}],"predecessor-version":[{"id":1870,"href":"https:\/\/www.stachristiana.at\/volksschule-frohsdorf\/wp-json\/wp\/v2\/pages\/142\/revisions\/1870"}],"wp:attachment":[{"href":"https:\/\/www.stachristiana.at\/volksschule-frohsdorf\/wp-json\/wp\/v2\/media?parent=142"}],"curies":[{"name":"wp","href":"https:\/\/api.w.org\/{rel}","templated":true}]}}