{"id":17,"date":"2022-05-01T11:48:18","date_gmt":"2022-05-01T09:48:18","guid":{"rendered":"https:\/\/devmultisite.superfesch.at\/dummy\/?page_id=17"},"modified":"2022-09-18T21:29:01","modified_gmt":"2022-09-18T19:29:01","slug":"willkommen","status":"publish","type":"page","link":"https:\/\/www.stachristiana.at\/template\/","title":{"rendered":"Willkommen im Template"},"content":{"rendered":"\n<div class=\"wp-block-columns is-layout-flex wp-container-core-columns-is-layout-28f84493 wp-block-columns-is-layout-flex\">\n<div class=\"wp-block-column is-layout-flow wp-block-column-is-layout-flow\" style=\"flex-basis:80%\">\n<p class=\"has-text-align-left\">Wir freuen uns, Sie auf den Seiten der H\u00f6heren Lehranstalt, der Fachschule und des Aufbaulehrgangs Sta Christiana begr\u00fc\u00dfen zu d\u00fcrfen!<\/p>\n\n\n\n<div style=\"height:20px\" aria-hidden=\"true\" class=\"wp-block-spacer\"><\/div>\n\n\n\n<p>Unsere Schule ist ein Lebensraum, in dem sich ALLE wohl f\u00fchlen und f\u00fcr den alle Verantwortung \u00fcbernehmen. H\u00f6flichkeit, Respekt, Offenheit, Toleranz und gegenseitiges Vertrauen bilden die Grundlage der Kommunikation zwischen den Schulpartnern.<\/p>\n<\/div>\n\n\n\n<div class=\"wp-block-column is-layout-flow wp-block-column-is-layout-flow\" style=\"flex-basis:20%\">\n<figure class=\"wp-block-image alignright size-full\"><img loading=\"lazy\" decoding=\"async\" width=\"200\" height=\"280\" src=\"https:\/\/www.stachristiana.at\/app\/uploads\/sites\/4\/2022\/09\/template_frau.jpg\" alt=\"\" class=\"wp-image-536\" srcset=\"https:\/\/www.stachristiana.at\/app\/uploads\/sites\/4\/2022\/09\/template_frau.jpg 200w, https:\/\/www.stachristiana.at\/app\/uploads\/sites\/4\/2022\/09\/template_frau-54x75.jpg 54w\" sizes=\"auto, (max-width: 200px) 100vw, 200px\" \/><\/figure>\n<\/div>\n<\/div>\n\n\n\n<div id=\"feature-block_62810d9f21c3c\" class=\"feature\">\n\t<div class=\"feature-inner\">\n\n<h2 class=\"wp-block-heading\">Tage der offenen T\u00fcr<\/h2>\n\n\n\n<p><strong>Online: 11. 11. 2022 ab 16:00<\/strong><br><strong>vor Ort: 12. 11. 2022<\/strong><\/p>\n\n\n\n<p>Details folgen.<\/p>\n\n\n\n<p><strong>Achtung<\/strong>: bei der Informationsveranstaltung f\u00fcr die ersten Klassen der&nbsp;<strong>HLW und Fachschule<\/strong> kommt es zu einer Termin\u00e4nderung: <strong>neu Mittwoch 29. Juni 17 Uhr<\/strong> (bisher Di. 28. Juni)<\/p>\n\n<\/div>\n<\/div>\n\n\n\n<h2 class=\"wp-block-heading\">Aktuelles<\/h2>\n\n\n\n<div id=\"list-block_62700f6911ce7\" class=\"article-list\">\n\t\t\n\t\t<a href=\"https:\/\/www.stachristiana.at\/template\/news\/gemeinsam-gegen-armut.html\" class=\"article-list-item focus-light\">\n\t\t\t<h3 class=\"list-item-title\">Fermentum Porta Ullamcorper!<\/h3>\n\t\t\t<figure class=\"list-item-thumb\"><img loading=\"lazy\" decoding=\"async\" width=\"250\" height=\"250\" src=\"https:\/\/www.stachristiana.at\/app\/uploads\/sites\/4\/2022\/05\/template_newsbild900x600-250x250.jpg\" class=\"attachment-article-thumb size-article-thumb wp-post-image\" alt=\"\" srcset=\"https:\/\/www.stachristiana.at\/app\/uploads\/sites\/4\/2022\/05\/template_newsbild900x600-250x250.jpg 250w, https:\/\/www.stachristiana.at\/app\/uploads\/sites\/4\/2022\/05\/template_newsbild900x600-150x150.jpg 150w\" sizes=\"auto, (max-width: 250px) 100vw, 250px\" \/><\/figure>\t\t\t<div class=\"list-item-text\">\n\t\t\t\t<p>Vivamus sagittis lacus vel augue laoreet rutrum faucibus dolor auctor. Curabitur blandit tempus porttitor. Sed posuere consectetur est at lobortis. Lorem ipsum dolor sit amet, consectetur adipiscing elit. Donec ullamcorper<span class=\"light\"> &#8230;<\/span> <\/p>\n\t\t\t\t<span class=\"btn-read-more\" aria-hidden=\"true\"><i class=\"fa fa-chevron-right\" aria-hidden=\"true\"><\/i> mehr lesen&#8230;<\/span>\n\t\t\t<\/div>\n\t\t<\/a>\n\n\t\t\n\t\t<a href=\"https:\/\/www.stachristiana.at\/template\/news\/kekse-fuer-den-guten-zweck.html\" class=\"article-list-item focus-light\">\n\t\t\t<h3 class=\"list-item-title\">Venenatis Purus Cursus Vehicula<\/h3>\n\t\t\t<figure class=\"list-item-thumb\"><img loading=\"lazy\" decoding=\"async\" width=\"250\" height=\"250\" src=\"https:\/\/www.stachristiana.at\/app\/uploads\/sites\/4\/2022\/05\/kekse_fuer_den_guten_zweck-1-scaled-250x250.jpg\" class=\"attachment-article-thumb size-article-thumb wp-post-image\" alt=\"Kekse f\u00fcr den guten Zweck \/ Gro\u00dfer Andrang beim Keksverkauf... und hier ist richtig viel Text in der Beschriftung, damit man sieht, wie der Text umbricht.\" srcset=\"https:\/\/www.stachristiana.at\/app\/uploads\/sites\/4\/2022\/05\/kekse_fuer_den_guten_zweck-1-scaled-250x250.jpg 250w, https:\/\/www.stachristiana.at\/app\/uploads\/sites\/4\/2022\/05\/kekse_fuer_den_guten_zweck-1-scaled-150x150.jpg 150w\" sizes=\"auto, (max-width: 250px) 100vw, 250px\" \/><\/figure>\t\t\t<div class=\"list-item-text\">\n\t\t\t\t<p>Etiam porta sem malesuada magna mollis euismod. Integer posuere erat a ante venenatis dapibus posuere velit aliquet. Duis mollis, est non commodo luctus, nisi erat porttitor ligula, eget lacinia odio<span class=\"light\"> &#8230;<\/span> <\/p>\n\t\t\t\t<span class=\"btn-read-more\" aria-hidden=\"true\"><i class=\"fa fa-chevron-right\" aria-hidden=\"true\"><\/i> mehr lesen&#8230;<\/span>\n\t\t\t<\/div>\n\t\t<\/a>\n\n\t<\/div>\n\n\n\n<div style=\"height:70px\" aria-hidden=\"true\" class=\"wp-block-spacer\"><\/div>\n\n\n\n<div id=\"partners-block_62810553aadf3\" class=\"partners\">\n\t<a href=\"http:\/\/www.hum.at\/\" target=\"_blank\" class=\"partners-item\"><img loading=\"lazy\" decoding=\"async\" width=\"76\" height=\"75\" src=\"https:\/\/www.stachristiana.at\/app\/uploads\/sites\/4\/2022\/06\/logo_hum-76x75.jpg\" class=\"attachment-partner-logo size-partner-logo\" alt=\"\" srcset=\"https:\/\/www.stachristiana.at\/app\/uploads\/sites\/4\/2022\/06\/logo_hum-76x75.jpg 76w, https:\/\/www.stachristiana.at\/app\/uploads\/sites\/4\/2022\/06\/logo_hum.jpg 111w\" sizes=\"auto, (max-width: 76px) 100vw, 76px\" \/><\/a><a href=\"http:\/\/www.humwien.at\/\" target=\"_blank\" class=\"partners-item\"><img loading=\"lazy\" decoding=\"async\" width=\"192\" height=\"56\" src=\"https:\/\/www.stachristiana.at\/app\/uploads\/sites\/4\/2022\/06\/logo_HumWien-192x56.jpg\" class=\"attachment-partner-logo size-partner-logo\" alt=\"\" srcset=\"https:\/\/www.stachristiana.at\/app\/uploads\/sites\/4\/2022\/06\/logo_HumWien-192x56.jpg 192w, https:\/\/www.stachristiana.at\/app\/uploads\/sites\/4\/2022\/06\/logo_HumWien-400x117.jpg 400w, https:\/\/www.stachristiana.at\/app\/uploads\/sites\/4\/2022\/06\/logo_HumWien.jpg 500w\" sizes=\"auto, (max-width: 192px) 100vw, 192px\" \/><\/a><img loading=\"lazy\" decoding=\"async\" width=\"74\" height=\"75\" src=\"https:\/\/www.stachristiana.at\/app\/uploads\/sites\/4\/2022\/06\/logo_guetesiegel_klein-74x75.jpg\" class=\"attachment-partner-logo size-partner-logo\" alt=\"\" srcset=\"https:\/\/www.stachristiana.at\/app\/uploads\/sites\/4\/2022\/06\/logo_guetesiegel_klein-74x75.jpg 74w, https:\/\/www.stachristiana.at\/app\/uploads\/sites\/4\/2022\/06\/logo_guetesiegel_klein-396x400.jpg 396w, https:\/\/www.stachristiana.at\/app\/uploads\/sites\/4\/2022\/06\/logo_guetesiegel_klein-150x150.jpg 150w, https:\/\/www.stachristiana.at\/app\/uploads\/sites\/4\/2022\/06\/logo_guetesiegel_klein-250x250.jpg 250w, https:\/\/www.stachristiana.at\/app\/uploads\/sites\/4\/2022\/06\/logo_guetesiegel_klein.jpg 400w\" sizes=\"auto, (max-width: 74px) 100vw, 74px\" \/><a href=\"https:\/\/pilgrim.at\/\" target=\"_blank\" class=\"partners-item\"><img loading=\"lazy\" decoding=\"async\" width=\"100\" height=\"75\" src=\"https:\/\/www.stachristiana.at\/app\/uploads\/sites\/4\/2022\/06\/logo_pilgrim-100x75.jpg\" class=\"attachment-partner-logo size-partner-logo\" alt=\"\" srcset=\"https:\/\/www.stachristiana.at\/app\/uploads\/sites\/4\/2022\/06\/logo_pilgrim-100x75.jpg 100w, https:\/\/www.stachristiana.at\/app\/uploads\/sites\/4\/2022\/06\/logo_pilgrim.jpg 190w\" sizes=\"auto, (max-width: 100px) 100vw, 100px\" \/><\/a><\/div>\n","protected":false},"excerpt":{"rendered":"<p>Wir freuen uns, Sie auf den Seiten der H\u00f6heren Lehranstalt, der Fachschule und des Aufbaulehrgangs Sta Christiana begr\u00fc\u00dfen zu d\u00fcrfen! Unsere Schule ist ein Lebensraum, in dem sich ALLE wohl f\u00fchlen und f\u00fcr den alle Verantwortung \u00fcbernehmen. H\u00f6flichkeit, Respekt, Offenheit, Toleranz und gegenseitiges Vertrauen bilden die Grundlage der Kommunikation zwischen den Schulpartnern. Aktuelles<\/p>\n","protected":false},"author":1,"featured_media":0,"parent":0,"menu_order":0,"comment_status":"closed","ping_status":"closed","template":"","meta":{"footnotes":""},"class_list":["post-17","page","type-page","status-publish","hentry"],"acf":[],"yoast_head":"<!-- This site is optimized with the Yoast SEO plugin v26.8 - https:\/\/yoast.com\/product\/yoast-seo-wordpress\/ -->\n<title>Willkommen im Template - Schul-Template<\/title>\n<meta name=\"robots\" content=\"index, follow, max-snippet:-1, max-image-preview:large, max-video-preview:-1\" \/>\n<link rel=\"canonical\" href=\"http:\/\/www.sanctachristiana.at\/template\/\" \/>\n<meta property=\"og:locale\" content=\"de_DE\" \/>\n<meta property=\"og:type\" content=\"article\" \/>\n<meta property=\"og:title\" content=\"Willkommen im Template - Schul-Template\" \/>\n<meta property=\"og:description\" content=\"Wir freuen uns, Sie auf den Seiten der H\u00f6heren Lehranstalt, der Fachschule und des Aufbaulehrgangs Sta Christiana begr\u00fc\u00dfen zu d\u00fcrfen! Unsere Schule ist ein Lebensraum, in dem sich ALLE wohl f\u00fchlen und f\u00fcr den alle Verantwortung \u00fcbernehmen. H\u00f6flichkeit, Respekt, Offenheit, Toleranz und gegenseitiges Vertrauen bilden die Grundlage der Kommunikation zwischen den Schulpartnern. Aktuelles\" \/>\n<meta property=\"og:url\" content=\"http:\/\/www.sanctachristiana.at\/template\/\" \/>\n<meta property=\"og:site_name\" content=\"Schul-Template\" \/>\n<meta property=\"article:modified_time\" content=\"2022-09-18T19:29:01+00:00\" \/>\n<meta property=\"og:image\" content=\"http:\/\/www.sanctachristiana.at\/app\/uploads\/sites\/4\/2022\/09\/template_frau.jpg\" \/>\n<meta name=\"twitter:card\" content=\"summary_large_image\" \/>\n<meta name=\"twitter:label1\" content=\"Gesch\u00e4tzte Lesezeit\" \/>\n\t<meta name=\"twitter:data1\" content=\"1\u00a0Minute\" \/>\n<script type=\"application\/ld+json\" class=\"yoast-schema-graph\">{\"@context\":\"https:\/\/schema.org\",\"@graph\":[{\"@type\":\"WebPage\",\"@id\":\"http:\/\/www.sanctachristiana.at\/template\/\",\"url\":\"http:\/\/www.sanctachristiana.at\/template\/\",\"name\":\"Willkommen im Template - Schul-Template\",\"isPartOf\":{\"@id\":\"https:\/\/www.stachristiana.at\/template\/#website\"},\"primaryImageOfPage\":{\"@id\":\"http:\/\/www.sanctachristiana.at\/template\/#primaryimage\"},\"image\":{\"@id\":\"http:\/\/www.sanctachristiana.at\/template\/#primaryimage\"},\"thumbnailUrl\":\"https:\/\/www.stachristiana.at\/app\/uploads\/sites\/4\/2022\/09\/template_frau.jpg\",\"datePublished\":\"2022-05-01T09:48:18+00:00\",\"dateModified\":\"2022-09-18T19:29:01+00:00\",\"breadcrumb\":{\"@id\":\"http:\/\/www.sanctachristiana.at\/template\/#breadcrumb\"},\"inLanguage\":\"de\",\"potentialAction\":[{\"@type\":\"ReadAction\",\"target\":[\"http:\/\/www.sanctachristiana.at\/template\/\"]}]},{\"@type\":\"ImageObject\",\"inLanguage\":\"de\",\"@id\":\"http:\/\/www.sanctachristiana.at\/template\/#primaryimage\",\"url\":\"https:\/\/www.stachristiana.at\/app\/uploads\/sites\/4\/2022\/09\/template_frau.jpg\",\"contentUrl\":\"https:\/\/www.stachristiana.at\/app\/uploads\/sites\/4\/2022\/09\/template_frau.jpg\"},{\"@type\":\"BreadcrumbList\",\"@id\":\"http:\/\/www.sanctachristiana.at\/template\/#breadcrumb\",\"itemListElement\":[{\"@type\":\"ListItem\",\"position\":1,\"name\":\"Start\",\"item\":\"https:\/\/www.stachristiana.at\/\"},{\"@type\":\"ListItem\",\"position\":2,\"name\":\"Willkommen im Template\"}]},{\"@type\":\"WebSite\",\"@id\":\"https:\/\/www.stachristiana.at\/template\/#website\",\"url\":\"https:\/\/www.stachristiana.at\/template\/\",\"name\":\"Schul-Template\",\"description\":\"H\u00f6here Lehranstalt, Fachschule und Aufbaulehrgang f\u00fcr wirtschaftliche Berufe\",\"potentialAction\":[{\"@type\":\"SearchAction\",\"target\":{\"@type\":\"EntryPoint\",\"urlTemplate\":\"https:\/\/www.stachristiana.at\/template\/?s={search_term_string}\"},\"query-input\":{\"@type\":\"PropertyValueSpecification\",\"valueRequired\":true,\"valueName\":\"search_term_string\"}}],\"inLanguage\":\"de\"}]}<\/script>\n<!-- \/ Yoast SEO plugin. -->","yoast_head_json":{"title":"Willkommen im Template - Schul-Template","robots":{"index":"index","follow":"follow","max-snippet":"max-snippet:-1","max-image-preview":"max-image-preview:large","max-video-preview":"max-video-preview:-1"},"canonical":"http:\/\/www.sanctachristiana.at\/template\/","og_locale":"de_DE","og_type":"article","og_title":"Willkommen im Template - Schul-Template","og_description":"Wir freuen uns, Sie auf den Seiten der H\u00f6heren Lehranstalt, der Fachschule und des Aufbaulehrgangs Sta Christiana begr\u00fc\u00dfen zu d\u00fcrfen! Unsere Schule ist ein Lebensraum, in dem sich ALLE wohl f\u00fchlen und f\u00fcr den alle Verantwortung \u00fcbernehmen. H\u00f6flichkeit, Respekt, Offenheit, Toleranz und gegenseitiges Vertrauen bilden die Grundlage der Kommunikation zwischen den Schulpartnern. Aktuelles","og_url":"http:\/\/www.sanctachristiana.at\/template\/","og_site_name":"Schul-Template","article_modified_time":"2022-09-18T19:29:01+00:00","og_image":[{"url":"http:\/\/www.sanctachristiana.at\/app\/uploads\/sites\/4\/2022\/09\/template_frau.jpg","type":"","width":"","height":""}],"twitter_card":"summary_large_image","twitter_misc":{"Gesch\u00e4tzte Lesezeit":"1\u00a0Minute"},"schema":{"@context":"https:\/\/schema.org","@graph":[{"@type":"WebPage","@id":"http:\/\/www.sanctachristiana.at\/template\/","url":"http:\/\/www.sanctachristiana.at\/template\/","name":"Willkommen im Template - Schul-Template","isPartOf":{"@id":"https:\/\/www.stachristiana.at\/template\/#website"},"primaryImageOfPage":{"@id":"http:\/\/www.sanctachristiana.at\/template\/#primaryimage"},"image":{"@id":"http:\/\/www.sanctachristiana.at\/template\/#primaryimage"},"thumbnailUrl":"https:\/\/www.stachristiana.at\/app\/uploads\/sites\/4\/2022\/09\/template_frau.jpg","datePublished":"2022-05-01T09:48:18+00:00","dateModified":"2022-09-18T19:29:01+00:00","breadcrumb":{"@id":"http:\/\/www.sanctachristiana.at\/template\/#breadcrumb"},"inLanguage":"de","potentialAction":[{"@type":"ReadAction","target":["http:\/\/www.sanctachristiana.at\/template\/"]}]},{"@type":"ImageObject","inLanguage":"de","@id":"http:\/\/www.sanctachristiana.at\/template\/#primaryimage","url":"https:\/\/www.stachristiana.at\/app\/uploads\/sites\/4\/2022\/09\/template_frau.jpg","contentUrl":"https:\/\/www.stachristiana.at\/app\/uploads\/sites\/4\/2022\/09\/template_frau.jpg"},{"@type":"BreadcrumbList","@id":"http:\/\/www.sanctachristiana.at\/template\/#breadcrumb","itemListElement":[{"@type":"ListItem","position":1,"name":"Start","item":"https:\/\/www.stachristiana.at\/"},{"@type":"ListItem","position":2,"name":"Willkommen im Template"}]},{"@type":"WebSite","@id":"https:\/\/www.stachristiana.at\/template\/#website","url":"https:\/\/www.stachristiana.at\/template\/","name":"Schul-Template","description":"H\u00f6here Lehranstalt, Fachschule und Aufbaulehrgang f\u00fcr wirtschaftliche Berufe","potentialAction":[{"@type":"SearchAction","target":{"@type":"EntryPoint","urlTemplate":"https:\/\/www.stachristiana.at\/template\/?s={search_term_string}"},"query-input":{"@type":"PropertyValueSpecification","valueRequired":true,"valueName":"search_term_string"}}],"inLanguage":"de"}]}},"_links":{"self":[{"href":"https:\/\/www.stachristiana.at\/template\/wp-json\/wp\/v2\/pages\/17","targetHints":{"allow":["GET"]}}],"collection":[{"href":"https:\/\/www.stachristiana.at\/template\/wp-json\/wp\/v2\/pages"}],"about":[{"href":"https:\/\/www.stachristiana.at\/template\/wp-json\/wp\/v2\/types\/page"}],"author":[{"embeddable":true,"href":"https:\/\/www.stachristiana.at\/template\/wp-json\/wp\/v2\/users\/1"}],"replies":[{"embeddable":true,"href":"https:\/\/www.stachristiana.at\/template\/wp-json\/wp\/v2\/comments?post=17"}],"version-history":[{"count":39,"href":"https:\/\/www.stachristiana.at\/template\/wp-json\/wp\/v2\/pages\/17\/revisions"}],"predecessor-version":[{"id":539,"href":"https:\/\/www.stachristiana.at\/template\/wp-json\/wp\/v2\/pages\/17\/revisions\/539"}],"wp:attachment":[{"href":"https:\/\/www.stachristiana.at\/template\/wp-json\/wp\/v2\/media?parent=17"}],"curies":[{"name":"wp","href":"https:\/\/api.w.org\/{rel}","templated":true}]}}