{"id":590,"date":"2022-11-01T19:34:17","date_gmt":"2022-11-01T18:34:17","guid":{"rendered":"http:\/\/www.sanctachristiana.at\/tagesinternat-wiener-neustadt\/?page_id=590"},"modified":"2025-08-27T09:02:41","modified_gmt":"2025-08-27T07:02:41","slug":"zusatzangebote","status":"publish","type":"page","link":"https:\/\/www.stachristiana.at\/tagesinternat-wiener-neustadt\/was-wir-bieten\/zusatzangebote","title":{"rendered":"Zusatzangebote"},"content":{"rendered":"\n<p>Wir bieten im Schuljahr 2025\/2026 folgende Zusatzangebote an:<\/p>\n\n\n\n<p><strong>Fu\u00dfball<\/strong><br>Durch Spa\u00df am Sport und ganzheitliche Bewegungsf\u00f6rderung f\u00fchren wir die Kinder altersgerecht an das Fu\u00dfballspielen heran. Die Schulung der koordinativen F\u00e4higkeiten, Entwicklung von Technik und offensivem Spiel sind prim\u00e4re Elemente des Trainings. Die Vermittlung von Fairness gegen\u00fcber Gegner &amp; Mitspieler, Leidenschaft und die Entwicklung von Teamgeist sind dabei elementare Bestandteile.<\/p>\n\n\n\n<p>Wir geben den Kindern die M\u00f6glichkeit, den Ball zu jagen, Tore zu schie\u00dfen und sich mit anderen zu messen.<\/p>\n\n\n\n<p><strong>Kreatives Gestalten<\/strong><br>\u00dcber das Schuljahr hinweg werden die Kinder an verschiedene k\u00fcnstlerische Techniken herangef\u00fchrt. Dabei wird mit vielf\u00e4ltigen Materialien gezeichnet, gemalt und gebastelt.<\/p>\n\n\n\n<p>Spa\u00df und Experimentierfreude stehen dabei im Vordergrund.<\/p>\n\n\n\n<p>Die Kinder d\u00fcrfen dabei gerne auch ihre eigenen Ideen umsetzen.<\/p>\n\n\n\n<p>Der Kreativit\u00e4t wird freien Lauf gelassen!<\/p>\n\n\n\n<p><strong>Koordinationstraining<\/strong><br>Koordinative F\u00e4higkeiten bei Kindern sind ein wichtiger Teil der sportlichen Leistung, denn sie helfen Bewegungen mit Rhythmus, Feinf\u00fchligkeit, Gleichgewicht, Orientierung und gutem Timing auszuf\u00fchren.<\/p>\n\n\n\n<p>Anhand von vielf\u00e4ltigen Koordinationsspielen werden diese F\u00e4higkeiten verbessert.<\/p>\n\n\n\n<p><strong>Fl\u00f6te, Gitarre und Klavier<\/strong><br>Das Erlernen dieser Musikinstrumente wird von einer Musikschule aus Wien an unserer Schule angeboten.<\/p>\n\n\n\n<p><strong>Aerial- Luftakrobatik<\/strong><br>Dieser Kurs wird vom Verein Time2Fly an unserer Schule angeboten.<\/p>\n\n\n\n<p>Alle Kurse finden am Nachmittag nach der Haus\u00fcbung statt.<\/p>\n\n\n\n<p><\/p>\n","protected":false},"excerpt":{"rendered":"<p>Wir bieten im Schuljahr 2025\/2026 folgende Zusatzangebote an: Fu\u00dfballDurch Spa\u00df am Sport und ganzheitliche Bewegungsf\u00f6rderung f\u00fchren wir die Kinder altersgerecht an das Fu\u00dfballspielen heran. Die Schulung der koordinativen F\u00e4higkeiten, Entwicklung von Technik und offensivem Spiel sind prim\u00e4re Elemente des Trainings. Die Vermittlung von Fairness gegen\u00fcber Gegner &amp; Mitspieler, Leidenschaft und die Entwicklung von Teamgeist sind [&hellip;]<\/p>\n","protected":false},"author":5,"featured_media":0,"parent":144,"menu_order":3,"comment_status":"closed","ping_status":"closed","template":"","meta":{"footnotes":""},"class_list":["post-590","page","type-page","status-publish","hentry"],"acf":[],"yoast_head":"<!-- This site is optimized with the Yoast SEO plugin v26.8 - https:\/\/yoast.com\/product\/yoast-seo-wordpress\/ -->\n<title>Zusatzangebote - Tagesinternat Wr. Neustadt<\/title>\n<meta name=\"robots\" content=\"index, follow, max-snippet:-1, max-image-preview:large, max-video-preview:-1\" \/>\n<link rel=\"canonical\" href=\"https:\/\/www.stachristiana.at\/tagesinternat-wiener-neustadt\/was-wir-bieten\/zusatzangebote\" \/>\n<meta property=\"og:locale\" content=\"de_DE\" \/>\n<meta property=\"og:type\" content=\"article\" \/>\n<meta property=\"og:title\" content=\"Zusatzangebote - Tagesinternat Wr. Neustadt\" \/>\n<meta property=\"og:description\" content=\"Wir bieten im Schuljahr 2025\/2026 folgende Zusatzangebote an: Fu\u00dfballDurch Spa\u00df am Sport und ganzheitliche Bewegungsf\u00f6rderung f\u00fchren wir die Kinder altersgerecht an das Fu\u00dfballspielen heran. Die Schulung der koordinativen F\u00e4higkeiten, Entwicklung von Technik und offensivem Spiel sind prim\u00e4re Elemente des Trainings. Die Vermittlung von Fairness gegen\u00fcber Gegner &amp; Mitspieler, Leidenschaft und die Entwicklung von Teamgeist sind [&hellip;]\" \/>\n<meta property=\"og:url\" content=\"https:\/\/www.stachristiana.at\/tagesinternat-wiener-neustadt\/was-wir-bieten\/zusatzangebote\" \/>\n<meta property=\"og:site_name\" content=\"Tagesinternat Wr. Neustadt\" \/>\n<meta property=\"article:modified_time\" content=\"2025-08-27T07:02:41+00:00\" \/>\n<meta property=\"og:image\" content=\"https:\/\/www.stachristiana.at\/app\/uploads\/sites\/12\/2022\/05\/logo-sta-christiana.png\" \/>\n\t<meta property=\"og:image:width\" content=\"1200\" \/>\n\t<meta property=\"og:image:height\" content=\"491\" \/>\n\t<meta property=\"og:image:type\" content=\"image\/png\" \/>\n<meta name=\"twitter:card\" content=\"summary_large_image\" \/>\n<meta name=\"twitter:label1\" content=\"Gesch\u00e4tzte Lesezeit\" \/>\n\t<meta name=\"twitter:data1\" content=\"2\u00a0Minuten\" \/>\n<script type=\"application\/ld+json\" class=\"yoast-schema-graph\">{\"@context\":\"https:\/\/schema.org\",\"@graph\":[{\"@type\":\"WebPage\",\"@id\":\"https:\/\/www.stachristiana.at\/tagesinternat-wiener-neustadt\/was-wir-bieten\/zusatzangebote\",\"url\":\"https:\/\/www.stachristiana.at\/tagesinternat-wiener-neustadt\/was-wir-bieten\/zusatzangebote\",\"name\":\"Zusatzangebote - Tagesinternat Wr. Neustadt\",\"isPartOf\":{\"@id\":\"https:\/\/www.stachristiana.at\/tagesinternat-wiener-neustadt\/#website\"},\"datePublished\":\"2022-11-01T18:34:17+00:00\",\"dateModified\":\"2025-08-27T07:02:41+00:00\",\"breadcrumb\":{\"@id\":\"https:\/\/www.stachristiana.at\/tagesinternat-wiener-neustadt\/was-wir-bieten\/zusatzangebote#breadcrumb\"},\"inLanguage\":\"de\",\"potentialAction\":[{\"@type\":\"ReadAction\",\"target\":[\"https:\/\/www.stachristiana.at\/tagesinternat-wiener-neustadt\/was-wir-bieten\/zusatzangebote\"]}]},{\"@type\":\"BreadcrumbList\",\"@id\":\"https:\/\/www.stachristiana.at\/tagesinternat-wiener-neustadt\/was-wir-bieten\/zusatzangebote#breadcrumb\",\"itemListElement\":[{\"@type\":\"ListItem\",\"position\":1,\"name\":\"Start\",\"item\":\"https:\/\/www.stachristiana.at\/\"},{\"@type\":\"ListItem\",\"position\":2,\"name\":\"Was wir bieten\",\"item\":\"http:\/\/www.sanctachristiana.at\/tagesinternat-wiener-neustadt\/was-wir-bieten\"},{\"@type\":\"ListItem\",\"position\":3,\"name\":\"Zusatzangebote\"}]},{\"@type\":\"WebSite\",\"@id\":\"https:\/\/www.stachristiana.at\/tagesinternat-wiener-neustadt\/#website\",\"url\":\"https:\/\/www.stachristiana.at\/tagesinternat-wiener-neustadt\/\",\"name\":\"Sta. Christiana - Tagesinternat Wr. Neustadt\",\"description\":\"Sta. Christiana - Schulen zum Leben\",\"publisher\":{\"@id\":\"https:\/\/www.stachristiana.at\/tagesinternat-wiener-neustadt\/#organization\"},\"alternateName\":\"Tagesinternat Wr. Neustadt\",\"potentialAction\":[{\"@type\":\"SearchAction\",\"target\":{\"@type\":\"EntryPoint\",\"urlTemplate\":\"https:\/\/www.stachristiana.at\/tagesinternat-wiener-neustadt\/?s={search_term_string}\"},\"query-input\":{\"@type\":\"PropertyValueSpecification\",\"valueRequired\":true,\"valueName\":\"search_term_string\"}}],\"inLanguage\":\"de\"},{\"@type\":\"Organization\",\"@id\":\"https:\/\/www.stachristiana.at\/tagesinternat-wiener-neustadt\/#organization\",\"name\":\"Sta. Christiana - Tagesinternat Wr. Neustadt\",\"alternateName\":\"Tagesinternat Wiener Neustadt\",\"url\":\"https:\/\/www.stachristiana.at\/tagesinternat-wiener-neustadt\/\",\"logo\":{\"@type\":\"ImageObject\",\"inLanguage\":\"de\",\"@id\":\"https:\/\/www.stachristiana.at\/tagesinternat-wiener-neustadt\/#\/schema\/logo\/image\/\",\"url\":\"https:\/\/www.stachristiana.at\/app\/uploads\/sites\/12\/2022\/05\/logo-sta-christiana.png\",\"contentUrl\":\"https:\/\/www.stachristiana.at\/app\/uploads\/sites\/12\/2022\/05\/logo-sta-christiana.png\",\"width\":1200,\"height\":491,\"caption\":\"Sta. Christiana - Tagesinternat Wr. Neustadt\"},\"image\":{\"@id\":\"https:\/\/www.stachristiana.at\/tagesinternat-wiener-neustadt\/#\/schema\/logo\/image\/\"}}]}<\/script>\n<!-- \/ Yoast SEO plugin. -->","yoast_head_json":{"title":"Zusatzangebote - Tagesinternat Wr. Neustadt","robots":{"index":"index","follow":"follow","max-snippet":"max-snippet:-1","max-image-preview":"max-image-preview:large","max-video-preview":"max-video-preview:-1"},"canonical":"https:\/\/www.stachristiana.at\/tagesinternat-wiener-neustadt\/was-wir-bieten\/zusatzangebote","og_locale":"de_DE","og_type":"article","og_title":"Zusatzangebote - Tagesinternat Wr. Neustadt","og_description":"Wir bieten im Schuljahr 2025\/2026 folgende Zusatzangebote an: Fu\u00dfballDurch Spa\u00df am Sport und ganzheitliche Bewegungsf\u00f6rderung f\u00fchren wir die Kinder altersgerecht an das Fu\u00dfballspielen heran. Die Schulung der koordinativen F\u00e4higkeiten, Entwicklung von Technik und offensivem Spiel sind prim\u00e4re Elemente des Trainings. Die Vermittlung von Fairness gegen\u00fcber Gegner &amp; Mitspieler, Leidenschaft und die Entwicklung von Teamgeist sind [&hellip;]","og_url":"https:\/\/www.stachristiana.at\/tagesinternat-wiener-neustadt\/was-wir-bieten\/zusatzangebote","og_site_name":"Tagesinternat Wr. Neustadt","article_modified_time":"2025-08-27T07:02:41+00:00","og_image":[{"width":1200,"height":491,"url":"https:\/\/www.stachristiana.at\/app\/uploads\/sites\/12\/2022\/05\/logo-sta-christiana.png","type":"image\/png"}],"twitter_card":"summary_large_image","twitter_misc":{"Gesch\u00e4tzte Lesezeit":"2\u00a0Minuten"},"schema":{"@context":"https:\/\/schema.org","@graph":[{"@type":"WebPage","@id":"https:\/\/www.stachristiana.at\/tagesinternat-wiener-neustadt\/was-wir-bieten\/zusatzangebote","url":"https:\/\/www.stachristiana.at\/tagesinternat-wiener-neustadt\/was-wir-bieten\/zusatzangebote","name":"Zusatzangebote - Tagesinternat Wr. Neustadt","isPartOf":{"@id":"https:\/\/www.stachristiana.at\/tagesinternat-wiener-neustadt\/#website"},"datePublished":"2022-11-01T18:34:17+00:00","dateModified":"2025-08-27T07:02:41+00:00","breadcrumb":{"@id":"https:\/\/www.stachristiana.at\/tagesinternat-wiener-neustadt\/was-wir-bieten\/zusatzangebote#breadcrumb"},"inLanguage":"de","potentialAction":[{"@type":"ReadAction","target":["https:\/\/www.stachristiana.at\/tagesinternat-wiener-neustadt\/was-wir-bieten\/zusatzangebote"]}]},{"@type":"BreadcrumbList","@id":"https:\/\/www.stachristiana.at\/tagesinternat-wiener-neustadt\/was-wir-bieten\/zusatzangebote#breadcrumb","itemListElement":[{"@type":"ListItem","position":1,"name":"Start","item":"https:\/\/www.stachristiana.at\/"},{"@type":"ListItem","position":2,"name":"Was wir bieten","item":"http:\/\/www.sanctachristiana.at\/tagesinternat-wiener-neustadt\/was-wir-bieten"},{"@type":"ListItem","position":3,"name":"Zusatzangebote"}]},{"@type":"WebSite","@id":"https:\/\/www.stachristiana.at\/tagesinternat-wiener-neustadt\/#website","url":"https:\/\/www.stachristiana.at\/tagesinternat-wiener-neustadt\/","name":"Sta. Christiana - Tagesinternat Wr. Neustadt","description":"Sta. Christiana - Schulen zum Leben","publisher":{"@id":"https:\/\/www.stachristiana.at\/tagesinternat-wiener-neustadt\/#organization"},"alternateName":"Tagesinternat Wr. Neustadt","potentialAction":[{"@type":"SearchAction","target":{"@type":"EntryPoint","urlTemplate":"https:\/\/www.stachristiana.at\/tagesinternat-wiener-neustadt\/?s={search_term_string}"},"query-input":{"@type":"PropertyValueSpecification","valueRequired":true,"valueName":"search_term_string"}}],"inLanguage":"de"},{"@type":"Organization","@id":"https:\/\/www.stachristiana.at\/tagesinternat-wiener-neustadt\/#organization","name":"Sta. Christiana - Tagesinternat Wr. Neustadt","alternateName":"Tagesinternat Wiener Neustadt","url":"https:\/\/www.stachristiana.at\/tagesinternat-wiener-neustadt\/","logo":{"@type":"ImageObject","inLanguage":"de","@id":"https:\/\/www.stachristiana.at\/tagesinternat-wiener-neustadt\/#\/schema\/logo\/image\/","url":"https:\/\/www.stachristiana.at\/app\/uploads\/sites\/12\/2022\/05\/logo-sta-christiana.png","contentUrl":"https:\/\/www.stachristiana.at\/app\/uploads\/sites\/12\/2022\/05\/logo-sta-christiana.png","width":1200,"height":491,"caption":"Sta. Christiana - Tagesinternat Wr. Neustadt"},"image":{"@id":"https:\/\/www.stachristiana.at\/tagesinternat-wiener-neustadt\/#\/schema\/logo\/image\/"}}]}},"_links":{"self":[{"href":"https:\/\/www.stachristiana.at\/tagesinternat-wiener-neustadt\/wp-json\/wp\/v2\/pages\/590","targetHints":{"allow":["GET"]}}],"collection":[{"href":"https:\/\/www.stachristiana.at\/tagesinternat-wiener-neustadt\/wp-json\/wp\/v2\/pages"}],"about":[{"href":"https:\/\/www.stachristiana.at\/tagesinternat-wiener-neustadt\/wp-json\/wp\/v2\/types\/page"}],"author":[{"embeddable":true,"href":"https:\/\/www.stachristiana.at\/tagesinternat-wiener-neustadt\/wp-json\/wp\/v2\/users\/5"}],"replies":[{"embeddable":true,"href":"https:\/\/www.stachristiana.at\/tagesinternat-wiener-neustadt\/wp-json\/wp\/v2\/comments?post=590"}],"version-history":[{"count":3,"href":"https:\/\/www.stachristiana.at\/tagesinternat-wiener-neustadt\/wp-json\/wp\/v2\/pages\/590\/revisions"}],"predecessor-version":[{"id":1111,"href":"https:\/\/www.stachristiana.at\/tagesinternat-wiener-neustadt\/wp-json\/wp\/v2\/pages\/590\/revisions\/1111"}],"up":[{"embeddable":true,"href":"https:\/\/www.stachristiana.at\/tagesinternat-wiener-neustadt\/wp-json\/wp\/v2\/pages\/144"}],"wp:attachment":[{"href":"https:\/\/www.stachristiana.at\/tagesinternat-wiener-neustadt\/wp-json\/wp\/v2\/media?parent=590"}],"curies":[{"name":"wp","href":"https:\/\/api.w.org\/{rel}","templated":true}]}}