{"id":142,"date":"2022-05-10T16:01:12","date_gmt":"2022-05-10T14:01:12","guid":{"rendered":"https:\/\/devmultisite.superfesch.at\/hlw-rodaun\/?page_id=142"},"modified":"2024-10-10T12:28:11","modified_gmt":"2024-10-10T10:28:11","slug":"was-wir-tun","status":"publish","type":"page","link":"https:\/\/www.stachristiana.at\/tagesinternat-wiener-neustadt\/was-wir-tun","title":{"rendered":"Was wir tun"},"content":{"rendered":"\n<p><\/p>\n\n\n\n<h2 class=\"wp-block-heading\"><a href=\"https:\/\/www.stachristiana.at\/tagesinternat-wiener-neustadt\/news\">News<\/a><\/h2>\n\n\n\n<div id=\"list-block_28bae68ee629da182dfe62cca6ef327f\" class=\"article-list\">\n\t\t\n\t\t<a href=\"https:\/\/www.stachristiana.at\/tagesinternat-wiener-neustadt\/news\/fruehlingskinder-und-ihre-blumenkrone.html\" class=\"article-list-item focus-light\">\n\t\t\t<h3 class=\"list-item-title\">Fr\u00fchlingskinder und ihre Blumenkrone<\/h3>\n\t\t\t\t\t\t<div class=\"list-item-text\">\n\t\t\t\t<p>Wir haben den Tag drau\u00dfen genossen und die sch\u00f6nsten Sch\u00e4tze der Wiese gesammelt:leuchtend gelben L\u00f6wenzahn und zarte G\u00e4nsebl\u00fcmchen.Ein geflochtener Kranz aus purem Gl\u00fcck!<\/p>\n\t\t\t\t<span class=\"btn-read-more\" aria-hidden=\"true\"><i class=\"fa fa-chevron-right\" aria-hidden=\"true\"><\/i> mehr lesen&#8230;<\/span>\n\t\t\t<\/div>\n\t\t<\/a>\n\n\t\t\n\t\t<a href=\"https:\/\/www.stachristiana.at\/tagesinternat-wiener-neustadt\/news\/schmuckbasteleien.html\" class=\"article-list-item focus-light\">\n\t\t\t<h3 class=\"list-item-title\">Schmuckbasteleien<\/h3>\n\t\t\t\t\t\t<div class=\"list-item-text\">\n\t\t\t\t<p>Am haus\u00fcbungsfreien Nachmittag machten die Kinder der 3a gemeinsam Armb\u00e4nder und Ringe. Sie hatten sehr viel Spa\u00df beim Perlen aussuchen und F\u00e4deln.<\/p>\n\t\t\t\t<span class=\"btn-read-more\" aria-hidden=\"true\"><i class=\"fa fa-chevron-right\" aria-hidden=\"true\"><\/i> mehr lesen&#8230;<\/span>\n\t\t\t<\/div>\n\t\t<\/a>\n\n\t\t\n\t\t<a href=\"https:\/\/www.stachristiana.at\/tagesinternat-wiener-neustadt\/news\/konstruktionsspiele-2.html\" class=\"article-list-item focus-light\">\n\t\t\t<h3 class=\"list-item-title\">Konstruktionsspiele<\/h3>\n\t\t\t\t\t\t<div class=\"list-item-text\">\n\t\t\t\t<p>Die h\u00f6chsten T\u00fcrme bauen wir mit Baukl\u00f6tzen, die gr\u00f6\u00dften Schl\u00f6sser mit Lego und viele andere Dinge, die wir uns ausdenken. Dazu brauchen wir unsere Freunde. Ein gemeinsames &#8222;Tun&#8220; versch\u00f6nert unseren<span class=\"light\"> &#8230;<\/span> <\/p>\n\t\t\t\t<span class=\"btn-read-more\" aria-hidden=\"true\"><i class=\"fa fa-chevron-right\" aria-hidden=\"true\"><\/i> mehr lesen&#8230;<\/span>\n\t\t\t<\/div>\n\t\t<\/a>\n\n\t\t\n\t\t<a href=\"https:\/\/www.stachristiana.at\/tagesinternat-wiener-neustadt\/news\/ostern-naehert-sich-mit-grossen-schritten.html\" class=\"article-list-item focus-light\">\n\t\t\t<h3 class=\"list-item-title\">Ostern n\u00e4hert sich mit gro\u00dfen Schritten<\/h3>\n\t\t\t\t\t\t<div class=\"list-item-text\">\n\t\t\t\t<p>Am haus\u00fcbungsfreien Tag haben die Kinder der 4b&amp;4c dem Osterhasen bei den Vorbereitungen f\u00fcr Ostern geholfen. Sie haben gemeinsam bunte und glitzernde Osternester gestaltet.<\/p>\n\t\t\t\t<span class=\"btn-read-more\" aria-hidden=\"true\"><i class=\"fa fa-chevron-right\" aria-hidden=\"true\"><\/i> mehr lesen&#8230;<\/span>\n\t\t\t<\/div>\n\t\t<\/a>\n\n\t\t\n\t\t<a href=\"https:\/\/www.stachristiana.at\/tagesinternat-wiener-neustadt\/news\/fantasiereise.html\" class=\"article-list-item focus-light\">\n\t\t\t<h3 class=\"list-item-title\">Fantasiereise<\/h3>\n\t\t\t\t\t\t<div class=\"list-item-text\">\n\t\t\t\t<p>Die Kinder der 3b&amp;3c h\u00f6rten und staunten \u00fcber die Zack Bumm Flugshow! Neben liebevolle Illustrationen entspannten die Kinder und lauschten interessiert zu.<\/p>\n\t\t\t\t<span class=\"btn-read-more\" aria-hidden=\"true\"><i class=\"fa fa-chevron-right\" aria-hidden=\"true\"><\/i> mehr lesen&#8230;<\/span>\n\t\t\t<\/div>\n\t\t<\/a>\n\n\t<\/div>\n\n\n\n<p><\/p>\n","protected":false},"excerpt":{"rendered":"<p>News<\/p>\n","protected":false},"author":1,"featured_media":0,"parent":0,"menu_order":400,"comment_status":"closed","ping_status":"closed","template":"","meta":{"footnotes":""},"class_list":["post-142","page","type-page","status-publish","hentry"],"acf":[],"yoast_head":"<!-- This site is optimized with the Yoast SEO plugin v26.8 - https:\/\/yoast.com\/product\/yoast-seo-wordpress\/ -->\n<title>Was wir tun - Tagesinternat Wr. Neustadt<\/title>\n<meta name=\"robots\" content=\"index, follow, max-snippet:-1, max-image-preview:large, max-video-preview:-1\" \/>\n<link rel=\"canonical\" href=\"https:\/\/www.stachristiana.at\/tagesinternat-wiener-neustadt\/was-wir-tun\" \/>\n<meta property=\"og:locale\" content=\"de_DE\" \/>\n<meta property=\"og:type\" content=\"article\" \/>\n<meta property=\"og:title\" content=\"Was wir tun - Tagesinternat Wr. Neustadt\" \/>\n<meta property=\"og:description\" content=\"News\" \/>\n<meta property=\"og:url\" content=\"https:\/\/www.stachristiana.at\/tagesinternat-wiener-neustadt\/was-wir-tun\" \/>\n<meta property=\"og:site_name\" content=\"Tagesinternat Wr. Neustadt\" \/>\n<meta property=\"article:modified_time\" content=\"2024-10-10T10:28:11+00:00\" \/>\n<meta property=\"og:image\" content=\"https:\/\/www.stachristiana.at\/app\/uploads\/sites\/12\/2022\/05\/logo-sta-christiana.png\" \/>\n\t<meta property=\"og:image:width\" content=\"1200\" \/>\n\t<meta property=\"og:image:height\" content=\"491\" \/>\n\t<meta property=\"og:image:type\" content=\"image\/png\" \/>\n<meta name=\"twitter:card\" content=\"summary_large_image\" \/>\n<meta name=\"twitter:label1\" content=\"Gesch\u00e4tzte Lesezeit\" \/>\n\t<meta name=\"twitter:data1\" content=\"1\u00a0Minute\" \/>\n<script type=\"application\/ld+json\" class=\"yoast-schema-graph\">{\"@context\":\"https:\/\/schema.org\",\"@graph\":[{\"@type\":\"WebPage\",\"@id\":\"https:\/\/www.stachristiana.at\/tagesinternat-wiener-neustadt\/was-wir-tun\",\"url\":\"https:\/\/www.stachristiana.at\/tagesinternat-wiener-neustadt\/was-wir-tun\",\"name\":\"Was wir tun - Tagesinternat Wr. Neustadt\",\"isPartOf\":{\"@id\":\"https:\/\/www.stachristiana.at\/tagesinternat-wiener-neustadt\/#website\"},\"datePublished\":\"2022-05-10T14:01:12+00:00\",\"dateModified\":\"2024-10-10T10:28:11+00:00\",\"breadcrumb\":{\"@id\":\"https:\/\/www.stachristiana.at\/tagesinternat-wiener-neustadt\/was-wir-tun#breadcrumb\"},\"inLanguage\":\"de\",\"potentialAction\":[{\"@type\":\"ReadAction\",\"target\":[\"https:\/\/www.stachristiana.at\/tagesinternat-wiener-neustadt\/was-wir-tun\"]}]},{\"@type\":\"BreadcrumbList\",\"@id\":\"https:\/\/www.stachristiana.at\/tagesinternat-wiener-neustadt\/was-wir-tun#breadcrumb\",\"itemListElement\":[{\"@type\":\"ListItem\",\"position\":1,\"name\":\"Start\",\"item\":\"https:\/\/www.stachristiana.at\/\"},{\"@type\":\"ListItem\",\"position\":2,\"name\":\"Was wir tun\"}]},{\"@type\":\"WebSite\",\"@id\":\"https:\/\/www.stachristiana.at\/tagesinternat-wiener-neustadt\/#website\",\"url\":\"https:\/\/www.stachristiana.at\/tagesinternat-wiener-neustadt\/\",\"name\":\"Sta. Christiana - Tagesinternat Wr. Neustadt\",\"description\":\"Sta. Christiana - Schulen zum Leben\",\"publisher\":{\"@id\":\"https:\/\/www.stachristiana.at\/tagesinternat-wiener-neustadt\/#organization\"},\"alternateName\":\"Tagesinternat Wr. Neustadt\",\"potentialAction\":[{\"@type\":\"SearchAction\",\"target\":{\"@type\":\"EntryPoint\",\"urlTemplate\":\"https:\/\/www.stachristiana.at\/tagesinternat-wiener-neustadt\/?s={search_term_string}\"},\"query-input\":{\"@type\":\"PropertyValueSpecification\",\"valueRequired\":true,\"valueName\":\"search_term_string\"}}],\"inLanguage\":\"de\"},{\"@type\":\"Organization\",\"@id\":\"https:\/\/www.stachristiana.at\/tagesinternat-wiener-neustadt\/#organization\",\"name\":\"Sta. Christiana - Tagesinternat Wr. Neustadt\",\"alternateName\":\"Tagesinternat Wiener Neustadt\",\"url\":\"https:\/\/www.stachristiana.at\/tagesinternat-wiener-neustadt\/\",\"logo\":{\"@type\":\"ImageObject\",\"inLanguage\":\"de\",\"@id\":\"https:\/\/www.stachristiana.at\/tagesinternat-wiener-neustadt\/#\/schema\/logo\/image\/\",\"url\":\"https:\/\/www.stachristiana.at\/app\/uploads\/sites\/12\/2022\/05\/logo-sta-christiana.png\",\"contentUrl\":\"https:\/\/www.stachristiana.at\/app\/uploads\/sites\/12\/2022\/05\/logo-sta-christiana.png\",\"width\":1200,\"height\":491,\"caption\":\"Sta. Christiana - Tagesinternat Wr. Neustadt\"},\"image\":{\"@id\":\"https:\/\/www.stachristiana.at\/tagesinternat-wiener-neustadt\/#\/schema\/logo\/image\/\"}}]}<\/script>\n<!-- \/ Yoast SEO plugin. -->","yoast_head_json":{"title":"Was wir tun - Tagesinternat Wr. Neustadt","robots":{"index":"index","follow":"follow","max-snippet":"max-snippet:-1","max-image-preview":"max-image-preview:large","max-video-preview":"max-video-preview:-1"},"canonical":"https:\/\/www.stachristiana.at\/tagesinternat-wiener-neustadt\/was-wir-tun","og_locale":"de_DE","og_type":"article","og_title":"Was wir tun - Tagesinternat Wr. Neustadt","og_description":"News","og_url":"https:\/\/www.stachristiana.at\/tagesinternat-wiener-neustadt\/was-wir-tun","og_site_name":"Tagesinternat Wr. Neustadt","article_modified_time":"2024-10-10T10:28:11+00:00","og_image":[{"width":1200,"height":491,"url":"https:\/\/www.stachristiana.at\/app\/uploads\/sites\/12\/2022\/05\/logo-sta-christiana.png","type":"image\/png"}],"twitter_card":"summary_large_image","twitter_misc":{"Gesch\u00e4tzte Lesezeit":"1\u00a0Minute"},"schema":{"@context":"https:\/\/schema.org","@graph":[{"@type":"WebPage","@id":"https:\/\/www.stachristiana.at\/tagesinternat-wiener-neustadt\/was-wir-tun","url":"https:\/\/www.stachristiana.at\/tagesinternat-wiener-neustadt\/was-wir-tun","name":"Was wir tun - Tagesinternat Wr. Neustadt","isPartOf":{"@id":"https:\/\/www.stachristiana.at\/tagesinternat-wiener-neustadt\/#website"},"datePublished":"2022-05-10T14:01:12+00:00","dateModified":"2024-10-10T10:28:11+00:00","breadcrumb":{"@id":"https:\/\/www.stachristiana.at\/tagesinternat-wiener-neustadt\/was-wir-tun#breadcrumb"},"inLanguage":"de","potentialAction":[{"@type":"ReadAction","target":["https:\/\/www.stachristiana.at\/tagesinternat-wiener-neustadt\/was-wir-tun"]}]},{"@type":"BreadcrumbList","@id":"https:\/\/www.stachristiana.at\/tagesinternat-wiener-neustadt\/was-wir-tun#breadcrumb","itemListElement":[{"@type":"ListItem","position":1,"name":"Start","item":"https:\/\/www.stachristiana.at\/"},{"@type":"ListItem","position":2,"name":"Was wir tun"}]},{"@type":"WebSite","@id":"https:\/\/www.stachristiana.at\/tagesinternat-wiener-neustadt\/#website","url":"https:\/\/www.stachristiana.at\/tagesinternat-wiener-neustadt\/","name":"Sta. Christiana - Tagesinternat Wr. Neustadt","description":"Sta. Christiana - Schulen zum Leben","publisher":{"@id":"https:\/\/www.stachristiana.at\/tagesinternat-wiener-neustadt\/#organization"},"alternateName":"Tagesinternat Wr. Neustadt","potentialAction":[{"@type":"SearchAction","target":{"@type":"EntryPoint","urlTemplate":"https:\/\/www.stachristiana.at\/tagesinternat-wiener-neustadt\/?s={search_term_string}"},"query-input":{"@type":"PropertyValueSpecification","valueRequired":true,"valueName":"search_term_string"}}],"inLanguage":"de"},{"@type":"Organization","@id":"https:\/\/www.stachristiana.at\/tagesinternat-wiener-neustadt\/#organization","name":"Sta. Christiana - Tagesinternat Wr. Neustadt","alternateName":"Tagesinternat Wiener Neustadt","url":"https:\/\/www.stachristiana.at\/tagesinternat-wiener-neustadt\/","logo":{"@type":"ImageObject","inLanguage":"de","@id":"https:\/\/www.stachristiana.at\/tagesinternat-wiener-neustadt\/#\/schema\/logo\/image\/","url":"https:\/\/www.stachristiana.at\/app\/uploads\/sites\/12\/2022\/05\/logo-sta-christiana.png","contentUrl":"https:\/\/www.stachristiana.at\/app\/uploads\/sites\/12\/2022\/05\/logo-sta-christiana.png","width":1200,"height":491,"caption":"Sta. Christiana - Tagesinternat Wr. Neustadt"},"image":{"@id":"https:\/\/www.stachristiana.at\/tagesinternat-wiener-neustadt\/#\/schema\/logo\/image\/"}}]}},"_links":{"self":[{"href":"https:\/\/www.stachristiana.at\/tagesinternat-wiener-neustadt\/wp-json\/wp\/v2\/pages\/142","targetHints":{"allow":["GET"]}}],"collection":[{"href":"https:\/\/www.stachristiana.at\/tagesinternat-wiener-neustadt\/wp-json\/wp\/v2\/pages"}],"about":[{"href":"https:\/\/www.stachristiana.at\/tagesinternat-wiener-neustadt\/wp-json\/wp\/v2\/types\/page"}],"author":[{"embeddable":true,"href":"https:\/\/www.stachristiana.at\/tagesinternat-wiener-neustadt\/wp-json\/wp\/v2\/users\/1"}],"replies":[{"embeddable":true,"href":"https:\/\/www.stachristiana.at\/tagesinternat-wiener-neustadt\/wp-json\/wp\/v2\/comments?post=142"}],"version-history":[{"count":19,"href":"https:\/\/www.stachristiana.at\/tagesinternat-wiener-neustadt\/wp-json\/wp\/v2\/pages\/142\/revisions"}],"predecessor-version":[{"id":844,"href":"https:\/\/www.stachristiana.at\/tagesinternat-wiener-neustadt\/wp-json\/wp\/v2\/pages\/142\/revisions\/844"}],"wp:attachment":[{"href":"https:\/\/www.stachristiana.at\/tagesinternat-wiener-neustadt\/wp-json\/wp\/v2\/media?parent=142"}],"curies":[{"name":"wp","href":"https:\/\/api.w.org\/{rel}","templated":true}]}}