{"id":70,"date":"2022-05-02T16:21:26","date_gmt":"2022-05-02T14:21:26","guid":{"rendered":"https:\/\/devmultisite.superfesch.at\/hlw-rodaun\/?page_id=70"},"modified":"2025-05-13T15:13:45","modified_gmt":"2025-05-13T13:13:45","slug":"wofuer-wir-stehen","status":"publish","type":"page","link":"https:\/\/www.stachristiana.at\/praxishort-frohsdorf\/wofuer-wir-stehen","title":{"rendered":"Wof\u00fcr wir stehen"},"content":{"rendered":"\n<p>Die Nachmittagsbetreuung der Voklksschule bietet eine p\u00e4dagogische, individuelle Betreuung Ihres Kindes. Aufgrund gut ausgebildeter P\u00e4dagoginnen ist es uns m\u00f6glich, neue p\u00e4dagogische Konzepte umzusetzen, Ihre Kinder bed\u00fcrfnisorientiert zu unterst\u00fctzen und aufgrund von Beobachtungen entsprechende Angebote zu setzen.<\/p>\n\n\n\n<p>Durch die Kooperation mit der BAfEP erm\u00f6glicht es, Sch\u00fcler und Sch\u00fclerinnen erste Erfahrungen im Hort zu sammeln, unterschiedliche Angebote zu gestalten und mit Ihrem Kind in Kontakt zu treten. <\/p>\n\n\n\n<p>In den Lernstunden werden Ihre Kinder von Volksschullehrerinnen unterst\u00fctzt und von jeweils einer Hortp\u00e4dagogin begleitet. Es wird dadurch f\u00fcr die Kinder ein individuellen Lernrahmen geschaffen, in dem es m\u00f6glich ist, St\u00e4rken und Schw\u00e4chen Ihres Kindes zu erkennen!<\/p>\n\n\n\n<p>Den Alltag mit Ihren Kindern zu erleben, ist eine wertvolle Aufgabe und wir freuen uns, Ihr Kind zu selbst- und verantwortungsbewussten Menschen heranreifen zu sehen.<\/p>\n\n\n\n<p>Ebenso ist uns die Zusammenarbeit mit den Eltern bzw. Erziehungsberechtigten f\u00fcr eine positive Lebensgestaltung der Kinder und Jugendlichen ein besonderes Anliegen.<\/p>\n","protected":false},"excerpt":{"rendered":"<p>Die Nachmittagsbetreuung der Voklksschule bietet eine p\u00e4dagogische, individuelle Betreuung Ihres Kindes. Aufgrund gut ausgebildeter P\u00e4dagoginnen ist es uns m\u00f6glich, neue p\u00e4dagogische Konzepte umzusetzen, Ihre Kinder bed\u00fcrfnisorientiert zu unterst\u00fctzen und aufgrund von Beobachtungen entsprechende Angebote zu setzen. Durch die Kooperation mit der BAfEP erm\u00f6glicht es, Sch\u00fcler und Sch\u00fclerinnen erste Erfahrungen im Hort zu sammeln, unterschiedliche Angebote [&hellip;]<\/p>\n","protected":false},"author":1,"featured_media":0,"parent":0,"menu_order":100,"comment_status":"closed","ping_status":"closed","template":"","meta":{"footnotes":""},"class_list":["post-70","page","type-page","status-publish","hentry"],"acf":[],"yoast_head":"<!-- This site is optimized with the Yoast SEO plugin v26.8 - https:\/\/yoast.com\/product\/yoast-seo-wordpress\/ -->\n<title>Wof\u00fcr wir stehen - Praxishort Frohsdorf<\/title>\n<meta name=\"robots\" content=\"index, follow, max-snippet:-1, max-image-preview:large, max-video-preview:-1\" \/>\n<link rel=\"canonical\" href=\"https:\/\/www.stachristiana.at\/praxishort-frohsdorf\/wofuer-wir-stehen\" \/>\n<meta property=\"og:locale\" content=\"de_DE\" \/>\n<meta property=\"og:type\" content=\"article\" \/>\n<meta property=\"og:title\" content=\"Wof\u00fcr wir stehen - Praxishort Frohsdorf\" \/>\n<meta property=\"og:description\" content=\"Die Nachmittagsbetreuung der Voklksschule bietet eine p\u00e4dagogische, individuelle Betreuung Ihres Kindes. Aufgrund gut ausgebildeter P\u00e4dagoginnen ist es uns m\u00f6glich, neue p\u00e4dagogische Konzepte umzusetzen, Ihre Kinder bed\u00fcrfnisorientiert zu unterst\u00fctzen und aufgrund von Beobachtungen entsprechende Angebote zu setzen. Durch die Kooperation mit der BAfEP erm\u00f6glicht es, Sch\u00fcler und Sch\u00fclerinnen erste Erfahrungen im Hort zu sammeln, unterschiedliche Angebote [&hellip;]\" \/>\n<meta property=\"og:url\" content=\"https:\/\/www.stachristiana.at\/praxishort-frohsdorf\/wofuer-wir-stehen\" \/>\n<meta property=\"og:site_name\" content=\"Praxishort Frohsdorf\" \/>\n<meta property=\"article:modified_time\" content=\"2025-05-13T13:13:45+00:00\" \/>\n<meta property=\"og:image\" content=\"https:\/\/www.stachristiana.at\/app\/uploads\/sites\/16\/2022\/05\/logo-sta-christiana.png\" \/>\n\t<meta property=\"og:image:width\" content=\"1200\" \/>\n\t<meta property=\"og:image:height\" content=\"491\" \/>\n\t<meta property=\"og:image:type\" content=\"image\/png\" \/>\n<meta name=\"twitter:card\" content=\"summary_large_image\" \/>\n<meta name=\"twitter:label1\" content=\"Gesch\u00e4tzte Lesezeit\" \/>\n\t<meta name=\"twitter:data1\" content=\"1\u00a0Minute\" \/>\n<script type=\"application\/ld+json\" class=\"yoast-schema-graph\">{\"@context\":\"https:\/\/schema.org\",\"@graph\":[{\"@type\":\"WebPage\",\"@id\":\"https:\/\/www.stachristiana.at\/praxishort-frohsdorf\/wofuer-wir-stehen\",\"url\":\"https:\/\/www.stachristiana.at\/praxishort-frohsdorf\/wofuer-wir-stehen\",\"name\":\"Wof\u00fcr wir stehen - Praxishort Frohsdorf\",\"isPartOf\":{\"@id\":\"https:\/\/www.stachristiana.at\/praxishort-frohsdorf\/#website\"},\"datePublished\":\"2022-05-02T14:21:26+00:00\",\"dateModified\":\"2025-05-13T13:13:45+00:00\",\"breadcrumb\":{\"@id\":\"https:\/\/www.stachristiana.at\/praxishort-frohsdorf\/wofuer-wir-stehen#breadcrumb\"},\"inLanguage\":\"de\",\"potentialAction\":[{\"@type\":\"ReadAction\",\"target\":[\"https:\/\/www.stachristiana.at\/praxishort-frohsdorf\/wofuer-wir-stehen\"]}]},{\"@type\":\"BreadcrumbList\",\"@id\":\"https:\/\/www.stachristiana.at\/praxishort-frohsdorf\/wofuer-wir-stehen#breadcrumb\",\"itemListElement\":[{\"@type\":\"ListItem\",\"position\":1,\"name\":\"Start\",\"item\":\"https:\/\/www.stachristiana.at\/\"},{\"@type\":\"ListItem\",\"position\":2,\"name\":\"Wof\u00fcr wir stehen\"}]},{\"@type\":\"WebSite\",\"@id\":\"https:\/\/www.stachristiana.at\/praxishort-frohsdorf\/#website\",\"url\":\"https:\/\/www.stachristiana.at\/praxishort-frohsdorf\/\",\"name\":\"Sta. Christiana - Praxishort Frohsdorf\",\"description\":\"Sta. Christiana - Schulen zum Leben\",\"publisher\":{\"@id\":\"https:\/\/www.stachristiana.at\/praxishort-frohsdorf\/#organization\"},\"alternateName\":\"Praxishort Frohsdorf\",\"potentialAction\":[{\"@type\":\"SearchAction\",\"target\":{\"@type\":\"EntryPoint\",\"urlTemplate\":\"https:\/\/www.stachristiana.at\/praxishort-frohsdorf\/?s={search_term_string}\"},\"query-input\":{\"@type\":\"PropertyValueSpecification\",\"valueRequired\":true,\"valueName\":\"search_term_string\"}}],\"inLanguage\":\"de\"},{\"@type\":\"Organization\",\"@id\":\"https:\/\/www.stachristiana.at\/praxishort-frohsdorf\/#organization\",\"name\":\"Sta. Christiana - Praxishort Frohsdorf\",\"alternateName\":\"Praxishort Frohsdorf\",\"url\":\"https:\/\/www.stachristiana.at\/praxishort-frohsdorf\/\",\"logo\":{\"@type\":\"ImageObject\",\"inLanguage\":\"de\",\"@id\":\"https:\/\/www.stachristiana.at\/praxishort-frohsdorf\/#\/schema\/logo\/image\/\",\"url\":\"https:\/\/www.stachristiana.at\/app\/uploads\/sites\/16\/2022\/05\/logo-sta-christiana.png\",\"contentUrl\":\"https:\/\/www.stachristiana.at\/app\/uploads\/sites\/16\/2022\/05\/logo-sta-christiana.png\",\"width\":1200,\"height\":491,\"caption\":\"Sta. Christiana - Praxishort Frohsdorf\"},\"image\":{\"@id\":\"https:\/\/www.stachristiana.at\/praxishort-frohsdorf\/#\/schema\/logo\/image\/\"}}]}<\/script>\n<!-- \/ Yoast SEO plugin. -->","yoast_head_json":{"title":"Wof\u00fcr wir stehen - Praxishort Frohsdorf","robots":{"index":"index","follow":"follow","max-snippet":"max-snippet:-1","max-image-preview":"max-image-preview:large","max-video-preview":"max-video-preview:-1"},"canonical":"https:\/\/www.stachristiana.at\/praxishort-frohsdorf\/wofuer-wir-stehen","og_locale":"de_DE","og_type":"article","og_title":"Wof\u00fcr wir stehen - Praxishort Frohsdorf","og_description":"Die Nachmittagsbetreuung der Voklksschule bietet eine p\u00e4dagogische, individuelle Betreuung Ihres Kindes. Aufgrund gut ausgebildeter P\u00e4dagoginnen ist es uns m\u00f6glich, neue p\u00e4dagogische Konzepte umzusetzen, Ihre Kinder bed\u00fcrfnisorientiert zu unterst\u00fctzen und aufgrund von Beobachtungen entsprechende Angebote zu setzen. Durch die Kooperation mit der BAfEP erm\u00f6glicht es, Sch\u00fcler und Sch\u00fclerinnen erste Erfahrungen im Hort zu sammeln, unterschiedliche Angebote [&hellip;]","og_url":"https:\/\/www.stachristiana.at\/praxishort-frohsdorf\/wofuer-wir-stehen","og_site_name":"Praxishort Frohsdorf","article_modified_time":"2025-05-13T13:13:45+00:00","og_image":[{"width":1200,"height":491,"url":"https:\/\/www.stachristiana.at\/app\/uploads\/sites\/16\/2022\/05\/logo-sta-christiana.png","type":"image\/png"}],"twitter_card":"summary_large_image","twitter_misc":{"Gesch\u00e4tzte Lesezeit":"1\u00a0Minute"},"schema":{"@context":"https:\/\/schema.org","@graph":[{"@type":"WebPage","@id":"https:\/\/www.stachristiana.at\/praxishort-frohsdorf\/wofuer-wir-stehen","url":"https:\/\/www.stachristiana.at\/praxishort-frohsdorf\/wofuer-wir-stehen","name":"Wof\u00fcr wir stehen - Praxishort Frohsdorf","isPartOf":{"@id":"https:\/\/www.stachristiana.at\/praxishort-frohsdorf\/#website"},"datePublished":"2022-05-02T14:21:26+00:00","dateModified":"2025-05-13T13:13:45+00:00","breadcrumb":{"@id":"https:\/\/www.stachristiana.at\/praxishort-frohsdorf\/wofuer-wir-stehen#breadcrumb"},"inLanguage":"de","potentialAction":[{"@type":"ReadAction","target":["https:\/\/www.stachristiana.at\/praxishort-frohsdorf\/wofuer-wir-stehen"]}]},{"@type":"BreadcrumbList","@id":"https:\/\/www.stachristiana.at\/praxishort-frohsdorf\/wofuer-wir-stehen#breadcrumb","itemListElement":[{"@type":"ListItem","position":1,"name":"Start","item":"https:\/\/www.stachristiana.at\/"},{"@type":"ListItem","position":2,"name":"Wof\u00fcr wir stehen"}]},{"@type":"WebSite","@id":"https:\/\/www.stachristiana.at\/praxishort-frohsdorf\/#website","url":"https:\/\/www.stachristiana.at\/praxishort-frohsdorf\/","name":"Sta. Christiana - Praxishort Frohsdorf","description":"Sta. Christiana - Schulen zum Leben","publisher":{"@id":"https:\/\/www.stachristiana.at\/praxishort-frohsdorf\/#organization"},"alternateName":"Praxishort Frohsdorf","potentialAction":[{"@type":"SearchAction","target":{"@type":"EntryPoint","urlTemplate":"https:\/\/www.stachristiana.at\/praxishort-frohsdorf\/?s={search_term_string}"},"query-input":{"@type":"PropertyValueSpecification","valueRequired":true,"valueName":"search_term_string"}}],"inLanguage":"de"},{"@type":"Organization","@id":"https:\/\/www.stachristiana.at\/praxishort-frohsdorf\/#organization","name":"Sta. Christiana - Praxishort Frohsdorf","alternateName":"Praxishort Frohsdorf","url":"https:\/\/www.stachristiana.at\/praxishort-frohsdorf\/","logo":{"@type":"ImageObject","inLanguage":"de","@id":"https:\/\/www.stachristiana.at\/praxishort-frohsdorf\/#\/schema\/logo\/image\/","url":"https:\/\/www.stachristiana.at\/app\/uploads\/sites\/16\/2022\/05\/logo-sta-christiana.png","contentUrl":"https:\/\/www.stachristiana.at\/app\/uploads\/sites\/16\/2022\/05\/logo-sta-christiana.png","width":1200,"height":491,"caption":"Sta. Christiana - Praxishort Frohsdorf"},"image":{"@id":"https:\/\/www.stachristiana.at\/praxishort-frohsdorf\/#\/schema\/logo\/image\/"}}]}},"_links":{"self":[{"href":"https:\/\/www.stachristiana.at\/praxishort-frohsdorf\/wp-json\/wp\/v2\/pages\/70","targetHints":{"allow":["GET"]}}],"collection":[{"href":"https:\/\/www.stachristiana.at\/praxishort-frohsdorf\/wp-json\/wp\/v2\/pages"}],"about":[{"href":"https:\/\/www.stachristiana.at\/praxishort-frohsdorf\/wp-json\/wp\/v2\/types\/page"}],"author":[{"embeddable":true,"href":"https:\/\/www.stachristiana.at\/praxishort-frohsdorf\/wp-json\/wp\/v2\/users\/1"}],"replies":[{"embeddable":true,"href":"https:\/\/www.stachristiana.at\/praxishort-frohsdorf\/wp-json\/wp\/v2\/comments?post=70"}],"version-history":[{"count":5,"href":"https:\/\/www.stachristiana.at\/praxishort-frohsdorf\/wp-json\/wp\/v2\/pages\/70\/revisions"}],"predecessor-version":[{"id":680,"href":"https:\/\/www.stachristiana.at\/praxishort-frohsdorf\/wp-json\/wp\/v2\/pages\/70\/revisions\/680"}],"wp:attachment":[{"href":"https:\/\/www.stachristiana.at\/praxishort-frohsdorf\/wp-json\/wp\/v2\/media?parent=70"}],"curies":[{"name":"wp","href":"https:\/\/api.w.org\/{rel}","templated":true}]}}