{"id":607,"date":"2022-11-03T21:02:48","date_gmt":"2022-11-03T20:02:48","guid":{"rendered":"http:\/\/www.sanctachristiana.at\/praxishort-frohsdorf\/?page_id=607"},"modified":"2022-11-03T21:02:49","modified_gmt":"2022-11-03T20:02:49","slug":"lernbetreuung","status":"publish","type":"page","link":"https:\/\/www.stachristiana.at\/praxishort-frohsdorf\/was-wir-bieten\/lernbetreuung","title":{"rendered":"Lernbetreuung"},"content":{"rendered":"\n<p>Wir bieten Unterst\u00fctzung bei der Erledigung von Hausaufgaben, die unter Begleitung von P\u00e4dagoginnen und Lehrerinnen gewissenhaft ausgef\u00fchrt werden.<\/p>\n\n\n\n<p>In dieser Zeit werden die Kinder zu einem ruhigen und eigenst\u00e4ndigen Arbeiten hingef\u00fchrt. Ein besonderes Anliegen ist uns die individuelle F\u00f6rderung und Unterst\u00fctzung der Sch\u00fclerinnen und Sch\u00fcler, wobei jedes Kind gem\u00e4\u00df seinen St\u00e4rken und Schw\u00e4chen unterst\u00fctzt wird.<\/p>\n\n\n\n<p>Die Wertsch\u00e4tzung der eigenen Lernanstrengung der Sch\u00fclerinnen und Sch\u00fcler wird hierbei in den Vordergrund gestellt.<\/p>\n","protected":false},"excerpt":{"rendered":"<p>Wir bieten Unterst\u00fctzung bei der Erledigung von Hausaufgaben, die unter Begleitung von P\u00e4dagoginnen und Lehrerinnen gewissenhaft ausgef\u00fchrt werden. In dieser Zeit werden die Kinder zu einem ruhigen und eigenst\u00e4ndigen Arbeiten hingef\u00fchrt. Ein besonderes Anliegen ist uns die individuelle F\u00f6rderung und Unterst\u00fctzung der Sch\u00fclerinnen und Sch\u00fcler, wobei jedes Kind gem\u00e4\u00df seinen St\u00e4rken und Schw\u00e4chen unterst\u00fctzt wird. [&hellip;]<\/p>\n","protected":false},"author":5,"featured_media":0,"parent":144,"menu_order":0,"comment_status":"closed","ping_status":"closed","template":"","meta":{"footnotes":""},"class_list":["post-607","page","type-page","status-publish","hentry"],"acf":[],"yoast_head":"<!-- This site is optimized with the Yoast SEO plugin v26.8 - https:\/\/yoast.com\/product\/yoast-seo-wordpress\/ -->\n<title>Lernbetreuung - Praxishort Frohsdorf<\/title>\n<meta name=\"robots\" content=\"index, follow, max-snippet:-1, max-image-preview:large, max-video-preview:-1\" \/>\n<link rel=\"canonical\" href=\"http:\/\/www.sanctachristiana.at\/praxishort-frohsdorf\/was-wir-bieten\/lernbetreuung\" \/>\n<meta property=\"og:locale\" content=\"de_DE\" \/>\n<meta property=\"og:type\" content=\"article\" \/>\n<meta property=\"og:title\" content=\"Lernbetreuung - Praxishort Frohsdorf\" \/>\n<meta property=\"og:description\" content=\"Wir bieten Unterst\u00fctzung bei der Erledigung von Hausaufgaben, die unter Begleitung von P\u00e4dagoginnen und Lehrerinnen gewissenhaft ausgef\u00fchrt werden. In dieser Zeit werden die Kinder zu einem ruhigen und eigenst\u00e4ndigen Arbeiten hingef\u00fchrt. Ein besonderes Anliegen ist uns die individuelle F\u00f6rderung und Unterst\u00fctzung der Sch\u00fclerinnen und Sch\u00fcler, wobei jedes Kind gem\u00e4\u00df seinen St\u00e4rken und Schw\u00e4chen unterst\u00fctzt wird. [&hellip;]\" \/>\n<meta property=\"og:url\" content=\"http:\/\/www.sanctachristiana.at\/praxishort-frohsdorf\/was-wir-bieten\/lernbetreuung\" \/>\n<meta property=\"og:site_name\" content=\"Praxishort Frohsdorf\" \/>\n<meta property=\"article:modified_time\" content=\"2022-11-03T20:02:49+00:00\" \/>\n<meta property=\"og:image\" content=\"https:\/\/www.stachristiana.at\/app\/uploads\/sites\/16\/2022\/05\/logo-sta-christiana.png\" \/>\n\t<meta property=\"og:image:width\" content=\"1200\" \/>\n\t<meta property=\"og:image:height\" content=\"491\" \/>\n\t<meta property=\"og:image:type\" content=\"image\/png\" \/>\n<meta name=\"twitter:card\" content=\"summary_large_image\" \/>\n<meta name=\"twitter:label1\" content=\"Gesch\u00e4tzte Lesezeit\" \/>\n\t<meta name=\"twitter:data1\" content=\"1\u00a0Minute\" \/>\n<script type=\"application\/ld+json\" class=\"yoast-schema-graph\">{\"@context\":\"https:\/\/schema.org\",\"@graph\":[{\"@type\":\"WebPage\",\"@id\":\"http:\/\/www.sanctachristiana.at\/praxishort-frohsdorf\/was-wir-bieten\/lernbetreuung\",\"url\":\"http:\/\/www.sanctachristiana.at\/praxishort-frohsdorf\/was-wir-bieten\/lernbetreuung\",\"name\":\"Lernbetreuung - Praxishort Frohsdorf\",\"isPartOf\":{\"@id\":\"https:\/\/www.stachristiana.at\/praxishort-frohsdorf\/#website\"},\"datePublished\":\"2022-11-03T20:02:48+00:00\",\"dateModified\":\"2022-11-03T20:02:49+00:00\",\"breadcrumb\":{\"@id\":\"http:\/\/www.sanctachristiana.at\/praxishort-frohsdorf\/was-wir-bieten\/lernbetreuung#breadcrumb\"},\"inLanguage\":\"de\",\"potentialAction\":[{\"@type\":\"ReadAction\",\"target\":[\"http:\/\/www.sanctachristiana.at\/praxishort-frohsdorf\/was-wir-bieten\/lernbetreuung\"]}]},{\"@type\":\"BreadcrumbList\",\"@id\":\"http:\/\/www.sanctachristiana.at\/praxishort-frohsdorf\/was-wir-bieten\/lernbetreuung#breadcrumb\",\"itemListElement\":[{\"@type\":\"ListItem\",\"position\":1,\"name\":\"Start\",\"item\":\"https:\/\/www.stachristiana.at\/\"},{\"@type\":\"ListItem\",\"position\":2,\"name\":\"Was wir bieten\",\"item\":\"http:\/\/www.sanctachristiana.at\/praxishort-frohsdorf\/was-wir-bieten\"},{\"@type\":\"ListItem\",\"position\":3,\"name\":\"Lernbetreuung\"}]},{\"@type\":\"WebSite\",\"@id\":\"https:\/\/www.stachristiana.at\/praxishort-frohsdorf\/#website\",\"url\":\"https:\/\/www.stachristiana.at\/praxishort-frohsdorf\/\",\"name\":\"Sta. Christiana - Praxishort Frohsdorf\",\"description\":\"Sta. Christiana - Schulen zum Leben\",\"publisher\":{\"@id\":\"https:\/\/www.stachristiana.at\/praxishort-frohsdorf\/#organization\"},\"alternateName\":\"Praxishort Frohsdorf\",\"potentialAction\":[{\"@type\":\"SearchAction\",\"target\":{\"@type\":\"EntryPoint\",\"urlTemplate\":\"https:\/\/www.stachristiana.at\/praxishort-frohsdorf\/?s={search_term_string}\"},\"query-input\":{\"@type\":\"PropertyValueSpecification\",\"valueRequired\":true,\"valueName\":\"search_term_string\"}}],\"inLanguage\":\"de\"},{\"@type\":\"Organization\",\"@id\":\"https:\/\/www.stachristiana.at\/praxishort-frohsdorf\/#organization\",\"name\":\"Sta. Christiana - Praxishort Frohsdorf\",\"alternateName\":\"Praxishort Frohsdorf\",\"url\":\"https:\/\/www.stachristiana.at\/praxishort-frohsdorf\/\",\"logo\":{\"@type\":\"ImageObject\",\"inLanguage\":\"de\",\"@id\":\"https:\/\/www.stachristiana.at\/praxishort-frohsdorf\/#\/schema\/logo\/image\/\",\"url\":\"https:\/\/www.stachristiana.at\/app\/uploads\/sites\/16\/2022\/05\/logo-sta-christiana.png\",\"contentUrl\":\"https:\/\/www.stachristiana.at\/app\/uploads\/sites\/16\/2022\/05\/logo-sta-christiana.png\",\"width\":1200,\"height\":491,\"caption\":\"Sta. Christiana - Praxishort Frohsdorf\"},\"image\":{\"@id\":\"https:\/\/www.stachristiana.at\/praxishort-frohsdorf\/#\/schema\/logo\/image\/\"}}]}<\/script>\n<!-- \/ Yoast SEO plugin. -->","yoast_head_json":{"title":"Lernbetreuung - Praxishort Frohsdorf","robots":{"index":"index","follow":"follow","max-snippet":"max-snippet:-1","max-image-preview":"max-image-preview:large","max-video-preview":"max-video-preview:-1"},"canonical":"http:\/\/www.sanctachristiana.at\/praxishort-frohsdorf\/was-wir-bieten\/lernbetreuung","og_locale":"de_DE","og_type":"article","og_title":"Lernbetreuung - Praxishort Frohsdorf","og_description":"Wir bieten Unterst\u00fctzung bei der Erledigung von Hausaufgaben, die unter Begleitung von P\u00e4dagoginnen und Lehrerinnen gewissenhaft ausgef\u00fchrt werden. In dieser Zeit werden die Kinder zu einem ruhigen und eigenst\u00e4ndigen Arbeiten hingef\u00fchrt. Ein besonderes Anliegen ist uns die individuelle F\u00f6rderung und Unterst\u00fctzung der Sch\u00fclerinnen und Sch\u00fcler, wobei jedes Kind gem\u00e4\u00df seinen St\u00e4rken und Schw\u00e4chen unterst\u00fctzt wird. [&hellip;]","og_url":"http:\/\/www.sanctachristiana.at\/praxishort-frohsdorf\/was-wir-bieten\/lernbetreuung","og_site_name":"Praxishort Frohsdorf","article_modified_time":"2022-11-03T20:02:49+00:00","og_image":[{"width":1200,"height":491,"url":"https:\/\/www.stachristiana.at\/app\/uploads\/sites\/16\/2022\/05\/logo-sta-christiana.png","type":"image\/png"}],"twitter_card":"summary_large_image","twitter_misc":{"Gesch\u00e4tzte Lesezeit":"1\u00a0Minute"},"schema":{"@context":"https:\/\/schema.org","@graph":[{"@type":"WebPage","@id":"http:\/\/www.sanctachristiana.at\/praxishort-frohsdorf\/was-wir-bieten\/lernbetreuung","url":"http:\/\/www.sanctachristiana.at\/praxishort-frohsdorf\/was-wir-bieten\/lernbetreuung","name":"Lernbetreuung - Praxishort Frohsdorf","isPartOf":{"@id":"https:\/\/www.stachristiana.at\/praxishort-frohsdorf\/#website"},"datePublished":"2022-11-03T20:02:48+00:00","dateModified":"2022-11-03T20:02:49+00:00","breadcrumb":{"@id":"http:\/\/www.sanctachristiana.at\/praxishort-frohsdorf\/was-wir-bieten\/lernbetreuung#breadcrumb"},"inLanguage":"de","potentialAction":[{"@type":"ReadAction","target":["http:\/\/www.sanctachristiana.at\/praxishort-frohsdorf\/was-wir-bieten\/lernbetreuung"]}]},{"@type":"BreadcrumbList","@id":"http:\/\/www.sanctachristiana.at\/praxishort-frohsdorf\/was-wir-bieten\/lernbetreuung#breadcrumb","itemListElement":[{"@type":"ListItem","position":1,"name":"Start","item":"https:\/\/www.stachristiana.at\/"},{"@type":"ListItem","position":2,"name":"Was wir bieten","item":"http:\/\/www.sanctachristiana.at\/praxishort-frohsdorf\/was-wir-bieten"},{"@type":"ListItem","position":3,"name":"Lernbetreuung"}]},{"@type":"WebSite","@id":"https:\/\/www.stachristiana.at\/praxishort-frohsdorf\/#website","url":"https:\/\/www.stachristiana.at\/praxishort-frohsdorf\/","name":"Sta. Christiana - Praxishort Frohsdorf","description":"Sta. Christiana - Schulen zum Leben","publisher":{"@id":"https:\/\/www.stachristiana.at\/praxishort-frohsdorf\/#organization"},"alternateName":"Praxishort Frohsdorf","potentialAction":[{"@type":"SearchAction","target":{"@type":"EntryPoint","urlTemplate":"https:\/\/www.stachristiana.at\/praxishort-frohsdorf\/?s={search_term_string}"},"query-input":{"@type":"PropertyValueSpecification","valueRequired":true,"valueName":"search_term_string"}}],"inLanguage":"de"},{"@type":"Organization","@id":"https:\/\/www.stachristiana.at\/praxishort-frohsdorf\/#organization","name":"Sta. Christiana - Praxishort Frohsdorf","alternateName":"Praxishort Frohsdorf","url":"https:\/\/www.stachristiana.at\/praxishort-frohsdorf\/","logo":{"@type":"ImageObject","inLanguage":"de","@id":"https:\/\/www.stachristiana.at\/praxishort-frohsdorf\/#\/schema\/logo\/image\/","url":"https:\/\/www.stachristiana.at\/app\/uploads\/sites\/16\/2022\/05\/logo-sta-christiana.png","contentUrl":"https:\/\/www.stachristiana.at\/app\/uploads\/sites\/16\/2022\/05\/logo-sta-christiana.png","width":1200,"height":491,"caption":"Sta. Christiana - Praxishort Frohsdorf"},"image":{"@id":"https:\/\/www.stachristiana.at\/praxishort-frohsdorf\/#\/schema\/logo\/image\/"}}]}},"_links":{"self":[{"href":"https:\/\/www.stachristiana.at\/praxishort-frohsdorf\/wp-json\/wp\/v2\/pages\/607","targetHints":{"allow":["GET"]}}],"collection":[{"href":"https:\/\/www.stachristiana.at\/praxishort-frohsdorf\/wp-json\/wp\/v2\/pages"}],"about":[{"href":"https:\/\/www.stachristiana.at\/praxishort-frohsdorf\/wp-json\/wp\/v2\/types\/page"}],"author":[{"embeddable":true,"href":"https:\/\/www.stachristiana.at\/praxishort-frohsdorf\/wp-json\/wp\/v2\/users\/5"}],"replies":[{"embeddable":true,"href":"https:\/\/www.stachristiana.at\/praxishort-frohsdorf\/wp-json\/wp\/v2\/comments?post=607"}],"version-history":[{"count":1,"href":"https:\/\/www.stachristiana.at\/praxishort-frohsdorf\/wp-json\/wp\/v2\/pages\/607\/revisions"}],"predecessor-version":[{"id":608,"href":"https:\/\/www.stachristiana.at\/praxishort-frohsdorf\/wp-json\/wp\/v2\/pages\/607\/revisions\/608"}],"up":[{"embeddable":true,"href":"https:\/\/www.stachristiana.at\/praxishort-frohsdorf\/wp-json\/wp\/v2\/pages\/144"}],"wp:attachment":[{"href":"https:\/\/www.stachristiana.at\/praxishort-frohsdorf\/wp-json\/wp\/v2\/media?parent=607"}],"curies":[{"name":"wp","href":"https:\/\/api.w.org\/{rel}","templated":true}]}}