{"id":605,"date":"2022-11-03T21:01:59","date_gmt":"2022-11-03T20:01:59","guid":{"rendered":"http:\/\/www.sanctachristiana.at\/praxishort-frohsdorf\/?page_id=605"},"modified":"2022-11-03T21:01:59","modified_gmt":"2022-11-03T20:01:59","slug":"oeffnungszeiten","status":"publish","type":"page","link":"https:\/\/www.stachristiana.at\/praxishort-frohsdorf\/was-wir-bieten\/oeffnungszeiten","title":{"rendered":"\u00d6ffnungszeiten"},"content":{"rendered":"\n<p>Die Nachmittagsbetreuung beginnt nach Beendigung des Unterrichts. Diese richtet sich nach dem entsprechenden Stundenplan der Klassen.<\/p>\n\n\n\n<p>Das\u00a0<strong>Tagesinternat kann vom Unterrichtende des Kindes bis maximal 17:00 Uhr<\/strong>\u00a0gen\u00fctzt werden.<\/p>\n\n\n\n<p>Sie k\u00f6nnen Ihr Kind individuell am Schulanfang nach den vorhandenen Betreuungspauschalen anmelden.<\/p>\n\n\n\n<p>Kurzfristige \u00c4nderungen der Betreuung sind bitte nur in Notf\u00e4llen ausnahmsweise telefonisch oder schriftlich m\u00f6glich.<\/p>\n\n\n\n<p>Ferienzeiten:\u00a0Schulautonome Tage und Ferien richten sich nach der VS und NMS.<br>Zus\u00e4tzlich bieten wir nach einer entsprechenden Erhebung, Betreuung in den Semester- und Sommerferien an.<\/p>\n","protected":false},"excerpt":{"rendered":"<p>Die Nachmittagsbetreuung beginnt nach Beendigung des Unterrichts. Diese richtet sich nach dem entsprechenden Stundenplan der Klassen. Das\u00a0Tagesinternat kann vom Unterrichtende des Kindes bis maximal 17:00 Uhr\u00a0gen\u00fctzt werden. Sie k\u00f6nnen Ihr Kind individuell am Schulanfang nach den vorhandenen Betreuungspauschalen anmelden. Kurzfristige \u00c4nderungen der Betreuung sind bitte nur in Notf\u00e4llen ausnahmsweise telefonisch oder schriftlich m\u00f6glich. Ferienzeiten:\u00a0Schulautonome Tage [&hellip;]<\/p>\n","protected":false},"author":5,"featured_media":0,"parent":144,"menu_order":0,"comment_status":"closed","ping_status":"closed","template":"","meta":{"footnotes":""},"class_list":["post-605","page","type-page","status-publish","hentry"],"acf":[],"yoast_head":"<!-- This site is optimized with the Yoast SEO plugin v26.8 - https:\/\/yoast.com\/product\/yoast-seo-wordpress\/ -->\n<title>\u00d6ffnungszeiten - Praxishort Frohsdorf<\/title>\n<meta name=\"robots\" content=\"index, follow, max-snippet:-1, max-image-preview:large, max-video-preview:-1\" \/>\n<link rel=\"canonical\" href=\"http:\/\/www.sanctachristiana.at\/praxishort-frohsdorf\/was-wir-bieten\/oeffnungszeiten\" \/>\n<meta property=\"og:locale\" content=\"de_DE\" \/>\n<meta property=\"og:type\" content=\"article\" \/>\n<meta property=\"og:title\" content=\"\u00d6ffnungszeiten - Praxishort Frohsdorf\" \/>\n<meta property=\"og:description\" content=\"Die Nachmittagsbetreuung beginnt nach Beendigung des Unterrichts. Diese richtet sich nach dem entsprechenden Stundenplan der Klassen. Das\u00a0Tagesinternat kann vom Unterrichtende des Kindes bis maximal 17:00 Uhr\u00a0gen\u00fctzt werden. Sie k\u00f6nnen Ihr Kind individuell am Schulanfang nach den vorhandenen Betreuungspauschalen anmelden. Kurzfristige \u00c4nderungen der Betreuung sind bitte nur in Notf\u00e4llen ausnahmsweise telefonisch oder schriftlich m\u00f6glich. Ferienzeiten:\u00a0Schulautonome Tage [&hellip;]\" \/>\n<meta property=\"og:url\" content=\"http:\/\/www.sanctachristiana.at\/praxishort-frohsdorf\/was-wir-bieten\/oeffnungszeiten\" \/>\n<meta property=\"og:site_name\" content=\"Praxishort Frohsdorf\" \/>\n<meta property=\"og:image\" content=\"https:\/\/www.stachristiana.at\/app\/uploads\/sites\/16\/2022\/05\/logo-sta-christiana.png\" \/>\n\t<meta property=\"og:image:width\" content=\"1200\" \/>\n\t<meta property=\"og:image:height\" content=\"491\" \/>\n\t<meta property=\"og:image:type\" content=\"image\/png\" \/>\n<meta name=\"twitter:card\" content=\"summary_large_image\" \/>\n<meta name=\"twitter:label1\" content=\"Gesch\u00e4tzte Lesezeit\" \/>\n\t<meta name=\"twitter:data1\" content=\"1\u00a0Minute\" \/>\n<script type=\"application\/ld+json\" class=\"yoast-schema-graph\">{\"@context\":\"https:\/\/schema.org\",\"@graph\":[{\"@type\":\"WebPage\",\"@id\":\"http:\/\/www.sanctachristiana.at\/praxishort-frohsdorf\/was-wir-bieten\/oeffnungszeiten\",\"url\":\"http:\/\/www.sanctachristiana.at\/praxishort-frohsdorf\/was-wir-bieten\/oeffnungszeiten\",\"name\":\"\u00d6ffnungszeiten - Praxishort Frohsdorf\",\"isPartOf\":{\"@id\":\"https:\/\/www.stachristiana.at\/praxishort-frohsdorf\/#website\"},\"datePublished\":\"2022-11-03T20:01:59+00:00\",\"breadcrumb\":{\"@id\":\"http:\/\/www.sanctachristiana.at\/praxishort-frohsdorf\/was-wir-bieten\/oeffnungszeiten#breadcrumb\"},\"inLanguage\":\"de\",\"potentialAction\":[{\"@type\":\"ReadAction\",\"target\":[\"http:\/\/www.sanctachristiana.at\/praxishort-frohsdorf\/was-wir-bieten\/oeffnungszeiten\"]}]},{\"@type\":\"BreadcrumbList\",\"@id\":\"http:\/\/www.sanctachristiana.at\/praxishort-frohsdorf\/was-wir-bieten\/oeffnungszeiten#breadcrumb\",\"itemListElement\":[{\"@type\":\"ListItem\",\"position\":1,\"name\":\"Start\",\"item\":\"https:\/\/www.stachristiana.at\/\"},{\"@type\":\"ListItem\",\"position\":2,\"name\":\"Was wir bieten\",\"item\":\"http:\/\/www.sanctachristiana.at\/praxishort-frohsdorf\/was-wir-bieten\"},{\"@type\":\"ListItem\",\"position\":3,\"name\":\"\u00d6ffnungszeiten\"}]},{\"@type\":\"WebSite\",\"@id\":\"https:\/\/www.stachristiana.at\/praxishort-frohsdorf\/#website\",\"url\":\"https:\/\/www.stachristiana.at\/praxishort-frohsdorf\/\",\"name\":\"Sta. Christiana - Praxishort Frohsdorf\",\"description\":\"Sta. Christiana - Schulen zum Leben\",\"publisher\":{\"@id\":\"https:\/\/www.stachristiana.at\/praxishort-frohsdorf\/#organization\"},\"alternateName\":\"Praxishort Frohsdorf\",\"potentialAction\":[{\"@type\":\"SearchAction\",\"target\":{\"@type\":\"EntryPoint\",\"urlTemplate\":\"https:\/\/www.stachristiana.at\/praxishort-frohsdorf\/?s={search_term_string}\"},\"query-input\":{\"@type\":\"PropertyValueSpecification\",\"valueRequired\":true,\"valueName\":\"search_term_string\"}}],\"inLanguage\":\"de\"},{\"@type\":\"Organization\",\"@id\":\"https:\/\/www.stachristiana.at\/praxishort-frohsdorf\/#organization\",\"name\":\"Sta. Christiana - Praxishort Frohsdorf\",\"alternateName\":\"Praxishort Frohsdorf\",\"url\":\"https:\/\/www.stachristiana.at\/praxishort-frohsdorf\/\",\"logo\":{\"@type\":\"ImageObject\",\"inLanguage\":\"de\",\"@id\":\"https:\/\/www.stachristiana.at\/praxishort-frohsdorf\/#\/schema\/logo\/image\/\",\"url\":\"https:\/\/www.stachristiana.at\/app\/uploads\/sites\/16\/2022\/05\/logo-sta-christiana.png\",\"contentUrl\":\"https:\/\/www.stachristiana.at\/app\/uploads\/sites\/16\/2022\/05\/logo-sta-christiana.png\",\"width\":1200,\"height\":491,\"caption\":\"Sta. Christiana - Praxishort Frohsdorf\"},\"image\":{\"@id\":\"https:\/\/www.stachristiana.at\/praxishort-frohsdorf\/#\/schema\/logo\/image\/\"}}]}<\/script>\n<!-- \/ Yoast SEO plugin. -->","yoast_head_json":{"title":"\u00d6ffnungszeiten - Praxishort Frohsdorf","robots":{"index":"index","follow":"follow","max-snippet":"max-snippet:-1","max-image-preview":"max-image-preview:large","max-video-preview":"max-video-preview:-1"},"canonical":"http:\/\/www.sanctachristiana.at\/praxishort-frohsdorf\/was-wir-bieten\/oeffnungszeiten","og_locale":"de_DE","og_type":"article","og_title":"\u00d6ffnungszeiten - Praxishort Frohsdorf","og_description":"Die Nachmittagsbetreuung beginnt nach Beendigung des Unterrichts. Diese richtet sich nach dem entsprechenden Stundenplan der Klassen. Das\u00a0Tagesinternat kann vom Unterrichtende des Kindes bis maximal 17:00 Uhr\u00a0gen\u00fctzt werden. Sie k\u00f6nnen Ihr Kind individuell am Schulanfang nach den vorhandenen Betreuungspauschalen anmelden. Kurzfristige \u00c4nderungen der Betreuung sind bitte nur in Notf\u00e4llen ausnahmsweise telefonisch oder schriftlich m\u00f6glich. Ferienzeiten:\u00a0Schulautonome Tage [&hellip;]","og_url":"http:\/\/www.sanctachristiana.at\/praxishort-frohsdorf\/was-wir-bieten\/oeffnungszeiten","og_site_name":"Praxishort Frohsdorf","og_image":[{"width":1200,"height":491,"url":"https:\/\/www.stachristiana.at\/app\/uploads\/sites\/16\/2022\/05\/logo-sta-christiana.png","type":"image\/png"}],"twitter_card":"summary_large_image","twitter_misc":{"Gesch\u00e4tzte Lesezeit":"1\u00a0Minute"},"schema":{"@context":"https:\/\/schema.org","@graph":[{"@type":"WebPage","@id":"http:\/\/www.sanctachristiana.at\/praxishort-frohsdorf\/was-wir-bieten\/oeffnungszeiten","url":"http:\/\/www.sanctachristiana.at\/praxishort-frohsdorf\/was-wir-bieten\/oeffnungszeiten","name":"\u00d6ffnungszeiten - Praxishort Frohsdorf","isPartOf":{"@id":"https:\/\/www.stachristiana.at\/praxishort-frohsdorf\/#website"},"datePublished":"2022-11-03T20:01:59+00:00","breadcrumb":{"@id":"http:\/\/www.sanctachristiana.at\/praxishort-frohsdorf\/was-wir-bieten\/oeffnungszeiten#breadcrumb"},"inLanguage":"de","potentialAction":[{"@type":"ReadAction","target":["http:\/\/www.sanctachristiana.at\/praxishort-frohsdorf\/was-wir-bieten\/oeffnungszeiten"]}]},{"@type":"BreadcrumbList","@id":"http:\/\/www.sanctachristiana.at\/praxishort-frohsdorf\/was-wir-bieten\/oeffnungszeiten#breadcrumb","itemListElement":[{"@type":"ListItem","position":1,"name":"Start","item":"https:\/\/www.stachristiana.at\/"},{"@type":"ListItem","position":2,"name":"Was wir bieten","item":"http:\/\/www.sanctachristiana.at\/praxishort-frohsdorf\/was-wir-bieten"},{"@type":"ListItem","position":3,"name":"\u00d6ffnungszeiten"}]},{"@type":"WebSite","@id":"https:\/\/www.stachristiana.at\/praxishort-frohsdorf\/#website","url":"https:\/\/www.stachristiana.at\/praxishort-frohsdorf\/","name":"Sta. Christiana - Praxishort Frohsdorf","description":"Sta. Christiana - Schulen zum Leben","publisher":{"@id":"https:\/\/www.stachristiana.at\/praxishort-frohsdorf\/#organization"},"alternateName":"Praxishort Frohsdorf","potentialAction":[{"@type":"SearchAction","target":{"@type":"EntryPoint","urlTemplate":"https:\/\/www.stachristiana.at\/praxishort-frohsdorf\/?s={search_term_string}"},"query-input":{"@type":"PropertyValueSpecification","valueRequired":true,"valueName":"search_term_string"}}],"inLanguage":"de"},{"@type":"Organization","@id":"https:\/\/www.stachristiana.at\/praxishort-frohsdorf\/#organization","name":"Sta. Christiana - Praxishort Frohsdorf","alternateName":"Praxishort Frohsdorf","url":"https:\/\/www.stachristiana.at\/praxishort-frohsdorf\/","logo":{"@type":"ImageObject","inLanguage":"de","@id":"https:\/\/www.stachristiana.at\/praxishort-frohsdorf\/#\/schema\/logo\/image\/","url":"https:\/\/www.stachristiana.at\/app\/uploads\/sites\/16\/2022\/05\/logo-sta-christiana.png","contentUrl":"https:\/\/www.stachristiana.at\/app\/uploads\/sites\/16\/2022\/05\/logo-sta-christiana.png","width":1200,"height":491,"caption":"Sta. Christiana - Praxishort Frohsdorf"},"image":{"@id":"https:\/\/www.stachristiana.at\/praxishort-frohsdorf\/#\/schema\/logo\/image\/"}}]}},"_links":{"self":[{"href":"https:\/\/www.stachristiana.at\/praxishort-frohsdorf\/wp-json\/wp\/v2\/pages\/605","targetHints":{"allow":["GET"]}}],"collection":[{"href":"https:\/\/www.stachristiana.at\/praxishort-frohsdorf\/wp-json\/wp\/v2\/pages"}],"about":[{"href":"https:\/\/www.stachristiana.at\/praxishort-frohsdorf\/wp-json\/wp\/v2\/types\/page"}],"author":[{"embeddable":true,"href":"https:\/\/www.stachristiana.at\/praxishort-frohsdorf\/wp-json\/wp\/v2\/users\/5"}],"replies":[{"embeddable":true,"href":"https:\/\/www.stachristiana.at\/praxishort-frohsdorf\/wp-json\/wp\/v2\/comments?post=605"}],"version-history":[{"count":1,"href":"https:\/\/www.stachristiana.at\/praxishort-frohsdorf\/wp-json\/wp\/v2\/pages\/605\/revisions"}],"predecessor-version":[{"id":606,"href":"https:\/\/www.stachristiana.at\/praxishort-frohsdorf\/wp-json\/wp\/v2\/pages\/605\/revisions\/606"}],"up":[{"embeddable":true,"href":"https:\/\/www.stachristiana.at\/praxishort-frohsdorf\/wp-json\/wp\/v2\/pages\/144"}],"wp:attachment":[{"href":"https:\/\/www.stachristiana.at\/praxishort-frohsdorf\/wp-json\/wp\/v2\/media?parent=605"}],"curies":[{"name":"wp","href":"https:\/\/api.w.org\/{rel}","templated":true}]}}