{"id":467,"date":"2022-06-23T20:19:16","date_gmt":"2022-06-23T18:19:16","guid":{"rendered":"http:\/\/www.sanctachristiana.at\/praxishort-frohsdorf\/?page_id=467"},"modified":"2022-11-03T21:00:35","modified_gmt":"2022-11-03T20:00:35","slug":"unser-schwerpunkt","status":"publish","type":"page","link":"https:\/\/www.stachristiana.at\/praxishort-frohsdorf\/was-wir-bieten\/unser-schwerpunkt","title":{"rendered":"Unser Schwerpunkt"},"content":{"rendered":"\n<p><strong>P\u00e4dagogische Grunds\u00e4tze des Horts<\/strong><\/p>\n\n\n\n<ul class=\"wp-block-list\">\n<li>Wir schaffen eine Atmosph\u00e4re, in der die Sch\u00fclerinnen und Sch\u00fcler zu Pers\u00f6nlichkeiten heranreifen k\u00f6nnen, wo Talente geweckt und F\u00e4higkeiten gef\u00f6rdert werden.<\/li>\n\n\n\n<li>Wir f\u00f6rdern mit Hilfe von zeitgem\u00e4\u00dfen, p\u00e4dagogischen Ans\u00e4tzen Begabte und unterst\u00fctzen Schw\u00e4chere.<\/li>\n\n\n\n<li>Wir begleiten die Sch\u00fclerinnen und Sch\u00fcler in wichtigen und oft auch schwierigen Lebensphasen.<\/li>\n\n\n\n<li>Wir helfen den Sch\u00fclerinnen und Sch\u00fclern ihre eigenen Erfahrungen zu machen und ihre Individualit\u00e4t zu wahren.<\/li>\n\n\n\n<li>Wir helfen den Kindern die Konsequenzen des eigenen Verhaltens erfahren zu lernen.<\/li>\n\n\n\n<li>Unser Ziel ist, mit den Kindern gemeinsam einen Lebensraum zu schaffen, wo sie sich beim Lernen und Spielen wohl f\u00fchlen k\u00f6nnen.<\/li>\n<\/ul>\n\n\n\n<p><strong>Insbesondere achten wir auf:<\/strong><\/p>\n\n\n\n<ul class=\"wp-block-list\">\n<li>F\u00f6rderung des sozialen Umgangs miteinander<\/li>\n\n\n\n<li>gegenseitige Wertsch\u00e4tzung und respektvoller Umgang<\/li>\n\n\n\n<li>spielerische Formen der Lernbetreuung<\/li>\n\n\n\n<li>Erziehung zu Umgangsformen (Tischkultur, usw.)<\/li>\n\n\n\n<li>F\u00f6rderung von Kreativit\u00e4t<\/li>\n\n\n\n<li>abwechslungsreiche und sinnvolle Freizeitgestaltung<\/li>\n<\/ul>\n","protected":false},"excerpt":{"rendered":"<p>P\u00e4dagogische Grunds\u00e4tze des Horts Insbesondere achten wir auf:<\/p>\n","protected":false},"author":5,"featured_media":0,"parent":144,"menu_order":1,"comment_status":"closed","ping_status":"closed","template":"","meta":{"footnotes":""},"class_list":["post-467","page","type-page","status-publish","hentry"],"acf":[],"yoast_head":"<!-- This site is optimized with the Yoast SEO plugin v26.8 - https:\/\/yoast.com\/product\/yoast-seo-wordpress\/ -->\n<title>Unser Schwerpunkt - Praxishort Frohsdorf<\/title>\n<meta name=\"robots\" content=\"index, follow, max-snippet:-1, max-image-preview:large, max-video-preview:-1\" \/>\n<link rel=\"canonical\" href=\"http:\/\/www.sanctachristiana.at\/praxishort-frohsdorf\/was-wir-bieten\/unser-schwerpunkt\" \/>\n<meta property=\"og:locale\" content=\"de_DE\" \/>\n<meta property=\"og:type\" content=\"article\" \/>\n<meta property=\"og:title\" content=\"Unser Schwerpunkt - Praxishort Frohsdorf\" \/>\n<meta property=\"og:description\" content=\"P\u00e4dagogische Grunds\u00e4tze des Horts Insbesondere achten wir auf:\" \/>\n<meta property=\"og:url\" content=\"http:\/\/www.sanctachristiana.at\/praxishort-frohsdorf\/was-wir-bieten\/unser-schwerpunkt\" \/>\n<meta property=\"og:site_name\" content=\"Praxishort Frohsdorf\" \/>\n<meta property=\"article:modified_time\" content=\"2022-11-03T20:00:35+00:00\" \/>\n<meta property=\"og:image\" content=\"https:\/\/www.stachristiana.at\/app\/uploads\/sites\/16\/2022\/05\/logo-sta-christiana.png\" \/>\n\t<meta property=\"og:image:width\" content=\"1200\" \/>\n\t<meta property=\"og:image:height\" content=\"491\" \/>\n\t<meta property=\"og:image:type\" content=\"image\/png\" \/>\n<meta name=\"twitter:card\" content=\"summary_large_image\" \/>\n<meta name=\"twitter:label1\" content=\"Gesch\u00e4tzte Lesezeit\" \/>\n\t<meta name=\"twitter:data1\" content=\"1\u00a0Minute\" \/>\n<script type=\"application\/ld+json\" class=\"yoast-schema-graph\">{\"@context\":\"https:\/\/schema.org\",\"@graph\":[{\"@type\":\"WebPage\",\"@id\":\"http:\/\/www.sanctachristiana.at\/praxishort-frohsdorf\/was-wir-bieten\/unser-schwerpunkt\",\"url\":\"http:\/\/www.sanctachristiana.at\/praxishort-frohsdorf\/was-wir-bieten\/unser-schwerpunkt\",\"name\":\"Unser Schwerpunkt - Praxishort Frohsdorf\",\"isPartOf\":{\"@id\":\"https:\/\/www.stachristiana.at\/praxishort-frohsdorf\/#website\"},\"datePublished\":\"2022-06-23T18:19:16+00:00\",\"dateModified\":\"2022-11-03T20:00:35+00:00\",\"breadcrumb\":{\"@id\":\"http:\/\/www.sanctachristiana.at\/praxishort-frohsdorf\/was-wir-bieten\/unser-schwerpunkt#breadcrumb\"},\"inLanguage\":\"de\",\"potentialAction\":[{\"@type\":\"ReadAction\",\"target\":[\"http:\/\/www.sanctachristiana.at\/praxishort-frohsdorf\/was-wir-bieten\/unser-schwerpunkt\"]}]},{\"@type\":\"BreadcrumbList\",\"@id\":\"http:\/\/www.sanctachristiana.at\/praxishort-frohsdorf\/was-wir-bieten\/unser-schwerpunkt#breadcrumb\",\"itemListElement\":[{\"@type\":\"ListItem\",\"position\":1,\"name\":\"Start\",\"item\":\"https:\/\/www.stachristiana.at\/\"},{\"@type\":\"ListItem\",\"position\":2,\"name\":\"Was wir bieten\",\"item\":\"http:\/\/www.sanctachristiana.at\/praxishort-frohsdorf\/was-wir-bieten\"},{\"@type\":\"ListItem\",\"position\":3,\"name\":\"Unser Schwerpunkt\"}]},{\"@type\":\"WebSite\",\"@id\":\"https:\/\/www.stachristiana.at\/praxishort-frohsdorf\/#website\",\"url\":\"https:\/\/www.stachristiana.at\/praxishort-frohsdorf\/\",\"name\":\"Sta. Christiana - Praxishort Frohsdorf\",\"description\":\"Sta. Christiana - Schulen zum Leben\",\"publisher\":{\"@id\":\"https:\/\/www.stachristiana.at\/praxishort-frohsdorf\/#organization\"},\"alternateName\":\"Praxishort Frohsdorf\",\"potentialAction\":[{\"@type\":\"SearchAction\",\"target\":{\"@type\":\"EntryPoint\",\"urlTemplate\":\"https:\/\/www.stachristiana.at\/praxishort-frohsdorf\/?s={search_term_string}\"},\"query-input\":{\"@type\":\"PropertyValueSpecification\",\"valueRequired\":true,\"valueName\":\"search_term_string\"}}],\"inLanguage\":\"de\"},{\"@type\":\"Organization\",\"@id\":\"https:\/\/www.stachristiana.at\/praxishort-frohsdorf\/#organization\",\"name\":\"Sta. Christiana - Praxishort Frohsdorf\",\"alternateName\":\"Praxishort Frohsdorf\",\"url\":\"https:\/\/www.stachristiana.at\/praxishort-frohsdorf\/\",\"logo\":{\"@type\":\"ImageObject\",\"inLanguage\":\"de\",\"@id\":\"https:\/\/www.stachristiana.at\/praxishort-frohsdorf\/#\/schema\/logo\/image\/\",\"url\":\"https:\/\/www.stachristiana.at\/app\/uploads\/sites\/16\/2022\/05\/logo-sta-christiana.png\",\"contentUrl\":\"https:\/\/www.stachristiana.at\/app\/uploads\/sites\/16\/2022\/05\/logo-sta-christiana.png\",\"width\":1200,\"height\":491,\"caption\":\"Sta. Christiana - Praxishort Frohsdorf\"},\"image\":{\"@id\":\"https:\/\/www.stachristiana.at\/praxishort-frohsdorf\/#\/schema\/logo\/image\/\"}}]}<\/script>\n<!-- \/ Yoast SEO plugin. -->","yoast_head_json":{"title":"Unser Schwerpunkt - Praxishort Frohsdorf","robots":{"index":"index","follow":"follow","max-snippet":"max-snippet:-1","max-image-preview":"max-image-preview:large","max-video-preview":"max-video-preview:-1"},"canonical":"http:\/\/www.sanctachristiana.at\/praxishort-frohsdorf\/was-wir-bieten\/unser-schwerpunkt","og_locale":"de_DE","og_type":"article","og_title":"Unser Schwerpunkt - Praxishort Frohsdorf","og_description":"P\u00e4dagogische Grunds\u00e4tze des Horts Insbesondere achten wir auf:","og_url":"http:\/\/www.sanctachristiana.at\/praxishort-frohsdorf\/was-wir-bieten\/unser-schwerpunkt","og_site_name":"Praxishort Frohsdorf","article_modified_time":"2022-11-03T20:00:35+00:00","og_image":[{"width":1200,"height":491,"url":"https:\/\/www.stachristiana.at\/app\/uploads\/sites\/16\/2022\/05\/logo-sta-christiana.png","type":"image\/png"}],"twitter_card":"summary_large_image","twitter_misc":{"Gesch\u00e4tzte Lesezeit":"1\u00a0Minute"},"schema":{"@context":"https:\/\/schema.org","@graph":[{"@type":"WebPage","@id":"http:\/\/www.sanctachristiana.at\/praxishort-frohsdorf\/was-wir-bieten\/unser-schwerpunkt","url":"http:\/\/www.sanctachristiana.at\/praxishort-frohsdorf\/was-wir-bieten\/unser-schwerpunkt","name":"Unser Schwerpunkt - Praxishort Frohsdorf","isPartOf":{"@id":"https:\/\/www.stachristiana.at\/praxishort-frohsdorf\/#website"},"datePublished":"2022-06-23T18:19:16+00:00","dateModified":"2022-11-03T20:00:35+00:00","breadcrumb":{"@id":"http:\/\/www.sanctachristiana.at\/praxishort-frohsdorf\/was-wir-bieten\/unser-schwerpunkt#breadcrumb"},"inLanguage":"de","potentialAction":[{"@type":"ReadAction","target":["http:\/\/www.sanctachristiana.at\/praxishort-frohsdorf\/was-wir-bieten\/unser-schwerpunkt"]}]},{"@type":"BreadcrumbList","@id":"http:\/\/www.sanctachristiana.at\/praxishort-frohsdorf\/was-wir-bieten\/unser-schwerpunkt#breadcrumb","itemListElement":[{"@type":"ListItem","position":1,"name":"Start","item":"https:\/\/www.stachristiana.at\/"},{"@type":"ListItem","position":2,"name":"Was wir bieten","item":"http:\/\/www.sanctachristiana.at\/praxishort-frohsdorf\/was-wir-bieten"},{"@type":"ListItem","position":3,"name":"Unser Schwerpunkt"}]},{"@type":"WebSite","@id":"https:\/\/www.stachristiana.at\/praxishort-frohsdorf\/#website","url":"https:\/\/www.stachristiana.at\/praxishort-frohsdorf\/","name":"Sta. Christiana - Praxishort Frohsdorf","description":"Sta. Christiana - Schulen zum Leben","publisher":{"@id":"https:\/\/www.stachristiana.at\/praxishort-frohsdorf\/#organization"},"alternateName":"Praxishort Frohsdorf","potentialAction":[{"@type":"SearchAction","target":{"@type":"EntryPoint","urlTemplate":"https:\/\/www.stachristiana.at\/praxishort-frohsdorf\/?s={search_term_string}"},"query-input":{"@type":"PropertyValueSpecification","valueRequired":true,"valueName":"search_term_string"}}],"inLanguage":"de"},{"@type":"Organization","@id":"https:\/\/www.stachristiana.at\/praxishort-frohsdorf\/#organization","name":"Sta. Christiana - Praxishort Frohsdorf","alternateName":"Praxishort Frohsdorf","url":"https:\/\/www.stachristiana.at\/praxishort-frohsdorf\/","logo":{"@type":"ImageObject","inLanguage":"de","@id":"https:\/\/www.stachristiana.at\/praxishort-frohsdorf\/#\/schema\/logo\/image\/","url":"https:\/\/www.stachristiana.at\/app\/uploads\/sites\/16\/2022\/05\/logo-sta-christiana.png","contentUrl":"https:\/\/www.stachristiana.at\/app\/uploads\/sites\/16\/2022\/05\/logo-sta-christiana.png","width":1200,"height":491,"caption":"Sta. Christiana - Praxishort Frohsdorf"},"image":{"@id":"https:\/\/www.stachristiana.at\/praxishort-frohsdorf\/#\/schema\/logo\/image\/"}}]}},"_links":{"self":[{"href":"https:\/\/www.stachristiana.at\/praxishort-frohsdorf\/wp-json\/wp\/v2\/pages\/467","targetHints":{"allow":["GET"]}}],"collection":[{"href":"https:\/\/www.stachristiana.at\/praxishort-frohsdorf\/wp-json\/wp\/v2\/pages"}],"about":[{"href":"https:\/\/www.stachristiana.at\/praxishort-frohsdorf\/wp-json\/wp\/v2\/types\/page"}],"author":[{"embeddable":true,"href":"https:\/\/www.stachristiana.at\/praxishort-frohsdorf\/wp-json\/wp\/v2\/users\/5"}],"replies":[{"embeddable":true,"href":"https:\/\/www.stachristiana.at\/praxishort-frohsdorf\/wp-json\/wp\/v2\/comments?post=467"}],"version-history":[{"count":6,"href":"https:\/\/www.stachristiana.at\/praxishort-frohsdorf\/wp-json\/wp\/v2\/pages\/467\/revisions"}],"predecessor-version":[{"id":604,"href":"https:\/\/www.stachristiana.at\/praxishort-frohsdorf\/wp-json\/wp\/v2\/pages\/467\/revisions\/604"}],"up":[{"embeddable":true,"href":"https:\/\/www.stachristiana.at\/praxishort-frohsdorf\/wp-json\/wp\/v2\/pages\/144"}],"wp:attachment":[{"href":"https:\/\/www.stachristiana.at\/praxishort-frohsdorf\/wp-json\/wp\/v2\/media?parent=467"}],"curies":[{"name":"wp","href":"https:\/\/api.w.org\/{rel}","templated":true}]}}