{"id":17,"date":"2022-05-01T11:48:18","date_gmt":"2022-05-01T09:48:18","guid":{"rendered":"https:\/\/devmultisite.superfesch.at\/dummy\/?page_id=17"},"modified":"2025-09-22T15:11:42","modified_gmt":"2025-09-22T13:11:42","slug":"willkommen","status":"publish","type":"page","link":"https:\/\/www.stachristiana.at\/praxishort-frohsdorf\/","title":{"rendered":"Herzlich willkommen"},"content":{"rendered":"\n<div class=\"wp-block-columns is-layout-flex wp-container-core-columns-is-layout-28f84493 wp-block-columns-is-layout-flex\">\n<div class=\"wp-block-column is-layout-flow wp-block-column-is-layout-flow\" style=\"flex-basis:100%\">\n<p><strong>Liebe Familien! Liebe Kinder!<\/strong><\/p>\n\n\n\n<p>Wir freuen uns, Sie bei uns in der Nachmittagsbetreuung begr\u00fc\u00dfen zu d\u00fcrfen!<br>Tauchen Sie ein St\u00fcck weit ein in unseren Hortalltag.<\/p>\n\n\n\n<p>Sollten Sie Interesse bzw. <strong>Fragen zur Nachmittagsbetreuung der Volksschule<\/strong> haben,&nbsp;erreichen Sie uns unter:<br><a href=\"mailto:hort.frohsdorf@stachristiana.at\">hort.frohsdorf@stachristiana.at<\/a>&nbsp;<br>Tel: 02627 45235 &#8211; 437<\/p>\n\n\n\n<p>Anmeldungen und Schnuppertage sind gerne m\u00f6glich, vereinbaren Sie bitte einen Termin, damit wir uns ausreichend Zeit f\u00fcr Sie nehmen k\u00f6nnen:<br>\u00a0<br>Hortleiterin: Daniela Winkler-Golser<br>daniela.winkler-golser@hlw-bafep-frohsdorf.ac.at<\/p>\n\n\n\n<p>Tel: 02627 45235 &#8211; 34<\/p>\n<\/div>\n<\/div>\n\n\n\n<h2 class=\"wp-block-heading\">Praxishort<\/h2>\n\n\n\n<p>Die Nachmitagsbetreuung der VS-Sta.Christiana Frohsdorf arbeitet als Praxishort in enger Kooperation mit der BAfEP Sta. Christiana Frohsdorf zusammen.<\/p>\n\n\n\n<p>Da die Volksschule ein Ganztagsschule in getrennter Form ist, wird versucht, den Nachmittag mit Lernezeit und Freizeitgestaltung sinnvoll miteinander zu verbinden.<\/p>\n\n\n\n<p>In dieser wertsch\u00e4tzenden und liebevollen Atmosph\u00e4re wird gemeinsam gelacht, gespielt und gef\u00f6rdert. F\u00fcr die Kinder bietet sich die M\u00f6glichkeit zu sozialem Lernen an.<\/p>\n\n\n\n<p>Ebenso ist uns die Zusammenarbeit mit den Eltern bzw. Erziehungsberechtigten f\u00fcr eine positive Lebensgestaltung der Kinder und Jugendlichen ein besonderes Anliegen.<\/p>\n\n\n\n<div style=\"height:40px\" aria-hidden=\"true\" class=\"wp-block-spacer\"><\/div>\n\n\n\n<h2 class=\"wp-block-heading\">Aktuelles<\/h2>\n\n\n\n<div id=\"list-block_2aefed1db147a21af949771fbc987a89\" class=\"article-list\">\n\t\t\n\t\t<p>Es konnten keine Artikel gefunden werden.<\/p>\n\t\n\t<\/div>\n\n\n\n<div style=\"height:70px\" aria-hidden=\"true\" class=\"wp-block-spacer\"><\/div>\n\n\n\n<div id=\"partners-block_015112abf6f0c5f436548806c29aa45f\" class=\"partners\">\n\t<a href=\"http:\/\/www.hum.at\/\" target=\"_blank\" class=\"partners-item\"><img loading=\"lazy\" decoding=\"async\" width=\"76\" height=\"75\" src=\"https:\/\/www.stachristiana.at\/app\/uploads\/sites\/16\/2022\/06\/logo_hum-76x75.jpg\" class=\"attachment-partner-logo size-partner-logo\" alt=\"\" srcset=\"https:\/\/www.stachristiana.at\/app\/uploads\/sites\/16\/2022\/06\/logo_hum-76x75.jpg 76w, https:\/\/www.stachristiana.at\/app\/uploads\/sites\/16\/2022\/06\/logo_hum.jpg 111w\" sizes=\"auto, (max-width: 76px) 100vw, 76px\" \/><\/a><a href=\"http:\/\/www.humwien.at\/\" target=\"_blank\" class=\"partners-item\"><img loading=\"lazy\" decoding=\"async\" width=\"192\" height=\"56\" src=\"https:\/\/www.stachristiana.at\/app\/uploads\/sites\/16\/2022\/06\/logo_HumWien-192x56.jpg\" class=\"attachment-partner-logo size-partner-logo\" alt=\"\" srcset=\"https:\/\/www.stachristiana.at\/app\/uploads\/sites\/16\/2022\/06\/logo_HumWien-192x56.jpg 192w, https:\/\/www.stachristiana.at\/app\/uploads\/sites\/16\/2022\/06\/logo_HumWien-400x117.jpg 400w, https:\/\/www.stachristiana.at\/app\/uploads\/sites\/16\/2022\/06\/logo_HumWien.jpg 500w\" sizes=\"auto, (max-width: 192px) 100vw, 192px\" \/><\/a><img loading=\"lazy\" decoding=\"async\" width=\"74\" height=\"75\" src=\"https:\/\/www.stachristiana.at\/app\/uploads\/sites\/16\/2022\/06\/logo_guetesiegel_klein-74x75.jpg\" class=\"attachment-partner-logo size-partner-logo\" alt=\"\" srcset=\"https:\/\/www.stachristiana.at\/app\/uploads\/sites\/16\/2022\/06\/logo_guetesiegel_klein-74x75.jpg 74w, https:\/\/www.stachristiana.at\/app\/uploads\/sites\/16\/2022\/06\/logo_guetesiegel_klein-396x400.jpg 396w, https:\/\/www.stachristiana.at\/app\/uploads\/sites\/16\/2022\/06\/logo_guetesiegel_klein-150x150.jpg 150w, https:\/\/www.stachristiana.at\/app\/uploads\/sites\/16\/2022\/06\/logo_guetesiegel_klein-250x250.jpg 250w, https:\/\/www.stachristiana.at\/app\/uploads\/sites\/16\/2022\/06\/logo_guetesiegel_klein.jpg 400w\" sizes=\"auto, (max-width: 74px) 100vw, 74px\" \/><a href=\"https:\/\/pilgrim.at\/\" target=\"_blank\" class=\"partners-item\"><img loading=\"lazy\" decoding=\"async\" width=\"100\" height=\"75\" src=\"https:\/\/www.stachristiana.at\/app\/uploads\/sites\/16\/2022\/06\/logo_pilgrim-100x75.jpg\" class=\"attachment-partner-logo size-partner-logo\" alt=\"\" srcset=\"https:\/\/www.stachristiana.at\/app\/uploads\/sites\/16\/2022\/06\/logo_pilgrim-100x75.jpg 100w, https:\/\/www.stachristiana.at\/app\/uploads\/sites\/16\/2022\/06\/logo_pilgrim.jpg 190w\" sizes=\"auto, (max-width: 100px) 100vw, 100px\" \/><\/a><\/div>\n","protected":false},"excerpt":{"rendered":"<p>Liebe Familien! Liebe Kinder! Wir freuen uns, Sie bei uns in der Nachmittagsbetreuung begr\u00fc\u00dfen zu d\u00fcrfen!Tauchen Sie ein St\u00fcck weit ein in unseren Hortalltag. Sollten Sie Interesse bzw. Fragen zur Nachmittagsbetreuung der Volksschule haben,&nbsp;erreichen Sie uns unter:hort.frohsdorf@stachristiana.at&nbsp;Tel: 02627 45235 &#8211; 437 Anmeldungen und Schnuppertage sind gerne m\u00f6glich, vereinbaren Sie bitte einen Termin, damit wir uns [&hellip;]<\/p>\n","protected":false},"author":1,"featured_media":0,"parent":0,"menu_order":0,"comment_status":"closed","ping_status":"closed","template":"","meta":{"footnotes":""},"class_list":["post-17","page","type-page","status-publish","hentry"],"acf":[],"yoast_head":"<!-- This site is optimized with the Yoast SEO plugin v26.8 - https:\/\/yoast.com\/product\/yoast-seo-wordpress\/ -->\n<title>Herzlich willkommen - Praxishort Frohsdorf<\/title>\n<meta name=\"robots\" content=\"index, follow, max-snippet:-1, max-image-preview:large, max-video-preview:-1\" \/>\n<link rel=\"canonical\" href=\"https:\/\/www.stachristiana.at\/praxishort-frohsdorf\/\" \/>\n<meta property=\"og:locale\" content=\"de_DE\" \/>\n<meta property=\"og:type\" content=\"article\" \/>\n<meta property=\"og:title\" content=\"Herzlich willkommen - Praxishort Frohsdorf\" \/>\n<meta property=\"og:description\" content=\"Liebe Familien! Liebe Kinder! Wir freuen uns, Sie bei uns in der Nachmittagsbetreuung begr\u00fc\u00dfen zu d\u00fcrfen!Tauchen Sie ein St\u00fcck weit ein in unseren Hortalltag. Sollten Sie Interesse bzw. Fragen zur Nachmittagsbetreuung der Volksschule haben,&nbsp;erreichen Sie uns unter:hort.frohsdorf@stachristiana.at&nbsp;Tel: 02627 45235 &#8211; 437 Anmeldungen und Schnuppertage sind gerne m\u00f6glich, vereinbaren Sie bitte einen Termin, damit wir uns [&hellip;]\" \/>\n<meta property=\"og:url\" content=\"https:\/\/www.stachristiana.at\/praxishort-frohsdorf\/\" \/>\n<meta property=\"og:site_name\" content=\"Praxishort Frohsdorf\" \/>\n<meta property=\"article:modified_time\" content=\"2025-09-22T13:11:42+00:00\" \/>\n<meta property=\"og:image\" content=\"https:\/\/www.stachristiana.at\/app\/uploads\/sites\/16\/2022\/05\/logo-sta-christiana.png\" \/>\n\t<meta property=\"og:image:width\" content=\"1200\" \/>\n\t<meta property=\"og:image:height\" content=\"491\" \/>\n\t<meta property=\"og:image:type\" content=\"image\/png\" \/>\n<meta name=\"twitter:card\" content=\"summary_large_image\" \/>\n<meta name=\"twitter:label1\" content=\"Gesch\u00e4tzte Lesezeit\" \/>\n\t<meta name=\"twitter:data1\" content=\"1\u00a0Minute\" \/>\n<script type=\"application\/ld+json\" class=\"yoast-schema-graph\">{\"@context\":\"https:\/\/schema.org\",\"@graph\":[{\"@type\":\"WebPage\",\"@id\":\"https:\/\/www.stachristiana.at\/praxishort-frohsdorf\/\",\"url\":\"https:\/\/www.stachristiana.at\/praxishort-frohsdorf\/\",\"name\":\"Herzlich willkommen - Praxishort Frohsdorf\",\"isPartOf\":{\"@id\":\"https:\/\/www.stachristiana.at\/praxishort-frohsdorf\/#website\"},\"datePublished\":\"2022-05-01T09:48:18+00:00\",\"dateModified\":\"2025-09-22T13:11:42+00:00\",\"breadcrumb\":{\"@id\":\"https:\/\/www.stachristiana.at\/praxishort-frohsdorf\/#breadcrumb\"},\"inLanguage\":\"de\",\"potentialAction\":[{\"@type\":\"ReadAction\",\"target\":[\"https:\/\/www.stachristiana.at\/praxishort-frohsdorf\/\"]}]},{\"@type\":\"BreadcrumbList\",\"@id\":\"https:\/\/www.stachristiana.at\/praxishort-frohsdorf\/#breadcrumb\",\"itemListElement\":[{\"@type\":\"ListItem\",\"position\":1,\"name\":\"Start\",\"item\":\"https:\/\/www.stachristiana.at\/\"},{\"@type\":\"ListItem\",\"position\":2,\"name\":\"Herzlich willkommen\"}]},{\"@type\":\"WebSite\",\"@id\":\"https:\/\/www.stachristiana.at\/praxishort-frohsdorf\/#website\",\"url\":\"https:\/\/www.stachristiana.at\/praxishort-frohsdorf\/\",\"name\":\"Sta. Christiana - Praxishort Frohsdorf\",\"description\":\"Sta. Christiana - Schulen zum Leben\",\"publisher\":{\"@id\":\"https:\/\/www.stachristiana.at\/praxishort-frohsdorf\/#organization\"},\"alternateName\":\"Praxishort Frohsdorf\",\"potentialAction\":[{\"@type\":\"SearchAction\",\"target\":{\"@type\":\"EntryPoint\",\"urlTemplate\":\"https:\/\/www.stachristiana.at\/praxishort-frohsdorf\/?s={search_term_string}\"},\"query-input\":{\"@type\":\"PropertyValueSpecification\",\"valueRequired\":true,\"valueName\":\"search_term_string\"}}],\"inLanguage\":\"de\"},{\"@type\":\"Organization\",\"@id\":\"https:\/\/www.stachristiana.at\/praxishort-frohsdorf\/#organization\",\"name\":\"Sta. Christiana - Praxishort Frohsdorf\",\"alternateName\":\"Praxishort Frohsdorf\",\"url\":\"https:\/\/www.stachristiana.at\/praxishort-frohsdorf\/\",\"logo\":{\"@type\":\"ImageObject\",\"inLanguage\":\"de\",\"@id\":\"https:\/\/www.stachristiana.at\/praxishort-frohsdorf\/#\/schema\/logo\/image\/\",\"url\":\"https:\/\/www.stachristiana.at\/app\/uploads\/sites\/16\/2022\/05\/logo-sta-christiana.png\",\"contentUrl\":\"https:\/\/www.stachristiana.at\/app\/uploads\/sites\/16\/2022\/05\/logo-sta-christiana.png\",\"width\":1200,\"height\":491,\"caption\":\"Sta. Christiana - Praxishort Frohsdorf\"},\"image\":{\"@id\":\"https:\/\/www.stachristiana.at\/praxishort-frohsdorf\/#\/schema\/logo\/image\/\"}}]}<\/script>\n<!-- \/ Yoast SEO plugin. -->","yoast_head_json":{"title":"Herzlich willkommen - Praxishort Frohsdorf","robots":{"index":"index","follow":"follow","max-snippet":"max-snippet:-1","max-image-preview":"max-image-preview:large","max-video-preview":"max-video-preview:-1"},"canonical":"https:\/\/www.stachristiana.at\/praxishort-frohsdorf\/","og_locale":"de_DE","og_type":"article","og_title":"Herzlich willkommen - Praxishort Frohsdorf","og_description":"Liebe Familien! Liebe Kinder! Wir freuen uns, Sie bei uns in der Nachmittagsbetreuung begr\u00fc\u00dfen zu d\u00fcrfen!Tauchen Sie ein St\u00fcck weit ein in unseren Hortalltag. Sollten Sie Interesse bzw. Fragen zur Nachmittagsbetreuung der Volksschule haben,&nbsp;erreichen Sie uns unter:hort.frohsdorf@stachristiana.at&nbsp;Tel: 02627 45235 &#8211; 437 Anmeldungen und Schnuppertage sind gerne m\u00f6glich, vereinbaren Sie bitte einen Termin, damit wir uns [&hellip;]","og_url":"https:\/\/www.stachristiana.at\/praxishort-frohsdorf\/","og_site_name":"Praxishort Frohsdorf","article_modified_time":"2025-09-22T13:11:42+00:00","og_image":[{"width":1200,"height":491,"url":"https:\/\/www.stachristiana.at\/app\/uploads\/sites\/16\/2022\/05\/logo-sta-christiana.png","type":"image\/png"}],"twitter_card":"summary_large_image","twitter_misc":{"Gesch\u00e4tzte Lesezeit":"1\u00a0Minute"},"schema":{"@context":"https:\/\/schema.org","@graph":[{"@type":"WebPage","@id":"https:\/\/www.stachristiana.at\/praxishort-frohsdorf\/","url":"https:\/\/www.stachristiana.at\/praxishort-frohsdorf\/","name":"Herzlich willkommen - Praxishort Frohsdorf","isPartOf":{"@id":"https:\/\/www.stachristiana.at\/praxishort-frohsdorf\/#website"},"datePublished":"2022-05-01T09:48:18+00:00","dateModified":"2025-09-22T13:11:42+00:00","breadcrumb":{"@id":"https:\/\/www.stachristiana.at\/praxishort-frohsdorf\/#breadcrumb"},"inLanguage":"de","potentialAction":[{"@type":"ReadAction","target":["https:\/\/www.stachristiana.at\/praxishort-frohsdorf\/"]}]},{"@type":"BreadcrumbList","@id":"https:\/\/www.stachristiana.at\/praxishort-frohsdorf\/#breadcrumb","itemListElement":[{"@type":"ListItem","position":1,"name":"Start","item":"https:\/\/www.stachristiana.at\/"},{"@type":"ListItem","position":2,"name":"Herzlich willkommen"}]},{"@type":"WebSite","@id":"https:\/\/www.stachristiana.at\/praxishort-frohsdorf\/#website","url":"https:\/\/www.stachristiana.at\/praxishort-frohsdorf\/","name":"Sta. Christiana - Praxishort Frohsdorf","description":"Sta. Christiana - Schulen zum Leben","publisher":{"@id":"https:\/\/www.stachristiana.at\/praxishort-frohsdorf\/#organization"},"alternateName":"Praxishort Frohsdorf","potentialAction":[{"@type":"SearchAction","target":{"@type":"EntryPoint","urlTemplate":"https:\/\/www.stachristiana.at\/praxishort-frohsdorf\/?s={search_term_string}"},"query-input":{"@type":"PropertyValueSpecification","valueRequired":true,"valueName":"search_term_string"}}],"inLanguage":"de"},{"@type":"Organization","@id":"https:\/\/www.stachristiana.at\/praxishort-frohsdorf\/#organization","name":"Sta. Christiana - Praxishort Frohsdorf","alternateName":"Praxishort Frohsdorf","url":"https:\/\/www.stachristiana.at\/praxishort-frohsdorf\/","logo":{"@type":"ImageObject","inLanguage":"de","@id":"https:\/\/www.stachristiana.at\/praxishort-frohsdorf\/#\/schema\/logo\/image\/","url":"https:\/\/www.stachristiana.at\/app\/uploads\/sites\/16\/2022\/05\/logo-sta-christiana.png","contentUrl":"https:\/\/www.stachristiana.at\/app\/uploads\/sites\/16\/2022\/05\/logo-sta-christiana.png","width":1200,"height":491,"caption":"Sta. Christiana - Praxishort Frohsdorf"},"image":{"@id":"https:\/\/www.stachristiana.at\/praxishort-frohsdorf\/#\/schema\/logo\/image\/"}}]}},"_links":{"self":[{"href":"https:\/\/www.stachristiana.at\/praxishort-frohsdorf\/wp-json\/wp\/v2\/pages\/17","targetHints":{"allow":["GET"]}}],"collection":[{"href":"https:\/\/www.stachristiana.at\/praxishort-frohsdorf\/wp-json\/wp\/v2\/pages"}],"about":[{"href":"https:\/\/www.stachristiana.at\/praxishort-frohsdorf\/wp-json\/wp\/v2\/types\/page"}],"author":[{"embeddable":true,"href":"https:\/\/www.stachristiana.at\/praxishort-frohsdorf\/wp-json\/wp\/v2\/users\/1"}],"replies":[{"embeddable":true,"href":"https:\/\/www.stachristiana.at\/praxishort-frohsdorf\/wp-json\/wp\/v2\/comments?post=17"}],"version-history":[{"count":49,"href":"https:\/\/www.stachristiana.at\/praxishort-frohsdorf\/wp-json\/wp\/v2\/pages\/17\/revisions"}],"predecessor-version":[{"id":704,"href":"https:\/\/www.stachristiana.at\/praxishort-frohsdorf\/wp-json\/wp\/v2\/pages\/17\/revisions\/704"}],"wp:attachment":[{"href":"https:\/\/www.stachristiana.at\/praxishort-frohsdorf\/wp-json\/wp\/v2\/media?parent=17"}],"curies":[{"name":"wp","href":"https:\/\/api.w.org\/{rel}","templated":true}]}}