{"id":612,"date":"2022-10-27T22:52:58","date_gmt":"2022-10-27T20:52:58","guid":{"rendered":"http:\/\/www.sanctachristiana.at\/mittelschule-rodaun\/?page_id=612"},"modified":"2025-02-26T15:13:50","modified_gmt":"2025-02-26T14:13:50","slug":"projekte-feste","status":"publish","type":"page","link":"https:\/\/www.stachristiana.at\/mittelschule-rodaun\/was-wir-bieten\/projekte-feste","title":{"rendered":"Feste"},"content":{"rendered":"\n<p><strong>&#8222;Feste soll man feiern, wie sie fallen&#8220;<\/strong><\/p>\n\n\n\n<p>Feste, Veranstaltungen, Auff\u00fchrungen, aber auch Projekte und gemeinsame Reisen pr\u00e4gen das Schulleben in Sta. Christiana und tragen zur F\u00f6rderung einer guten Klassen- und Schulgemeinschaft bei.<\/p>\n\n\n\n<p><strong>Feste\/Feiern<\/strong><\/p>\n\n\n\n<ul class=\"wp-block-list\">\n<li>Fr\u00fchling im Schloss (FIS)<\/li>\n\n\n\n<li>Parkfest<\/li>\n\n\n\n<li>Oster- und Weihnachtsgottesdienst<\/li>\n\n\n\n<li>Schulanfangs- und Schulschlussgottesdienst<\/li>\n\n\n\n<li>Adventeinstimmungsfeier<\/li>\n\n\n\n<li>Faschingsfeier<\/li>\n<\/ul>\n\n\n\n<p><strong>Projekte\/Kurse<\/strong><\/p>\n\n\n\n<ul class=\"wp-block-list\">\n<li>Clever, Fit &amp; Cool<\/li>\n\n\n\n<li>Love Talks<\/li>\n\n\n\n<li>Umgang mit sozialen Netzwerken<\/li>\n\n\n\n<li>Selbstverteidigungskurs<\/li>\n\n\n\n<li>Schwimmen, Eislaufen<\/li>\n\n\n\n<li>und vieles mehr (schauen Sie auch gerne in unsere aktuellen <a href=\"https:\/\/www.stachristiana.at\/mittelschule-rodaun\/category\/news\">News<\/a>)<\/li>\n<\/ul>\n\n\n\n<p><strong>Reisen<\/strong><\/p>\n\n\n\n<ol class=\"wp-block-list\">\n<li>Klasse: Projektwoche<\/li>\n\n\n\n<li>Klasse: Skikurs<\/li>\n\n\n\n<li>Klasse: Sprachreise<\/li>\n\n\n\n<li>Klasse: Sportwoche\/Kulturreise<\/li>\n<\/ol>\n\n\n\n<p><\/p>\n","protected":false},"excerpt":{"rendered":"<p>&#8222;Feste soll man feiern, wie sie fallen&#8220; Feste, Veranstaltungen, Auff\u00fchrungen, aber auch Projekte und gemeinsame Reisen pr\u00e4gen das Schulleben in Sta. Christiana und tragen zur F\u00f6rderung einer guten Klassen- und Schulgemeinschaft bei. Feste\/Feiern Projekte\/Kurse Reisen<\/p>\n","protected":false},"author":5,"featured_media":0,"parent":144,"menu_order":3,"comment_status":"closed","ping_status":"closed","template":"","meta":{"footnotes":""},"class_list":["post-612","page","type-page","status-publish","hentry"],"acf":[],"yoast_head":"<!-- This site is optimized with the Yoast SEO plugin v26.8 - https:\/\/yoast.com\/product\/yoast-seo-wordpress\/ -->\n<title>Feste - Mittelschule Rodaun<\/title>\n<meta name=\"robots\" content=\"index, follow, max-snippet:-1, max-image-preview:large, max-video-preview:-1\" \/>\n<link rel=\"canonical\" href=\"https:\/\/www.stachristiana.at\/mittelschule-rodaun\/was-wir-bieten\/projekte-feste\" \/>\n<meta property=\"og:locale\" content=\"de_DE\" \/>\n<meta property=\"og:type\" content=\"article\" \/>\n<meta property=\"og:title\" content=\"Feste - Mittelschule Rodaun\" \/>\n<meta property=\"og:description\" content=\"&#8222;Feste soll man feiern, wie sie fallen&#8220; Feste, Veranstaltungen, Auff\u00fchrungen, aber auch Projekte und gemeinsame Reisen pr\u00e4gen das Schulleben in Sta. Christiana und tragen zur F\u00f6rderung einer guten Klassen- und Schulgemeinschaft bei. Feste\/Feiern Projekte\/Kurse Reisen\" \/>\n<meta property=\"og:url\" content=\"https:\/\/www.stachristiana.at\/mittelschule-rodaun\/was-wir-bieten\/projekte-feste\" \/>\n<meta property=\"og:site_name\" content=\"Mittelschule Rodaun\" \/>\n<meta property=\"article:modified_time\" content=\"2025-02-26T14:13:50+00:00\" \/>\n<meta property=\"og:image\" content=\"https:\/\/www.stachristiana.at\/app\/uploads\/sites\/8\/2022\/05\/logo-sta-christiana.png\" \/>\n\t<meta property=\"og:image:width\" content=\"1200\" \/>\n\t<meta property=\"og:image:height\" content=\"491\" \/>\n\t<meta property=\"og:image:type\" content=\"image\/png\" \/>\n<meta name=\"twitter:card\" content=\"summary_large_image\" \/>\n<meta name=\"twitter:label1\" content=\"Gesch\u00e4tzte Lesezeit\" \/>\n\t<meta name=\"twitter:data1\" content=\"1\u00a0Minute\" \/>\n<script type=\"application\/ld+json\" class=\"yoast-schema-graph\">{\"@context\":\"https:\/\/schema.org\",\"@graph\":[{\"@type\":\"WebPage\",\"@id\":\"https:\/\/www.stachristiana.at\/mittelschule-rodaun\/was-wir-bieten\/projekte-feste\",\"url\":\"https:\/\/www.stachristiana.at\/mittelschule-rodaun\/was-wir-bieten\/projekte-feste\",\"name\":\"Feste - Mittelschule Rodaun\",\"isPartOf\":{\"@id\":\"https:\/\/www.stachristiana.at\/mittelschule-rodaun\/#website\"},\"datePublished\":\"2022-10-27T20:52:58+00:00\",\"dateModified\":\"2025-02-26T14:13:50+00:00\",\"breadcrumb\":{\"@id\":\"https:\/\/www.stachristiana.at\/mittelschule-rodaun\/was-wir-bieten\/projekte-feste#breadcrumb\"},\"inLanguage\":\"de\",\"potentialAction\":[{\"@type\":\"ReadAction\",\"target\":[\"https:\/\/www.stachristiana.at\/mittelschule-rodaun\/was-wir-bieten\/projekte-feste\"]}]},{\"@type\":\"BreadcrumbList\",\"@id\":\"https:\/\/www.stachristiana.at\/mittelschule-rodaun\/was-wir-bieten\/projekte-feste#breadcrumb\",\"itemListElement\":[{\"@type\":\"ListItem\",\"position\":1,\"name\":\"Start\",\"item\":\"https:\/\/www.stachristiana.at\/\"},{\"@type\":\"ListItem\",\"position\":2,\"name\":\"Was wir bieten\",\"item\":\"https:\/\/www.stachristiana.at\/mittelschule-rodaun\/was-wir-bieten\"},{\"@type\":\"ListItem\",\"position\":3,\"name\":\"Feste\"}]},{\"@type\":\"WebSite\",\"@id\":\"https:\/\/www.stachristiana.at\/mittelschule-rodaun\/#website\",\"url\":\"https:\/\/www.stachristiana.at\/mittelschule-rodaun\/\",\"name\":\"Sta. Christiana - Private Mittelschule Rodaun\",\"description\":\"Sta. Christiana - Schulen zum Leben\",\"publisher\":{\"@id\":\"https:\/\/www.stachristiana.at\/mittelschule-rodaun\/#organization\"},\"alternateName\":\"Private Mittelschule Rodaun\",\"potentialAction\":[{\"@type\":\"SearchAction\",\"target\":{\"@type\":\"EntryPoint\",\"urlTemplate\":\"https:\/\/www.stachristiana.at\/mittelschule-rodaun\/?s={search_term_string}\"},\"query-input\":{\"@type\":\"PropertyValueSpecification\",\"valueRequired\":true,\"valueName\":\"search_term_string\"}}],\"inLanguage\":\"de\"},{\"@type\":\"Organization\",\"@id\":\"https:\/\/www.stachristiana.at\/mittelschule-rodaun\/#organization\",\"name\":\"Sta. Christiana - Private Mittelschule Rodaun\",\"alternateName\":\"Private Mittelschule Rodaun\",\"url\":\"https:\/\/www.stachristiana.at\/mittelschule-rodaun\/\",\"logo\":{\"@type\":\"ImageObject\",\"inLanguage\":\"de\",\"@id\":\"https:\/\/www.stachristiana.at\/mittelschule-rodaun\/#\/schema\/logo\/image\/\",\"url\":\"https:\/\/www.stachristiana.at\/app\/uploads\/sites\/8\/2022\/05\/logo-sta-christiana.png\",\"contentUrl\":\"https:\/\/www.stachristiana.at\/app\/uploads\/sites\/8\/2022\/05\/logo-sta-christiana.png\",\"width\":1200,\"height\":491,\"caption\":\"Sta. Christiana - Private Mittelschule Rodaun\"},\"image\":{\"@id\":\"https:\/\/www.stachristiana.at\/mittelschule-rodaun\/#\/schema\/logo\/image\/\"}}]}<\/script>\n<!-- \/ Yoast SEO plugin. -->","yoast_head_json":{"title":"Feste - Mittelschule Rodaun","robots":{"index":"index","follow":"follow","max-snippet":"max-snippet:-1","max-image-preview":"max-image-preview:large","max-video-preview":"max-video-preview:-1"},"canonical":"https:\/\/www.stachristiana.at\/mittelschule-rodaun\/was-wir-bieten\/projekte-feste","og_locale":"de_DE","og_type":"article","og_title":"Feste - Mittelschule Rodaun","og_description":"&#8222;Feste soll man feiern, wie sie fallen&#8220; Feste, Veranstaltungen, Auff\u00fchrungen, aber auch Projekte und gemeinsame Reisen pr\u00e4gen das Schulleben in Sta. Christiana und tragen zur F\u00f6rderung einer guten Klassen- und Schulgemeinschaft bei. Feste\/Feiern Projekte\/Kurse Reisen","og_url":"https:\/\/www.stachristiana.at\/mittelschule-rodaun\/was-wir-bieten\/projekte-feste","og_site_name":"Mittelschule Rodaun","article_modified_time":"2025-02-26T14:13:50+00:00","og_image":[{"width":1200,"height":491,"url":"https:\/\/www.stachristiana.at\/app\/uploads\/sites\/8\/2022\/05\/logo-sta-christiana.png","type":"image\/png"}],"twitter_card":"summary_large_image","twitter_misc":{"Gesch\u00e4tzte Lesezeit":"1\u00a0Minute"},"schema":{"@context":"https:\/\/schema.org","@graph":[{"@type":"WebPage","@id":"https:\/\/www.stachristiana.at\/mittelschule-rodaun\/was-wir-bieten\/projekte-feste","url":"https:\/\/www.stachristiana.at\/mittelschule-rodaun\/was-wir-bieten\/projekte-feste","name":"Feste - Mittelschule Rodaun","isPartOf":{"@id":"https:\/\/www.stachristiana.at\/mittelschule-rodaun\/#website"},"datePublished":"2022-10-27T20:52:58+00:00","dateModified":"2025-02-26T14:13:50+00:00","breadcrumb":{"@id":"https:\/\/www.stachristiana.at\/mittelschule-rodaun\/was-wir-bieten\/projekte-feste#breadcrumb"},"inLanguage":"de","potentialAction":[{"@type":"ReadAction","target":["https:\/\/www.stachristiana.at\/mittelschule-rodaun\/was-wir-bieten\/projekte-feste"]}]},{"@type":"BreadcrumbList","@id":"https:\/\/www.stachristiana.at\/mittelschule-rodaun\/was-wir-bieten\/projekte-feste#breadcrumb","itemListElement":[{"@type":"ListItem","position":1,"name":"Start","item":"https:\/\/www.stachristiana.at\/"},{"@type":"ListItem","position":2,"name":"Was wir bieten","item":"https:\/\/www.stachristiana.at\/mittelschule-rodaun\/was-wir-bieten"},{"@type":"ListItem","position":3,"name":"Feste"}]},{"@type":"WebSite","@id":"https:\/\/www.stachristiana.at\/mittelschule-rodaun\/#website","url":"https:\/\/www.stachristiana.at\/mittelschule-rodaun\/","name":"Sta. Christiana - Private Mittelschule Rodaun","description":"Sta. Christiana - Schulen zum Leben","publisher":{"@id":"https:\/\/www.stachristiana.at\/mittelschule-rodaun\/#organization"},"alternateName":"Private Mittelschule Rodaun","potentialAction":[{"@type":"SearchAction","target":{"@type":"EntryPoint","urlTemplate":"https:\/\/www.stachristiana.at\/mittelschule-rodaun\/?s={search_term_string}"},"query-input":{"@type":"PropertyValueSpecification","valueRequired":true,"valueName":"search_term_string"}}],"inLanguage":"de"},{"@type":"Organization","@id":"https:\/\/www.stachristiana.at\/mittelschule-rodaun\/#organization","name":"Sta. Christiana - Private Mittelschule Rodaun","alternateName":"Private Mittelschule Rodaun","url":"https:\/\/www.stachristiana.at\/mittelschule-rodaun\/","logo":{"@type":"ImageObject","inLanguage":"de","@id":"https:\/\/www.stachristiana.at\/mittelschule-rodaun\/#\/schema\/logo\/image\/","url":"https:\/\/www.stachristiana.at\/app\/uploads\/sites\/8\/2022\/05\/logo-sta-christiana.png","contentUrl":"https:\/\/www.stachristiana.at\/app\/uploads\/sites\/8\/2022\/05\/logo-sta-christiana.png","width":1200,"height":491,"caption":"Sta. Christiana - Private Mittelschule Rodaun"},"image":{"@id":"https:\/\/www.stachristiana.at\/mittelschule-rodaun\/#\/schema\/logo\/image\/"}}]}},"_links":{"self":[{"href":"https:\/\/www.stachristiana.at\/mittelschule-rodaun\/wp-json\/wp\/v2\/pages\/612","targetHints":{"allow":["GET"]}}],"collection":[{"href":"https:\/\/www.stachristiana.at\/mittelschule-rodaun\/wp-json\/wp\/v2\/pages"}],"about":[{"href":"https:\/\/www.stachristiana.at\/mittelschule-rodaun\/wp-json\/wp\/v2\/types\/page"}],"author":[{"embeddable":true,"href":"https:\/\/www.stachristiana.at\/mittelschule-rodaun\/wp-json\/wp\/v2\/users\/5"}],"replies":[{"embeddable":true,"href":"https:\/\/www.stachristiana.at\/mittelschule-rodaun\/wp-json\/wp\/v2\/comments?post=612"}],"version-history":[{"count":5,"href":"https:\/\/www.stachristiana.at\/mittelschule-rodaun\/wp-json\/wp\/v2\/pages\/612\/revisions"}],"predecessor-version":[{"id":2260,"href":"https:\/\/www.stachristiana.at\/mittelschule-rodaun\/wp-json\/wp\/v2\/pages\/612\/revisions\/2260"}],"up":[{"embeddable":true,"href":"https:\/\/www.stachristiana.at\/mittelschule-rodaun\/wp-json\/wp\/v2\/pages\/144"}],"wp:attachment":[{"href":"https:\/\/www.stachristiana.at\/mittelschule-rodaun\/wp-json\/wp\/v2\/media?parent=612"}],"curies":[{"name":"wp","href":"https:\/\/api.w.org\/{rel}","templated":true}]}}