{"id":610,"date":"2022-10-27T22:50:12","date_gmt":"2022-10-27T20:50:12","guid":{"rendered":"http:\/\/www.sanctachristiana.at\/mittelschule-rodaun\/?page_id=610"},"modified":"2025-02-26T15:11:52","modified_gmt":"2025-02-26T14:11:52","slug":"berufsorientierung","status":"publish","type":"page","link":"https:\/\/www.stachristiana.at\/mittelschule-rodaun\/was-wir-bieten\/berufsorientierung","title":{"rendered":"Berufsorientierung"},"content":{"rendered":"\n<p>BOBI (Berufsorientierung und Berufsinformation) wird an der pMS Sta. Christiana in Form eines eigenen Faches sowohl in der 7. als auch in der 8. Schulstufe umgesetzt. Im Mittelpunkt stehen das Erforschen der pers\u00f6nlichen St\u00e4rken und F\u00e4higkeiten, das Kennenlernen von verschiedenen Berufsbildern und Ausbildungsm\u00f6glichkeiten sowie die erfolgreiche Bewerbung inklusive Bewerbungstraining.<\/p>\n\n\n\n<p>Als Erg\u00e4nzung finden berufspraktische Tage und die Schulinformationsmesse \u201eWohin mit 14?\u201c statt. Interessens- bzw. Begabungstests dienen als Orientierungshilfe und runden das Informationsangebot ab.<\/p>\n\n\n\n<p>Der BOBI-Unterricht soll unsere Sch\u00fcler\/innen bestm\u00f6glich auf den \u00dcbertritt in weiterf\u00fchrende Schulen vorbereiten und ihnen eine gute Grundlage f\u00fcr den weiteren Bildungsweg und die Berufswahl vermitteln.<\/p>\n","protected":false},"excerpt":{"rendered":"<p>BOBI (Berufsorientierung und Berufsinformation) wird an der pMS Sta. Christiana in Form eines eigenen Faches sowohl in der 7. als auch in der 8. Schulstufe umgesetzt. Im Mittelpunkt stehen das Erforschen der pers\u00f6nlichen St\u00e4rken und F\u00e4higkeiten, das Kennenlernen von verschiedenen Berufsbildern und Ausbildungsm\u00f6glichkeiten sowie die erfolgreiche Bewerbung inklusive Bewerbungstraining. Als Erg\u00e4nzung finden berufspraktische Tage und [&hellip;]<\/p>\n","protected":false},"author":5,"featured_media":0,"parent":144,"menu_order":3,"comment_status":"closed","ping_status":"closed","template":"","meta":{"footnotes":""},"class_list":["post-610","page","type-page","status-publish","hentry"],"acf":[],"yoast_head":"<!-- This site is optimized with the Yoast SEO plugin v26.8 - https:\/\/yoast.com\/product\/yoast-seo-wordpress\/ -->\n<title>Berufsorientierung - Mittelschule Rodaun<\/title>\n<meta name=\"robots\" content=\"index, follow, max-snippet:-1, max-image-preview:large, max-video-preview:-1\" \/>\n<link rel=\"canonical\" href=\"https:\/\/www.stachristiana.at\/mittelschule-rodaun\/was-wir-bieten\/berufsorientierung\" \/>\n<meta property=\"og:locale\" content=\"de_DE\" \/>\n<meta property=\"og:type\" content=\"article\" \/>\n<meta property=\"og:title\" content=\"Berufsorientierung - Mittelschule Rodaun\" \/>\n<meta property=\"og:description\" content=\"BOBI (Berufsorientierung und Berufsinformation) wird an der pMS Sta. Christiana in Form eines eigenen Faches sowohl in der 7. als auch in der 8. Schulstufe umgesetzt. Im Mittelpunkt stehen das Erforschen der pers\u00f6nlichen St\u00e4rken und F\u00e4higkeiten, das Kennenlernen von verschiedenen Berufsbildern und Ausbildungsm\u00f6glichkeiten sowie die erfolgreiche Bewerbung inklusive Bewerbungstraining. Als Erg\u00e4nzung finden berufspraktische Tage und [&hellip;]\" \/>\n<meta property=\"og:url\" content=\"https:\/\/www.stachristiana.at\/mittelschule-rodaun\/was-wir-bieten\/berufsorientierung\" \/>\n<meta property=\"og:site_name\" content=\"Mittelschule Rodaun\" \/>\n<meta property=\"article:modified_time\" content=\"2025-02-26T14:11:52+00:00\" \/>\n<meta property=\"og:image\" content=\"https:\/\/www.stachristiana.at\/app\/uploads\/sites\/8\/2022\/05\/logo-sta-christiana.png\" \/>\n\t<meta property=\"og:image:width\" content=\"1200\" \/>\n\t<meta property=\"og:image:height\" content=\"491\" \/>\n\t<meta property=\"og:image:type\" content=\"image\/png\" \/>\n<meta name=\"twitter:card\" content=\"summary_large_image\" \/>\n<meta name=\"twitter:label1\" content=\"Gesch\u00e4tzte Lesezeit\" \/>\n\t<meta name=\"twitter:data1\" content=\"1\u00a0Minute\" \/>\n<script type=\"application\/ld+json\" class=\"yoast-schema-graph\">{\"@context\":\"https:\/\/schema.org\",\"@graph\":[{\"@type\":\"WebPage\",\"@id\":\"https:\/\/www.stachristiana.at\/mittelschule-rodaun\/was-wir-bieten\/berufsorientierung\",\"url\":\"https:\/\/www.stachristiana.at\/mittelschule-rodaun\/was-wir-bieten\/berufsorientierung\",\"name\":\"Berufsorientierung - Mittelschule Rodaun\",\"isPartOf\":{\"@id\":\"https:\/\/www.stachristiana.at\/mittelschule-rodaun\/#website\"},\"datePublished\":\"2022-10-27T20:50:12+00:00\",\"dateModified\":\"2025-02-26T14:11:52+00:00\",\"breadcrumb\":{\"@id\":\"https:\/\/www.stachristiana.at\/mittelschule-rodaun\/was-wir-bieten\/berufsorientierung#breadcrumb\"},\"inLanguage\":\"de\",\"potentialAction\":[{\"@type\":\"ReadAction\",\"target\":[\"https:\/\/www.stachristiana.at\/mittelschule-rodaun\/was-wir-bieten\/berufsorientierung\"]}]},{\"@type\":\"BreadcrumbList\",\"@id\":\"https:\/\/www.stachristiana.at\/mittelschule-rodaun\/was-wir-bieten\/berufsorientierung#breadcrumb\",\"itemListElement\":[{\"@type\":\"ListItem\",\"position\":1,\"name\":\"Start\",\"item\":\"https:\/\/www.stachristiana.at\/\"},{\"@type\":\"ListItem\",\"position\":2,\"name\":\"Was wir bieten\",\"item\":\"https:\/\/www.stachristiana.at\/mittelschule-rodaun\/was-wir-bieten\"},{\"@type\":\"ListItem\",\"position\":3,\"name\":\"Berufsorientierung\"}]},{\"@type\":\"WebSite\",\"@id\":\"https:\/\/www.stachristiana.at\/mittelschule-rodaun\/#website\",\"url\":\"https:\/\/www.stachristiana.at\/mittelschule-rodaun\/\",\"name\":\"Sta. Christiana - Private Mittelschule Rodaun\",\"description\":\"Sta. Christiana - Schulen zum Leben\",\"publisher\":{\"@id\":\"https:\/\/www.stachristiana.at\/mittelschule-rodaun\/#organization\"},\"alternateName\":\"Private Mittelschule Rodaun\",\"potentialAction\":[{\"@type\":\"SearchAction\",\"target\":{\"@type\":\"EntryPoint\",\"urlTemplate\":\"https:\/\/www.stachristiana.at\/mittelschule-rodaun\/?s={search_term_string}\"},\"query-input\":{\"@type\":\"PropertyValueSpecification\",\"valueRequired\":true,\"valueName\":\"search_term_string\"}}],\"inLanguage\":\"de\"},{\"@type\":\"Organization\",\"@id\":\"https:\/\/www.stachristiana.at\/mittelschule-rodaun\/#organization\",\"name\":\"Sta. Christiana - Private Mittelschule Rodaun\",\"alternateName\":\"Private Mittelschule Rodaun\",\"url\":\"https:\/\/www.stachristiana.at\/mittelschule-rodaun\/\",\"logo\":{\"@type\":\"ImageObject\",\"inLanguage\":\"de\",\"@id\":\"https:\/\/www.stachristiana.at\/mittelschule-rodaun\/#\/schema\/logo\/image\/\",\"url\":\"https:\/\/www.stachristiana.at\/app\/uploads\/sites\/8\/2022\/05\/logo-sta-christiana.png\",\"contentUrl\":\"https:\/\/www.stachristiana.at\/app\/uploads\/sites\/8\/2022\/05\/logo-sta-christiana.png\",\"width\":1200,\"height\":491,\"caption\":\"Sta. Christiana - Private Mittelschule Rodaun\"},\"image\":{\"@id\":\"https:\/\/www.stachristiana.at\/mittelschule-rodaun\/#\/schema\/logo\/image\/\"}}]}<\/script>\n<!-- \/ Yoast SEO plugin. -->","yoast_head_json":{"title":"Berufsorientierung - Mittelschule Rodaun","robots":{"index":"index","follow":"follow","max-snippet":"max-snippet:-1","max-image-preview":"max-image-preview:large","max-video-preview":"max-video-preview:-1"},"canonical":"https:\/\/www.stachristiana.at\/mittelschule-rodaun\/was-wir-bieten\/berufsorientierung","og_locale":"de_DE","og_type":"article","og_title":"Berufsorientierung - Mittelschule Rodaun","og_description":"BOBI (Berufsorientierung und Berufsinformation) wird an der pMS Sta. Christiana in Form eines eigenen Faches sowohl in der 7. als auch in der 8. Schulstufe umgesetzt. Im Mittelpunkt stehen das Erforschen der pers\u00f6nlichen St\u00e4rken und F\u00e4higkeiten, das Kennenlernen von verschiedenen Berufsbildern und Ausbildungsm\u00f6glichkeiten sowie die erfolgreiche Bewerbung inklusive Bewerbungstraining. Als Erg\u00e4nzung finden berufspraktische Tage und [&hellip;]","og_url":"https:\/\/www.stachristiana.at\/mittelschule-rodaun\/was-wir-bieten\/berufsorientierung","og_site_name":"Mittelschule Rodaun","article_modified_time":"2025-02-26T14:11:52+00:00","og_image":[{"width":1200,"height":491,"url":"https:\/\/www.stachristiana.at\/app\/uploads\/sites\/8\/2022\/05\/logo-sta-christiana.png","type":"image\/png"}],"twitter_card":"summary_large_image","twitter_misc":{"Gesch\u00e4tzte Lesezeit":"1\u00a0Minute"},"schema":{"@context":"https:\/\/schema.org","@graph":[{"@type":"WebPage","@id":"https:\/\/www.stachristiana.at\/mittelschule-rodaun\/was-wir-bieten\/berufsorientierung","url":"https:\/\/www.stachristiana.at\/mittelschule-rodaun\/was-wir-bieten\/berufsorientierung","name":"Berufsorientierung - Mittelschule Rodaun","isPartOf":{"@id":"https:\/\/www.stachristiana.at\/mittelschule-rodaun\/#website"},"datePublished":"2022-10-27T20:50:12+00:00","dateModified":"2025-02-26T14:11:52+00:00","breadcrumb":{"@id":"https:\/\/www.stachristiana.at\/mittelschule-rodaun\/was-wir-bieten\/berufsorientierung#breadcrumb"},"inLanguage":"de","potentialAction":[{"@type":"ReadAction","target":["https:\/\/www.stachristiana.at\/mittelschule-rodaun\/was-wir-bieten\/berufsorientierung"]}]},{"@type":"BreadcrumbList","@id":"https:\/\/www.stachristiana.at\/mittelschule-rodaun\/was-wir-bieten\/berufsorientierung#breadcrumb","itemListElement":[{"@type":"ListItem","position":1,"name":"Start","item":"https:\/\/www.stachristiana.at\/"},{"@type":"ListItem","position":2,"name":"Was wir bieten","item":"https:\/\/www.stachristiana.at\/mittelschule-rodaun\/was-wir-bieten"},{"@type":"ListItem","position":3,"name":"Berufsorientierung"}]},{"@type":"WebSite","@id":"https:\/\/www.stachristiana.at\/mittelschule-rodaun\/#website","url":"https:\/\/www.stachristiana.at\/mittelschule-rodaun\/","name":"Sta. Christiana - Private Mittelschule Rodaun","description":"Sta. Christiana - Schulen zum Leben","publisher":{"@id":"https:\/\/www.stachristiana.at\/mittelschule-rodaun\/#organization"},"alternateName":"Private Mittelschule Rodaun","potentialAction":[{"@type":"SearchAction","target":{"@type":"EntryPoint","urlTemplate":"https:\/\/www.stachristiana.at\/mittelschule-rodaun\/?s={search_term_string}"},"query-input":{"@type":"PropertyValueSpecification","valueRequired":true,"valueName":"search_term_string"}}],"inLanguage":"de"},{"@type":"Organization","@id":"https:\/\/www.stachristiana.at\/mittelschule-rodaun\/#organization","name":"Sta. Christiana - Private Mittelschule Rodaun","alternateName":"Private Mittelschule Rodaun","url":"https:\/\/www.stachristiana.at\/mittelschule-rodaun\/","logo":{"@type":"ImageObject","inLanguage":"de","@id":"https:\/\/www.stachristiana.at\/mittelschule-rodaun\/#\/schema\/logo\/image\/","url":"https:\/\/www.stachristiana.at\/app\/uploads\/sites\/8\/2022\/05\/logo-sta-christiana.png","contentUrl":"https:\/\/www.stachristiana.at\/app\/uploads\/sites\/8\/2022\/05\/logo-sta-christiana.png","width":1200,"height":491,"caption":"Sta. Christiana - Private Mittelschule Rodaun"},"image":{"@id":"https:\/\/www.stachristiana.at\/mittelschule-rodaun\/#\/schema\/logo\/image\/"}}]}},"_links":{"self":[{"href":"https:\/\/www.stachristiana.at\/mittelschule-rodaun\/wp-json\/wp\/v2\/pages\/610","targetHints":{"allow":["GET"]}}],"collection":[{"href":"https:\/\/www.stachristiana.at\/mittelschule-rodaun\/wp-json\/wp\/v2\/pages"}],"about":[{"href":"https:\/\/www.stachristiana.at\/mittelschule-rodaun\/wp-json\/wp\/v2\/types\/page"}],"author":[{"embeddable":true,"href":"https:\/\/www.stachristiana.at\/mittelschule-rodaun\/wp-json\/wp\/v2\/users\/5"}],"replies":[{"embeddable":true,"href":"https:\/\/www.stachristiana.at\/mittelschule-rodaun\/wp-json\/wp\/v2\/comments?post=610"}],"version-history":[{"count":2,"href":"https:\/\/www.stachristiana.at\/mittelschule-rodaun\/wp-json\/wp\/v2\/pages\/610\/revisions"}],"predecessor-version":[{"id":2259,"href":"https:\/\/www.stachristiana.at\/mittelschule-rodaun\/wp-json\/wp\/v2\/pages\/610\/revisions\/2259"}],"up":[{"embeddable":true,"href":"https:\/\/www.stachristiana.at\/mittelschule-rodaun\/wp-json\/wp\/v2\/pages\/144"}],"wp:attachment":[{"href":"https:\/\/www.stachristiana.at\/mittelschule-rodaun\/wp-json\/wp\/v2\/media?parent=610"}],"curies":[{"name":"wp","href":"https:\/\/api.w.org\/{rel}","templated":true}]}}