{"id":325,"date":"2022-06-08T16:50:21","date_gmt":"2022-06-08T14:50:21","guid":{"rendered":"http:\/\/www.sanctachristiana.at\/mittelschule-rodaun\/?page_id=325"},"modified":"2025-11-19T20:35:34","modified_gmt":"2025-11-19T19:35:34","slug":"anmeldung","status":"publish","type":"page","link":"https:\/\/www.stachristiana.at\/mittelschule-rodaun\/anmeldung","title":{"rendered":"Anmeldungen f\u00fcr das SJ 2026\/27 &#8211; (2025\/26 nicht mehr m\u00f6glich!)"},"content":{"rendered":"\n<p class=\"has-text-align-center\"><strong>F\u00fcr das Schuljahr 2025\/26 sind leider keine Anmeldungen mehr m\u00f6glich. Ab sofort besteht die M\u00f6glichkeit, Ihr Kind f\u00fcr die MS Sta Christiana Rodaun f\u00fcr das Schuljahr 2026\/27 anzumelden!<\/strong><\/p>\n\n\n\n<p class=\"has-text-align-center\"><br><strong>Was m\u00fcssen Sie tun?<\/strong><\/p>\n\n\n\n<ol class=\"wp-block-list\">\n<li>Bei Interesse senden Sie uns bitte ein ausgef\u00fclltes Anmeldeformular (siehe<br>Website) per Mail an wms.rodaun@stachristiana.at!<br><\/li>\n\n\n\n<li>Wir melden uns telefonisch bei Ihnen bez\u00fcglich eines Termins f\u00fcr ein<br>Anmeldegespr\u00e4ch!<br><\/li>\n\n\n\n<li>Sie kommen mit Ihrem Kind (mit den notwendigen Unterlagen in Kopie) zu<br>unseren individuellen Terminen im Park! Dort wird die Schule vorgestellt, es<br>findet ein Anmeldegespr\u00e4ch statt und die Frau Direktorin bietet eine<br>Schulf\u00fchrung f\u00fcr kleine Gruppen an!<br>Sie ben\u00f6tigen:\n<ul class=\"wp-block-list\">\n<li>Geburtsurkunde<\/li>\n\n\n\n<li>Meldezettel<\/li>\n\n\n\n<li>Staatsb\u00fcrgerschaftsnachweis\/ Reisepass<\/li>\n\n\n\n<li>eCard (Kopie oder Foto)<\/li>\n\n\n\n<li>Taufschein, wenn vorhanden<\/li>\n\n\n\n<li>etwaige Zeugnisse<br><\/li>\n<\/ul>\n<\/li>\n\n\n\n<li>Ab Mitte Dezember bekommen Sie einen Anruf von uns, wo Sie nochmals<br>gefragt werden, \u201eob Sie den Schulplatz nun fix und verbindlich annehmen<br>wollen&#8220;!<br><\/li>\n\n\n\n<li>Bei positiver R\u00fcckmeldung erhalten Sie per Post eine Anmeldemappe mit<br>allen notwendigen Unterlagen! Bitte den Anmeldeabschnitt und die Einzahlung<br>(Anmeldegeb\u00fchr + 1 Monatsbeitrag Schulgeld) zeitgerecht vornehmen.<br><\/li>\n\n\n\n<li>Nun ist der Schulplatz fix!<br><\/li>\n\n\n\n<li>Sie bringen uns nach den Semesterferien die Original-Schulnachricht Ihres<br>Kindes (von der 4. Klasse VS) vorbei, damit wir diese abstempeln und<br>kopieren k\u00f6nnen.<br><\/li>\n\n\n\n<li>In der letzten Schulwoche laden wir Sie und Ihr Kind zu einem pers\u00f6nlichen<br>Termin ein, bei dem die Klasseneinteilung und die dazugeh\u00f6rigen<br>Lehrer bekannt gegeben werden. Weiters werden Ihnen wichtige Informationen f\u00fcr den Schulstart im Herbst mitgeteilt! <\/li>\n<\/ol>\n\n\n\n<p class=\"has-text-align-center\"><strong><em>Wir freuen uns \u00fcber Ihre Anmeldung! Gabriela Herrmann mit dem Lehrer<\/em>*innen- und Sozialp\u00e4dagog*innenteam<\/strong><\/p>\n\n\n\n<div data-wp-interactive=\"core\/file\" class=\"wp-block-file\"><object data-wp-bind--hidden=\"!state.hasPdfPreview\" hidden class=\"wp-block-file__embed\" data=\"https:\/\/www.stachristiana.at\/app\/uploads\/sites\/8\/2023\/02\/Anmeldeformular_NEU.pdf\" type=\"application\/pdf\" style=\"width:100%;height:600px\" aria-label=\"Einbettung von Anmeldeformular_NEU.\"><\/object><a id=\"wp-block-file--media-7e4a7d62-788e-4015-a158-7c947d3f5ab9\" href=\"https:\/\/www.stachristiana.at\/app\/uploads\/sites\/8\/2023\/02\/Anmeldeformular_NEU.pdf\">Anmeldeformular_NEU<\/a><a href=\"https:\/\/www.stachristiana.at\/app\/uploads\/sites\/8\/2023\/02\/Anmeldeformular_NEU.pdf\" class=\"wp-block-file__button wp-element-button\" download aria-describedby=\"wp-block-file--media-7e4a7d62-788e-4015-a158-7c947d3f5ab9\">Herunterladen<\/a><\/div>\n\n\n\n<div data-wp-interactive=\"core\/file\" class=\"wp-block-file\"><object data-wp-bind--hidden=\"!state.hasPdfPreview\" hidden class=\"wp-block-file__embed\" data=\"https:\/\/www.stachristiana.at\/app\/uploads\/sites\/8\/2025\/05\/Tarifordnung-2025_2026.pdf\" type=\"application\/pdf\" style=\"width:100%;height:600px\" aria-label=\"Einbettung von Tarifordnung 2025_2026.\"><\/object><a id=\"wp-block-file--media-04e485a8-0133-4cd8-8ddc-1013b1cda6ec\" href=\"https:\/\/www.stachristiana.at\/app\/uploads\/sites\/8\/2025\/05\/Tarifordnung-2025_2026.pdf\">Tarifordnung 2025_2026<\/a><a href=\"https:\/\/www.stachristiana.at\/app\/uploads\/sites\/8\/2025\/05\/Tarifordnung-2025_2026.pdf\" class=\"wp-block-file__button wp-element-button\" download aria-describedby=\"wp-block-file--media-04e485a8-0133-4cd8-8ddc-1013b1cda6ec\">Herunterladen<\/a><\/div>\n","protected":false},"excerpt":{"rendered":"<p>F\u00fcr das Schuljahr 2025\/26 sind leider keine Anmeldungen mehr m\u00f6glich. Ab sofort besteht die M\u00f6glichkeit, Ihr Kind f\u00fcr die MS Sta Christiana Rodaun f\u00fcr das Schuljahr 2026\/27 anzumelden! Was m\u00fcssen Sie tun? Wir freuen uns \u00fcber Ihre Anmeldung! Gabriela Herrmann mit dem Lehrer*innen- und Sozialp\u00e4dagog*innenteam<\/p>\n","protected":false},"author":1,"featured_media":0,"parent":0,"menu_order":998,"comment_status":"closed","ping_status":"closed","template":"","meta":{"footnotes":""},"class_list":["post-325","page","type-page","status-publish","hentry"],"acf":[],"yoast_head":"<!-- This site is optimized with the Yoast SEO plugin v26.8 - https:\/\/yoast.com\/product\/yoast-seo-wordpress\/ -->\n<title>Anmeldungen f\u00fcr das SJ 2026\/27 - (2025\/26 nicht mehr m\u00f6glich!) - Mittelschule Rodaun<\/title>\n<meta name=\"robots\" content=\"index, follow, max-snippet:-1, max-image-preview:large, max-video-preview:-1\" \/>\n<link rel=\"canonical\" href=\"https:\/\/www.stachristiana.at\/mittelschule-rodaun\/anmeldung\" \/>\n<meta property=\"og:locale\" content=\"de_DE\" \/>\n<meta property=\"og:type\" content=\"article\" \/>\n<meta property=\"og:title\" content=\"Anmeldungen f\u00fcr das SJ 2026\/27 - (2025\/26 nicht mehr m\u00f6glich!) - Mittelschule Rodaun\" \/>\n<meta property=\"og:description\" content=\"F\u00fcr das Schuljahr 2025\/26 sind leider keine Anmeldungen mehr m\u00f6glich. Ab sofort besteht die M\u00f6glichkeit, Ihr Kind f\u00fcr die MS Sta Christiana Rodaun f\u00fcr das Schuljahr 2026\/27 anzumelden! Was m\u00fcssen Sie tun? Wir freuen uns \u00fcber Ihre Anmeldung! Gabriela Herrmann mit dem Lehrer*innen- und Sozialp\u00e4dagog*innenteam\" \/>\n<meta property=\"og:url\" content=\"https:\/\/www.stachristiana.at\/mittelschule-rodaun\/anmeldung\" \/>\n<meta property=\"og:site_name\" content=\"Mittelschule Rodaun\" \/>\n<meta property=\"article:modified_time\" content=\"2025-11-19T19:35:34+00:00\" \/>\n<meta property=\"og:image\" content=\"https:\/\/www.stachristiana.at\/app\/uploads\/sites\/8\/2022\/05\/logo-sta-christiana.png\" \/>\n\t<meta property=\"og:image:width\" content=\"1200\" \/>\n\t<meta property=\"og:image:height\" content=\"491\" \/>\n\t<meta property=\"og:image:type\" content=\"image\/png\" \/>\n<meta name=\"twitter:card\" content=\"summary_large_image\" \/>\n<meta name=\"twitter:label1\" content=\"Gesch\u00e4tzte Lesezeit\" \/>\n\t<meta name=\"twitter:data1\" content=\"2\u00a0Minuten\" \/>\n<script type=\"application\/ld+json\" class=\"yoast-schema-graph\">{\"@context\":\"https:\/\/schema.org\",\"@graph\":[{\"@type\":\"WebPage\",\"@id\":\"https:\/\/www.stachristiana.at\/mittelschule-rodaun\/anmeldung\",\"url\":\"https:\/\/www.stachristiana.at\/mittelschule-rodaun\/anmeldung\",\"name\":\"Anmeldungen f\u00fcr das SJ 2026\/27 - (2025\/26 nicht mehr m\u00f6glich!) - Mittelschule Rodaun\",\"isPartOf\":{\"@id\":\"https:\/\/www.stachristiana.at\/mittelschule-rodaun\/#website\"},\"datePublished\":\"2022-06-08T14:50:21+00:00\",\"dateModified\":\"2025-11-19T19:35:34+00:00\",\"breadcrumb\":{\"@id\":\"https:\/\/www.stachristiana.at\/mittelschule-rodaun\/anmeldung#breadcrumb\"},\"inLanguage\":\"de\",\"potentialAction\":[{\"@type\":\"ReadAction\",\"target\":[\"https:\/\/www.stachristiana.at\/mittelschule-rodaun\/anmeldung\"]}]},{\"@type\":\"BreadcrumbList\",\"@id\":\"https:\/\/www.stachristiana.at\/mittelschule-rodaun\/anmeldung#breadcrumb\",\"itemListElement\":[{\"@type\":\"ListItem\",\"position\":1,\"name\":\"Start\",\"item\":\"https:\/\/www.stachristiana.at\/\"},{\"@type\":\"ListItem\",\"position\":2,\"name\":\"Anmeldungen f\u00fcr das SJ 2026\/27 &#8211; (2025\/26 nicht mehr m\u00f6glich!)\"}]},{\"@type\":\"WebSite\",\"@id\":\"https:\/\/www.stachristiana.at\/mittelschule-rodaun\/#website\",\"url\":\"https:\/\/www.stachristiana.at\/mittelschule-rodaun\/\",\"name\":\"Sta. Christiana - Private Mittelschule Rodaun\",\"description\":\"Sta. Christiana - Schulen zum Leben\",\"publisher\":{\"@id\":\"https:\/\/www.stachristiana.at\/mittelschule-rodaun\/#organization\"},\"alternateName\":\"Private Mittelschule Rodaun\",\"potentialAction\":[{\"@type\":\"SearchAction\",\"target\":{\"@type\":\"EntryPoint\",\"urlTemplate\":\"https:\/\/www.stachristiana.at\/mittelschule-rodaun\/?s={search_term_string}\"},\"query-input\":{\"@type\":\"PropertyValueSpecification\",\"valueRequired\":true,\"valueName\":\"search_term_string\"}}],\"inLanguage\":\"de\"},{\"@type\":\"Organization\",\"@id\":\"https:\/\/www.stachristiana.at\/mittelschule-rodaun\/#organization\",\"name\":\"Sta. Christiana - Private Mittelschule Rodaun\",\"alternateName\":\"Private Mittelschule Rodaun\",\"url\":\"https:\/\/www.stachristiana.at\/mittelschule-rodaun\/\",\"logo\":{\"@type\":\"ImageObject\",\"inLanguage\":\"de\",\"@id\":\"https:\/\/www.stachristiana.at\/mittelschule-rodaun\/#\/schema\/logo\/image\/\",\"url\":\"https:\/\/www.stachristiana.at\/app\/uploads\/sites\/8\/2022\/05\/logo-sta-christiana.png\",\"contentUrl\":\"https:\/\/www.stachristiana.at\/app\/uploads\/sites\/8\/2022\/05\/logo-sta-christiana.png\",\"width\":1200,\"height\":491,\"caption\":\"Sta. Christiana - Private Mittelschule Rodaun\"},\"image\":{\"@id\":\"https:\/\/www.stachristiana.at\/mittelschule-rodaun\/#\/schema\/logo\/image\/\"}}]}<\/script>\n<!-- \/ Yoast SEO plugin. -->","yoast_head_json":{"title":"Anmeldungen f\u00fcr das SJ 2026\/27 - (2025\/26 nicht mehr m\u00f6glich!) - Mittelschule Rodaun","robots":{"index":"index","follow":"follow","max-snippet":"max-snippet:-1","max-image-preview":"max-image-preview:large","max-video-preview":"max-video-preview:-1"},"canonical":"https:\/\/www.stachristiana.at\/mittelschule-rodaun\/anmeldung","og_locale":"de_DE","og_type":"article","og_title":"Anmeldungen f\u00fcr das SJ 2026\/27 - (2025\/26 nicht mehr m\u00f6glich!) - Mittelschule Rodaun","og_description":"F\u00fcr das Schuljahr 2025\/26 sind leider keine Anmeldungen mehr m\u00f6glich. Ab sofort besteht die M\u00f6glichkeit, Ihr Kind f\u00fcr die MS Sta Christiana Rodaun f\u00fcr das Schuljahr 2026\/27 anzumelden! Was m\u00fcssen Sie tun? Wir freuen uns \u00fcber Ihre Anmeldung! Gabriela Herrmann mit dem Lehrer*innen- und Sozialp\u00e4dagog*innenteam","og_url":"https:\/\/www.stachristiana.at\/mittelschule-rodaun\/anmeldung","og_site_name":"Mittelschule Rodaun","article_modified_time":"2025-11-19T19:35:34+00:00","og_image":[{"width":1200,"height":491,"url":"https:\/\/www.stachristiana.at\/app\/uploads\/sites\/8\/2022\/05\/logo-sta-christiana.png","type":"image\/png"}],"twitter_card":"summary_large_image","twitter_misc":{"Gesch\u00e4tzte Lesezeit":"2\u00a0Minuten"},"schema":{"@context":"https:\/\/schema.org","@graph":[{"@type":"WebPage","@id":"https:\/\/www.stachristiana.at\/mittelschule-rodaun\/anmeldung","url":"https:\/\/www.stachristiana.at\/mittelschule-rodaun\/anmeldung","name":"Anmeldungen f\u00fcr das SJ 2026\/27 - (2025\/26 nicht mehr m\u00f6glich!) - Mittelschule Rodaun","isPartOf":{"@id":"https:\/\/www.stachristiana.at\/mittelschule-rodaun\/#website"},"datePublished":"2022-06-08T14:50:21+00:00","dateModified":"2025-11-19T19:35:34+00:00","breadcrumb":{"@id":"https:\/\/www.stachristiana.at\/mittelschule-rodaun\/anmeldung#breadcrumb"},"inLanguage":"de","potentialAction":[{"@type":"ReadAction","target":["https:\/\/www.stachristiana.at\/mittelschule-rodaun\/anmeldung"]}]},{"@type":"BreadcrumbList","@id":"https:\/\/www.stachristiana.at\/mittelschule-rodaun\/anmeldung#breadcrumb","itemListElement":[{"@type":"ListItem","position":1,"name":"Start","item":"https:\/\/www.stachristiana.at\/"},{"@type":"ListItem","position":2,"name":"Anmeldungen f\u00fcr das SJ 2026\/27 &#8211; (2025\/26 nicht mehr m\u00f6glich!)"}]},{"@type":"WebSite","@id":"https:\/\/www.stachristiana.at\/mittelschule-rodaun\/#website","url":"https:\/\/www.stachristiana.at\/mittelschule-rodaun\/","name":"Sta. Christiana - Private Mittelschule Rodaun","description":"Sta. Christiana - Schulen zum Leben","publisher":{"@id":"https:\/\/www.stachristiana.at\/mittelschule-rodaun\/#organization"},"alternateName":"Private Mittelschule Rodaun","potentialAction":[{"@type":"SearchAction","target":{"@type":"EntryPoint","urlTemplate":"https:\/\/www.stachristiana.at\/mittelschule-rodaun\/?s={search_term_string}"},"query-input":{"@type":"PropertyValueSpecification","valueRequired":true,"valueName":"search_term_string"}}],"inLanguage":"de"},{"@type":"Organization","@id":"https:\/\/www.stachristiana.at\/mittelschule-rodaun\/#organization","name":"Sta. Christiana - Private Mittelschule Rodaun","alternateName":"Private Mittelschule Rodaun","url":"https:\/\/www.stachristiana.at\/mittelschule-rodaun\/","logo":{"@type":"ImageObject","inLanguage":"de","@id":"https:\/\/www.stachristiana.at\/mittelschule-rodaun\/#\/schema\/logo\/image\/","url":"https:\/\/www.stachristiana.at\/app\/uploads\/sites\/8\/2022\/05\/logo-sta-christiana.png","contentUrl":"https:\/\/www.stachristiana.at\/app\/uploads\/sites\/8\/2022\/05\/logo-sta-christiana.png","width":1200,"height":491,"caption":"Sta. Christiana - Private Mittelschule Rodaun"},"image":{"@id":"https:\/\/www.stachristiana.at\/mittelschule-rodaun\/#\/schema\/logo\/image\/"}}]}},"_links":{"self":[{"href":"https:\/\/www.stachristiana.at\/mittelschule-rodaun\/wp-json\/wp\/v2\/pages\/325","targetHints":{"allow":["GET"]}}],"collection":[{"href":"https:\/\/www.stachristiana.at\/mittelschule-rodaun\/wp-json\/wp\/v2\/pages"}],"about":[{"href":"https:\/\/www.stachristiana.at\/mittelschule-rodaun\/wp-json\/wp\/v2\/types\/page"}],"author":[{"embeddable":true,"href":"https:\/\/www.stachristiana.at\/mittelschule-rodaun\/wp-json\/wp\/v2\/users\/1"}],"replies":[{"embeddable":true,"href":"https:\/\/www.stachristiana.at\/mittelschule-rodaun\/wp-json\/wp\/v2\/comments?post=325"}],"version-history":[{"count":16,"href":"https:\/\/www.stachristiana.at\/mittelschule-rodaun\/wp-json\/wp\/v2\/pages\/325\/revisions"}],"predecessor-version":[{"id":2777,"href":"https:\/\/www.stachristiana.at\/mittelschule-rodaun\/wp-json\/wp\/v2\/pages\/325\/revisions\/2777"}],"wp:attachment":[{"href":"https:\/\/www.stachristiana.at\/mittelschule-rodaun\/wp-json\/wp\/v2\/media?parent=325"}],"curies":[{"name":"wp","href":"https:\/\/api.w.org\/{rel}","templated":true}]}}