{"id":171,"date":"2022-05-10T16:52:10","date_gmt":"2022-05-10T14:52:10","guid":{"rendered":"https:\/\/devmultisite.superfesch.at\/hlw-rodaun\/?page_id=171"},"modified":"2022-05-15T15:38:38","modified_gmt":"2022-05-15T13:38:38","slug":"anfahrt","status":"publish","type":"page","link":"https:\/\/www.stachristiana.at\/mittelschule-rodaun\/anfahrt","title":{"rendered":"Anfahrt"},"content":{"rendered":"\n<div class=\"wp-block-columns is-layout-flex wp-container-core-columns-is-layout-28f84493 wp-block-columns-is-layout-flex\">\n<div class=\"wp-block-column is-layout-flow wp-block-column-is-layout-flow\">\n<p>So erreichen Sie uns<\/p>\n\n\n\n<p><strong>mit \u00f6ffentlichen Verkehrsmitteln:<\/strong><\/p>\n\n\n\n<ul class=\"wp-block-list\"><li>Schnellbahn Liesing<\/li><li>60A<\/li><li>Stra\u00dfenbahn Linie 60 Endstation Rodaun<\/li><li>Bus 255 aus Kaltenleutgeben<\/li><li>Bus 259 aus M\u00f6dling, Maria Enzersdorf, Brunn am Gebirge<\/li><\/ul>\n\n\n\n<p><strong>mit dem Auto:<\/strong><\/p>\n\n\n\n<ul class=\"wp-block-list\"><li>Hochstra\u00dfe<\/li><li>Kaltenleutgebner Stra\u00dfe<\/li><li>Willergasse<\/li><\/ul>\n<\/div>\n\n\n\n<div class=\"wp-block-column is-layout-flow wp-block-column-is-layout-flow\"><div id=\"map-block_627e7eb7134ed\" class=\"map\"><\/div><\/div>\n<\/div>\n","protected":false},"excerpt":{"rendered":"<p>So erreichen Sie uns mit \u00f6ffentlichen Verkehrsmitteln: Schnellbahn Liesing 60A Stra\u00dfenbahn Linie 60 Endstation Rodaun Bus 255 aus Kaltenleutgeben Bus 259 aus M\u00f6dling, Maria Enzersdorf, Brunn am Gebirge mit dem Auto: Hochstra\u00dfe Kaltenleutgebner Stra\u00dfe Willergasse<\/p>\n","protected":false},"author":1,"featured_media":0,"parent":0,"menu_order":900,"comment_status":"closed","ping_status":"closed","template":"","meta":{"footnotes":""},"class_list":["post-171","page","type-page","status-publish","hentry"],"acf":[],"yoast_head":"<!-- This site is optimized with the Yoast SEO plugin v26.8 - https:\/\/yoast.com\/product\/yoast-seo-wordpress\/ -->\n<title>Anfahrt - Mittelschule Rodaun<\/title>\n<meta name=\"robots\" content=\"index, follow, max-snippet:-1, max-image-preview:large, max-video-preview:-1\" \/>\n<link rel=\"canonical\" href=\"https:\/\/devmultisite.superfesch.at\/hlw-rodaun\/anfahrt\" \/>\n<meta property=\"og:locale\" content=\"de_DE\" \/>\n<meta property=\"og:type\" content=\"article\" \/>\n<meta property=\"og:title\" content=\"Anfahrt - Mittelschule Rodaun\" \/>\n<meta property=\"og:description\" content=\"So erreichen Sie uns mit \u00f6ffentlichen Verkehrsmitteln: Schnellbahn Liesing 60A Stra\u00dfenbahn Linie 60 Endstation Rodaun Bus 255 aus Kaltenleutgeben Bus 259 aus M\u00f6dling, Maria Enzersdorf, Brunn am Gebirge mit dem Auto: Hochstra\u00dfe Kaltenleutgebner Stra\u00dfe Willergasse\" \/>\n<meta property=\"og:url\" content=\"https:\/\/devmultisite.superfesch.at\/hlw-rodaun\/anfahrt\" \/>\n<meta property=\"og:site_name\" content=\"Mittelschule Rodaun\" \/>\n<meta property=\"article:modified_time\" content=\"2022-05-15T13:38:38+00:00\" \/>\n<meta property=\"og:image\" content=\"https:\/\/www.stachristiana.at\/app\/uploads\/sites\/8\/2022\/05\/logo-sta-christiana.png\" \/>\n\t<meta property=\"og:image:width\" content=\"1200\" \/>\n\t<meta property=\"og:image:height\" content=\"491\" \/>\n\t<meta property=\"og:image:type\" content=\"image\/png\" \/>\n<meta name=\"twitter:card\" content=\"summary_large_image\" \/>\n<meta name=\"twitter:label1\" content=\"Gesch\u00e4tzte Lesezeit\" \/>\n\t<meta name=\"twitter:data1\" content=\"1\u00a0Minute\" \/>\n<script type=\"application\/ld+json\" class=\"yoast-schema-graph\">{\"@context\":\"https:\/\/schema.org\",\"@graph\":[{\"@type\":\"WebPage\",\"@id\":\"https:\/\/devmultisite.superfesch.at\/hlw-rodaun\/anfahrt\",\"url\":\"https:\/\/devmultisite.superfesch.at\/hlw-rodaun\/anfahrt\",\"name\":\"Anfahrt - Mittelschule Rodaun\",\"isPartOf\":{\"@id\":\"https:\/\/www.stachristiana.at\/mittelschule-rodaun\/#website\"},\"datePublished\":\"2022-05-10T14:52:10+00:00\",\"dateModified\":\"2022-05-15T13:38:38+00:00\",\"breadcrumb\":{\"@id\":\"https:\/\/devmultisite.superfesch.at\/hlw-rodaun\/anfahrt#breadcrumb\"},\"inLanguage\":\"de\",\"potentialAction\":[{\"@type\":\"ReadAction\",\"target\":[\"https:\/\/devmultisite.superfesch.at\/hlw-rodaun\/anfahrt\"]}]},{\"@type\":\"BreadcrumbList\",\"@id\":\"https:\/\/devmultisite.superfesch.at\/hlw-rodaun\/anfahrt#breadcrumb\",\"itemListElement\":[{\"@type\":\"ListItem\",\"position\":1,\"name\":\"Start\",\"item\":\"https:\/\/www.stachristiana.at\/\"},{\"@type\":\"ListItem\",\"position\":2,\"name\":\"Anfahrt\"}]},{\"@type\":\"WebSite\",\"@id\":\"https:\/\/www.stachristiana.at\/mittelschule-rodaun\/#website\",\"url\":\"https:\/\/www.stachristiana.at\/mittelschule-rodaun\/\",\"name\":\"Sta. Christiana - Private Mittelschule Rodaun\",\"description\":\"Sta. Christiana - Schulen zum Leben\",\"publisher\":{\"@id\":\"https:\/\/www.stachristiana.at\/mittelschule-rodaun\/#organization\"},\"alternateName\":\"Private Mittelschule Rodaun\",\"potentialAction\":[{\"@type\":\"SearchAction\",\"target\":{\"@type\":\"EntryPoint\",\"urlTemplate\":\"https:\/\/www.stachristiana.at\/mittelschule-rodaun\/?s={search_term_string}\"},\"query-input\":{\"@type\":\"PropertyValueSpecification\",\"valueRequired\":true,\"valueName\":\"search_term_string\"}}],\"inLanguage\":\"de\"},{\"@type\":\"Organization\",\"@id\":\"https:\/\/www.stachristiana.at\/mittelschule-rodaun\/#organization\",\"name\":\"Sta. Christiana - Private Mittelschule Rodaun\",\"alternateName\":\"Private Mittelschule Rodaun\",\"url\":\"https:\/\/www.stachristiana.at\/mittelschule-rodaun\/\",\"logo\":{\"@type\":\"ImageObject\",\"inLanguage\":\"de\",\"@id\":\"https:\/\/www.stachristiana.at\/mittelschule-rodaun\/#\/schema\/logo\/image\/\",\"url\":\"https:\/\/www.stachristiana.at\/app\/uploads\/sites\/8\/2022\/05\/logo-sta-christiana.png\",\"contentUrl\":\"https:\/\/www.stachristiana.at\/app\/uploads\/sites\/8\/2022\/05\/logo-sta-christiana.png\",\"width\":1200,\"height\":491,\"caption\":\"Sta. Christiana - Private Mittelschule Rodaun\"},\"image\":{\"@id\":\"https:\/\/www.stachristiana.at\/mittelschule-rodaun\/#\/schema\/logo\/image\/\"}}]}<\/script>\n<!-- \/ Yoast SEO plugin. -->","yoast_head_json":{"title":"Anfahrt - Mittelschule Rodaun","robots":{"index":"index","follow":"follow","max-snippet":"max-snippet:-1","max-image-preview":"max-image-preview:large","max-video-preview":"max-video-preview:-1"},"canonical":"https:\/\/devmultisite.superfesch.at\/hlw-rodaun\/anfahrt","og_locale":"de_DE","og_type":"article","og_title":"Anfahrt - Mittelschule Rodaun","og_description":"So erreichen Sie uns mit \u00f6ffentlichen Verkehrsmitteln: Schnellbahn Liesing 60A Stra\u00dfenbahn Linie 60 Endstation Rodaun Bus 255 aus Kaltenleutgeben Bus 259 aus M\u00f6dling, Maria Enzersdorf, Brunn am Gebirge mit dem Auto: Hochstra\u00dfe Kaltenleutgebner Stra\u00dfe Willergasse","og_url":"https:\/\/devmultisite.superfesch.at\/hlw-rodaun\/anfahrt","og_site_name":"Mittelschule Rodaun","article_modified_time":"2022-05-15T13:38:38+00:00","og_image":[{"width":1200,"height":491,"url":"https:\/\/www.stachristiana.at\/app\/uploads\/sites\/8\/2022\/05\/logo-sta-christiana.png","type":"image\/png"}],"twitter_card":"summary_large_image","twitter_misc":{"Gesch\u00e4tzte Lesezeit":"1\u00a0Minute"},"schema":{"@context":"https:\/\/schema.org","@graph":[{"@type":"WebPage","@id":"https:\/\/devmultisite.superfesch.at\/hlw-rodaun\/anfahrt","url":"https:\/\/devmultisite.superfesch.at\/hlw-rodaun\/anfahrt","name":"Anfahrt - Mittelschule Rodaun","isPartOf":{"@id":"https:\/\/www.stachristiana.at\/mittelschule-rodaun\/#website"},"datePublished":"2022-05-10T14:52:10+00:00","dateModified":"2022-05-15T13:38:38+00:00","breadcrumb":{"@id":"https:\/\/devmultisite.superfesch.at\/hlw-rodaun\/anfahrt#breadcrumb"},"inLanguage":"de","potentialAction":[{"@type":"ReadAction","target":["https:\/\/devmultisite.superfesch.at\/hlw-rodaun\/anfahrt"]}]},{"@type":"BreadcrumbList","@id":"https:\/\/devmultisite.superfesch.at\/hlw-rodaun\/anfahrt#breadcrumb","itemListElement":[{"@type":"ListItem","position":1,"name":"Start","item":"https:\/\/www.stachristiana.at\/"},{"@type":"ListItem","position":2,"name":"Anfahrt"}]},{"@type":"WebSite","@id":"https:\/\/www.stachristiana.at\/mittelschule-rodaun\/#website","url":"https:\/\/www.stachristiana.at\/mittelschule-rodaun\/","name":"Sta. Christiana - Private Mittelschule Rodaun","description":"Sta. Christiana - Schulen zum Leben","publisher":{"@id":"https:\/\/www.stachristiana.at\/mittelschule-rodaun\/#organization"},"alternateName":"Private Mittelschule Rodaun","potentialAction":[{"@type":"SearchAction","target":{"@type":"EntryPoint","urlTemplate":"https:\/\/www.stachristiana.at\/mittelschule-rodaun\/?s={search_term_string}"},"query-input":{"@type":"PropertyValueSpecification","valueRequired":true,"valueName":"search_term_string"}}],"inLanguage":"de"},{"@type":"Organization","@id":"https:\/\/www.stachristiana.at\/mittelschule-rodaun\/#organization","name":"Sta. Christiana - Private Mittelschule Rodaun","alternateName":"Private Mittelschule Rodaun","url":"https:\/\/www.stachristiana.at\/mittelschule-rodaun\/","logo":{"@type":"ImageObject","inLanguage":"de","@id":"https:\/\/www.stachristiana.at\/mittelschule-rodaun\/#\/schema\/logo\/image\/","url":"https:\/\/www.stachristiana.at\/app\/uploads\/sites\/8\/2022\/05\/logo-sta-christiana.png","contentUrl":"https:\/\/www.stachristiana.at\/app\/uploads\/sites\/8\/2022\/05\/logo-sta-christiana.png","width":1200,"height":491,"caption":"Sta. Christiana - Private Mittelschule Rodaun"},"image":{"@id":"https:\/\/www.stachristiana.at\/mittelschule-rodaun\/#\/schema\/logo\/image\/"}}]}},"_links":{"self":[{"href":"https:\/\/www.stachristiana.at\/mittelschule-rodaun\/wp-json\/wp\/v2\/pages\/171","targetHints":{"allow":["GET"]}}],"collection":[{"href":"https:\/\/www.stachristiana.at\/mittelschule-rodaun\/wp-json\/wp\/v2\/pages"}],"about":[{"href":"https:\/\/www.stachristiana.at\/mittelschule-rodaun\/wp-json\/wp\/v2\/types\/page"}],"author":[{"embeddable":true,"href":"https:\/\/www.stachristiana.at\/mittelschule-rodaun\/wp-json\/wp\/v2\/users\/1"}],"replies":[{"embeddable":true,"href":"https:\/\/www.stachristiana.at\/mittelschule-rodaun\/wp-json\/wp\/v2\/comments?post=171"}],"version-history":[{"count":12,"href":"https:\/\/www.stachristiana.at\/mittelschule-rodaun\/wp-json\/wp\/v2\/pages\/171\/revisions"}],"predecessor-version":[{"id":249,"href":"https:\/\/www.stachristiana.at\/mittelschule-rodaun\/wp-json\/wp\/v2\/pages\/171\/revisions\/249"}],"wp:attachment":[{"href":"https:\/\/www.stachristiana.at\/mittelschule-rodaun\/wp-json\/wp\/v2\/media?parent=171"}],"curies":[{"name":"wp","href":"https:\/\/api.w.org\/{rel}","templated":true}]}}