{"id":1224,"date":"2023-04-15T18:46:32","date_gmt":"2023-04-15T16:46:32","guid":{"rendered":"https:\/\/www.stachristiana.at\/mittelschule-rodaun\/?page_id=1224"},"modified":"2023-10-13T10:51:01","modified_gmt":"2023-10-13T08:51:01","slug":"projekte","status":"publish","type":"page","link":"https:\/\/www.stachristiana.at\/mittelschule-rodaun\/was-wir-tun\/projekte","title":{"rendered":"Projekte"},"content":{"rendered":"\n<p>Hier finden Sie eine \u00dcbersicht \u00fcber aktuelle Projekte am Schulstandort.<\/p>\n\n\n\n<p><strong>Erasmus+<\/strong>\u00a0ist das EU-Programm zur F\u00f6rderung von allgemeiner und<br>beruflicher Bildung, Jugend und Sport in Europa. Schwerpunkte des<br>Programms 2021\u20132027 sind soziale Inklusion und Vielfalt, der gr\u00fcne<br>und digitale Wandel sowie die F\u00f6rderung der Teilhabe junger<br>Menschen am demokratischen Leben.<\/p>\n\n\n\n<p><strong>Mint G\u00fctesiegel: <\/strong>Mit dem MINT-G\u00fctesiegel werden Bildungseinrichtungen ausgezeichnet, die mit verschiedenen Ma\u00dfnahmen innovatives und begeisterndes Lernen in Mathematik, Informatik, Naturwissenschaft und Technik f\u00f6rdern und mit vielf\u00e4ltigen Zug\u00e4ngen f\u00fcr M\u00e4dchen und Burschen umsetzen.<\/p>\n\n\n\n<p><strong>Stiftung Wirtschaftsbildung:<\/strong> Im Rahmen des Schulpiloten Wirtschaftsbildung unterst\u00fctzt die Stiftung \u00f6sterreichische Schulen der Sekundarstufe\u00a0I (Mittelschulen (MS) und Allgemeinbildende H\u00f6here Schulen \u2013 Unterstufe (AHS)) dabei, einen inhaltlichen und didaktischen Wirtschaftsbildungsschwerpunkt zu etablieren. Der Schulpilot Wirtschaftsbildung wird im Rahmen der Schulautonomie umgesetzt.<\/p>\n\n\n\n<div id=\"partners-block_9f992ea407d98a91edf7467ac0056438\" class=\"partners\">\n\t<a href=\"https:\/\/erasmus-plus.ec.europa.eu\/de\/about-erasmus\/what-is-erasmus\" target=\"_blank\" class=\"partners-item\"><img loading=\"lazy\" decoding=\"async\" width=\"192\" height=\"42\" src=\"https:\/\/www.stachristiana.at\/app\/uploads\/sites\/8\/2023\/04\/erasmus-plus-192x42.jpg\" class=\"attachment-partner-logo size-partner-logo\" alt=\"\" srcset=\"https:\/\/www.stachristiana.at\/app\/uploads\/sites\/8\/2023\/04\/erasmus-plus-192x42.jpg 192w, https:\/\/www.stachristiana.at\/app\/uploads\/sites\/8\/2023\/04\/erasmus-plus-400x88.jpg 400w, https:\/\/www.stachristiana.at\/app\/uploads\/sites\/8\/2023\/04\/erasmus-plus-1024x225.jpg 1024w, https:\/\/www.stachristiana.at\/app\/uploads\/sites\/8\/2023\/04\/erasmus-plus-768x169.jpg 768w, https:\/\/www.stachristiana.at\/app\/uploads\/sites\/8\/2023\/04\/erasmus-plus-1536x338.jpg 1536w, https:\/\/www.stachristiana.at\/app\/uploads\/sites\/8\/2023\/04\/erasmus-plus-2048x450.jpg 2048w, https:\/\/www.stachristiana.at\/app\/uploads\/sites\/8\/2023\/04\/erasmus-plus-890x196.jpg 890w\" sizes=\"auto, (max-width: 192px) 100vw, 192px\" \/><\/a><a href=\"https:\/\/stiftung-wirtschaftsbildung.at\/angebot\/schulpilot\/\" target=\"\" class=\"partners-item\"><img loading=\"lazy\" decoding=\"async\" width=\"75\" height=\"75\" src=\"https:\/\/www.stachristiana.at\/app\/uploads\/sites\/8\/2023\/10\/logo_pilotschule_web-75x75.jpg\" class=\"attachment-partner-logo size-partner-logo\" alt=\"\" srcset=\"https:\/\/www.stachristiana.at\/app\/uploads\/sites\/8\/2023\/10\/logo_pilotschule_web-75x75.jpg 75w, https:\/\/www.stachristiana.at\/app\/uploads\/sites\/8\/2023\/10\/logo_pilotschule_web-400x400.jpg 400w, https:\/\/www.stachristiana.at\/app\/uploads\/sites\/8\/2023\/10\/logo_pilotschule_web-150x150.jpg 150w, https:\/\/www.stachristiana.at\/app\/uploads\/sites\/8\/2023\/10\/logo_pilotschule_web-250x250.jpg 250w, https:\/\/www.stachristiana.at\/app\/uploads\/sites\/8\/2023\/10\/logo_pilotschule_web-462x460.jpg 462w, https:\/\/www.stachristiana.at\/app\/uploads\/sites\/8\/2023\/10\/logo_pilotschule_web.jpg 591w\" sizes=\"auto, (max-width: 75px) 100vw, 75px\" \/><\/a><a href=\"https:\/\/www.mintschule.at\/guetesiegel\/\" target=\"\" class=\"partners-item\"><img loading=\"lazy\" decoding=\"async\" width=\"106\" height=\"75\" src=\"https:\/\/www.stachristiana.at\/app\/uploads\/sites\/8\/2023\/10\/mint-Siegel-106x75.png\" class=\"attachment-partner-logo size-partner-logo\" alt=\"\" srcset=\"https:\/\/www.stachristiana.at\/app\/uploads\/sites\/8\/2023\/10\/mint-Siegel-106x75.png 106w, https:\/\/www.stachristiana.at\/app\/uploads\/sites\/8\/2023\/10\/mint-Siegel-400x283.png 400w, https:\/\/www.stachristiana.at\/app\/uploads\/sites\/8\/2023\/10\/mint-Siegel-768x543.png 768w, https:\/\/www.stachristiana.at\/app\/uploads\/sites\/8\/2023\/10\/mint-Siegel-651x460.png 651w, https:\/\/www.stachristiana.at\/app\/uploads\/sites\/8\/2023\/10\/mint-Siegel.png 1000w\" sizes=\"auto, (max-width: 106px) 100vw, 106px\" \/><\/a><\/div>\n","protected":false},"excerpt":{"rendered":"<p>Hier finden Sie eine \u00dcbersicht \u00fcber aktuelle Projekte am Schulstandort. Erasmus+\u00a0ist das EU-Programm zur F\u00f6rderung von allgemeiner undberuflicher Bildung, Jugend und Sport in Europa. Schwerpunkte desProgramms 2021\u20132027 sind soziale Inklusion und Vielfalt, der gr\u00fcneund digitale Wandel sowie die F\u00f6rderung der Teilhabe jungerMenschen am demokratischen Leben. Mint G\u00fctesiegel: Mit dem MINT-G\u00fctesiegel werden Bildungseinrichtungen ausgezeichnet, die mit [&hellip;]<\/p>\n","protected":false},"author":19,"featured_media":0,"parent":142,"menu_order":2,"comment_status":"closed","ping_status":"closed","template":"","meta":{"footnotes":""},"class_list":["post-1224","page","type-page","status-publish","hentry"],"acf":[],"yoast_head":"<!-- This site is optimized with the Yoast SEO plugin v26.8 - https:\/\/yoast.com\/product\/yoast-seo-wordpress\/ -->\n<title>Projekte - Mittelschule Rodaun<\/title>\n<meta name=\"robots\" content=\"index, follow, max-snippet:-1, max-image-preview:large, max-video-preview:-1\" \/>\n<link rel=\"canonical\" href=\"https:\/\/www.stachristiana.at\/mittelschule-rodaun\/was-wir-tun\/projekte\" \/>\n<meta property=\"og:locale\" content=\"de_DE\" \/>\n<meta property=\"og:type\" content=\"article\" \/>\n<meta property=\"og:title\" content=\"Projekte - Mittelschule Rodaun\" \/>\n<meta property=\"og:description\" content=\"Hier finden Sie eine \u00dcbersicht \u00fcber aktuelle Projekte am Schulstandort. Erasmus+\u00a0ist das EU-Programm zur F\u00f6rderung von allgemeiner undberuflicher Bildung, Jugend und Sport in Europa. Schwerpunkte desProgramms 2021\u20132027 sind soziale Inklusion und Vielfalt, der gr\u00fcneund digitale Wandel sowie die F\u00f6rderung der Teilhabe jungerMenschen am demokratischen Leben. Mint G\u00fctesiegel: Mit dem MINT-G\u00fctesiegel werden Bildungseinrichtungen ausgezeichnet, die mit [&hellip;]\" \/>\n<meta property=\"og:url\" content=\"https:\/\/www.stachristiana.at\/mittelschule-rodaun\/was-wir-tun\/projekte\" \/>\n<meta property=\"og:site_name\" content=\"Mittelschule Rodaun\" \/>\n<meta property=\"article:modified_time\" content=\"2023-10-13T08:51:01+00:00\" \/>\n<meta property=\"og:image\" content=\"https:\/\/www.stachristiana.at\/app\/uploads\/sites\/8\/2022\/05\/logo-sta-christiana.png\" \/>\n\t<meta property=\"og:image:width\" content=\"1200\" \/>\n\t<meta property=\"og:image:height\" content=\"491\" \/>\n\t<meta property=\"og:image:type\" content=\"image\/png\" \/>\n<meta name=\"twitter:card\" content=\"summary_large_image\" \/>\n<meta name=\"twitter:label1\" content=\"Gesch\u00e4tzte Lesezeit\" \/>\n\t<meta name=\"twitter:data1\" content=\"1\u00a0Minute\" \/>\n<script type=\"application\/ld+json\" class=\"yoast-schema-graph\">{\"@context\":\"https:\/\/schema.org\",\"@graph\":[{\"@type\":\"WebPage\",\"@id\":\"https:\/\/www.stachristiana.at\/mittelschule-rodaun\/was-wir-tun\/projekte\",\"url\":\"https:\/\/www.stachristiana.at\/mittelschule-rodaun\/was-wir-tun\/projekte\",\"name\":\"Projekte - Mittelschule Rodaun\",\"isPartOf\":{\"@id\":\"https:\/\/www.stachristiana.at\/mittelschule-rodaun\/#website\"},\"datePublished\":\"2023-04-15T16:46:32+00:00\",\"dateModified\":\"2023-10-13T08:51:01+00:00\",\"breadcrumb\":{\"@id\":\"https:\/\/www.stachristiana.at\/mittelschule-rodaun\/was-wir-tun\/projekte#breadcrumb\"},\"inLanguage\":\"de\",\"potentialAction\":[{\"@type\":\"ReadAction\",\"target\":[\"https:\/\/www.stachristiana.at\/mittelschule-rodaun\/was-wir-tun\/projekte\"]}]},{\"@type\":\"BreadcrumbList\",\"@id\":\"https:\/\/www.stachristiana.at\/mittelschule-rodaun\/was-wir-tun\/projekte#breadcrumb\",\"itemListElement\":[{\"@type\":\"ListItem\",\"position\":1,\"name\":\"Start\",\"item\":\"https:\/\/www.stachristiana.at\/\"},{\"@type\":\"ListItem\",\"position\":2,\"name\":\"Was wir tun\",\"item\":\"https:\/\/www.stachristiana.at\/mittelschule-rodaun\/was-wir-tun\"},{\"@type\":\"ListItem\",\"position\":3,\"name\":\"Projekte\"}]},{\"@type\":\"WebSite\",\"@id\":\"https:\/\/www.stachristiana.at\/mittelschule-rodaun\/#website\",\"url\":\"https:\/\/www.stachristiana.at\/mittelschule-rodaun\/\",\"name\":\"Sta. Christiana - Private Mittelschule Rodaun\",\"description\":\"Sta. Christiana - Schulen zum Leben\",\"publisher\":{\"@id\":\"https:\/\/www.stachristiana.at\/mittelschule-rodaun\/#organization\"},\"alternateName\":\"Private Mittelschule Rodaun\",\"potentialAction\":[{\"@type\":\"SearchAction\",\"target\":{\"@type\":\"EntryPoint\",\"urlTemplate\":\"https:\/\/www.stachristiana.at\/mittelschule-rodaun\/?s={search_term_string}\"},\"query-input\":{\"@type\":\"PropertyValueSpecification\",\"valueRequired\":true,\"valueName\":\"search_term_string\"}}],\"inLanguage\":\"de\"},{\"@type\":\"Organization\",\"@id\":\"https:\/\/www.stachristiana.at\/mittelschule-rodaun\/#organization\",\"name\":\"Sta. Christiana - Private Mittelschule Rodaun\",\"alternateName\":\"Private Mittelschule Rodaun\",\"url\":\"https:\/\/www.stachristiana.at\/mittelschule-rodaun\/\",\"logo\":{\"@type\":\"ImageObject\",\"inLanguage\":\"de\",\"@id\":\"https:\/\/www.stachristiana.at\/mittelschule-rodaun\/#\/schema\/logo\/image\/\",\"url\":\"https:\/\/www.stachristiana.at\/app\/uploads\/sites\/8\/2022\/05\/logo-sta-christiana.png\",\"contentUrl\":\"https:\/\/www.stachristiana.at\/app\/uploads\/sites\/8\/2022\/05\/logo-sta-christiana.png\",\"width\":1200,\"height\":491,\"caption\":\"Sta. Christiana - Private Mittelschule Rodaun\"},\"image\":{\"@id\":\"https:\/\/www.stachristiana.at\/mittelschule-rodaun\/#\/schema\/logo\/image\/\"}}]}<\/script>\n<!-- \/ Yoast SEO plugin. -->","yoast_head_json":{"title":"Projekte - Mittelschule Rodaun","robots":{"index":"index","follow":"follow","max-snippet":"max-snippet:-1","max-image-preview":"max-image-preview:large","max-video-preview":"max-video-preview:-1"},"canonical":"https:\/\/www.stachristiana.at\/mittelschule-rodaun\/was-wir-tun\/projekte","og_locale":"de_DE","og_type":"article","og_title":"Projekte - Mittelschule Rodaun","og_description":"Hier finden Sie eine \u00dcbersicht \u00fcber aktuelle Projekte am Schulstandort. Erasmus+\u00a0ist das EU-Programm zur F\u00f6rderung von allgemeiner undberuflicher Bildung, Jugend und Sport in Europa. Schwerpunkte desProgramms 2021\u20132027 sind soziale Inklusion und Vielfalt, der gr\u00fcneund digitale Wandel sowie die F\u00f6rderung der Teilhabe jungerMenschen am demokratischen Leben. Mint G\u00fctesiegel: Mit dem MINT-G\u00fctesiegel werden Bildungseinrichtungen ausgezeichnet, die mit [&hellip;]","og_url":"https:\/\/www.stachristiana.at\/mittelschule-rodaun\/was-wir-tun\/projekte","og_site_name":"Mittelschule Rodaun","article_modified_time":"2023-10-13T08:51:01+00:00","og_image":[{"width":1200,"height":491,"url":"https:\/\/www.stachristiana.at\/app\/uploads\/sites\/8\/2022\/05\/logo-sta-christiana.png","type":"image\/png"}],"twitter_card":"summary_large_image","twitter_misc":{"Gesch\u00e4tzte Lesezeit":"1\u00a0Minute"},"schema":{"@context":"https:\/\/schema.org","@graph":[{"@type":"WebPage","@id":"https:\/\/www.stachristiana.at\/mittelschule-rodaun\/was-wir-tun\/projekte","url":"https:\/\/www.stachristiana.at\/mittelschule-rodaun\/was-wir-tun\/projekte","name":"Projekte - Mittelschule Rodaun","isPartOf":{"@id":"https:\/\/www.stachristiana.at\/mittelschule-rodaun\/#website"},"datePublished":"2023-04-15T16:46:32+00:00","dateModified":"2023-10-13T08:51:01+00:00","breadcrumb":{"@id":"https:\/\/www.stachristiana.at\/mittelschule-rodaun\/was-wir-tun\/projekte#breadcrumb"},"inLanguage":"de","potentialAction":[{"@type":"ReadAction","target":["https:\/\/www.stachristiana.at\/mittelschule-rodaun\/was-wir-tun\/projekte"]}]},{"@type":"BreadcrumbList","@id":"https:\/\/www.stachristiana.at\/mittelschule-rodaun\/was-wir-tun\/projekte#breadcrumb","itemListElement":[{"@type":"ListItem","position":1,"name":"Start","item":"https:\/\/www.stachristiana.at\/"},{"@type":"ListItem","position":2,"name":"Was wir tun","item":"https:\/\/www.stachristiana.at\/mittelschule-rodaun\/was-wir-tun"},{"@type":"ListItem","position":3,"name":"Projekte"}]},{"@type":"WebSite","@id":"https:\/\/www.stachristiana.at\/mittelschule-rodaun\/#website","url":"https:\/\/www.stachristiana.at\/mittelschule-rodaun\/","name":"Sta. Christiana - Private Mittelschule Rodaun","description":"Sta. Christiana - Schulen zum Leben","publisher":{"@id":"https:\/\/www.stachristiana.at\/mittelschule-rodaun\/#organization"},"alternateName":"Private Mittelschule Rodaun","potentialAction":[{"@type":"SearchAction","target":{"@type":"EntryPoint","urlTemplate":"https:\/\/www.stachristiana.at\/mittelschule-rodaun\/?s={search_term_string}"},"query-input":{"@type":"PropertyValueSpecification","valueRequired":true,"valueName":"search_term_string"}}],"inLanguage":"de"},{"@type":"Organization","@id":"https:\/\/www.stachristiana.at\/mittelschule-rodaun\/#organization","name":"Sta. Christiana - Private Mittelschule Rodaun","alternateName":"Private Mittelschule Rodaun","url":"https:\/\/www.stachristiana.at\/mittelschule-rodaun\/","logo":{"@type":"ImageObject","inLanguage":"de","@id":"https:\/\/www.stachristiana.at\/mittelschule-rodaun\/#\/schema\/logo\/image\/","url":"https:\/\/www.stachristiana.at\/app\/uploads\/sites\/8\/2022\/05\/logo-sta-christiana.png","contentUrl":"https:\/\/www.stachristiana.at\/app\/uploads\/sites\/8\/2022\/05\/logo-sta-christiana.png","width":1200,"height":491,"caption":"Sta. Christiana - Private Mittelschule Rodaun"},"image":{"@id":"https:\/\/www.stachristiana.at\/mittelschule-rodaun\/#\/schema\/logo\/image\/"}}]}},"_links":{"self":[{"href":"https:\/\/www.stachristiana.at\/mittelschule-rodaun\/wp-json\/wp\/v2\/pages\/1224","targetHints":{"allow":["GET"]}}],"collection":[{"href":"https:\/\/www.stachristiana.at\/mittelschule-rodaun\/wp-json\/wp\/v2\/pages"}],"about":[{"href":"https:\/\/www.stachristiana.at\/mittelschule-rodaun\/wp-json\/wp\/v2\/types\/page"}],"author":[{"embeddable":true,"href":"https:\/\/www.stachristiana.at\/mittelschule-rodaun\/wp-json\/wp\/v2\/users\/19"}],"replies":[{"embeddable":true,"href":"https:\/\/www.stachristiana.at\/mittelschule-rodaun\/wp-json\/wp\/v2\/comments?post=1224"}],"version-history":[{"count":6,"href":"https:\/\/www.stachristiana.at\/mittelschule-rodaun\/wp-json\/wp\/v2\/pages\/1224\/revisions"}],"predecessor-version":[{"id":1440,"href":"https:\/\/www.stachristiana.at\/mittelschule-rodaun\/wp-json\/wp\/v2\/pages\/1224\/revisions\/1440"}],"up":[{"embeddable":true,"href":"https:\/\/www.stachristiana.at\/mittelschule-rodaun\/wp-json\/wp\/v2\/pages\/142"}],"wp:attachment":[{"href":"https:\/\/www.stachristiana.at\/mittelschule-rodaun\/wp-json\/wp\/v2\/media?parent=1224"}],"curies":[{"name":"wp","href":"https:\/\/api.w.org\/{rel}","templated":true}]}}