{"id":730,"date":"2022-11-01T16:49:27","date_gmt":"2022-11-01T15:49:27","guid":{"rendered":"http:\/\/www.sanctachristiana.at\/mittelschule-polytechnische-schule-wiener-neustadt\/?page_id=730"},"modified":"2023-02-04T12:43:54","modified_gmt":"2023-02-04T11:43:54","slug":"ms-schulhaus","status":"publish","type":"page","link":"https:\/\/www.stachristiana.at\/mittelschule-polytechnische-schule-wiener-neustadt\/mittelschule\/ms-schulhaus","title":{"rendered":"Schulhaus"},"content":{"rendered":"\n<p>Hier zeigen wir Ihnen Bilder unserer R\u00e4ume und Einrichtungen. Wir freuen uns aber auch \u00fcber einen pers\u00f6nlichen Besuch, am besten am <a href=\"https:\/\/www.stachristiana.at\/mittelschule-polytechnische-schule-wiener-neustadt\/was-wir-tun\/termine\">Tag der offenen T\u00fcr<\/a>, der jedes Jahr im Dezember stattfindet.<\/p>\n\n\n\n<p>Unsere Einrichtung wird st\u00e4ndig erneuert und erweitert. In Zusammenarbeit mit dem Schulverein, der Verwaltung und dem Elternverein wurde in den vergangenen Jahren unter anderem folgendes umgesetzt:<\/p>\n\n\n\n<ul class=\"wp-block-list\">\n<li>digitale Tafeln in allen Klassen<\/li>\n\n\n\n<li>zwei EDV-R\u00e4ume<\/li>\n\n\n\n<li>Notebooks<\/li>\n\n\n\n<li>Schulbibliothek mit Computern und Leseecken<\/li>\n\n\n\n<li>neu m\u00f6blierte Klassenzimmer<\/li>\n\n\n\n<li>Physiksaal<\/li>\n\n\n\n<li>Schulk\u00fcche<\/li>\n\n\n\n<li>Turnsaal<\/li>\n\n\n\n<li>Bewegungsraum<\/li>\n\n\n\n<li>kleiner Festsaal<\/li>\n\n\n\n<li>drei Werkr\u00e4ume<\/li>\n\n\n\n<li>Freiluftklasse<\/li>\n\n\n\n<li>Neugestaltung der Aula im Eingangsbereich<\/li>\n<\/ul>\n\n\n\n<div id=\"gallery-block_541f73111ef5ae3e86ec780933c790f1\" class=\"gallery\">\n\t\t\n\t\t<a href=\"https:\/\/www.stachristiana.at\/app\/uploads\/sites\/11\/2022\/11\/schulhaus.jpg\" class=\"gallery-item\" data-caption=\"&lt;strong&gt;das Schulhaus&lt;\/strong&gt;\" data-fancybox=\"gallery-block_541f73111ef5ae3e86ec780933c790f1\" data-width=\"600\" data-height=\"450\"><img loading=\"lazy\" decoding=\"async\" width=\"400\" height=\"300\" src=\"https:\/\/www.stachristiana.at\/app\/uploads\/sites\/11\/2022\/11\/schulhaus-400x300.jpg\" class=\"attachment-medium size-medium\" alt=\"\" srcset=\"https:\/\/www.stachristiana.at\/app\/uploads\/sites\/11\/2022\/11\/schulhaus-400x300.jpg 400w, https:\/\/www.stachristiana.at\/app\/uploads\/sites\/11\/2022\/11\/schulhaus-100x75.jpg 100w, https:\/\/www.stachristiana.at\/app\/uploads\/sites\/11\/2022\/11\/schulhaus.jpg 600w\" sizes=\"auto, (max-width: 400px) 100vw, 400px\" \/><\/a>\n\n\t\t\n\t\t<a href=\"https:\/\/www.stachristiana.at\/app\/uploads\/sites\/11\/2023\/02\/Schulhaus2.png\" class=\"gallery-item\" data-caption=\"&lt;strong&gt;das Schulhaus&lt;\/strong&gt;\" data-fancybox=\"gallery-block_541f73111ef5ae3e86ec780933c790f1\" data-width=\"718\" data-height=\"537\"><img loading=\"lazy\" decoding=\"async\" width=\"400\" height=\"299\" src=\"https:\/\/www.stachristiana.at\/app\/uploads\/sites\/11\/2023\/02\/Schulhaus2-400x299.png\" class=\"attachment-medium size-medium\" alt=\"\" srcset=\"https:\/\/www.stachristiana.at\/app\/uploads\/sites\/11\/2023\/02\/Schulhaus2-400x299.png 400w, https:\/\/www.stachristiana.at\/app\/uploads\/sites\/11\/2023\/02\/Schulhaus2-615x460.png 615w, https:\/\/www.stachristiana.at\/app\/uploads\/sites\/11\/2023\/02\/Schulhaus2-100x75.png 100w, https:\/\/www.stachristiana.at\/app\/uploads\/sites\/11\/2023\/02\/Schulhaus2.png 718w\" sizes=\"auto, (max-width: 400px) 100vw, 400px\" \/><\/a>\n\n\t\t\n\t\t<a href=\"https:\/\/www.stachristiana.at\/app\/uploads\/sites\/11\/2023\/02\/Schulhaus1.png\" class=\"gallery-item\" data-caption=\"&lt;strong&gt;EDV-Saal&lt;\/strong&gt;\" data-fancybox=\"gallery-block_541f73111ef5ae3e86ec780933c790f1\" data-width=\"718\" data-height=\"537\"><img loading=\"lazy\" decoding=\"async\" width=\"400\" height=\"299\" src=\"https:\/\/www.stachristiana.at\/app\/uploads\/sites\/11\/2023\/02\/Schulhaus1-400x299.png\" class=\"attachment-medium size-medium\" alt=\"\" srcset=\"https:\/\/www.stachristiana.at\/app\/uploads\/sites\/11\/2023\/02\/Schulhaus1-400x299.png 400w, https:\/\/www.stachristiana.at\/app\/uploads\/sites\/11\/2023\/02\/Schulhaus1-615x460.png 615w, https:\/\/www.stachristiana.at\/app\/uploads\/sites\/11\/2023\/02\/Schulhaus1-100x75.png 100w, https:\/\/www.stachristiana.at\/app\/uploads\/sites\/11\/2023\/02\/Schulhaus1.png 718w\" sizes=\"auto, (max-width: 400px) 100vw, 400px\" \/><\/a>\n\n\t\t\n\t\t<a href=\"https:\/\/www.stachristiana.at\/app\/uploads\/sites\/11\/2023\/02\/Schulhaus3.png\" class=\"gallery-item\" data-caption=\"&lt;strong&gt;Speisesaal&lt;\/strong&gt;\" data-fancybox=\"gallery-block_541f73111ef5ae3e86ec780933c790f1\" data-width=\"718\" data-height=\"537\"><img loading=\"lazy\" decoding=\"async\" width=\"400\" height=\"299\" src=\"https:\/\/www.stachristiana.at\/app\/uploads\/sites\/11\/2023\/02\/Schulhaus3-400x299.png\" class=\"attachment-medium size-medium\" alt=\"\" srcset=\"https:\/\/www.stachristiana.at\/app\/uploads\/sites\/11\/2023\/02\/Schulhaus3-400x299.png 400w, https:\/\/www.stachristiana.at\/app\/uploads\/sites\/11\/2023\/02\/Schulhaus3-615x460.png 615w, https:\/\/www.stachristiana.at\/app\/uploads\/sites\/11\/2023\/02\/Schulhaus3-100x75.png 100w, https:\/\/www.stachristiana.at\/app\/uploads\/sites\/11\/2023\/02\/Schulhaus3.png 718w\" sizes=\"auto, (max-width: 400px) 100vw, 400px\" \/><\/a>\n\n\t\t\n\t\t<a href=\"https:\/\/www.stachristiana.at\/app\/uploads\/sites\/11\/2023\/02\/Schulhaus4.png\" class=\"gallery-item\" data-caption=\"&lt;strong&gt;Turnsaal&lt;\/strong&gt;\" data-fancybox=\"gallery-block_541f73111ef5ae3e86ec780933c790f1\" data-width=\"717\" data-height=\"537\"><img loading=\"lazy\" decoding=\"async\" width=\"400\" height=\"300\" src=\"https:\/\/www.stachristiana.at\/app\/uploads\/sites\/11\/2023\/02\/Schulhaus4-400x300.png\" class=\"attachment-medium size-medium\" alt=\"\" srcset=\"https:\/\/www.stachristiana.at\/app\/uploads\/sites\/11\/2023\/02\/Schulhaus4-400x300.png 400w, https:\/\/www.stachristiana.at\/app\/uploads\/sites\/11\/2023\/02\/Schulhaus4-614x460.png 614w, https:\/\/www.stachristiana.at\/app\/uploads\/sites\/11\/2023\/02\/Schulhaus4-100x75.png 100w, https:\/\/www.stachristiana.at\/app\/uploads\/sites\/11\/2023\/02\/Schulhaus4.png 717w\" sizes=\"auto, (max-width: 400px) 100vw, 400px\" \/><\/a>\n\n\t<\/div>\n\n","protected":false},"excerpt":{"rendered":"<p>Hier zeigen wir Ihnen Bilder unserer R\u00e4ume und Einrichtungen. Wir freuen uns aber auch \u00fcber einen pers\u00f6nlichen Besuch, am besten am Tag der offenen T\u00fcr, der jedes Jahr im Dezember stattfindet. Unsere Einrichtung wird st\u00e4ndig erneuert und erweitert. In Zusammenarbeit mit dem Schulverein, der Verwaltung und dem Elternverein wurde in den vergangenen Jahren unter anderem [&hellip;]<\/p>\n","protected":false},"author":5,"featured_media":0,"parent":709,"menu_order":5,"comment_status":"closed","ping_status":"closed","template":"","meta":{"footnotes":""},"class_list":["post-730","page","type-page","status-publish","hentry"],"acf":[],"yoast_head":"<!-- This site is optimized with the Yoast SEO plugin v26.8 - https:\/\/yoast.com\/product\/yoast-seo-wordpress\/ -->\n<title>Schulhaus - MS &amp; PTS Wr. Neustadt<\/title>\n<meta name=\"robots\" content=\"index, follow, max-snippet:-1, max-image-preview:large, max-video-preview:-1\" \/>\n<link rel=\"canonical\" href=\"https:\/\/www.stachristiana.at\/mittelschule-polytechnische-schule-wiener-neustadt\/mittelschule\/ms-schulhaus\" \/>\n<meta property=\"og:locale\" content=\"de_DE\" \/>\n<meta property=\"og:type\" content=\"article\" \/>\n<meta property=\"og:title\" content=\"Schulhaus - MS &amp; PTS Wr. Neustadt\" \/>\n<meta property=\"og:description\" content=\"Hier zeigen wir Ihnen Bilder unserer R\u00e4ume und Einrichtungen. Wir freuen uns aber auch \u00fcber einen pers\u00f6nlichen Besuch, am besten am Tag der offenen T\u00fcr, der jedes Jahr im Dezember stattfindet. Unsere Einrichtung wird st\u00e4ndig erneuert und erweitert. In Zusammenarbeit mit dem Schulverein, der Verwaltung und dem Elternverein wurde in den vergangenen Jahren unter anderem [&hellip;]\" \/>\n<meta property=\"og:url\" content=\"https:\/\/www.stachristiana.at\/mittelschule-polytechnische-schule-wiener-neustadt\/mittelschule\/ms-schulhaus\" \/>\n<meta property=\"og:site_name\" content=\"MS &amp; PTS Wr. Neustadt\" \/>\n<meta property=\"article:modified_time\" content=\"2023-02-04T11:43:54+00:00\" \/>\n<meta property=\"og:image\" content=\"https:\/\/www.stachristiana.at\/app\/uploads\/sites\/11\/2022\/05\/logo-sta-christiana.png\" \/>\n\t<meta property=\"og:image:width\" content=\"1200\" \/>\n\t<meta property=\"og:image:height\" content=\"491\" \/>\n\t<meta property=\"og:image:type\" content=\"image\/png\" \/>\n<meta name=\"twitter:card\" content=\"summary_large_image\" \/>\n<meta name=\"twitter:label1\" content=\"Gesch\u00e4tzte Lesezeit\" \/>\n\t<meta name=\"twitter:data1\" content=\"1\u00a0Minute\" \/>\n<script type=\"application\/ld+json\" class=\"yoast-schema-graph\">{\"@context\":\"https:\/\/schema.org\",\"@graph\":[{\"@type\":\"WebPage\",\"@id\":\"https:\/\/www.stachristiana.at\/mittelschule-polytechnische-schule-wiener-neustadt\/mittelschule\/ms-schulhaus\",\"url\":\"https:\/\/www.stachristiana.at\/mittelschule-polytechnische-schule-wiener-neustadt\/mittelschule\/ms-schulhaus\",\"name\":\"Schulhaus - MS &amp; PTS Wr. Neustadt\",\"isPartOf\":{\"@id\":\"https:\/\/www.stachristiana.at\/mittelschule-polytechnische-schule-wiener-neustadt\/#website\"},\"datePublished\":\"2022-11-01T15:49:27+00:00\",\"dateModified\":\"2023-02-04T11:43:54+00:00\",\"breadcrumb\":{\"@id\":\"https:\/\/www.stachristiana.at\/mittelschule-polytechnische-schule-wiener-neustadt\/mittelschule\/ms-schulhaus#breadcrumb\"},\"inLanguage\":\"de\",\"potentialAction\":[{\"@type\":\"ReadAction\",\"target\":[\"https:\/\/www.stachristiana.at\/mittelschule-polytechnische-schule-wiener-neustadt\/mittelschule\/ms-schulhaus\"]}]},{\"@type\":\"BreadcrumbList\",\"@id\":\"https:\/\/www.stachristiana.at\/mittelschule-polytechnische-schule-wiener-neustadt\/mittelschule\/ms-schulhaus#breadcrumb\",\"itemListElement\":[{\"@type\":\"ListItem\",\"position\":1,\"name\":\"Start\",\"item\":\"https:\/\/www.stachristiana.at\/\"},{\"@type\":\"ListItem\",\"position\":2,\"name\":\"Mittelschule\",\"item\":\"https:\/\/www.stachristiana.at\/mittelschule-polytechnische-schule-wiener-neustadt\/mittelschule\"},{\"@type\":\"ListItem\",\"position\":3,\"name\":\"Schulhaus\"}]},{\"@type\":\"WebSite\",\"@id\":\"https:\/\/www.stachristiana.at\/mittelschule-polytechnische-schule-wiener-neustadt\/#website\",\"url\":\"https:\/\/www.stachristiana.at\/mittelschule-polytechnische-schule-wiener-neustadt\/\",\"name\":\"Sta. Christiana - Private MS und PTS Wr. Neustadt\",\"description\":\"Sta. Christiana - Schulen zum Leben\",\"publisher\":{\"@id\":\"https:\/\/www.stachristiana.at\/mittelschule-polytechnische-schule-wiener-neustadt\/#organization\"},\"alternateName\":\"Private MS und PTS Wr. Neustadt\",\"potentialAction\":[{\"@type\":\"SearchAction\",\"target\":{\"@type\":\"EntryPoint\",\"urlTemplate\":\"https:\/\/www.stachristiana.at\/mittelschule-polytechnische-schule-wiener-neustadt\/?s={search_term_string}\"},\"query-input\":{\"@type\":\"PropertyValueSpecification\",\"valueRequired\":true,\"valueName\":\"search_term_string\"}}],\"inLanguage\":\"de\"},{\"@type\":\"Organization\",\"@id\":\"https:\/\/www.stachristiana.at\/mittelschule-polytechnische-schule-wiener-neustadt\/#organization\",\"name\":\"Sta. Christiana - Private MS und PTS Wr. Neustadt\",\"alternateName\":\"Private MS und PTS Wr. Neustadt\",\"url\":\"https:\/\/www.stachristiana.at\/mittelschule-polytechnische-schule-wiener-neustadt\/\",\"logo\":{\"@type\":\"ImageObject\",\"inLanguage\":\"de\",\"@id\":\"https:\/\/www.stachristiana.at\/mittelschule-polytechnische-schule-wiener-neustadt\/#\/schema\/logo\/image\/\",\"url\":\"https:\/\/www.stachristiana.at\/app\/uploads\/sites\/11\/2022\/05\/logo-sta-christiana.png\",\"contentUrl\":\"https:\/\/www.stachristiana.at\/app\/uploads\/sites\/11\/2022\/05\/logo-sta-christiana.png\",\"width\":1200,\"height\":491,\"caption\":\"Sta. Christiana - Private MS und PTS Wr. Neustadt\"},\"image\":{\"@id\":\"https:\/\/www.stachristiana.at\/mittelschule-polytechnische-schule-wiener-neustadt\/#\/schema\/logo\/image\/\"}}]}<\/script>\n<!-- \/ Yoast SEO plugin. -->","yoast_head_json":{"title":"Schulhaus - MS &amp; PTS Wr. Neustadt","robots":{"index":"index","follow":"follow","max-snippet":"max-snippet:-1","max-image-preview":"max-image-preview:large","max-video-preview":"max-video-preview:-1"},"canonical":"https:\/\/www.stachristiana.at\/mittelschule-polytechnische-schule-wiener-neustadt\/mittelschule\/ms-schulhaus","og_locale":"de_DE","og_type":"article","og_title":"Schulhaus - MS &amp; PTS Wr. Neustadt","og_description":"Hier zeigen wir Ihnen Bilder unserer R\u00e4ume und Einrichtungen. Wir freuen uns aber auch \u00fcber einen pers\u00f6nlichen Besuch, am besten am Tag der offenen T\u00fcr, der jedes Jahr im Dezember stattfindet. Unsere Einrichtung wird st\u00e4ndig erneuert und erweitert. In Zusammenarbeit mit dem Schulverein, der Verwaltung und dem Elternverein wurde in den vergangenen Jahren unter anderem [&hellip;]","og_url":"https:\/\/www.stachristiana.at\/mittelschule-polytechnische-schule-wiener-neustadt\/mittelschule\/ms-schulhaus","og_site_name":"MS &amp; PTS Wr. Neustadt","article_modified_time":"2023-02-04T11:43:54+00:00","og_image":[{"width":1200,"height":491,"url":"https:\/\/www.stachristiana.at\/app\/uploads\/sites\/11\/2022\/05\/logo-sta-christiana.png","type":"image\/png"}],"twitter_card":"summary_large_image","twitter_misc":{"Gesch\u00e4tzte Lesezeit":"1\u00a0Minute"},"schema":{"@context":"https:\/\/schema.org","@graph":[{"@type":"WebPage","@id":"https:\/\/www.stachristiana.at\/mittelschule-polytechnische-schule-wiener-neustadt\/mittelschule\/ms-schulhaus","url":"https:\/\/www.stachristiana.at\/mittelschule-polytechnische-schule-wiener-neustadt\/mittelschule\/ms-schulhaus","name":"Schulhaus - MS &amp; PTS Wr. Neustadt","isPartOf":{"@id":"https:\/\/www.stachristiana.at\/mittelschule-polytechnische-schule-wiener-neustadt\/#website"},"datePublished":"2022-11-01T15:49:27+00:00","dateModified":"2023-02-04T11:43:54+00:00","breadcrumb":{"@id":"https:\/\/www.stachristiana.at\/mittelschule-polytechnische-schule-wiener-neustadt\/mittelschule\/ms-schulhaus#breadcrumb"},"inLanguage":"de","potentialAction":[{"@type":"ReadAction","target":["https:\/\/www.stachristiana.at\/mittelschule-polytechnische-schule-wiener-neustadt\/mittelschule\/ms-schulhaus"]}]},{"@type":"BreadcrumbList","@id":"https:\/\/www.stachristiana.at\/mittelschule-polytechnische-schule-wiener-neustadt\/mittelschule\/ms-schulhaus#breadcrumb","itemListElement":[{"@type":"ListItem","position":1,"name":"Start","item":"https:\/\/www.stachristiana.at\/"},{"@type":"ListItem","position":2,"name":"Mittelschule","item":"https:\/\/www.stachristiana.at\/mittelschule-polytechnische-schule-wiener-neustadt\/mittelschule"},{"@type":"ListItem","position":3,"name":"Schulhaus"}]},{"@type":"WebSite","@id":"https:\/\/www.stachristiana.at\/mittelschule-polytechnische-schule-wiener-neustadt\/#website","url":"https:\/\/www.stachristiana.at\/mittelschule-polytechnische-schule-wiener-neustadt\/","name":"Sta. Christiana - Private MS und PTS Wr. Neustadt","description":"Sta. Christiana - Schulen zum Leben","publisher":{"@id":"https:\/\/www.stachristiana.at\/mittelschule-polytechnische-schule-wiener-neustadt\/#organization"},"alternateName":"Private MS und PTS Wr. Neustadt","potentialAction":[{"@type":"SearchAction","target":{"@type":"EntryPoint","urlTemplate":"https:\/\/www.stachristiana.at\/mittelschule-polytechnische-schule-wiener-neustadt\/?s={search_term_string}"},"query-input":{"@type":"PropertyValueSpecification","valueRequired":true,"valueName":"search_term_string"}}],"inLanguage":"de"},{"@type":"Organization","@id":"https:\/\/www.stachristiana.at\/mittelschule-polytechnische-schule-wiener-neustadt\/#organization","name":"Sta. Christiana - Private MS und PTS Wr. Neustadt","alternateName":"Private MS und PTS Wr. Neustadt","url":"https:\/\/www.stachristiana.at\/mittelschule-polytechnische-schule-wiener-neustadt\/","logo":{"@type":"ImageObject","inLanguage":"de","@id":"https:\/\/www.stachristiana.at\/mittelschule-polytechnische-schule-wiener-neustadt\/#\/schema\/logo\/image\/","url":"https:\/\/www.stachristiana.at\/app\/uploads\/sites\/11\/2022\/05\/logo-sta-christiana.png","contentUrl":"https:\/\/www.stachristiana.at\/app\/uploads\/sites\/11\/2022\/05\/logo-sta-christiana.png","width":1200,"height":491,"caption":"Sta. Christiana - Private MS und PTS Wr. Neustadt"},"image":{"@id":"https:\/\/www.stachristiana.at\/mittelschule-polytechnische-schule-wiener-neustadt\/#\/schema\/logo\/image\/"}}]}},"_links":{"self":[{"href":"https:\/\/www.stachristiana.at\/mittelschule-polytechnische-schule-wiener-neustadt\/wp-json\/wp\/v2\/pages\/730","targetHints":{"allow":["GET"]}}],"collection":[{"href":"https:\/\/www.stachristiana.at\/mittelschule-polytechnische-schule-wiener-neustadt\/wp-json\/wp\/v2\/pages"}],"about":[{"href":"https:\/\/www.stachristiana.at\/mittelschule-polytechnische-schule-wiener-neustadt\/wp-json\/wp\/v2\/types\/page"}],"author":[{"embeddable":true,"href":"https:\/\/www.stachristiana.at\/mittelschule-polytechnische-schule-wiener-neustadt\/wp-json\/wp\/v2\/users\/5"}],"replies":[{"embeddable":true,"href":"https:\/\/www.stachristiana.at\/mittelschule-polytechnische-schule-wiener-neustadt\/wp-json\/wp\/v2\/comments?post=730"}],"version-history":[{"count":4,"href":"https:\/\/www.stachristiana.at\/mittelschule-polytechnische-schule-wiener-neustadt\/wp-json\/wp\/v2\/pages\/730\/revisions"}],"predecessor-version":[{"id":966,"href":"https:\/\/www.stachristiana.at\/mittelschule-polytechnische-schule-wiener-neustadt\/wp-json\/wp\/v2\/pages\/730\/revisions\/966"}],"up":[{"embeddable":true,"href":"https:\/\/www.stachristiana.at\/mittelschule-polytechnische-schule-wiener-neustadt\/wp-json\/wp\/v2\/pages\/709"}],"wp:attachment":[{"href":"https:\/\/www.stachristiana.at\/mittelschule-polytechnische-schule-wiener-neustadt\/wp-json\/wp\/v2\/media?parent=730"}],"curies":[{"name":"wp","href":"https:\/\/api.w.org\/{rel}","templated":true}]}}