{"id":73,"date":"2022-05-02T16:26:34","date_gmt":"2022-05-02T14:26:34","guid":{"rendered":"https:\/\/devmultisite.superfesch.at\/hlw-rodaun\/?page_id=73"},"modified":"2023-02-17T11:40:02","modified_gmt":"2023-02-17T10:40:02","slug":"wer-wir-sind","status":"publish","type":"page","link":"https:\/\/www.stachristiana.at\/mittelschule-polytechnische-schule-wiener-neustadt\/wer-wir-sind","title":{"rendered":"Wer wir sind"},"content":{"rendered":"\n<p><strong>STA. CHRISTIANA &#8211; SCHULEN ZUM LEBEN<\/strong><br>\u00a0<\/p>\n\n\n\n<p><strong>Private Mittelschule und Polytechnische Schule Sta. Christiana Wr. Neustadt<\/strong><br>Wiener Stra\u00dfe 65 <br>2700 Wiener Neustadt<br>Schulkennzahl: 304052<\/p>\n\n\n\n<p><br>Wir sind eine famili\u00e4re Privatschule mit Tradition \u2013 seit 1904!<br>Wir bieten in unserem Schulhaus folgende Schulen an:<br><strong>Mittelschule,<\/strong> die lebensorientierte Schule zur Interessensfindung<br><strong>Polytechnische Schule<\/strong> f\u00fcr technische und wirtschaftliche Berufe<br>\u00a0<br><strong>LEITGEDANKEN:<\/strong><\/p>\n\n\n\n<ul class=\"wp-block-list\">\n<li>Der christliche Glaube der katholischen Kirche ist Grundlage unserer T\u00e4tigkeit.<\/li>\n\n\n\n<li>Wir nehmen einander mit all unseren M\u00f6glichkeiten und Grenzen an und sind bestrebt, eine Atmosph\u00e4re der Einfachheit, des Vertrauens, der gegenseitigen Achtung und der Offenheit zu schaffen.<\/li>\n\n\n\n<li>Fundierte Wissensvermittlung mit zeitgem\u00e4\u00dfen Unterrichtsmethoden soll den Kindern eine gute Basis f\u00fcr ihren weiteren Weg geben und in ihnen die Neugier und Eigenst\u00e4ndigkeit wecken.<\/li>\n\n\n\n<li>Eine famili\u00e4re Atmosph\u00e4re und die liebevolle Gestaltung des Umfeldes sollen den Kindern ein Gef\u00fchl der Geborgenheit geben.<\/li>\n\n\n\n<li>Viele verschiedene Menschen brauchen M\u00f6glichkeiten zur Entfaltung der Pers\u00f6nlichkeit und zur F\u00f6rderung individueller Begabungen.<\/li>\n\n\n\n<li>Vereinbarungen verstehen und einhalten! Das ist unumg\u00e4nglich, wenn viele Menschen an einem Ort gemeinsam lernen und leben.<\/li>\n\n\n\n<li>Qualit\u00e4tssicherung und Weiterentwicklung sind immer aktuelle Aufgaben f\u00fcr unsere Schule.<\/li>\n<\/ul>\n\n\n\n<div style=\"height:40px\" aria-hidden=\"true\" class=\"wp-block-spacer\"><\/div>\n\n\n\n<figure class=\"wp-block-image size-full is-resized\"><img loading=\"lazy\" decoding=\"async\" src=\"https:\/\/www.stachristiana.at\/app\/uploads\/sites\/11\/2022\/11\/schulhaus.jpg\" alt=\"\" class=\"wp-image-704\" width=\"450\" height=\"338\" srcset=\"https:\/\/www.stachristiana.at\/app\/uploads\/sites\/11\/2022\/11\/schulhaus.jpg 600w, https:\/\/www.stachristiana.at\/app\/uploads\/sites\/11\/2022\/11\/schulhaus-400x300.jpg 400w, https:\/\/www.stachristiana.at\/app\/uploads\/sites\/11\/2022\/11\/schulhaus-100x75.jpg 100w\" sizes=\"auto, (max-width: 450px) 100vw, 450px\" \/><\/figure>\n","protected":false},"excerpt":{"rendered":"<p>STA. CHRISTIANA &#8211; SCHULEN ZUM LEBEN\u00a0 Private Mittelschule und Polytechnische Schule Sta. Christiana Wr. NeustadtWiener Stra\u00dfe 65 2700 Wiener NeustadtSchulkennzahl: 304052 Wir sind eine famili\u00e4re Privatschule mit Tradition \u2013 seit 1904!Wir bieten in unserem Schulhaus folgende Schulen an:Mittelschule, die lebensorientierte Schule zur InteressensfindungPolytechnische Schule f\u00fcr technische und wirtschaftliche Berufe\u00a0LEITGEDANKEN:<\/p>\n","protected":false},"author":1,"featured_media":0,"parent":0,"menu_order":200,"comment_status":"closed","ping_status":"closed","template":"","meta":{"footnotes":""},"class_list":["post-73","page","type-page","status-publish","hentry"],"acf":[],"yoast_head":"<!-- This site is optimized with the Yoast SEO plugin v26.8 - https:\/\/yoast.com\/product\/yoast-seo-wordpress\/ -->\n<title>Wer wir sind - MS &amp; PTS Wr. Neustadt<\/title>\n<meta name=\"robots\" content=\"index, follow, max-snippet:-1, max-image-preview:large, max-video-preview:-1\" \/>\n<link rel=\"canonical\" href=\"https:\/\/www.stachristiana.at\/mittelschule-polytechnische-schule-wiener-neustadt\/wer-wir-sind\" \/>\n<meta property=\"og:locale\" content=\"de_DE\" \/>\n<meta property=\"og:type\" content=\"article\" \/>\n<meta property=\"og:title\" content=\"Wer wir sind - MS &amp; PTS Wr. Neustadt\" \/>\n<meta property=\"og:description\" content=\"STA. CHRISTIANA &#8211; SCHULEN ZUM LEBEN\u00a0 Private Mittelschule und Polytechnische Schule Sta. Christiana Wr. NeustadtWiener Stra\u00dfe 65 2700 Wiener NeustadtSchulkennzahl: 304052 Wir sind eine famili\u00e4re Privatschule mit Tradition \u2013 seit 1904!Wir bieten in unserem Schulhaus folgende Schulen an:Mittelschule, die lebensorientierte Schule zur InteressensfindungPolytechnische Schule f\u00fcr technische und wirtschaftliche Berufe\u00a0LEITGEDANKEN:\" \/>\n<meta property=\"og:url\" content=\"https:\/\/www.stachristiana.at\/mittelschule-polytechnische-schule-wiener-neustadt\/wer-wir-sind\" \/>\n<meta property=\"og:site_name\" content=\"MS &amp; PTS Wr. Neustadt\" \/>\n<meta property=\"article:modified_time\" content=\"2023-02-17T10:40:02+00:00\" \/>\n<meta property=\"og:image\" content=\"https:\/\/www.stachristiana.at\/app\/uploads\/sites\/11\/2022\/11\/schulhaus.jpg\" \/>\n<meta name=\"twitter:card\" content=\"summary_large_image\" \/>\n<meta name=\"twitter:label1\" content=\"Gesch\u00e4tzte Lesezeit\" \/>\n\t<meta name=\"twitter:data1\" content=\"2\u00a0Minuten\" \/>\n<script type=\"application\/ld+json\" class=\"yoast-schema-graph\">{\"@context\":\"https:\/\/schema.org\",\"@graph\":[{\"@type\":\"WebPage\",\"@id\":\"https:\/\/www.stachristiana.at\/mittelschule-polytechnische-schule-wiener-neustadt\/wer-wir-sind\",\"url\":\"https:\/\/www.stachristiana.at\/mittelschule-polytechnische-schule-wiener-neustadt\/wer-wir-sind\",\"name\":\"Wer wir sind - MS &amp; PTS Wr. Neustadt\",\"isPartOf\":{\"@id\":\"https:\/\/www.stachristiana.at\/mittelschule-polytechnische-schule-wiener-neustadt\/#website\"},\"primaryImageOfPage\":{\"@id\":\"https:\/\/www.stachristiana.at\/mittelschule-polytechnische-schule-wiener-neustadt\/wer-wir-sind#primaryimage\"},\"image\":{\"@id\":\"https:\/\/www.stachristiana.at\/mittelschule-polytechnische-schule-wiener-neustadt\/wer-wir-sind#primaryimage\"},\"thumbnailUrl\":\"https:\/\/www.stachristiana.at\/app\/uploads\/sites\/11\/2022\/11\/schulhaus.jpg\",\"datePublished\":\"2022-05-02T14:26:34+00:00\",\"dateModified\":\"2023-02-17T10:40:02+00:00\",\"breadcrumb\":{\"@id\":\"https:\/\/www.stachristiana.at\/mittelschule-polytechnische-schule-wiener-neustadt\/wer-wir-sind#breadcrumb\"},\"inLanguage\":\"de\",\"potentialAction\":[{\"@type\":\"ReadAction\",\"target\":[\"https:\/\/www.stachristiana.at\/mittelschule-polytechnische-schule-wiener-neustadt\/wer-wir-sind\"]}]},{\"@type\":\"ImageObject\",\"inLanguage\":\"de\",\"@id\":\"https:\/\/www.stachristiana.at\/mittelschule-polytechnische-schule-wiener-neustadt\/wer-wir-sind#primaryimage\",\"url\":\"https:\/\/www.stachristiana.at\/app\/uploads\/sites\/11\/2022\/11\/schulhaus.jpg\",\"contentUrl\":\"https:\/\/www.stachristiana.at\/app\/uploads\/sites\/11\/2022\/11\/schulhaus.jpg\"},{\"@type\":\"BreadcrumbList\",\"@id\":\"https:\/\/www.stachristiana.at\/mittelschule-polytechnische-schule-wiener-neustadt\/wer-wir-sind#breadcrumb\",\"itemListElement\":[{\"@type\":\"ListItem\",\"position\":1,\"name\":\"Start\",\"item\":\"https:\/\/www.stachristiana.at\/\"},{\"@type\":\"ListItem\",\"position\":2,\"name\":\"Wer wir sind\"}]},{\"@type\":\"WebSite\",\"@id\":\"https:\/\/www.stachristiana.at\/mittelschule-polytechnische-schule-wiener-neustadt\/#website\",\"url\":\"https:\/\/www.stachristiana.at\/mittelschule-polytechnische-schule-wiener-neustadt\/\",\"name\":\"Sta. Christiana - Private MS und PTS Wr. Neustadt\",\"description\":\"Sta. Christiana - Schulen zum Leben\",\"publisher\":{\"@id\":\"https:\/\/www.stachristiana.at\/mittelschule-polytechnische-schule-wiener-neustadt\/#organization\"},\"alternateName\":\"Private MS und PTS Wr. Neustadt\",\"potentialAction\":[{\"@type\":\"SearchAction\",\"target\":{\"@type\":\"EntryPoint\",\"urlTemplate\":\"https:\/\/www.stachristiana.at\/mittelschule-polytechnische-schule-wiener-neustadt\/?s={search_term_string}\"},\"query-input\":{\"@type\":\"PropertyValueSpecification\",\"valueRequired\":true,\"valueName\":\"search_term_string\"}}],\"inLanguage\":\"de\"},{\"@type\":\"Organization\",\"@id\":\"https:\/\/www.stachristiana.at\/mittelschule-polytechnische-schule-wiener-neustadt\/#organization\",\"name\":\"Sta. Christiana - Private MS und PTS Wr. Neustadt\",\"alternateName\":\"Private MS und PTS Wr. Neustadt\",\"url\":\"https:\/\/www.stachristiana.at\/mittelschule-polytechnische-schule-wiener-neustadt\/\",\"logo\":{\"@type\":\"ImageObject\",\"inLanguage\":\"de\",\"@id\":\"https:\/\/www.stachristiana.at\/mittelschule-polytechnische-schule-wiener-neustadt\/#\/schema\/logo\/image\/\",\"url\":\"https:\/\/www.stachristiana.at\/app\/uploads\/sites\/11\/2022\/05\/logo-sta-christiana.png\",\"contentUrl\":\"https:\/\/www.stachristiana.at\/app\/uploads\/sites\/11\/2022\/05\/logo-sta-christiana.png\",\"width\":1200,\"height\":491,\"caption\":\"Sta. Christiana - Private MS und PTS Wr. Neustadt\"},\"image\":{\"@id\":\"https:\/\/www.stachristiana.at\/mittelschule-polytechnische-schule-wiener-neustadt\/#\/schema\/logo\/image\/\"}}]}<\/script>\n<!-- \/ Yoast SEO plugin. -->","yoast_head_json":{"title":"Wer wir sind - MS &amp; PTS Wr. Neustadt","robots":{"index":"index","follow":"follow","max-snippet":"max-snippet:-1","max-image-preview":"max-image-preview:large","max-video-preview":"max-video-preview:-1"},"canonical":"https:\/\/www.stachristiana.at\/mittelschule-polytechnische-schule-wiener-neustadt\/wer-wir-sind","og_locale":"de_DE","og_type":"article","og_title":"Wer wir sind - MS &amp; PTS Wr. Neustadt","og_description":"STA. CHRISTIANA &#8211; SCHULEN ZUM LEBEN\u00a0 Private Mittelschule und Polytechnische Schule Sta. Christiana Wr. NeustadtWiener Stra\u00dfe 65 2700 Wiener NeustadtSchulkennzahl: 304052 Wir sind eine famili\u00e4re Privatschule mit Tradition \u2013 seit 1904!Wir bieten in unserem Schulhaus folgende Schulen an:Mittelschule, die lebensorientierte Schule zur InteressensfindungPolytechnische Schule f\u00fcr technische und wirtschaftliche Berufe\u00a0LEITGEDANKEN:","og_url":"https:\/\/www.stachristiana.at\/mittelschule-polytechnische-schule-wiener-neustadt\/wer-wir-sind","og_site_name":"MS &amp; PTS Wr. Neustadt","article_modified_time":"2023-02-17T10:40:02+00:00","og_image":[{"url":"https:\/\/www.stachristiana.at\/app\/uploads\/sites\/11\/2022\/11\/schulhaus.jpg","type":"","width":"","height":""}],"twitter_card":"summary_large_image","twitter_misc":{"Gesch\u00e4tzte Lesezeit":"2\u00a0Minuten"},"schema":{"@context":"https:\/\/schema.org","@graph":[{"@type":"WebPage","@id":"https:\/\/www.stachristiana.at\/mittelschule-polytechnische-schule-wiener-neustadt\/wer-wir-sind","url":"https:\/\/www.stachristiana.at\/mittelschule-polytechnische-schule-wiener-neustadt\/wer-wir-sind","name":"Wer wir sind - MS &amp; PTS Wr. Neustadt","isPartOf":{"@id":"https:\/\/www.stachristiana.at\/mittelschule-polytechnische-schule-wiener-neustadt\/#website"},"primaryImageOfPage":{"@id":"https:\/\/www.stachristiana.at\/mittelschule-polytechnische-schule-wiener-neustadt\/wer-wir-sind#primaryimage"},"image":{"@id":"https:\/\/www.stachristiana.at\/mittelschule-polytechnische-schule-wiener-neustadt\/wer-wir-sind#primaryimage"},"thumbnailUrl":"https:\/\/www.stachristiana.at\/app\/uploads\/sites\/11\/2022\/11\/schulhaus.jpg","datePublished":"2022-05-02T14:26:34+00:00","dateModified":"2023-02-17T10:40:02+00:00","breadcrumb":{"@id":"https:\/\/www.stachristiana.at\/mittelschule-polytechnische-schule-wiener-neustadt\/wer-wir-sind#breadcrumb"},"inLanguage":"de","potentialAction":[{"@type":"ReadAction","target":["https:\/\/www.stachristiana.at\/mittelschule-polytechnische-schule-wiener-neustadt\/wer-wir-sind"]}]},{"@type":"ImageObject","inLanguage":"de","@id":"https:\/\/www.stachristiana.at\/mittelschule-polytechnische-schule-wiener-neustadt\/wer-wir-sind#primaryimage","url":"https:\/\/www.stachristiana.at\/app\/uploads\/sites\/11\/2022\/11\/schulhaus.jpg","contentUrl":"https:\/\/www.stachristiana.at\/app\/uploads\/sites\/11\/2022\/11\/schulhaus.jpg"},{"@type":"BreadcrumbList","@id":"https:\/\/www.stachristiana.at\/mittelschule-polytechnische-schule-wiener-neustadt\/wer-wir-sind#breadcrumb","itemListElement":[{"@type":"ListItem","position":1,"name":"Start","item":"https:\/\/www.stachristiana.at\/"},{"@type":"ListItem","position":2,"name":"Wer wir sind"}]},{"@type":"WebSite","@id":"https:\/\/www.stachristiana.at\/mittelschule-polytechnische-schule-wiener-neustadt\/#website","url":"https:\/\/www.stachristiana.at\/mittelschule-polytechnische-schule-wiener-neustadt\/","name":"Sta. Christiana - Private MS und PTS Wr. Neustadt","description":"Sta. Christiana - Schulen zum Leben","publisher":{"@id":"https:\/\/www.stachristiana.at\/mittelschule-polytechnische-schule-wiener-neustadt\/#organization"},"alternateName":"Private MS und PTS Wr. Neustadt","potentialAction":[{"@type":"SearchAction","target":{"@type":"EntryPoint","urlTemplate":"https:\/\/www.stachristiana.at\/mittelschule-polytechnische-schule-wiener-neustadt\/?s={search_term_string}"},"query-input":{"@type":"PropertyValueSpecification","valueRequired":true,"valueName":"search_term_string"}}],"inLanguage":"de"},{"@type":"Organization","@id":"https:\/\/www.stachristiana.at\/mittelschule-polytechnische-schule-wiener-neustadt\/#organization","name":"Sta. Christiana - Private MS und PTS Wr. Neustadt","alternateName":"Private MS und PTS Wr. Neustadt","url":"https:\/\/www.stachristiana.at\/mittelschule-polytechnische-schule-wiener-neustadt\/","logo":{"@type":"ImageObject","inLanguage":"de","@id":"https:\/\/www.stachristiana.at\/mittelschule-polytechnische-schule-wiener-neustadt\/#\/schema\/logo\/image\/","url":"https:\/\/www.stachristiana.at\/app\/uploads\/sites\/11\/2022\/05\/logo-sta-christiana.png","contentUrl":"https:\/\/www.stachristiana.at\/app\/uploads\/sites\/11\/2022\/05\/logo-sta-christiana.png","width":1200,"height":491,"caption":"Sta. Christiana - Private MS und PTS Wr. Neustadt"},"image":{"@id":"https:\/\/www.stachristiana.at\/mittelschule-polytechnische-schule-wiener-neustadt\/#\/schema\/logo\/image\/"}}]}},"_links":{"self":[{"href":"https:\/\/www.stachristiana.at\/mittelschule-polytechnische-schule-wiener-neustadt\/wp-json\/wp\/v2\/pages\/73","targetHints":{"allow":["GET"]}}],"collection":[{"href":"https:\/\/www.stachristiana.at\/mittelschule-polytechnische-schule-wiener-neustadt\/wp-json\/wp\/v2\/pages"}],"about":[{"href":"https:\/\/www.stachristiana.at\/mittelschule-polytechnische-schule-wiener-neustadt\/wp-json\/wp\/v2\/types\/page"}],"author":[{"embeddable":true,"href":"https:\/\/www.stachristiana.at\/mittelschule-polytechnische-schule-wiener-neustadt\/wp-json\/wp\/v2\/users\/1"}],"replies":[{"embeddable":true,"href":"https:\/\/www.stachristiana.at\/mittelschule-polytechnische-schule-wiener-neustadt\/wp-json\/wp\/v2\/comments?post=73"}],"version-history":[{"count":8,"href":"https:\/\/www.stachristiana.at\/mittelschule-polytechnische-schule-wiener-neustadt\/wp-json\/wp\/v2\/pages\/73\/revisions"}],"predecessor-version":[{"id":1032,"href":"https:\/\/www.stachristiana.at\/mittelschule-polytechnische-schule-wiener-neustadt\/wp-json\/wp\/v2\/pages\/73\/revisions\/1032"}],"wp:attachment":[{"href":"https:\/\/www.stachristiana.at\/mittelschule-polytechnische-schule-wiener-neustadt\/wp-json\/wp\/v2\/media?parent=73"}],"curies":[{"name":"wp","href":"https:\/\/api.w.org\/{rel}","templated":true}]}}