{"id":3701,"date":"2025-10-05T23:11:09","date_gmt":"2025-10-05T21:11:09","guid":{"rendered":"https:\/\/www.stachristiana.at\/mittelschule-polytechnische-schule-wiener-neustadt\/?page_id=3701"},"modified":"2025-10-08T17:12:32","modified_gmt":"2025-10-08T15:12:32","slug":"schulhund","status":"publish","type":"page","link":"https:\/\/www.stachristiana.at\/mittelschule-polytechnische-schule-wiener-neustadt\/was-wir-bieten\/schulhund","title":{"rendered":"Schulhund"},"content":{"rendered":"\n<p>Unsere zwei Schulhunde hei\u00dfen Siri und Harley.<\/p>\n\n\n\n<p>Siri zeichnet sich durch ihre freundliche und lebhafte Art aus und bereichert mit gro\u00dfer Freude s\u00e4mtliche Aktivit\u00e4ten im Schulalltag.<\/p>\n\n\n\n<p>Harley ist der Inbegriff eines liebevollen Schulhundes: freundlich, anschmiegsam und stets auf der Suche nach N\u00e4he.  <\/p>\n\n\n\n<div id=\"gallery-block_ab60a9143d5f91e666570d1cd68cfbfd\" class=\"gallery\">\n\t\t\n\t\t<a href=\"https:\/\/www.stachristiana.at\/app\/uploads\/sites\/11\/2025\/10\/k-1.jpg\" class=\"gallery-item\" data-caption=\"&lt;strong&gt;k-1&lt;\/strong&gt;\" data-fancybox=\"gallery-block_ab60a9143d5f91e666570d1cd68cfbfd\" data-width=\"1024\" data-height=\"768\"><img loading=\"lazy\" decoding=\"async\" width=\"400\" height=\"300\" src=\"https:\/\/www.stachristiana.at\/app\/uploads\/sites\/11\/2025\/10\/k-1-400x300.jpg\" class=\"attachment-medium size-medium\" alt=\"\" srcset=\"https:\/\/www.stachristiana.at\/app\/uploads\/sites\/11\/2025\/10\/k-1-400x300.jpg 400w, https:\/\/www.stachristiana.at\/app\/uploads\/sites\/11\/2025\/10\/k-1-768x576.jpg 768w, https:\/\/www.stachristiana.at\/app\/uploads\/sites\/11\/2025\/10\/k-1-613x460.jpg 613w, https:\/\/www.stachristiana.at\/app\/uploads\/sites\/11\/2025\/10\/k-1-100x75.jpg 100w, https:\/\/www.stachristiana.at\/app\/uploads\/sites\/11\/2025\/10\/k-1.jpg 1024w\" sizes=\"auto, (max-width: 400px) 100vw, 400px\" \/><\/a>\n\n\t\t\n\t\t<a href=\"https:\/\/www.stachristiana.at\/app\/uploads\/sites\/11\/2025\/10\/k-2.jpg\" class=\"gallery-item\" data-caption=\"&lt;strong&gt;k-2&lt;\/strong&gt;\" data-fancybox=\"gallery-block_ab60a9143d5f91e666570d1cd68cfbfd\" data-width=\"1024\" data-height=\"768\"><img loading=\"lazy\" decoding=\"async\" width=\"400\" height=\"300\" src=\"https:\/\/www.stachristiana.at\/app\/uploads\/sites\/11\/2025\/10\/k-2-400x300.jpg\" class=\"attachment-medium size-medium\" alt=\"\" srcset=\"https:\/\/www.stachristiana.at\/app\/uploads\/sites\/11\/2025\/10\/k-2-400x300.jpg 400w, https:\/\/www.stachristiana.at\/app\/uploads\/sites\/11\/2025\/10\/k-2-768x576.jpg 768w, https:\/\/www.stachristiana.at\/app\/uploads\/sites\/11\/2025\/10\/k-2-613x460.jpg 613w, https:\/\/www.stachristiana.at\/app\/uploads\/sites\/11\/2025\/10\/k-2-100x75.jpg 100w, https:\/\/www.stachristiana.at\/app\/uploads\/sites\/11\/2025\/10\/k-2.jpg 1024w\" sizes=\"auto, (max-width: 400px) 100vw, 400px\" \/><\/a>\n\n\t\t\n\t\t<a href=\"https:\/\/www.stachristiana.at\/app\/uploads\/sites\/11\/2025\/10\/k-3.jpg\" class=\"gallery-item\" data-caption=\"&lt;strong&gt;k-3&lt;\/strong&gt;\" data-fancybox=\"gallery-block_ab60a9143d5f91e666570d1cd68cfbfd\" data-width=\"1024\" data-height=\"768\"><img loading=\"lazy\" decoding=\"async\" width=\"400\" height=\"300\" src=\"https:\/\/www.stachristiana.at\/app\/uploads\/sites\/11\/2025\/10\/k-3-400x300.jpg\" class=\"attachment-medium size-medium\" alt=\"\" srcset=\"https:\/\/www.stachristiana.at\/app\/uploads\/sites\/11\/2025\/10\/k-3-400x300.jpg 400w, https:\/\/www.stachristiana.at\/app\/uploads\/sites\/11\/2025\/10\/k-3-768x576.jpg 768w, https:\/\/www.stachristiana.at\/app\/uploads\/sites\/11\/2025\/10\/k-3-613x460.jpg 613w, https:\/\/www.stachristiana.at\/app\/uploads\/sites\/11\/2025\/10\/k-3-100x75.jpg 100w, https:\/\/www.stachristiana.at\/app\/uploads\/sites\/11\/2025\/10\/k-3.jpg 1024w\" sizes=\"auto, (max-width: 400px) 100vw, 400px\" \/><\/a>\n\n\t\t\n\t\t<a href=\"https:\/\/www.stachristiana.at\/app\/uploads\/sites\/11\/2025\/10\/k-4.jpg\" class=\"gallery-item\" data-caption=\"&lt;strong&gt;k-4&lt;\/strong&gt;\" data-fancybox=\"gallery-block_ab60a9143d5f91e666570d1cd68cfbfd\" data-width=\"472\" data-height=\"1024\"><img loading=\"lazy\" decoding=\"async\" width=\"184\" height=\"400\" src=\"https:\/\/www.stachristiana.at\/app\/uploads\/sites\/11\/2025\/10\/k-4-184x400.jpg\" class=\"attachment-medium size-medium\" alt=\"\" srcset=\"https:\/\/www.stachristiana.at\/app\/uploads\/sites\/11\/2025\/10\/k-4-184x400.jpg 184w, https:\/\/www.stachristiana.at\/app\/uploads\/sites\/11\/2025\/10\/k-4-212x460.jpg 212w, https:\/\/www.stachristiana.at\/app\/uploads\/sites\/11\/2025\/10\/k-4-35x75.jpg 35w, https:\/\/www.stachristiana.at\/app\/uploads\/sites\/11\/2025\/10\/k-4.jpg 472w\" sizes=\"auto, (max-width: 184px) 100vw, 184px\" \/><\/a>\n\n\t\t\n\t\t<a href=\"https:\/\/www.stachristiana.at\/app\/uploads\/sites\/11\/2025\/10\/k-5.jpg\" class=\"gallery-item\" data-caption=\"&lt;strong&gt;k-5&lt;\/strong&gt;\" data-fancybox=\"gallery-block_ab60a9143d5f91e666570d1cd68cfbfd\" data-width=\"472\" data-height=\"1024\"><img loading=\"lazy\" decoding=\"async\" width=\"184\" height=\"400\" src=\"https:\/\/www.stachristiana.at\/app\/uploads\/sites\/11\/2025\/10\/k-5-184x400.jpg\" class=\"attachment-medium size-medium\" alt=\"\" srcset=\"https:\/\/www.stachristiana.at\/app\/uploads\/sites\/11\/2025\/10\/k-5-184x400.jpg 184w, https:\/\/www.stachristiana.at\/app\/uploads\/sites\/11\/2025\/10\/k-5-212x460.jpg 212w, https:\/\/www.stachristiana.at\/app\/uploads\/sites\/11\/2025\/10\/k-5-35x75.jpg 35w, https:\/\/www.stachristiana.at\/app\/uploads\/sites\/11\/2025\/10\/k-5.jpg 472w\" sizes=\"auto, (max-width: 184px) 100vw, 184px\" \/><\/a>\n\n\t\t\n\t\t<a href=\"https:\/\/www.stachristiana.at\/app\/uploads\/sites\/11\/2025\/10\/k-6.jpg\" class=\"gallery-item\" data-caption=\"&lt;strong&gt;k-6&lt;\/strong&gt;\" data-fancybox=\"gallery-block_ab60a9143d5f91e666570d1cd68cfbfd\" data-width=\"1024\" data-height=\"768\"><img loading=\"lazy\" decoding=\"async\" width=\"400\" height=\"300\" src=\"https:\/\/www.stachristiana.at\/app\/uploads\/sites\/11\/2025\/10\/k-6-400x300.jpg\" class=\"attachment-medium size-medium\" alt=\"\" srcset=\"https:\/\/www.stachristiana.at\/app\/uploads\/sites\/11\/2025\/10\/k-6-400x300.jpg 400w, https:\/\/www.stachristiana.at\/app\/uploads\/sites\/11\/2025\/10\/k-6-768x576.jpg 768w, https:\/\/www.stachristiana.at\/app\/uploads\/sites\/11\/2025\/10\/k-6-613x460.jpg 613w, https:\/\/www.stachristiana.at\/app\/uploads\/sites\/11\/2025\/10\/k-6-100x75.jpg 100w, https:\/\/www.stachristiana.at\/app\/uploads\/sites\/11\/2025\/10\/k-6.jpg 1024w\" sizes=\"auto, (max-width: 400px) 100vw, 400px\" \/><\/a>\n\n\t\t\n\t\t<a href=\"https:\/\/www.stachristiana.at\/app\/uploads\/sites\/11\/2025\/10\/k-7.jpg\" class=\"gallery-item\" data-caption=\"&lt;strong&gt;k-7&lt;\/strong&gt;\" data-fancybox=\"gallery-block_ab60a9143d5f91e666570d1cd68cfbfd\" data-width=\"1024\" data-height=\"768\"><img loading=\"lazy\" decoding=\"async\" width=\"400\" height=\"300\" src=\"https:\/\/www.stachristiana.at\/app\/uploads\/sites\/11\/2025\/10\/k-7-400x300.jpg\" class=\"attachment-medium size-medium\" alt=\"\" srcset=\"https:\/\/www.stachristiana.at\/app\/uploads\/sites\/11\/2025\/10\/k-7-400x300.jpg 400w, https:\/\/www.stachristiana.at\/app\/uploads\/sites\/11\/2025\/10\/k-7-768x576.jpg 768w, https:\/\/www.stachristiana.at\/app\/uploads\/sites\/11\/2025\/10\/k-7-613x460.jpg 613w, https:\/\/www.stachristiana.at\/app\/uploads\/sites\/11\/2025\/10\/k-7-100x75.jpg 100w, https:\/\/www.stachristiana.at\/app\/uploads\/sites\/11\/2025\/10\/k-7.jpg 1024w\" sizes=\"auto, (max-width: 400px) 100vw, 400px\" \/><\/a>\n\n\t<\/div>\n\n\n\n\n<p><strong>Was bewirkt der Einsatz von Schulhunden?<\/strong><\/p>\n\n\n\n<ul class=\"wp-block-list\">\n<li>schafft eine positive Lernatmosph\u00e4re<\/li>\n\n\n\n<li>senkt den L\u00e4rmpegel<\/li>\n\n\n\n<li>sorgt f\u00fcr h\u00f6here Aufmerksamkeit und Konzentration<\/li>\n\n\n\n<li>motiviert und f\u00f6rdert Spa\u00df am Lernen<\/li>\n\n\n\n<li>st\u00e4rkt das Selbstbewusstsein<\/li>\n\n\n\n<li>f\u00f6rdert Integration und Interaktion<\/li>\n\n\n\n<li>verbessert soziale Kompetenzen<\/li>\n\n\n\n<li>f\u00f6rdert Empathie<\/li>\n\n\n\n<li>st\u00e4rkt Verantwortungsbewusstsein<\/li>\n<\/ul>\n\n\n\n<div id=\"linklist-block_1555e04a6a5137ab002f2b0cc5be10a8\" class=\"linklist\">\n\t\t\n\t\t<a href=\"https:\/\/www.stachristiana.at\/app\/uploads\/sites\/11\/2025\/10\/Schulhund_A5_PRINT.pdf\" target=\"_blank\" class=\"linklist-item linklist-item-hellblau\">\n\t\t\tSchulhund Folder\t\t<\/a>\n\n\t<\/div>\n\n\n\n<p><\/p>\n","protected":false},"excerpt":{"rendered":"<p>Unsere zwei Schulhunde hei\u00dfen Siri und Harley. Siri zeichnet sich durch ihre freundliche und lebhafte Art aus und bereichert mit gro\u00dfer Freude s\u00e4mtliche Aktivit\u00e4ten im Schulalltag. Harley ist der Inbegriff eines liebevollen Schulhundes: freundlich, anschmiegsam und stets auf der Suche nach N\u00e4he. Was bewirkt der Einsatz von Schulhunden?<\/p>\n","protected":false},"author":5,"featured_media":0,"parent":144,"menu_order":2,"comment_status":"closed","ping_status":"closed","template":"","meta":{"footnotes":""},"class_list":["post-3701","page","type-page","status-publish","hentry"],"acf":[],"yoast_head":"<!-- This site is optimized with the Yoast SEO plugin v26.8 - https:\/\/yoast.com\/product\/yoast-seo-wordpress\/ -->\n<title>Schulhund - MS &amp; PTS Wr. Neustadt<\/title>\n<meta name=\"robots\" content=\"index, follow, max-snippet:-1, max-image-preview:large, max-video-preview:-1\" \/>\n<link rel=\"canonical\" href=\"https:\/\/www.stachristiana.at\/mittelschule-polytechnische-schule-wiener-neustadt\/was-wir-bieten\/schulhund\" \/>\n<meta property=\"og:locale\" content=\"de_DE\" \/>\n<meta property=\"og:type\" content=\"article\" \/>\n<meta property=\"og:title\" content=\"Schulhund - MS &amp; PTS Wr. Neustadt\" \/>\n<meta property=\"og:description\" content=\"Unsere zwei Schulhunde hei\u00dfen Siri und Harley. Siri zeichnet sich durch ihre freundliche und lebhafte Art aus und bereichert mit gro\u00dfer Freude s\u00e4mtliche Aktivit\u00e4ten im Schulalltag. Harley ist der Inbegriff eines liebevollen Schulhundes: freundlich, anschmiegsam und stets auf der Suche nach N\u00e4he. Was bewirkt der Einsatz von Schulhunden?\" \/>\n<meta property=\"og:url\" content=\"https:\/\/www.stachristiana.at\/mittelschule-polytechnische-schule-wiener-neustadt\/was-wir-bieten\/schulhund\" \/>\n<meta property=\"og:site_name\" content=\"MS &amp; PTS Wr. Neustadt\" \/>\n<meta property=\"article:modified_time\" content=\"2025-10-08T15:12:32+00:00\" \/>\n<meta property=\"og:image\" content=\"https:\/\/www.stachristiana.at\/app\/uploads\/sites\/11\/2022\/05\/logo-sta-christiana.png\" \/>\n\t<meta property=\"og:image:width\" content=\"1200\" \/>\n\t<meta property=\"og:image:height\" content=\"491\" \/>\n\t<meta property=\"og:image:type\" content=\"image\/png\" \/>\n<meta name=\"twitter:card\" content=\"summary_large_image\" \/>\n<meta name=\"twitter:label1\" content=\"Gesch\u00e4tzte Lesezeit\" \/>\n\t<meta name=\"twitter:data1\" content=\"1\u00a0Minute\" \/>\n<script type=\"application\/ld+json\" class=\"yoast-schema-graph\">{\"@context\":\"https:\/\/schema.org\",\"@graph\":[{\"@type\":\"WebPage\",\"@id\":\"https:\/\/www.stachristiana.at\/mittelschule-polytechnische-schule-wiener-neustadt\/was-wir-bieten\/schulhund\",\"url\":\"https:\/\/www.stachristiana.at\/mittelschule-polytechnische-schule-wiener-neustadt\/was-wir-bieten\/schulhund\",\"name\":\"Schulhund - MS &amp; PTS Wr. Neustadt\",\"isPartOf\":{\"@id\":\"https:\/\/www.stachristiana.at\/mittelschule-polytechnische-schule-wiener-neustadt\/#website\"},\"datePublished\":\"2025-10-05T21:11:09+00:00\",\"dateModified\":\"2025-10-08T15:12:32+00:00\",\"breadcrumb\":{\"@id\":\"https:\/\/www.stachristiana.at\/mittelschule-polytechnische-schule-wiener-neustadt\/was-wir-bieten\/schulhund#breadcrumb\"},\"inLanguage\":\"de\",\"potentialAction\":[{\"@type\":\"ReadAction\",\"target\":[\"https:\/\/www.stachristiana.at\/mittelschule-polytechnische-schule-wiener-neustadt\/was-wir-bieten\/schulhund\"]}]},{\"@type\":\"BreadcrumbList\",\"@id\":\"https:\/\/www.stachristiana.at\/mittelschule-polytechnische-schule-wiener-neustadt\/was-wir-bieten\/schulhund#breadcrumb\",\"itemListElement\":[{\"@type\":\"ListItem\",\"position\":1,\"name\":\"Start\",\"item\":\"https:\/\/www.stachristiana.at\/\"},{\"@type\":\"ListItem\",\"position\":2,\"name\":\"Was wir bieten\",\"item\":\"https:\/\/www.stachristiana.at\/mittelschule-polytechnische-schule-wiener-neustadt\/was-wir-bieten\"},{\"@type\":\"ListItem\",\"position\":3,\"name\":\"Schulhund\"}]},{\"@type\":\"WebSite\",\"@id\":\"https:\/\/www.stachristiana.at\/mittelschule-polytechnische-schule-wiener-neustadt\/#website\",\"url\":\"https:\/\/www.stachristiana.at\/mittelschule-polytechnische-schule-wiener-neustadt\/\",\"name\":\"Sta. Christiana - Private MS und PTS Wr. Neustadt\",\"description\":\"Sta. Christiana - Schulen zum Leben\",\"publisher\":{\"@id\":\"https:\/\/www.stachristiana.at\/mittelschule-polytechnische-schule-wiener-neustadt\/#organization\"},\"alternateName\":\"Private MS und PTS Wr. Neustadt\",\"potentialAction\":[{\"@type\":\"SearchAction\",\"target\":{\"@type\":\"EntryPoint\",\"urlTemplate\":\"https:\/\/www.stachristiana.at\/mittelschule-polytechnische-schule-wiener-neustadt\/?s={search_term_string}\"},\"query-input\":{\"@type\":\"PropertyValueSpecification\",\"valueRequired\":true,\"valueName\":\"search_term_string\"}}],\"inLanguage\":\"de\"},{\"@type\":\"Organization\",\"@id\":\"https:\/\/www.stachristiana.at\/mittelschule-polytechnische-schule-wiener-neustadt\/#organization\",\"name\":\"Sta. Christiana - Private MS und PTS Wr. Neustadt\",\"alternateName\":\"Private MS und PTS Wr. Neustadt\",\"url\":\"https:\/\/www.stachristiana.at\/mittelschule-polytechnische-schule-wiener-neustadt\/\",\"logo\":{\"@type\":\"ImageObject\",\"inLanguage\":\"de\",\"@id\":\"https:\/\/www.stachristiana.at\/mittelschule-polytechnische-schule-wiener-neustadt\/#\/schema\/logo\/image\/\",\"url\":\"https:\/\/www.stachristiana.at\/app\/uploads\/sites\/11\/2022\/05\/logo-sta-christiana.png\",\"contentUrl\":\"https:\/\/www.stachristiana.at\/app\/uploads\/sites\/11\/2022\/05\/logo-sta-christiana.png\",\"width\":1200,\"height\":491,\"caption\":\"Sta. Christiana - Private MS und PTS Wr. Neustadt\"},\"image\":{\"@id\":\"https:\/\/www.stachristiana.at\/mittelschule-polytechnische-schule-wiener-neustadt\/#\/schema\/logo\/image\/\"}}]}<\/script>\n<!-- \/ Yoast SEO plugin. -->","yoast_head_json":{"title":"Schulhund - MS &amp; PTS Wr. Neustadt","robots":{"index":"index","follow":"follow","max-snippet":"max-snippet:-1","max-image-preview":"max-image-preview:large","max-video-preview":"max-video-preview:-1"},"canonical":"https:\/\/www.stachristiana.at\/mittelschule-polytechnische-schule-wiener-neustadt\/was-wir-bieten\/schulhund","og_locale":"de_DE","og_type":"article","og_title":"Schulhund - MS &amp; PTS Wr. Neustadt","og_description":"Unsere zwei Schulhunde hei\u00dfen Siri und Harley. Siri zeichnet sich durch ihre freundliche und lebhafte Art aus und bereichert mit gro\u00dfer Freude s\u00e4mtliche Aktivit\u00e4ten im Schulalltag. Harley ist der Inbegriff eines liebevollen Schulhundes: freundlich, anschmiegsam und stets auf der Suche nach N\u00e4he. Was bewirkt der Einsatz von Schulhunden?","og_url":"https:\/\/www.stachristiana.at\/mittelschule-polytechnische-schule-wiener-neustadt\/was-wir-bieten\/schulhund","og_site_name":"MS &amp; PTS Wr. Neustadt","article_modified_time":"2025-10-08T15:12:32+00:00","og_image":[{"width":1200,"height":491,"url":"https:\/\/www.stachristiana.at\/app\/uploads\/sites\/11\/2022\/05\/logo-sta-christiana.png","type":"image\/png"}],"twitter_card":"summary_large_image","twitter_misc":{"Gesch\u00e4tzte Lesezeit":"1\u00a0Minute"},"schema":{"@context":"https:\/\/schema.org","@graph":[{"@type":"WebPage","@id":"https:\/\/www.stachristiana.at\/mittelschule-polytechnische-schule-wiener-neustadt\/was-wir-bieten\/schulhund","url":"https:\/\/www.stachristiana.at\/mittelschule-polytechnische-schule-wiener-neustadt\/was-wir-bieten\/schulhund","name":"Schulhund - MS &amp; PTS Wr. Neustadt","isPartOf":{"@id":"https:\/\/www.stachristiana.at\/mittelschule-polytechnische-schule-wiener-neustadt\/#website"},"datePublished":"2025-10-05T21:11:09+00:00","dateModified":"2025-10-08T15:12:32+00:00","breadcrumb":{"@id":"https:\/\/www.stachristiana.at\/mittelschule-polytechnische-schule-wiener-neustadt\/was-wir-bieten\/schulhund#breadcrumb"},"inLanguage":"de","potentialAction":[{"@type":"ReadAction","target":["https:\/\/www.stachristiana.at\/mittelschule-polytechnische-schule-wiener-neustadt\/was-wir-bieten\/schulhund"]}]},{"@type":"BreadcrumbList","@id":"https:\/\/www.stachristiana.at\/mittelschule-polytechnische-schule-wiener-neustadt\/was-wir-bieten\/schulhund#breadcrumb","itemListElement":[{"@type":"ListItem","position":1,"name":"Start","item":"https:\/\/www.stachristiana.at\/"},{"@type":"ListItem","position":2,"name":"Was wir bieten","item":"https:\/\/www.stachristiana.at\/mittelschule-polytechnische-schule-wiener-neustadt\/was-wir-bieten"},{"@type":"ListItem","position":3,"name":"Schulhund"}]},{"@type":"WebSite","@id":"https:\/\/www.stachristiana.at\/mittelschule-polytechnische-schule-wiener-neustadt\/#website","url":"https:\/\/www.stachristiana.at\/mittelschule-polytechnische-schule-wiener-neustadt\/","name":"Sta. Christiana - Private MS und PTS Wr. Neustadt","description":"Sta. Christiana - Schulen zum Leben","publisher":{"@id":"https:\/\/www.stachristiana.at\/mittelschule-polytechnische-schule-wiener-neustadt\/#organization"},"alternateName":"Private MS und PTS Wr. Neustadt","potentialAction":[{"@type":"SearchAction","target":{"@type":"EntryPoint","urlTemplate":"https:\/\/www.stachristiana.at\/mittelschule-polytechnische-schule-wiener-neustadt\/?s={search_term_string}"},"query-input":{"@type":"PropertyValueSpecification","valueRequired":true,"valueName":"search_term_string"}}],"inLanguage":"de"},{"@type":"Organization","@id":"https:\/\/www.stachristiana.at\/mittelschule-polytechnische-schule-wiener-neustadt\/#organization","name":"Sta. Christiana - Private MS und PTS Wr. Neustadt","alternateName":"Private MS und PTS Wr. Neustadt","url":"https:\/\/www.stachristiana.at\/mittelschule-polytechnische-schule-wiener-neustadt\/","logo":{"@type":"ImageObject","inLanguage":"de","@id":"https:\/\/www.stachristiana.at\/mittelschule-polytechnische-schule-wiener-neustadt\/#\/schema\/logo\/image\/","url":"https:\/\/www.stachristiana.at\/app\/uploads\/sites\/11\/2022\/05\/logo-sta-christiana.png","contentUrl":"https:\/\/www.stachristiana.at\/app\/uploads\/sites\/11\/2022\/05\/logo-sta-christiana.png","width":1200,"height":491,"caption":"Sta. Christiana - Private MS und PTS Wr. Neustadt"},"image":{"@id":"https:\/\/www.stachristiana.at\/mittelschule-polytechnische-schule-wiener-neustadt\/#\/schema\/logo\/image\/"}}]}},"_links":{"self":[{"href":"https:\/\/www.stachristiana.at\/mittelschule-polytechnische-schule-wiener-neustadt\/wp-json\/wp\/v2\/pages\/3701","targetHints":{"allow":["GET"]}}],"collection":[{"href":"https:\/\/www.stachristiana.at\/mittelschule-polytechnische-schule-wiener-neustadt\/wp-json\/wp\/v2\/pages"}],"about":[{"href":"https:\/\/www.stachristiana.at\/mittelschule-polytechnische-schule-wiener-neustadt\/wp-json\/wp\/v2\/types\/page"}],"author":[{"embeddable":true,"href":"https:\/\/www.stachristiana.at\/mittelschule-polytechnische-schule-wiener-neustadt\/wp-json\/wp\/v2\/users\/5"}],"replies":[{"embeddable":true,"href":"https:\/\/www.stachristiana.at\/mittelschule-polytechnische-schule-wiener-neustadt\/wp-json\/wp\/v2\/comments?post=3701"}],"version-history":[{"count":12,"href":"https:\/\/www.stachristiana.at\/mittelschule-polytechnische-schule-wiener-neustadt\/wp-json\/wp\/v2\/pages\/3701\/revisions"}],"predecessor-version":[{"id":3726,"href":"https:\/\/www.stachristiana.at\/mittelschule-polytechnische-schule-wiener-neustadt\/wp-json\/wp\/v2\/pages\/3701\/revisions\/3726"}],"up":[{"embeddable":true,"href":"https:\/\/www.stachristiana.at\/mittelschule-polytechnische-schule-wiener-neustadt\/wp-json\/wp\/v2\/pages\/144"}],"wp:attachment":[{"href":"https:\/\/www.stachristiana.at\/mittelschule-polytechnische-schule-wiener-neustadt\/wp-json\/wp\/v2\/media?parent=3701"}],"curies":[{"name":"wp","href":"https:\/\/api.w.org\/{rel}","templated":true}]}}