{"id":17,"date":"2022-05-01T11:48:18","date_gmt":"2022-05-01T09:48:18","guid":{"rendered":"https:\/\/devmultisite.superfesch.at\/dummy\/?page_id=17"},"modified":"2026-03-04T22:04:42","modified_gmt":"2026-03-04T21:04:42","slug":"willkommen","status":"publish","type":"page","link":"https:\/\/www.stachristiana.at\/mittelschule-polytechnische-schule-wiener-neustadt\/","title":{"rendered":"Willkommen"},"content":{"rendered":"\n<p class=\"has-red-color has-text-color\"><\/p>\n\n\n\n<div class=\"wp-block-columns is-layout-flex wp-container-core-columns-is-layout-28f84493 wp-block-columns-is-layout-flex\">\n<div class=\"wp-block-column is-layout-flow wp-block-column-is-layout-flow\">\n<p><strong>LEBENSORIENTIERTE SCHULE ZUR INTERESSENSFINDUNG<\/strong><\/p>\n\n\n\n<p>Der Leiter und die P\u00e4dagoginnen und P\u00e4dagogen der Mittelschule und Polytechnischen Schule begr\u00fc\u00dfen Sie recht herzlich.<br>Auf diesen Seiten erhalten Sie alle n\u00f6tigen und aktuellen Informationen zum Schulalltag.<\/p>\n\n\n\n<h2 class=\"wp-block-heading has-green-color has-text-color has-link-color wp-elements-6da137d6795782ffa8e6bf4276c7fec7\"><\/h2>\n<\/div>\n<\/div>\n\n\n\n<figure class=\"wp-block-video\"><video height=\"478\" style=\"aspect-ratio: 848 \/ 478;\" width=\"848\" controls src=\"https:\/\/www.stachristiana.at\/app\/uploads\/sites\/11\/2026\/03\/dc0aee1f-9bce-485c-9c95-1c08a460e1c3.mp4\"><\/video><\/figure>\n\n\n\n<h2 class=\"wp-block-heading\">Aktuelles<\/h2>\n\n\n\n<div id=\"list-block_2aefed1db147a21af949771fbc987a89\" class=\"article-list\">\n\t\t\n\t\t<a href=\"https:\/\/www.stachristiana.at\/mittelschule-polytechnische-schule-wiener-neustadt\/news\/3-3-2026-workshop-in-der-3a\" class=\"article-list-item focus-light\">\n\t\t\t<h3 class=\"list-item-title\">3.3.2026 Workshop in der 3a<\/h3>\n\t\t\t<figure class=\"list-item-thumb\"><img loading=\"lazy\" decoding=\"async\" width=\"250\" height=\"250\" src=\"https:\/\/www.stachristiana.at\/app\/uploads\/sites\/11\/2026\/03\/k-IMG_4382-e1773689646107-250x250.jpeg\" class=\"attachment-article-thumb size-article-thumb wp-post-image\" alt=\"\" srcset=\"https:\/\/www.stachristiana.at\/app\/uploads\/sites\/11\/2026\/03\/k-IMG_4382-e1773689646107-250x250.jpeg 250w, https:\/\/www.stachristiana.at\/app\/uploads\/sites\/11\/2026\/03\/k-IMG_4382-e1773689646107-150x150.jpeg 150w\" sizes=\"auto, (max-width: 250px) 100vw, 250px\" \/><\/figure>\t\t\t<div class=\"list-item-text\">\n\t\t\t\t<p>Der Workshop \u201eBe Brave against Hate\u201c unterst\u00fctzte die Jugendlichen dabei, demokratische Kompetenzen zu st\u00e4rken, Vielfalt wertzusch\u00e4tzen und einen reflektierten Umgang mit extremistischen Einfl\u00fcssen zu entwickeln. Im Mittelpunkt stand die Auseinandersetzung<span class=\"light\"> &#8230;<\/span> <\/p>\n\t\t\t\t<span class=\"btn-read-more\" aria-hidden=\"true\"><i class=\"fa fa-chevron-right\" aria-hidden=\"true\"><\/i> mehr lesen&#8230;<\/span>\n\t\t\t<\/div>\n\t\t<\/a>\n\n\t\t\n\t\t<a href=\"https:\/\/www.stachristiana.at\/mittelschule-polytechnische-schule-wiener-neustadt\/news\/29-4-2026-dialog-im-dunkeln\" class=\"article-list-item focus-light\">\n\t\t\t<h3 class=\"list-item-title\">29.4.2026 Dialog im Dunkeln<\/h3>\n\t\t\t<figure class=\"list-item-thumb\"><img loading=\"lazy\" decoding=\"async\" width=\"250\" height=\"250\" src=\"https:\/\/www.stachristiana.at\/app\/uploads\/sites\/11\/2026\/04\/k-IMG_6417-250x250.jpeg\" class=\"attachment-article-thumb size-article-thumb wp-post-image\" alt=\"\" srcset=\"https:\/\/www.stachristiana.at\/app\/uploads\/sites\/11\/2026\/04\/k-IMG_6417-250x250.jpeg 250w, https:\/\/www.stachristiana.at\/app\/uploads\/sites\/11\/2026\/04\/k-IMG_6417-150x150.jpeg 150w\" sizes=\"auto, (max-width: 250px) 100vw, 250px\" \/><\/figure>\t\t\t<div class=\"list-item-text\">\n\t\t\t\t<p>Heute besuchte die 2b Klasse Dialog im Dunkeln. In \u201eDialog im Dunkeln\u201c bekommt man hautnah mit, was es hei\u00dft, nichts zu sehen. V\u00f6llig abgedunkelte R\u00e4ume bieten verschiedene Alltagssituationen, darunter etwa<span class=\"light\"> &#8230;<\/span> <\/p>\n\t\t\t\t<span class=\"btn-read-more\" aria-hidden=\"true\"><i class=\"fa fa-chevron-right\" aria-hidden=\"true\"><\/i> mehr lesen&#8230;<\/span>\n\t\t\t<\/div>\n\t\t<\/a>\n\n\t\t\n\t\t<a href=\"https:\/\/www.stachristiana.at\/mittelschule-polytechnische-schule-wiener-neustadt\/news\/16-4-2026-polycup\" class=\"article-list-item focus-light\">\n\t\t\t<h3 class=\"list-item-title\">16.4.2026 Polycup<\/h3>\n\t\t\t<figure class=\"list-item-thumb\"><img loading=\"lazy\" decoding=\"async\" width=\"250\" height=\"250\" src=\"https:\/\/www.stachristiana.at\/app\/uploads\/sites\/11\/2026\/04\/k-IMG_6095-250x250.jpeg\" class=\"attachment-article-thumb size-article-thumb wp-post-image\" alt=\"\" srcset=\"https:\/\/www.stachristiana.at\/app\/uploads\/sites\/11\/2026\/04\/k-IMG_6095-250x250.jpeg 250w, https:\/\/www.stachristiana.at\/app\/uploads\/sites\/11\/2026\/04\/k-IMG_6095-150x150.jpeg 150w\" sizes=\"auto, (max-width: 250px) 100vw, 250px\" \/><\/figure>\t\t\t<div class=\"list-item-text\">\n\t\t\t\t<p>Heute fand in Ternitz der Polycup statt. Auch wenn wir drei Spiele nur ganz knapp verloren haben, hat die Mannschaft gro\u00dfen Einsatz gezeigt und bis zum Schluss gek\u00e4mpft. Besonders der<span class=\"light\"> &#8230;<\/span> <\/p>\n\t\t\t\t<span class=\"btn-read-more\" aria-hidden=\"true\"><i class=\"fa fa-chevron-right\" aria-hidden=\"true\"><\/i> mehr lesen&#8230;<\/span>\n\t\t\t<\/div>\n\t\t<\/a>\n\n\t<\/div>\n","protected":false},"excerpt":{"rendered":"<p>LEBENSORIENTIERTE SCHULE ZUR INTERESSENSFINDUNG Der Leiter und die P\u00e4dagoginnen und P\u00e4dagogen der Mittelschule und Polytechnischen Schule begr\u00fc\u00dfen Sie recht herzlich.Auf diesen Seiten erhalten Sie alle n\u00f6tigen und aktuellen Informationen zum Schulalltag. Aktuelles<\/p>\n","protected":false},"author":1,"featured_media":0,"parent":0,"menu_order":0,"comment_status":"closed","ping_status":"closed","template":"","meta":{"footnotes":""},"class_list":["post-17","page","type-page","status-publish","hentry"],"acf":[],"yoast_head":"<!-- This site is optimized with the Yoast SEO plugin v26.8 - https:\/\/yoast.com\/product\/yoast-seo-wordpress\/ -->\n<title>Willkommen - MS &amp; PTS Wr. Neustadt<\/title>\n<meta name=\"robots\" content=\"index, follow, max-snippet:-1, max-image-preview:large, max-video-preview:-1\" \/>\n<link rel=\"canonical\" href=\"https:\/\/www.stachristiana.at\/mittelschule-polytechnische-schule-wiener-neustadt\/\" \/>\n<meta property=\"og:locale\" content=\"de_DE\" \/>\n<meta property=\"og:type\" content=\"article\" \/>\n<meta property=\"og:title\" content=\"Willkommen - MS &amp; PTS Wr. Neustadt\" \/>\n<meta property=\"og:description\" content=\"LEBENSORIENTIERTE SCHULE ZUR INTERESSENSFINDUNG Der Leiter und die P\u00e4dagoginnen und P\u00e4dagogen der Mittelschule und Polytechnischen Schule begr\u00fc\u00dfen Sie recht herzlich.Auf diesen Seiten erhalten Sie alle n\u00f6tigen und aktuellen Informationen zum Schulalltag. Aktuelles\" \/>\n<meta property=\"og:url\" content=\"https:\/\/www.stachristiana.at\/mittelschule-polytechnische-schule-wiener-neustadt\/\" \/>\n<meta property=\"og:site_name\" content=\"MS &amp; PTS Wr. Neustadt\" \/>\n<meta property=\"article:modified_time\" content=\"2026-03-04T21:04:42+00:00\" \/>\n<meta property=\"og:image\" content=\"https:\/\/www.stachristiana.at\/app\/uploads\/sites\/11\/2022\/05\/logo-sta-christiana.png\" \/>\n\t<meta property=\"og:image:width\" content=\"1200\" \/>\n\t<meta property=\"og:image:height\" content=\"491\" \/>\n\t<meta property=\"og:image:type\" content=\"image\/png\" \/>\n<meta name=\"twitter:card\" content=\"summary_large_image\" \/>\n<meta name=\"twitter:label1\" content=\"Gesch\u00e4tzte Lesezeit\" \/>\n\t<meta name=\"twitter:data1\" content=\"1\u00a0Minute\" \/>\n<script type=\"application\/ld+json\" class=\"yoast-schema-graph\">{\"@context\":\"https:\/\/schema.org\",\"@graph\":[{\"@type\":\"WebPage\",\"@id\":\"https:\/\/www.stachristiana.at\/mittelschule-polytechnische-schule-wiener-neustadt\/\",\"url\":\"https:\/\/www.stachristiana.at\/mittelschule-polytechnische-schule-wiener-neustadt\/\",\"name\":\"Willkommen - MS &amp; PTS Wr. Neustadt\",\"isPartOf\":{\"@id\":\"https:\/\/www.stachristiana.at\/mittelschule-polytechnische-schule-wiener-neustadt\/#website\"},\"datePublished\":\"2022-05-01T09:48:18+00:00\",\"dateModified\":\"2026-03-04T21:04:42+00:00\",\"breadcrumb\":{\"@id\":\"https:\/\/www.stachristiana.at\/mittelschule-polytechnische-schule-wiener-neustadt\/#breadcrumb\"},\"inLanguage\":\"de\",\"potentialAction\":[{\"@type\":\"ReadAction\",\"target\":[\"https:\/\/www.stachristiana.at\/mittelschule-polytechnische-schule-wiener-neustadt\/\"]}]},{\"@type\":\"BreadcrumbList\",\"@id\":\"https:\/\/www.stachristiana.at\/mittelschule-polytechnische-schule-wiener-neustadt\/#breadcrumb\",\"itemListElement\":[{\"@type\":\"ListItem\",\"position\":1,\"name\":\"Start\",\"item\":\"https:\/\/www.stachristiana.at\/\"},{\"@type\":\"ListItem\",\"position\":2,\"name\":\"Willkommen\"}]},{\"@type\":\"WebSite\",\"@id\":\"https:\/\/www.stachristiana.at\/mittelschule-polytechnische-schule-wiener-neustadt\/#website\",\"url\":\"https:\/\/www.stachristiana.at\/mittelschule-polytechnische-schule-wiener-neustadt\/\",\"name\":\"Sta. Christiana - Private MS und PTS Wr. Neustadt\",\"description\":\"Sta. Christiana - Schulen zum Leben\",\"publisher\":{\"@id\":\"https:\/\/www.stachristiana.at\/mittelschule-polytechnische-schule-wiener-neustadt\/#organization\"},\"alternateName\":\"Private MS und PTS Wr. Neustadt\",\"potentialAction\":[{\"@type\":\"SearchAction\",\"target\":{\"@type\":\"EntryPoint\",\"urlTemplate\":\"https:\/\/www.stachristiana.at\/mittelschule-polytechnische-schule-wiener-neustadt\/?s={search_term_string}\"},\"query-input\":{\"@type\":\"PropertyValueSpecification\",\"valueRequired\":true,\"valueName\":\"search_term_string\"}}],\"inLanguage\":\"de\"},{\"@type\":\"Organization\",\"@id\":\"https:\/\/www.stachristiana.at\/mittelschule-polytechnische-schule-wiener-neustadt\/#organization\",\"name\":\"Sta. Christiana - Private MS und PTS Wr. Neustadt\",\"alternateName\":\"Private MS und PTS Wr. Neustadt\",\"url\":\"https:\/\/www.stachristiana.at\/mittelschule-polytechnische-schule-wiener-neustadt\/\",\"logo\":{\"@type\":\"ImageObject\",\"inLanguage\":\"de\",\"@id\":\"https:\/\/www.stachristiana.at\/mittelschule-polytechnische-schule-wiener-neustadt\/#\/schema\/logo\/image\/\",\"url\":\"https:\/\/www.stachristiana.at\/app\/uploads\/sites\/11\/2022\/05\/logo-sta-christiana.png\",\"contentUrl\":\"https:\/\/www.stachristiana.at\/app\/uploads\/sites\/11\/2022\/05\/logo-sta-christiana.png\",\"width\":1200,\"height\":491,\"caption\":\"Sta. Christiana - Private MS und PTS Wr. Neustadt\"},\"image\":{\"@id\":\"https:\/\/www.stachristiana.at\/mittelschule-polytechnische-schule-wiener-neustadt\/#\/schema\/logo\/image\/\"}}]}<\/script>\n<!-- \/ Yoast SEO plugin. -->","yoast_head_json":{"title":"Willkommen - MS &amp; PTS Wr. Neustadt","robots":{"index":"index","follow":"follow","max-snippet":"max-snippet:-1","max-image-preview":"max-image-preview:large","max-video-preview":"max-video-preview:-1"},"canonical":"https:\/\/www.stachristiana.at\/mittelschule-polytechnische-schule-wiener-neustadt\/","og_locale":"de_DE","og_type":"article","og_title":"Willkommen - MS &amp; PTS Wr. Neustadt","og_description":"LEBENSORIENTIERTE SCHULE ZUR INTERESSENSFINDUNG Der Leiter und die P\u00e4dagoginnen und P\u00e4dagogen der Mittelschule und Polytechnischen Schule begr\u00fc\u00dfen Sie recht herzlich.Auf diesen Seiten erhalten Sie alle n\u00f6tigen und aktuellen Informationen zum Schulalltag. Aktuelles","og_url":"https:\/\/www.stachristiana.at\/mittelschule-polytechnische-schule-wiener-neustadt\/","og_site_name":"MS &amp; PTS Wr. Neustadt","article_modified_time":"2026-03-04T21:04:42+00:00","og_image":[{"width":1200,"height":491,"url":"https:\/\/www.stachristiana.at\/app\/uploads\/sites\/11\/2022\/05\/logo-sta-christiana.png","type":"image\/png"}],"twitter_card":"summary_large_image","twitter_misc":{"Gesch\u00e4tzte Lesezeit":"1\u00a0Minute"},"schema":{"@context":"https:\/\/schema.org","@graph":[{"@type":"WebPage","@id":"https:\/\/www.stachristiana.at\/mittelschule-polytechnische-schule-wiener-neustadt\/","url":"https:\/\/www.stachristiana.at\/mittelschule-polytechnische-schule-wiener-neustadt\/","name":"Willkommen - MS &amp; PTS Wr. Neustadt","isPartOf":{"@id":"https:\/\/www.stachristiana.at\/mittelschule-polytechnische-schule-wiener-neustadt\/#website"},"datePublished":"2022-05-01T09:48:18+00:00","dateModified":"2026-03-04T21:04:42+00:00","breadcrumb":{"@id":"https:\/\/www.stachristiana.at\/mittelschule-polytechnische-schule-wiener-neustadt\/#breadcrumb"},"inLanguage":"de","potentialAction":[{"@type":"ReadAction","target":["https:\/\/www.stachristiana.at\/mittelschule-polytechnische-schule-wiener-neustadt\/"]}]},{"@type":"BreadcrumbList","@id":"https:\/\/www.stachristiana.at\/mittelschule-polytechnische-schule-wiener-neustadt\/#breadcrumb","itemListElement":[{"@type":"ListItem","position":1,"name":"Start","item":"https:\/\/www.stachristiana.at\/"},{"@type":"ListItem","position":2,"name":"Willkommen"}]},{"@type":"WebSite","@id":"https:\/\/www.stachristiana.at\/mittelschule-polytechnische-schule-wiener-neustadt\/#website","url":"https:\/\/www.stachristiana.at\/mittelschule-polytechnische-schule-wiener-neustadt\/","name":"Sta. Christiana - Private MS und PTS Wr. Neustadt","description":"Sta. Christiana - Schulen zum Leben","publisher":{"@id":"https:\/\/www.stachristiana.at\/mittelschule-polytechnische-schule-wiener-neustadt\/#organization"},"alternateName":"Private MS und PTS Wr. Neustadt","potentialAction":[{"@type":"SearchAction","target":{"@type":"EntryPoint","urlTemplate":"https:\/\/www.stachristiana.at\/mittelschule-polytechnische-schule-wiener-neustadt\/?s={search_term_string}"},"query-input":{"@type":"PropertyValueSpecification","valueRequired":true,"valueName":"search_term_string"}}],"inLanguage":"de"},{"@type":"Organization","@id":"https:\/\/www.stachristiana.at\/mittelschule-polytechnische-schule-wiener-neustadt\/#organization","name":"Sta. Christiana - Private MS und PTS Wr. Neustadt","alternateName":"Private MS und PTS Wr. Neustadt","url":"https:\/\/www.stachristiana.at\/mittelschule-polytechnische-schule-wiener-neustadt\/","logo":{"@type":"ImageObject","inLanguage":"de","@id":"https:\/\/www.stachristiana.at\/mittelschule-polytechnische-schule-wiener-neustadt\/#\/schema\/logo\/image\/","url":"https:\/\/www.stachristiana.at\/app\/uploads\/sites\/11\/2022\/05\/logo-sta-christiana.png","contentUrl":"https:\/\/www.stachristiana.at\/app\/uploads\/sites\/11\/2022\/05\/logo-sta-christiana.png","width":1200,"height":491,"caption":"Sta. Christiana - Private MS und PTS Wr. Neustadt"},"image":{"@id":"https:\/\/www.stachristiana.at\/mittelschule-polytechnische-schule-wiener-neustadt\/#\/schema\/logo\/image\/"}}]}},"_links":{"self":[{"href":"https:\/\/www.stachristiana.at\/mittelschule-polytechnische-schule-wiener-neustadt\/wp-json\/wp\/v2\/pages\/17","targetHints":{"allow":["GET"]}}],"collection":[{"href":"https:\/\/www.stachristiana.at\/mittelschule-polytechnische-schule-wiener-neustadt\/wp-json\/wp\/v2\/pages"}],"about":[{"href":"https:\/\/www.stachristiana.at\/mittelschule-polytechnische-schule-wiener-neustadt\/wp-json\/wp\/v2\/types\/page"}],"author":[{"embeddable":true,"href":"https:\/\/www.stachristiana.at\/mittelschule-polytechnische-schule-wiener-neustadt\/wp-json\/wp\/v2\/users\/1"}],"replies":[{"embeddable":true,"href":"https:\/\/www.stachristiana.at\/mittelschule-polytechnische-schule-wiener-neustadt\/wp-json\/wp\/v2\/comments?post=17"}],"version-history":[{"count":76,"href":"https:\/\/www.stachristiana.at\/mittelschule-polytechnische-schule-wiener-neustadt\/wp-json\/wp\/v2\/pages\/17\/revisions"}],"predecessor-version":[{"id":4039,"href":"https:\/\/www.stachristiana.at\/mittelschule-polytechnische-schule-wiener-neustadt\/wp-json\/wp\/v2\/pages\/17\/revisions\/4039"}],"wp:attachment":[{"href":"https:\/\/www.stachristiana.at\/mittelschule-polytechnische-schule-wiener-neustadt\/wp-json\/wp\/v2\/media?parent=17"}],"curies":[{"name":"wp","href":"https:\/\/api.w.org\/{rel}","templated":true}]}}