{"id":70,"date":"2022-05-02T16:21:26","date_gmt":"2022-05-02T14:21:26","guid":{"rendered":"https:\/\/devmultisite.superfesch.at\/hlw-rodaun\/?page_id=70"},"modified":"2023-02-04T12:21:09","modified_gmt":"2023-02-04T11:21:09","slug":"wofuer-wir-stehen","status":"publish","type":"page","link":"https:\/\/www.stachristiana.at\/mittelschule-frohsdorf\/wofuer-wir-stehen","title":{"rendered":"Wof\u00fcr wir stehen"},"content":{"rendered":"\n<h3 class=\"wp-block-heading\">Leitbild<\/h3>\n\n\n\n<p>Wir sind gesendet, Gottes barmherzige Liebe sp\u00fcrbar zu machen.<\/p>\n\n\n\n<p>Unsere Schule ist aufgrund ihrer Gr\u00f6\u00dfe mit einer gro\u00dfen, \u00fcberschaubaren Familie zu vergleichen. Die uns anvertrauten Kinder sollen\u00a0zu selbstst\u00e4ndigem und christlichem Handeln bef\u00e4higt werden.<\/p>\n\n\n\n<p>Darum bem\u00fchen wir uns<\/p>\n\n\n\n<ul class=\"wp-block-list\">\n<li>vom Kind mit seinen Talenten und F\u00e4higkeiten auszugehen,<\/li>\n\n\n\n<li>ganzheitlich und vernetzt&nbsp;zu arbeiten,<\/li>\n\n\n\n<li>die Kinder zu einem bewussten Umgang mit der Natur zu erziehen<\/li>\n\n\n\n<li>und mit den Kindern ihren Weg zum Glauben zu finden.<\/li>\n<\/ul>\n\n\n\n<div class=\"wp-block-media-text alignwide has-media-on-the-right is-stacked-on-mobile\" style=\"grid-template-columns:auto 30%\"><div class=\"wp-block-media-text__content\">\n<p>Wir wollen daher<\/p>\n\n\n\n<ul class=\"wp-block-list\">\n<li>das Erlebnis<\/li>\n\n\n\n<li>die Lustbetontheit<\/li>\n\n\n\n<li>die Selbstst\u00e4ndigkeit und<\/li>\n\n\n\n<li>die Selbstt\u00e4tigkeit<\/li>\n<\/ul>\n<\/div><figure class=\"wp-block-media-text__media\"><img loading=\"lazy\" decoding=\"async\" width=\"900\" height=\"675\" src=\"https:\/\/www.stachristiana.at\/app\/uploads\/sites\/15\/2023\/02\/Deutsch-2b-4.jpg\" alt=\"\" class=\"wp-image-830 size-full\" srcset=\"https:\/\/www.stachristiana.at\/app\/uploads\/sites\/15\/2023\/02\/Deutsch-2b-4.jpg 900w, https:\/\/www.stachristiana.at\/app\/uploads\/sites\/15\/2023\/02\/Deutsch-2b-4-400x300.jpg 400w, https:\/\/www.stachristiana.at\/app\/uploads\/sites\/15\/2023\/02\/Deutsch-2b-4-768x576.jpg 768w, https:\/\/www.stachristiana.at\/app\/uploads\/sites\/15\/2023\/02\/Deutsch-2b-4-613x460.jpg 613w, https:\/\/www.stachristiana.at\/app\/uploads\/sites\/15\/2023\/02\/Deutsch-2b-4-100x75.jpg 100w\" sizes=\"auto, (max-width: 900px) 100vw, 900px\" \/><\/figure><\/div>\n\n\n\n<div style=\"height:9px\" aria-hidden=\"true\" class=\"wp-block-spacer\"><\/div>\n\n\n\n<p>in einer Atmosph\u00e4re der&nbsp;<strong>Offenheit,<\/strong> des&nbsp;<strong>Vertrauens<\/strong>&nbsp;und der&nbsp;<strong>gegenseitigen Achtung<\/strong>&nbsp;in den Vordergrund stellen.<\/p>\n","protected":false},"excerpt":{"rendered":"<p>Leitbild Wir sind gesendet, Gottes barmherzige Liebe sp\u00fcrbar zu machen. Unsere Schule ist aufgrund ihrer Gr\u00f6\u00dfe mit einer gro\u00dfen, \u00fcberschaubaren Familie zu vergleichen. Die uns anvertrauten Kinder sollen\u00a0zu selbstst\u00e4ndigem und christlichem Handeln bef\u00e4higt werden. Darum bem\u00fchen wir uns in einer Atmosph\u00e4re der&nbsp;Offenheit, des&nbsp;Vertrauens&nbsp;und der&nbsp;gegenseitigen Achtung&nbsp;in den Vordergrund stellen.<\/p>\n","protected":false},"author":1,"featured_media":0,"parent":0,"menu_order":100,"comment_status":"closed","ping_status":"closed","template":"","meta":{"footnotes":""},"class_list":["post-70","page","type-page","status-publish","hentry"],"acf":[],"yoast_head":"<!-- This site is optimized with the Yoast SEO plugin v26.8 - https:\/\/yoast.com\/product\/yoast-seo-wordpress\/ -->\n<title>Wof\u00fcr wir stehen - Mittelschule Frohsdorf<\/title>\n<meta name=\"robots\" content=\"index, follow, max-snippet:-1, max-image-preview:large, max-video-preview:-1\" \/>\n<link rel=\"canonical\" href=\"http:\/\/www.sanctachristiana.at\/mittelschule-frohsdorf\/wofuer-wir-stehen\" \/>\n<meta property=\"og:locale\" content=\"de_DE\" \/>\n<meta property=\"og:type\" content=\"article\" \/>\n<meta property=\"og:title\" content=\"Wof\u00fcr wir stehen - Mittelschule Frohsdorf\" \/>\n<meta property=\"og:description\" content=\"Leitbild Wir sind gesendet, Gottes barmherzige Liebe sp\u00fcrbar zu machen. Unsere Schule ist aufgrund ihrer Gr\u00f6\u00dfe mit einer gro\u00dfen, \u00fcberschaubaren Familie zu vergleichen. Die uns anvertrauten Kinder sollen\u00a0zu selbstst\u00e4ndigem und christlichem Handeln bef\u00e4higt werden. Darum bem\u00fchen wir uns in einer Atmosph\u00e4re der&nbsp;Offenheit, des&nbsp;Vertrauens&nbsp;und der&nbsp;gegenseitigen Achtung&nbsp;in den Vordergrund stellen.\" \/>\n<meta property=\"og:url\" content=\"http:\/\/www.sanctachristiana.at\/mittelschule-frohsdorf\/wofuer-wir-stehen\" \/>\n<meta property=\"og:site_name\" content=\"Mittelschule Frohsdorf\" \/>\n<meta property=\"article:modified_time\" content=\"2023-02-04T11:21:09+00:00\" \/>\n<meta property=\"og:image\" content=\"http:\/\/www.sanctachristiana.at\/app\/uploads\/sites\/15\/2023\/02\/Deutsch-2b-4.jpg\" \/>\n<meta name=\"twitter:card\" content=\"summary_large_image\" \/>\n<meta name=\"twitter:label1\" content=\"Gesch\u00e4tzte Lesezeit\" \/>\n\t<meta name=\"twitter:data1\" content=\"1\u00a0Minute\" \/>\n<script type=\"application\/ld+json\" class=\"yoast-schema-graph\">{\"@context\":\"https:\/\/schema.org\",\"@graph\":[{\"@type\":\"WebPage\",\"@id\":\"http:\/\/www.sanctachristiana.at\/mittelschule-frohsdorf\/wofuer-wir-stehen\",\"url\":\"http:\/\/www.sanctachristiana.at\/mittelschule-frohsdorf\/wofuer-wir-stehen\",\"name\":\"Wof\u00fcr wir stehen - Mittelschule Frohsdorf\",\"isPartOf\":{\"@id\":\"https:\/\/www.stachristiana.at\/mittelschule-frohsdorf\/#website\"},\"primaryImageOfPage\":{\"@id\":\"http:\/\/www.sanctachristiana.at\/mittelschule-frohsdorf\/wofuer-wir-stehen#primaryimage\"},\"image\":{\"@id\":\"http:\/\/www.sanctachristiana.at\/mittelschule-frohsdorf\/wofuer-wir-stehen#primaryimage\"},\"thumbnailUrl\":\"https:\/\/www.stachristiana.at\/app\/uploads\/sites\/15\/2023\/02\/Deutsch-2b-4.jpg\",\"datePublished\":\"2022-05-02T14:21:26+00:00\",\"dateModified\":\"2023-02-04T11:21:09+00:00\",\"breadcrumb\":{\"@id\":\"http:\/\/www.sanctachristiana.at\/mittelschule-frohsdorf\/wofuer-wir-stehen#breadcrumb\"},\"inLanguage\":\"de\",\"potentialAction\":[{\"@type\":\"ReadAction\",\"target\":[\"http:\/\/www.sanctachristiana.at\/mittelschule-frohsdorf\/wofuer-wir-stehen\"]}]},{\"@type\":\"ImageObject\",\"inLanguage\":\"de\",\"@id\":\"http:\/\/www.sanctachristiana.at\/mittelschule-frohsdorf\/wofuer-wir-stehen#primaryimage\",\"url\":\"https:\/\/www.stachristiana.at\/app\/uploads\/sites\/15\/2023\/02\/Deutsch-2b-4.jpg\",\"contentUrl\":\"https:\/\/www.stachristiana.at\/app\/uploads\/sites\/15\/2023\/02\/Deutsch-2b-4.jpg\"},{\"@type\":\"BreadcrumbList\",\"@id\":\"http:\/\/www.sanctachristiana.at\/mittelschule-frohsdorf\/wofuer-wir-stehen#breadcrumb\",\"itemListElement\":[{\"@type\":\"ListItem\",\"position\":1,\"name\":\"Start\",\"item\":\"https:\/\/www.stachristiana.at\/\"},{\"@type\":\"ListItem\",\"position\":2,\"name\":\"Wof\u00fcr wir stehen\"}]},{\"@type\":\"WebSite\",\"@id\":\"https:\/\/www.stachristiana.at\/mittelschule-frohsdorf\/#website\",\"url\":\"https:\/\/www.stachristiana.at\/mittelschule-frohsdorf\/\",\"name\":\"Sta. Christiana - Private Mittelschule Frohsdorf\",\"description\":\"Sta. Christiana - Schulen zum Leben\",\"publisher\":{\"@id\":\"https:\/\/www.stachristiana.at\/mittelschule-frohsdorf\/#organization\"},\"alternateName\":\"Private Mittelschule Frohsdorf\",\"potentialAction\":[{\"@type\":\"SearchAction\",\"target\":{\"@type\":\"EntryPoint\",\"urlTemplate\":\"https:\/\/www.stachristiana.at\/mittelschule-frohsdorf\/?s={search_term_string}\"},\"query-input\":{\"@type\":\"PropertyValueSpecification\",\"valueRequired\":true,\"valueName\":\"search_term_string\"}}],\"inLanguage\":\"de\"},{\"@type\":\"Organization\",\"@id\":\"https:\/\/www.stachristiana.at\/mittelschule-frohsdorf\/#organization\",\"name\":\"Sta. Christiana - Private Mittelschule Frohsdorf\",\"alternateName\":\"Private Mittelschule Frohsdorf\",\"url\":\"https:\/\/www.stachristiana.at\/mittelschule-frohsdorf\/\",\"logo\":{\"@type\":\"ImageObject\",\"inLanguage\":\"de\",\"@id\":\"https:\/\/www.stachristiana.at\/mittelschule-frohsdorf\/#\/schema\/logo\/image\/\",\"url\":\"https:\/\/www.stachristiana.at\/app\/uploads\/sites\/15\/2022\/05\/logo-sta-christiana.png\",\"contentUrl\":\"https:\/\/www.stachristiana.at\/app\/uploads\/sites\/15\/2022\/05\/logo-sta-christiana.png\",\"width\":1200,\"height\":491,\"caption\":\"Sta. Christiana - Private Mittelschule Frohsdorf\"},\"image\":{\"@id\":\"https:\/\/www.stachristiana.at\/mittelschule-frohsdorf\/#\/schema\/logo\/image\/\"}}]}<\/script>\n<!-- \/ Yoast SEO plugin. -->","yoast_head_json":{"title":"Wof\u00fcr wir stehen - Mittelschule Frohsdorf","robots":{"index":"index","follow":"follow","max-snippet":"max-snippet:-1","max-image-preview":"max-image-preview:large","max-video-preview":"max-video-preview:-1"},"canonical":"http:\/\/www.sanctachristiana.at\/mittelschule-frohsdorf\/wofuer-wir-stehen","og_locale":"de_DE","og_type":"article","og_title":"Wof\u00fcr wir stehen - Mittelschule Frohsdorf","og_description":"Leitbild Wir sind gesendet, Gottes barmherzige Liebe sp\u00fcrbar zu machen. Unsere Schule ist aufgrund ihrer Gr\u00f6\u00dfe mit einer gro\u00dfen, \u00fcberschaubaren Familie zu vergleichen. Die uns anvertrauten Kinder sollen\u00a0zu selbstst\u00e4ndigem und christlichem Handeln bef\u00e4higt werden. Darum bem\u00fchen wir uns in einer Atmosph\u00e4re der&nbsp;Offenheit, des&nbsp;Vertrauens&nbsp;und der&nbsp;gegenseitigen Achtung&nbsp;in den Vordergrund stellen.","og_url":"http:\/\/www.sanctachristiana.at\/mittelschule-frohsdorf\/wofuer-wir-stehen","og_site_name":"Mittelschule Frohsdorf","article_modified_time":"2023-02-04T11:21:09+00:00","og_image":[{"url":"http:\/\/www.sanctachristiana.at\/app\/uploads\/sites\/15\/2023\/02\/Deutsch-2b-4.jpg","type":"","width":"","height":""}],"twitter_card":"summary_large_image","twitter_misc":{"Gesch\u00e4tzte Lesezeit":"1\u00a0Minute"},"schema":{"@context":"https:\/\/schema.org","@graph":[{"@type":"WebPage","@id":"http:\/\/www.sanctachristiana.at\/mittelschule-frohsdorf\/wofuer-wir-stehen","url":"http:\/\/www.sanctachristiana.at\/mittelschule-frohsdorf\/wofuer-wir-stehen","name":"Wof\u00fcr wir stehen - Mittelschule Frohsdorf","isPartOf":{"@id":"https:\/\/www.stachristiana.at\/mittelschule-frohsdorf\/#website"},"primaryImageOfPage":{"@id":"http:\/\/www.sanctachristiana.at\/mittelschule-frohsdorf\/wofuer-wir-stehen#primaryimage"},"image":{"@id":"http:\/\/www.sanctachristiana.at\/mittelschule-frohsdorf\/wofuer-wir-stehen#primaryimage"},"thumbnailUrl":"https:\/\/www.stachristiana.at\/app\/uploads\/sites\/15\/2023\/02\/Deutsch-2b-4.jpg","datePublished":"2022-05-02T14:21:26+00:00","dateModified":"2023-02-04T11:21:09+00:00","breadcrumb":{"@id":"http:\/\/www.sanctachristiana.at\/mittelschule-frohsdorf\/wofuer-wir-stehen#breadcrumb"},"inLanguage":"de","potentialAction":[{"@type":"ReadAction","target":["http:\/\/www.sanctachristiana.at\/mittelschule-frohsdorf\/wofuer-wir-stehen"]}]},{"@type":"ImageObject","inLanguage":"de","@id":"http:\/\/www.sanctachristiana.at\/mittelschule-frohsdorf\/wofuer-wir-stehen#primaryimage","url":"https:\/\/www.stachristiana.at\/app\/uploads\/sites\/15\/2023\/02\/Deutsch-2b-4.jpg","contentUrl":"https:\/\/www.stachristiana.at\/app\/uploads\/sites\/15\/2023\/02\/Deutsch-2b-4.jpg"},{"@type":"BreadcrumbList","@id":"http:\/\/www.sanctachristiana.at\/mittelschule-frohsdorf\/wofuer-wir-stehen#breadcrumb","itemListElement":[{"@type":"ListItem","position":1,"name":"Start","item":"https:\/\/www.stachristiana.at\/"},{"@type":"ListItem","position":2,"name":"Wof\u00fcr wir stehen"}]},{"@type":"WebSite","@id":"https:\/\/www.stachristiana.at\/mittelschule-frohsdorf\/#website","url":"https:\/\/www.stachristiana.at\/mittelschule-frohsdorf\/","name":"Sta. Christiana - Private Mittelschule Frohsdorf","description":"Sta. Christiana - Schulen zum Leben","publisher":{"@id":"https:\/\/www.stachristiana.at\/mittelschule-frohsdorf\/#organization"},"alternateName":"Private Mittelschule Frohsdorf","potentialAction":[{"@type":"SearchAction","target":{"@type":"EntryPoint","urlTemplate":"https:\/\/www.stachristiana.at\/mittelschule-frohsdorf\/?s={search_term_string}"},"query-input":{"@type":"PropertyValueSpecification","valueRequired":true,"valueName":"search_term_string"}}],"inLanguage":"de"},{"@type":"Organization","@id":"https:\/\/www.stachristiana.at\/mittelschule-frohsdorf\/#organization","name":"Sta. Christiana - Private Mittelschule Frohsdorf","alternateName":"Private Mittelschule Frohsdorf","url":"https:\/\/www.stachristiana.at\/mittelschule-frohsdorf\/","logo":{"@type":"ImageObject","inLanguage":"de","@id":"https:\/\/www.stachristiana.at\/mittelschule-frohsdorf\/#\/schema\/logo\/image\/","url":"https:\/\/www.stachristiana.at\/app\/uploads\/sites\/15\/2022\/05\/logo-sta-christiana.png","contentUrl":"https:\/\/www.stachristiana.at\/app\/uploads\/sites\/15\/2022\/05\/logo-sta-christiana.png","width":1200,"height":491,"caption":"Sta. Christiana - Private Mittelschule Frohsdorf"},"image":{"@id":"https:\/\/www.stachristiana.at\/mittelschule-frohsdorf\/#\/schema\/logo\/image\/"}}]}},"_links":{"self":[{"href":"https:\/\/www.stachristiana.at\/mittelschule-frohsdorf\/wp-json\/wp\/v2\/pages\/70","targetHints":{"allow":["GET"]}}],"collection":[{"href":"https:\/\/www.stachristiana.at\/mittelschule-frohsdorf\/wp-json\/wp\/v2\/pages"}],"about":[{"href":"https:\/\/www.stachristiana.at\/mittelschule-frohsdorf\/wp-json\/wp\/v2\/types\/page"}],"author":[{"embeddable":true,"href":"https:\/\/www.stachristiana.at\/mittelschule-frohsdorf\/wp-json\/wp\/v2\/users\/1"}],"replies":[{"embeddable":true,"href":"https:\/\/www.stachristiana.at\/mittelschule-frohsdorf\/wp-json\/wp\/v2\/comments?post=70"}],"version-history":[{"count":8,"href":"https:\/\/www.stachristiana.at\/mittelschule-frohsdorf\/wp-json\/wp\/v2\/pages\/70\/revisions"}],"predecessor-version":[{"id":873,"href":"https:\/\/www.stachristiana.at\/mittelschule-frohsdorf\/wp-json\/wp\/v2\/pages\/70\/revisions\/873"}],"wp:attachment":[{"href":"https:\/\/www.stachristiana.at\/mittelschule-frohsdorf\/wp-json\/wp\/v2\/media?parent=70"}],"curies":[{"name":"wp","href":"https:\/\/api.w.org\/{rel}","templated":true}]}}