{"id":325,"date":"2022-06-08T16:50:21","date_gmt":"2022-06-08T14:50:21","guid":{"rendered":"http:\/\/www.sanctachristiana.at\/mittelschule-frohsdorf\/?page_id=325"},"modified":"2023-02-08T09:00:07","modified_gmt":"2023-02-08T08:00:07","slug":"anmeldung","status":"publish","type":"page","link":"https:\/\/www.stachristiana.at\/mittelschule-frohsdorf\/anmeldung","title":{"rendered":"Anmeldung"},"content":{"rendered":"\n<h4 class=\"wp-block-heading\"><strong>Eine Anmeldung ist w\u00e4hrend des gesamten Schuljahres m\u00f6glich.<\/strong><\/h4>\n\n\n\n<p><strong>Bitte um telefonische Terminvereinbarung unter der Nummer: 02627\/45235-13<\/strong><\/p>\n\n\n\n<p>Wir freuen uns, Sie und Ihr Kind in einem<strong><em> pers\u00f6nlichen Gespr\u00e4ch<\/em><\/strong> kennen zu lernen. Sie erhalten bei der Anmeldung bzw. bei den Tagen der offenen T\u00fcr auch eine F\u00fchrung durch das Haus. Au\u00dferdem bieten wir &#8222;Schnuppertage&#8220; bzw. &#8222;Schnupperstunden&#8220; an.<\/p>\n\n\n\n<p>Checkliste zur Anmeldung:<\/p>\n\n\n\n<ul class=\"wp-block-list\">\n<li>Anmeldebogen<\/li>\n\n\n\n<li>Geburtsurkunde (Kopie)<\/li>\n\n\n\n<li>Staatsb\u00fcrgerschaftsnachweis (Kopie)<\/li>\n\n\n\n<li>Meldezettel (Kopie)<\/li>\n\n\n\n<li>Schulnachricht der 4. Volksschulklasse (Kopie)<\/li>\n\n\n\n<li>E-Card<\/li>\n\n\n\n<li>eventuell Vormundschaftsdekret<\/li>\n<\/ul>\n\n\n\n<p><\/p>\n\n\n\n<div data-wp-interactive=\"core\/file\" class=\"wp-block-file aligncenter\"><object data-wp-bind--hidden=\"!state.hasPdfPreview\" hidden class=\"wp-block-file__embed\" data=\"https:\/\/www.stachristiana.at\/app\/uploads\/sites\/15\/2023\/02\/Datenblatt-Anmeldung-Mittelschule.pdf\" type=\"application\/pdf\" style=\"width:100%;height:600px\" aria-label=\"Einbettung von Datenblatt Anmeldung Mittelschule    .\"><\/object><a id=\"wp-block-file--media-2f7e29a9-d97c-4dd6-876c-41b4354b9c83\" href=\"https:\/\/www.stachristiana.at\/app\/uploads\/sites\/15\/2023\/02\/Datenblatt-Anmeldung-Mittelschule.pdf\">Datenblatt Anmeldung Mittelschule    <\/a><a href=\"https:\/\/www.stachristiana.at\/app\/uploads\/sites\/15\/2023\/02\/Datenblatt-Anmeldung-Mittelschule.pdf\" class=\"wp-block-file__button wp-element-button\" download aria-describedby=\"wp-block-file--media-2f7e29a9-d97c-4dd6-876c-41b4354b9c83\">Herunterladen<\/a><\/div>\n","protected":false},"excerpt":{"rendered":"<p>Eine Anmeldung ist w\u00e4hrend des gesamten Schuljahres m\u00f6glich. Bitte um telefonische Terminvereinbarung unter der Nummer: 02627\/45235-13 Wir freuen uns, Sie und Ihr Kind in einem pers\u00f6nlichen Gespr\u00e4ch kennen zu lernen. Sie erhalten bei der Anmeldung bzw. bei den Tagen der offenen T\u00fcr auch eine F\u00fchrung durch das Haus. Au\u00dferdem bieten wir &#8222;Schnuppertage&#8220; bzw. &#8222;Schnupperstunden&#8220; an. [&hellip;]<\/p>\n","protected":false},"author":1,"featured_media":0,"parent":0,"menu_order":998,"comment_status":"closed","ping_status":"closed","template":"","meta":{"footnotes":""},"class_list":["post-325","page","type-page","status-publish","hentry"],"acf":[],"yoast_head":"<!-- This site is optimized with the Yoast SEO plugin v26.8 - https:\/\/yoast.com\/product\/yoast-seo-wordpress\/ -->\n<title>Anmeldung - Mittelschule Frohsdorf<\/title>\n<meta name=\"robots\" content=\"index, follow, max-snippet:-1, max-image-preview:large, max-video-preview:-1\" \/>\n<link rel=\"canonical\" href=\"https:\/\/www.stachristiana.at\/mittelschule-frohsdorf\/anmeldung\" \/>\n<meta property=\"og:locale\" content=\"de_DE\" \/>\n<meta property=\"og:type\" content=\"article\" \/>\n<meta property=\"og:title\" content=\"Anmeldung - Mittelschule Frohsdorf\" \/>\n<meta property=\"og:description\" content=\"Eine Anmeldung ist w\u00e4hrend des gesamten Schuljahres m\u00f6glich. Bitte um telefonische Terminvereinbarung unter der Nummer: 02627\/45235-13 Wir freuen uns, Sie und Ihr Kind in einem pers\u00f6nlichen Gespr\u00e4ch kennen zu lernen. Sie erhalten bei der Anmeldung bzw. bei den Tagen der offenen T\u00fcr auch eine F\u00fchrung durch das Haus. Au\u00dferdem bieten wir &#8222;Schnuppertage&#8220; bzw. &#8222;Schnupperstunden&#8220; an. [&hellip;]\" \/>\n<meta property=\"og:url\" content=\"https:\/\/www.stachristiana.at\/mittelschule-frohsdorf\/anmeldung\" \/>\n<meta property=\"og:site_name\" content=\"Mittelschule Frohsdorf\" \/>\n<meta property=\"article:modified_time\" content=\"2023-02-08T08:00:07+00:00\" \/>\n<meta property=\"og:image\" content=\"https:\/\/www.stachristiana.at\/app\/uploads\/sites\/15\/2022\/05\/logo-sta-christiana.png\" \/>\n\t<meta property=\"og:image:width\" content=\"1200\" \/>\n\t<meta property=\"og:image:height\" content=\"491\" \/>\n\t<meta property=\"og:image:type\" content=\"image\/png\" \/>\n<meta name=\"twitter:card\" content=\"summary_large_image\" \/>\n<meta name=\"twitter:label1\" content=\"Gesch\u00e4tzte Lesezeit\" \/>\n\t<meta name=\"twitter:data1\" content=\"1\u00a0Minute\" \/>\n<script type=\"application\/ld+json\" class=\"yoast-schema-graph\">{\"@context\":\"https:\/\/schema.org\",\"@graph\":[{\"@type\":\"WebPage\",\"@id\":\"https:\/\/www.stachristiana.at\/mittelschule-frohsdorf\/anmeldung\",\"url\":\"https:\/\/www.stachristiana.at\/mittelschule-frohsdorf\/anmeldung\",\"name\":\"Anmeldung - Mittelschule Frohsdorf\",\"isPartOf\":{\"@id\":\"https:\/\/www.stachristiana.at\/mittelschule-frohsdorf\/#website\"},\"datePublished\":\"2022-06-08T14:50:21+00:00\",\"dateModified\":\"2023-02-08T08:00:07+00:00\",\"breadcrumb\":{\"@id\":\"https:\/\/www.stachristiana.at\/mittelschule-frohsdorf\/anmeldung#breadcrumb\"},\"inLanguage\":\"de\",\"potentialAction\":[{\"@type\":\"ReadAction\",\"target\":[\"https:\/\/www.stachristiana.at\/mittelschule-frohsdorf\/anmeldung\"]}]},{\"@type\":\"BreadcrumbList\",\"@id\":\"https:\/\/www.stachristiana.at\/mittelschule-frohsdorf\/anmeldung#breadcrumb\",\"itemListElement\":[{\"@type\":\"ListItem\",\"position\":1,\"name\":\"Start\",\"item\":\"https:\/\/www.stachristiana.at\/\"},{\"@type\":\"ListItem\",\"position\":2,\"name\":\"Anmeldung\"}]},{\"@type\":\"WebSite\",\"@id\":\"https:\/\/www.stachristiana.at\/mittelschule-frohsdorf\/#website\",\"url\":\"https:\/\/www.stachristiana.at\/mittelschule-frohsdorf\/\",\"name\":\"Sta. Christiana - Private Mittelschule Frohsdorf\",\"description\":\"Sta. Christiana - Schulen zum Leben\",\"publisher\":{\"@id\":\"https:\/\/www.stachristiana.at\/mittelschule-frohsdorf\/#organization\"},\"alternateName\":\"Private Mittelschule Frohsdorf\",\"potentialAction\":[{\"@type\":\"SearchAction\",\"target\":{\"@type\":\"EntryPoint\",\"urlTemplate\":\"https:\/\/www.stachristiana.at\/mittelschule-frohsdorf\/?s={search_term_string}\"},\"query-input\":{\"@type\":\"PropertyValueSpecification\",\"valueRequired\":true,\"valueName\":\"search_term_string\"}}],\"inLanguage\":\"de\"},{\"@type\":\"Organization\",\"@id\":\"https:\/\/www.stachristiana.at\/mittelschule-frohsdorf\/#organization\",\"name\":\"Sta. Christiana - Private Mittelschule Frohsdorf\",\"alternateName\":\"Private Mittelschule Frohsdorf\",\"url\":\"https:\/\/www.stachristiana.at\/mittelschule-frohsdorf\/\",\"logo\":{\"@type\":\"ImageObject\",\"inLanguage\":\"de\",\"@id\":\"https:\/\/www.stachristiana.at\/mittelschule-frohsdorf\/#\/schema\/logo\/image\/\",\"url\":\"https:\/\/www.stachristiana.at\/app\/uploads\/sites\/15\/2022\/05\/logo-sta-christiana.png\",\"contentUrl\":\"https:\/\/www.stachristiana.at\/app\/uploads\/sites\/15\/2022\/05\/logo-sta-christiana.png\",\"width\":1200,\"height\":491,\"caption\":\"Sta. Christiana - Private Mittelschule Frohsdorf\"},\"image\":{\"@id\":\"https:\/\/www.stachristiana.at\/mittelschule-frohsdorf\/#\/schema\/logo\/image\/\"}}]}<\/script>\n<!-- \/ Yoast SEO plugin. -->","yoast_head_json":{"title":"Anmeldung - Mittelschule Frohsdorf","robots":{"index":"index","follow":"follow","max-snippet":"max-snippet:-1","max-image-preview":"max-image-preview:large","max-video-preview":"max-video-preview:-1"},"canonical":"https:\/\/www.stachristiana.at\/mittelschule-frohsdorf\/anmeldung","og_locale":"de_DE","og_type":"article","og_title":"Anmeldung - Mittelschule Frohsdorf","og_description":"Eine Anmeldung ist w\u00e4hrend des gesamten Schuljahres m\u00f6glich. Bitte um telefonische Terminvereinbarung unter der Nummer: 02627\/45235-13 Wir freuen uns, Sie und Ihr Kind in einem pers\u00f6nlichen Gespr\u00e4ch kennen zu lernen. Sie erhalten bei der Anmeldung bzw. bei den Tagen der offenen T\u00fcr auch eine F\u00fchrung durch das Haus. Au\u00dferdem bieten wir &#8222;Schnuppertage&#8220; bzw. &#8222;Schnupperstunden&#8220; an. [&hellip;]","og_url":"https:\/\/www.stachristiana.at\/mittelschule-frohsdorf\/anmeldung","og_site_name":"Mittelschule Frohsdorf","article_modified_time":"2023-02-08T08:00:07+00:00","og_image":[{"width":1200,"height":491,"url":"https:\/\/www.stachristiana.at\/app\/uploads\/sites\/15\/2022\/05\/logo-sta-christiana.png","type":"image\/png"}],"twitter_card":"summary_large_image","twitter_misc":{"Gesch\u00e4tzte Lesezeit":"1\u00a0Minute"},"schema":{"@context":"https:\/\/schema.org","@graph":[{"@type":"WebPage","@id":"https:\/\/www.stachristiana.at\/mittelschule-frohsdorf\/anmeldung","url":"https:\/\/www.stachristiana.at\/mittelschule-frohsdorf\/anmeldung","name":"Anmeldung - Mittelschule Frohsdorf","isPartOf":{"@id":"https:\/\/www.stachristiana.at\/mittelschule-frohsdorf\/#website"},"datePublished":"2022-06-08T14:50:21+00:00","dateModified":"2023-02-08T08:00:07+00:00","breadcrumb":{"@id":"https:\/\/www.stachristiana.at\/mittelschule-frohsdorf\/anmeldung#breadcrumb"},"inLanguage":"de","potentialAction":[{"@type":"ReadAction","target":["https:\/\/www.stachristiana.at\/mittelschule-frohsdorf\/anmeldung"]}]},{"@type":"BreadcrumbList","@id":"https:\/\/www.stachristiana.at\/mittelschule-frohsdorf\/anmeldung#breadcrumb","itemListElement":[{"@type":"ListItem","position":1,"name":"Start","item":"https:\/\/www.stachristiana.at\/"},{"@type":"ListItem","position":2,"name":"Anmeldung"}]},{"@type":"WebSite","@id":"https:\/\/www.stachristiana.at\/mittelschule-frohsdorf\/#website","url":"https:\/\/www.stachristiana.at\/mittelschule-frohsdorf\/","name":"Sta. Christiana - Private Mittelschule Frohsdorf","description":"Sta. Christiana - Schulen zum Leben","publisher":{"@id":"https:\/\/www.stachristiana.at\/mittelschule-frohsdorf\/#organization"},"alternateName":"Private Mittelschule Frohsdorf","potentialAction":[{"@type":"SearchAction","target":{"@type":"EntryPoint","urlTemplate":"https:\/\/www.stachristiana.at\/mittelschule-frohsdorf\/?s={search_term_string}"},"query-input":{"@type":"PropertyValueSpecification","valueRequired":true,"valueName":"search_term_string"}}],"inLanguage":"de"},{"@type":"Organization","@id":"https:\/\/www.stachristiana.at\/mittelschule-frohsdorf\/#organization","name":"Sta. Christiana - Private Mittelschule Frohsdorf","alternateName":"Private Mittelschule Frohsdorf","url":"https:\/\/www.stachristiana.at\/mittelschule-frohsdorf\/","logo":{"@type":"ImageObject","inLanguage":"de","@id":"https:\/\/www.stachristiana.at\/mittelschule-frohsdorf\/#\/schema\/logo\/image\/","url":"https:\/\/www.stachristiana.at\/app\/uploads\/sites\/15\/2022\/05\/logo-sta-christiana.png","contentUrl":"https:\/\/www.stachristiana.at\/app\/uploads\/sites\/15\/2022\/05\/logo-sta-christiana.png","width":1200,"height":491,"caption":"Sta. Christiana - Private Mittelschule Frohsdorf"},"image":{"@id":"https:\/\/www.stachristiana.at\/mittelschule-frohsdorf\/#\/schema\/logo\/image\/"}}]}},"_links":{"self":[{"href":"https:\/\/www.stachristiana.at\/mittelschule-frohsdorf\/wp-json\/wp\/v2\/pages\/325","targetHints":{"allow":["GET"]}}],"collection":[{"href":"https:\/\/www.stachristiana.at\/mittelschule-frohsdorf\/wp-json\/wp\/v2\/pages"}],"about":[{"href":"https:\/\/www.stachristiana.at\/mittelschule-frohsdorf\/wp-json\/wp\/v2\/types\/page"}],"author":[{"embeddable":true,"href":"https:\/\/www.stachristiana.at\/mittelschule-frohsdorf\/wp-json\/wp\/v2\/users\/1"}],"replies":[{"embeddable":true,"href":"https:\/\/www.stachristiana.at\/mittelschule-frohsdorf\/wp-json\/wp\/v2\/comments?post=325"}],"version-history":[{"count":9,"href":"https:\/\/www.stachristiana.at\/mittelschule-frohsdorf\/wp-json\/wp\/v2\/pages\/325\/revisions"}],"predecessor-version":[{"id":964,"href":"https:\/\/www.stachristiana.at\/mittelschule-frohsdorf\/wp-json\/wp\/v2\/pages\/325\/revisions\/964"}],"wp:attachment":[{"href":"https:\/\/www.stachristiana.at\/mittelschule-frohsdorf\/wp-json\/wp\/v2\/media?parent=325"}],"curies":[{"name":"wp","href":"https:\/\/api.w.org\/{rel}","templated":true}]}}