{"id":171,"date":"2022-05-10T16:52:10","date_gmt":"2022-05-10T14:52:10","guid":{"rendered":"https:\/\/devmultisite.superfesch.at\/hlw-rodaun\/?page_id=171"},"modified":"2023-02-08T08:56:06","modified_gmt":"2023-02-08T07:56:06","slug":"anfahrt","status":"publish","type":"page","link":"https:\/\/www.stachristiana.at\/mittelschule-frohsdorf\/anfahrt","title":{"rendered":"Kontakt\/ Anfahrt"},"content":{"rendered":"\n<div class=\"wp-block-columns is-layout-flex wp-container-core-columns-is-layout-28f84493 wp-block-columns-is-layout-flex\">\n<div class=\"wp-block-column is-layout-flow wp-block-column-is-layout-flow\">\n<p>PN\u00d6MS Sta. Christiana<\/p>\n\n\n\n<p>Wiener Neust\u00e4dter Stra\u00dfe 74<br>2821 Frohsdorf<\/p>\n\n\n\n<p><strong>Telefon:<\/strong><\/p>\n\n\n\n<p>Lehrerzimmer: 02627\/45235-22<a href=\"https:\/\/www.stachristiana.at\/index.php\/component\/joomgallery\/image?view=image&amp;format=raw&amp;type=orig&amp;id=6102\"><\/a><a href=\"https:\/\/www.stachristiana.at\/index.php\/component\/joomgallery\/image?view=image&amp;format=raw&amp;type=orig&amp;id=782\"><\/a><\/p>\n\n\n\n<p>Direktion:           02627\/45235-13<\/p>\n\n\n\n<p><a href=\"mailto:nms.frohsdorf@stachristiana.at\">nms.frohsdorf@stachristiana.at<\/a><\/p>\n\n\n\n<div style=\"height:18px\" aria-hidden=\"true\" class=\"wp-block-spacer\"><\/div>\n\n\n\n<p>Alle Lehrer*innen sind \u00fcber<\/p>\n\n\n\n<p><em><strong>vorname.nachname@stachristiana.at<\/strong><\/em> \u00a0zu erreichen!<\/p>\n\n\n\n<p>Die Sprechstunden aller Lehrer:innen finden Sie\u00a0<a href=\"https:\/\/www.stachristiana.at\/mittelschule-frohsdorf\/sprechstunden\">hier<\/a>!<\/p>\n<\/div>\n\n\n\n<div class=\"wp-block-column is-layout-flow wp-block-column-is-layout-flow\"><div id=\"map-block_f6d0152cd47c4cccb384c941d3f138bb\" class=\"map\"><\/div><\/div>\n<\/div>\n","protected":false},"excerpt":{"rendered":"<p>PN\u00d6MS Sta. Christiana Wiener Neust\u00e4dter Stra\u00dfe 742821 Frohsdorf Telefon: Lehrerzimmer: 02627\/45235-22 Direktion: 02627\/45235-13 nms.frohsdorf@stachristiana.at Alle Lehrer*innen sind \u00fcber vorname.nachname@stachristiana.at \u00a0zu erreichen! Die Sprechstunden aller Lehrer:innen finden Sie\u00a0hier!<\/p>\n","protected":false},"author":1,"featured_media":0,"parent":0,"menu_order":900,"comment_status":"closed","ping_status":"closed","template":"","meta":{"footnotes":""},"class_list":["post-171","page","type-page","status-publish","hentry"],"acf":[],"yoast_head":"<!-- This site is optimized with the Yoast SEO plugin v26.8 - https:\/\/yoast.com\/product\/yoast-seo-wordpress\/ -->\n<title>Kontakt\/ Anfahrt - Mittelschule Frohsdorf<\/title>\n<meta name=\"robots\" content=\"index, follow, max-snippet:-1, max-image-preview:large, max-video-preview:-1\" \/>\n<link rel=\"canonical\" href=\"https:\/\/www.stachristiana.at\/mittelschule-frohsdorf\/anfahrt\" \/>\n<meta property=\"og:locale\" content=\"de_DE\" \/>\n<meta property=\"og:type\" content=\"article\" \/>\n<meta property=\"og:title\" content=\"Kontakt\/ Anfahrt - Mittelschule Frohsdorf\" \/>\n<meta property=\"og:description\" content=\"PN\u00d6MS Sta. Christiana Wiener Neust\u00e4dter Stra\u00dfe 742821 Frohsdorf Telefon: Lehrerzimmer: 02627\/45235-22 Direktion: 02627\/45235-13 nms.frohsdorf@stachristiana.at Alle Lehrer*innen sind \u00fcber vorname.nachname@stachristiana.at \u00a0zu erreichen! Die Sprechstunden aller Lehrer:innen finden Sie\u00a0hier!\" \/>\n<meta property=\"og:url\" content=\"https:\/\/www.stachristiana.at\/mittelschule-frohsdorf\/anfahrt\" \/>\n<meta property=\"og:site_name\" content=\"Mittelschule Frohsdorf\" \/>\n<meta property=\"article:modified_time\" content=\"2023-02-08T07:56:06+00:00\" \/>\n<meta property=\"og:image\" content=\"https:\/\/www.stachristiana.at\/app\/uploads\/sites\/15\/2022\/05\/logo-sta-christiana.png\" \/>\n\t<meta property=\"og:image:width\" content=\"1200\" \/>\n\t<meta property=\"og:image:height\" content=\"491\" \/>\n\t<meta property=\"og:image:type\" content=\"image\/png\" \/>\n<meta name=\"twitter:card\" content=\"summary_large_image\" \/>\n<meta name=\"twitter:label1\" content=\"Gesch\u00e4tzte Lesezeit\" \/>\n\t<meta name=\"twitter:data1\" content=\"1\u00a0Minute\" \/>\n<script type=\"application\/ld+json\" class=\"yoast-schema-graph\">{\"@context\":\"https:\/\/schema.org\",\"@graph\":[{\"@type\":\"WebPage\",\"@id\":\"https:\/\/www.stachristiana.at\/mittelschule-frohsdorf\/anfahrt\",\"url\":\"https:\/\/www.stachristiana.at\/mittelschule-frohsdorf\/anfahrt\",\"name\":\"Kontakt\/ Anfahrt - Mittelschule Frohsdorf\",\"isPartOf\":{\"@id\":\"https:\/\/www.stachristiana.at\/mittelschule-frohsdorf\/#website\"},\"datePublished\":\"2022-05-10T14:52:10+00:00\",\"dateModified\":\"2023-02-08T07:56:06+00:00\",\"breadcrumb\":{\"@id\":\"https:\/\/www.stachristiana.at\/mittelschule-frohsdorf\/anfahrt#breadcrumb\"},\"inLanguage\":\"de\",\"potentialAction\":[{\"@type\":\"ReadAction\",\"target\":[\"https:\/\/www.stachristiana.at\/mittelschule-frohsdorf\/anfahrt\"]}]},{\"@type\":\"BreadcrumbList\",\"@id\":\"https:\/\/www.stachristiana.at\/mittelschule-frohsdorf\/anfahrt#breadcrumb\",\"itemListElement\":[{\"@type\":\"ListItem\",\"position\":1,\"name\":\"Start\",\"item\":\"https:\/\/www.stachristiana.at\/\"},{\"@type\":\"ListItem\",\"position\":2,\"name\":\"Kontakt\/ Anfahrt\"}]},{\"@type\":\"WebSite\",\"@id\":\"https:\/\/www.stachristiana.at\/mittelschule-frohsdorf\/#website\",\"url\":\"https:\/\/www.stachristiana.at\/mittelschule-frohsdorf\/\",\"name\":\"Sta. Christiana - Private Mittelschule Frohsdorf\",\"description\":\"Sta. Christiana - Schulen zum Leben\",\"publisher\":{\"@id\":\"https:\/\/www.stachristiana.at\/mittelschule-frohsdorf\/#organization\"},\"alternateName\":\"Private Mittelschule Frohsdorf\",\"potentialAction\":[{\"@type\":\"SearchAction\",\"target\":{\"@type\":\"EntryPoint\",\"urlTemplate\":\"https:\/\/www.stachristiana.at\/mittelschule-frohsdorf\/?s={search_term_string}\"},\"query-input\":{\"@type\":\"PropertyValueSpecification\",\"valueRequired\":true,\"valueName\":\"search_term_string\"}}],\"inLanguage\":\"de\"},{\"@type\":\"Organization\",\"@id\":\"https:\/\/www.stachristiana.at\/mittelschule-frohsdorf\/#organization\",\"name\":\"Sta. Christiana - Private Mittelschule Frohsdorf\",\"alternateName\":\"Private Mittelschule Frohsdorf\",\"url\":\"https:\/\/www.stachristiana.at\/mittelschule-frohsdorf\/\",\"logo\":{\"@type\":\"ImageObject\",\"inLanguage\":\"de\",\"@id\":\"https:\/\/www.stachristiana.at\/mittelschule-frohsdorf\/#\/schema\/logo\/image\/\",\"url\":\"https:\/\/www.stachristiana.at\/app\/uploads\/sites\/15\/2022\/05\/logo-sta-christiana.png\",\"contentUrl\":\"https:\/\/www.stachristiana.at\/app\/uploads\/sites\/15\/2022\/05\/logo-sta-christiana.png\",\"width\":1200,\"height\":491,\"caption\":\"Sta. Christiana - Private Mittelschule Frohsdorf\"},\"image\":{\"@id\":\"https:\/\/www.stachristiana.at\/mittelschule-frohsdorf\/#\/schema\/logo\/image\/\"}}]}<\/script>\n<!-- \/ Yoast SEO plugin. -->","yoast_head_json":{"title":"Kontakt\/ Anfahrt - Mittelschule Frohsdorf","robots":{"index":"index","follow":"follow","max-snippet":"max-snippet:-1","max-image-preview":"max-image-preview:large","max-video-preview":"max-video-preview:-1"},"canonical":"https:\/\/www.stachristiana.at\/mittelschule-frohsdorf\/anfahrt","og_locale":"de_DE","og_type":"article","og_title":"Kontakt\/ Anfahrt - Mittelschule Frohsdorf","og_description":"PN\u00d6MS Sta. Christiana Wiener Neust\u00e4dter Stra\u00dfe 742821 Frohsdorf Telefon: Lehrerzimmer: 02627\/45235-22 Direktion: 02627\/45235-13 nms.frohsdorf@stachristiana.at Alle Lehrer*innen sind \u00fcber vorname.nachname@stachristiana.at \u00a0zu erreichen! Die Sprechstunden aller Lehrer:innen finden Sie\u00a0hier!","og_url":"https:\/\/www.stachristiana.at\/mittelschule-frohsdorf\/anfahrt","og_site_name":"Mittelschule Frohsdorf","article_modified_time":"2023-02-08T07:56:06+00:00","og_image":[{"width":1200,"height":491,"url":"https:\/\/www.stachristiana.at\/app\/uploads\/sites\/15\/2022\/05\/logo-sta-christiana.png","type":"image\/png"}],"twitter_card":"summary_large_image","twitter_misc":{"Gesch\u00e4tzte Lesezeit":"1\u00a0Minute"},"schema":{"@context":"https:\/\/schema.org","@graph":[{"@type":"WebPage","@id":"https:\/\/www.stachristiana.at\/mittelschule-frohsdorf\/anfahrt","url":"https:\/\/www.stachristiana.at\/mittelschule-frohsdorf\/anfahrt","name":"Kontakt\/ Anfahrt - Mittelschule Frohsdorf","isPartOf":{"@id":"https:\/\/www.stachristiana.at\/mittelschule-frohsdorf\/#website"},"datePublished":"2022-05-10T14:52:10+00:00","dateModified":"2023-02-08T07:56:06+00:00","breadcrumb":{"@id":"https:\/\/www.stachristiana.at\/mittelschule-frohsdorf\/anfahrt#breadcrumb"},"inLanguage":"de","potentialAction":[{"@type":"ReadAction","target":["https:\/\/www.stachristiana.at\/mittelschule-frohsdorf\/anfahrt"]}]},{"@type":"BreadcrumbList","@id":"https:\/\/www.stachristiana.at\/mittelschule-frohsdorf\/anfahrt#breadcrumb","itemListElement":[{"@type":"ListItem","position":1,"name":"Start","item":"https:\/\/www.stachristiana.at\/"},{"@type":"ListItem","position":2,"name":"Kontakt\/ Anfahrt"}]},{"@type":"WebSite","@id":"https:\/\/www.stachristiana.at\/mittelschule-frohsdorf\/#website","url":"https:\/\/www.stachristiana.at\/mittelschule-frohsdorf\/","name":"Sta. Christiana - Private Mittelschule Frohsdorf","description":"Sta. Christiana - Schulen zum Leben","publisher":{"@id":"https:\/\/www.stachristiana.at\/mittelschule-frohsdorf\/#organization"},"alternateName":"Private Mittelschule Frohsdorf","potentialAction":[{"@type":"SearchAction","target":{"@type":"EntryPoint","urlTemplate":"https:\/\/www.stachristiana.at\/mittelschule-frohsdorf\/?s={search_term_string}"},"query-input":{"@type":"PropertyValueSpecification","valueRequired":true,"valueName":"search_term_string"}}],"inLanguage":"de"},{"@type":"Organization","@id":"https:\/\/www.stachristiana.at\/mittelschule-frohsdorf\/#organization","name":"Sta. Christiana - Private Mittelschule Frohsdorf","alternateName":"Private Mittelschule Frohsdorf","url":"https:\/\/www.stachristiana.at\/mittelschule-frohsdorf\/","logo":{"@type":"ImageObject","inLanguage":"de","@id":"https:\/\/www.stachristiana.at\/mittelschule-frohsdorf\/#\/schema\/logo\/image\/","url":"https:\/\/www.stachristiana.at\/app\/uploads\/sites\/15\/2022\/05\/logo-sta-christiana.png","contentUrl":"https:\/\/www.stachristiana.at\/app\/uploads\/sites\/15\/2022\/05\/logo-sta-christiana.png","width":1200,"height":491,"caption":"Sta. Christiana - Private Mittelschule Frohsdorf"},"image":{"@id":"https:\/\/www.stachristiana.at\/mittelschule-frohsdorf\/#\/schema\/logo\/image\/"}}]}},"_links":{"self":[{"href":"https:\/\/www.stachristiana.at\/mittelschule-frohsdorf\/wp-json\/wp\/v2\/pages\/171","targetHints":{"allow":["GET"]}}],"collection":[{"href":"https:\/\/www.stachristiana.at\/mittelschule-frohsdorf\/wp-json\/wp\/v2\/pages"}],"about":[{"href":"https:\/\/www.stachristiana.at\/mittelschule-frohsdorf\/wp-json\/wp\/v2\/types\/page"}],"author":[{"embeddable":true,"href":"https:\/\/www.stachristiana.at\/mittelschule-frohsdorf\/wp-json\/wp\/v2\/users\/1"}],"replies":[{"embeddable":true,"href":"https:\/\/www.stachristiana.at\/mittelschule-frohsdorf\/wp-json\/wp\/v2\/comments?post=171"}],"version-history":[{"count":21,"href":"https:\/\/www.stachristiana.at\/mittelschule-frohsdorf\/wp-json\/wp\/v2\/pages\/171\/revisions"}],"predecessor-version":[{"id":961,"href":"https:\/\/www.stachristiana.at\/mittelschule-frohsdorf\/wp-json\/wp\/v2\/pages\/171\/revisions\/961"}],"wp:attachment":[{"href":"https:\/\/www.stachristiana.at\/mittelschule-frohsdorf\/wp-json\/wp\/v2\/media?parent=171"}],"curies":[{"name":"wp","href":"https:\/\/api.w.org\/{rel}","templated":true}]}}