{"id":603,"date":"2022-11-01T22:38:31","date_gmt":"2022-11-01T21:38:31","guid":{"rendered":"http:\/\/www.sanctachristiana.at\/kindergarten-frohsdorf\/?page_id=603"},"modified":"2023-02-19T12:58:51","modified_gmt":"2023-02-19T11:58:51","slug":"nachmittagsangebote","status":"publish","type":"page","link":"https:\/\/www.stachristiana.at\/kindergarten-frohsdorf\/was-wir-bieten\/nachmittagsangebote","title":{"rendered":"Schwerpunkte"},"content":{"rendered":"\n<p>Unser Kindergarten ist ein Praxiskindergarten der Bildungsanstalt f\u00fcr Elementarp\u00e4dagogik und Kolleg am Standort Sta. Christiana Frohsdorf. Die Zusammenarbeit ist ein Teil unseres p\u00e4dagogischen Konzeptes und hat sich aufgrund der vielf\u00e4ltigen M\u00f6glichkeiten, die sich dadurch bieten, sehr bew\u00e4hrt. Es werden dadurch Zusatzangebote f\u00fcr die Kinder w\u00e4hrend des Kindergartenalltags erm\u00f6glicht.<\/p>\n\n\n\n<p>Sch\u00fcler*innen, Student*innen, sowie Lehrpersonal sind integriert in die p\u00e4dagogische Arbeit des Kindergartens und k\u00f6nnen somit auch einen Transfer zwischen Theorie und Praxis gew\u00e4hrleisten.<\/p>\n\n\n\n<p>Durch die inovative Arbeit der P\u00e4dagoginnen entstehen immer wieder neue Projekte und Aktivit\u00e4ten, die den Kindern kostenlos zur Verf\u00fcgung stehen und weitere Bezugspersonen erm\u00f6glichen:<\/p>\n\n\n\n<ul class=\"wp-block-list\">\n<li>BAfEP Turnen (eigene Turnstunden mit Ger\u00e4ten, B\u00e4lle, die unter Aufsicht eines Turnlehrers stattfinden)<\/li>\n\n\n\n<li>Ausg\u00e4nge in die Natur (Astsofa und Tipi bauen, Naturquiz und Spazierg\u00e4nge mit ausreichend Betreuungspersonen u.v.m.)<\/li>\n\n\n\n<li>Eislaufen und Schwimmen<\/li>\n\n\n\n<li>Ausfl\u00fcge (Apfelbauern, Eisgreisler u.v.m.)<\/li>\n\n\n\n<li>Kreativit\u00e4t im Atelier (3D-Drucker, Werkmaterial wie S\u00e4ge, Hammer, Schleifmaschine u.v.m.)<\/li>\n\n\n\n<li>Kooperation mit VS-Kindern durch gemeinsame Aktivit\u00e4ten (gemeinsame Feste gestalten, Besuch der VS und Direktorin)<\/li>\n\n\n\n<li>Mathematische Fr\u00fcherziehung<\/li>\n\n\n\n<li>Rhythmisch-musikalische Fr\u00fcherziehung<\/li>\n\n\n\n<li>Naitive Speaker<\/li>\n\n\n\n<li>Diverse Angebote, die die Sch\u00fcler*innen der BAfEP und Kolleg gestalten (Schatten- und Puppentheater, hauswirtschaftliche T\u00e4tigkeit u.v.m.)<\/li>\n\n\n\n<li>\u2026.<\/li>\n<\/ul>\n","protected":false},"excerpt":{"rendered":"<p>Unser Kindergarten ist ein Praxiskindergarten der Bildungsanstalt f\u00fcr Elementarp\u00e4dagogik und Kolleg am Standort Sta. Christiana Frohsdorf. Die Zusammenarbeit ist ein Teil unseres p\u00e4dagogischen Konzeptes und hat sich aufgrund der vielf\u00e4ltigen M\u00f6glichkeiten, die sich dadurch bieten, sehr bew\u00e4hrt. Es werden dadurch Zusatzangebote f\u00fcr die Kinder w\u00e4hrend des Kindergartenalltags erm\u00f6glicht. Sch\u00fcler*innen, Student*innen, sowie Lehrpersonal sind integriert in [&hellip;]<\/p>\n","protected":false},"author":5,"featured_media":0,"parent":144,"menu_order":0,"comment_status":"closed","ping_status":"closed","template":"","meta":{"footnotes":""},"class_list":["post-603","page","type-page","status-publish","hentry"],"acf":[],"yoast_head":"<!-- This site is optimized with the Yoast SEO plugin v26.8 - https:\/\/yoast.com\/product\/yoast-seo-wordpress\/ -->\n<title>Schwerpunkte - Kindergarten Frohsdorf<\/title>\n<meta name=\"robots\" content=\"index, follow, max-snippet:-1, max-image-preview:large, max-video-preview:-1\" \/>\n<link rel=\"canonical\" href=\"https:\/\/www.stachristiana.at\/kindergarten-frohsdorf\/was-wir-bieten\/nachmittagsangebote\" \/>\n<meta property=\"og:locale\" content=\"de_DE\" \/>\n<meta property=\"og:type\" content=\"article\" \/>\n<meta property=\"og:title\" content=\"Schwerpunkte - Kindergarten Frohsdorf\" \/>\n<meta property=\"og:description\" content=\"Unser Kindergarten ist ein Praxiskindergarten der Bildungsanstalt f\u00fcr Elementarp\u00e4dagogik und Kolleg am Standort Sta. Christiana Frohsdorf. Die Zusammenarbeit ist ein Teil unseres p\u00e4dagogischen Konzeptes und hat sich aufgrund der vielf\u00e4ltigen M\u00f6glichkeiten, die sich dadurch bieten, sehr bew\u00e4hrt. Es werden dadurch Zusatzangebote f\u00fcr die Kinder w\u00e4hrend des Kindergartenalltags erm\u00f6glicht. Sch\u00fcler*innen, Student*innen, sowie Lehrpersonal sind integriert in [&hellip;]\" \/>\n<meta property=\"og:url\" content=\"https:\/\/www.stachristiana.at\/kindergarten-frohsdorf\/was-wir-bieten\/nachmittagsangebote\" \/>\n<meta property=\"og:site_name\" content=\"Kindergarten Frohsdorf\" \/>\n<meta property=\"article:modified_time\" content=\"2023-02-19T11:58:51+00:00\" \/>\n<meta property=\"og:image\" content=\"https:\/\/www.stachristiana.at\/app\/uploads\/sites\/13\/2022\/05\/logo-sta-christiana.png\" \/>\n\t<meta property=\"og:image:width\" content=\"1200\" \/>\n\t<meta property=\"og:image:height\" content=\"491\" \/>\n\t<meta property=\"og:image:type\" content=\"image\/png\" \/>\n<meta name=\"twitter:card\" content=\"summary_large_image\" \/>\n<meta name=\"twitter:label1\" content=\"Gesch\u00e4tzte Lesezeit\" \/>\n\t<meta name=\"twitter:data1\" content=\"1\u00a0Minute\" \/>\n<script type=\"application\/ld+json\" class=\"yoast-schema-graph\">{\"@context\":\"https:\/\/schema.org\",\"@graph\":[{\"@type\":\"WebPage\",\"@id\":\"https:\/\/www.stachristiana.at\/kindergarten-frohsdorf\/was-wir-bieten\/nachmittagsangebote\",\"url\":\"https:\/\/www.stachristiana.at\/kindergarten-frohsdorf\/was-wir-bieten\/nachmittagsangebote\",\"name\":\"Schwerpunkte - Kindergarten Frohsdorf\",\"isPartOf\":{\"@id\":\"https:\/\/www.stachristiana.at\/kindergarten-frohsdorf\/#website\"},\"datePublished\":\"2022-11-01T21:38:31+00:00\",\"dateModified\":\"2023-02-19T11:58:51+00:00\",\"breadcrumb\":{\"@id\":\"https:\/\/www.stachristiana.at\/kindergarten-frohsdorf\/was-wir-bieten\/nachmittagsangebote#breadcrumb\"},\"inLanguage\":\"de\",\"potentialAction\":[{\"@type\":\"ReadAction\",\"target\":[\"https:\/\/www.stachristiana.at\/kindergarten-frohsdorf\/was-wir-bieten\/nachmittagsangebote\"]}]},{\"@type\":\"BreadcrumbList\",\"@id\":\"https:\/\/www.stachristiana.at\/kindergarten-frohsdorf\/was-wir-bieten\/nachmittagsangebote#breadcrumb\",\"itemListElement\":[{\"@type\":\"ListItem\",\"position\":1,\"name\":\"Start\",\"item\":\"https:\/\/www.stachristiana.at\/\"},{\"@type\":\"ListItem\",\"position\":2,\"name\":\"Was wir bieten\",\"item\":\"https:\/\/www.stachristiana.at\/kindergarten-frohsdorf\/was-wir-bieten\"},{\"@type\":\"ListItem\",\"position\":3,\"name\":\"Schwerpunkte\"}]},{\"@type\":\"WebSite\",\"@id\":\"https:\/\/www.stachristiana.at\/kindergarten-frohsdorf\/#website\",\"url\":\"https:\/\/www.stachristiana.at\/kindergarten-frohsdorf\/\",\"name\":\"Sta. Christiana - Privater Kindergarten Frohsdorf\",\"description\":\"Sta. Christiana - Schulen zum Leben\",\"publisher\":{\"@id\":\"https:\/\/www.stachristiana.at\/kindergarten-frohsdorf\/#organization\"},\"alternateName\":\"Privater Kindergarten Frohsdorf\",\"potentialAction\":[{\"@type\":\"SearchAction\",\"target\":{\"@type\":\"EntryPoint\",\"urlTemplate\":\"https:\/\/www.stachristiana.at\/kindergarten-frohsdorf\/?s={search_term_string}\"},\"query-input\":{\"@type\":\"PropertyValueSpecification\",\"valueRequired\":true,\"valueName\":\"search_term_string\"}}],\"inLanguage\":\"de\"},{\"@type\":\"Organization\",\"@id\":\"https:\/\/www.stachristiana.at\/kindergarten-frohsdorf\/#organization\",\"name\":\"Sta. Christiana - Privater Kindergarten Frohsdorf\",\"alternateName\":\"Privater Kindergarten Frohsdorf\",\"url\":\"https:\/\/www.stachristiana.at\/kindergarten-frohsdorf\/\",\"logo\":{\"@type\":\"ImageObject\",\"inLanguage\":\"de\",\"@id\":\"https:\/\/www.stachristiana.at\/kindergarten-frohsdorf\/#\/schema\/logo\/image\/\",\"url\":\"https:\/\/www.stachristiana.at\/app\/uploads\/sites\/13\/2022\/05\/logo-sta-christiana.png\",\"contentUrl\":\"https:\/\/www.stachristiana.at\/app\/uploads\/sites\/13\/2022\/05\/logo-sta-christiana.png\",\"width\":1200,\"height\":491,\"caption\":\"Sta. Christiana - Privater Kindergarten Frohsdorf\"},\"image\":{\"@id\":\"https:\/\/www.stachristiana.at\/kindergarten-frohsdorf\/#\/schema\/logo\/image\/\"}}]}<\/script>\n<!-- \/ Yoast SEO plugin. -->","yoast_head_json":{"title":"Schwerpunkte - Kindergarten Frohsdorf","robots":{"index":"index","follow":"follow","max-snippet":"max-snippet:-1","max-image-preview":"max-image-preview:large","max-video-preview":"max-video-preview:-1"},"canonical":"https:\/\/www.stachristiana.at\/kindergarten-frohsdorf\/was-wir-bieten\/nachmittagsangebote","og_locale":"de_DE","og_type":"article","og_title":"Schwerpunkte - Kindergarten Frohsdorf","og_description":"Unser Kindergarten ist ein Praxiskindergarten der Bildungsanstalt f\u00fcr Elementarp\u00e4dagogik und Kolleg am Standort Sta. Christiana Frohsdorf. Die Zusammenarbeit ist ein Teil unseres p\u00e4dagogischen Konzeptes und hat sich aufgrund der vielf\u00e4ltigen M\u00f6glichkeiten, die sich dadurch bieten, sehr bew\u00e4hrt. Es werden dadurch Zusatzangebote f\u00fcr die Kinder w\u00e4hrend des Kindergartenalltags erm\u00f6glicht. Sch\u00fcler*innen, Student*innen, sowie Lehrpersonal sind integriert in [&hellip;]","og_url":"https:\/\/www.stachristiana.at\/kindergarten-frohsdorf\/was-wir-bieten\/nachmittagsangebote","og_site_name":"Kindergarten Frohsdorf","article_modified_time":"2023-02-19T11:58:51+00:00","og_image":[{"width":1200,"height":491,"url":"https:\/\/www.stachristiana.at\/app\/uploads\/sites\/13\/2022\/05\/logo-sta-christiana.png","type":"image\/png"}],"twitter_card":"summary_large_image","twitter_misc":{"Gesch\u00e4tzte Lesezeit":"1\u00a0Minute"},"schema":{"@context":"https:\/\/schema.org","@graph":[{"@type":"WebPage","@id":"https:\/\/www.stachristiana.at\/kindergarten-frohsdorf\/was-wir-bieten\/nachmittagsangebote","url":"https:\/\/www.stachristiana.at\/kindergarten-frohsdorf\/was-wir-bieten\/nachmittagsangebote","name":"Schwerpunkte - Kindergarten Frohsdorf","isPartOf":{"@id":"https:\/\/www.stachristiana.at\/kindergarten-frohsdorf\/#website"},"datePublished":"2022-11-01T21:38:31+00:00","dateModified":"2023-02-19T11:58:51+00:00","breadcrumb":{"@id":"https:\/\/www.stachristiana.at\/kindergarten-frohsdorf\/was-wir-bieten\/nachmittagsangebote#breadcrumb"},"inLanguage":"de","potentialAction":[{"@type":"ReadAction","target":["https:\/\/www.stachristiana.at\/kindergarten-frohsdorf\/was-wir-bieten\/nachmittagsangebote"]}]},{"@type":"BreadcrumbList","@id":"https:\/\/www.stachristiana.at\/kindergarten-frohsdorf\/was-wir-bieten\/nachmittagsangebote#breadcrumb","itemListElement":[{"@type":"ListItem","position":1,"name":"Start","item":"https:\/\/www.stachristiana.at\/"},{"@type":"ListItem","position":2,"name":"Was wir bieten","item":"https:\/\/www.stachristiana.at\/kindergarten-frohsdorf\/was-wir-bieten"},{"@type":"ListItem","position":3,"name":"Schwerpunkte"}]},{"@type":"WebSite","@id":"https:\/\/www.stachristiana.at\/kindergarten-frohsdorf\/#website","url":"https:\/\/www.stachristiana.at\/kindergarten-frohsdorf\/","name":"Sta. Christiana - Privater Kindergarten Frohsdorf","description":"Sta. Christiana - Schulen zum Leben","publisher":{"@id":"https:\/\/www.stachristiana.at\/kindergarten-frohsdorf\/#organization"},"alternateName":"Privater Kindergarten Frohsdorf","potentialAction":[{"@type":"SearchAction","target":{"@type":"EntryPoint","urlTemplate":"https:\/\/www.stachristiana.at\/kindergarten-frohsdorf\/?s={search_term_string}"},"query-input":{"@type":"PropertyValueSpecification","valueRequired":true,"valueName":"search_term_string"}}],"inLanguage":"de"},{"@type":"Organization","@id":"https:\/\/www.stachristiana.at\/kindergarten-frohsdorf\/#organization","name":"Sta. Christiana - Privater Kindergarten Frohsdorf","alternateName":"Privater Kindergarten Frohsdorf","url":"https:\/\/www.stachristiana.at\/kindergarten-frohsdorf\/","logo":{"@type":"ImageObject","inLanguage":"de","@id":"https:\/\/www.stachristiana.at\/kindergarten-frohsdorf\/#\/schema\/logo\/image\/","url":"https:\/\/www.stachristiana.at\/app\/uploads\/sites\/13\/2022\/05\/logo-sta-christiana.png","contentUrl":"https:\/\/www.stachristiana.at\/app\/uploads\/sites\/13\/2022\/05\/logo-sta-christiana.png","width":1200,"height":491,"caption":"Sta. Christiana - Privater Kindergarten Frohsdorf"},"image":{"@id":"https:\/\/www.stachristiana.at\/kindergarten-frohsdorf\/#\/schema\/logo\/image\/"}}]}},"_links":{"self":[{"href":"https:\/\/www.stachristiana.at\/kindergarten-frohsdorf\/wp-json\/wp\/v2\/pages\/603","targetHints":{"allow":["GET"]}}],"collection":[{"href":"https:\/\/www.stachristiana.at\/kindergarten-frohsdorf\/wp-json\/wp\/v2\/pages"}],"about":[{"href":"https:\/\/www.stachristiana.at\/kindergarten-frohsdorf\/wp-json\/wp\/v2\/types\/page"}],"author":[{"embeddable":true,"href":"https:\/\/www.stachristiana.at\/kindergarten-frohsdorf\/wp-json\/wp\/v2\/users\/5"}],"replies":[{"embeddable":true,"href":"https:\/\/www.stachristiana.at\/kindergarten-frohsdorf\/wp-json\/wp\/v2\/comments?post=603"}],"version-history":[{"count":2,"href":"https:\/\/www.stachristiana.at\/kindergarten-frohsdorf\/wp-json\/wp\/v2\/pages\/603\/revisions"}],"predecessor-version":[{"id":688,"href":"https:\/\/www.stachristiana.at\/kindergarten-frohsdorf\/wp-json\/wp\/v2\/pages\/603\/revisions\/688"}],"up":[{"embeddable":true,"href":"https:\/\/www.stachristiana.at\/kindergarten-frohsdorf\/wp-json\/wp\/v2\/pages\/144"}],"wp:attachment":[{"href":"https:\/\/www.stachristiana.at\/kindergarten-frohsdorf\/wp-json\/wp\/v2\/media?parent=603"}],"curies":[{"name":"wp","href":"https:\/\/api.w.org\/{rel}","templated":true}]}}