{"id":601,"date":"2022-11-01T22:36:34","date_gmt":"2022-11-01T21:36:34","guid":{"rendered":"http:\/\/www.sanctachristiana.at\/kindergarten-frohsdorf\/?page_id=601"},"modified":"2023-02-19T13:10:48","modified_gmt":"2023-02-19T12:10:48","slug":"bildungsangebot","status":"publish","type":"page","link":"https:\/\/www.stachristiana.at\/kindergarten-frohsdorf\/was-wir-bieten\/bildungsangebot","title":{"rendered":"Bildungsangebot"},"content":{"rendered":"\n<p><strong>Unsere P\u00e4dagogik best\u00e4rkt Ihr Kind \u2026<\/strong><\/p>\n\n\n\n<p>die Herausforderungen des Lebens anzunehmen, seine zuk\u00fcnftige Umwelt mit seinen F\u00e4higkeiten zu bereichern, selbstbewusst und emotional abgesichert seine Aufgaben zu bew\u00e4ltigen<br>\u00a0<br><strong>In folgenden Bereichen versuchen wir Ihr Kind zu st\u00e4rken, zu unterst\u00fctzen und zu f\u00f6rdern:<\/strong><\/p>\n\n\n\n<p><strong>Religion und Ethik:<\/strong><br>Feste rund ums Jahr und im christlichen Festkreis zusammen mit den Eltern und der Kindergarten- und Schulgemeinschaft, st\u00e4rken unsere Gemeinschaft.<\/p>\n\n\n\n<p><strong>Sozialkompetenz:<\/strong><br>Unser demokratisches Miteinander im Kindergartenalltag ist gepr\u00e4gt von gegenseitigem Respekt und Achtung vom Kindergartenkind, \u00fcber Sch\u00fcler und Sch\u00fclerin bis hin zum Erwachsenen.<br>Wir leben Gemeinschaft!<\/p>\n\n\n\n<p><strong>Musik, \u00c4sthetik und Gestaltung:<\/strong><br>Eine kreativit\u00e4tsf\u00f6rdernde Haltung und Umgebung erm\u00f6glicht dem Kind sich als Sch\u00f6pfer im musischen wie im bildnerischen Bereich zu erleben und wecken den Mut zur Ver\u00e4nderung.<\/p>\n\n\n\n<p><strong>Kommunikation und Sprache:<\/strong><br>Individuelle Begleitung\u00a0 auf dem Weg zur bestm\u00f6glichen Sprachkompetenz, Schreib- und Lesevorbereitung.<\/p>\n\n\n\n<p><strong>Natur und Technik:<\/strong><br>Thematische Schwerpunkte, Projekte und Ausfl\u00fcge erm\u00f6glichen ihrem Kind wertvolle Erkenntnisse, den Einblick in Zusammenh\u00e4nge und motivieren zu selbst\u00e4ndigem Experimentieren und Forschen.<\/p>\n\n\n\n<p><strong>Emotionale Erziehung:<\/strong><br>Die Ber\u00fccksichtigung der individuellen Bed\u00fcrfnisse der Kinder und deren Familien, sind Grundlage unserer p\u00e4dagogischen Arbeit und f\u00fchren zu einer Atmosph\u00e4re der Geborgenheit.<\/p>\n\n\n\n<p><strong>Gesundheitserziehung:<\/strong><br>Essen aus eigener K\u00fcche, viel Bewegung an der frischer Luft, Erfahrung im Bereich K\u00f6rperschema, Emotionen und kognitiven Herausforderungen,  sowie die Begleitung durch die Schul\u00e4rztin, best\u00e4rken ihr Kind im bewussten, ganzheitlichen Umgang mit dem eigenen K\u00f6rper.<\/p>\n\n\n\n<p><strong>Bewegung und Sport:<\/strong><br>Bewegungserfahrungen im Schulturnsaal und im Garten st\u00e4rken das Selbstvertrauen und tragen zu eigenst\u00e4ndigem, ganzheitlichem Lernen bei. Das bewegte Lernen ist uns sehr wichtig!<\/p>\n","protected":false},"excerpt":{"rendered":"<p>Unsere P\u00e4dagogik best\u00e4rkt Ihr Kind \u2026 die Herausforderungen des Lebens anzunehmen, seine zuk\u00fcnftige Umwelt mit seinen F\u00e4higkeiten zu bereichern, selbstbewusst und emotional abgesichert seine Aufgaben zu bew\u00e4ltigen\u00a0In folgenden Bereichen versuchen wir Ihr Kind zu st\u00e4rken, zu unterst\u00fctzen und zu f\u00f6rdern: Religion und Ethik:Feste rund ums Jahr und im christlichen Festkreis zusammen mit den Eltern und [&hellip;]<\/p>\n","protected":false},"author":5,"featured_media":0,"parent":144,"menu_order":0,"comment_status":"closed","ping_status":"closed","template":"","meta":{"footnotes":""},"class_list":["post-601","page","type-page","status-publish","hentry"],"acf":[],"yoast_head":"<!-- This site is optimized with the Yoast SEO plugin v26.8 - https:\/\/yoast.com\/product\/yoast-seo-wordpress\/ -->\n<title>Bildungsangebot - Kindergarten Frohsdorf<\/title>\n<meta name=\"robots\" content=\"index, follow, max-snippet:-1, max-image-preview:large, max-video-preview:-1\" \/>\n<link rel=\"canonical\" href=\"https:\/\/www.stachristiana.at\/kindergarten-frohsdorf\/was-wir-bieten\/bildungsangebot\" \/>\n<meta property=\"og:locale\" content=\"de_DE\" \/>\n<meta property=\"og:type\" content=\"article\" \/>\n<meta property=\"og:title\" content=\"Bildungsangebot - Kindergarten Frohsdorf\" \/>\n<meta property=\"og:description\" content=\"Unsere P\u00e4dagogik best\u00e4rkt Ihr Kind \u2026 die Herausforderungen des Lebens anzunehmen, seine zuk\u00fcnftige Umwelt mit seinen F\u00e4higkeiten zu bereichern, selbstbewusst und emotional abgesichert seine Aufgaben zu bew\u00e4ltigen\u00a0In folgenden Bereichen versuchen wir Ihr Kind zu st\u00e4rken, zu unterst\u00fctzen und zu f\u00f6rdern: Religion und Ethik:Feste rund ums Jahr und im christlichen Festkreis zusammen mit den Eltern und [&hellip;]\" \/>\n<meta property=\"og:url\" content=\"https:\/\/www.stachristiana.at\/kindergarten-frohsdorf\/was-wir-bieten\/bildungsangebot\" \/>\n<meta property=\"og:site_name\" content=\"Kindergarten Frohsdorf\" \/>\n<meta property=\"article:modified_time\" content=\"2023-02-19T12:10:48+00:00\" \/>\n<meta property=\"og:image\" content=\"https:\/\/www.stachristiana.at\/app\/uploads\/sites\/13\/2022\/05\/logo-sta-christiana.png\" \/>\n\t<meta property=\"og:image:width\" content=\"1200\" \/>\n\t<meta property=\"og:image:height\" content=\"491\" \/>\n\t<meta property=\"og:image:type\" content=\"image\/png\" \/>\n<meta name=\"twitter:card\" content=\"summary_large_image\" \/>\n<meta name=\"twitter:label1\" content=\"Gesch\u00e4tzte Lesezeit\" \/>\n\t<meta name=\"twitter:data1\" content=\"2\u00a0Minuten\" \/>\n<script type=\"application\/ld+json\" class=\"yoast-schema-graph\">{\"@context\":\"https:\/\/schema.org\",\"@graph\":[{\"@type\":\"WebPage\",\"@id\":\"https:\/\/www.stachristiana.at\/kindergarten-frohsdorf\/was-wir-bieten\/bildungsangebot\",\"url\":\"https:\/\/www.stachristiana.at\/kindergarten-frohsdorf\/was-wir-bieten\/bildungsangebot\",\"name\":\"Bildungsangebot - Kindergarten Frohsdorf\",\"isPartOf\":{\"@id\":\"https:\/\/www.stachristiana.at\/kindergarten-frohsdorf\/#website\"},\"datePublished\":\"2022-11-01T21:36:34+00:00\",\"dateModified\":\"2023-02-19T12:10:48+00:00\",\"breadcrumb\":{\"@id\":\"https:\/\/www.stachristiana.at\/kindergarten-frohsdorf\/was-wir-bieten\/bildungsangebot#breadcrumb\"},\"inLanguage\":\"de\",\"potentialAction\":[{\"@type\":\"ReadAction\",\"target\":[\"https:\/\/www.stachristiana.at\/kindergarten-frohsdorf\/was-wir-bieten\/bildungsangebot\"]}]},{\"@type\":\"BreadcrumbList\",\"@id\":\"https:\/\/www.stachristiana.at\/kindergarten-frohsdorf\/was-wir-bieten\/bildungsangebot#breadcrumb\",\"itemListElement\":[{\"@type\":\"ListItem\",\"position\":1,\"name\":\"Start\",\"item\":\"https:\/\/www.stachristiana.at\/\"},{\"@type\":\"ListItem\",\"position\":2,\"name\":\"Was wir bieten\",\"item\":\"https:\/\/www.stachristiana.at\/kindergarten-frohsdorf\/was-wir-bieten\"},{\"@type\":\"ListItem\",\"position\":3,\"name\":\"Bildungsangebot\"}]},{\"@type\":\"WebSite\",\"@id\":\"https:\/\/www.stachristiana.at\/kindergarten-frohsdorf\/#website\",\"url\":\"https:\/\/www.stachristiana.at\/kindergarten-frohsdorf\/\",\"name\":\"Sta. Christiana - Privater Kindergarten Frohsdorf\",\"description\":\"Sta. Christiana - Schulen zum Leben\",\"publisher\":{\"@id\":\"https:\/\/www.stachristiana.at\/kindergarten-frohsdorf\/#organization\"},\"alternateName\":\"Privater Kindergarten Frohsdorf\",\"potentialAction\":[{\"@type\":\"SearchAction\",\"target\":{\"@type\":\"EntryPoint\",\"urlTemplate\":\"https:\/\/www.stachristiana.at\/kindergarten-frohsdorf\/?s={search_term_string}\"},\"query-input\":{\"@type\":\"PropertyValueSpecification\",\"valueRequired\":true,\"valueName\":\"search_term_string\"}}],\"inLanguage\":\"de\"},{\"@type\":\"Organization\",\"@id\":\"https:\/\/www.stachristiana.at\/kindergarten-frohsdorf\/#organization\",\"name\":\"Sta. Christiana - Privater Kindergarten Frohsdorf\",\"alternateName\":\"Privater Kindergarten Frohsdorf\",\"url\":\"https:\/\/www.stachristiana.at\/kindergarten-frohsdorf\/\",\"logo\":{\"@type\":\"ImageObject\",\"inLanguage\":\"de\",\"@id\":\"https:\/\/www.stachristiana.at\/kindergarten-frohsdorf\/#\/schema\/logo\/image\/\",\"url\":\"https:\/\/www.stachristiana.at\/app\/uploads\/sites\/13\/2022\/05\/logo-sta-christiana.png\",\"contentUrl\":\"https:\/\/www.stachristiana.at\/app\/uploads\/sites\/13\/2022\/05\/logo-sta-christiana.png\",\"width\":1200,\"height\":491,\"caption\":\"Sta. Christiana - Privater Kindergarten Frohsdorf\"},\"image\":{\"@id\":\"https:\/\/www.stachristiana.at\/kindergarten-frohsdorf\/#\/schema\/logo\/image\/\"}}]}<\/script>\n<!-- \/ Yoast SEO plugin. -->","yoast_head_json":{"title":"Bildungsangebot - Kindergarten Frohsdorf","robots":{"index":"index","follow":"follow","max-snippet":"max-snippet:-1","max-image-preview":"max-image-preview:large","max-video-preview":"max-video-preview:-1"},"canonical":"https:\/\/www.stachristiana.at\/kindergarten-frohsdorf\/was-wir-bieten\/bildungsangebot","og_locale":"de_DE","og_type":"article","og_title":"Bildungsangebot - Kindergarten Frohsdorf","og_description":"Unsere P\u00e4dagogik best\u00e4rkt Ihr Kind \u2026 die Herausforderungen des Lebens anzunehmen, seine zuk\u00fcnftige Umwelt mit seinen F\u00e4higkeiten zu bereichern, selbstbewusst und emotional abgesichert seine Aufgaben zu bew\u00e4ltigen\u00a0In folgenden Bereichen versuchen wir Ihr Kind zu st\u00e4rken, zu unterst\u00fctzen und zu f\u00f6rdern: Religion und Ethik:Feste rund ums Jahr und im christlichen Festkreis zusammen mit den Eltern und [&hellip;]","og_url":"https:\/\/www.stachristiana.at\/kindergarten-frohsdorf\/was-wir-bieten\/bildungsangebot","og_site_name":"Kindergarten Frohsdorf","article_modified_time":"2023-02-19T12:10:48+00:00","og_image":[{"width":1200,"height":491,"url":"https:\/\/www.stachristiana.at\/app\/uploads\/sites\/13\/2022\/05\/logo-sta-christiana.png","type":"image\/png"}],"twitter_card":"summary_large_image","twitter_misc":{"Gesch\u00e4tzte Lesezeit":"2\u00a0Minuten"},"schema":{"@context":"https:\/\/schema.org","@graph":[{"@type":"WebPage","@id":"https:\/\/www.stachristiana.at\/kindergarten-frohsdorf\/was-wir-bieten\/bildungsangebot","url":"https:\/\/www.stachristiana.at\/kindergarten-frohsdorf\/was-wir-bieten\/bildungsangebot","name":"Bildungsangebot - Kindergarten Frohsdorf","isPartOf":{"@id":"https:\/\/www.stachristiana.at\/kindergarten-frohsdorf\/#website"},"datePublished":"2022-11-01T21:36:34+00:00","dateModified":"2023-02-19T12:10:48+00:00","breadcrumb":{"@id":"https:\/\/www.stachristiana.at\/kindergarten-frohsdorf\/was-wir-bieten\/bildungsangebot#breadcrumb"},"inLanguage":"de","potentialAction":[{"@type":"ReadAction","target":["https:\/\/www.stachristiana.at\/kindergarten-frohsdorf\/was-wir-bieten\/bildungsangebot"]}]},{"@type":"BreadcrumbList","@id":"https:\/\/www.stachristiana.at\/kindergarten-frohsdorf\/was-wir-bieten\/bildungsangebot#breadcrumb","itemListElement":[{"@type":"ListItem","position":1,"name":"Start","item":"https:\/\/www.stachristiana.at\/"},{"@type":"ListItem","position":2,"name":"Was wir bieten","item":"https:\/\/www.stachristiana.at\/kindergarten-frohsdorf\/was-wir-bieten"},{"@type":"ListItem","position":3,"name":"Bildungsangebot"}]},{"@type":"WebSite","@id":"https:\/\/www.stachristiana.at\/kindergarten-frohsdorf\/#website","url":"https:\/\/www.stachristiana.at\/kindergarten-frohsdorf\/","name":"Sta. Christiana - Privater Kindergarten Frohsdorf","description":"Sta. Christiana - Schulen zum Leben","publisher":{"@id":"https:\/\/www.stachristiana.at\/kindergarten-frohsdorf\/#organization"},"alternateName":"Privater Kindergarten Frohsdorf","potentialAction":[{"@type":"SearchAction","target":{"@type":"EntryPoint","urlTemplate":"https:\/\/www.stachristiana.at\/kindergarten-frohsdorf\/?s={search_term_string}"},"query-input":{"@type":"PropertyValueSpecification","valueRequired":true,"valueName":"search_term_string"}}],"inLanguage":"de"},{"@type":"Organization","@id":"https:\/\/www.stachristiana.at\/kindergarten-frohsdorf\/#organization","name":"Sta. Christiana - Privater Kindergarten Frohsdorf","alternateName":"Privater Kindergarten Frohsdorf","url":"https:\/\/www.stachristiana.at\/kindergarten-frohsdorf\/","logo":{"@type":"ImageObject","inLanguage":"de","@id":"https:\/\/www.stachristiana.at\/kindergarten-frohsdorf\/#\/schema\/logo\/image\/","url":"https:\/\/www.stachristiana.at\/app\/uploads\/sites\/13\/2022\/05\/logo-sta-christiana.png","contentUrl":"https:\/\/www.stachristiana.at\/app\/uploads\/sites\/13\/2022\/05\/logo-sta-christiana.png","width":1200,"height":491,"caption":"Sta. Christiana - Privater Kindergarten Frohsdorf"},"image":{"@id":"https:\/\/www.stachristiana.at\/kindergarten-frohsdorf\/#\/schema\/logo\/image\/"}}]}},"_links":{"self":[{"href":"https:\/\/www.stachristiana.at\/kindergarten-frohsdorf\/wp-json\/wp\/v2\/pages\/601","targetHints":{"allow":["GET"]}}],"collection":[{"href":"https:\/\/www.stachristiana.at\/kindergarten-frohsdorf\/wp-json\/wp\/v2\/pages"}],"about":[{"href":"https:\/\/www.stachristiana.at\/kindergarten-frohsdorf\/wp-json\/wp\/v2\/types\/page"}],"author":[{"embeddable":true,"href":"https:\/\/www.stachristiana.at\/kindergarten-frohsdorf\/wp-json\/wp\/v2\/users\/5"}],"replies":[{"embeddable":true,"href":"https:\/\/www.stachristiana.at\/kindergarten-frohsdorf\/wp-json\/wp\/v2\/comments?post=601"}],"version-history":[{"count":3,"href":"https:\/\/www.stachristiana.at\/kindergarten-frohsdorf\/wp-json\/wp\/v2\/pages\/601\/revisions"}],"predecessor-version":[{"id":690,"href":"https:\/\/www.stachristiana.at\/kindergarten-frohsdorf\/wp-json\/wp\/v2\/pages\/601\/revisions\/690"}],"up":[{"embeddable":true,"href":"https:\/\/www.stachristiana.at\/kindergarten-frohsdorf\/wp-json\/wp\/v2\/pages\/144"}],"wp:attachment":[{"href":"https:\/\/www.stachristiana.at\/kindergarten-frohsdorf\/wp-json\/wp\/v2\/media?parent=601"}],"curies":[{"name":"wp","href":"https:\/\/api.w.org\/{rel}","templated":true}]}}