{"id":587,"date":"2022-11-01T22:12:36","date_gmt":"2022-11-01T21:12:36","guid":{"rendered":"http:\/\/www.sanctachristiana.at\/kindergarten-frohsdorf\/?page_id=587"},"modified":"2022-11-01T22:12:36","modified_gmt":"2022-11-01T21:12:36","slug":"unser-leitbild","status":"publish","type":"page","link":"https:\/\/www.stachristiana.at\/kindergarten-frohsdorf\/wofuer-wir-stehen\/unser-leitbild","title":{"rendered":"Unser Leitbild"},"content":{"rendered":"\n<p>Unser p\u00e4dagogisches Team<\/p>\n\n\n\n<ul class=\"wp-block-list\"><li>sch\u00e4tzt Ihr Kind als eigenst\u00e4ndige und wertvolle Pers\u00f6nlichkeit,<\/li><li>unabh\u00e4ngig von Kultur, Sprache, Nationalit\u00e4t und Begabung,<\/li><li>orientiert sich an den Entwicklungsbed\u00fcrfnissen Ihres Kindes,<\/li><li>schafft eine Atmosph\u00e4re, in welcher emotionale Gestimmtheit gelebt wird,<\/li><li>legt Wert auf die Vermittlung religi\u00f6s-christlicher Werte und<\/li><li>baut auf gute Zusammenarbeit mit den Eltern.<\/li><\/ul>\n","protected":false},"excerpt":{"rendered":"<p>Unser p\u00e4dagogisches Team sch\u00e4tzt Ihr Kind als eigenst\u00e4ndige und wertvolle Pers\u00f6nlichkeit, unabh\u00e4ngig von Kultur, Sprache, Nationalit\u00e4t und Begabung, orientiert sich an den Entwicklungsbed\u00fcrfnissen Ihres Kindes, schafft eine Atmosph\u00e4re, in welcher emotionale Gestimmtheit gelebt wird, legt Wert auf die Vermittlung religi\u00f6s-christlicher Werte und baut auf gute Zusammenarbeit mit den Eltern.<\/p>\n","protected":false},"author":5,"featured_media":0,"parent":70,"menu_order":0,"comment_status":"closed","ping_status":"closed","template":"","meta":{"footnotes":""},"class_list":["post-587","page","type-page","status-publish","hentry"],"acf":[],"yoast_head":"<!-- This site is optimized with the Yoast SEO plugin v26.8 - https:\/\/yoast.com\/product\/yoast-seo-wordpress\/ -->\n<title>Unser Leitbild - Kindergarten Frohsdorf<\/title>\n<meta name=\"robots\" content=\"index, follow, max-snippet:-1, max-image-preview:large, max-video-preview:-1\" \/>\n<link rel=\"canonical\" href=\"https:\/\/www.stachristiana.at\/kindergarten-frohsdorf\/wofuer-wir-stehen\/unser-leitbild\" \/>\n<meta property=\"og:locale\" content=\"de_DE\" \/>\n<meta property=\"og:type\" content=\"article\" \/>\n<meta property=\"og:title\" content=\"Unser Leitbild - Kindergarten Frohsdorf\" \/>\n<meta property=\"og:description\" content=\"Unser p\u00e4dagogisches Team sch\u00e4tzt Ihr Kind als eigenst\u00e4ndige und wertvolle Pers\u00f6nlichkeit, unabh\u00e4ngig von Kultur, Sprache, Nationalit\u00e4t und Begabung, orientiert sich an den Entwicklungsbed\u00fcrfnissen Ihres Kindes, schafft eine Atmosph\u00e4re, in welcher emotionale Gestimmtheit gelebt wird, legt Wert auf die Vermittlung religi\u00f6s-christlicher Werte und baut auf gute Zusammenarbeit mit den Eltern.\" \/>\n<meta property=\"og:url\" content=\"https:\/\/www.stachristiana.at\/kindergarten-frohsdorf\/wofuer-wir-stehen\/unser-leitbild\" \/>\n<meta property=\"og:site_name\" content=\"Kindergarten Frohsdorf\" \/>\n<meta property=\"og:image\" content=\"https:\/\/www.stachristiana.at\/app\/uploads\/sites\/13\/2022\/05\/logo-sta-christiana.png\" \/>\n\t<meta property=\"og:image:width\" content=\"1200\" \/>\n\t<meta property=\"og:image:height\" content=\"491\" \/>\n\t<meta property=\"og:image:type\" content=\"image\/png\" \/>\n<meta name=\"twitter:card\" content=\"summary_large_image\" \/>\n<meta name=\"twitter:label1\" content=\"Gesch\u00e4tzte Lesezeit\" \/>\n\t<meta name=\"twitter:data1\" content=\"1\u00a0Minute\" \/>\n<script type=\"application\/ld+json\" class=\"yoast-schema-graph\">{\"@context\":\"https:\/\/schema.org\",\"@graph\":[{\"@type\":\"WebPage\",\"@id\":\"https:\/\/www.stachristiana.at\/kindergarten-frohsdorf\/wofuer-wir-stehen\/unser-leitbild\",\"url\":\"https:\/\/www.stachristiana.at\/kindergarten-frohsdorf\/wofuer-wir-stehen\/unser-leitbild\",\"name\":\"Unser Leitbild - Kindergarten Frohsdorf\",\"isPartOf\":{\"@id\":\"https:\/\/www.stachristiana.at\/kindergarten-frohsdorf\/#website\"},\"datePublished\":\"2022-11-01T21:12:36+00:00\",\"breadcrumb\":{\"@id\":\"https:\/\/www.stachristiana.at\/kindergarten-frohsdorf\/wofuer-wir-stehen\/unser-leitbild#breadcrumb\"},\"inLanguage\":\"de\",\"potentialAction\":[{\"@type\":\"ReadAction\",\"target\":[\"https:\/\/www.stachristiana.at\/kindergarten-frohsdorf\/wofuer-wir-stehen\/unser-leitbild\"]}]},{\"@type\":\"BreadcrumbList\",\"@id\":\"https:\/\/www.stachristiana.at\/kindergarten-frohsdorf\/wofuer-wir-stehen\/unser-leitbild#breadcrumb\",\"itemListElement\":[{\"@type\":\"ListItem\",\"position\":1,\"name\":\"Start\",\"item\":\"https:\/\/www.stachristiana.at\/\"},{\"@type\":\"ListItem\",\"position\":2,\"name\":\"Wof\u00fcr wir stehen\",\"item\":\"https:\/\/www.stachristiana.at\/kindergarten-frohsdorf\/wofuer-wir-stehen\"},{\"@type\":\"ListItem\",\"position\":3,\"name\":\"Unser Leitbild\"}]},{\"@type\":\"WebSite\",\"@id\":\"https:\/\/www.stachristiana.at\/kindergarten-frohsdorf\/#website\",\"url\":\"https:\/\/www.stachristiana.at\/kindergarten-frohsdorf\/\",\"name\":\"Sta. Christiana - Privater Kindergarten Frohsdorf\",\"description\":\"Sta. Christiana - Schulen zum Leben\",\"publisher\":{\"@id\":\"https:\/\/www.stachristiana.at\/kindergarten-frohsdorf\/#organization\"},\"alternateName\":\"Privater Kindergarten Frohsdorf\",\"potentialAction\":[{\"@type\":\"SearchAction\",\"target\":{\"@type\":\"EntryPoint\",\"urlTemplate\":\"https:\/\/www.stachristiana.at\/kindergarten-frohsdorf\/?s={search_term_string}\"},\"query-input\":{\"@type\":\"PropertyValueSpecification\",\"valueRequired\":true,\"valueName\":\"search_term_string\"}}],\"inLanguage\":\"de\"},{\"@type\":\"Organization\",\"@id\":\"https:\/\/www.stachristiana.at\/kindergarten-frohsdorf\/#organization\",\"name\":\"Sta. Christiana - Privater Kindergarten Frohsdorf\",\"alternateName\":\"Privater Kindergarten Frohsdorf\",\"url\":\"https:\/\/www.stachristiana.at\/kindergarten-frohsdorf\/\",\"logo\":{\"@type\":\"ImageObject\",\"inLanguage\":\"de\",\"@id\":\"https:\/\/www.stachristiana.at\/kindergarten-frohsdorf\/#\/schema\/logo\/image\/\",\"url\":\"https:\/\/www.stachristiana.at\/app\/uploads\/sites\/13\/2022\/05\/logo-sta-christiana.png\",\"contentUrl\":\"https:\/\/www.stachristiana.at\/app\/uploads\/sites\/13\/2022\/05\/logo-sta-christiana.png\",\"width\":1200,\"height\":491,\"caption\":\"Sta. Christiana - Privater Kindergarten Frohsdorf\"},\"image\":{\"@id\":\"https:\/\/www.stachristiana.at\/kindergarten-frohsdorf\/#\/schema\/logo\/image\/\"}}]}<\/script>\n<!-- \/ Yoast SEO plugin. -->","yoast_head_json":{"title":"Unser Leitbild - Kindergarten Frohsdorf","robots":{"index":"index","follow":"follow","max-snippet":"max-snippet:-1","max-image-preview":"max-image-preview:large","max-video-preview":"max-video-preview:-1"},"canonical":"https:\/\/www.stachristiana.at\/kindergarten-frohsdorf\/wofuer-wir-stehen\/unser-leitbild","og_locale":"de_DE","og_type":"article","og_title":"Unser Leitbild - Kindergarten Frohsdorf","og_description":"Unser p\u00e4dagogisches Team sch\u00e4tzt Ihr Kind als eigenst\u00e4ndige und wertvolle Pers\u00f6nlichkeit, unabh\u00e4ngig von Kultur, Sprache, Nationalit\u00e4t und Begabung, orientiert sich an den Entwicklungsbed\u00fcrfnissen Ihres Kindes, schafft eine Atmosph\u00e4re, in welcher emotionale Gestimmtheit gelebt wird, legt Wert auf die Vermittlung religi\u00f6s-christlicher Werte und baut auf gute Zusammenarbeit mit den Eltern.","og_url":"https:\/\/www.stachristiana.at\/kindergarten-frohsdorf\/wofuer-wir-stehen\/unser-leitbild","og_site_name":"Kindergarten Frohsdorf","og_image":[{"width":1200,"height":491,"url":"https:\/\/www.stachristiana.at\/app\/uploads\/sites\/13\/2022\/05\/logo-sta-christiana.png","type":"image\/png"}],"twitter_card":"summary_large_image","twitter_misc":{"Gesch\u00e4tzte Lesezeit":"1\u00a0Minute"},"schema":{"@context":"https:\/\/schema.org","@graph":[{"@type":"WebPage","@id":"https:\/\/www.stachristiana.at\/kindergarten-frohsdorf\/wofuer-wir-stehen\/unser-leitbild","url":"https:\/\/www.stachristiana.at\/kindergarten-frohsdorf\/wofuer-wir-stehen\/unser-leitbild","name":"Unser Leitbild - Kindergarten Frohsdorf","isPartOf":{"@id":"https:\/\/www.stachristiana.at\/kindergarten-frohsdorf\/#website"},"datePublished":"2022-11-01T21:12:36+00:00","breadcrumb":{"@id":"https:\/\/www.stachristiana.at\/kindergarten-frohsdorf\/wofuer-wir-stehen\/unser-leitbild#breadcrumb"},"inLanguage":"de","potentialAction":[{"@type":"ReadAction","target":["https:\/\/www.stachristiana.at\/kindergarten-frohsdorf\/wofuer-wir-stehen\/unser-leitbild"]}]},{"@type":"BreadcrumbList","@id":"https:\/\/www.stachristiana.at\/kindergarten-frohsdorf\/wofuer-wir-stehen\/unser-leitbild#breadcrumb","itemListElement":[{"@type":"ListItem","position":1,"name":"Start","item":"https:\/\/www.stachristiana.at\/"},{"@type":"ListItem","position":2,"name":"Wof\u00fcr wir stehen","item":"https:\/\/www.stachristiana.at\/kindergarten-frohsdorf\/wofuer-wir-stehen"},{"@type":"ListItem","position":3,"name":"Unser Leitbild"}]},{"@type":"WebSite","@id":"https:\/\/www.stachristiana.at\/kindergarten-frohsdorf\/#website","url":"https:\/\/www.stachristiana.at\/kindergarten-frohsdorf\/","name":"Sta. Christiana - Privater Kindergarten Frohsdorf","description":"Sta. Christiana - Schulen zum Leben","publisher":{"@id":"https:\/\/www.stachristiana.at\/kindergarten-frohsdorf\/#organization"},"alternateName":"Privater Kindergarten Frohsdorf","potentialAction":[{"@type":"SearchAction","target":{"@type":"EntryPoint","urlTemplate":"https:\/\/www.stachristiana.at\/kindergarten-frohsdorf\/?s={search_term_string}"},"query-input":{"@type":"PropertyValueSpecification","valueRequired":true,"valueName":"search_term_string"}}],"inLanguage":"de"},{"@type":"Organization","@id":"https:\/\/www.stachristiana.at\/kindergarten-frohsdorf\/#organization","name":"Sta. Christiana - Privater Kindergarten Frohsdorf","alternateName":"Privater Kindergarten Frohsdorf","url":"https:\/\/www.stachristiana.at\/kindergarten-frohsdorf\/","logo":{"@type":"ImageObject","inLanguage":"de","@id":"https:\/\/www.stachristiana.at\/kindergarten-frohsdorf\/#\/schema\/logo\/image\/","url":"https:\/\/www.stachristiana.at\/app\/uploads\/sites\/13\/2022\/05\/logo-sta-christiana.png","contentUrl":"https:\/\/www.stachristiana.at\/app\/uploads\/sites\/13\/2022\/05\/logo-sta-christiana.png","width":1200,"height":491,"caption":"Sta. Christiana - Privater Kindergarten Frohsdorf"},"image":{"@id":"https:\/\/www.stachristiana.at\/kindergarten-frohsdorf\/#\/schema\/logo\/image\/"}}]}},"_links":{"self":[{"href":"https:\/\/www.stachristiana.at\/kindergarten-frohsdorf\/wp-json\/wp\/v2\/pages\/587","targetHints":{"allow":["GET"]}}],"collection":[{"href":"https:\/\/www.stachristiana.at\/kindergarten-frohsdorf\/wp-json\/wp\/v2\/pages"}],"about":[{"href":"https:\/\/www.stachristiana.at\/kindergarten-frohsdorf\/wp-json\/wp\/v2\/types\/page"}],"author":[{"embeddable":true,"href":"https:\/\/www.stachristiana.at\/kindergarten-frohsdorf\/wp-json\/wp\/v2\/users\/5"}],"replies":[{"embeddable":true,"href":"https:\/\/www.stachristiana.at\/kindergarten-frohsdorf\/wp-json\/wp\/v2\/comments?post=587"}],"version-history":[{"count":1,"href":"https:\/\/www.stachristiana.at\/kindergarten-frohsdorf\/wp-json\/wp\/v2\/pages\/587\/revisions"}],"predecessor-version":[{"id":588,"href":"https:\/\/www.stachristiana.at\/kindergarten-frohsdorf\/wp-json\/wp\/v2\/pages\/587\/revisions\/588"}],"up":[{"embeddable":true,"href":"https:\/\/www.stachristiana.at\/kindergarten-frohsdorf\/wp-json\/wp\/v2\/pages\/70"}],"wp:attachment":[{"href":"https:\/\/www.stachristiana.at\/kindergarten-frohsdorf\/wp-json\/wp\/v2\/media?parent=587"}],"curies":[{"name":"wp","href":"https:\/\/api.w.org\/{rel}","templated":true}]}}