{"id":467,"date":"2022-06-23T20:19:16","date_gmt":"2022-06-23T18:19:16","guid":{"rendered":"http:\/\/www.sanctachristiana.at\/kindergarten-frohsdorf\/?page_id=467"},"modified":"2023-10-24T11:02:59","modified_gmt":"2023-10-24T09:02:59","slug":"betreuungsangebot","status":"publish","type":"page","link":"https:\/\/www.stachristiana.at\/kindergarten-frohsdorf\/was-wir-bieten\/betreuungsangebot","title":{"rendered":"Betreuungsangebot"},"content":{"rendered":"\n<p>\u00d6ffnungszeiten: 7:00-16:00 Uhr<\/p>\n\n\n\n<p>Pauschale f\u00fcr diese Betreuungszeit: 245\u20ac im Monat f\u00fcr das Kindergartenjahr 23\/24 (au\u00dfer Sommerferien) exkl. Mittagessen (4,70\u20ac\/pro Essen &#8211; wird nach Bedarf verrechnet)<\/p>\n\n\n\n<ul class=\"wp-block-list\">\n<li>Zielgruppe: 2- bis 6-J\u00e4hrige<\/li>\n\n\n\n<li>sanfte Eingew\u00f6hnungsphase beim Kindergarteneintritt<\/li>\n\n\n\n<li>bewusste Ern\u00e4hrung (Jause und Mittagessen) durch hauseigene K\u00fcche<\/li>\n\n\n\n<li>Betreuung auch in den Sommerferien nach Bedarf<\/li>\n\n\n\n<li>gro\u00dfes Freigel\u00e4nde \u2013 die vier Jahreszeiten hautnah erleben<\/li>\n<\/ul>\n\n\n\n<p>Keine Anmeldegeb\u00fchr (f\u00fcr die Volksschule) und bei 3-j\u00e4hrigem Besuch des Kindergartens einen Startgutschein im Wert eines Monatsbeitrags f\u00fcr den \u00dcbertritt in die Private Volksschule Sta. Christiana Frohsdorf.<\/p>\n","protected":false},"excerpt":{"rendered":"<p>\u00d6ffnungszeiten: 7:00-16:00 Uhr Pauschale f\u00fcr diese Betreuungszeit: 245\u20ac im Monat f\u00fcr das Kindergartenjahr 23\/24 (au\u00dfer Sommerferien) exkl. Mittagessen (4,70\u20ac\/pro Essen &#8211; wird nach Bedarf verrechnet) Keine Anmeldegeb\u00fchr (f\u00fcr die Volksschule) und bei 3-j\u00e4hrigem Besuch des Kindergartens einen Startgutschein im Wert eines Monatsbeitrags f\u00fcr den \u00dcbertritt in die Private Volksschule Sta. Christiana Frohsdorf.<\/p>\n","protected":false},"author":5,"featured_media":0,"parent":144,"menu_order":1,"comment_status":"closed","ping_status":"closed","template":"","meta":{"footnotes":""},"class_list":["post-467","page","type-page","status-publish","hentry"],"acf":[],"yoast_head":"<!-- This site is optimized with the Yoast SEO plugin v26.8 - https:\/\/yoast.com\/product\/yoast-seo-wordpress\/ -->\n<title>Betreuungsangebot - Kindergarten Frohsdorf<\/title>\n<meta name=\"robots\" content=\"index, follow, max-snippet:-1, max-image-preview:large, max-video-preview:-1\" \/>\n<link rel=\"canonical\" href=\"https:\/\/www.stachristiana.at\/kindergarten-frohsdorf\/was-wir-bieten\/betreuungsangebot\" \/>\n<meta property=\"og:locale\" content=\"de_DE\" \/>\n<meta property=\"og:type\" content=\"article\" \/>\n<meta property=\"og:title\" content=\"Betreuungsangebot - Kindergarten Frohsdorf\" \/>\n<meta property=\"og:description\" content=\"\u00d6ffnungszeiten: 7:00-16:00 Uhr Pauschale f\u00fcr diese Betreuungszeit: 245\u20ac im Monat f\u00fcr das Kindergartenjahr 23\/24 (au\u00dfer Sommerferien) exkl. Mittagessen (4,70\u20ac\/pro Essen &#8211; wird nach Bedarf verrechnet) Keine Anmeldegeb\u00fchr (f\u00fcr die Volksschule) und bei 3-j\u00e4hrigem Besuch des Kindergartens einen Startgutschein im Wert eines Monatsbeitrags f\u00fcr den \u00dcbertritt in die Private Volksschule Sta. Christiana Frohsdorf.\" \/>\n<meta property=\"og:url\" content=\"https:\/\/www.stachristiana.at\/kindergarten-frohsdorf\/was-wir-bieten\/betreuungsangebot\" \/>\n<meta property=\"og:site_name\" content=\"Kindergarten Frohsdorf\" \/>\n<meta property=\"article:modified_time\" content=\"2023-10-24T09:02:59+00:00\" \/>\n<meta property=\"og:image\" content=\"https:\/\/www.stachristiana.at\/app\/uploads\/sites\/13\/2022\/05\/logo-sta-christiana.png\" \/>\n\t<meta property=\"og:image:width\" content=\"1200\" \/>\n\t<meta property=\"og:image:height\" content=\"491\" \/>\n\t<meta property=\"og:image:type\" content=\"image\/png\" \/>\n<meta name=\"twitter:card\" content=\"summary_large_image\" \/>\n<meta name=\"twitter:label1\" content=\"Gesch\u00e4tzte Lesezeit\" \/>\n\t<meta name=\"twitter:data1\" content=\"1\u00a0Minute\" \/>\n<script type=\"application\/ld+json\" class=\"yoast-schema-graph\">{\"@context\":\"https:\/\/schema.org\",\"@graph\":[{\"@type\":\"WebPage\",\"@id\":\"https:\/\/www.stachristiana.at\/kindergarten-frohsdorf\/was-wir-bieten\/betreuungsangebot\",\"url\":\"https:\/\/www.stachristiana.at\/kindergarten-frohsdorf\/was-wir-bieten\/betreuungsangebot\",\"name\":\"Betreuungsangebot - Kindergarten Frohsdorf\",\"isPartOf\":{\"@id\":\"https:\/\/www.stachristiana.at\/kindergarten-frohsdorf\/#website\"},\"datePublished\":\"2022-06-23T18:19:16+00:00\",\"dateModified\":\"2023-10-24T09:02:59+00:00\",\"breadcrumb\":{\"@id\":\"https:\/\/www.stachristiana.at\/kindergarten-frohsdorf\/was-wir-bieten\/betreuungsangebot#breadcrumb\"},\"inLanguage\":\"de\",\"potentialAction\":[{\"@type\":\"ReadAction\",\"target\":[\"https:\/\/www.stachristiana.at\/kindergarten-frohsdorf\/was-wir-bieten\/betreuungsangebot\"]}]},{\"@type\":\"BreadcrumbList\",\"@id\":\"https:\/\/www.stachristiana.at\/kindergarten-frohsdorf\/was-wir-bieten\/betreuungsangebot#breadcrumb\",\"itemListElement\":[{\"@type\":\"ListItem\",\"position\":1,\"name\":\"Start\",\"item\":\"https:\/\/www.stachristiana.at\/\"},{\"@type\":\"ListItem\",\"position\":2,\"name\":\"Was wir bieten\",\"item\":\"https:\/\/www.stachristiana.at\/kindergarten-frohsdorf\/was-wir-bieten\"},{\"@type\":\"ListItem\",\"position\":3,\"name\":\"Betreuungsangebot\"}]},{\"@type\":\"WebSite\",\"@id\":\"https:\/\/www.stachristiana.at\/kindergarten-frohsdorf\/#website\",\"url\":\"https:\/\/www.stachristiana.at\/kindergarten-frohsdorf\/\",\"name\":\"Sta. Christiana - Privater Kindergarten Frohsdorf\",\"description\":\"Sta. Christiana - Schulen zum Leben\",\"publisher\":{\"@id\":\"https:\/\/www.stachristiana.at\/kindergarten-frohsdorf\/#organization\"},\"alternateName\":\"Privater Kindergarten Frohsdorf\",\"potentialAction\":[{\"@type\":\"SearchAction\",\"target\":{\"@type\":\"EntryPoint\",\"urlTemplate\":\"https:\/\/www.stachristiana.at\/kindergarten-frohsdorf\/?s={search_term_string}\"},\"query-input\":{\"@type\":\"PropertyValueSpecification\",\"valueRequired\":true,\"valueName\":\"search_term_string\"}}],\"inLanguage\":\"de\"},{\"@type\":\"Organization\",\"@id\":\"https:\/\/www.stachristiana.at\/kindergarten-frohsdorf\/#organization\",\"name\":\"Sta. Christiana - Privater Kindergarten Frohsdorf\",\"alternateName\":\"Privater Kindergarten Frohsdorf\",\"url\":\"https:\/\/www.stachristiana.at\/kindergarten-frohsdorf\/\",\"logo\":{\"@type\":\"ImageObject\",\"inLanguage\":\"de\",\"@id\":\"https:\/\/www.stachristiana.at\/kindergarten-frohsdorf\/#\/schema\/logo\/image\/\",\"url\":\"https:\/\/www.stachristiana.at\/app\/uploads\/sites\/13\/2022\/05\/logo-sta-christiana.png\",\"contentUrl\":\"https:\/\/www.stachristiana.at\/app\/uploads\/sites\/13\/2022\/05\/logo-sta-christiana.png\",\"width\":1200,\"height\":491,\"caption\":\"Sta. Christiana - Privater Kindergarten Frohsdorf\"},\"image\":{\"@id\":\"https:\/\/www.stachristiana.at\/kindergarten-frohsdorf\/#\/schema\/logo\/image\/\"}}]}<\/script>\n<!-- \/ Yoast SEO plugin. -->","yoast_head_json":{"title":"Betreuungsangebot - Kindergarten Frohsdorf","robots":{"index":"index","follow":"follow","max-snippet":"max-snippet:-1","max-image-preview":"max-image-preview:large","max-video-preview":"max-video-preview:-1"},"canonical":"https:\/\/www.stachristiana.at\/kindergarten-frohsdorf\/was-wir-bieten\/betreuungsangebot","og_locale":"de_DE","og_type":"article","og_title":"Betreuungsangebot - Kindergarten Frohsdorf","og_description":"\u00d6ffnungszeiten: 7:00-16:00 Uhr Pauschale f\u00fcr diese Betreuungszeit: 245\u20ac im Monat f\u00fcr das Kindergartenjahr 23\/24 (au\u00dfer Sommerferien) exkl. Mittagessen (4,70\u20ac\/pro Essen &#8211; wird nach Bedarf verrechnet) Keine Anmeldegeb\u00fchr (f\u00fcr die Volksschule) und bei 3-j\u00e4hrigem Besuch des Kindergartens einen Startgutschein im Wert eines Monatsbeitrags f\u00fcr den \u00dcbertritt in die Private Volksschule Sta. Christiana Frohsdorf.","og_url":"https:\/\/www.stachristiana.at\/kindergarten-frohsdorf\/was-wir-bieten\/betreuungsangebot","og_site_name":"Kindergarten Frohsdorf","article_modified_time":"2023-10-24T09:02:59+00:00","og_image":[{"width":1200,"height":491,"url":"https:\/\/www.stachristiana.at\/app\/uploads\/sites\/13\/2022\/05\/logo-sta-christiana.png","type":"image\/png"}],"twitter_card":"summary_large_image","twitter_misc":{"Gesch\u00e4tzte Lesezeit":"1\u00a0Minute"},"schema":{"@context":"https:\/\/schema.org","@graph":[{"@type":"WebPage","@id":"https:\/\/www.stachristiana.at\/kindergarten-frohsdorf\/was-wir-bieten\/betreuungsangebot","url":"https:\/\/www.stachristiana.at\/kindergarten-frohsdorf\/was-wir-bieten\/betreuungsangebot","name":"Betreuungsangebot - Kindergarten Frohsdorf","isPartOf":{"@id":"https:\/\/www.stachristiana.at\/kindergarten-frohsdorf\/#website"},"datePublished":"2022-06-23T18:19:16+00:00","dateModified":"2023-10-24T09:02:59+00:00","breadcrumb":{"@id":"https:\/\/www.stachristiana.at\/kindergarten-frohsdorf\/was-wir-bieten\/betreuungsangebot#breadcrumb"},"inLanguage":"de","potentialAction":[{"@type":"ReadAction","target":["https:\/\/www.stachristiana.at\/kindergarten-frohsdorf\/was-wir-bieten\/betreuungsangebot"]}]},{"@type":"BreadcrumbList","@id":"https:\/\/www.stachristiana.at\/kindergarten-frohsdorf\/was-wir-bieten\/betreuungsangebot#breadcrumb","itemListElement":[{"@type":"ListItem","position":1,"name":"Start","item":"https:\/\/www.stachristiana.at\/"},{"@type":"ListItem","position":2,"name":"Was wir bieten","item":"https:\/\/www.stachristiana.at\/kindergarten-frohsdorf\/was-wir-bieten"},{"@type":"ListItem","position":3,"name":"Betreuungsangebot"}]},{"@type":"WebSite","@id":"https:\/\/www.stachristiana.at\/kindergarten-frohsdorf\/#website","url":"https:\/\/www.stachristiana.at\/kindergarten-frohsdorf\/","name":"Sta. Christiana - Privater Kindergarten Frohsdorf","description":"Sta. Christiana - Schulen zum Leben","publisher":{"@id":"https:\/\/www.stachristiana.at\/kindergarten-frohsdorf\/#organization"},"alternateName":"Privater Kindergarten Frohsdorf","potentialAction":[{"@type":"SearchAction","target":{"@type":"EntryPoint","urlTemplate":"https:\/\/www.stachristiana.at\/kindergarten-frohsdorf\/?s={search_term_string}"},"query-input":{"@type":"PropertyValueSpecification","valueRequired":true,"valueName":"search_term_string"}}],"inLanguage":"de"},{"@type":"Organization","@id":"https:\/\/www.stachristiana.at\/kindergarten-frohsdorf\/#organization","name":"Sta. Christiana - Privater Kindergarten Frohsdorf","alternateName":"Privater Kindergarten Frohsdorf","url":"https:\/\/www.stachristiana.at\/kindergarten-frohsdorf\/","logo":{"@type":"ImageObject","inLanguage":"de","@id":"https:\/\/www.stachristiana.at\/kindergarten-frohsdorf\/#\/schema\/logo\/image\/","url":"https:\/\/www.stachristiana.at\/app\/uploads\/sites\/13\/2022\/05\/logo-sta-christiana.png","contentUrl":"https:\/\/www.stachristiana.at\/app\/uploads\/sites\/13\/2022\/05\/logo-sta-christiana.png","width":1200,"height":491,"caption":"Sta. Christiana - Privater Kindergarten Frohsdorf"},"image":{"@id":"https:\/\/www.stachristiana.at\/kindergarten-frohsdorf\/#\/schema\/logo\/image\/"}}]}},"_links":{"self":[{"href":"https:\/\/www.stachristiana.at\/kindergarten-frohsdorf\/wp-json\/wp\/v2\/pages\/467","targetHints":{"allow":["GET"]}}],"collection":[{"href":"https:\/\/www.stachristiana.at\/kindergarten-frohsdorf\/wp-json\/wp\/v2\/pages"}],"about":[{"href":"https:\/\/www.stachristiana.at\/kindergarten-frohsdorf\/wp-json\/wp\/v2\/types\/page"}],"author":[{"embeddable":true,"href":"https:\/\/www.stachristiana.at\/kindergarten-frohsdorf\/wp-json\/wp\/v2\/users\/5"}],"replies":[{"embeddable":true,"href":"https:\/\/www.stachristiana.at\/kindergarten-frohsdorf\/wp-json\/wp\/v2\/comments?post=467"}],"version-history":[{"count":9,"href":"https:\/\/www.stachristiana.at\/kindergarten-frohsdorf\/wp-json\/wp\/v2\/pages\/467\/revisions"}],"predecessor-version":[{"id":707,"href":"https:\/\/www.stachristiana.at\/kindergarten-frohsdorf\/wp-json\/wp\/v2\/pages\/467\/revisions\/707"}],"up":[{"embeddable":true,"href":"https:\/\/www.stachristiana.at\/kindergarten-frohsdorf\/wp-json\/wp\/v2\/pages\/144"}],"wp:attachment":[{"href":"https:\/\/www.stachristiana.at\/kindergarten-frohsdorf\/wp-json\/wp\/v2\/media?parent=467"}],"curies":[{"name":"wp","href":"https:\/\/api.w.org\/{rel}","templated":true}]}}