{"id":205,"date":"2022-05-12T16:30:30","date_gmt":"2022-05-12T14:30:30","guid":{"rendered":"https:\/\/devmultisite.superfesch.at\/hlw-rodaun\/?page_id=205"},"modified":"2022-11-01T22:23:18","modified_gmt":"2022-11-01T21:23:18","slug":"verwaltung","status":"publish","type":"page","link":"https:\/\/www.stachristiana.at\/kindergarten-frohsdorf\/wer-wir-sind\/verwaltung","title":{"rendered":"Verwaltung"},"content":{"rendered":"\n<p>f\u00fcr die Verwaltung der Schulen<br><strong>Hans-J\u00fcrgen F\u00fcrster<\/strong><\/p>\n\n\n\n<p>erreichbar unter:<\/p>\n\n\n\n<p>Tel: 02627-45235-19<br>Fax: 02627-42467<br>Mobil: 0650-4523519<br>E-Mail: <a href=\"mailto:hans.fuerster@stachristiana.at\">hans.fuerster@stachristiana.at<\/a><\/p>\n\n\n\n<hr class=\"wp-block-separator has-alpha-channel-opacity is-style-wide\"\/>\n\n\n\n<p>f\u00fcr die Verrechnung des Kindergartenbeitrags<br><strong>Cornelia Puchegger<\/strong><\/p>\n\n\n\n<p>erreichbar unter:<\/p>\n\n\n\n<p>Tel: 02627-45235-17<br>Fax: 02627-42467<br>Mobil: 0650-4523517<br>E-Mail: <a href=\"mailto:schulgeld.frohsdorf@stachristiana.at\">schulgeld.frohsdorf@stachristiana.at<\/a><\/p>\n","protected":false},"excerpt":{"rendered":"<p>f\u00fcr die Verwaltung der SchulenHans-J\u00fcrgen F\u00fcrster erreichbar unter: Tel: 02627-45235-19Fax: 02627-42467Mobil: 0650-4523519E-Mail: hans.fuerster@stachristiana.at f\u00fcr die Verrechnung des KindergartenbeitragsCornelia Puchegger erreichbar unter: Tel: 02627-45235-17Fax: 02627-42467Mobil: 0650-4523517E-Mail: schulgeld.frohsdorf@stachristiana.at<\/p>\n","protected":false},"author":1,"featured_media":0,"parent":73,"menu_order":0,"comment_status":"closed","ping_status":"closed","template":"","meta":{"footnotes":""},"class_list":["post-205","page","type-page","status-publish","hentry"],"acf":[],"yoast_head":"<!-- This site is optimized with the Yoast SEO plugin v26.8 - https:\/\/yoast.com\/product\/yoast-seo-wordpress\/ -->\n<title>Verwaltung - Kindergarten Frohsdorf<\/title>\n<meta name=\"robots\" content=\"index, follow, max-snippet:-1, max-image-preview:large, max-video-preview:-1\" \/>\n<link rel=\"canonical\" href=\"https:\/\/www.stachristiana.at\/kindergarten-frohsdorf\/wer-wir-sind\/verwaltung\" \/>\n<meta property=\"og:locale\" content=\"de_DE\" \/>\n<meta property=\"og:type\" content=\"article\" \/>\n<meta property=\"og:title\" content=\"Verwaltung - Kindergarten Frohsdorf\" \/>\n<meta property=\"og:description\" content=\"f\u00fcr die Verwaltung der SchulenHans-J\u00fcrgen F\u00fcrster erreichbar unter: Tel: 02627-45235-19Fax: 02627-42467Mobil: 0650-4523519E-Mail: hans.fuerster@stachristiana.at f\u00fcr die Verrechnung des KindergartenbeitragsCornelia Puchegger erreichbar unter: Tel: 02627-45235-17Fax: 02627-42467Mobil: 0650-4523517E-Mail: schulgeld.frohsdorf@stachristiana.at\" \/>\n<meta property=\"og:url\" content=\"https:\/\/www.stachristiana.at\/kindergarten-frohsdorf\/wer-wir-sind\/verwaltung\" \/>\n<meta property=\"og:site_name\" content=\"Kindergarten Frohsdorf\" \/>\n<meta property=\"article:modified_time\" content=\"2022-11-01T21:23:18+00:00\" \/>\n<meta property=\"og:image\" content=\"https:\/\/www.stachristiana.at\/app\/uploads\/sites\/13\/2022\/05\/logo-sta-christiana.png\" \/>\n\t<meta property=\"og:image:width\" content=\"1200\" \/>\n\t<meta property=\"og:image:height\" content=\"491\" \/>\n\t<meta property=\"og:image:type\" content=\"image\/png\" \/>\n<meta name=\"twitter:card\" content=\"summary_large_image\" \/>\n<meta name=\"twitter:label1\" content=\"Gesch\u00e4tzte Lesezeit\" \/>\n\t<meta name=\"twitter:data1\" content=\"1\u00a0Minute\" \/>\n<script type=\"application\/ld+json\" class=\"yoast-schema-graph\">{\"@context\":\"https:\/\/schema.org\",\"@graph\":[{\"@type\":\"WebPage\",\"@id\":\"https:\/\/www.stachristiana.at\/kindergarten-frohsdorf\/wer-wir-sind\/verwaltung\",\"url\":\"https:\/\/www.stachristiana.at\/kindergarten-frohsdorf\/wer-wir-sind\/verwaltung\",\"name\":\"Verwaltung - Kindergarten Frohsdorf\",\"isPartOf\":{\"@id\":\"https:\/\/www.stachristiana.at\/kindergarten-frohsdorf\/#website\"},\"datePublished\":\"2022-05-12T14:30:30+00:00\",\"dateModified\":\"2022-11-01T21:23:18+00:00\",\"breadcrumb\":{\"@id\":\"https:\/\/www.stachristiana.at\/kindergarten-frohsdorf\/wer-wir-sind\/verwaltung#breadcrumb\"},\"inLanguage\":\"de\",\"potentialAction\":[{\"@type\":\"ReadAction\",\"target\":[\"https:\/\/www.stachristiana.at\/kindergarten-frohsdorf\/wer-wir-sind\/verwaltung\"]}]},{\"@type\":\"BreadcrumbList\",\"@id\":\"https:\/\/www.stachristiana.at\/kindergarten-frohsdorf\/wer-wir-sind\/verwaltung#breadcrumb\",\"itemListElement\":[{\"@type\":\"ListItem\",\"position\":1,\"name\":\"Start\",\"item\":\"https:\/\/www.stachristiana.at\/\"},{\"@type\":\"ListItem\",\"position\":2,\"name\":\"Wer wir sind\",\"item\":\"https:\/\/www.stachristiana.at\/kindergarten-frohsdorf\/wer-wir-sind\"},{\"@type\":\"ListItem\",\"position\":3,\"name\":\"Verwaltung\"}]},{\"@type\":\"WebSite\",\"@id\":\"https:\/\/www.stachristiana.at\/kindergarten-frohsdorf\/#website\",\"url\":\"https:\/\/www.stachristiana.at\/kindergarten-frohsdorf\/\",\"name\":\"Sta. Christiana - Privater Kindergarten Frohsdorf\",\"description\":\"Sta. Christiana - Schulen zum Leben\",\"publisher\":{\"@id\":\"https:\/\/www.stachristiana.at\/kindergarten-frohsdorf\/#organization\"},\"alternateName\":\"Privater Kindergarten Frohsdorf\",\"potentialAction\":[{\"@type\":\"SearchAction\",\"target\":{\"@type\":\"EntryPoint\",\"urlTemplate\":\"https:\/\/www.stachristiana.at\/kindergarten-frohsdorf\/?s={search_term_string}\"},\"query-input\":{\"@type\":\"PropertyValueSpecification\",\"valueRequired\":true,\"valueName\":\"search_term_string\"}}],\"inLanguage\":\"de\"},{\"@type\":\"Organization\",\"@id\":\"https:\/\/www.stachristiana.at\/kindergarten-frohsdorf\/#organization\",\"name\":\"Sta. Christiana - Privater Kindergarten Frohsdorf\",\"alternateName\":\"Privater Kindergarten Frohsdorf\",\"url\":\"https:\/\/www.stachristiana.at\/kindergarten-frohsdorf\/\",\"logo\":{\"@type\":\"ImageObject\",\"inLanguage\":\"de\",\"@id\":\"https:\/\/www.stachristiana.at\/kindergarten-frohsdorf\/#\/schema\/logo\/image\/\",\"url\":\"https:\/\/www.stachristiana.at\/app\/uploads\/sites\/13\/2022\/05\/logo-sta-christiana.png\",\"contentUrl\":\"https:\/\/www.stachristiana.at\/app\/uploads\/sites\/13\/2022\/05\/logo-sta-christiana.png\",\"width\":1200,\"height\":491,\"caption\":\"Sta. Christiana - Privater Kindergarten Frohsdorf\"},\"image\":{\"@id\":\"https:\/\/www.stachristiana.at\/kindergarten-frohsdorf\/#\/schema\/logo\/image\/\"}}]}<\/script>\n<!-- \/ Yoast SEO plugin. -->","yoast_head_json":{"title":"Verwaltung - Kindergarten Frohsdorf","robots":{"index":"index","follow":"follow","max-snippet":"max-snippet:-1","max-image-preview":"max-image-preview:large","max-video-preview":"max-video-preview:-1"},"canonical":"https:\/\/www.stachristiana.at\/kindergarten-frohsdorf\/wer-wir-sind\/verwaltung","og_locale":"de_DE","og_type":"article","og_title":"Verwaltung - Kindergarten Frohsdorf","og_description":"f\u00fcr die Verwaltung der SchulenHans-J\u00fcrgen F\u00fcrster erreichbar unter: Tel: 02627-45235-19Fax: 02627-42467Mobil: 0650-4523519E-Mail: hans.fuerster@stachristiana.at f\u00fcr die Verrechnung des KindergartenbeitragsCornelia Puchegger erreichbar unter: Tel: 02627-45235-17Fax: 02627-42467Mobil: 0650-4523517E-Mail: schulgeld.frohsdorf@stachristiana.at","og_url":"https:\/\/www.stachristiana.at\/kindergarten-frohsdorf\/wer-wir-sind\/verwaltung","og_site_name":"Kindergarten Frohsdorf","article_modified_time":"2022-11-01T21:23:18+00:00","og_image":[{"width":1200,"height":491,"url":"https:\/\/www.stachristiana.at\/app\/uploads\/sites\/13\/2022\/05\/logo-sta-christiana.png","type":"image\/png"}],"twitter_card":"summary_large_image","twitter_misc":{"Gesch\u00e4tzte Lesezeit":"1\u00a0Minute"},"schema":{"@context":"https:\/\/schema.org","@graph":[{"@type":"WebPage","@id":"https:\/\/www.stachristiana.at\/kindergarten-frohsdorf\/wer-wir-sind\/verwaltung","url":"https:\/\/www.stachristiana.at\/kindergarten-frohsdorf\/wer-wir-sind\/verwaltung","name":"Verwaltung - Kindergarten Frohsdorf","isPartOf":{"@id":"https:\/\/www.stachristiana.at\/kindergarten-frohsdorf\/#website"},"datePublished":"2022-05-12T14:30:30+00:00","dateModified":"2022-11-01T21:23:18+00:00","breadcrumb":{"@id":"https:\/\/www.stachristiana.at\/kindergarten-frohsdorf\/wer-wir-sind\/verwaltung#breadcrumb"},"inLanguage":"de","potentialAction":[{"@type":"ReadAction","target":["https:\/\/www.stachristiana.at\/kindergarten-frohsdorf\/wer-wir-sind\/verwaltung"]}]},{"@type":"BreadcrumbList","@id":"https:\/\/www.stachristiana.at\/kindergarten-frohsdorf\/wer-wir-sind\/verwaltung#breadcrumb","itemListElement":[{"@type":"ListItem","position":1,"name":"Start","item":"https:\/\/www.stachristiana.at\/"},{"@type":"ListItem","position":2,"name":"Wer wir sind","item":"https:\/\/www.stachristiana.at\/kindergarten-frohsdorf\/wer-wir-sind"},{"@type":"ListItem","position":3,"name":"Verwaltung"}]},{"@type":"WebSite","@id":"https:\/\/www.stachristiana.at\/kindergarten-frohsdorf\/#website","url":"https:\/\/www.stachristiana.at\/kindergarten-frohsdorf\/","name":"Sta. Christiana - Privater Kindergarten Frohsdorf","description":"Sta. Christiana - Schulen zum Leben","publisher":{"@id":"https:\/\/www.stachristiana.at\/kindergarten-frohsdorf\/#organization"},"alternateName":"Privater Kindergarten Frohsdorf","potentialAction":[{"@type":"SearchAction","target":{"@type":"EntryPoint","urlTemplate":"https:\/\/www.stachristiana.at\/kindergarten-frohsdorf\/?s={search_term_string}"},"query-input":{"@type":"PropertyValueSpecification","valueRequired":true,"valueName":"search_term_string"}}],"inLanguage":"de"},{"@type":"Organization","@id":"https:\/\/www.stachristiana.at\/kindergarten-frohsdorf\/#organization","name":"Sta. Christiana - Privater Kindergarten Frohsdorf","alternateName":"Privater Kindergarten Frohsdorf","url":"https:\/\/www.stachristiana.at\/kindergarten-frohsdorf\/","logo":{"@type":"ImageObject","inLanguage":"de","@id":"https:\/\/www.stachristiana.at\/kindergarten-frohsdorf\/#\/schema\/logo\/image\/","url":"https:\/\/www.stachristiana.at\/app\/uploads\/sites\/13\/2022\/05\/logo-sta-christiana.png","contentUrl":"https:\/\/www.stachristiana.at\/app\/uploads\/sites\/13\/2022\/05\/logo-sta-christiana.png","width":1200,"height":491,"caption":"Sta. Christiana - Privater Kindergarten Frohsdorf"},"image":{"@id":"https:\/\/www.stachristiana.at\/kindergarten-frohsdorf\/#\/schema\/logo\/image\/"}}]}},"_links":{"self":[{"href":"https:\/\/www.stachristiana.at\/kindergarten-frohsdorf\/wp-json\/wp\/v2\/pages\/205","targetHints":{"allow":["GET"]}}],"collection":[{"href":"https:\/\/www.stachristiana.at\/kindergarten-frohsdorf\/wp-json\/wp\/v2\/pages"}],"about":[{"href":"https:\/\/www.stachristiana.at\/kindergarten-frohsdorf\/wp-json\/wp\/v2\/types\/page"}],"author":[{"embeddable":true,"href":"https:\/\/www.stachristiana.at\/kindergarten-frohsdorf\/wp-json\/wp\/v2\/users\/1"}],"replies":[{"embeddable":true,"href":"https:\/\/www.stachristiana.at\/kindergarten-frohsdorf\/wp-json\/wp\/v2\/comments?post=205"}],"version-history":[{"count":10,"href":"https:\/\/www.stachristiana.at\/kindergarten-frohsdorf\/wp-json\/wp\/v2\/pages\/205\/revisions"}],"predecessor-version":[{"id":590,"href":"https:\/\/www.stachristiana.at\/kindergarten-frohsdorf\/wp-json\/wp\/v2\/pages\/205\/revisions\/590"}],"up":[{"embeddable":true,"href":"https:\/\/www.stachristiana.at\/kindergarten-frohsdorf\/wp-json\/wp\/v2\/pages\/73"}],"wp:attachment":[{"href":"https:\/\/www.stachristiana.at\/kindergarten-frohsdorf\/wp-json\/wp\/v2\/media?parent=205"}],"curies":[{"name":"wp","href":"https:\/\/api.w.org\/{rel}","templated":true}]}}