{"id":144,"date":"2022-05-10T16:01:49","date_gmt":"2022-05-10T14:01:49","guid":{"rendered":"https:\/\/devmultisite.superfesch.at\/hlw-rodaun\/?page_id=144"},"modified":"2024-06-04T09:09:43","modified_gmt":"2024-06-04T07:09:43","slug":"was-wir-bieten","status":"publish","type":"page","link":"https:\/\/www.stachristiana.at\/kindergarten-frohsdorf\/was-wir-bieten","title":{"rendered":"Was wir bieten"},"content":{"rendered":"\n<p>In unserem Praxiskindergarten der Bildungsanstalt f\u00fcr Elementarp\u00e4dagogik und dem Kolleg finden Sie Synergien, die in anderen Kinderg\u00e4rten oft nicht m\u00f6glich sind:<\/p>\n\n\n\n<div class=\"wp-block-columns is-layout-flex wp-container-core-columns-is-layout-28f84493 wp-block-columns-is-layout-flex\">\n<div class=\"wp-block-column is-layout-flow wp-block-column-is-layout-flow\" style=\"flex-basis:100%\">\n<ul class=\"wp-block-list\">\n<li>Neue und innovative p\u00e4dagogische Ans\u00e4tze, die den aktuellen Ausbildungslehrplan angehender Kindergartenp\u00e4dagoginnen entsprechen und Ihrem Kind eine zeitgem\u00e4\u00dfe Bildungseinrichtung bieten.<\/li>\n\n\n\n<li>Fortlaufende Weiterbildungen des Teams, um die fachlichen Kompetenzen zu reflektieren, weiterzuentwickeln und neu zu gestalten. Der Blick auf das Kind wird deshalb immer wieder gesch\u00e4rft und aus verschiedenen Blickwinkel betrachtet.<\/li>\n<\/ul>\n<\/div>\n<\/div>\n\n\n\n<p>Durch die Zusammenarbeit mit der hausinternen BAfEP sind diverse Aktivit\u00e4ten m\u00f6glich:&nbsp;<\/p>\n\n\n\n<ul class=\"wp-block-list\">\n<li>Ben\u00fctzung des Schulturnsaals und geplante Turneinheiten<\/li>\n\n\n\n<li>Eislaufen<\/li>\n\n\n\n<li>Schwimmen<\/li>\n\n\n\n<li>Schwerpunkte wie Experimentieren, Musikalische Fr\u00fcherziehung, Mathematische Fr\u00fcherziehung und Englisch finden in Kleingruppen zus\u00e4tzlich statt<\/li>\n\n\n\n<li>Gartenprojekte<\/li>\n<\/ul>\n","protected":false},"excerpt":{"rendered":"<p>In unserem Praxiskindergarten der Bildungsanstalt f\u00fcr Elementarp\u00e4dagogik und dem Kolleg finden Sie Synergien, die in anderen Kinderg\u00e4rten oft nicht m\u00f6glich sind: Durch die Zusammenarbeit mit der hausinternen BAfEP sind diverse Aktivit\u00e4ten m\u00f6glich:&nbsp;<\/p>\n","protected":false},"author":1,"featured_media":0,"parent":0,"menu_order":300,"comment_status":"closed","ping_status":"closed","template":"","meta":{"footnotes":""},"class_list":["post-144","page","type-page","status-publish","hentry"],"acf":[],"yoast_head":"<!-- This site is optimized with the Yoast SEO plugin v26.8 - https:\/\/yoast.com\/product\/yoast-seo-wordpress\/ -->\n<title>Was wir bieten - Kindergarten Frohsdorf<\/title>\n<meta name=\"robots\" content=\"index, follow, max-snippet:-1, max-image-preview:large, max-video-preview:-1\" \/>\n<link rel=\"canonical\" href=\"https:\/\/www.stachristiana.at\/kindergarten-frohsdorf\/was-wir-bieten\" \/>\n<meta property=\"og:locale\" content=\"de_DE\" \/>\n<meta property=\"og:type\" content=\"article\" \/>\n<meta property=\"og:title\" content=\"Was wir bieten - Kindergarten Frohsdorf\" \/>\n<meta property=\"og:description\" content=\"In unserem Praxiskindergarten der Bildungsanstalt f\u00fcr Elementarp\u00e4dagogik und dem Kolleg finden Sie Synergien, die in anderen Kinderg\u00e4rten oft nicht m\u00f6glich sind: Durch die Zusammenarbeit mit der hausinternen BAfEP sind diverse Aktivit\u00e4ten m\u00f6glich:&nbsp;\" \/>\n<meta property=\"og:url\" content=\"https:\/\/www.stachristiana.at\/kindergarten-frohsdorf\/was-wir-bieten\" \/>\n<meta property=\"og:site_name\" content=\"Kindergarten Frohsdorf\" \/>\n<meta property=\"article:modified_time\" content=\"2024-06-04T07:09:43+00:00\" \/>\n<meta property=\"og:image\" content=\"https:\/\/www.stachristiana.at\/app\/uploads\/sites\/13\/2022\/05\/logo-sta-christiana.png\" \/>\n\t<meta property=\"og:image:width\" content=\"1200\" \/>\n\t<meta property=\"og:image:height\" content=\"491\" \/>\n\t<meta property=\"og:image:type\" content=\"image\/png\" \/>\n<meta name=\"twitter:card\" content=\"summary_large_image\" \/>\n<meta name=\"twitter:label1\" content=\"Gesch\u00e4tzte Lesezeit\" \/>\n\t<meta name=\"twitter:data1\" content=\"1\u00a0Minute\" \/>\n<script type=\"application\/ld+json\" class=\"yoast-schema-graph\">{\"@context\":\"https:\/\/schema.org\",\"@graph\":[{\"@type\":\"WebPage\",\"@id\":\"https:\/\/www.stachristiana.at\/kindergarten-frohsdorf\/was-wir-bieten\",\"url\":\"https:\/\/www.stachristiana.at\/kindergarten-frohsdorf\/was-wir-bieten\",\"name\":\"Was wir bieten - Kindergarten Frohsdorf\",\"isPartOf\":{\"@id\":\"https:\/\/www.stachristiana.at\/kindergarten-frohsdorf\/#website\"},\"datePublished\":\"2022-05-10T14:01:49+00:00\",\"dateModified\":\"2024-06-04T07:09:43+00:00\",\"breadcrumb\":{\"@id\":\"https:\/\/www.stachristiana.at\/kindergarten-frohsdorf\/was-wir-bieten#breadcrumb\"},\"inLanguage\":\"de\",\"potentialAction\":[{\"@type\":\"ReadAction\",\"target\":[\"https:\/\/www.stachristiana.at\/kindergarten-frohsdorf\/was-wir-bieten\"]}]},{\"@type\":\"BreadcrumbList\",\"@id\":\"https:\/\/www.stachristiana.at\/kindergarten-frohsdorf\/was-wir-bieten#breadcrumb\",\"itemListElement\":[{\"@type\":\"ListItem\",\"position\":1,\"name\":\"Start\",\"item\":\"https:\/\/www.stachristiana.at\/\"},{\"@type\":\"ListItem\",\"position\":2,\"name\":\"Was wir bieten\"}]},{\"@type\":\"WebSite\",\"@id\":\"https:\/\/www.stachristiana.at\/kindergarten-frohsdorf\/#website\",\"url\":\"https:\/\/www.stachristiana.at\/kindergarten-frohsdorf\/\",\"name\":\"Sta. Christiana - Privater Kindergarten Frohsdorf\",\"description\":\"Sta. Christiana - Schulen zum Leben\",\"publisher\":{\"@id\":\"https:\/\/www.stachristiana.at\/kindergarten-frohsdorf\/#organization\"},\"alternateName\":\"Privater Kindergarten Frohsdorf\",\"potentialAction\":[{\"@type\":\"SearchAction\",\"target\":{\"@type\":\"EntryPoint\",\"urlTemplate\":\"https:\/\/www.stachristiana.at\/kindergarten-frohsdorf\/?s={search_term_string}\"},\"query-input\":{\"@type\":\"PropertyValueSpecification\",\"valueRequired\":true,\"valueName\":\"search_term_string\"}}],\"inLanguage\":\"de\"},{\"@type\":\"Organization\",\"@id\":\"https:\/\/www.stachristiana.at\/kindergarten-frohsdorf\/#organization\",\"name\":\"Sta. Christiana - Privater Kindergarten Frohsdorf\",\"alternateName\":\"Privater Kindergarten Frohsdorf\",\"url\":\"https:\/\/www.stachristiana.at\/kindergarten-frohsdorf\/\",\"logo\":{\"@type\":\"ImageObject\",\"inLanguage\":\"de\",\"@id\":\"https:\/\/www.stachristiana.at\/kindergarten-frohsdorf\/#\/schema\/logo\/image\/\",\"url\":\"https:\/\/www.stachristiana.at\/app\/uploads\/sites\/13\/2022\/05\/logo-sta-christiana.png\",\"contentUrl\":\"https:\/\/www.stachristiana.at\/app\/uploads\/sites\/13\/2022\/05\/logo-sta-christiana.png\",\"width\":1200,\"height\":491,\"caption\":\"Sta. Christiana - Privater Kindergarten Frohsdorf\"},\"image\":{\"@id\":\"https:\/\/www.stachristiana.at\/kindergarten-frohsdorf\/#\/schema\/logo\/image\/\"}}]}<\/script>\n<!-- \/ Yoast SEO plugin. -->","yoast_head_json":{"title":"Was wir bieten - Kindergarten Frohsdorf","robots":{"index":"index","follow":"follow","max-snippet":"max-snippet:-1","max-image-preview":"max-image-preview:large","max-video-preview":"max-video-preview:-1"},"canonical":"https:\/\/www.stachristiana.at\/kindergarten-frohsdorf\/was-wir-bieten","og_locale":"de_DE","og_type":"article","og_title":"Was wir bieten - Kindergarten Frohsdorf","og_description":"In unserem Praxiskindergarten der Bildungsanstalt f\u00fcr Elementarp\u00e4dagogik und dem Kolleg finden Sie Synergien, die in anderen Kinderg\u00e4rten oft nicht m\u00f6glich sind: Durch die Zusammenarbeit mit der hausinternen BAfEP sind diverse Aktivit\u00e4ten m\u00f6glich:&nbsp;","og_url":"https:\/\/www.stachristiana.at\/kindergarten-frohsdorf\/was-wir-bieten","og_site_name":"Kindergarten Frohsdorf","article_modified_time":"2024-06-04T07:09:43+00:00","og_image":[{"width":1200,"height":491,"url":"https:\/\/www.stachristiana.at\/app\/uploads\/sites\/13\/2022\/05\/logo-sta-christiana.png","type":"image\/png"}],"twitter_card":"summary_large_image","twitter_misc":{"Gesch\u00e4tzte Lesezeit":"1\u00a0Minute"},"schema":{"@context":"https:\/\/schema.org","@graph":[{"@type":"WebPage","@id":"https:\/\/www.stachristiana.at\/kindergarten-frohsdorf\/was-wir-bieten","url":"https:\/\/www.stachristiana.at\/kindergarten-frohsdorf\/was-wir-bieten","name":"Was wir bieten - Kindergarten Frohsdorf","isPartOf":{"@id":"https:\/\/www.stachristiana.at\/kindergarten-frohsdorf\/#website"},"datePublished":"2022-05-10T14:01:49+00:00","dateModified":"2024-06-04T07:09:43+00:00","breadcrumb":{"@id":"https:\/\/www.stachristiana.at\/kindergarten-frohsdorf\/was-wir-bieten#breadcrumb"},"inLanguage":"de","potentialAction":[{"@type":"ReadAction","target":["https:\/\/www.stachristiana.at\/kindergarten-frohsdorf\/was-wir-bieten"]}]},{"@type":"BreadcrumbList","@id":"https:\/\/www.stachristiana.at\/kindergarten-frohsdorf\/was-wir-bieten#breadcrumb","itemListElement":[{"@type":"ListItem","position":1,"name":"Start","item":"https:\/\/www.stachristiana.at\/"},{"@type":"ListItem","position":2,"name":"Was wir bieten"}]},{"@type":"WebSite","@id":"https:\/\/www.stachristiana.at\/kindergarten-frohsdorf\/#website","url":"https:\/\/www.stachristiana.at\/kindergarten-frohsdorf\/","name":"Sta. Christiana - Privater Kindergarten Frohsdorf","description":"Sta. Christiana - Schulen zum Leben","publisher":{"@id":"https:\/\/www.stachristiana.at\/kindergarten-frohsdorf\/#organization"},"alternateName":"Privater Kindergarten Frohsdorf","potentialAction":[{"@type":"SearchAction","target":{"@type":"EntryPoint","urlTemplate":"https:\/\/www.stachristiana.at\/kindergarten-frohsdorf\/?s={search_term_string}"},"query-input":{"@type":"PropertyValueSpecification","valueRequired":true,"valueName":"search_term_string"}}],"inLanguage":"de"},{"@type":"Organization","@id":"https:\/\/www.stachristiana.at\/kindergarten-frohsdorf\/#organization","name":"Sta. Christiana - Privater Kindergarten Frohsdorf","alternateName":"Privater Kindergarten Frohsdorf","url":"https:\/\/www.stachristiana.at\/kindergarten-frohsdorf\/","logo":{"@type":"ImageObject","inLanguage":"de","@id":"https:\/\/www.stachristiana.at\/kindergarten-frohsdorf\/#\/schema\/logo\/image\/","url":"https:\/\/www.stachristiana.at\/app\/uploads\/sites\/13\/2022\/05\/logo-sta-christiana.png","contentUrl":"https:\/\/www.stachristiana.at\/app\/uploads\/sites\/13\/2022\/05\/logo-sta-christiana.png","width":1200,"height":491,"caption":"Sta. Christiana - Privater Kindergarten Frohsdorf"},"image":{"@id":"https:\/\/www.stachristiana.at\/kindergarten-frohsdorf\/#\/schema\/logo\/image\/"}}]}},"_links":{"self":[{"href":"https:\/\/www.stachristiana.at\/kindergarten-frohsdorf\/wp-json\/wp\/v2\/pages\/144","targetHints":{"allow":["GET"]}}],"collection":[{"href":"https:\/\/www.stachristiana.at\/kindergarten-frohsdorf\/wp-json\/wp\/v2\/pages"}],"about":[{"href":"https:\/\/www.stachristiana.at\/kindergarten-frohsdorf\/wp-json\/wp\/v2\/types\/page"}],"author":[{"embeddable":true,"href":"https:\/\/www.stachristiana.at\/kindergarten-frohsdorf\/wp-json\/wp\/v2\/users\/1"}],"replies":[{"embeddable":true,"href":"https:\/\/www.stachristiana.at\/kindergarten-frohsdorf\/wp-json\/wp\/v2\/comments?post=144"}],"version-history":[{"count":16,"href":"https:\/\/www.stachristiana.at\/kindergarten-frohsdorf\/wp-json\/wp\/v2\/pages\/144\/revisions"}],"predecessor-version":[{"id":710,"href":"https:\/\/www.stachristiana.at\/kindergarten-frohsdorf\/wp-json\/wp\/v2\/pages\/144\/revisions\/710"}],"wp:attachment":[{"href":"https:\/\/www.stachristiana.at\/kindergarten-frohsdorf\/wp-json\/wp\/v2\/media?parent=144"}],"curies":[{"name":"wp","href":"https:\/\/api.w.org\/{rel}","templated":true}]}}