{"id":73,"date":"2022-05-02T16:26:34","date_gmt":"2022-05-02T14:26:34","guid":{"rendered":"https:\/\/devmultisite.superfesch.at\/hlw-rodaun\/?page_id=73"},"modified":"2023-11-21T12:45:35","modified_gmt":"2023-11-21T11:45:35","slug":"wer-wir-sind","status":"publish","type":"page","link":"https:\/\/www.stachristiana.at\/hort-rodaun\/wer-wir-sind","title":{"rendered":"Wer wir sind"},"content":{"rendered":"\n<p>Wir sind ein sehr ausgewogenes und dynamisches Team, welches voller Begeisterung und neuen Ideen steckt. Der Zusammenhalt im Team zeichnet sich durch eine Wohlf\u00fchlatmosph\u00e4re aus, in welcher wir einander best\u00e4rken. Aufgrund unserer Professionalit\u00e4t schaffen wir es die Kinder und Jugendlichen in allen Lebenslagen zu unterst\u00fctzen. Dieses Engagement verhilft uns auch schnell eine gute Bindung zu ihnen aufzubauen.<\/p>\n\n\n\n<div class=\"wp-block-group is-layout-constrained wp-block-group-is-layout-constrained\">\n<figure class=\"wp-block-image size-full\"><img loading=\"lazy\" decoding=\"async\" width=\"900\" height=\"630\" src=\"https:\/\/www.stachristiana.at\/app\/uploads\/sites\/9\/2023\/11\/1502Team21.jpg\" alt=\"\" class=\"wp-image-1802\" srcset=\"https:\/\/www.stachristiana.at\/app\/uploads\/sites\/9\/2023\/11\/1502Team21.jpg 900w, https:\/\/www.stachristiana.at\/app\/uploads\/sites\/9\/2023\/11\/1502Team21-400x280.jpg 400w, https:\/\/www.stachristiana.at\/app\/uploads\/sites\/9\/2023\/11\/1502Team21-768x538.jpg 768w, https:\/\/www.stachristiana.at\/app\/uploads\/sites\/9\/2023\/11\/1502Team21-657x460.jpg 657w, https:\/\/www.stachristiana.at\/app\/uploads\/sites\/9\/2023\/11\/1502Team21-107x75.jpg 107w\" sizes=\"auto, (max-width: 900px) 100vw, 900px\" \/><\/figure>\n<\/div>\n","protected":false},"excerpt":{"rendered":"<p>Wir sind ein sehr ausgewogenes und dynamisches Team, welches voller Begeisterung und neuen Ideen steckt. Der Zusammenhalt im Team zeichnet sich durch eine Wohlf\u00fchlatmosph\u00e4re aus, in welcher wir einander best\u00e4rken. Aufgrund unserer Professionalit\u00e4t schaffen wir es die Kinder und Jugendlichen in allen Lebenslagen zu unterst\u00fctzen. Dieses Engagement verhilft uns auch schnell eine gute Bindung zu [&hellip;]<\/p>\n","protected":false},"author":1,"featured_media":0,"parent":0,"menu_order":200,"comment_status":"closed","ping_status":"closed","template":"","meta":{"footnotes":""},"class_list":["post-73","page","type-page","status-publish","hentry"],"acf":[],"yoast_head":"<!-- This site is optimized with the Yoast SEO plugin v26.8 - https:\/\/yoast.com\/product\/yoast-seo-wordpress\/ -->\n<title>Wer wir sind - Hort Rodaun<\/title>\n<meta name=\"robots\" content=\"index, follow, max-snippet:-1, max-image-preview:large, max-video-preview:-1\" \/>\n<link rel=\"canonical\" href=\"https:\/\/www.stachristiana.at\/hort-rodaun\/wer-wir-sind\" \/>\n<meta property=\"og:locale\" content=\"de_DE\" \/>\n<meta property=\"og:type\" content=\"article\" \/>\n<meta property=\"og:title\" content=\"Wer wir sind - Hort Rodaun\" \/>\n<meta property=\"og:description\" content=\"Wir sind ein sehr ausgewogenes und dynamisches Team, welches voller Begeisterung und neuen Ideen steckt. Der Zusammenhalt im Team zeichnet sich durch eine Wohlf\u00fchlatmosph\u00e4re aus, in welcher wir einander best\u00e4rken. Aufgrund unserer Professionalit\u00e4t schaffen wir es die Kinder und Jugendlichen in allen Lebenslagen zu unterst\u00fctzen. Dieses Engagement verhilft uns auch schnell eine gute Bindung zu [&hellip;]\" \/>\n<meta property=\"og:url\" content=\"https:\/\/www.stachristiana.at\/hort-rodaun\/wer-wir-sind\" \/>\n<meta property=\"og:site_name\" content=\"Hort Rodaun\" \/>\n<meta property=\"article:modified_time\" content=\"2023-11-21T11:45:35+00:00\" \/>\n<meta property=\"og:image\" content=\"https:\/\/www.stachristiana.at\/app\/uploads\/sites\/9\/2023\/11\/1502Team21.jpg\" \/>\n<meta name=\"twitter:card\" content=\"summary_large_image\" \/>\n<meta name=\"twitter:label1\" content=\"Gesch\u00e4tzte Lesezeit\" \/>\n\t<meta name=\"twitter:data1\" content=\"1\u00a0Minute\" \/>\n<script type=\"application\/ld+json\" class=\"yoast-schema-graph\">{\"@context\":\"https:\/\/schema.org\",\"@graph\":[{\"@type\":\"WebPage\",\"@id\":\"https:\/\/www.stachristiana.at\/hort-rodaun\/wer-wir-sind\",\"url\":\"https:\/\/www.stachristiana.at\/hort-rodaun\/wer-wir-sind\",\"name\":\"Wer wir sind - Hort Rodaun\",\"isPartOf\":{\"@id\":\"https:\/\/www.stachristiana.at\/hort-rodaun\/#website\"},\"primaryImageOfPage\":{\"@id\":\"https:\/\/www.stachristiana.at\/hort-rodaun\/wer-wir-sind#primaryimage\"},\"image\":{\"@id\":\"https:\/\/www.stachristiana.at\/hort-rodaun\/wer-wir-sind#primaryimage\"},\"thumbnailUrl\":\"https:\/\/www.stachristiana.at\/app\/uploads\/sites\/9\/2023\/11\/1502Team21.jpg\",\"datePublished\":\"2022-05-02T14:26:34+00:00\",\"dateModified\":\"2023-11-21T11:45:35+00:00\",\"breadcrumb\":{\"@id\":\"https:\/\/www.stachristiana.at\/hort-rodaun\/wer-wir-sind#breadcrumb\"},\"inLanguage\":\"de\",\"potentialAction\":[{\"@type\":\"ReadAction\",\"target\":[\"https:\/\/www.stachristiana.at\/hort-rodaun\/wer-wir-sind\"]}]},{\"@type\":\"ImageObject\",\"inLanguage\":\"de\",\"@id\":\"https:\/\/www.stachristiana.at\/hort-rodaun\/wer-wir-sind#primaryimage\",\"url\":\"https:\/\/www.stachristiana.at\/app\/uploads\/sites\/9\/2023\/11\/1502Team21.jpg\",\"contentUrl\":\"https:\/\/www.stachristiana.at\/app\/uploads\/sites\/9\/2023\/11\/1502Team21.jpg\"},{\"@type\":\"BreadcrumbList\",\"@id\":\"https:\/\/www.stachristiana.at\/hort-rodaun\/wer-wir-sind#breadcrumb\",\"itemListElement\":[{\"@type\":\"ListItem\",\"position\":1,\"name\":\"Start\",\"item\":\"https:\/\/www.stachristiana.at\/\"},{\"@type\":\"ListItem\",\"position\":2,\"name\":\"Wer wir sind\"}]},{\"@type\":\"WebSite\",\"@id\":\"https:\/\/www.stachristiana.at\/hort-rodaun\/#website\",\"url\":\"https:\/\/www.stachristiana.at\/hort-rodaun\/\",\"name\":\"Sta. Christiana - Hort Rodaun\",\"description\":\"Sta. Christiana - Schulen zum Leben\",\"publisher\":{\"@id\":\"https:\/\/www.stachristiana.at\/hort-rodaun\/#organization\"},\"alternateName\":\"Hort Rodaun\",\"potentialAction\":[{\"@type\":\"SearchAction\",\"target\":{\"@type\":\"EntryPoint\",\"urlTemplate\":\"https:\/\/www.stachristiana.at\/hort-rodaun\/?s={search_term_string}\"},\"query-input\":{\"@type\":\"PropertyValueSpecification\",\"valueRequired\":true,\"valueName\":\"search_term_string\"}}],\"inLanguage\":\"de\"},{\"@type\":\"Organization\",\"@id\":\"https:\/\/www.stachristiana.at\/hort-rodaun\/#organization\",\"name\":\"Sta. Christiana - Hort Rodaun\",\"alternateName\":\"Hort Rodaun\",\"url\":\"https:\/\/www.stachristiana.at\/hort-rodaun\/\",\"logo\":{\"@type\":\"ImageObject\",\"inLanguage\":\"de\",\"@id\":\"https:\/\/www.stachristiana.at\/hort-rodaun\/#\/schema\/logo\/image\/\",\"url\":\"https:\/\/www.stachristiana.at\/app\/uploads\/sites\/9\/2022\/05\/logo-sta-christiana.png\",\"contentUrl\":\"https:\/\/www.stachristiana.at\/app\/uploads\/sites\/9\/2022\/05\/logo-sta-christiana.png\",\"width\":1200,\"height\":491,\"caption\":\"Sta. Christiana - Hort Rodaun\"},\"image\":{\"@id\":\"https:\/\/www.stachristiana.at\/hort-rodaun\/#\/schema\/logo\/image\/\"}}]}<\/script>\n<!-- \/ Yoast SEO plugin. -->","yoast_head_json":{"title":"Wer wir sind - Hort Rodaun","robots":{"index":"index","follow":"follow","max-snippet":"max-snippet:-1","max-image-preview":"max-image-preview:large","max-video-preview":"max-video-preview:-1"},"canonical":"https:\/\/www.stachristiana.at\/hort-rodaun\/wer-wir-sind","og_locale":"de_DE","og_type":"article","og_title":"Wer wir sind - Hort Rodaun","og_description":"Wir sind ein sehr ausgewogenes und dynamisches Team, welches voller Begeisterung und neuen Ideen steckt. Der Zusammenhalt im Team zeichnet sich durch eine Wohlf\u00fchlatmosph\u00e4re aus, in welcher wir einander best\u00e4rken. Aufgrund unserer Professionalit\u00e4t schaffen wir es die Kinder und Jugendlichen in allen Lebenslagen zu unterst\u00fctzen. Dieses Engagement verhilft uns auch schnell eine gute Bindung zu [&hellip;]","og_url":"https:\/\/www.stachristiana.at\/hort-rodaun\/wer-wir-sind","og_site_name":"Hort Rodaun","article_modified_time":"2023-11-21T11:45:35+00:00","og_image":[{"url":"https:\/\/www.stachristiana.at\/app\/uploads\/sites\/9\/2023\/11\/1502Team21.jpg","type":"","width":"","height":""}],"twitter_card":"summary_large_image","twitter_misc":{"Gesch\u00e4tzte Lesezeit":"1\u00a0Minute"},"schema":{"@context":"https:\/\/schema.org","@graph":[{"@type":"WebPage","@id":"https:\/\/www.stachristiana.at\/hort-rodaun\/wer-wir-sind","url":"https:\/\/www.stachristiana.at\/hort-rodaun\/wer-wir-sind","name":"Wer wir sind - Hort Rodaun","isPartOf":{"@id":"https:\/\/www.stachristiana.at\/hort-rodaun\/#website"},"primaryImageOfPage":{"@id":"https:\/\/www.stachristiana.at\/hort-rodaun\/wer-wir-sind#primaryimage"},"image":{"@id":"https:\/\/www.stachristiana.at\/hort-rodaun\/wer-wir-sind#primaryimage"},"thumbnailUrl":"https:\/\/www.stachristiana.at\/app\/uploads\/sites\/9\/2023\/11\/1502Team21.jpg","datePublished":"2022-05-02T14:26:34+00:00","dateModified":"2023-11-21T11:45:35+00:00","breadcrumb":{"@id":"https:\/\/www.stachristiana.at\/hort-rodaun\/wer-wir-sind#breadcrumb"},"inLanguage":"de","potentialAction":[{"@type":"ReadAction","target":["https:\/\/www.stachristiana.at\/hort-rodaun\/wer-wir-sind"]}]},{"@type":"ImageObject","inLanguage":"de","@id":"https:\/\/www.stachristiana.at\/hort-rodaun\/wer-wir-sind#primaryimage","url":"https:\/\/www.stachristiana.at\/app\/uploads\/sites\/9\/2023\/11\/1502Team21.jpg","contentUrl":"https:\/\/www.stachristiana.at\/app\/uploads\/sites\/9\/2023\/11\/1502Team21.jpg"},{"@type":"BreadcrumbList","@id":"https:\/\/www.stachristiana.at\/hort-rodaun\/wer-wir-sind#breadcrumb","itemListElement":[{"@type":"ListItem","position":1,"name":"Start","item":"https:\/\/www.stachristiana.at\/"},{"@type":"ListItem","position":2,"name":"Wer wir sind"}]},{"@type":"WebSite","@id":"https:\/\/www.stachristiana.at\/hort-rodaun\/#website","url":"https:\/\/www.stachristiana.at\/hort-rodaun\/","name":"Sta. Christiana - Hort Rodaun","description":"Sta. Christiana - Schulen zum Leben","publisher":{"@id":"https:\/\/www.stachristiana.at\/hort-rodaun\/#organization"},"alternateName":"Hort Rodaun","potentialAction":[{"@type":"SearchAction","target":{"@type":"EntryPoint","urlTemplate":"https:\/\/www.stachristiana.at\/hort-rodaun\/?s={search_term_string}"},"query-input":{"@type":"PropertyValueSpecification","valueRequired":true,"valueName":"search_term_string"}}],"inLanguage":"de"},{"@type":"Organization","@id":"https:\/\/www.stachristiana.at\/hort-rodaun\/#organization","name":"Sta. Christiana - Hort Rodaun","alternateName":"Hort Rodaun","url":"https:\/\/www.stachristiana.at\/hort-rodaun\/","logo":{"@type":"ImageObject","inLanguage":"de","@id":"https:\/\/www.stachristiana.at\/hort-rodaun\/#\/schema\/logo\/image\/","url":"https:\/\/www.stachristiana.at\/app\/uploads\/sites\/9\/2022\/05\/logo-sta-christiana.png","contentUrl":"https:\/\/www.stachristiana.at\/app\/uploads\/sites\/9\/2022\/05\/logo-sta-christiana.png","width":1200,"height":491,"caption":"Sta. Christiana - Hort Rodaun"},"image":{"@id":"https:\/\/www.stachristiana.at\/hort-rodaun\/#\/schema\/logo\/image\/"}}]}},"_links":{"self":[{"href":"https:\/\/www.stachristiana.at\/hort-rodaun\/wp-json\/wp\/v2\/pages\/73","targetHints":{"allow":["GET"]}}],"collection":[{"href":"https:\/\/www.stachristiana.at\/hort-rodaun\/wp-json\/wp\/v2\/pages"}],"about":[{"href":"https:\/\/www.stachristiana.at\/hort-rodaun\/wp-json\/wp\/v2\/types\/page"}],"author":[{"embeddable":true,"href":"https:\/\/www.stachristiana.at\/hort-rodaun\/wp-json\/wp\/v2\/users\/1"}],"replies":[{"embeddable":true,"href":"https:\/\/www.stachristiana.at\/hort-rodaun\/wp-json\/wp\/v2\/comments?post=73"}],"version-history":[{"count":6,"href":"https:\/\/www.stachristiana.at\/hort-rodaun\/wp-json\/wp\/v2\/pages\/73\/revisions"}],"predecessor-version":[{"id":1803,"href":"https:\/\/www.stachristiana.at\/hort-rodaun\/wp-json\/wp\/v2\/pages\/73\/revisions\/1803"}],"wp:attachment":[{"href":"https:\/\/www.stachristiana.at\/hort-rodaun\/wp-json\/wp\/v2\/media?parent=73"}],"curies":[{"name":"wp","href":"https:\/\/api.w.org\/{rel}","templated":true}]}}