{"id":1103,"date":"2023-04-17T09:59:17","date_gmt":"2023-04-17T07:59:17","guid":{"rendered":"https:\/\/www.stachristiana.at\/hort-rodaun\/?page_id=1103"},"modified":"2025-09-12T15:09:15","modified_gmt":"2025-09-12T13:09:15","slug":"unverbindliche-uebungen","status":"publish","type":"page","link":"https:\/\/www.stachristiana.at\/hort-rodaun\/unverbindliche-uebungen","title":{"rendered":"Unverbindliche \u00dcbungen MS-Hort"},"content":{"rendered":"\n<p>G\u00fcltig f\u00fcr das Schuljahr 25\/26<\/p>\n\n\n\n<div class=\"wp-block-group is-vertical is-nowrap is-layout-flex wp-container-core-group-is-layout-6fe931d8 wp-block-group-is-layout-flex\">\n<div class=\"wp-block-group is-layout-constrained wp-block-group-is-layout-constrained\">\n<div class=\"wp-block-group is-content-justification-right is-nowrap is-layout-flex wp-container-core-group-is-layout-17124a9a wp-block-group-is-layout-flex\">\n<div class=\"wp-block-group is-layout-constrained wp-block-group-is-layout-constrained\">\n<div class=\"wp-block-group is-nowrap is-layout-flex wp-container-core-group-is-layout-6c531013 wp-block-group-is-layout-flex\">\n<p class=\"has-text-align-left has-default-font-size\">o <strong><mark style=\"background-color:rgba(0, 0, 0, 0)\" class=\"has-inline-color has-green-color\">Fu\u00dfball<\/mark><\/strong> <\/p>\n<\/div>\n\n\n\n<p class=\"has-text-align-center has-green-color has-white-background-color has-text-color has-background has-default-font-size\">Wenn man gerne Fu\u00dfball spielt , und einmal die Woche mit Freunden im Park kicken m\u00f6chte, ist hier die perfekte Unverbindliche \u00dcbung.<\/p>\n<\/div>\n<\/div>\n<\/div>\n\n\n\n<div class=\"wp-block-group is-nowrap is-layout-flex wp-container-core-group-is-layout-6c531013 wp-block-group-is-layout-flex\">\n<p class=\"has-default-font-size\">o <strong><mark style=\"background-color:rgba(0, 0, 0, 0)\" class=\"has-inline-color has-red-color\">Handball<\/mark><\/strong> findet 25\/26 nicht statt<\/p>\n<\/div>\n\n\n\n<p class=\"has-text-align-center has-red-color has-white-background-color has-text-color has-background has-default-font-size\">Die Unverbindliche \u00dcbung &#8222;Handball&#8220; ist f\u00fcr alle Sch\u00fcler*Innen , die Begeisterung f\u00fcr den Ballsport haben. Du lernst hier sowohl die Grundtechniken und Regeln des Handballsports, als auch koordinative und ballspezifische \u00dcbungen. Ein richtiges Handballmatch, wo du dich mit anderen Sch\u00fcler*Innen messen kannst , darf nat\u00fcrlich  nicht fehlen.<\/p>\n\n\n\n<div class=\"wp-block-group is-content-justification-right is-nowrap is-layout-flex wp-container-core-group-is-layout-17124a9a wp-block-group-is-layout-flex\">\n<p class=\"has-default-font-size\">o<mark style=\"background-color:rgba(0, 0, 0, 0)\" class=\"has-inline-color has-green-color\"> <strong>Outdoor Active<\/strong><\/mark> <\/p>\n<\/div>\n\n\n\n<p class=\"has-text-align-center has-green-color has-white-background-color has-text-color has-background has-default-font-size\">&#8222;Outdoor Active&#8220; bietet Sch\u00fcler*Innen die M\u00f6glichkeit sich in der Natur sportlich zu bet\u00e4tigen. Inhalte sind Trailrunning, Mountainbiken, Spiele im Wald, Slacklinen, Fitness\u00fcbungen, Ballspiele und vieles mehr. Die multisportive Bewegung steht im Vordergrund! Weiters sind Ausfl\u00fcge geplant, bei denen wir unterschiedliche Sportst\u00e4tten besuchen. Daf\u00fcr werden die Stunden geblockt. Manche Ausfl\u00fcge k\u00f6nnen auch samstags stattfinden. Dieses Angebot richtet sich an sportliche Sch\u00fcler*Innen die sich gerne zus\u00e4tzlich zum Sportunterricht bewegen m\u00f6chten. Grunds\u00e4tzlich finden alle Aktivit\u00e4ten im Freien statt, auch bei Schlechtwetter! Bei extremen Wettersituationen bleibt man jedoch in der Klasse und besch\u00e4ftigt sich mit allgemeiner Sportkunde oder man weicht auf den Turnsaal aus. Freude und Spa\u00df an der Bewegung im freien, sowie Offenheit gegen\u00fcber unbekannten Sportarten sind die Basis f\u00fcr die Teilnahme. <\/p>\n\n\n\n<div class=\"wp-block-group is-content-justification-center is-nowrap is-layout-flex wp-container-core-group-is-layout-23441af8 wp-block-group-is-layout-flex\">\n<p class=\"has-text-align-center has-red-color has-text-color has-default-font-size\">o <strong><mark style=\"background-color:rgba(0, 0, 0, 0)\" class=\"has-inline-color has-red-color\">Iss Dich Schlau<\/mark><\/strong> &#8211; <strong>Clevere Ern\u00e4hrung f\u00fcr Jugendliche <\/strong><kbd>  <\/kbd><\/p>\n<\/div>\n\n\n\n<p class=\"has-text-align-center has-red-color has-white-background-color has-text-color has-background has-default-font-size\">Gesunde Ern\u00e4hrung ist ein weitverbreitetes Schlagwort! Ern\u00e4hrung hat einen wesentlichen Einfluss auf die L\u00e4nge des Lebens und auf die Gesundheit der Menschen. Daher kann man nicht fr\u00fch genug beginnen die Jugend f\u00fcr selbst zubereitetes Essen zu begeistern und dies auch zu lernen. In dieser Unverbindlichen \u00dcbung geht es um das Erlernen von Fertigkeiten f\u00fcr Kochen und Backen mit gesunden und vor allem regionalen Lebensmitteln. Brot backen , mit Kr\u00e4uter w\u00fcrzen, Smoothies zubereiten, vegetarische K\u00fcche kennenlernen, biologische Lebensmittel einkaufen und verarbeiten, M\u00e4rkte in Wien besuchen,&#8230;&#8230;. diese und noch viele andere Themen werden hier vermittelt. <\/p>\n\n\n\n<div class=\"wp-block-columns is-layout-flex wp-container-core-columns-is-layout-28f84493 wp-block-columns-is-layout-flex\">\n<div class=\"wp-block-column is-layout-flow wp-block-column-is-layout-flow\" style=\"flex-basis:100%\">\n<div class=\"wp-block-group is-content-justification-left is-nowrap is-layout-flex wp-container-core-group-is-layout-232744d4 wp-block-group-is-layout-flex\">\n<p class=\"has-default-font-size\">o <mark style=\"background-color:rgba(0, 0, 0, 0)\" class=\"has-inline-color has-green-color\"><strong>Musical Dance<\/strong> Mittwoch 14:35-15:25<\/mark><\/p>\n<\/div>\n\n\n\n<p class=\"has-green-color has-white-background-color has-text-color has-background has-default-font-size\">Lass uns in die Welt der Musik eintauchen !Hier kannst du deine Freude an der Musik vertiefen! Gerne darfst du dein eigenes Instrument mitbringen, wir werden gemeinsam musizieren und singen! Lieder erlernen, mit Instrumenten begleiten, Chorisches singen, Musik mit Alltagsgegenst\u00e4nden, Experimente mit Kl\u00e4ngen, Tanzen zu Musik, Exkursionen zu musikalischen Veranstaltungen <\/p>\n<\/div>\n<\/div>\n\n\n\n<div class=\"wp-block-group is-content-justification-right is-nowrap is-layout-flex wp-container-core-group-is-layout-17124a9a wp-block-group-is-layout-flex\">\n<p class=\"has-default-font-size\">o <strong><mark style=\"background-color:rgba(0, 0, 0, 0)\" class=\"has-inline-color has-red-color\">Darstellendes Spiel<\/mark><\/strong> <strong> <\/strong><mark style=\"background-color:rgba(0, 0, 0, 0)\" class=\"has-inline-color has-red-color\">    <\/mark><\/p>\n<\/div>\n<\/div>\n\n\n\n<p class=\"has-text-align-center has-red-color has-white-background-color has-text-color has-background has-default-font-size\">In der Unverbindlichen \u00dcbung &#8220; Darstellendes Spiel&#8220; lernen die Kinder, sich auf vielf\u00e4ltige Weise szenisch und musikalisch selbst auszudr\u00fccken und in andere Rollen zu schl\u00fcpfen. Den kr\u00f6nenden Abschluss des Jahres bietet im Fach Darstellendes Spiel, die allj\u00e4hrige Auff\u00fchrung bei &#8222;Fr\u00fchling im Schloss&#8220;, bei welcher die Sch\u00fcler*Innen mit viel Eifer und Begeisterung das erarbeitete St\u00fcck pr\u00e4sentieren k\u00f6nnen. <\/p>\n\n\n\n<p>o <mark style=\"background-color:rgba(0, 0, 0, 0)\" class=\"has-inline-color has-green-color\"><strong>Sch\u00fclerzeitung<\/strong><\/mark> <\/p>\n\n\n\n<p><mark style=\"background-color:rgba(0, 0, 0, 0)\" class=\"has-inline-color has-green-color\">In dieser Unverbindlichen werden alle Sch\u00fclerInnen die gerne Berichte schreiben , Texte verfassen , Interviews f\u00fchren und recherchieren auf ihre Kosten kommen. <\/mark><\/p>\n\n\n\n<p> o <strong><mark style=\"background-color:rgba(0, 0, 0, 0)\" class=\"has-inline-color has-red-color\">Schulband<\/mark><\/strong><\/p>\n\n\n\n<p><mark style=\"background-color:rgba(0, 0, 0, 0)\" class=\"has-inline-color has-red-color\">In dieser Unverbindlichen werden alle Sch\u00fclerInnen die gerne musizieren voll auf ihre Kosten kommen.<\/mark><\/p>\n\n\n\n<p><\/p>\n","protected":false},"excerpt":{"rendered":"<p>G\u00fcltig f\u00fcr das Schuljahr 25\/26 o Fu\u00dfball Wenn man gerne Fu\u00dfball spielt , und einmal die Woche mit Freunden im Park kicken m\u00f6chte, ist hier die perfekte Unverbindliche \u00dcbung. o Handball findet 25\/26 nicht statt Die Unverbindliche \u00dcbung &#8222;Handball&#8220; ist f\u00fcr alle Sch\u00fcler*Innen , die Begeisterung f\u00fcr den Ballsport haben. Du lernst hier sowohl die [&hellip;]<\/p>\n","protected":false},"author":64,"featured_media":0,"parent":0,"menu_order":0,"comment_status":"closed","ping_status":"closed","template":"","meta":{"footnotes":""},"class_list":["post-1103","page","type-page","status-publish","hentry"],"acf":[],"yoast_head":"<!-- This site is optimized with the Yoast SEO plugin v26.8 - https:\/\/yoast.com\/product\/yoast-seo-wordpress\/ -->\n<title>Unverbindliche \u00dcbungen MS-Hort - Hort Rodaun<\/title>\n<meta name=\"robots\" content=\"index, follow, max-snippet:-1, max-image-preview:large, max-video-preview:-1\" \/>\n<link rel=\"canonical\" href=\"https:\/\/www.stachristiana.at\/hort-rodaun\/unverbindliche-uebungen\" \/>\n<meta property=\"og:locale\" content=\"de_DE\" \/>\n<meta property=\"og:type\" content=\"article\" \/>\n<meta property=\"og:title\" content=\"Unverbindliche \u00dcbungen MS-Hort - Hort Rodaun\" \/>\n<meta property=\"og:description\" content=\"G\u00fcltig f\u00fcr das Schuljahr 25\/26 o Fu\u00dfball Wenn man gerne Fu\u00dfball spielt , und einmal die Woche mit Freunden im Park kicken m\u00f6chte, ist hier die perfekte Unverbindliche \u00dcbung. o Handball findet 25\/26 nicht statt Die Unverbindliche \u00dcbung &#8222;Handball&#8220; ist f\u00fcr alle Sch\u00fcler*Innen , die Begeisterung f\u00fcr den Ballsport haben. Du lernst hier sowohl die [&hellip;]\" \/>\n<meta property=\"og:url\" content=\"https:\/\/www.stachristiana.at\/hort-rodaun\/unverbindliche-uebungen\" \/>\n<meta property=\"og:site_name\" content=\"Hort Rodaun\" \/>\n<meta property=\"article:modified_time\" content=\"2025-09-12T13:09:15+00:00\" \/>\n<meta property=\"og:image\" content=\"https:\/\/www.stachristiana.at\/app\/uploads\/sites\/9\/2022\/05\/logo-sta-christiana.png\" \/>\n\t<meta property=\"og:image:width\" content=\"1200\" \/>\n\t<meta property=\"og:image:height\" content=\"491\" \/>\n\t<meta property=\"og:image:type\" content=\"image\/png\" \/>\n<meta name=\"twitter:card\" content=\"summary_large_image\" \/>\n<meta name=\"twitter:label1\" content=\"Gesch\u00e4tzte Lesezeit\" \/>\n\t<meta name=\"twitter:data1\" content=\"3\u00a0Minuten\" \/>\n<script type=\"application\/ld+json\" class=\"yoast-schema-graph\">{\"@context\":\"https:\/\/schema.org\",\"@graph\":[{\"@type\":\"WebPage\",\"@id\":\"https:\/\/www.stachristiana.at\/hort-rodaun\/unverbindliche-uebungen\",\"url\":\"https:\/\/www.stachristiana.at\/hort-rodaun\/unverbindliche-uebungen\",\"name\":\"Unverbindliche \u00dcbungen MS-Hort - Hort Rodaun\",\"isPartOf\":{\"@id\":\"https:\/\/www.stachristiana.at\/hort-rodaun\/#website\"},\"datePublished\":\"2023-04-17T07:59:17+00:00\",\"dateModified\":\"2025-09-12T13:09:15+00:00\",\"breadcrumb\":{\"@id\":\"https:\/\/www.stachristiana.at\/hort-rodaun\/unverbindliche-uebungen#breadcrumb\"},\"inLanguage\":\"de\",\"potentialAction\":[{\"@type\":\"ReadAction\",\"target\":[\"https:\/\/www.stachristiana.at\/hort-rodaun\/unverbindliche-uebungen\"]}]},{\"@type\":\"BreadcrumbList\",\"@id\":\"https:\/\/www.stachristiana.at\/hort-rodaun\/unverbindliche-uebungen#breadcrumb\",\"itemListElement\":[{\"@type\":\"ListItem\",\"position\":1,\"name\":\"Start\",\"item\":\"https:\/\/www.stachristiana.at\/\"},{\"@type\":\"ListItem\",\"position\":2,\"name\":\"Unverbindliche \u00dcbungen MS-Hort\"}]},{\"@type\":\"WebSite\",\"@id\":\"https:\/\/www.stachristiana.at\/hort-rodaun\/#website\",\"url\":\"https:\/\/www.stachristiana.at\/hort-rodaun\/\",\"name\":\"Sta. Christiana - Hort Rodaun\",\"description\":\"Sta. Christiana - Schulen zum Leben\",\"publisher\":{\"@id\":\"https:\/\/www.stachristiana.at\/hort-rodaun\/#organization\"},\"alternateName\":\"Hort Rodaun\",\"potentialAction\":[{\"@type\":\"SearchAction\",\"target\":{\"@type\":\"EntryPoint\",\"urlTemplate\":\"https:\/\/www.stachristiana.at\/hort-rodaun\/?s={search_term_string}\"},\"query-input\":{\"@type\":\"PropertyValueSpecification\",\"valueRequired\":true,\"valueName\":\"search_term_string\"}}],\"inLanguage\":\"de\"},{\"@type\":\"Organization\",\"@id\":\"https:\/\/www.stachristiana.at\/hort-rodaun\/#organization\",\"name\":\"Sta. Christiana - Hort Rodaun\",\"alternateName\":\"Hort Rodaun\",\"url\":\"https:\/\/www.stachristiana.at\/hort-rodaun\/\",\"logo\":{\"@type\":\"ImageObject\",\"inLanguage\":\"de\",\"@id\":\"https:\/\/www.stachristiana.at\/hort-rodaun\/#\/schema\/logo\/image\/\",\"url\":\"https:\/\/www.stachristiana.at\/app\/uploads\/sites\/9\/2022\/05\/logo-sta-christiana.png\",\"contentUrl\":\"https:\/\/www.stachristiana.at\/app\/uploads\/sites\/9\/2022\/05\/logo-sta-christiana.png\",\"width\":1200,\"height\":491,\"caption\":\"Sta. Christiana - Hort Rodaun\"},\"image\":{\"@id\":\"https:\/\/www.stachristiana.at\/hort-rodaun\/#\/schema\/logo\/image\/\"}}]}<\/script>\n<!-- \/ Yoast SEO plugin. -->","yoast_head_json":{"title":"Unverbindliche \u00dcbungen MS-Hort - Hort Rodaun","robots":{"index":"index","follow":"follow","max-snippet":"max-snippet:-1","max-image-preview":"max-image-preview:large","max-video-preview":"max-video-preview:-1"},"canonical":"https:\/\/www.stachristiana.at\/hort-rodaun\/unverbindliche-uebungen","og_locale":"de_DE","og_type":"article","og_title":"Unverbindliche \u00dcbungen MS-Hort - Hort Rodaun","og_description":"G\u00fcltig f\u00fcr das Schuljahr 25\/26 o Fu\u00dfball Wenn man gerne Fu\u00dfball spielt , und einmal die Woche mit Freunden im Park kicken m\u00f6chte, ist hier die perfekte Unverbindliche \u00dcbung. o Handball findet 25\/26 nicht statt Die Unverbindliche \u00dcbung &#8222;Handball&#8220; ist f\u00fcr alle Sch\u00fcler*Innen , die Begeisterung f\u00fcr den Ballsport haben. Du lernst hier sowohl die [&hellip;]","og_url":"https:\/\/www.stachristiana.at\/hort-rodaun\/unverbindliche-uebungen","og_site_name":"Hort Rodaun","article_modified_time":"2025-09-12T13:09:15+00:00","og_image":[{"width":1200,"height":491,"url":"https:\/\/www.stachristiana.at\/app\/uploads\/sites\/9\/2022\/05\/logo-sta-christiana.png","type":"image\/png"}],"twitter_card":"summary_large_image","twitter_misc":{"Gesch\u00e4tzte Lesezeit":"3\u00a0Minuten"},"schema":{"@context":"https:\/\/schema.org","@graph":[{"@type":"WebPage","@id":"https:\/\/www.stachristiana.at\/hort-rodaun\/unverbindliche-uebungen","url":"https:\/\/www.stachristiana.at\/hort-rodaun\/unverbindliche-uebungen","name":"Unverbindliche \u00dcbungen MS-Hort - Hort Rodaun","isPartOf":{"@id":"https:\/\/www.stachristiana.at\/hort-rodaun\/#website"},"datePublished":"2023-04-17T07:59:17+00:00","dateModified":"2025-09-12T13:09:15+00:00","breadcrumb":{"@id":"https:\/\/www.stachristiana.at\/hort-rodaun\/unverbindliche-uebungen#breadcrumb"},"inLanguage":"de","potentialAction":[{"@type":"ReadAction","target":["https:\/\/www.stachristiana.at\/hort-rodaun\/unverbindliche-uebungen"]}]},{"@type":"BreadcrumbList","@id":"https:\/\/www.stachristiana.at\/hort-rodaun\/unverbindliche-uebungen#breadcrumb","itemListElement":[{"@type":"ListItem","position":1,"name":"Start","item":"https:\/\/www.stachristiana.at\/"},{"@type":"ListItem","position":2,"name":"Unverbindliche \u00dcbungen MS-Hort"}]},{"@type":"WebSite","@id":"https:\/\/www.stachristiana.at\/hort-rodaun\/#website","url":"https:\/\/www.stachristiana.at\/hort-rodaun\/","name":"Sta. Christiana - Hort Rodaun","description":"Sta. Christiana - Schulen zum Leben","publisher":{"@id":"https:\/\/www.stachristiana.at\/hort-rodaun\/#organization"},"alternateName":"Hort Rodaun","potentialAction":[{"@type":"SearchAction","target":{"@type":"EntryPoint","urlTemplate":"https:\/\/www.stachristiana.at\/hort-rodaun\/?s={search_term_string}"},"query-input":{"@type":"PropertyValueSpecification","valueRequired":true,"valueName":"search_term_string"}}],"inLanguage":"de"},{"@type":"Organization","@id":"https:\/\/www.stachristiana.at\/hort-rodaun\/#organization","name":"Sta. Christiana - Hort Rodaun","alternateName":"Hort Rodaun","url":"https:\/\/www.stachristiana.at\/hort-rodaun\/","logo":{"@type":"ImageObject","inLanguage":"de","@id":"https:\/\/www.stachristiana.at\/hort-rodaun\/#\/schema\/logo\/image\/","url":"https:\/\/www.stachristiana.at\/app\/uploads\/sites\/9\/2022\/05\/logo-sta-christiana.png","contentUrl":"https:\/\/www.stachristiana.at\/app\/uploads\/sites\/9\/2022\/05\/logo-sta-christiana.png","width":1200,"height":491,"caption":"Sta. Christiana - Hort Rodaun"},"image":{"@id":"https:\/\/www.stachristiana.at\/hort-rodaun\/#\/schema\/logo\/image\/"}}]}},"_links":{"self":[{"href":"https:\/\/www.stachristiana.at\/hort-rodaun\/wp-json\/wp\/v2\/pages\/1103","targetHints":{"allow":["GET"]}}],"collection":[{"href":"https:\/\/www.stachristiana.at\/hort-rodaun\/wp-json\/wp\/v2\/pages"}],"about":[{"href":"https:\/\/www.stachristiana.at\/hort-rodaun\/wp-json\/wp\/v2\/types\/page"}],"author":[{"embeddable":true,"href":"https:\/\/www.stachristiana.at\/hort-rodaun\/wp-json\/wp\/v2\/users\/64"}],"replies":[{"embeddable":true,"href":"https:\/\/www.stachristiana.at\/hort-rodaun\/wp-json\/wp\/v2\/comments?post=1103"}],"version-history":[{"count":13,"href":"https:\/\/www.stachristiana.at\/hort-rodaun\/wp-json\/wp\/v2\/pages\/1103\/revisions"}],"predecessor-version":[{"id":2854,"href":"https:\/\/www.stachristiana.at\/hort-rodaun\/wp-json\/wp\/v2\/pages\/1103\/revisions\/2854"}],"wp:attachment":[{"href":"https:\/\/www.stachristiana.at\/hort-rodaun\/wp-json\/wp\/v2\/media?parent=1103"}],"curies":[{"name":"wp","href":"https:\/\/api.w.org\/{rel}","templated":true}]}}