{"id":925,"date":"2023-02-23T09:29:55","date_gmt":"2023-02-23T08:29:55","guid":{"rendered":"https:\/\/www.stachristiana.at\/hlw-rodaun\/?page_id=925"},"modified":"2024-06-21T14:24:00","modified_gmt":"2024-06-21T12:24:00","slug":"absolventenstimmen","status":"publish","type":"page","link":"https:\/\/www.stachristiana.at\/hlw-rodaun\/absolventenstimmen","title":{"rendered":"Absolventenstimmen"},"content":{"rendered":"\n<p>Es freut uns immer wieder, dass uns unsere Absolventinnen und Absolventen gerne besuchen und uns erz\u00e4hlen, welche Wege sie nach der Abschluss- bzw. Reifepr\u00fcfung einschlagen.<\/p>\n\n\n\n<p>Viele unsere <strong>Absolventinnen und Absolventen der 5-j\u00e4hrgen HLW mit Sozialmanagement und des 3-j\u00e4hrigen Aufbaulehrgangs<\/strong> studieren erfolgreich Wirtschaft, Informatik, Jus, Geisteswissenschaften, Medizin, Soziales, besuchen diverse Fachhochschulen oder machen Ausbildungen im Bereich Gesundheit. Andere steigen direkt ins Berufsleben ein und sammeln erste Erfahrung u.a. im Bereich Verwaltung und Buchhaltung, wo sie langfristig ins mittlere Management aufsteigen k\u00f6nnen. Insbesondere die im Schulzweig Sozialmanagement erworbene soziale Kompetenz er\u00f6ffnet ihnen erfolgreiche weitere Wege in vielen Berufsfeldern.<\/p>\n\n\n\n<p>Der Gro\u00dfteil unserer <strong>Fachschulabsolventinnen und -absolventen<\/strong> qualifizieren sich f\u00fcr unseren Aufbaulehrgang mit Medieninformatik, der mit Reifepr\u00fcfung abschlie\u00dft und ihnen den Weg an die Universit\u00e4ten und Fachhochschulen ebnet. Einige steigen auch motiviert uns Berufsleben ein. Sie arbeiten in der Verwaltung diverser Unternehmen und im Tourismus. Einige bereiten sich darauf vor den eigenen Familienbetrieb (u.a. in der Gastronomie und im Tourismus) zu \u00fcbernehmen.<\/p>\n\n\n\n<div id=\"gallery-block_e31a10535a7395c4a65a45a996cdc847\" class=\"gallery\">\n\t\t\n\t\t<a href=\"https:\/\/www.stachristiana.at\/app\/uploads\/sites\/2\/2024\/02\/20231118_095350.jpg\" class=\"gallery-item\" data-caption=\"&lt;strong&gt;20231118_095350&lt;\/strong&gt;\" data-fancybox=\"gallery-block_e31a10535a7395c4a65a45a996cdc847\" data-width=\"640\" data-height=\"296\"><img loading=\"lazy\" decoding=\"async\" width=\"400\" height=\"185\" src=\"https:\/\/www.stachristiana.at\/app\/uploads\/sites\/2\/2024\/02\/20231118_095350-400x185.jpg\" class=\"attachment-medium size-medium\" alt=\"\" srcset=\"https:\/\/www.stachristiana.at\/app\/uploads\/sites\/2\/2024\/02\/20231118_095350-400x185.jpg 400w, https:\/\/www.stachristiana.at\/app\/uploads\/sites\/2\/2024\/02\/20231118_095350-162x75.jpg 162w, https:\/\/www.stachristiana.at\/app\/uploads\/sites\/2\/2024\/02\/20231118_095350.jpg 640w\" sizes=\"auto, (max-width: 400px) 100vw, 400px\" \/><\/a>\n\n\t\t\n\t\t<a href=\"https:\/\/www.stachristiana.at\/app\/uploads\/sites\/2\/2024\/02\/20231118_111916.jpg\" class=\"gallery-item\" data-caption=\"&lt;strong&gt;20231118_111916&lt;\/strong&gt;\" data-fancybox=\"gallery-block_e31a10535a7395c4a65a45a996cdc847\" data-width=\"640\" data-height=\"296\"><img loading=\"lazy\" decoding=\"async\" width=\"400\" height=\"185\" src=\"https:\/\/www.stachristiana.at\/app\/uploads\/sites\/2\/2024\/02\/20231118_111916-400x185.jpg\" class=\"attachment-medium size-medium\" alt=\"\" srcset=\"https:\/\/www.stachristiana.at\/app\/uploads\/sites\/2\/2024\/02\/20231118_111916-400x185.jpg 400w, https:\/\/www.stachristiana.at\/app\/uploads\/sites\/2\/2024\/02\/20231118_111916-162x75.jpg 162w, https:\/\/www.stachristiana.at\/app\/uploads\/sites\/2\/2024\/02\/20231118_111916.jpg 640w\" sizes=\"auto, (max-width: 400px) 100vw, 400px\" \/><\/a>\n\n\t\t\n\t\t<a href=\"https:\/\/www.stachristiana.at\/app\/uploads\/sites\/2\/2024\/02\/20231118_112132.jpg\" class=\"gallery-item\" data-caption=\"&lt;strong&gt;20231118_112132&lt;\/strong&gt;\" data-fancybox=\"gallery-block_e31a10535a7395c4a65a45a996cdc847\" data-width=\"640\" data-height=\"296\"><img loading=\"lazy\" decoding=\"async\" width=\"400\" height=\"185\" src=\"https:\/\/www.stachristiana.at\/app\/uploads\/sites\/2\/2024\/02\/20231118_112132-400x185.jpg\" class=\"attachment-medium size-medium\" alt=\"\" srcset=\"https:\/\/www.stachristiana.at\/app\/uploads\/sites\/2\/2024\/02\/20231118_112132-400x185.jpg 400w, https:\/\/www.stachristiana.at\/app\/uploads\/sites\/2\/2024\/02\/20231118_112132-162x75.jpg 162w, https:\/\/www.stachristiana.at\/app\/uploads\/sites\/2\/2024\/02\/20231118_112132.jpg 640w\" sizes=\"auto, (max-width: 400px) 100vw, 400px\" \/><\/a>\n\n\t\t\n\t\t<a href=\"https:\/\/www.stachristiana.at\/app\/uploads\/sites\/2\/2024\/02\/20231118_113151.jpg\" class=\"gallery-item\" data-caption=\"&lt;strong&gt;20231118_113151&lt;\/strong&gt;\" data-fancybox=\"gallery-block_e31a10535a7395c4a65a45a996cdc847\" data-width=\"640\" data-height=\"296\"><img loading=\"lazy\" decoding=\"async\" width=\"400\" height=\"185\" src=\"https:\/\/www.stachristiana.at\/app\/uploads\/sites\/2\/2024\/02\/20231118_113151-400x185.jpg\" class=\"attachment-medium size-medium\" alt=\"\" srcset=\"https:\/\/www.stachristiana.at\/app\/uploads\/sites\/2\/2024\/02\/20231118_113151-400x185.jpg 400w, https:\/\/www.stachristiana.at\/app\/uploads\/sites\/2\/2024\/02\/20231118_113151-162x75.jpg 162w, https:\/\/www.stachristiana.at\/app\/uploads\/sites\/2\/2024\/02\/20231118_113151.jpg 640w\" sizes=\"auto, (max-width: 400px) 100vw, 400px\" \/><\/a>\n\n\t\t\n\t\t<a href=\"https:\/\/www.stachristiana.at\/app\/uploads\/sites\/2\/2024\/02\/20231118_113541.jpg\" class=\"gallery-item\" data-caption=\"&lt;strong&gt;20231118_113541&lt;\/strong&gt;\" data-fancybox=\"gallery-block_e31a10535a7395c4a65a45a996cdc847\" data-width=\"640\" data-height=\"296\"><img loading=\"lazy\" decoding=\"async\" width=\"400\" height=\"185\" src=\"https:\/\/www.stachristiana.at\/app\/uploads\/sites\/2\/2024\/02\/20231118_113541-400x185.jpg\" class=\"attachment-medium size-medium\" alt=\"\" srcset=\"https:\/\/www.stachristiana.at\/app\/uploads\/sites\/2\/2024\/02\/20231118_113541-400x185.jpg 400w, https:\/\/www.stachristiana.at\/app\/uploads\/sites\/2\/2024\/02\/20231118_113541-162x75.jpg 162w, https:\/\/www.stachristiana.at\/app\/uploads\/sites\/2\/2024\/02\/20231118_113541.jpg 640w\" sizes=\"auto, (max-width: 400px) 100vw, 400px\" \/><\/a>\n\n\t\t\n\t\t<a href=\"https:\/\/www.stachristiana.at\/app\/uploads\/sites\/2\/2024\/02\/20231118_115424.jpg\" class=\"gallery-item\" data-caption=\"&lt;strong&gt;20231118_115424&lt;\/strong&gt;\" data-fancybox=\"gallery-block_e31a10535a7395c4a65a45a996cdc847\" data-width=\"640\" data-height=\"296\"><img loading=\"lazy\" decoding=\"async\" width=\"400\" height=\"185\" src=\"https:\/\/www.stachristiana.at\/app\/uploads\/sites\/2\/2024\/02\/20231118_115424-400x185.jpg\" class=\"attachment-medium size-medium\" alt=\"\" srcset=\"https:\/\/www.stachristiana.at\/app\/uploads\/sites\/2\/2024\/02\/20231118_115424-400x185.jpg 400w, https:\/\/www.stachristiana.at\/app\/uploads\/sites\/2\/2024\/02\/20231118_115424-162x75.jpg 162w, https:\/\/www.stachristiana.at\/app\/uploads\/sites\/2\/2024\/02\/20231118_115424.jpg 640w\" sizes=\"auto, (max-width: 400px) 100vw, 400px\" \/><\/a>\n\n\t\t\n\t\t<a href=\"https:\/\/www.stachristiana.at\/app\/uploads\/sites\/2\/2024\/02\/20231118_115711.jpg\" class=\"gallery-item\" data-caption=\"&lt;strong&gt;20231118_115711&lt;\/strong&gt;\" data-fancybox=\"gallery-block_e31a10535a7395c4a65a45a996cdc847\" data-width=\"640\" data-height=\"296\"><img loading=\"lazy\" decoding=\"async\" width=\"400\" height=\"185\" src=\"https:\/\/www.stachristiana.at\/app\/uploads\/sites\/2\/2024\/02\/20231118_115711-400x185.jpg\" class=\"attachment-medium size-medium\" alt=\"\" srcset=\"https:\/\/www.stachristiana.at\/app\/uploads\/sites\/2\/2024\/02\/20231118_115711-400x185.jpg 400w, https:\/\/www.stachristiana.at\/app\/uploads\/sites\/2\/2024\/02\/20231118_115711-162x75.jpg 162w, https:\/\/www.stachristiana.at\/app\/uploads\/sites\/2\/2024\/02\/20231118_115711.jpg 640w\" sizes=\"auto, (max-width: 400px) 100vw, 400px\" \/><\/a>\n\n\t\t\n\t\t<a href=\"https:\/\/www.stachristiana.at\/app\/uploads\/sites\/2\/2024\/02\/20231118_121449.jpg\" class=\"gallery-item\" data-caption=\"&lt;strong&gt;20231118_121449&lt;\/strong&gt;\" data-fancybox=\"gallery-block_e31a10535a7395c4a65a45a996cdc847\" data-width=\"640\" data-height=\"296\"><img loading=\"lazy\" decoding=\"async\" width=\"400\" height=\"185\" src=\"https:\/\/www.stachristiana.at\/app\/uploads\/sites\/2\/2024\/02\/20231118_121449-400x185.jpg\" class=\"attachment-medium size-medium\" alt=\"\" srcset=\"https:\/\/www.stachristiana.at\/app\/uploads\/sites\/2\/2024\/02\/20231118_121449-400x185.jpg 400w, https:\/\/www.stachristiana.at\/app\/uploads\/sites\/2\/2024\/02\/20231118_121449-162x75.jpg 162w, https:\/\/www.stachristiana.at\/app\/uploads\/sites\/2\/2024\/02\/20231118_121449.jpg 640w\" sizes=\"auto, (max-width: 400px) 100vw, 400px\" \/><\/a>\n\n\t\t\n\t\t<a href=\"https:\/\/www.stachristiana.at\/app\/uploads\/sites\/2\/2024\/02\/20231118_122142.jpg\" class=\"gallery-item\" data-caption=\"&lt;strong&gt;20231118_122142&lt;\/strong&gt;\" data-fancybox=\"gallery-block_e31a10535a7395c4a65a45a996cdc847\" data-width=\"640\" data-height=\"296\"><img loading=\"lazy\" decoding=\"async\" width=\"400\" height=\"185\" src=\"https:\/\/www.stachristiana.at\/app\/uploads\/sites\/2\/2024\/02\/20231118_122142-400x185.jpg\" class=\"attachment-medium size-medium\" alt=\"\" srcset=\"https:\/\/www.stachristiana.at\/app\/uploads\/sites\/2\/2024\/02\/20231118_122142-400x185.jpg 400w, https:\/\/www.stachristiana.at\/app\/uploads\/sites\/2\/2024\/02\/20231118_122142-162x75.jpg 162w, https:\/\/www.stachristiana.at\/app\/uploads\/sites\/2\/2024\/02\/20231118_122142.jpg 640w\" sizes=\"auto, (max-width: 400px) 100vw, 400px\" \/><\/a>\n\n\t\t\n\t\t<a href=\"https:\/\/www.stachristiana.at\/app\/uploads\/sites\/2\/2024\/02\/20231118_123431.jpg\" class=\"gallery-item\" data-caption=\"&lt;strong&gt;20231118_123431&lt;\/strong&gt;\" data-fancybox=\"gallery-block_e31a10535a7395c4a65a45a996cdc847\" data-width=\"640\" data-height=\"296\"><img loading=\"lazy\" decoding=\"async\" width=\"400\" height=\"185\" src=\"https:\/\/www.stachristiana.at\/app\/uploads\/sites\/2\/2024\/02\/20231118_123431-400x185.jpg\" class=\"attachment-medium size-medium\" alt=\"\" srcset=\"https:\/\/www.stachristiana.at\/app\/uploads\/sites\/2\/2024\/02\/20231118_123431-400x185.jpg 400w, https:\/\/www.stachristiana.at\/app\/uploads\/sites\/2\/2024\/02\/20231118_123431-162x75.jpg 162w, https:\/\/www.stachristiana.at\/app\/uploads\/sites\/2\/2024\/02\/20231118_123431.jpg 640w\" sizes=\"auto, (max-width: 400px) 100vw, 400px\" \/><\/a>\n\n\t<\/div>\n\n\n\n\n<p><strong>Sara Grill, Matura 2023, Flugbegleiterin bei Austrian Airlines<\/strong><\/p>\n\n\n\n<p>Ich denke gerne an die Zeit an der Schule HLW23 \/ Sta. Christiana zur\u00fcck. Ich bin \u00e4u\u00dferst gl\u00fccklich dar\u00fcber, dass ich nach drei Jahren an einer anderen Schule in den Aufbaulehrgang Sta Christiana gewechselt habe, denn ich habe nicht nur tolle neue Freundschaften geschlossen, sondern auch das kollegiale und wertsch\u00e4tzende Schulklima genossen. Die Lehrer waren immer f\u00fcr uns da. Auch der abwechslungsreiche Unterricht in den verschiedensten F\u00e4chern war super toll.<\/p>\n\n\n\n<p>W\u00e4hrend meiner gesamten schulischen Ausbildung an der HLW23 habe ich sehr viel praktisches und theoretisches Wissen in den Bereichen Gastronomie, Marketing, Tourismus und Informatik gesammelt und bin jetzt als erfolgreiche Flugbegleiterin sehr zufrieden mit all den Erfahrungen in den verschiedensten Bereichen, denn durch diese Vielfalt konnte ich mir viele Kompetenzen aneignen und nun davon profitieren.<\/p>\n\n\n\n<p>Ich m\u00f6chte mich im Nachhinein noch einmal herzlich bedanken f\u00fcr die sch\u00f6ne Zeit und die herzliche Zusammenarbeit mit all den beteiligten Menschen.<\/p>\n\n\n\n<p><strong>Angela (Maturajahrgang 2022\/23, Sportwissenschaftsstudentin an der Universit\u00e4t Wien)<\/strong><\/p>\n\n\n\n<p>&#8222;Es war eine meiner besten Entscheidungen auf diese Schule zu gehen. Ich habe viele Kontakte gekn\u00fcpft und eine Freundin f\u00fcrs Leben gefunden. Au\u00dferdem hat die Schule auch meine Pers\u00f6nlichkeitsentwicklung gef\u00f6rdert und mein Selbstbewusstsein gest\u00e4rkt. Ich bin stolz, dass meine anf\u00e4ngliche Angst vor Pr\u00e4sentationen verschwunden ist und ich mit einem souver\u00e4nen Sehr gut bei der m\u00fcndlichen Matura brillieren konnte. Ich denke noch sehr oft mit Freude an meine Schulzeit an der Sta. Christiana zur\u00fcck.&#8220;<\/p>\n\n\n\n<p><strong>Mesut Onay, ehemaliger Schulsprecher und heute erfolgreicher <\/strong><strong>Immobilienberater bei PlanetHome Immobilien Austria GmbH:<\/strong><\/p>\n\n\n\n<p>\u201eIch habe die 3-j\u00e4hrige Fachschule f\u00fcr wirtschaftliche Berufe bereits im Jahr 2016 erfolgreich abgeschlossen. In meinen drei Jahren an der Fachschule Sta. Christiana in Rodaun hatte ich stets eine erfahrene Schulleitung sowie kompetente FachlehrerInnen an der Seite, die nur ein Ziel vor den Augen hatten: den Erfolg ihrer Sch\u00fclerinnen und Sch\u00fcler.<\/p>\n\n\n\n<p>Zu dem Zeitpunkt, wo ich beschlossen habe, ein Sch\u00fcler dieser Schule zu werden, haben sich meine Eltern Sorgen um meine Zukunft gemacht. Nun habe ich nach dem erfolgreichen Fachschulabschluss die Matura mit gutem Erfolg bestanden und bin seit ca. 4. Jahren in einem der erfolgreichsten Immobilienunternehmen \u00d6sterreichs t\u00e4tig.<\/p>\n\n\n\n<p>\u00dcber meine Schulzeit kann ich folgendes an die n\u00e4chste Generation mitgeben: Stets Interesse zeigen und immer aufgeschlossen an Aufgaben und Herausforderungen herangehen.<\/p>\n\n\n\n<p>Ich hatte an der Schule stets das Gef\u00fchl, dass ich von einem ausgezeichneten Lehrerteam begleitet wurden. Auch heute zieht es mich immer wieder in diese Lehranstalt und ich freue mich, meine ehemaligen LehrerInnen zu sehen.<\/p>\n\n\n\n<p>Ich bin mehr als gl\u00fccklich und froh dar\u00fcber, diese Schule besucht und erfolgreich abgeschlossen zu haben, denn der Ruf und die Bildung, die man in dieser Bildungseinrichtung erh\u00e4lt bereichern jeden Abschnitt meines Lebens.\u201c<\/p>\n","protected":false},"excerpt":{"rendered":"<p>Es freut uns immer wieder, dass uns unsere Absolventinnen und Absolventen gerne besuchen und uns erz\u00e4hlen, welche Wege sie nach der Abschluss- bzw. Reifepr\u00fcfung einschlagen. Viele unsere Absolventinnen und Absolventen der 5-j\u00e4hrgen HLW mit Sozialmanagement und des 3-j\u00e4hrigen Aufbaulehrgangs studieren erfolgreich Wirtschaft, Informatik, Jus, Geisteswissenschaften, Medizin, Soziales, besuchen diverse Fachhochschulen oder machen Ausbildungen im Bereich [&hellip;]<\/p>\n","protected":false},"author":17,"featured_media":0,"parent":0,"menu_order":0,"comment_status":"closed","ping_status":"closed","template":"","meta":{"footnotes":""},"class_list":["post-925","page","type-page","status-publish","hentry"],"acf":[],"yoast_head":"<!-- This site is optimized with the Yoast SEO plugin v26.8 - https:\/\/yoast.com\/product\/yoast-seo-wordpress\/ -->\n<title>Absolventenstimmen - HLW Rodaun<\/title>\n<meta name=\"robots\" content=\"index, follow, max-snippet:-1, max-image-preview:large, max-video-preview:-1\" \/>\n<link rel=\"canonical\" href=\"https:\/\/www.stachristiana.at\/hlw-rodaun\/absolventenstimmen\" \/>\n<meta property=\"og:locale\" content=\"de_DE\" \/>\n<meta property=\"og:type\" content=\"article\" \/>\n<meta property=\"og:title\" content=\"Absolventenstimmen - HLW Rodaun\" \/>\n<meta property=\"og:description\" content=\"Es freut uns immer wieder, dass uns unsere Absolventinnen und Absolventen gerne besuchen und uns erz\u00e4hlen, welche Wege sie nach der Abschluss- bzw. Reifepr\u00fcfung einschlagen. Viele unsere Absolventinnen und Absolventen der 5-j\u00e4hrgen HLW mit Sozialmanagement und des 3-j\u00e4hrigen Aufbaulehrgangs studieren erfolgreich Wirtschaft, Informatik, Jus, Geisteswissenschaften, Medizin, Soziales, besuchen diverse Fachhochschulen oder machen Ausbildungen im Bereich [&hellip;]\" \/>\n<meta property=\"og:url\" content=\"https:\/\/www.stachristiana.at\/hlw-rodaun\/absolventenstimmen\" \/>\n<meta property=\"og:site_name\" content=\"HLW Rodaun\" \/>\n<meta property=\"article:modified_time\" content=\"2024-06-21T12:24:00+00:00\" \/>\n<meta property=\"og:image\" content=\"https:\/\/www.stachristiana.at\/app\/uploads\/sites\/2\/2022\/05\/logo-sta-christiana.png\" \/>\n\t<meta property=\"og:image:width\" content=\"1200\" \/>\n\t<meta property=\"og:image:height\" content=\"491\" \/>\n\t<meta property=\"og:image:type\" content=\"image\/png\" \/>\n<meta name=\"twitter:card\" content=\"summary_large_image\" \/>\n<meta name=\"twitter:label1\" content=\"Gesch\u00e4tzte Lesezeit\" \/>\n\t<meta name=\"twitter:data1\" content=\"4\u00a0Minuten\" \/>\n<script type=\"application\/ld+json\" class=\"yoast-schema-graph\">{\"@context\":\"https:\/\/schema.org\",\"@graph\":[{\"@type\":\"WebPage\",\"@id\":\"https:\/\/www.stachristiana.at\/hlw-rodaun\/absolventenstimmen\",\"url\":\"https:\/\/www.stachristiana.at\/hlw-rodaun\/absolventenstimmen\",\"name\":\"Absolventenstimmen - HLW Rodaun\",\"isPartOf\":{\"@id\":\"https:\/\/www.stachristiana.at\/hlw-rodaun\/#website\"},\"datePublished\":\"2023-02-23T08:29:55+00:00\",\"dateModified\":\"2024-06-21T12:24:00+00:00\",\"breadcrumb\":{\"@id\":\"https:\/\/www.stachristiana.at\/hlw-rodaun\/absolventenstimmen#breadcrumb\"},\"inLanguage\":\"de\",\"potentialAction\":[{\"@type\":\"ReadAction\",\"target\":[\"https:\/\/www.stachristiana.at\/hlw-rodaun\/absolventenstimmen\"]}]},{\"@type\":\"BreadcrumbList\",\"@id\":\"https:\/\/www.stachristiana.at\/hlw-rodaun\/absolventenstimmen#breadcrumb\",\"itemListElement\":[{\"@type\":\"ListItem\",\"position\":1,\"name\":\"Start\",\"item\":\"https:\/\/www.stachristiana.at\/\"},{\"@type\":\"ListItem\",\"position\":2,\"name\":\"Absolventenstimmen\"}]},{\"@type\":\"WebSite\",\"@id\":\"https:\/\/www.stachristiana.at\/hlw-rodaun\/#website\",\"url\":\"https:\/\/www.stachristiana.at\/hlw-rodaun\/\",\"name\":\"Sta. Christiana - HLW Rodaun\",\"description\":\"H\u00f6here Lehranstalt, Fachschule und Aufbaulehrgang f\u00fcr wirtschaftliche Berufe\",\"publisher\":{\"@id\":\"https:\/\/www.stachristiana.at\/hlw-rodaun\/#organization\"},\"alternateName\":\"Sta. Christiana\",\"potentialAction\":[{\"@type\":\"SearchAction\",\"target\":{\"@type\":\"EntryPoint\",\"urlTemplate\":\"https:\/\/www.stachristiana.at\/hlw-rodaun\/?s={search_term_string}\"},\"query-input\":{\"@type\":\"PropertyValueSpecification\",\"valueRequired\":true,\"valueName\":\"search_term_string\"}}],\"inLanguage\":\"de\"},{\"@type\":\"Organization\",\"@id\":\"https:\/\/www.stachristiana.at\/hlw-rodaun\/#organization\",\"name\":\"Sta. Christiana - Schulen zum Leben\",\"alternateName\":\"Sta. Christiana\",\"url\":\"https:\/\/www.stachristiana.at\/hlw-rodaun\/\",\"logo\":{\"@type\":\"ImageObject\",\"inLanguage\":\"de\",\"@id\":\"https:\/\/www.stachristiana.at\/hlw-rodaun\/#\/schema\/logo\/image\/\",\"url\":\"https:\/\/www.stachristiana.at\/app\/uploads\/sites\/2\/2022\/05\/logo-sta-christiana.png\",\"contentUrl\":\"https:\/\/www.stachristiana.at\/app\/uploads\/sites\/2\/2022\/05\/logo-sta-christiana.png\",\"width\":1200,\"height\":491,\"caption\":\"Sta. Christiana - Schulen zum Leben\"},\"image\":{\"@id\":\"https:\/\/www.stachristiana.at\/hlw-rodaun\/#\/schema\/logo\/image\/\"}}]}<\/script>\n<!-- \/ Yoast SEO plugin. -->","yoast_head_json":{"title":"Absolventenstimmen - HLW Rodaun","robots":{"index":"index","follow":"follow","max-snippet":"max-snippet:-1","max-image-preview":"max-image-preview:large","max-video-preview":"max-video-preview:-1"},"canonical":"https:\/\/www.stachristiana.at\/hlw-rodaun\/absolventenstimmen","og_locale":"de_DE","og_type":"article","og_title":"Absolventenstimmen - HLW Rodaun","og_description":"Es freut uns immer wieder, dass uns unsere Absolventinnen und Absolventen gerne besuchen und uns erz\u00e4hlen, welche Wege sie nach der Abschluss- bzw. Reifepr\u00fcfung einschlagen. Viele unsere Absolventinnen und Absolventen der 5-j\u00e4hrgen HLW mit Sozialmanagement und des 3-j\u00e4hrigen Aufbaulehrgangs studieren erfolgreich Wirtschaft, Informatik, Jus, Geisteswissenschaften, Medizin, Soziales, besuchen diverse Fachhochschulen oder machen Ausbildungen im Bereich [&hellip;]","og_url":"https:\/\/www.stachristiana.at\/hlw-rodaun\/absolventenstimmen","og_site_name":"HLW Rodaun","article_modified_time":"2024-06-21T12:24:00+00:00","og_image":[{"width":1200,"height":491,"url":"https:\/\/www.stachristiana.at\/app\/uploads\/sites\/2\/2022\/05\/logo-sta-christiana.png","type":"image\/png"}],"twitter_card":"summary_large_image","twitter_misc":{"Gesch\u00e4tzte Lesezeit":"4\u00a0Minuten"},"schema":{"@context":"https:\/\/schema.org","@graph":[{"@type":"WebPage","@id":"https:\/\/www.stachristiana.at\/hlw-rodaun\/absolventenstimmen","url":"https:\/\/www.stachristiana.at\/hlw-rodaun\/absolventenstimmen","name":"Absolventenstimmen - HLW Rodaun","isPartOf":{"@id":"https:\/\/www.stachristiana.at\/hlw-rodaun\/#website"},"datePublished":"2023-02-23T08:29:55+00:00","dateModified":"2024-06-21T12:24:00+00:00","breadcrumb":{"@id":"https:\/\/www.stachristiana.at\/hlw-rodaun\/absolventenstimmen#breadcrumb"},"inLanguage":"de","potentialAction":[{"@type":"ReadAction","target":["https:\/\/www.stachristiana.at\/hlw-rodaun\/absolventenstimmen"]}]},{"@type":"BreadcrumbList","@id":"https:\/\/www.stachristiana.at\/hlw-rodaun\/absolventenstimmen#breadcrumb","itemListElement":[{"@type":"ListItem","position":1,"name":"Start","item":"https:\/\/www.stachristiana.at\/"},{"@type":"ListItem","position":2,"name":"Absolventenstimmen"}]},{"@type":"WebSite","@id":"https:\/\/www.stachristiana.at\/hlw-rodaun\/#website","url":"https:\/\/www.stachristiana.at\/hlw-rodaun\/","name":"Sta. Christiana - HLW Rodaun","description":"H\u00f6here Lehranstalt, Fachschule und Aufbaulehrgang f\u00fcr wirtschaftliche Berufe","publisher":{"@id":"https:\/\/www.stachristiana.at\/hlw-rodaun\/#organization"},"alternateName":"Sta. Christiana","potentialAction":[{"@type":"SearchAction","target":{"@type":"EntryPoint","urlTemplate":"https:\/\/www.stachristiana.at\/hlw-rodaun\/?s={search_term_string}"},"query-input":{"@type":"PropertyValueSpecification","valueRequired":true,"valueName":"search_term_string"}}],"inLanguage":"de"},{"@type":"Organization","@id":"https:\/\/www.stachristiana.at\/hlw-rodaun\/#organization","name":"Sta. Christiana - Schulen zum Leben","alternateName":"Sta. Christiana","url":"https:\/\/www.stachristiana.at\/hlw-rodaun\/","logo":{"@type":"ImageObject","inLanguage":"de","@id":"https:\/\/www.stachristiana.at\/hlw-rodaun\/#\/schema\/logo\/image\/","url":"https:\/\/www.stachristiana.at\/app\/uploads\/sites\/2\/2022\/05\/logo-sta-christiana.png","contentUrl":"https:\/\/www.stachristiana.at\/app\/uploads\/sites\/2\/2022\/05\/logo-sta-christiana.png","width":1200,"height":491,"caption":"Sta. Christiana - Schulen zum Leben"},"image":{"@id":"https:\/\/www.stachristiana.at\/hlw-rodaun\/#\/schema\/logo\/image\/"}}]}},"_links":{"self":[{"href":"https:\/\/www.stachristiana.at\/hlw-rodaun\/wp-json\/wp\/v2\/pages\/925","targetHints":{"allow":["GET"]}}],"collection":[{"href":"https:\/\/www.stachristiana.at\/hlw-rodaun\/wp-json\/wp\/v2\/pages"}],"about":[{"href":"https:\/\/www.stachristiana.at\/hlw-rodaun\/wp-json\/wp\/v2\/types\/page"}],"author":[{"embeddable":true,"href":"https:\/\/www.stachristiana.at\/hlw-rodaun\/wp-json\/wp\/v2\/users\/17"}],"replies":[{"embeddable":true,"href":"https:\/\/www.stachristiana.at\/hlw-rodaun\/wp-json\/wp\/v2\/comments?post=925"}],"version-history":[{"count":5,"href":"https:\/\/www.stachristiana.at\/hlw-rodaun\/wp-json\/wp\/v2\/pages\/925\/revisions"}],"predecessor-version":[{"id":1487,"href":"https:\/\/www.stachristiana.at\/hlw-rodaun\/wp-json\/wp\/v2\/pages\/925\/revisions\/1487"}],"wp:attachment":[{"href":"https:\/\/www.stachristiana.at\/hlw-rodaun\/wp-json\/wp\/v2\/media?parent=925"}],"curies":[{"name":"wp","href":"https:\/\/api.w.org\/{rel}","templated":true}]}}