{"id":823,"date":"2023-02-02T17:48:06","date_gmt":"2023-02-02T16:48:06","guid":{"rendered":"http:\/\/www.sanctachristiana.at\/hlw-rodaun\/?page_id=823"},"modified":"2026-04-10T09:31:00","modified_gmt":"2026-04-10T07:31:00","slug":"download","status":"publish","type":"page","link":"https:\/\/www.stachristiana.at\/hlw-rodaun\/download","title":{"rendered":"Download"},"content":{"rendered":"\n<div style=\"height:34px\" aria-hidden=\"true\" class=\"wp-block-spacer\"><\/div>\n\n\n\n<h2 class=\"wp-block-heading\">Allgemein<\/h2>\n\n\n\n<div id=\"linklist-block_c123a871ae68066dbacc5970a83d47bf\" class=\"linklist\">\n\t\t\n\t\t<a href=\"https:\/\/www.stachristiana.at\/app\/uploads\/sites\/2\/2023\/09\/Fernbleiben-vom-Unterricht.pdf\" target=\"_blank\" class=\"linklist-item linklist-item-hellblau\">\n\t\t\tFernbleiben vom Unterricht\t\t<\/a>\n\n\t\t\n\t\t<a href=\"https:\/\/www.stachristiana.at\/app\/uploads\/sites\/2\/2025\/05\/Hausordnung-Stand-April-2025.pdf\" target=\"_blank\" class=\"linklist-item linklist-item-hellblau\">\n\t\t\tHausordnung\t\t<\/a>\n\n\t\t\n\t\t<a href=\"https:\/\/www.stachristiana.at\/app\/uploads\/sites\/2\/2023\/09\/Anmeldeformular_SJ2024-25.pdf\" target=\"_blank\" class=\"linklist-item linklist-item-hellblau\">\n\t\t\tAnmeldeformular\t\t<\/a>\n\n\t\t\n\t\t<a href=\"https:\/\/www.stachristiana.at\/app\/uploads\/sites\/2\/2023\/11\/Blackout_Elterninformation.pdf\" target=\"_blank\" class=\"linklist-item linklist-item-hellblau\">\n\t\t\tVerhalten bei gro\u00dffl\u00e4chigem Blackout &#8211; Elterninformation\t\t<\/a>\n\n\t<\/div>\n\n\n\n<div style=\"height:55px\" aria-hidden=\"true\" class=\"wp-block-spacer\"><\/div>\n\n\n\n<h2 class=\"wp-block-heading\">Formulare f\u00fcr LehrerInnen<\/h2>\n\n\n\n<p>Formulare der Bildungsdirektion direkt unter&nbsp;<a href=\"https:\/\/bi.bildung-wien.gv.at\/formulare\/formulare.php\" target=\"_blank\" rel=\"noreferrer noopener\">https:\/\/bi.bildung-wien.gv.at\/formulare\/formulare.php<\/a><\/p>\n\n\n\n<div id=\"linklist-block_9a336fe86eaf0d9a871b8d19cdf8b020\" class=\"linklist\">\n\t\t\n\t\t<a href=\"https:\/\/www.stachristiana.at\/app\/uploads\/sites\/2\/2023\/02\/SchulveranstaltungFormular.doc\" target=\"_blank\" class=\"linklist-item linklist-item-hellblau\">\n\t\t\tSchulveranstaltung\t\t<\/a>\n\n\t\t\n\t\t<a href=\"https:\/\/www.stachristiana.at\/app\/uploads\/sites\/2\/2023\/02\/SchulveranstaltungFormular_mehrtaegig.doc\" target=\"_blank\" class=\"linklist-item linklist-item-hellblau\">\n\t\t\tMehrt\u00e4gige Schulveranstaltung\t\t<\/a>\n\n\t\t\n\t\t<a href=\"https:\/\/www.stachristiana.at\/app\/uploads\/sites\/2\/2026\/04\/Veranstaltungen_Formular.pdf\" target=\"_blank\" class=\"linklist-item linklist-item-hellblau\">\n\t\t\tVeranstaltungsblatt Verwaltung\t\t<\/a>\n\n\t\t\n\t\t<a href=\"https:\/\/www.stachristiana.at\/app\/uploads\/sites\/2\/2026\/04\/Veranstaltungsblatt_Fachpraxis.docx\" target=\"_blank\" class=\"linklist-item linklist-item-hellblau\">\n\t\t\tVeranstaltungsblatt Fachpraxis\t\t<\/a>\n\n\t\t\n\t\t<a href=\"https:\/\/www.stachristiana.at\/app\/uploads\/sites\/2\/2023\/06\/Schulveranstaltung_neu.doc\" target=\"_blank\" class=\"linklist-item linklist-item-hellblau\">\n\t\t\tAbrechnung mehrt\u00e4gige Schulveranstaltung\t\t<\/a>\n\n\t\t\n\t\t<a href=\"https:\/\/www.stachristiana.at\/app\/uploads\/sites\/2\/2023\/09\/Dienstreiseauftrag.pdf\" target=\"_blank\" class=\"linklist-item linklist-item-hellblau\">\n\t\t\tDienstreiseauftrag\t\t<\/a>\n\n\t\t\n\t\t<a href=\"https:\/\/www.stachristiana.at\/app\/uploads\/sites\/2\/2023\/02\/Prfungsprotokoll.doc\" target=\"_blank\" class=\"linklist-item linklist-item-hellblau\">\n\t\t\tPr\u00fcfungsprotokoll\t\t<\/a>\n\n\t\t\n\t\t<a href=\"https:\/\/www.stachristiana.at\/app\/uploads\/sites\/2\/2023\/02\/FrderkursAntragAbhaltung.doc\" target=\"_blank\" class=\"linklist-item linklist-item-hellblau\">\n\t\t\tF\u00f6rderkurs Antrag\t\t<\/a>\n\n\t\t\n\t\t<a href=\"https:\/\/www.stachristiana.at\/app\/uploads\/sites\/2\/2023\/02\/FrderkursBericht.doc\" target=\"_blank\" class=\"linklist-item linklist-item-hellblau\">\n\t\t\tF\u00f6rderkurs Bericht\t\t<\/a>\n\n\t\t\n\t\t<a href=\"https:\/\/www.stachristiana.at\/app\/uploads\/sites\/2\/2023\/02\/GesprchsleitfadenBeratungsgesprch.pdf\" target=\"_blank\" class=\"linklist-item linklist-item-hellblau\">\n\t\t\tGespr\u00e4chsleitfaden Beratungsgespr\u00e4ch\t\t<\/a>\n\n\t\t\n\t\t<a href=\"https:\/\/www.stachristiana.at\/app\/uploads\/sites\/2\/2023\/02\/Vorbereitungsstunden_Abrechnung.docx\" target=\"_blank\" class=\"linklist-item linklist-item-hellblau\">\n\t\t\tVorbereitungsstunden Abrechung\t\t<\/a>\n\n\t\t\n\t\t<a href=\"https:\/\/www.stachristiana.at\/app\/uploads\/sites\/2\/2024\/09\/Unfallmeldung_ausfuellbares_Formular_bvaeb.pdf\" target=\"_blank\" class=\"linklist-item linklist-item-hellblau\">\n\t\t\tUnfallmeldung\t\t<\/a>\n\n\t<\/div>\n\n\n\n<div style=\"height:55px\" aria-hidden=\"true\" class=\"wp-block-spacer\"><\/div>\n\n\n\n<h2 class=\"wp-block-heading\">Formulare f\u00fcr Sch\u00fclerInnen<\/h2>\n\n\n\n<div id=\"linklist-block_2f892c425341242fc77bf25a78b3f34a\" class=\"linklist\">\n\t\t\n\t\t<a href=\"https:\/\/www.stachristiana.at\/app\/uploads\/sites\/2\/2023\/02\/Anmeldeformular_Semesterpruefung.pdf\" target=\"_blank\" class=\"linklist-item linklist-item-hellblau\">\n\t\t\tAnmeldung zur Semesterpr\u00fcfung\t\t<\/a>\n\n\t\t\n\t\t<a href=\"https:\/\/www.stachristiana.at\/app\/uploads\/sites\/2\/2023\/02\/AnmeldungNebentermin.docx\" target=\"_blank\" class=\"linklist-item linklist-item-hellblau\">\n\t\t\tAnmeldung zum Nebentermin der Reife- oder Abschlusspr\u00fcfung\t\t<\/a>\n\n\t\t\n\t\t<a href=\"https:\/\/www.stachristiana.at\/app\/uploads\/sites\/2\/2023\/02\/Beantragung-einer-Kompensationspruefung.docx\" target=\"_blank\" class=\"linklist-item linklist-item-hellblau\">\n\t\t\tAnmeldung Kompensationspr\u00fcfung\t\t<\/a>\n\n\t\t\n\t\t<a href=\"https:\/\/www.stachristiana.at\/app\/uploads\/sites\/2\/2023\/02\/Formular_ILB.docx\" target=\"_blank\" class=\"linklist-item linklist-item-hellblau\">\n\t\t\tAnmeldung zur ILB\t\t<\/a>\n\n\t\t\n\t\t<a href=\"https:\/\/www.stachristiana.at\/app\/uploads\/sites\/2\/2023\/02\/Ordnung_fuer_digitale_Endgeraete.pdf\" target=\"_blank\" class=\"linklist-item linklist-item-hellblau\">\n\t\t\tOrdnung digitale Endger\u00e4te\t\t<\/a>\n\n\t\t\n\t\t<a href=\"https:\/\/www.stachristiana.at\/app\/uploads\/sites\/2\/2025\/09\/Einwilligung-Auskunftsrecht.pdf\" target=\"_blank\" class=\"linklist-item linklist-item-hellblau\">\n\t\t\tEinverst\u00e4ndniserkl\u00e4rung Information Erziehungsberechtigte\t\t<\/a>\n\n\t\t\n\t\t<a href=\"https:\/\/www.stachristiana.at\/app\/uploads\/sites\/2\/2023\/11\/Formular-1-Freistellung-vom-Unterricht.pdf\" target=\"_blank\" class=\"linklist-item linklist-item-hellblau\">\n\t\t\tAnsuchen um Freistellung vom Unterricht (bis zu einer Woche)\t\t<\/a>\n\n\t\t\n\t\t<a href=\"https:\/\/www.stachristiana.at\/app\/uploads\/sites\/2\/2023\/11\/Formular-2-Freistellung-vom-Unterricht.pdf\" target=\"_blank\" class=\"linklist-item linklist-item-hellblau\">\n\t\t\tAnsuchen um Freistellung vom Unterricht (\u00fcber einer Woche)\t\t<\/a>\n\n\t\t\n\t\t<a href=\"https:\/\/www.stachristiana.at\/app\/uploads\/sites\/2\/2023\/11\/Richtlinien-Freistellung-vom-Unterricht.pdf\" target=\"_blank\" class=\"linklist-item linklist-item-hellblau\">\n\t\t\tRichtlinien Freistellung vom Unterricht\t\t<\/a>\n\n\t\t\n\t\t<a href=\"about:blank#no-link\" target=\"_blank\" class=\"linklist-item linklist-item-hellblau\">\n\t\t\t\t\t<\/a>\n\n\t<\/div>\n\n\n\n<div style=\"height:55px\" aria-hidden=\"true\" class=\"wp-block-spacer\"><\/div>\n\n\n\n<h2 class=\"wp-block-heading\">Reife- und Diplompr\u00fcfung \/ Abschlusspr\u00fcfung<\/h2>\n\n\n\n<div id=\"linklist-block_2bbbd98b2d753d0315f861b8543ca2d2\" class=\"linklist\">\n\t\t\n\t\t<a href=\"https:\/\/www.stachristiana.at\/app\/uploads\/sites\/2\/2025\/10\/Themenbereiche_HLW.pdf\" target=\"_blank\" class=\"linklist-item linklist-item-hellblau\">\n\t\t\tThemenbereiche Reifepr\u00fcfung HLW\t\t<\/a>\n\n\t\t\n\t\t<a href=\"https:\/\/www.stachristiana.at\/app\/uploads\/sites\/2\/2023\/04\/Themenbereiche_AUL.pdf\" target=\"_blank\" class=\"linklist-item linklist-item-hellblau\">\n\t\t\tThemenbereiche Reifepr\u00fcfung AUL\t\t<\/a>\n\n\t\t\n\t\t<a href=\"https:\/\/www.stachristiana.at\/app\/uploads\/sites\/2\/2023\/04\/Themenbereiche_Fachschule.pdf\" target=\"_blank\" class=\"linklist-item linklist-item-hellblau\">\n\t\t\tThemenbereiche Abschlusspr\u00fcfung FW\t\t<\/a>\n\n\t\t\n\t\t<a href=\"https:\/\/www.stachristiana.at\/app\/uploads\/sites\/2\/2023\/02\/Vorlage_FragenReifepruefung_leer.docx\" target=\"_blank\" class=\"linklist-item linklist-item-hellblau\">\n\t\t\tVorlage Frage Reifepr\u00fcfung\t\t<\/a>\n\n\t\t\n\t\t<a href=\"https:\/\/www.stachristiana.at\/app\/uploads\/sites\/2\/2023\/02\/Vorlage_Abschlusspruefung_leer.docx\" target=\"_blank\" class=\"linklist-item linklist-item-hellblau\">\n\t\t\tVorlage Frage Abschlusspr\u00fcfung\t\t<\/a>\n\n\t<\/div>\n\n\n\n<div style=\"height:55px\" aria-hidden=\"true\" class=\"wp-block-spacer\"><\/div>\n\n\n\n<h2 class=\"wp-block-heading\">Diplom- und Abschlussarbeit<\/h2>\n\n\n\n<div id=\"linklist-block_58cdec0ca2bf0aa1b7d635e9935a3cf4\" class=\"linklist\">\n\t\t\n\t\t<a href=\"https:\/\/www.stachristiana.at\/app\/uploads\/sites\/2\/2023\/09\/Betreuung-DA_AA.pdf\" target=\"_blank\" class=\"linklist-item linklist-item-hellblau\">\n\t\t\tBetreuer Diplomarbeit\/Abschlussarbeit\t\t<\/a>\n\n\t\t\n\t\t<a href=\"https:\/\/www.stachristiana.at\/app\/uploads\/sites\/2\/2025\/04\/Layoutvorlagen-DA-BBS.pdf\" target=\"_blank\" class=\"linklist-item linklist-item-hellblau\">\n\t\t\tLayoutvorgaben NEU\t\t<\/a>\n\n\t\t\n\t\t<a href=\"https:\/\/www.stachristiana.at\/app\/uploads\/sites\/2\/2026\/02\/Diplomarbeit_Vorlage_NEU-WS25.docx\" target=\"_blank\" class=\"linklist-item linklist-item-hellblau\">\n\t\t\tVorlage NEU Word-Format\t\t<\/a>\n\n\t\t\n\t\t<a href=\"https:\/\/www.stachristiana.at\/app\/uploads\/sites\/2\/2023\/03\/Timeline-zur-AA_DA.pdf\" target=\"_blank\" class=\"linklist-item linklist-item-hellblau\">\n\t\t\tTimeline zur Diplom- und Abschlussarbeit\t\t<\/a>\n\n\t\t\n\t\t<a href=\"https:\/\/www.stachristiana.at\/app\/uploads\/sites\/2\/2023\/02\/VorlageProjekthandbuchfuerDiplomarbeiten.docx\" target=\"_blank\" class=\"linklist-item linklist-item-hellblau\">\n\t\t\tVorlage Projekthandbuch f\u00fcr DA\t\t<\/a>\n\n\t\t\n\t\t<a href=\"https:\/\/www.stachristiana.at\/app\/uploads\/sites\/2\/2023\/02\/VorlageProjekthandbuchfrDiplomarbeitenAusfuellhilfe.pdf\" target=\"_blank\" class=\"linklist-item linklist-item-hellblau\">\n\t\t\tVorlage Projekthandbuch Ausf\u00fcllhilfe\t\t<\/a>\n\n\t\t\n\t\t<a href=\"https:\/\/www.stachristiana.at\/app\/uploads\/sites\/2\/2023\/02\/HandreichungDA.pdf\" target=\"_blank\" class=\"linklist-item linklist-item-hellblau\">\n\t\t\tHandreichung Diplomarbeit\t\t<\/a>\n\n\t\t\n\t\t<a href=\"https:\/\/www.stachristiana.at\/app\/uploads\/sites\/2\/2023\/02\/Wissenschaftliche-Arbeit.docx\" target=\"_blank\" class=\"linklist-item linklist-item-hellblau\">\n\t\t\tAufbau einer wissenschaftlichen Arbeit\t\t<\/a>\n\n\t\t\n\t\t<a href=\"https:\/\/www.stachristiana.at\/app\/uploads\/sites\/2\/2023\/02\/Das-Abstract.docx\" target=\"_blank\" class=\"linklist-item linklist-item-hellblau\">\n\t\t\tDas Abstract\t\t<\/a>\n\n\t\t\n\t\t<a href=\"https:\/\/www.stachristiana.at\/app\/uploads\/sites\/2\/2023\/02\/AbschlussarbeitBegleitprotokoll.docx\" target=\"_blank\" class=\"linklist-item linklist-item-hellblau\">\n\t\t\tBegleitprotokoll\t\t<\/a>\n\n\t\t\n\t\t<a href=\"https:\/\/www.stachristiana.at\/app\/uploads\/sites\/2\/2023\/02\/AbschlussarbeitBetreuungsvereinbarung.docx\" target=\"_blank\" class=\"linklist-item linklist-item-hellblau\">\n\t\t\tBetreuungsvereinbarung\t\t<\/a>\n\n\t\t\n\t\t<a href=\"https:\/\/www.stachristiana.at\/app\/uploads\/sites\/2\/2023\/02\/AbschlussarbeitFortschrittsbericht.docx\" target=\"_blank\" class=\"linklist-item linklist-item-hellblau\">\n\t\t\tFortschrittsbericht\t\t<\/a>\n\n\t<\/div>\n\n\n\n<div style=\"height:55px\" aria-hidden=\"true\" class=\"wp-block-spacer\"><\/div>\n\n\n\n<h2 class=\"wp-block-heading\">Praktikum<\/h2>\n\n\n\n<div id=\"linklist-block_4a4a2d7722d48b426065072f32246911\" class=\"linklist\">\n\t\t\n\t\t<a href=\"https:\/\/www.stachristiana.at\/app\/uploads\/sites\/2\/2023\/02\/Vertrag-NEU-2019.pdf\" target=\"_blank\" class=\"linklist-item linklist-item-hellblau\">\n\t\t\tVertrag Praktikum Fachschule\t\t<\/a>\n\n\t\t\n\t\t<a href=\"https:\/\/www.stachristiana.at\/app\/uploads\/sites\/2\/2023\/02\/Portfolio-Vorlage2021.docx\" target=\"_blank\" class=\"linklist-item linklist-item-hellblau\">\n\t\t\tPortfoliovorlage Fachschule\t\t<\/a>\n\n\t\t\n\t\t<a href=\"https:\/\/www.stachristiana.at\/app\/uploads\/sites\/2\/2023\/02\/Portfolio-VorgabenFP2021.pdf\" target=\"_blank\" class=\"linklist-item linklist-item-hellblau\">\n\t\t\tPortfolio Fachschule Vorgaben\t\t<\/a>\n\n\t\t\n\t\t<a href=\"https:\/\/www.stachristiana.at\/app\/uploads\/sites\/2\/2023\/02\/Vorlage_Vertrag_bezahltes_Praktikum.pdf\" target=\"_blank\" class=\"linklist-item linklist-item-hellblau\">\n\t\t\tVertrag HLW bezahltes Praktikum\t\t<\/a>\n\n\t\t\n\t\t<a href=\"https:\/\/www.stachristiana.at\/app\/uploads\/sites\/2\/2023\/02\/Vorlage_VERTRAG_unbezahltes-PRaktikum.pdf\" target=\"_blank\" class=\"linklist-item linklist-item-hellblau\">\n\t\t\tVertrag HLW unbezahltes Praktikum\t\t<\/a>\n\n\t<\/div>\n","protected":false},"excerpt":{"rendered":"<p>Allgemein Formulare f\u00fcr LehrerInnen Formulare der Bildungsdirektion direkt unter&nbsp;https:\/\/bi.bildung-wien.gv.at\/formulare\/formulare.php Formulare f\u00fcr Sch\u00fclerInnen Reife- und Diplompr\u00fcfung \/ Abschlusspr\u00fcfung Diplom- und Abschlussarbeit Praktikum<\/p>\n","protected":false},"author":17,"featured_media":0,"parent":0,"menu_order":0,"comment_status":"closed","ping_status":"closed","template":"","meta":{"footnotes":""},"class_list":["post-823","page","type-page","status-publish","hentry"],"acf":[],"yoast_head":"<!-- This site is optimized with the Yoast SEO plugin v26.8 - https:\/\/yoast.com\/product\/yoast-seo-wordpress\/ -->\n<title>Download - HLW Rodaun<\/title>\n<meta name=\"robots\" content=\"index, follow, max-snippet:-1, max-image-preview:large, max-video-preview:-1\" \/>\n<link rel=\"canonical\" href=\"https:\/\/www.stachristiana.at\/hlw-rodaun\/download\" \/>\n<meta property=\"og:locale\" content=\"de_DE\" \/>\n<meta property=\"og:type\" content=\"article\" \/>\n<meta property=\"og:title\" content=\"Download - HLW Rodaun\" \/>\n<meta property=\"og:description\" content=\"Allgemein Formulare f\u00fcr LehrerInnen Formulare der Bildungsdirektion direkt unter&nbsp;https:\/\/bi.bildung-wien.gv.at\/formulare\/formulare.php Formulare f\u00fcr Sch\u00fclerInnen Reife- und Diplompr\u00fcfung \/ Abschlusspr\u00fcfung Diplom- und Abschlussarbeit Praktikum\" \/>\n<meta property=\"og:url\" content=\"https:\/\/www.stachristiana.at\/hlw-rodaun\/download\" \/>\n<meta property=\"og:site_name\" content=\"HLW Rodaun\" \/>\n<meta property=\"article:modified_time\" content=\"2026-04-10T07:31:00+00:00\" \/>\n<meta property=\"og:image\" content=\"https:\/\/www.stachristiana.at\/app\/uploads\/sites\/2\/2022\/05\/logo-sta-christiana.png\" \/>\n\t<meta property=\"og:image:width\" content=\"1200\" \/>\n\t<meta property=\"og:image:height\" content=\"491\" \/>\n\t<meta property=\"og:image:type\" content=\"image\/png\" \/>\n<meta name=\"twitter:card\" content=\"summary_large_image\" \/>\n<meta name=\"twitter:label1\" content=\"Gesch\u00e4tzte Lesezeit\" \/>\n\t<meta name=\"twitter:data1\" content=\"1\u00a0Minute\" \/>\n<script type=\"application\/ld+json\" class=\"yoast-schema-graph\">{\"@context\":\"https:\/\/schema.org\",\"@graph\":[{\"@type\":\"WebPage\",\"@id\":\"https:\/\/www.stachristiana.at\/hlw-rodaun\/download\",\"url\":\"https:\/\/www.stachristiana.at\/hlw-rodaun\/download\",\"name\":\"Download - HLW Rodaun\",\"isPartOf\":{\"@id\":\"https:\/\/www.stachristiana.at\/hlw-rodaun\/#website\"},\"datePublished\":\"2023-02-02T16:48:06+00:00\",\"dateModified\":\"2026-04-10T07:31:00+00:00\",\"breadcrumb\":{\"@id\":\"https:\/\/www.stachristiana.at\/hlw-rodaun\/download#breadcrumb\"},\"inLanguage\":\"de\",\"potentialAction\":[{\"@type\":\"ReadAction\",\"target\":[\"https:\/\/www.stachristiana.at\/hlw-rodaun\/download\"]}]},{\"@type\":\"BreadcrumbList\",\"@id\":\"https:\/\/www.stachristiana.at\/hlw-rodaun\/download#breadcrumb\",\"itemListElement\":[{\"@type\":\"ListItem\",\"position\":1,\"name\":\"Start\",\"item\":\"https:\/\/www.stachristiana.at\/\"},{\"@type\":\"ListItem\",\"position\":2,\"name\":\"Download\"}]},{\"@type\":\"WebSite\",\"@id\":\"https:\/\/www.stachristiana.at\/hlw-rodaun\/#website\",\"url\":\"https:\/\/www.stachristiana.at\/hlw-rodaun\/\",\"name\":\"Sta. Christiana - HLW Rodaun\",\"description\":\"H\u00f6here Lehranstalt, Fachschule und Aufbaulehrgang f\u00fcr wirtschaftliche Berufe\",\"publisher\":{\"@id\":\"https:\/\/www.stachristiana.at\/hlw-rodaun\/#organization\"},\"alternateName\":\"Sta. Christiana\",\"potentialAction\":[{\"@type\":\"SearchAction\",\"target\":{\"@type\":\"EntryPoint\",\"urlTemplate\":\"https:\/\/www.stachristiana.at\/hlw-rodaun\/?s={search_term_string}\"},\"query-input\":{\"@type\":\"PropertyValueSpecification\",\"valueRequired\":true,\"valueName\":\"search_term_string\"}}],\"inLanguage\":\"de\"},{\"@type\":\"Organization\",\"@id\":\"https:\/\/www.stachristiana.at\/hlw-rodaun\/#organization\",\"name\":\"Sta. Christiana - Schulen zum Leben\",\"alternateName\":\"Sta. Christiana\",\"url\":\"https:\/\/www.stachristiana.at\/hlw-rodaun\/\",\"logo\":{\"@type\":\"ImageObject\",\"inLanguage\":\"de\",\"@id\":\"https:\/\/www.stachristiana.at\/hlw-rodaun\/#\/schema\/logo\/image\/\",\"url\":\"https:\/\/www.stachristiana.at\/app\/uploads\/sites\/2\/2022\/05\/logo-sta-christiana.png\",\"contentUrl\":\"https:\/\/www.stachristiana.at\/app\/uploads\/sites\/2\/2022\/05\/logo-sta-christiana.png\",\"width\":1200,\"height\":491,\"caption\":\"Sta. Christiana - Schulen zum Leben\"},\"image\":{\"@id\":\"https:\/\/www.stachristiana.at\/hlw-rodaun\/#\/schema\/logo\/image\/\"}}]}<\/script>\n<!-- \/ Yoast SEO plugin. -->","yoast_head_json":{"title":"Download - HLW Rodaun","robots":{"index":"index","follow":"follow","max-snippet":"max-snippet:-1","max-image-preview":"max-image-preview:large","max-video-preview":"max-video-preview:-1"},"canonical":"https:\/\/www.stachristiana.at\/hlw-rodaun\/download","og_locale":"de_DE","og_type":"article","og_title":"Download - HLW Rodaun","og_description":"Allgemein Formulare f\u00fcr LehrerInnen Formulare der Bildungsdirektion direkt unter&nbsp;https:\/\/bi.bildung-wien.gv.at\/formulare\/formulare.php Formulare f\u00fcr Sch\u00fclerInnen Reife- und Diplompr\u00fcfung \/ Abschlusspr\u00fcfung Diplom- und Abschlussarbeit Praktikum","og_url":"https:\/\/www.stachristiana.at\/hlw-rodaun\/download","og_site_name":"HLW Rodaun","article_modified_time":"2026-04-10T07:31:00+00:00","og_image":[{"width":1200,"height":491,"url":"https:\/\/www.stachristiana.at\/app\/uploads\/sites\/2\/2022\/05\/logo-sta-christiana.png","type":"image\/png"}],"twitter_card":"summary_large_image","twitter_misc":{"Gesch\u00e4tzte Lesezeit":"1\u00a0Minute"},"schema":{"@context":"https:\/\/schema.org","@graph":[{"@type":"WebPage","@id":"https:\/\/www.stachristiana.at\/hlw-rodaun\/download","url":"https:\/\/www.stachristiana.at\/hlw-rodaun\/download","name":"Download - HLW Rodaun","isPartOf":{"@id":"https:\/\/www.stachristiana.at\/hlw-rodaun\/#website"},"datePublished":"2023-02-02T16:48:06+00:00","dateModified":"2026-04-10T07:31:00+00:00","breadcrumb":{"@id":"https:\/\/www.stachristiana.at\/hlw-rodaun\/download#breadcrumb"},"inLanguage":"de","potentialAction":[{"@type":"ReadAction","target":["https:\/\/www.stachristiana.at\/hlw-rodaun\/download"]}]},{"@type":"BreadcrumbList","@id":"https:\/\/www.stachristiana.at\/hlw-rodaun\/download#breadcrumb","itemListElement":[{"@type":"ListItem","position":1,"name":"Start","item":"https:\/\/www.stachristiana.at\/"},{"@type":"ListItem","position":2,"name":"Download"}]},{"@type":"WebSite","@id":"https:\/\/www.stachristiana.at\/hlw-rodaun\/#website","url":"https:\/\/www.stachristiana.at\/hlw-rodaun\/","name":"Sta. Christiana - HLW Rodaun","description":"H\u00f6here Lehranstalt, Fachschule und Aufbaulehrgang f\u00fcr wirtschaftliche Berufe","publisher":{"@id":"https:\/\/www.stachristiana.at\/hlw-rodaun\/#organization"},"alternateName":"Sta. Christiana","potentialAction":[{"@type":"SearchAction","target":{"@type":"EntryPoint","urlTemplate":"https:\/\/www.stachristiana.at\/hlw-rodaun\/?s={search_term_string}"},"query-input":{"@type":"PropertyValueSpecification","valueRequired":true,"valueName":"search_term_string"}}],"inLanguage":"de"},{"@type":"Organization","@id":"https:\/\/www.stachristiana.at\/hlw-rodaun\/#organization","name":"Sta. Christiana - Schulen zum Leben","alternateName":"Sta. Christiana","url":"https:\/\/www.stachristiana.at\/hlw-rodaun\/","logo":{"@type":"ImageObject","inLanguage":"de","@id":"https:\/\/www.stachristiana.at\/hlw-rodaun\/#\/schema\/logo\/image\/","url":"https:\/\/www.stachristiana.at\/app\/uploads\/sites\/2\/2022\/05\/logo-sta-christiana.png","contentUrl":"https:\/\/www.stachristiana.at\/app\/uploads\/sites\/2\/2022\/05\/logo-sta-christiana.png","width":1200,"height":491,"caption":"Sta. Christiana - Schulen zum Leben"},"image":{"@id":"https:\/\/www.stachristiana.at\/hlw-rodaun\/#\/schema\/logo\/image\/"}}]}},"_links":{"self":[{"href":"https:\/\/www.stachristiana.at\/hlw-rodaun\/wp-json\/wp\/v2\/pages\/823","targetHints":{"allow":["GET"]}}],"collection":[{"href":"https:\/\/www.stachristiana.at\/hlw-rodaun\/wp-json\/wp\/v2\/pages"}],"about":[{"href":"https:\/\/www.stachristiana.at\/hlw-rodaun\/wp-json\/wp\/v2\/types\/page"}],"author":[{"embeddable":true,"href":"https:\/\/www.stachristiana.at\/hlw-rodaun\/wp-json\/wp\/v2\/users\/17"}],"replies":[{"embeddable":true,"href":"https:\/\/www.stachristiana.at\/hlw-rodaun\/wp-json\/wp\/v2\/comments?post=823"}],"version-history":[{"count":84,"href":"https:\/\/www.stachristiana.at\/hlw-rodaun\/wp-json\/wp\/v2\/pages\/823\/revisions"}],"predecessor-version":[{"id":2284,"href":"https:\/\/www.stachristiana.at\/hlw-rodaun\/wp-json\/wp\/v2\/pages\/823\/revisions\/2284"}],"wp:attachment":[{"href":"https:\/\/www.stachristiana.at\/hlw-rodaun\/wp-json\/wp\/v2\/media?parent=823"}],"curies":[{"name":"wp","href":"https:\/\/api.w.org\/{rel}","templated":true}]}}