{"id":497,"date":"2022-06-23T20:32:00","date_gmt":"2022-06-23T18:32:00","guid":{"rendered":"http:\/\/www.sanctachristiana.at\/hlw-rodaun\/?page_id=497"},"modified":"2023-06-09T08:17:53","modified_gmt":"2023-06-09T06:17:53","slug":"pflichtpraktikum","status":"publish","type":"page","link":"https:\/\/www.stachristiana.at\/hlw-rodaun\/was-wir-bieten\/pflichtpraktikum","title":{"rendered":"Pflichtpraktikum"},"content":{"rendered":"\n<p><strong>Pflichtpraktika der HLW Sozialmanagement und angew. Projektmanagement<\/strong><\/p>\n\n\n\n<p>Die Sch\u00fcler*innen unserer 5j\u00e4hrigen HLW mit Schwerpunkt Sozialmanagement werden w\u00e4hrend der 3.Klasse bei einem unterj\u00e4hrigen Praktikum, in dem sie jeweils 5 Stunden pro Woche in einer Einrichtung Sozialer Arbeit verbringen, umfassend begleitet. Dieses Praktikum bildet die Grundlage f\u00fcr die folgenden Sommerpraktika, die zwischen 3.\/4. und 4.\/5. Klasse erfolgen. Diese Pflichtpraktika umfassen das Arbeiten in verschiedenen Einrichtungen Sozialer Arbeit mit unterschiedlichen Schwerpunkten im Ausma\u00df von 2 x 8 Wochen in einem Vollbesch\u00e4ftigungs\u00e4quivalent. Daher enden diese beiden Schuljahre schon Ende Mai.<\/p>\n\n\n\n<p>Die Ziele der Pflichtpraktika sind:<\/p>\n\n\n\n<ul class=\"wp-block-list\">\n<li>Fachliche Anwendung und Umsetzung des schulisch erworbenen Wissens in der Praxis<\/li>\n\n\n\n<li>Kennenlernen der Anforderungen der modernen Arbeitswelt und Erwerb von Arbeitstugenden wie P\u00fcnktlichkeit, Zuverl\u00e4ssigkeit, Verantwortung etc.<\/li>\n\n\n\n<li>St\u00e4rkung der pers\u00f6nlichen, sozialen und kommunikativen Kompetenz: Umgang mit Vorgesetzten, Kolleg*innen, Kund*innen, Erlernen von Teamf\u00e4higkeit in verschiedensten Situationen des t\u00e4glichen Arbeitslebens, etc.<\/li>\n\n\n\n<li>F\u00f6rderung der Pers\u00f6nlichkeitsentwicklung: M\u00f6glichkeiten zum Erlangen von Erfolg und Anerkennung, sowie auch die Bew\u00e4ltigung von Misserfolgen in der Arbeitswelt.<\/li>\n\n\n\n<li>Forcierung der Kontakte zur Sozialwirtschaft \/ Sozialer Arbeit und potentiellen sp\u00e4teren Arbeitgebern<\/li>\n\n\n\n<li>Berufserprobung und Erwerb von Praxiserfahrungen, die bei diversen weiteren Ausbildungen an Universit\u00e4ten und Fachhochschulen den Wettbewerb um Ausbildungspl\u00e4tze positiv forcieren<\/li>\n\n\n\n<li>Erfahren\/Erleben von Erwerbst\u00e4tigkeit und damit verbunden das Sammeln erster Erfahrungen f\u00fcr ein selbstst\u00e4ndiges Leben und Arbeiten<\/li>\n<\/ul>\n\n\n\n<p>Die Lehrkr\u00e4fte der spezifischen F\u00e4cher unterst\u00fctzen und begleiten die Sch\u00fcler*innen w\u00e4hrend ihrer Praktikumszeiten und stehen mit ihrem speziellen Know-How zur Seite. Die Maturazulassung erfolgt erst nach erfolgreicher Absolvierung aller vorgeschriebenen Praktika.&nbsp;<\/p>\n\n\n\n<p><\/p>\n\n\n\n<p><strong>Pflichtpraktikum in der Fachschule<\/strong><\/p>\n\n\n\n<p>Die Sch\u00fcler\/innen unserer dreij\u00e4hrigen Fachschule m\u00fcssen einmal w\u00e4hrend der Sommerferien (nach der 2. Klasse Fachschule) ein Pflichtpraktikum in facheinschl\u00e4gigen Betrieben in Gastronomie und Hotellerie absolvieren, um die ersten beruflichen Erfahrungen zu sammeln. Zu diesem Zweck endet das Unterrichtsjahr in der 2. Fachschule Ende Mai. Die Ziele eines Pflichtpraktikums sind:<\/p>\n\n\n\n<ul class=\"wp-block-list\">\n<li>Fachliche Anwendung und Umsetzung des schulisch erworbenen Wissens in der Praxis (nicht zuletzt auch, um die Motivation und pers\u00f6nlichen Erfahrungswerte in der Umsetzung f\u00fcr den fachtheoretischen Unterricht zu erh\u00f6hen und zu st\u00e4rken)<\/li>\n\n\n\n<li>Kennenlernen der Anforderungen der modernen Arbeitswelt und Erwerb von Arbeitstugenden wie P\u00fcnktlichkeit, Zuverl\u00e4ssigkeit, Verantwortung etc.<\/li>\n\n\n\n<li>St\u00e4rkung der pers\u00f6nlichen, sozialen und kommunikativen Kompetenz: Umgang mit Vorgesetzten, Kolleg\/innen, Kund\/innen, Erlernen von Teamf\u00e4higkeit in verschiedensten Situationen des t\u00e4glichen Lebens, etc.<\/li>\n\n\n\n<li>F\u00f6rderung der Pers\u00f6nlichkeitsentwicklung: M\u00f6glichkeiten zum Erlangen von Erfolg und Anerkennung, sowie auch die Bew\u00e4ltigung von Misserfolgen in der Arbeitswelt.<\/li>\n\n\n\n<li>Forcierung der Kontakte zur Wirtschaft und potentiellen sp\u00e4teren Arbeitgebern<\/li>\n\n\n\n<li>Berufshinwendung und Berufserprobung<\/li>\n\n\n\n<li>Erfahren\/Erleben von Erwerbst\u00e4tigkeit und die damit einhergehenden ersten Erfahrungen der Selbstst\u00e4ndigkeit im t\u00e4glichen Leben.<\/li>\n<\/ul>\n\n\n\n<p>Unsere fachpraktischen Lehrkr\u00e4fte unterst\u00fctzen die Sch\u00fcler\/innen bei der Suche nach einer Praktikumsstelle, es ist aber Aufgabe der Sch\u00fcler\/innen sich um eine Stelle zu bewerben und die Schule \u00fcber den Bewerbungsfortschritt zu informieren.<\/p>\n\n\n\n<p>Die Fachschule kann nur nach erfolgreicher Absolvierung des 8-w\u00f6chigen Pflichtpraktikums (Vollbesch\u00e4ftigung) abgeschlossen werden.<\/p>\n\n\n\n<p><\/p>\n\n\n\n<p><strong>Pflichtpraktikum im Aufbaulehrgang<\/strong><\/p>\n\n\n\n<p>Ein verpflichtendes Praktikum im Ausma\u00df von 8 Wochen (Vollbesch\u00e4ftigung, muss nicht durchgehend absolviert werden) dient wie das Praktikum im der Fachschule bzw. in der HLW mit Sozialmanagement der Berufsvorbereitung und kann auch als Einstieg in die Berufswelt genutzt werden. Es muss im Aufbaulehrgang bis zum Eintritt in den 3. Jahrgang absolviert werden.<\/p>\n","protected":false},"excerpt":{"rendered":"<p>Pflichtpraktika der HLW Sozialmanagement und angew. Projektmanagement Die Sch\u00fcler*innen unserer 5j\u00e4hrigen HLW mit Schwerpunkt Sozialmanagement werden w\u00e4hrend der 3.Klasse bei einem unterj\u00e4hrigen Praktikum, in dem sie jeweils 5 Stunden pro Woche in einer Einrichtung Sozialer Arbeit verbringen, umfassend begleitet. Dieses Praktikum bildet die Grundlage f\u00fcr die folgenden Sommerpraktika, die zwischen 3.\/4. und 4.\/5. Klasse erfolgen. [&hellip;]<\/p>\n","protected":false},"author":5,"featured_media":0,"parent":144,"menu_order":5,"comment_status":"closed","ping_status":"closed","template":"","meta":{"footnotes":""},"class_list":["post-497","page","type-page","status-publish","hentry"],"acf":[],"yoast_head":"<!-- This site is optimized with the Yoast SEO plugin v26.8 - https:\/\/yoast.com\/product\/yoast-seo-wordpress\/ -->\n<title>Pflichtpraktikum - HLW Rodaun<\/title>\n<meta name=\"robots\" content=\"index, follow, max-snippet:-1, max-image-preview:large, max-video-preview:-1\" \/>\n<link rel=\"canonical\" href=\"https:\/\/www.stachristiana.at\/hlw-rodaun\/was-wir-bieten\/pflichtpraktikum\" \/>\n<meta property=\"og:locale\" content=\"de_DE\" \/>\n<meta property=\"og:type\" content=\"article\" \/>\n<meta property=\"og:title\" content=\"Pflichtpraktikum - HLW Rodaun\" \/>\n<meta property=\"og:description\" content=\"Pflichtpraktika der HLW Sozialmanagement und angew. Projektmanagement Die Sch\u00fcler*innen unserer 5j\u00e4hrigen HLW mit Schwerpunkt Sozialmanagement werden w\u00e4hrend der 3.Klasse bei einem unterj\u00e4hrigen Praktikum, in dem sie jeweils 5 Stunden pro Woche in einer Einrichtung Sozialer Arbeit verbringen, umfassend begleitet. Dieses Praktikum bildet die Grundlage f\u00fcr die folgenden Sommerpraktika, die zwischen 3.\/4. und 4.\/5. Klasse erfolgen. [&hellip;]\" \/>\n<meta property=\"og:url\" content=\"https:\/\/www.stachristiana.at\/hlw-rodaun\/was-wir-bieten\/pflichtpraktikum\" \/>\n<meta property=\"og:site_name\" content=\"HLW Rodaun\" \/>\n<meta property=\"article:modified_time\" content=\"2023-06-09T06:17:53+00:00\" \/>\n<meta property=\"og:image\" content=\"https:\/\/www.stachristiana.at\/app\/uploads\/sites\/2\/2022\/05\/logo-sta-christiana.png\" \/>\n\t<meta property=\"og:image:width\" content=\"1200\" \/>\n\t<meta property=\"og:image:height\" content=\"491\" \/>\n\t<meta property=\"og:image:type\" content=\"image\/png\" \/>\n<meta name=\"twitter:card\" content=\"summary_large_image\" \/>\n<meta name=\"twitter:label1\" content=\"Gesch\u00e4tzte Lesezeit\" \/>\n\t<meta name=\"twitter:data1\" content=\"3\u00a0Minuten\" \/>\n<script type=\"application\/ld+json\" class=\"yoast-schema-graph\">{\"@context\":\"https:\/\/schema.org\",\"@graph\":[{\"@type\":\"WebPage\",\"@id\":\"https:\/\/www.stachristiana.at\/hlw-rodaun\/was-wir-bieten\/pflichtpraktikum\",\"url\":\"https:\/\/www.stachristiana.at\/hlw-rodaun\/was-wir-bieten\/pflichtpraktikum\",\"name\":\"Pflichtpraktikum - HLW Rodaun\",\"isPartOf\":{\"@id\":\"https:\/\/www.stachristiana.at\/hlw-rodaun\/#website\"},\"datePublished\":\"2022-06-23T18:32:00+00:00\",\"dateModified\":\"2023-06-09T06:17:53+00:00\",\"breadcrumb\":{\"@id\":\"https:\/\/www.stachristiana.at\/hlw-rodaun\/was-wir-bieten\/pflichtpraktikum#breadcrumb\"},\"inLanguage\":\"de\",\"potentialAction\":[{\"@type\":\"ReadAction\",\"target\":[\"https:\/\/www.stachristiana.at\/hlw-rodaun\/was-wir-bieten\/pflichtpraktikum\"]}]},{\"@type\":\"BreadcrumbList\",\"@id\":\"https:\/\/www.stachristiana.at\/hlw-rodaun\/was-wir-bieten\/pflichtpraktikum#breadcrumb\",\"itemListElement\":[{\"@type\":\"ListItem\",\"position\":1,\"name\":\"Start\",\"item\":\"https:\/\/www.stachristiana.at\/\"},{\"@type\":\"ListItem\",\"position\":2,\"name\":\"Was wir bieten\",\"item\":\"https:\/\/www.stachristiana.at\/hlw-rodaun\/was-wir-bieten\"},{\"@type\":\"ListItem\",\"position\":3,\"name\":\"Pflichtpraktikum\"}]},{\"@type\":\"WebSite\",\"@id\":\"https:\/\/www.stachristiana.at\/hlw-rodaun\/#website\",\"url\":\"https:\/\/www.stachristiana.at\/hlw-rodaun\/\",\"name\":\"Sta. Christiana - HLW Rodaun\",\"description\":\"H\u00f6here Lehranstalt, Fachschule und Aufbaulehrgang f\u00fcr wirtschaftliche Berufe\",\"publisher\":{\"@id\":\"https:\/\/www.stachristiana.at\/hlw-rodaun\/#organization\"},\"alternateName\":\"Sta. Christiana\",\"potentialAction\":[{\"@type\":\"SearchAction\",\"target\":{\"@type\":\"EntryPoint\",\"urlTemplate\":\"https:\/\/www.stachristiana.at\/hlw-rodaun\/?s={search_term_string}\"},\"query-input\":{\"@type\":\"PropertyValueSpecification\",\"valueRequired\":true,\"valueName\":\"search_term_string\"}}],\"inLanguage\":\"de\"},{\"@type\":\"Organization\",\"@id\":\"https:\/\/www.stachristiana.at\/hlw-rodaun\/#organization\",\"name\":\"Sta. Christiana - Schulen zum Leben\",\"alternateName\":\"Sta. Christiana\",\"url\":\"https:\/\/www.stachristiana.at\/hlw-rodaun\/\",\"logo\":{\"@type\":\"ImageObject\",\"inLanguage\":\"de\",\"@id\":\"https:\/\/www.stachristiana.at\/hlw-rodaun\/#\/schema\/logo\/image\/\",\"url\":\"https:\/\/www.stachristiana.at\/app\/uploads\/sites\/2\/2022\/05\/logo-sta-christiana.png\",\"contentUrl\":\"https:\/\/www.stachristiana.at\/app\/uploads\/sites\/2\/2022\/05\/logo-sta-christiana.png\",\"width\":1200,\"height\":491,\"caption\":\"Sta. Christiana - Schulen zum Leben\"},\"image\":{\"@id\":\"https:\/\/www.stachristiana.at\/hlw-rodaun\/#\/schema\/logo\/image\/\"}}]}<\/script>\n<!-- \/ Yoast SEO plugin. -->","yoast_head_json":{"title":"Pflichtpraktikum - HLW Rodaun","robots":{"index":"index","follow":"follow","max-snippet":"max-snippet:-1","max-image-preview":"max-image-preview:large","max-video-preview":"max-video-preview:-1"},"canonical":"https:\/\/www.stachristiana.at\/hlw-rodaun\/was-wir-bieten\/pflichtpraktikum","og_locale":"de_DE","og_type":"article","og_title":"Pflichtpraktikum - HLW Rodaun","og_description":"Pflichtpraktika der HLW Sozialmanagement und angew. Projektmanagement Die Sch\u00fcler*innen unserer 5j\u00e4hrigen HLW mit Schwerpunkt Sozialmanagement werden w\u00e4hrend der 3.Klasse bei einem unterj\u00e4hrigen Praktikum, in dem sie jeweils 5 Stunden pro Woche in einer Einrichtung Sozialer Arbeit verbringen, umfassend begleitet. Dieses Praktikum bildet die Grundlage f\u00fcr die folgenden Sommerpraktika, die zwischen 3.\/4. und 4.\/5. Klasse erfolgen. [&hellip;]","og_url":"https:\/\/www.stachristiana.at\/hlw-rodaun\/was-wir-bieten\/pflichtpraktikum","og_site_name":"HLW Rodaun","article_modified_time":"2023-06-09T06:17:53+00:00","og_image":[{"width":1200,"height":491,"url":"https:\/\/www.stachristiana.at\/app\/uploads\/sites\/2\/2022\/05\/logo-sta-christiana.png","type":"image\/png"}],"twitter_card":"summary_large_image","twitter_misc":{"Gesch\u00e4tzte Lesezeit":"3\u00a0Minuten"},"schema":{"@context":"https:\/\/schema.org","@graph":[{"@type":"WebPage","@id":"https:\/\/www.stachristiana.at\/hlw-rodaun\/was-wir-bieten\/pflichtpraktikum","url":"https:\/\/www.stachristiana.at\/hlw-rodaun\/was-wir-bieten\/pflichtpraktikum","name":"Pflichtpraktikum - HLW Rodaun","isPartOf":{"@id":"https:\/\/www.stachristiana.at\/hlw-rodaun\/#website"},"datePublished":"2022-06-23T18:32:00+00:00","dateModified":"2023-06-09T06:17:53+00:00","breadcrumb":{"@id":"https:\/\/www.stachristiana.at\/hlw-rodaun\/was-wir-bieten\/pflichtpraktikum#breadcrumb"},"inLanguage":"de","potentialAction":[{"@type":"ReadAction","target":["https:\/\/www.stachristiana.at\/hlw-rodaun\/was-wir-bieten\/pflichtpraktikum"]}]},{"@type":"BreadcrumbList","@id":"https:\/\/www.stachristiana.at\/hlw-rodaun\/was-wir-bieten\/pflichtpraktikum#breadcrumb","itemListElement":[{"@type":"ListItem","position":1,"name":"Start","item":"https:\/\/www.stachristiana.at\/"},{"@type":"ListItem","position":2,"name":"Was wir bieten","item":"https:\/\/www.stachristiana.at\/hlw-rodaun\/was-wir-bieten"},{"@type":"ListItem","position":3,"name":"Pflichtpraktikum"}]},{"@type":"WebSite","@id":"https:\/\/www.stachristiana.at\/hlw-rodaun\/#website","url":"https:\/\/www.stachristiana.at\/hlw-rodaun\/","name":"Sta. Christiana - HLW Rodaun","description":"H\u00f6here Lehranstalt, Fachschule und Aufbaulehrgang f\u00fcr wirtschaftliche Berufe","publisher":{"@id":"https:\/\/www.stachristiana.at\/hlw-rodaun\/#organization"},"alternateName":"Sta. Christiana","potentialAction":[{"@type":"SearchAction","target":{"@type":"EntryPoint","urlTemplate":"https:\/\/www.stachristiana.at\/hlw-rodaun\/?s={search_term_string}"},"query-input":{"@type":"PropertyValueSpecification","valueRequired":true,"valueName":"search_term_string"}}],"inLanguage":"de"},{"@type":"Organization","@id":"https:\/\/www.stachristiana.at\/hlw-rodaun\/#organization","name":"Sta. Christiana - Schulen zum Leben","alternateName":"Sta. Christiana","url":"https:\/\/www.stachristiana.at\/hlw-rodaun\/","logo":{"@type":"ImageObject","inLanguage":"de","@id":"https:\/\/www.stachristiana.at\/hlw-rodaun\/#\/schema\/logo\/image\/","url":"https:\/\/www.stachristiana.at\/app\/uploads\/sites\/2\/2022\/05\/logo-sta-christiana.png","contentUrl":"https:\/\/www.stachristiana.at\/app\/uploads\/sites\/2\/2022\/05\/logo-sta-christiana.png","width":1200,"height":491,"caption":"Sta. Christiana - Schulen zum Leben"},"image":{"@id":"https:\/\/www.stachristiana.at\/hlw-rodaun\/#\/schema\/logo\/image\/"}}]}},"_links":{"self":[{"href":"https:\/\/www.stachristiana.at\/hlw-rodaun\/wp-json\/wp\/v2\/pages\/497","targetHints":{"allow":["GET"]}}],"collection":[{"href":"https:\/\/www.stachristiana.at\/hlw-rodaun\/wp-json\/wp\/v2\/pages"}],"about":[{"href":"https:\/\/www.stachristiana.at\/hlw-rodaun\/wp-json\/wp\/v2\/types\/page"}],"author":[{"embeddable":true,"href":"https:\/\/www.stachristiana.at\/hlw-rodaun\/wp-json\/wp\/v2\/users\/5"}],"replies":[{"embeddable":true,"href":"https:\/\/www.stachristiana.at\/hlw-rodaun\/wp-json\/wp\/v2\/comments?post=497"}],"version-history":[{"count":3,"href":"https:\/\/www.stachristiana.at\/hlw-rodaun\/wp-json\/wp\/v2\/pages\/497\/revisions"}],"predecessor-version":[{"id":1063,"href":"https:\/\/www.stachristiana.at\/hlw-rodaun\/wp-json\/wp\/v2\/pages\/497\/revisions\/1063"}],"up":[{"embeddable":true,"href":"https:\/\/www.stachristiana.at\/hlw-rodaun\/wp-json\/wp\/v2\/pages\/144"}],"wp:attachment":[{"href":"https:\/\/www.stachristiana.at\/hlw-rodaun\/wp-json\/wp\/v2\/media?parent=497"}],"curies":[{"name":"wp","href":"https:\/\/api.w.org\/{rel}","templated":true}]}}