{"id":493,"date":"2022-06-23T20:30:41","date_gmt":"2022-06-23T18:30:41","guid":{"rendered":"http:\/\/www.sanctachristiana.at\/hlw-rodaun\/?page_id=493"},"modified":"2023-04-27T10:09:40","modified_gmt":"2023-04-27T08:09:40","slug":"aufbaulehrgang-fu%cc%88r-wirtschaftliche-berufe","status":"publish","type":"page","link":"https:\/\/www.stachristiana.at\/hlw-rodaun\/was-wir-bieten\/aufbaulehrgang-fu%cc%88r-wirtschaftliche-berufe","title":{"rendered":"Aufbaulehrgang fu\u0308r wirtschaftliche Berufe"},"content":{"rendered":"\n<p>Der Aufbaulehrgang richtet sich je nach Ausbildungsschwerpunkt an Absolventinnen und Absolventen von Fachschulen f\u00fcr wirtschaftliche Berufe und&nbsp;Tourismusfachschulen (Schwerpunkt Medieninformatik) bzw. Handelsschulen, technischen Fachschulen, Fachschulen f\u00fcr Mode- und Bekleidungstechnik und Fachschulen f\u00fcr Sozialberufe (Schwerpunkt Ern\u00e4hrung, Gastronomie, Hotellerie).<br>Ziel ist das Absolvieren der Reife- und Diplompr\u00fcfung.<br>In einer intensiven dreij\u00e4hrigen Ausbildung im Aufbaulehrgang werden nicht nur eine umfassende Allgemeinbildung und h\u00f6here wirtschaftliche Kenntnisse vermittelt, sondern auch Fremdsprachen, EDV und fachpraktische Gegenst\u00e4nde. Die fachliche Ausrichtung ist eine touristisch-gastronomische.<\/p>\n\n\n\n<div class=\"wp-block-buttons is-layout-flex wp-block-buttons-is-layout-flex\">\n<div class=\"wp-block-button is-style-outline is-style-outline--1\"><a class=\"wp-block-button__link wp-element-button\" href=\"https:\/\/www.stachristiana.at\/app\/uploads\/sites\/2\/2023\/01\/Stundentafel_AM_ab18-19.pdf\" target=\"_blank\" rel=\"noreferrer noopener\">Stundentafel Aufbaulehrgang<\/a><\/div>\n<\/div>\n\n\n\n<p><br><strong>Berufsbild<\/strong><br>Absolvent\/innen des Aufbaulehrgangs sind dazu bef\u00e4higt, gehobene Berufe in den Bereichen Wirtschaft und Verwaltung sowie s\u00e4mtlichen Feldern des Tourismus auszu\u00fcben.<\/p>\n\n\n\n<p><strong>Berechtigungen mit abgeschlossenem Aufbaulehrgang:<\/strong><\/p>\n\n\n\n<ul class=\"wp-block-list\">\n<li>Zugang zu allen Universit\u00e4ten, Kollegs, Akademien und Fachhochschulen<\/li>\n\n\n\n<li>Berechtigungen gem\u00e4\u00df Berufsausbildungsgesetz<\/li>\n\n\n\n<li>Berechtigungen gem\u00e4\u00df Gewerbeordnung<\/li>\n<\/ul>\n\n\n\n<p>Individuelle F\u00f6rderung unserer Sch\u00fcler\/innen in einer vertrauensvollen Atmosph\u00e4re bilden die Grundlage f\u00fcr eine erfolgreiche Motivation zu Leistung und f\u00fcr eine stimmige Bildung in fachlicher und pers\u00f6nlicher Hinsicht.<\/p>\n\n\n\n<p><strong>Ausbildungsschwerpunkte:<\/strong><\/p>\n\n\n\n<ul class=\"wp-block-list\">\n<li>Ern\u00e4hrung, Gastronomie, Hotellerie (f\u00fcr Absolvent\/innen von Handelsschulen, Fachschulen f\u00fcr Mode- und Bekleidungstechnik, technischen Fachschulen, Fachschulen f\u00fcr Sozialberufe)<\/li>\n\n\n\n<li>Medieninformatik<\/li>\n<\/ul>\n\n\n\n<p>Aufgabe der Schwerpunkte ist eine berufsbezogene Spezialisierung.<\/p>\n\n\n\n<p>Absolvent\/innen anderer Fachschulen oder Personen mit Lehrabschl\u00fcssen m\u00fcssen verpflichtend den Pflichtgegenstandsbereich \u201eGastronomie und Hotellerie&#8220; besuchen. Restaurantfachfrauen bzw. Restaurantfachm\u00e4nner sind vom Unterricht und von der Vorpr\u00fcfung im Teilbereich \u201eRestaurant&#8220; befreit, K\u00f6chinnen bzw. K\u00f6che sind vom Unterricht und der Vorpr\u00fcfung im Teilbereich \u201eK\u00fcche&#8220; befreit.<\/p>\n\n\n\n<p><strong>Ausbildungsschwerpunkt Ern\u00e4hrung, Gastronomie, Hotellerie<\/strong><\/p>\n\n\n\n<p>Erwerb von speziellen Kenntnissen im Hinblick auf:<\/p>\n\n\n\n<ul class=\"wp-block-list\">\n<li>Praxis in K\u00fcche und Service<\/li>\n\n\n\n<li>gesunde Ern\u00e4hrung<\/li>\n\n\n\n<li>ganzheitliches Gesundheitsverst\u00e4ndnis<\/li>\n\n\n\n<li>rechtliche und betriebswirtschaftliche Grundlagen f\u00fcr ein erfolgreiches berufliches Wirken<\/li>\n\n\n\n<li>praktische und theoretische Fertigkeiten und Kenntnisse in Gastronomie und Hotellerie<\/li>\n\n\n\n<li>nationale und internationale Trends in den entsprechenden Berufsfeldern<\/li>\n\n\n\n<li>kommunikative Kompetenzen<\/li>\n\n\n\n<li>berufsrelevante Schl\u00fcsselqualifikationen<\/li>\n<\/ul>\n\n\n\n<p><strong>Berufsbild:<\/strong><br>Der positive Abschluss dieser Schulform erm\u00f6glicht den direkten Einstieg in das mittlere Management in den Bereichen Wirtschaft, Verwaltung, Gastronomie, Hotellerie, Tourismus und Ern\u00e4hrung.<\/p>\n\n\n\n<p>Berechtigungen mit abgeschlossenem Aufbaulehrgang:<\/p>\n\n\n\n<ul class=\"wp-block-list\">\n<li>Zugang zu allen Universit\u00e4ten, Kollegs, Akademien und Fachhochschulen<\/li>\n\n\n\n<li>Berechtigungen gem\u00e4\u00df Berufsausbildungsgesetz<\/li>\n\n\n\n<li>Berechtigungen gem\u00e4\u00df Gewerbeordnung<\/li>\n<\/ul>\n\n\n\n<p><strong>Ausbildungsschwerpunkt Medieninformatik<\/strong><br>Qualifikationen<\/p>\n\n\n\n<ul class=\"wp-block-list\">\n<li>Berufsausbildung zum\/r Medieninformatiker\/in<\/li>\n\n\n\n<li>Vertiefung der Allgemeinbildung<\/li>\n\n\n\n<li>kommissionelle Reifepr\u00fcfung in 3 Jahren (aufbauend auf 3-j\u00e4hriger Fachschule)<\/li>\n<\/ul>\n\n\n\n<p><strong>Berufsm\u00f6glichkeiten<\/strong><\/p>\n\n\n\n<ul class=\"wp-block-list\">\n<li>Ersetzt die Lehrabschlusspr\u00fcfung f. kaufm\u00e4nnische Berufe und Tourismusberufe<\/li>\n\n\n\n<li>Studienberechtigung f\u00fcr alle F\u00e4cher<\/li>\n\n\n\n<li>Bef\u00e4higung f\u00fcr zahlreiche gebundene Gewerbe (nach Praxis)<\/li>\n\n\n\n<li>Ersetzt die Unternehmerpr\u00fcfung &#8211; freier Zugang zum Gewerbe<\/li>\n\n\n\n<li>ausgezeichnete Berufschancen im IT-Bereich<\/li>\n<\/ul>\n\n\n\n<p><\/p>\n\n\n\n<div class=\"wp-block-buttons is-layout-flex wp-block-buttons-is-layout-flex\">\n<div class=\"wp-block-button is-style-outline is-style-outline--2\"><a class=\"wp-block-button__link wp-element-button\" href=\"https:\/\/www.sta-christiana.at\/images\/rodaun\/hlw\/schulbroschure2021web\/schulbroschuere2021.html#p=1\" target=\"_blank\" rel=\"noreferrer noopener\">Schulfolder<\/a><\/div>\n<\/div>\n\n\n\n<p><\/p>\n","protected":false},"excerpt":{"rendered":"<p>Der Aufbaulehrgang richtet sich je nach Ausbildungsschwerpunkt an Absolventinnen und Absolventen von Fachschulen f\u00fcr wirtschaftliche Berufe und&nbsp;Tourismusfachschulen (Schwerpunkt Medieninformatik) bzw. Handelsschulen, technischen Fachschulen, Fachschulen f\u00fcr Mode- und Bekleidungstechnik und Fachschulen f\u00fcr Sozialberufe (Schwerpunkt Ern\u00e4hrung, Gastronomie, Hotellerie).Ziel ist das Absolvieren der Reife- und Diplompr\u00fcfung.In einer intensiven dreij\u00e4hrigen Ausbildung im Aufbaulehrgang werden nicht nur eine umfassende Allgemeinbildung [&hellip;]<\/p>\n","protected":false},"author":5,"featured_media":0,"parent":144,"menu_order":3,"comment_status":"closed","ping_status":"closed","template":"","meta":{"footnotes":""},"class_list":["post-493","page","type-page","status-publish","hentry"],"acf":[],"yoast_head":"<!-- This site is optimized with the Yoast SEO plugin v26.8 - https:\/\/yoast.com\/product\/yoast-seo-wordpress\/ -->\n<title>Aufbaulehrgang fu\u0308r wirtschaftliche Berufe - HLW Rodaun<\/title>\n<meta name=\"robots\" content=\"index, follow, max-snippet:-1, max-image-preview:large, max-video-preview:-1\" \/>\n<link rel=\"canonical\" href=\"https:\/\/www.stachristiana.at\/hlw-rodaun\/was-wir-bieten\/aufbaulehrgang-fu\u0308r-wirtschaftliche-berufe\" \/>\n<meta property=\"og:locale\" content=\"de_DE\" \/>\n<meta property=\"og:type\" content=\"article\" \/>\n<meta property=\"og:title\" content=\"Aufbaulehrgang fu\u0308r wirtschaftliche Berufe - HLW Rodaun\" \/>\n<meta property=\"og:description\" content=\"Der Aufbaulehrgang richtet sich je nach Ausbildungsschwerpunkt an Absolventinnen und Absolventen von Fachschulen f\u00fcr wirtschaftliche Berufe und&nbsp;Tourismusfachschulen (Schwerpunkt Medieninformatik) bzw. Handelsschulen, technischen Fachschulen, Fachschulen f\u00fcr Mode- und Bekleidungstechnik und Fachschulen f\u00fcr Sozialberufe (Schwerpunkt Ern\u00e4hrung, Gastronomie, Hotellerie).Ziel ist das Absolvieren der Reife- und Diplompr\u00fcfung.In einer intensiven dreij\u00e4hrigen Ausbildung im Aufbaulehrgang werden nicht nur eine umfassende Allgemeinbildung [&hellip;]\" \/>\n<meta property=\"og:url\" content=\"https:\/\/www.stachristiana.at\/hlw-rodaun\/was-wir-bieten\/aufbaulehrgang-fu\u0308r-wirtschaftliche-berufe\" \/>\n<meta property=\"og:site_name\" content=\"HLW Rodaun\" \/>\n<meta property=\"article:modified_time\" content=\"2023-04-27T08:09:40+00:00\" \/>\n<meta property=\"og:image\" content=\"https:\/\/www.stachristiana.at\/app\/uploads\/sites\/2\/2022\/05\/logo-sta-christiana.png\" \/>\n\t<meta property=\"og:image:width\" content=\"1200\" \/>\n\t<meta property=\"og:image:height\" content=\"491\" \/>\n\t<meta property=\"og:image:type\" content=\"image\/png\" \/>\n<meta name=\"twitter:card\" content=\"summary_large_image\" \/>\n<meta name=\"twitter:label1\" content=\"Gesch\u00e4tzte Lesezeit\" \/>\n\t<meta name=\"twitter:data1\" content=\"2\u00a0Minuten\" \/>\n<script type=\"application\/ld+json\" class=\"yoast-schema-graph\">{\"@context\":\"https:\/\/schema.org\",\"@graph\":[{\"@type\":\"WebPage\",\"@id\":\"https:\/\/www.stachristiana.at\/hlw-rodaun\/was-wir-bieten\/aufbaulehrgang-fu%cc%88r-wirtschaftliche-berufe\",\"url\":\"https:\/\/www.stachristiana.at\/hlw-rodaun\/was-wir-bieten\/aufbaulehrgang-fu%cc%88r-wirtschaftliche-berufe\",\"name\":\"Aufbaulehrgang fu\u0308r wirtschaftliche Berufe - HLW Rodaun\",\"isPartOf\":{\"@id\":\"https:\/\/www.stachristiana.at\/hlw-rodaun\/#website\"},\"datePublished\":\"2022-06-23T18:30:41+00:00\",\"dateModified\":\"2023-04-27T08:09:40+00:00\",\"breadcrumb\":{\"@id\":\"https:\/\/www.stachristiana.at\/hlw-rodaun\/was-wir-bieten\/aufbaulehrgang-fu%cc%88r-wirtschaftliche-berufe#breadcrumb\"},\"inLanguage\":\"de\",\"potentialAction\":[{\"@type\":\"ReadAction\",\"target\":[\"https:\/\/www.stachristiana.at\/hlw-rodaun\/was-wir-bieten\/aufbaulehrgang-fu%cc%88r-wirtschaftliche-berufe\"]}]},{\"@type\":\"BreadcrumbList\",\"@id\":\"https:\/\/www.stachristiana.at\/hlw-rodaun\/was-wir-bieten\/aufbaulehrgang-fu%cc%88r-wirtschaftliche-berufe#breadcrumb\",\"itemListElement\":[{\"@type\":\"ListItem\",\"position\":1,\"name\":\"Start\",\"item\":\"https:\/\/www.stachristiana.at\/\"},{\"@type\":\"ListItem\",\"position\":2,\"name\":\"Was wir bieten\",\"item\":\"https:\/\/www.stachristiana.at\/hlw-rodaun\/was-wir-bieten\"},{\"@type\":\"ListItem\",\"position\":3,\"name\":\"Aufbaulehrgang fu\u0308r wirtschaftliche Berufe\"}]},{\"@type\":\"WebSite\",\"@id\":\"https:\/\/www.stachristiana.at\/hlw-rodaun\/#website\",\"url\":\"https:\/\/www.stachristiana.at\/hlw-rodaun\/\",\"name\":\"Sta. Christiana - HLW Rodaun\",\"description\":\"H\u00f6here Lehranstalt, Fachschule und Aufbaulehrgang f\u00fcr wirtschaftliche Berufe\",\"publisher\":{\"@id\":\"https:\/\/www.stachristiana.at\/hlw-rodaun\/#organization\"},\"alternateName\":\"Sta. Christiana\",\"potentialAction\":[{\"@type\":\"SearchAction\",\"target\":{\"@type\":\"EntryPoint\",\"urlTemplate\":\"https:\/\/www.stachristiana.at\/hlw-rodaun\/?s={search_term_string}\"},\"query-input\":{\"@type\":\"PropertyValueSpecification\",\"valueRequired\":true,\"valueName\":\"search_term_string\"}}],\"inLanguage\":\"de\"},{\"@type\":\"Organization\",\"@id\":\"https:\/\/www.stachristiana.at\/hlw-rodaun\/#organization\",\"name\":\"Sta. Christiana - Schulen zum Leben\",\"alternateName\":\"Sta. Christiana\",\"url\":\"https:\/\/www.stachristiana.at\/hlw-rodaun\/\",\"logo\":{\"@type\":\"ImageObject\",\"inLanguage\":\"de\",\"@id\":\"https:\/\/www.stachristiana.at\/hlw-rodaun\/#\/schema\/logo\/image\/\",\"url\":\"https:\/\/www.stachristiana.at\/app\/uploads\/sites\/2\/2022\/05\/logo-sta-christiana.png\",\"contentUrl\":\"https:\/\/www.stachristiana.at\/app\/uploads\/sites\/2\/2022\/05\/logo-sta-christiana.png\",\"width\":1200,\"height\":491,\"caption\":\"Sta. Christiana - Schulen zum Leben\"},\"image\":{\"@id\":\"https:\/\/www.stachristiana.at\/hlw-rodaun\/#\/schema\/logo\/image\/\"}}]}<\/script>\n<!-- \/ Yoast SEO plugin. -->","yoast_head_json":{"title":"Aufbaulehrgang fu\u0308r wirtschaftliche Berufe - HLW Rodaun","robots":{"index":"index","follow":"follow","max-snippet":"max-snippet:-1","max-image-preview":"max-image-preview:large","max-video-preview":"max-video-preview:-1"},"canonical":"https:\/\/www.stachristiana.at\/hlw-rodaun\/was-wir-bieten\/aufbaulehrgang-fu\u0308r-wirtschaftliche-berufe","og_locale":"de_DE","og_type":"article","og_title":"Aufbaulehrgang fu\u0308r wirtschaftliche Berufe - HLW Rodaun","og_description":"Der Aufbaulehrgang richtet sich je nach Ausbildungsschwerpunkt an Absolventinnen und Absolventen von Fachschulen f\u00fcr wirtschaftliche Berufe und&nbsp;Tourismusfachschulen (Schwerpunkt Medieninformatik) bzw. Handelsschulen, technischen Fachschulen, Fachschulen f\u00fcr Mode- und Bekleidungstechnik und Fachschulen f\u00fcr Sozialberufe (Schwerpunkt Ern\u00e4hrung, Gastronomie, Hotellerie).Ziel ist das Absolvieren der Reife- und Diplompr\u00fcfung.In einer intensiven dreij\u00e4hrigen Ausbildung im Aufbaulehrgang werden nicht nur eine umfassende Allgemeinbildung [&hellip;]","og_url":"https:\/\/www.stachristiana.at\/hlw-rodaun\/was-wir-bieten\/aufbaulehrgang-fu\u0308r-wirtschaftliche-berufe","og_site_name":"HLW Rodaun","article_modified_time":"2023-04-27T08:09:40+00:00","og_image":[{"width":1200,"height":491,"url":"https:\/\/www.stachristiana.at\/app\/uploads\/sites\/2\/2022\/05\/logo-sta-christiana.png","type":"image\/png"}],"twitter_card":"summary_large_image","twitter_misc":{"Gesch\u00e4tzte Lesezeit":"2\u00a0Minuten"},"schema":{"@context":"https:\/\/schema.org","@graph":[{"@type":"WebPage","@id":"https:\/\/www.stachristiana.at\/hlw-rodaun\/was-wir-bieten\/aufbaulehrgang-fu%cc%88r-wirtschaftliche-berufe","url":"https:\/\/www.stachristiana.at\/hlw-rodaun\/was-wir-bieten\/aufbaulehrgang-fu%cc%88r-wirtschaftliche-berufe","name":"Aufbaulehrgang fu\u0308r wirtschaftliche Berufe - HLW Rodaun","isPartOf":{"@id":"https:\/\/www.stachristiana.at\/hlw-rodaun\/#website"},"datePublished":"2022-06-23T18:30:41+00:00","dateModified":"2023-04-27T08:09:40+00:00","breadcrumb":{"@id":"https:\/\/www.stachristiana.at\/hlw-rodaun\/was-wir-bieten\/aufbaulehrgang-fu%cc%88r-wirtschaftliche-berufe#breadcrumb"},"inLanguage":"de","potentialAction":[{"@type":"ReadAction","target":["https:\/\/www.stachristiana.at\/hlw-rodaun\/was-wir-bieten\/aufbaulehrgang-fu%cc%88r-wirtschaftliche-berufe"]}]},{"@type":"BreadcrumbList","@id":"https:\/\/www.stachristiana.at\/hlw-rodaun\/was-wir-bieten\/aufbaulehrgang-fu%cc%88r-wirtschaftliche-berufe#breadcrumb","itemListElement":[{"@type":"ListItem","position":1,"name":"Start","item":"https:\/\/www.stachristiana.at\/"},{"@type":"ListItem","position":2,"name":"Was wir bieten","item":"https:\/\/www.stachristiana.at\/hlw-rodaun\/was-wir-bieten"},{"@type":"ListItem","position":3,"name":"Aufbaulehrgang fu\u0308r wirtschaftliche Berufe"}]},{"@type":"WebSite","@id":"https:\/\/www.stachristiana.at\/hlw-rodaun\/#website","url":"https:\/\/www.stachristiana.at\/hlw-rodaun\/","name":"Sta. Christiana - HLW Rodaun","description":"H\u00f6here Lehranstalt, Fachschule und Aufbaulehrgang f\u00fcr wirtschaftliche Berufe","publisher":{"@id":"https:\/\/www.stachristiana.at\/hlw-rodaun\/#organization"},"alternateName":"Sta. Christiana","potentialAction":[{"@type":"SearchAction","target":{"@type":"EntryPoint","urlTemplate":"https:\/\/www.stachristiana.at\/hlw-rodaun\/?s={search_term_string}"},"query-input":{"@type":"PropertyValueSpecification","valueRequired":true,"valueName":"search_term_string"}}],"inLanguage":"de"},{"@type":"Organization","@id":"https:\/\/www.stachristiana.at\/hlw-rodaun\/#organization","name":"Sta. Christiana - Schulen zum Leben","alternateName":"Sta. Christiana","url":"https:\/\/www.stachristiana.at\/hlw-rodaun\/","logo":{"@type":"ImageObject","inLanguage":"de","@id":"https:\/\/www.stachristiana.at\/hlw-rodaun\/#\/schema\/logo\/image\/","url":"https:\/\/www.stachristiana.at\/app\/uploads\/sites\/2\/2022\/05\/logo-sta-christiana.png","contentUrl":"https:\/\/www.stachristiana.at\/app\/uploads\/sites\/2\/2022\/05\/logo-sta-christiana.png","width":1200,"height":491,"caption":"Sta. Christiana - Schulen zum Leben"},"image":{"@id":"https:\/\/www.stachristiana.at\/hlw-rodaun\/#\/schema\/logo\/image\/"}}]}},"_links":{"self":[{"href":"https:\/\/www.stachristiana.at\/hlw-rodaun\/wp-json\/wp\/v2\/pages\/493","targetHints":{"allow":["GET"]}}],"collection":[{"href":"https:\/\/www.stachristiana.at\/hlw-rodaun\/wp-json\/wp\/v2\/pages"}],"about":[{"href":"https:\/\/www.stachristiana.at\/hlw-rodaun\/wp-json\/wp\/v2\/types\/page"}],"author":[{"embeddable":true,"href":"https:\/\/www.stachristiana.at\/hlw-rodaun\/wp-json\/wp\/v2\/users\/5"}],"replies":[{"embeddable":true,"href":"https:\/\/www.stachristiana.at\/hlw-rodaun\/wp-json\/wp\/v2\/comments?post=493"}],"version-history":[{"count":8,"href":"https:\/\/www.stachristiana.at\/hlw-rodaun\/wp-json\/wp\/v2\/pages\/493\/revisions"}],"predecessor-version":[{"id":1032,"href":"https:\/\/www.stachristiana.at\/hlw-rodaun\/wp-json\/wp\/v2\/pages\/493\/revisions\/1032"}],"up":[{"embeddable":true,"href":"https:\/\/www.stachristiana.at\/hlw-rodaun\/wp-json\/wp\/v2\/pages\/144"}],"wp:attachment":[{"href":"https:\/\/www.stachristiana.at\/hlw-rodaun\/wp-json\/wp\/v2\/media?parent=493"}],"curies":[{"name":"wp","href":"https:\/\/api.w.org\/{rel}","templated":true}]}}